{"id":4157,"date":"2018-06-24T11:11:24","date_gmt":"2018-06-24T09:11:24","guid":{"rendered":"https:\/\/dev-web.electrosuisse.ch\/inspektion-engineering\/zertifizierung\/blitzschutz-und-erdung\/"},"modified":"2023-07-25T11:20:10","modified_gmt":"2023-07-25T09:20:10","slug":"protezione-antifulmine-e-messa-a-terra","status":"publish","type":"page","link":"https:\/\/dev-web.electrosuisse.ch\/it\/ispezioni\/protezione-antifulmine-e-messa-a-terra\/","title":{"rendered":"Protezione antifulmine e messa a terra"},"content":{"rendered":"<div class=\"wpb-content-wrapper\"><p>[vc_row][vc_column][vc_column_text el_class=&#8221;lead&#8221;]I fulmini possono causare ingenti danni. Un sistema di protezione antifulmine devia la forte sovratensione generata dal fulmine e in tal modo salvaguarda gli edifici e i dispositivi tecnici da danni di grande entit\u00e0. Un impianto di messa a terra correttamente installato protegge la vita delle persone e contemporaneamente tutela i sensori pi\u00f9 sensibili.[\/vc_column_text]<div class=\"wpb_gap_column wpb_content_element\"><div class=\"wpb_wrapper\"><div class=\"gap gap--small\"><\/div><\/div><\/div>[vc_column_text]<\/p>\n<h3>Messa a terra, protezione antifulmine e contro le sovratensioni<\/h3>\n<p>I provvedimenti adottati in questi tre casi si sovrappongono gli uni agli altri. Una corretta protezione antifulmine include anche la messa a terra e l&#8217;equipotenzializzazione. Nell\u2019ambito della protezione degli impianti numerosi cantoni richiedono, attraverso le diverse assicurazioni di edifici, e prima che vengano avviati i lavori di costruzione, la presentazione di un progetto che illustri le misure previste per proteggere l\u2019impianto dai fulmini.<\/p>\n<p>Da ricordare a tal proposito: un edificio con un impianto fotovoltaico non deve necessariamente essere dotato di una protezione antifulmine. Nel caso di installazioni che rientrano nella classe di protezione 2, quasi sempre si rende necessaria l\u2019equipotenzializzazione del campo di moduli fotovoltaici fino al quadro di distribuzione principale. Le <a href=\"http:\/\/toolbox.electrosuisse.ch\/_files\/downloads\/__berarbeitung_der_Leits__tze_SEV_4022_2008.pdf\" target=\"_blank\" rel=\"noopener noreferrer\">direttive SN SEV 4022<\/a> prevedono che laddove vi sia una protezione antifulmine, \u00e8 necessario il corretto collegamento dell\u2019impianto solare al sistema di protezione antifulmine. Nel caso di edifici senza protezione antifulmine vanno adottati i necessari provvedimenti secondo la <a href=\"https:\/\/dev-web.electrosuisse.ch\/wp-content\/uploads\/2019\/06\/NIN_2015_BE_Corrigendum_2016_DE_4-1-1_.pdf\" target=\"_blank\" rel=\"noopener noreferrer\">NIBT capitolo 7.12.<\/a>[\/vc_column_text][\/vc_column][\/vc_row][vc_row el_id=&#8221;massnahmen&#8221;][vc_column][vc_column_text]<\/p>\n<h2>Adottate i giusti provvedimenti per le vostre costruzioni<\/h2>\n<p>L\u2019allestimento di un sistema di protezione antifulmine \u00e8 obbligatorio solo se previsto da disposizioni ufficiali o da altre prescrizioni di legge, altrimenti \u00e8 una decisione che spetta al proprietario dello stabile. Tuttavia, al momento della stipula di un\u2019assicurazione di edifici abitativi, l\u2019assicuratore pu\u00f2 richiedere l\u2019installazione di un sistema di protezione antifulmine.<\/p>\n<p>La progettazione e l\u2019installazione possono essere eseguite solo dagli esperti del settore. Fate controllare regolarmente il vostro impianto di protezione, il vostro installatore elettricista sar\u00e0 lieto di fornirvi ulteriori informazioni.<\/p>\n<p>Sulla base di un\u2019<a href=\"&#x6d;&#x61;&#x69;&#x6c;&#x74;&#x6f;&#x3a;&#97;&#108;&#97;&#105;&#110;&#46;sch&#x77;&#x61;&#x62;&#x40;&#x65;&#x6c;&#x65;&#x63;&#116;&#114;&#111;&#115;&#117;isse&#x2e;&#x63;&#x68;\">analisi del rischio<\/a> creiamo un progetto di protezione antifulmine e messa a terra, adeguato ai requisiti dell\u2019immobile e tenendo conto degli specifici aspetti tecnici ed economici.[\/vc_column_text]<div class=\"wpb_gap_column wpb_content_element\"><div class=\"wpb_wrapper\"><div class=\"gap gap--small\"><\/div><\/div><\/div><div class=\"wpb_document_column wpb_content_element\"><div class=\"wpb_wrapper\"><div class=\"document document--pdf\"><a href=\"https:\/\/dev-web.electrosuisse.ch\/wp-content\/uploads\/2019\/03\/Electrosuisse_Blitzeschutz_Broschuere.pdf\" target=\"_blank\" rel=\"noopener\">Opuscolo \u00abBlitze - So k\u00f6nnen Sie sich sch\u00fctzen\u00bb<\/a><\/div><\/div><\/div>[\/vc_column][\/vc_row][vc_row el_id=&#8221;kontakt&#8221;][vc_column][vc_column_text]<\/p>\n<h2>Contatto<\/h2>\n<p>[\/vc_column_text]<div class=\"wpb_contact_column wpb_content_element wpb_content_element--left\"><div class=\"wpb_wrapper\"><div class=\"contact_container\"><div class=\"contact row middle-xs\"><div class=\"contact__img col-sm-5 col-xs-12\"><img decoding=\"async\" src=\"https:\/\/dev-web.electrosuisse.ch\/wp-content\/uploads\/2023\/02\/Schellenberg-Marcel.jpg\" alt=\"Marcel Schellenberg - Ingegnere consulente\" \/><\/div><div class=\"contact__info col-sm-7 col-xs-12\"><p><b>Marcel Schellenberg<\/b><br>Ingegnere consulente<\/p><div class=\"phone has-link\"><a href=\"tel:+41585951568\">+41 58 595 15 68<\/a><\/div><div class=\"mail has-link\"><a href=\"mailto:&#109;&#x61;&#x72;&#99;&#x65;&#x6c;&#46;&#x73;&#x63;&#104;&#x65;&#x6c;&#108;&#x65;&#x6e;&#98;&#x65;&#x72;&#103;&#x40;&#x65;&#108;&#x65;&#x63;&#116;&#x72;&#x6f;s&#x75;&#x69;s&#x73;&#x65;&#46;&#99;&#x68;\">marcel.schellenberg@<br>electrosuisse.ch<\/a><\/div><\/div><\/div><\/div><\/div><\/div>[\/vc_column][\/vc_row][vc_row][vc_column][vc_column_text]<\/p>\n<h3>Ricerca, protezione e formazione sui fulmini<\/h3>\n<p>[\/vc_column_text]<div class=\"wpb_text_image_column wpb_content_element \"><div class=\"wpb_wrapper\"><div class=\"row middle-lg\"><div class=\"col-sm-6 col-xs-12\"><div class=\"picture_container\"><picture><source srcset=\"https:\/\/dev-web.electrosuisse.ch\/wp-content\/uploads\/2019\/03\/Electrosuisse_Blitzforschung-1-585x500.jpg\"><img decoding=\"async\" src=\"https:\/\/dev-web.electrosuisse.ch\/wp-content\/uploads\/2019\/03\/Electrosuisse_Blitzforschung-1-585x500.jpg\" alt=\"Pionieri della ricerca sui fulmini\" \/><\/picture><\/div><\/div><div class=\"col-sm-6 col-xs-12\"><h3>Pionieri della ricerca sui fulmini<\/h3><p>Nel 1926 la SEV ha avviato i primi passi nella ricerca sui fulmini, analizzando i fenomeni repentini e peculiari che si verificano nelle reti elettriche. Per queste attivit\u00e0 la Svizzera ha ottenuto un riconoscimento a livello mondiale. Con il suo impiego la SEV ha avviato nel 1937 la fondazione della commissione di ricerca della SEV e della ASE per le questioni inerenti all\u2019alta tensione (FKH).<\/p>\n<div class=\"button button--normal\"><a href=\"https:\/\/hvl.ee.ethz.ch\/\" target=\"_blank\" rel=\"noopener\">ETH High Voltage Laboratory<\/a><\/div><\/div><\/div><\/div><\/div>[\/vc_column][\/vc_row][vc_row][vc_column][vc_column_text]La questione delle messe a terra viene trattata da diversi comitati a livello internazionale ed \u00e8 per questo motivo che il Comitato tecnico (CT) mantiene stretti contatti con altri CT:<\/p>\n<ul>\n<li>CT 64 &#8211; Installazioni elettriche e protezione contro gli shock elettrici<\/li>\n<li>CT 81 &#8211; Protezione antifulmine<\/li>\n<li>CT 99 &#8211; Impianti a corrente forte superiore a 1 kV AC (1,5 kV DC)<\/li>\n<\/ul>\n<p>[\/vc_column_text]<div class=\"wpb_gap_column wpb_content_element\"><div class=\"wpb_wrapper\"><div class=\"gap gap--small\"><\/div><\/div><\/div><div class=\"wpb_text_image_column wpb_content_element \"><div class=\"wpb_wrapper\"><div class=\"row middle-lg\"><div class=\"col-sm-6 col-xs-12\"><div class=\"picture_container\"><picture><source srcset=\"https:\/\/dev-web.electrosuisse.ch\/wp-content\/uploads\/2019\/03\/Electrosuisse_Blitzeinschlag_Strommast_storm-605464_1920-e1552683207884-585x500.jpg\"><img decoding=\"async\" src=\"https:\/\/dev-web.electrosuisse.ch\/wp-content\/uploads\/2019\/03\/Electrosuisse_Blitzeinschlag_Strommast_storm-605464_1920-e1552683207884-585x500.jpg\" alt=\"Corso di ripetizione per esperti di protezione antifulmine\" \/><\/picture><\/div><\/div><div class=\"col-sm-6 col-xs-12\"><h3>Corso di ripetizione per esperti di protezione antifulmine<\/h3><p>Il corso \u00e8 riconosciuto dalla AICAA (Associazione degli istituti cantonali di assicurazione antincendio) come corso di perfezionamento. Usufruite dello sconto riservato ai membri di Electrosuisse.<\/p>\n<div class=\"button button--normal\"><a href=\"https:\/\/dev-web.electrosuisse.ch\/de\/shop-neu\/shop-kurse-und-veranstaltungen\/kurse\/kursdetail.html?tx_kidsshopadvanced_product%5bproduct%5d=122100025296024&tx_kidsshopadvanced_product%5btemplate%5d=43910097970793253&cHash=b5fac9729cba2da619d75377a4a0ca70\" target=\"_blank\" rel=\"noopener\">Dettagli del corso<\/a><\/div><\/div><\/div><\/div><\/div><div class=\"wpb_gap_column wpb_content_element\"><div class=\"wpb_wrapper\"><div class=\"gap gap--small\"><\/div><\/div><\/div>[vc_column_text]I nostri membri usufruiscono di molteplici vantaggi[\/vc_column_text]<div class=\"wpb_button_column wpb_content_element wpb_content_element--left\"><div class=\"wpb_wrapper\"><div class=\"button button--normal\"><a href=\"https:\/\/dev-web.electrosuisse.ch\/it\/adesione-individuale\/\">Scoprite di pi\u00f9 a riguardo<\/a><\/div><\/div><\/div>[\/vc_column][\/vc_row]<\/p>\n<\/div>","protected":false},"excerpt":{"rendered":"<p>[vc_row][vc_column][vc_column_text el_class=&#8221;lead&#8221;]I fulmini possono causare ingenti danni. Un sistema di protezione antifulmine devia la forte sovratensione generata dal fulmine e in tal modo salvaguarda gli edifici e i dispositivi tecnici da danni di grande entit\u00e0. Un impianto di messa a terra correttamente installato protegge la vita delle persone e contemporaneamente tutela i sensori pi\u00f9 sensibili.[\/vc_column_text][vc_column_text] [&hellip;]<\/p>\n","protected":false},"author":33,"featured_media":0,"parent":26906,"menu_order":177,"comment_status":"closed","ping_status":"closed","template":"","meta":{"_acf_changed":false,"footnotes":""},"class_list":["post-4157","page","type-page","status-publish","hentry"],"acf":[],"yoast_head":"<!-- This site is optimized with the Yoast SEO Premium plugin v25.1 (Yoast SEO v25.1) - https:\/\/yoast.com\/wordpress\/plugins\/seo\/ -->\n<title>Efficace protezione antifulmine di Electrosuisse<\/title>\n<meta name=\"description\" content=\"Un sistema di protezione antifulmine devia la forte sovratensione generata dal fulmine e in tal modo salvaguarda gli edifici e i dispositivi tecnici da danni di grande entit\u00e0.\" \/>\n<meta name=\"robots\" content=\"noindex, follow, max-snippet:-1, max-image-preview:large, max-video-preview:-1\" \/>\n<meta property=\"og:locale\" content=\"it_IT\" \/>\n<meta property=\"og:type\" content=\"article\" \/>\n<meta property=\"og:title\" content=\"Efficace protezione antifulmine di Electrosuisse\" \/>\n<meta property=\"og:description\" content=\"Un sistema di protezione antifulmine devia la forte sovratensione generata dal fulmine e in tal modo salvaguarda gli edifici e i dispositivi tecnici da danni di grande entit\u00e0.\" \/>\n<meta property=\"og:url\" content=\"https:\/\/dev-web.electrosuisse.ch\/it\/ispezioni\/protezione-antifulmine-e-messa-a-terra\/\" \/>\n<meta property=\"og:site_name\" content=\"Electrosuisse\" \/>\n<meta property=\"article:modified_time\" content=\"2023-07-25T09:20:10+00:00\" \/>\n<meta property=\"og:image\" content=\"https:\/\/dev-web.electrosuisse.ch\/wp-content\/uploads\/2019\/03\/Electrosuisse_Blitzschutz_Gewitter_Strommast-423200-unsplash.jpg\" \/>\n\t<meta property=\"og:image:width\" content=\"1578\" \/>\n\t<meta property=\"og:image:height\" content=\"650\" \/>\n\t<meta property=\"og:image:type\" content=\"image\/jpeg\" \/>\n<script type=\"application\/ld+json\" class=\"yoast-schema-graph\">{\"@context\":\"https:\/\/schema.org\",\"@graph\":[{\"@type\":\"WebPage\",\"@id\":\"https:\/\/dev-web.electrosuisse.ch\/it\/ispezioni\/protezione-antifulmine-e-messa-a-terra\/\",\"url\":\"https:\/\/dev-web.electrosuisse.ch\/it\/ispezioni\/protezione-antifulmine-e-messa-a-terra\/\",\"name\":\"Efficace protezione antifulmine di Electrosuisse\",\"isPartOf\":{\"@id\":\"https:\/\/dev-web.electrosuisse.ch\/it\/#website\"},\"datePublished\":\"2018-06-24T09:11:24+00:00\",\"dateModified\":\"2023-07-25T09:20:10+00:00\",\"description\":\"Un sistema di protezione antifulmine devia la forte sovratensione generata dal fulmine e in tal modo salvaguarda gli edifici e i dispositivi tecnici da danni di grande entit\u00e0.\",\"breadcrumb\":{\"@id\":\"https:\/\/dev-web.electrosuisse.ch\/it\/ispezioni\/protezione-antifulmine-e-messa-a-terra\/#breadcrumb\"},\"inLanguage\":\"it-IT\",\"potentialAction\":[{\"@type\":\"ReadAction\",\"target\":[\"https:\/\/dev-web.electrosuisse.ch\/it\/ispezioni\/protezione-antifulmine-e-messa-a-terra\/\"]}]},{\"@type\":\"BreadcrumbList\",\"@id\":\"https:\/\/dev-web.electrosuisse.ch\/it\/ispezioni\/protezione-antifulmine-e-messa-a-terra\/#breadcrumb\",\"itemListElement\":[{\"@type\":\"ListItem\",\"position\":1,\"name\":\"Ispezioni\",\"item\":\"https:\/\/dev-web.electrosuisse.ch\/it\/ispezioni\/\"},{\"@type\":\"ListItem\",\"position\":2,\"name\":\"Protezione antifulmine e messa a terra\"}]},{\"@type\":\"WebSite\",\"@id\":\"https:\/\/dev-web.electrosuisse.ch\/it\/#website\",\"url\":\"https:\/\/dev-web.electrosuisse.ch\/it\/\",\"name\":\"Electrosuisse\",\"description\":\"\",\"publisher\":{\"@id\":\"https:\/\/dev-web.electrosuisse.ch\/it\/#organization\"},\"potentialAction\":[{\"@type\":\"SearchAction\",\"target\":{\"@type\":\"EntryPoint\",\"urlTemplate\":\"https:\/\/dev-web.electrosuisse.ch\/it\/?s={search_term_string}\"},\"query-input\":{\"@type\":\"PropertyValueSpecification\",\"valueRequired\":true,\"valueName\":\"search_term_string\"}}],\"inLanguage\":\"it-IT\"},{\"@type\":\"Organization\",\"@id\":\"https:\/\/dev-web.electrosuisse.ch\/it\/#organization\",\"name\":\"Electrosuisse\",\"url\":\"https:\/\/dev-web.electrosuisse.ch\/it\/\",\"logo\":{\"@type\":\"ImageObject\",\"inLanguage\":\"it-IT\",\"@id\":\"https:\/\/dev-web.electrosuisse.ch\/it\/#\/schema\/logo\/image\/\",\"url\":\"https:\/\/dev-web.electrosuisse.ch\/wp-content\/uploads\/2025\/04\/Electrosuisse_Logo_696x696.png\",\"contentUrl\":\"https:\/\/dev-web.electrosuisse.ch\/wp-content\/uploads\/2025\/04\/Electrosuisse_Logo_696x696.png\",\"width\":696,\"height\":696,\"caption\":\"Electrosuisse\"},\"image\":{\"@id\":\"https:\/\/dev-web.electrosuisse.ch\/it\/#\/schema\/logo\/image\/\"},\"sameAs\":[\"https:\/\/www.linkedin.com\/company\/electrosuisse-ag\/posts\/?feedView=all\",\"https:\/\/www.instagram.com\/electrosuisse1889\/\",\"https:\/\/www.youtube.com\/channel\/UCoOxohMiVE0Gjcdis1L09zw\"],\"description\":\"Electrosuisse ist eine anerkannte und unabh\u00e4ngige Fachorganisation, die erstklassige Dienstleistungen und Produkte in den Bereichen Inspektion, Beratung, Pr\u00fcfung, Zertifizierung, Normung und Weiterbildung anbietet. Unsere Expertise umfasst Elektrotechnik, Elektromobilit\u00e4t, Energieberatung, Geb\u00e4udeautomation und Photovoltaik in der Schweiz. Durch die Veranstaltung etablierter Branchen-Events und Fachtagungen f\u00f6rdert Electrosuisse den Wissenstransfer und den fachlichen Austausch. Im Mittelpunkt unserer T\u00e4tigkeiten steht die F\u00f6rderung der sicheren, wirtschaftlichen und umweltgerechten Anwendung der Elektrotechnik.\"}]}<\/script>\n<!-- \/ Yoast SEO Premium plugin. -->","yoast_head_json":{"title":"Efficace protezione antifulmine di Electrosuisse","description":"Un sistema di protezione antifulmine devia la forte sovratensione generata dal fulmine e in tal modo salvaguarda gli edifici e i dispositivi tecnici da danni di grande entit\u00e0.","robots":{"index":"noindex","follow":"follow","max-snippet":"max-snippet:-1","max-image-preview":"max-image-preview:large","max-video-preview":"max-video-preview:-1"},"og_locale":"it_IT","og_type":"article","og_title":"Efficace protezione antifulmine di Electrosuisse","og_description":"Un sistema di protezione antifulmine devia la forte sovratensione generata dal fulmine e in tal modo salvaguarda gli edifici e i dispositivi tecnici da danni di grande entit\u00e0.","og_url":"https:\/\/dev-web.electrosuisse.ch\/it\/ispezioni\/protezione-antifulmine-e-messa-a-terra\/","og_site_name":"Electrosuisse","article_modified_time":"2023-07-25T09:20:10+00:00","og_image":[{"width":1578,"height":650,"url":"https:\/\/dev-web.electrosuisse.ch\/wp-content\/uploads\/2019\/03\/Electrosuisse_Blitzschutz_Gewitter_Strommast-423200-unsplash.jpg","type":"image\/jpeg"}],"schema":{"@context":"https:\/\/schema.org","@graph":[{"@type":"WebPage","@id":"https:\/\/dev-web.electrosuisse.ch\/it\/ispezioni\/protezione-antifulmine-e-messa-a-terra\/","url":"https:\/\/dev-web.electrosuisse.ch\/it\/ispezioni\/protezione-antifulmine-e-messa-a-terra\/","name":"Efficace protezione antifulmine di Electrosuisse","isPartOf":{"@id":"https:\/\/dev-web.electrosuisse.ch\/it\/#website"},"datePublished":"2018-06-24T09:11:24+00:00","dateModified":"2023-07-25T09:20:10+00:00","description":"Un sistema di protezione antifulmine devia la forte sovratensione generata dal fulmine e in tal modo salvaguarda gli edifici e i dispositivi tecnici da danni di grande entit\u00e0.","breadcrumb":{"@id":"https:\/\/dev-web.electrosuisse.ch\/it\/ispezioni\/protezione-antifulmine-e-messa-a-terra\/#breadcrumb"},"inLanguage":"it-IT","potentialAction":[{"@type":"ReadAction","target":["https:\/\/dev-web.electrosuisse.ch\/it\/ispezioni\/protezione-antifulmine-e-messa-a-terra\/"]}]},{"@type":"BreadcrumbList","@id":"https:\/\/dev-web.electrosuisse.ch\/it\/ispezioni\/protezione-antifulmine-e-messa-a-terra\/#breadcrumb","itemListElement":[{"@type":"ListItem","position":1,"name":"Ispezioni","item":"https:\/\/dev-web.electrosuisse.ch\/it\/ispezioni\/"},{"@type":"ListItem","position":2,"name":"Protezione antifulmine e messa a terra"}]},{"@type":"WebSite","@id":"https:\/\/dev-web.electrosuisse.ch\/it\/#website","url":"https:\/\/dev-web.electrosuisse.ch\/it\/","name":"Electrosuisse","description":"","publisher":{"@id":"https:\/\/dev-web.electrosuisse.ch\/it\/#organization"},"potentialAction":[{"@type":"SearchAction","target":{"@type":"EntryPoint","urlTemplate":"https:\/\/dev-web.electrosuisse.ch\/it\/?s={search_term_string}"},"query-input":{"@type":"PropertyValueSpecification","valueRequired":true,"valueName":"search_term_string"}}],"inLanguage":"it-IT"},{"@type":"Organization","@id":"https:\/\/dev-web.electrosuisse.ch\/it\/#organization","name":"Electrosuisse","url":"https:\/\/dev-web.electrosuisse.ch\/it\/","logo":{"@type":"ImageObject","inLanguage":"it-IT","@id":"https:\/\/dev-web.electrosuisse.ch\/it\/#\/schema\/logo\/image\/","url":"https:\/\/dev-web.electrosuisse.ch\/wp-content\/uploads\/2025\/04\/Electrosuisse_Logo_696x696.png","contentUrl":"https:\/\/dev-web.electrosuisse.ch\/wp-content\/uploads\/2025\/04\/Electrosuisse_Logo_696x696.png","width":696,"height":696,"caption":"Electrosuisse"},"image":{"@id":"https:\/\/dev-web.electrosuisse.ch\/it\/#\/schema\/logo\/image\/"},"sameAs":["https:\/\/www.linkedin.com\/company\/electrosuisse-ag\/posts\/?feedView=all","https:\/\/www.instagram.com\/electrosuisse1889\/","https:\/\/www.youtube.com\/channel\/UCoOxohMiVE0Gjcdis1L09zw"],"description":"Electrosuisse ist eine anerkannte und unabh\u00e4ngige Fachorganisation, die erstklassige Dienstleistungen und Produkte in den Bereichen Inspektion, Beratung, Pr\u00fcfung, Zertifizierung, Normung und Weiterbildung anbietet. Unsere Expertise umfasst Elektrotechnik, Elektromobilit\u00e4t, Energieberatung, Geb\u00e4udeautomation und Photovoltaik in der Schweiz. Durch die Veranstaltung etablierter Branchen-Events und Fachtagungen f\u00f6rdert Electrosuisse den Wissenstransfer und den fachlichen Austausch. Im Mittelpunkt unserer T\u00e4tigkeiten steht die F\u00f6rderung der sicheren, wirtschaftlichen und umweltgerechten Anwendung der Elektrotechnik."}]}},"_links":{"self":[{"href":"https:\/\/dev-web.electrosuisse.ch\/it\/wp-json\/wp\/v2\/pages\/4157","targetHints":{"allow":["GET"]}}],"collection":[{"href":"https:\/\/dev-web.electrosuisse.ch\/it\/wp-json\/wp\/v2\/pages"}],"about":[{"href":"https:\/\/dev-web.electrosuisse.ch\/it\/wp-json\/wp\/v2\/types\/page"}],"author":[{"embeddable":true,"href":"https:\/\/dev-web.electrosuisse.ch\/it\/wp-json\/wp\/v2\/users\/33"}],"replies":[{"embeddable":true,"href":"https:\/\/dev-web.electrosuisse.ch\/it\/wp-json\/wp\/v2\/comments?post=4157"}],"version-history":[{"count":8,"href":"https:\/\/dev-web.electrosuisse.ch\/it\/wp-json\/wp\/v2\/pages\/4157\/revisions"}],"predecessor-version":[{"id":31483,"href":"https:\/\/dev-web.electrosuisse.ch\/it\/wp-json\/wp\/v2\/pages\/4157\/revisions\/31483"}],"up":[{"embeddable":true,"href":"https:\/\/dev-web.electrosuisse.ch\/it\/wp-json\/wp\/v2\/pages\/26906"}],"wp:attachment":[{"href":"https:\/\/dev-web.electrosuisse.ch\/it\/wp-json\/wp\/v2\/media?parent=4157"}],"curies":[{"name":"wp","href":"https:\/\/api.w.org\/{rel}","templated":true}]}}