{"id":4143,"date":"2018-06-24T11:09:44","date_gmt":"2018-06-24T09:09:44","guid":{"rendered":"https:\/\/dev-web.electrosuisse.ch\/inspektion-engineering\/realisation\/sicherheitskonzepte\/"},"modified":"2022-12-13T10:13:36","modified_gmt":"2022-12-13T09:13:36","slug":"piani-di-sicurezza","status":"publish","type":"page","link":"https:\/\/dev-web.electrosuisse.ch\/it\/ispezioni\/piani-di-sicurezza\/","title":{"rendered":"Piani di sicurezza"},"content":{"rendered":"<div class=\"wpb-content-wrapper\"><p>[vc_row][vc_column][vc_column_text el_class=&#8221;lead&#8221;]<\/p>\n<h1>Lavoro organizzato e in tutta sicurezza<\/h1>\n<p>Un compito importante che spetta a ciascun responsabile dell\u2019esercizio \u00e8 quello di garantire la gestione efficace e sicura degli impianti elettrici. Gli infortuni provocati dall&#8217;elettricit\u00e0 possono avere gravi conseguenze e il rischio di perdere la vita \u00e8 cinquanta volte superiore rispetto ad altri tipi di infortunio. Ad esserne vittime sono soprattutto gli addetti ai lavori.[\/vc_column_text][vc_column_text]Con il piano di sicurezza definite le responsabilit\u00e0 di gestione e contribuite a incentivare un uso accorto degli impianti elettrici.<\/p>\n<h3>A tale scopo vi forniamo il nostro supporto nella<\/h3>\n<ul>\n<li>elaborazione di un piano di sicurezza<\/li>\n<li>compilazione di istruzioni vincolanti per il vostro personale<\/li>\n<li>definizione delle responsabilit\u00e0<\/li>\n<li>elaborazione di piani di formazione e<\/li>\n<li>definizione dei necessari provvedimenti<\/li>\n<\/ul>\n<p>Al contempo avrete la possibilit\u00e0 di monitorare la qualit\u00e0 della manutenzione dei vostri impianti discutendone gli aspetti tecnici. Avrete cos\u00ec modo di scoprire se i provvedimenti da voi adottati rispondono sufficientemente ai requisiti di legge e in materia di sicurezza tecnica.[\/vc_column_text]<div class=\"wpb_contact_column wpb_content_element wpb_content_element--left\"><div class=\"wpb_wrapper\"><div class=\"contact_container\"><div class=\"contact row middle-xs\"><div class=\"contact__img col-sm-5 col-xs-12\"><img decoding=\"async\" src=\"\/wp-content\/themes\/SCHMUCKI_child\/img\/contact_placeholder.jpg\" alt=\"Christian Frei\" \/><\/div><div class=\"contact__info col-sm-7 col-xs-12\"><p><b>Christian Frei<\/b><br>Ingegnere consulente<\/p><div class=\"phone has-link\"><a href=\"tel:+41585951111\">+41 58 595 11 11<\/a><\/div><div class=\"mail has-link\"><a href=\"mailto:&#x63;&#x68;&#114;&#105;s&#x74;&#x69;&#x61;&#110;&#46;f&#x72;&#x65;&#x69;&#64;&#101;l&#x65;&#x63;&#x74;&#114;&#111;s&#x75;&#x69;&#x73;&#115;e&#46;&#x63;&#x68;\">christian.frei@<br>electrosuisse.ch<\/a><\/div><\/div><\/div><\/div><\/div><\/div>[\/vc_column][\/vc_row][vc_row][vc_column]<div class=\"wpb_gap_column wpb_content_element\"><div class=\"wpb_wrapper\"><div class=\"gap gap--small\"><\/div><\/div><\/div>[vc_column_text]Assieme alla Suva, i rappresentanti dell\u2019industria elettrica hanno lanciato una campagna di prevenzione per i professionisti del settore. Troverete ulteriori informazioni sul <a href=\"https:\/\/www.suva.ch\/de-ch\/praevention\/sachthemen\/elektrizitaet#uxlibrary-lwrslider=1\">sito della Suva<\/a>.<\/p>\n<h5>Le \u201c5 + 5 regole vitali per chi lavora con l\u2019elettricit\u00e0\u201d, pieghevole<\/h5>\n<p>[\/vc_column_text]<div class=\"wpb_button_column wpb_content_element wpb_content_element--left\"><div class=\"wpb_wrapper\"><div class=\"button button--ghost\"><a href=\"https:\/\/www.suva.ch\/de-CH\/material\/Sicherheitsregeln-Tipps\/5-5-lebenswichtige-regeln-im-umgang-mit-elektrizitaet-faltprospekt-84042d-38425-38425\/\" target=\"_blank\" >Scarica l\u2019opuscolo<\/a><\/div><\/div><\/div><div class=\"wpb_gap_column wpb_content_element\"><div class=\"wpb_wrapper\"><div class=\"gap gap--small\"><\/div><\/div><\/div><div class=\"wpb_video_column wpb_content_element\"><div class=\"wpb_wrapper\"><div class=\"video_container video_container--embed\"><iframe src=\"https:\/\/www.youtube-nocookie.com\/embed\/gPsQ1ZiI3tQ?modestbranding=1&rel=0&showinfo=0\" frameborder=\"0\" allow=\"accelerometer; autoplay; encrypted-media; gyroscope; picture-in-picture\" allowfullscreen><\/iframe><\/div><\/div><\/div>[\/vc_column][\/vc_row][vc_row][vc_column]<div class=\"wpb_accordion_column wpb_content_element\"><div class=\"wpb_wrapper\"><div class=\"fake_accordion\"><div class=\"row\"><div class=\"col-sm-5\"><div class=picture_container><img decoding=\"async\" src=\"https:\/\/dev-web.electrosuisse.ch\/wp-content\/uploads\/2018\/12\/sichere_elektrozitaet_electrosuisse-585x345.jpg\" alt=\"Uso sicuro dell\u2019elettricit\u00e0 incl. corso intensivo di rianimazione (BLS-AED-SRC compatto)\" \/><\/div><\/div><div class=\"col-sm-7\"><h3>Uso sicuro dell\u2019elettricit\u00e0 incl. corso intensivo di rianimazione (BLS-AED-SRC compatto)<\/h3><p>Proprio perch\u00e9 l\u2019elettricit\u00e0 \u00e8 un concetto piuttosto astratto e pur tuttavia ovvio, che gli effetti vengono spesso sottovalutati \u2013 fino a quando \u00e8 ormai troppo tardi.<\/p>\n<div class=\"button button--ghost\"><a href=\"https:\/\/shop.electrosuisse.ch\/de\/Sicherer-Umgang-mit-Elektrizitaet-inkl.-Kompaktkur-2198.html\">Date del corso<\/a><\/div><\/div><\/div><\/div><div class=\"fake_accordion\"><div class=\"row\"><div class=\"col-sm-5\"><div class=picture_container><img decoding=\"async\" src=\"https:\/\/dev-web.electrosuisse.ch\/wp-content\/uploads\/2019\/03\/Electrosuisse_Reanimation_Kurs_attrappe-ausbildung-cpr-1282317-585x345.jpg\" alt=\"Corso di base di rianimazione (BLS-AED-SRC completo)\" \/><\/div><\/div><div class=\"col-sm-7\"><h3>Corso di base di rianimazione (BLS-AED-SRC completo)<\/h3><p>Nella catena del soccorso \u00e8 decisivo quello che accade durante il primo quarto d\u2019ora fino all\u2019arrivo del personale medico. In caso di emergenza l\u2019importante \u00e8 reagire prontamente!<\/p>\n<div class=\"button button--ghost\"><a href=\"https:\/\/shop.electrosuisse.ch\/de\/Reanimations-Grundkurs-_BLS-AED-SRC-Komplett_-2353.html\">Date del corso<\/a><\/div><\/div><\/div><\/div><div class=\"fake_accordion\"><div class=\"row\"><div class=\"col-sm-5\"><div class=picture_container><img decoding=\"async\" src=\"https:\/\/dev-web.electrosuisse.ch\/wp-content\/uploads\/2019\/03\/Electrosuisse_Erste_Hilfe_ambulance-970037_1920-585x345.jpg\" alt=\"Altri corsi\" \/><\/div><\/div><div class=\"col-sm-7\"><h3>Altri corsi<\/h3><p>Secondo l\u2019art. 75 dell\u2019Ordinanza sulla corrente forte, i lavori devono essere poter eseguiti in totale sicurezza; lo stesso dicasi anche per il pronto soccorso sul luogo dell\u2019infortunio. Offriamo corsi di base, intensivi e di ripasso.<\/p>\n<div class=\"button button--ghost\"><a href=\"https:\/\/shop.electrosuisse.ch\/it\/formazione-continua\/corsi\/\">Tutti i corsi<\/a><\/div><\/div><\/div><\/div><\/div><\/div>[\/vc_column][\/vc_row][vc_row][vc_column][vc_row_inner][vc_column_inner width=&#8221;1\/2&#8243;][vc_column_text]<\/p>\n<h4><strong>Non dimenticate l\u2019equipaggiamento di protezione<\/strong><\/h4>\n<p>Sebbene ci si pensi raramente, gli elettricisti hanno spesso a che fare con situazioni altamente rischiose. I fatti tuttavia parlano chiaro: oltre 500 professionisti all\u2019anno devono recarsi dal medico o in un ospedale a causa di un infortunio legato all\u2019elettricit\u00e0. Per evitare questi infortuni, l\u2019attrezzatura di protezione personale svolge un ruolo centrale.[\/vc_column_text]<div class=\"wpb_button_column wpb_content_element wpb_content_element--left\"><div class=\"wpb_wrapper\"><div class=\"button button--ghost\"><a href=\"https:\/\/www.bulletin.ch\/de\/news-detail\/schutzausruestung-nicht-vergessen.html\" target=\"_blank\" >Leggi l\u2019articolo in bulletin.ch (tedesco)<\/a><\/div><\/div><\/div>[\/vc_column_inner][vc_column_inner width=&#8221;1\/2&#8243;][vc_column_text]<\/p>\n<h4><strong>Infortuni causati dall\u2019elettricit\u00e0 nel 2017<\/strong><\/h4>\n<p>Mentre il numero di incidenti gravi continua a diminuire &#8211; infatti non si \u00e8 registrato nessun infortunio mortale sul lavoro, ma ben 8 casi di decesso in ambito domestico &#8211; il numero totale di incidenti segnalati all&#8217;ESTI nel 2017 \u00e8 leggermente aumentato rispetto all&#8217;anno precedente. Nel caso di infortuni professionali gravi e mortali causati dall\u2019elettricit\u00e0, la campagna \u00abElettricit\u00e0 sicura\u00bb della Suva ha fornito con le sue 5 + 5 regole vitali un importante contributo alla prevenzione degli infortuni.[\/vc_column_text]<div class=\"wpb_button_column wpb_content_element wpb_content_element--left\"><div class=\"wpb_wrapper\"><div class=\"button button--ghost\"><a href=\"https:\/\/www.bulletin.ch\/de\/news-detail\/elektrounfaelle-2017.html\" target=\"_blank\" >Leggi l\u2019articolo in bulletin.ch (tedesco)<\/a><\/div><\/div><\/div>[\/vc_column_inner][\/vc_row_inner]<div class=\"wpb_gap_column wpb_content_element\"><div class=\"wpb_wrapper\"><div class=\"gap gap--small\"><\/div><\/div><\/div>[vc_column_text]<\/p>\n<h4>Un infortunio non \u00e8 accidentale, bens\u00ec viene causato.<\/h4>\n<p>Josef Schmucki \u00e8 un installatore elettricista diplomato ed esperto di installazioni a bassa tensione. Nell\u2019intervista ci racconta della sua attivit\u00e0 presso Electrosuisse e come tutelarsi al meglio dagli infortuni nello svolgimento della propria attivit\u00e0 professionale. (Journal | Winterhalter + Fenner AG)[\/vc_column_text]<div class=\"wpb_button_column wpb_content_element wpb_content_element--left\"><div class=\"wpb_wrapper\"><div class=\"button button--ghost\"><a href=\"http:\/\/www.w-f.ch\/mam_wfch\/eh\/aktuelles\/journal\/aktuelle_ausgabe\/17\/interview_journal_0317_de.pdf\" target=\"_blank\" >Vai all\u2019intervista<\/a><\/div><\/div><\/div>[vc_column_text]<\/p>\n<h2 class=\"title style-scope ytd-video-primary-info-renderer\">Lavorare sotto tensione \u2013 Abbigliamento di protezione<\/h2>\n<p>Chi viene accidentalmente attraversato da una scarica elettrica pu\u00f2 cadere a terra dopo aver perso i sensi e subire vari tipi di lesione. Gli archi voltaici inoltre possono causare gravi ustioni. Per proteggersi da queste evenienze, diversi produttori offrono svariati tipi di equipaggiamenti di protezione. Quali DPI devono essere indossati e in quali occasioni? <a href=\"https:\/\/www.esti.admin.ch\/inhalte\/pdf\/Uebrige\/Deutsch\/2016_2015\/2015-12_psa_d.pdf\" target=\"_blank\" rel=\"noopener noreferrer\">Articolo dell\u2019ESTI in bulletin.ch<\/a>[\/vc_column_text]<div class=\"wpb_button_column wpb_content_element wpb_content_element--left\"><div class=\"wpb_wrapper\"><div class=\"button button--normal\"><a href=\"https:\/\/youtu.be\/KIiKEsQTrZI\" target=\"_blank\" >Video Sicurezza sul lavoro negli impianti a corrente forte<\/a><\/div><\/div><\/div><div class=\"wpb_video_column wpb_content_element\"><div class=\"wpb_wrapper\"><div class=\"video_container video_container--embed\"><iframe src=\"https:\/\/www.youtube-nocookie.com\/embed\/aF_UosALd8k?modestbranding=1&rel=0&showinfo=0\" frameborder=\"0\" allow=\"accelerometer; autoplay; encrypted-media; gyroscope; picture-in-picture\" allowfullscreen><\/iframe><\/div><\/div><\/div>[\/vc_column][\/vc_row]<\/p>\n<\/div>","protected":false},"excerpt":{"rendered":"<p>[vc_row][vc_column][vc_column_text el_class=&#8221;lead&#8221;] Lavoro organizzato e in tutta sicurezza Un compito importante che spetta a ciascun responsabile dell\u2019esercizio \u00e8 quello di garantire la gestione efficace e sicura degli impianti elettrici. Gli infortuni provocati dall&#8217;elettricit\u00e0 possono avere gravi conseguenze e il rischio di perdere la vita \u00e8 cinquanta volte superiore rispetto ad altri tipi di infortunio. Ad [&hellip;]<\/p>\n","protected":false},"author":33,"featured_media":0,"parent":26906,"menu_order":187,"comment_status":"closed","ping_status":"closed","template":"","meta":{"_acf_changed":false,"footnotes":""},"class_list":["post-4143","page","type-page","status-publish","hentry"],"acf":[],"yoast_head":"<!-- This site is optimized with the Yoast SEO Premium plugin v25.1 (Yoast SEO v25.1) - https:\/\/yoast.com\/wordpress\/plugins\/seo\/ -->\n<title>Piani di sicurezza per impianti elettrici<\/title>\n<meta name=\"description\" content=\"Regolamentare la sicurezza sul lavoro e la prevenzione degli infortuni e verificare il rispetto dei requisiti legali e in materia di tecnica della sicurezza.\" \/>\n<meta name=\"robots\" content=\"noindex, follow, max-snippet:-1, max-image-preview:large, max-video-preview:-1\" \/>\n<meta property=\"og:locale\" content=\"it_IT\" \/>\n<meta property=\"og:type\" content=\"article\" \/>\n<meta property=\"og:title\" content=\"Piani di sicurezza per impianti elettrici\" \/>\n<meta property=\"og:description\" content=\"Regolamentare la sicurezza sul lavoro e la prevenzione degli infortuni e verificare il rispetto dei requisiti legali e in materia di tecnica della sicurezza.\" \/>\n<meta property=\"og:url\" content=\"https:\/\/dev-web.electrosuisse.ch\/it\/ispezioni\/piani-di-sicurezza\/\" \/>\n<meta property=\"og:site_name\" content=\"Electrosuisse\" \/>\n<meta property=\"article:modified_time\" content=\"2022-12-13T09:13:36+00:00\" \/>\n<meta property=\"og:image\" content=\"https:\/\/dev-web.electrosuisse.ch\/wp-content\/uploads\/2019\/06\/Electrosuisse_Sicherheitskonzepte_Schutzausruestung.jpg\" \/>\n\t<meta property=\"og:image:width\" content=\"1578\" \/>\n\t<meta property=\"og:image:height\" content=\"650\" \/>\n\t<meta property=\"og:image:type\" content=\"image\/jpeg\" \/>\n<script type=\"application\/ld+json\" class=\"yoast-schema-graph\">{\"@context\":\"https:\/\/schema.org\",\"@graph\":[{\"@type\":\"WebPage\",\"@id\":\"https:\/\/dev-web.electrosuisse.ch\/it\/ispezioni\/piani-di-sicurezza\/\",\"url\":\"https:\/\/dev-web.electrosuisse.ch\/it\/ispezioni\/piani-di-sicurezza\/\",\"name\":\"Piani di sicurezza per impianti elettrici\",\"isPartOf\":{\"@id\":\"https:\/\/dev-web.electrosuisse.ch\/it\/#website\"},\"datePublished\":\"2018-06-24T09:09:44+00:00\",\"dateModified\":\"2022-12-13T09:13:36+00:00\",\"description\":\"Regolamentare la sicurezza sul lavoro e la prevenzione degli infortuni e verificare il rispetto dei requisiti legali e in materia di tecnica della sicurezza.\",\"breadcrumb\":{\"@id\":\"https:\/\/dev-web.electrosuisse.ch\/it\/ispezioni\/piani-di-sicurezza\/#breadcrumb\"},\"inLanguage\":\"it-IT\",\"potentialAction\":[{\"@type\":\"ReadAction\",\"target\":[\"https:\/\/dev-web.electrosuisse.ch\/it\/ispezioni\/piani-di-sicurezza\/\"]}]},{\"@type\":\"BreadcrumbList\",\"@id\":\"https:\/\/dev-web.electrosuisse.ch\/it\/ispezioni\/piani-di-sicurezza\/#breadcrumb\",\"itemListElement\":[{\"@type\":\"ListItem\",\"position\":1,\"name\":\"Ispezioni\",\"item\":\"https:\/\/dev-web.electrosuisse.ch\/it\/ispezioni\/\"},{\"@type\":\"ListItem\",\"position\":2,\"name\":\"Piani di sicurezza\"}]},{\"@type\":\"WebSite\",\"@id\":\"https:\/\/dev-web.electrosuisse.ch\/it\/#website\",\"url\":\"https:\/\/dev-web.electrosuisse.ch\/it\/\",\"name\":\"Electrosuisse\",\"description\":\"\",\"publisher\":{\"@id\":\"https:\/\/dev-web.electrosuisse.ch\/it\/#organization\"},\"potentialAction\":[{\"@type\":\"SearchAction\",\"target\":{\"@type\":\"EntryPoint\",\"urlTemplate\":\"https:\/\/dev-web.electrosuisse.ch\/it\/?s={search_term_string}\"},\"query-input\":{\"@type\":\"PropertyValueSpecification\",\"valueRequired\":true,\"valueName\":\"search_term_string\"}}],\"inLanguage\":\"it-IT\"},{\"@type\":\"Organization\",\"@id\":\"https:\/\/dev-web.electrosuisse.ch\/it\/#organization\",\"name\":\"Electrosuisse\",\"url\":\"https:\/\/dev-web.electrosuisse.ch\/it\/\",\"logo\":{\"@type\":\"ImageObject\",\"inLanguage\":\"it-IT\",\"@id\":\"https:\/\/dev-web.electrosuisse.ch\/it\/#\/schema\/logo\/image\/\",\"url\":\"https:\/\/dev-web.electrosuisse.ch\/wp-content\/uploads\/2025\/04\/Electrosuisse_Logo_696x696.png\",\"contentUrl\":\"https:\/\/dev-web.electrosuisse.ch\/wp-content\/uploads\/2025\/04\/Electrosuisse_Logo_696x696.png\",\"width\":696,\"height\":696,\"caption\":\"Electrosuisse\"},\"image\":{\"@id\":\"https:\/\/dev-web.electrosuisse.ch\/it\/#\/schema\/logo\/image\/\"},\"sameAs\":[\"https:\/\/www.linkedin.com\/company\/electrosuisse-ag\/posts\/?feedView=all\",\"https:\/\/www.instagram.com\/electrosuisse1889\/\",\"https:\/\/www.youtube.com\/channel\/UCoOxohMiVE0Gjcdis1L09zw\"],\"description\":\"Electrosuisse ist eine anerkannte und unabh\u00e4ngige Fachorganisation, die erstklassige Dienstleistungen und Produkte in den Bereichen Inspektion, Beratung, Pr\u00fcfung, Zertifizierung, Normung und Weiterbildung anbietet. Unsere Expertise umfasst Elektrotechnik, Elektromobilit\u00e4t, Energieberatung, Geb\u00e4udeautomation und Photovoltaik in der Schweiz. Durch die Veranstaltung etablierter Branchen-Events und Fachtagungen f\u00f6rdert Electrosuisse den Wissenstransfer und den fachlichen Austausch. Im Mittelpunkt unserer T\u00e4tigkeiten steht die F\u00f6rderung der sicheren, wirtschaftlichen und umweltgerechten Anwendung der Elektrotechnik.\"}]}<\/script>\n<!-- \/ Yoast SEO Premium plugin. -->","yoast_head_json":{"title":"Piani di sicurezza per impianti elettrici","description":"Regolamentare la sicurezza sul lavoro e la prevenzione degli infortuni e verificare il rispetto dei requisiti legali e in materia di tecnica della sicurezza.","robots":{"index":"noindex","follow":"follow","max-snippet":"max-snippet:-1","max-image-preview":"max-image-preview:large","max-video-preview":"max-video-preview:-1"},"og_locale":"it_IT","og_type":"article","og_title":"Piani di sicurezza per impianti elettrici","og_description":"Regolamentare la sicurezza sul lavoro e la prevenzione degli infortuni e verificare il rispetto dei requisiti legali e in materia di tecnica della sicurezza.","og_url":"https:\/\/dev-web.electrosuisse.ch\/it\/ispezioni\/piani-di-sicurezza\/","og_site_name":"Electrosuisse","article_modified_time":"2022-12-13T09:13:36+00:00","og_image":[{"width":1578,"height":650,"url":"https:\/\/dev-web.electrosuisse.ch\/wp-content\/uploads\/2019\/06\/Electrosuisse_Sicherheitskonzepte_Schutzausruestung.jpg","type":"image\/jpeg"}],"schema":{"@context":"https:\/\/schema.org","@graph":[{"@type":"WebPage","@id":"https:\/\/dev-web.electrosuisse.ch\/it\/ispezioni\/piani-di-sicurezza\/","url":"https:\/\/dev-web.electrosuisse.ch\/it\/ispezioni\/piani-di-sicurezza\/","name":"Piani di sicurezza per impianti elettrici","isPartOf":{"@id":"https:\/\/dev-web.electrosuisse.ch\/it\/#website"},"datePublished":"2018-06-24T09:09:44+00:00","dateModified":"2022-12-13T09:13:36+00:00","description":"Regolamentare la sicurezza sul lavoro e la prevenzione degli infortuni e verificare il rispetto dei requisiti legali e in materia di tecnica della sicurezza.","breadcrumb":{"@id":"https:\/\/dev-web.electrosuisse.ch\/it\/ispezioni\/piani-di-sicurezza\/#breadcrumb"},"inLanguage":"it-IT","potentialAction":[{"@type":"ReadAction","target":["https:\/\/dev-web.electrosuisse.ch\/it\/ispezioni\/piani-di-sicurezza\/"]}]},{"@type":"BreadcrumbList","@id":"https:\/\/dev-web.electrosuisse.ch\/it\/ispezioni\/piani-di-sicurezza\/#breadcrumb","itemListElement":[{"@type":"ListItem","position":1,"name":"Ispezioni","item":"https:\/\/dev-web.electrosuisse.ch\/it\/ispezioni\/"},{"@type":"ListItem","position":2,"name":"Piani di sicurezza"}]},{"@type":"WebSite","@id":"https:\/\/dev-web.electrosuisse.ch\/it\/#website","url":"https:\/\/dev-web.electrosuisse.ch\/it\/","name":"Electrosuisse","description":"","publisher":{"@id":"https:\/\/dev-web.electrosuisse.ch\/it\/#organization"},"potentialAction":[{"@type":"SearchAction","target":{"@type":"EntryPoint","urlTemplate":"https:\/\/dev-web.electrosuisse.ch\/it\/?s={search_term_string}"},"query-input":{"@type":"PropertyValueSpecification","valueRequired":true,"valueName":"search_term_string"}}],"inLanguage":"it-IT"},{"@type":"Organization","@id":"https:\/\/dev-web.electrosuisse.ch\/it\/#organization","name":"Electrosuisse","url":"https:\/\/dev-web.electrosuisse.ch\/it\/","logo":{"@type":"ImageObject","inLanguage":"it-IT","@id":"https:\/\/dev-web.electrosuisse.ch\/it\/#\/schema\/logo\/image\/","url":"https:\/\/dev-web.electrosuisse.ch\/wp-content\/uploads\/2025\/04\/Electrosuisse_Logo_696x696.png","contentUrl":"https:\/\/dev-web.electrosuisse.ch\/wp-content\/uploads\/2025\/04\/Electrosuisse_Logo_696x696.png","width":696,"height":696,"caption":"Electrosuisse"},"image":{"@id":"https:\/\/dev-web.electrosuisse.ch\/it\/#\/schema\/logo\/image\/"},"sameAs":["https:\/\/www.linkedin.com\/company\/electrosuisse-ag\/posts\/?feedView=all","https:\/\/www.instagram.com\/electrosuisse1889\/","https:\/\/www.youtube.com\/channel\/UCoOxohMiVE0Gjcdis1L09zw"],"description":"Electrosuisse ist eine anerkannte und unabh\u00e4ngige Fachorganisation, die erstklassige Dienstleistungen und Produkte in den Bereichen Inspektion, Beratung, Pr\u00fcfung, Zertifizierung, Normung und Weiterbildung anbietet. Unsere Expertise umfasst Elektrotechnik, Elektromobilit\u00e4t, Energieberatung, Geb\u00e4udeautomation und Photovoltaik in der Schweiz. Durch die Veranstaltung etablierter Branchen-Events und Fachtagungen f\u00f6rdert Electrosuisse den Wissenstransfer und den fachlichen Austausch. Im Mittelpunkt unserer T\u00e4tigkeiten steht die F\u00f6rderung der sicheren, wirtschaftlichen und umweltgerechten Anwendung der Elektrotechnik."}]}},"_links":{"self":[{"href":"https:\/\/dev-web.electrosuisse.ch\/it\/wp-json\/wp\/v2\/pages\/4143","targetHints":{"allow":["GET"]}}],"collection":[{"href":"https:\/\/dev-web.electrosuisse.ch\/it\/wp-json\/wp\/v2\/pages"}],"about":[{"href":"https:\/\/dev-web.electrosuisse.ch\/it\/wp-json\/wp\/v2\/types\/page"}],"author":[{"embeddable":true,"href":"https:\/\/dev-web.electrosuisse.ch\/it\/wp-json\/wp\/v2\/users\/33"}],"replies":[{"embeddable":true,"href":"https:\/\/dev-web.electrosuisse.ch\/it\/wp-json\/wp\/v2\/comments?post=4143"}],"version-history":[{"count":0,"href":"https:\/\/dev-web.electrosuisse.ch\/it\/wp-json\/wp\/v2\/pages\/4143\/revisions"}],"up":[{"embeddable":true,"href":"https:\/\/dev-web.electrosuisse.ch\/it\/wp-json\/wp\/v2\/pages\/26906"}],"wp:attachment":[{"href":"https:\/\/dev-web.electrosuisse.ch\/it\/wp-json\/wp\/v2\/media?parent=4143"}],"curies":[{"name":"wp","href":"https:\/\/api.w.org\/{rel}","templated":true}]}}