{"id":4125,"date":"2018-06-24T11:08:22","date_gmt":"2018-06-24T09:08:22","guid":{"rendered":"https:\/\/dev-web.electrosuisse.ch\/inspektion-engineering\/analyse\/thermografie\/"},"modified":"2023-07-25T11:35:09","modified_gmt":"2023-07-25T09:35:09","slug":"la-termografia","status":"publish","type":"page","link":"https:\/\/dev-web.electrosuisse.ch\/it\/ispezioni\/la-termografia\/","title":{"rendered":"La termografia"},"content":{"rendered":"<div class=\"wpb-content-wrapper\"><p>[vc_row][vc_column][vc_column_text el_class=&#8221;lead&#8221;]La termografia elettrica \u00e8 una tecnica di misurazione e analisi che consente di individuare per tempo eventuali punti deboli evitando, ad esempio, il rischio di incendio o d&#8217;interruzione di corrente in edifici e impianti. Le misurazioni a infrarossi visualizzano le fonti d\u2019errore negli impianti in funzionamento, possibilmente a pieno regime, in quanto la temperatura \u00e8 direttamente correlata all&#8217;anomalia subentrata.[\/vc_column_text]<div class=\"wpb_gap_column wpb_content_element\"><div class=\"wpb_wrapper\"><div class=\"gap gap--small\"><\/div><\/div><\/div>[vc_column_text]Vale la pena analizzare regolarmente le condizioni del vostro impianto. In tal modo potete evitare, tra l\u2019altro, ulteriori danni dovuti a dispendiose interruzioni della produzione e pianificare le necessarie ottimizzazioni. Per effettuare i necessari monitoraggi e analisi \u00e8 indispensabile rivolgersi a comprovati esperti nel settore della termografia elettrica.[\/vc_column_text][\/vc_column][\/vc_row][vc_row el_id=&#8221;bildung&#8221;][vc_column]<div class=\"wpb_text_image_column wpb_content_element \"><div class=\"wpb_wrapper\"><div class=\"row middle-lg\"><div class=\"col-sm-6 col-xs-12\"><div class=\"picture_container\"><picture><source srcset=\"https:\/\/dev-web.electrosuisse.ch\/wp-content\/uploads\/2019\/03\/Electrosuisse_Thermografie_Messen_Infrarot-585x500.jpg\"><img decoding=\"async\" src=\"https:\/\/dev-web.electrosuisse.ch\/wp-content\/uploads\/2019\/03\/Electrosuisse_Thermografie_Messen_Infrarot-585x500.jpg\" alt=\"Corso di termografia a infrarossi\" \/><\/picture><\/div><\/div><div class=\"col-sm-6 col-xs-12\"><h3>Corso di termografia a infrarossi<\/h3><p>Nozioni di base sulla misurazione del calore senza contatto.<\/p>\n<div class=\"button button--normal\"><a href=\"https:\/\/shop.electrosuisse.ch\/de\/Infrarot-Thermografie-2243.html\">Vai all\u2019iscrizione<\/a><\/div><\/div><\/div><\/div><\/div>[\/vc_column][\/vc_row][vc_row el_id=&#8221;kontakt&#8221;][vc_column][vc_column_text]<\/p>\n<h2>Contatto<\/h2>\n<p>[\/vc_column_text]<div class=\"wpb_contact_column wpb_content_element wpb_content_element--left\"><div class=\"wpb_wrapper\"><div class=\"contact_container\"><div class=\"contact row middle-xs\"><div class=\"contact__img col-sm-5 col-xs-12\"><img decoding=\"async\" src=\"https:\/\/dev-web.electrosuisse.ch\/wp-content\/uploads\/2023\/02\/Schellenberg-Marcel.jpg\" alt=\"Marcel Schellenberg - Ingegnere consulente\" \/><\/div><div class=\"contact__info col-sm-7 col-xs-12\"><p><b>Marcel Schellenberg<\/b><br>Ingegnere consulente<\/p><div class=\"phone has-link\"><a href=\"tel:+41585951568\">+41 58 595 15 68<\/a><\/div><div class=\"mail has-link\"><a href=\"mailto:mar&#99;&#101;&#108;&#46;&#x73;&#x63;&#x68;&#x65;&#x6c;&#x6c;&#x65;nbe&#114;&#103;&#64;&#101;&#108;&#x65;&#x63;&#x74;&#x72;&#x6f;&#x73;uiss&#101;&#46;&#99;&#104;\">marcel.schellenberg@<br>electrosuisse.ch<\/a><\/div><\/div><\/div><\/div><\/div><\/div>[\/vc_column][\/vc_row]<\/p>\n<\/div>","protected":false},"excerpt":{"rendered":"<p>[vc_row][vc_column][vc_column_text el_class=&#8221;lead&#8221;]La termografia elettrica \u00e8 una tecnica di misurazione e analisi che consente di individuare per tempo eventuali punti deboli evitando, ad esempio, il rischio di incendio o d&#8217;interruzione di corrente in edifici e impianti. Le misurazioni a infrarossi visualizzano le fonti d\u2019errore negli impianti in funzionamento, possibilmente a pieno regime, in quanto la temperatura [&hellip;]<\/p>\n","protected":false},"author":33,"featured_media":0,"parent":26906,"menu_order":190,"comment_status":"closed","ping_status":"closed","template":"","meta":{"_acf_changed":false,"footnotes":""},"class_list":["post-4125","page","type-page","status-publish","hentry"],"acf":[],"yoast_head":"<!-- This site is optimized with the Yoast SEO Premium plugin v25.1 (Yoast SEO v25.1) - https:\/\/yoast.com\/wordpress\/plugins\/seo\/ -->\n<title>Termografia elettrica<\/title>\n<meta name=\"description\" content=\"Individuare grazie alla termografia le anomalie di un\u2019apparecchiatura assiemata di protezione e manovra per prevenire i pericoli da esse derivanti.\" \/>\n<meta name=\"robots\" content=\"noindex, follow, max-snippet:-1, max-image-preview:large, max-video-preview:-1\" \/>\n<meta property=\"og:locale\" content=\"it_IT\" \/>\n<meta property=\"og:type\" content=\"article\" \/>\n<meta property=\"og:title\" content=\"Termografia elettrica\" \/>\n<meta property=\"og:description\" content=\"Individuare grazie alla termografia le anomalie di un\u2019apparecchiatura assiemata di protezione e manovra per prevenire i pericoli da esse derivanti.\" \/>\n<meta property=\"og:url\" content=\"https:\/\/dev-web.electrosuisse.ch\/it\/ispezioni\/la-termografia\/\" \/>\n<meta property=\"og:site_name\" content=\"Electrosuisse\" \/>\n<meta property=\"article:modified_time\" content=\"2023-07-25T09:35:09+00:00\" \/>\n<meta property=\"og:image\" content=\"https:\/\/dev-web.electrosuisse.ch\/wp-content\/uploads\/2019\/06\/Electrosuisse_Thermografie_Waermebild.jpg\" \/>\n\t<meta property=\"og:image:width\" content=\"1578\" \/>\n\t<meta property=\"og:image:height\" content=\"650\" \/>\n\t<meta property=\"og:image:type\" content=\"image\/jpeg\" \/>\n<script type=\"application\/ld+json\" class=\"yoast-schema-graph\">{\"@context\":\"https:\/\/schema.org\",\"@graph\":[{\"@type\":\"WebPage\",\"@id\":\"https:\/\/dev-web.electrosuisse.ch\/it\/ispezioni\/la-termografia\/\",\"url\":\"https:\/\/dev-web.electrosuisse.ch\/it\/ispezioni\/la-termografia\/\",\"name\":\"Termografia elettrica\",\"isPartOf\":{\"@id\":\"https:\/\/dev-web.electrosuisse.ch\/it\/#website\"},\"datePublished\":\"2018-06-24T09:08:22+00:00\",\"dateModified\":\"2023-07-25T09:35:09+00:00\",\"description\":\"Individuare grazie alla termografia le anomalie di un\u2019apparecchiatura assiemata di protezione e manovra per prevenire i pericoli da esse derivanti.\",\"breadcrumb\":{\"@id\":\"https:\/\/dev-web.electrosuisse.ch\/it\/ispezioni\/la-termografia\/#breadcrumb\"},\"inLanguage\":\"it-IT\",\"potentialAction\":[{\"@type\":\"ReadAction\",\"target\":[\"https:\/\/dev-web.electrosuisse.ch\/it\/ispezioni\/la-termografia\/\"]}]},{\"@type\":\"BreadcrumbList\",\"@id\":\"https:\/\/dev-web.electrosuisse.ch\/it\/ispezioni\/la-termografia\/#breadcrumb\",\"itemListElement\":[{\"@type\":\"ListItem\",\"position\":1,\"name\":\"Ispezioni\",\"item\":\"https:\/\/dev-web.electrosuisse.ch\/it\/ispezioni\/\"},{\"@type\":\"ListItem\",\"position\":2,\"name\":\"La termografia\"}]},{\"@type\":\"WebSite\",\"@id\":\"https:\/\/dev-web.electrosuisse.ch\/it\/#website\",\"url\":\"https:\/\/dev-web.electrosuisse.ch\/it\/\",\"name\":\"Electrosuisse\",\"description\":\"\",\"publisher\":{\"@id\":\"https:\/\/dev-web.electrosuisse.ch\/it\/#organization\"},\"potentialAction\":[{\"@type\":\"SearchAction\",\"target\":{\"@type\":\"EntryPoint\",\"urlTemplate\":\"https:\/\/dev-web.electrosuisse.ch\/it\/?s={search_term_string}\"},\"query-input\":{\"@type\":\"PropertyValueSpecification\",\"valueRequired\":true,\"valueName\":\"search_term_string\"}}],\"inLanguage\":\"it-IT\"},{\"@type\":\"Organization\",\"@id\":\"https:\/\/dev-web.electrosuisse.ch\/it\/#organization\",\"name\":\"Electrosuisse\",\"url\":\"https:\/\/dev-web.electrosuisse.ch\/it\/\",\"logo\":{\"@type\":\"ImageObject\",\"inLanguage\":\"it-IT\",\"@id\":\"https:\/\/dev-web.electrosuisse.ch\/it\/#\/schema\/logo\/image\/\",\"url\":\"https:\/\/dev-web.electrosuisse.ch\/wp-content\/uploads\/2025\/04\/Electrosuisse_Logo_696x696.png\",\"contentUrl\":\"https:\/\/dev-web.electrosuisse.ch\/wp-content\/uploads\/2025\/04\/Electrosuisse_Logo_696x696.png\",\"width\":696,\"height\":696,\"caption\":\"Electrosuisse\"},\"image\":{\"@id\":\"https:\/\/dev-web.electrosuisse.ch\/it\/#\/schema\/logo\/image\/\"},\"sameAs\":[\"https:\/\/www.linkedin.com\/company\/electrosuisse-ag\/posts\/?feedView=all\",\"https:\/\/www.instagram.com\/electrosuisse1889\/\",\"https:\/\/www.youtube.com\/channel\/UCoOxohMiVE0Gjcdis1L09zw\"],\"description\":\"Electrosuisse ist eine anerkannte und unabh\u00e4ngige Fachorganisation, die erstklassige Dienstleistungen und Produkte in den Bereichen Inspektion, Beratung, Pr\u00fcfung, Zertifizierung, Normung und Weiterbildung anbietet. Unsere Expertise umfasst Elektrotechnik, Elektromobilit\u00e4t, Energieberatung, Geb\u00e4udeautomation und Photovoltaik in der Schweiz. Durch die Veranstaltung etablierter Branchen-Events und Fachtagungen f\u00f6rdert Electrosuisse den Wissenstransfer und den fachlichen Austausch. Im Mittelpunkt unserer T\u00e4tigkeiten steht die F\u00f6rderung der sicheren, wirtschaftlichen und umweltgerechten Anwendung der Elektrotechnik.\"}]}<\/script>\n<!-- \/ Yoast SEO Premium plugin. -->","yoast_head_json":{"title":"Termografia elettrica","description":"Individuare grazie alla termografia le anomalie di un\u2019apparecchiatura assiemata di protezione e manovra per prevenire i pericoli da esse derivanti.","robots":{"index":"noindex","follow":"follow","max-snippet":"max-snippet:-1","max-image-preview":"max-image-preview:large","max-video-preview":"max-video-preview:-1"},"og_locale":"it_IT","og_type":"article","og_title":"Termografia elettrica","og_description":"Individuare grazie alla termografia le anomalie di un\u2019apparecchiatura assiemata di protezione e manovra per prevenire i pericoli da esse derivanti.","og_url":"https:\/\/dev-web.electrosuisse.ch\/it\/ispezioni\/la-termografia\/","og_site_name":"Electrosuisse","article_modified_time":"2023-07-25T09:35:09+00:00","og_image":[{"width":1578,"height":650,"url":"https:\/\/dev-web.electrosuisse.ch\/wp-content\/uploads\/2019\/06\/Electrosuisse_Thermografie_Waermebild.jpg","type":"image\/jpeg"}],"schema":{"@context":"https:\/\/schema.org","@graph":[{"@type":"WebPage","@id":"https:\/\/dev-web.electrosuisse.ch\/it\/ispezioni\/la-termografia\/","url":"https:\/\/dev-web.electrosuisse.ch\/it\/ispezioni\/la-termografia\/","name":"Termografia elettrica","isPartOf":{"@id":"https:\/\/dev-web.electrosuisse.ch\/it\/#website"},"datePublished":"2018-06-24T09:08:22+00:00","dateModified":"2023-07-25T09:35:09+00:00","description":"Individuare grazie alla termografia le anomalie di un\u2019apparecchiatura assiemata di protezione e manovra per prevenire i pericoli da esse derivanti.","breadcrumb":{"@id":"https:\/\/dev-web.electrosuisse.ch\/it\/ispezioni\/la-termografia\/#breadcrumb"},"inLanguage":"it-IT","potentialAction":[{"@type":"ReadAction","target":["https:\/\/dev-web.electrosuisse.ch\/it\/ispezioni\/la-termografia\/"]}]},{"@type":"BreadcrumbList","@id":"https:\/\/dev-web.electrosuisse.ch\/it\/ispezioni\/la-termografia\/#breadcrumb","itemListElement":[{"@type":"ListItem","position":1,"name":"Ispezioni","item":"https:\/\/dev-web.electrosuisse.ch\/it\/ispezioni\/"},{"@type":"ListItem","position":2,"name":"La termografia"}]},{"@type":"WebSite","@id":"https:\/\/dev-web.electrosuisse.ch\/it\/#website","url":"https:\/\/dev-web.electrosuisse.ch\/it\/","name":"Electrosuisse","description":"","publisher":{"@id":"https:\/\/dev-web.electrosuisse.ch\/it\/#organization"},"potentialAction":[{"@type":"SearchAction","target":{"@type":"EntryPoint","urlTemplate":"https:\/\/dev-web.electrosuisse.ch\/it\/?s={search_term_string}"},"query-input":{"@type":"PropertyValueSpecification","valueRequired":true,"valueName":"search_term_string"}}],"inLanguage":"it-IT"},{"@type":"Organization","@id":"https:\/\/dev-web.electrosuisse.ch\/it\/#organization","name":"Electrosuisse","url":"https:\/\/dev-web.electrosuisse.ch\/it\/","logo":{"@type":"ImageObject","inLanguage":"it-IT","@id":"https:\/\/dev-web.electrosuisse.ch\/it\/#\/schema\/logo\/image\/","url":"https:\/\/dev-web.electrosuisse.ch\/wp-content\/uploads\/2025\/04\/Electrosuisse_Logo_696x696.png","contentUrl":"https:\/\/dev-web.electrosuisse.ch\/wp-content\/uploads\/2025\/04\/Electrosuisse_Logo_696x696.png","width":696,"height":696,"caption":"Electrosuisse"},"image":{"@id":"https:\/\/dev-web.electrosuisse.ch\/it\/#\/schema\/logo\/image\/"},"sameAs":["https:\/\/www.linkedin.com\/company\/electrosuisse-ag\/posts\/?feedView=all","https:\/\/www.instagram.com\/electrosuisse1889\/","https:\/\/www.youtube.com\/channel\/UCoOxohMiVE0Gjcdis1L09zw"],"description":"Electrosuisse ist eine anerkannte und unabh\u00e4ngige Fachorganisation, die erstklassige Dienstleistungen und Produkte in den Bereichen Inspektion, Beratung, Pr\u00fcfung, Zertifizierung, Normung und Weiterbildung anbietet. Unsere Expertise umfasst Elektrotechnik, Elektromobilit\u00e4t, Energieberatung, Geb\u00e4udeautomation und Photovoltaik in der Schweiz. Durch die Veranstaltung etablierter Branchen-Events und Fachtagungen f\u00f6rdert Electrosuisse den Wissenstransfer und den fachlichen Austausch. Im Mittelpunkt unserer T\u00e4tigkeiten steht die F\u00f6rderung der sicheren, wirtschaftlichen und umweltgerechten Anwendung der Elektrotechnik."}]}},"_links":{"self":[{"href":"https:\/\/dev-web.electrosuisse.ch\/it\/wp-json\/wp\/v2\/pages\/4125","targetHints":{"allow":["GET"]}}],"collection":[{"href":"https:\/\/dev-web.electrosuisse.ch\/it\/wp-json\/wp\/v2\/pages"}],"about":[{"href":"https:\/\/dev-web.electrosuisse.ch\/it\/wp-json\/wp\/v2\/types\/page"}],"author":[{"embeddable":true,"href":"https:\/\/dev-web.electrosuisse.ch\/it\/wp-json\/wp\/v2\/users\/33"}],"replies":[{"embeddable":true,"href":"https:\/\/dev-web.electrosuisse.ch\/it\/wp-json\/wp\/v2\/comments?post=4125"}],"version-history":[{"count":4,"href":"https:\/\/dev-web.electrosuisse.ch\/it\/wp-json\/wp\/v2\/pages\/4125\/revisions"}],"predecessor-version":[{"id":31487,"href":"https:\/\/dev-web.electrosuisse.ch\/it\/wp-json\/wp\/v2\/pages\/4125\/revisions\/31487"}],"up":[{"embeddable":true,"href":"https:\/\/dev-web.electrosuisse.ch\/it\/wp-json\/wp\/v2\/pages\/26906"}],"wp:attachment":[{"href":"https:\/\/dev-web.electrosuisse.ch\/it\/wp-json\/wp\/v2\/media?parent=4125"}],"curies":[{"name":"wp","href":"https:\/\/api.w.org\/{rel}","templated":true}]}}