{"id":4118,"date":"2018-06-24T11:07:30","date_gmt":"2018-06-24T09:07:30","guid":{"rendered":"https:\/\/dev-web.electrosuisse.ch\/inspektion-engineering\/wer-wir-sind\/"},"modified":"2024-08-22T14:13:03","modified_gmt":"2024-08-22T12:13:03","slug":"engineering","status":"publish","type":"page","link":"https:\/\/dev-web.electrosuisse.ch\/it\/engineering\/","title":{"rendered":"Engineering"},"content":{"rendered":"<div class=\"wpb-content-wrapper\"><p>[vc_row][vc_column][vc_column_text el_class=&#8221;lead&#8221;]Nel nostro Engineering-Team, uniamo le competenze di diverse aree specialistiche per realizzare con successo progetti di ingegneria nel campo dell&#8217;energia e dell&#8217;elettrotecnica in tutta la Svizzera. I nostri ingegneri lavorano in modo interdisciplinare e orientato agli obiettivi per trovare soluzioni alle vostre sfide.<\/p>\n<p>I nostri servizi combinano tutti gli aspetti del sistema energetico. Siamo lieti di combinare, variare e ampliare la nostra gamma di servizi per soddisfare le vostre esigenze individuali sulla base dei nostri servizi esistenti:<\/p>\n<ul>\n<li><a href=\"https:\/\/dev-web.electrosuisse.ch\/it\/engineering\/analisi-dei-processi-e-dei-consumi\/\" target=\"_blank\" rel=\"noopener\">Accordo sugli obiettivi per i grandi consumatori di energia<\/a><\/li>\n<li><a href=\"https:\/\/dev-web.electrosuisse.ch\/it\/engineering\/calcolo-della-rete\/\" target=\"_blank\" rel=\"noopener\">Calcolo della rete<\/a><\/li>\n<li><a href=\"https:\/\/dev-web.electrosuisse.ch\/it\/engineering\/decarbonizzazione\/\" target=\"_blank\" rel=\"noopener\">Decarbonizzazione<\/a><\/li>\n<li><a href=\"https:\/\/dev-web.electrosuisse.ch\/it\/engineering\/efficienza-elettrica\/\" target=\"_blank\" rel=\"noopener\">Efficienza elettrica<\/a><\/li>\n<li><a href=\"https:\/\/dev-web.electrosuisse.ch\/it\/engineering\/ostral\/\" target=\"_blank\" rel=\"noopener\">OSTRAL<\/a><\/li>\n<li><a href=\"https:\/\/dev-web.electrosuisse.ch\/it\/engineering\/power-quality\/\" target=\"_blank\" rel=\"noopener\">Power Quality<\/a><\/li>\n<li><a href=\"https:\/\/dev-web.electrosuisse.ch\/it\/engineering\/radiazioni-non-ionizzanti\/\" target=\"_blank\" rel=\"noopener\">Radiazioni non ionizzanti<\/a><\/li>\n<li><a href=\"https:\/\/dev-web.electrosuisse.ch\/it\/engineering\/progetto-di-utilizzo-energetico\/\" target=\"_blank\" rel=\"noopener\">Progetto di utilizzo energetico<\/a><\/li>\n<\/ul>\n<p>[\/vc_column_text][\/vc_column][\/vc_row][vc_row el_id=&#8221;kontakt&#8221;][vc_column][vc_column_text]Non esitate a contattarci per ulteriori informazioni.[\/vc_column_text][vc_column_text]<\/p>\n<h2>Contatto<\/h2>\n<p>[\/vc_column_text]<div class=\"wpb_contact_column wpb_content_element wpb_contact_column--container\"><div class=\"wpb_wrapper\"><div class=\"contact_container_outer\"><div class=\"contact_container\"><div class=\"contact row middle-xs\"><div class=\"contact__img col-sm-5 col-xs-12\"><img decoding=\"async\" src=\"https:\/\/dev-web.electrosuisse.ch\/wp-content\/uploads\/2023\/06\/Alain-Schwab_300x300.jpg\" alt=\"Alain Schwab - Responsabile Engineering\" \/><\/div><div class=\"contact__info col-sm-7 col-xs-12\"><p><b>Alain Schwab<\/b><br>Responsabile Engineering<\/p><div class=\"phone has-link\"><a href=\"tel:+41449561111\">+41 44 956 11 11<\/a><\/div><div class=\"mail has-link\"><a href=\"mailto:&#97;&#x6c;&#97;&#x69;n&#46;&#x73;&#99;&#x68;w&#x61;b&#64;&#x65;&#108;&#x65;c&#x74;&#x72;&#111;&#x73;u&#x69;s&#115;&#x65;&#46;&#x63;h\">&#x61;&#x6c;&#x61;&#105;&#110;&#46;sc&#x68;&#x77;&#x61;&#x62;&#64;&#101;le&#x63;&#x74;&#x72;&#x6f;&#115;&#117;is&#x73;&#x65;&#x2e;&#x63;&#104;<\/a><\/div><\/div><\/div><\/div><\/div><div class=\"contact_container_outer\"><div class=\"contact_container\"><div class=\"contact row middle-xs\"><div class=\"contact__img col-sm-5 col-xs-12\"><img decoding=\"async\" src=\"https:\/\/dev-web.electrosuisse.ch\/wp-content\/uploads\/2024\/08\/StefanBaer_302x302.png\" alt=\"Stefan B\u00e4r - Consulenza e engineering\" \/><\/div><div class=\"contact__info col-sm-7 col-xs-12\"><p><b>Stefan B\u00e4r<\/b><br>Consulenza e engineering<\/p><div class=\"phone has-link\"><a href=\"tel:+41585951571\">+41 58 595 15 71<\/a><\/div><div class=\"mail has-link\"><a href=\"mailto:st&#101;&#102;&#97;&#110;&#x2e;&#x62;&#x61;&#x65;&#x72;&#64;e&#108;&#101;&#99;&#116;&#x72;&#x6f;&#x73;&#x75;&#x69;ss&#101;&#46;&#99;&#104;\">&#115;&#x74;e&#102;&#x61;n&#46;&#x62;a&#x65;&#x72;&#64;&#x65;l&#101;&#x63;t&#114;&#x6f;s&#x75;&#x69;&#115;&#x73;&#x65;&#46;&#x63;h<\/a><\/div><\/div><\/div><\/div><\/div><div class=\"contact_container_outer\"><div class=\"contact_container\"><div class=\"contact row middle-xs\"><div class=\"contact__img col-sm-5 col-xs-12\"><img decoding=\"async\" src=\"\/wp-content\/themes\/SCHMUCKI_child\/img\/contact_placeholder.jpg\" alt=\"Consulenza, ispezione, engineering \" \/><\/div><div class=\"contact__info col-sm-7 col-xs-12\"><p><b>Consulenza, ispezione, engineering <\/b><br>Servizio interno<\/p><div class=\"phone has-link\"><a href=\"tel:+41585951199\">+41 58 595 11 99<\/a><\/div><div class=\"mail has-link\"><a href=\"mailto:b&#101;&#114;&#x61;&#x74;&#x75;n&#103;&#64;&#x65;&#x6c;&#x65;ct&#114;&#x6f;&#x73;&#x75;is&#115;&#101;&#x2e;&#x63;&#x68;\">&#x62;&#x65;&#x72;&#x61;&#x74;&#x75;&#x6e;&#x67;&#x40;&#x65;&#x6c;&#x65;&#x63;&#x74;&#x72;&#x6f;&#x73;&#x75;&#x69;&#x73;&#x73;&#x65;&#x2e;&#x63;&#x68;<\/a><\/div><\/div><\/div><\/div><\/div><\/div><\/div>[\/vc_column][\/vc_row][vc_row disable_element=&#8221;yes&#8221;][vc_column][vc_column_text]<\/p>\n<h3>Perizie da operatori neutrali ed attendibili<\/h3>\n<p>Avete bisogno di specifiche perizie, rapporti o pareri? I nostri collaboratori hanno a tal riguardo le necessarie competenze ed esperienze e saranno lieti di fornivi il loro supporto: [\/vc_column_text][vc_column_text]I nostri collaboratori hanno a tal riguardo le necessarie competenze ed esperienze e saranno lieti di fornivi il loro supporto:<\/p>\n<ul>\n<li>con risposte adeguate alle vostre richieste<\/li>\n<li>in conformit\u00e0 alle norme<\/li>\n<li>per massimizzare la sicurezza degli impianti, con affidabilit\u00e0<\/li>\n<li>durante le prove e i collaudi di fabbrica<\/li>\n<li>e collaudi per conto terzi<\/li>\n<\/ul>\n<p>Desiderate un colloquio con specialisti?[\/vc_column_text]<div class=\"wpb_button_column wpb_content_element wpb_content_element--left\"><div class=\"wpb_wrapper\"><div class=\"button button--ghost\"><a href=\"&#109;&#97;&#x69;l&#116;&#x6f;&#x3a;b&#101;&#x72;&#x61;t&#117;&#x6e;g&#64;&#x65;&#x6c;e&#99;&#x74;&#x72;o&#115;&#x75;i&#115;&#x73;&#x65;&#46;&#99;&#x68;\">Contattateci<\/a><\/div><\/div><\/div>[\/vc_column][\/vc_row]<\/p>\n<\/div>","protected":false},"excerpt":{"rendered":"<p>[vc_row][vc_column][vc_column_text el_class=&#8221;lead&#8221;]Nel nostro Engineering-Team, uniamo le competenze di diverse aree specialistiche per realizzare con successo progetti di ingegneria nel campo dell&#8217;energia e dell&#8217;elettrotecnica in tutta la Svizzera. I nostri ingegneri lavorano in modo interdisciplinare e orientato agli obiettivi per trovare soluzioni alle vostre sfide. I nostri servizi combinano tutti gli aspetti del sistema energetico. Siamo [&hellip;]<\/p>\n","protected":false},"author":33,"featured_media":0,"parent":0,"menu_order":199,"comment_status":"closed","ping_status":"closed","template":"","meta":{"_acf_changed":false,"footnotes":""},"class_list":["post-4118","page","type-page","status-publish","hentry"],"acf":[],"yoast_head":"<!-- This site is optimized with the Yoast SEO Premium plugin v25.1 (Yoast SEO v25.1) - https:\/\/yoast.com\/wordpress\/plugins\/seo\/ -->\n<title>Engineering<\/title>\n<meta name=\"description\" content=\"Da oltre 125 anni il nostro obiettivo \u00e8 quello di garantire una gestione sicura, affidabile ed efficace dell\u2019energia elettrica.\" \/>\n<meta name=\"robots\" content=\"noindex, follow, max-snippet:-1, max-image-preview:large, max-video-preview:-1\" \/>\n<meta property=\"og:locale\" content=\"it_IT\" \/>\n<meta property=\"og:type\" content=\"article\" \/>\n<meta property=\"og:title\" content=\"Engineering\" \/>\n<meta property=\"og:description\" content=\"Da oltre 125 anni il nostro obiettivo \u00e8 quello di garantire una gestione sicura, affidabile ed efficace dell\u2019energia elettrica.\" \/>\n<meta property=\"og:url\" content=\"https:\/\/dev-web.electrosuisse.ch\/it\/engineering\/\" \/>\n<meta property=\"og:site_name\" content=\"Electrosuisse\" \/>\n<meta property=\"article:modified_time\" content=\"2024-08-22T12:13:03+00:00\" \/>\n<meta property=\"og:image\" content=\"https:\/\/dev-web.electrosuisse.ch\/wp-content\/uploads\/2018\/12\/bie_electrosuisse.jpg\" \/>\n\t<meta property=\"og:image:width\" content=\"1578\" \/>\n\t<meta property=\"og:image:height\" content=\"650\" \/>\n\t<meta property=\"og:image:type\" content=\"image\/jpeg\" \/>\n<script type=\"application\/ld+json\" class=\"yoast-schema-graph\">{\"@context\":\"https:\/\/schema.org\",\"@graph\":[{\"@type\":\"WebPage\",\"@id\":\"https:\/\/dev-web.electrosuisse.ch\/it\/engineering\/\",\"url\":\"https:\/\/dev-web.electrosuisse.ch\/it\/engineering\/\",\"name\":\"Engineering\",\"isPartOf\":{\"@id\":\"https:\/\/dev-web.electrosuisse.ch\/it\/#website\"},\"datePublished\":\"2018-06-24T09:07:30+00:00\",\"dateModified\":\"2024-08-22T12:13:03+00:00\",\"description\":\"Da oltre 125 anni il nostro obiettivo \u00e8 quello di garantire una gestione sicura, affidabile ed efficace dell\u2019energia elettrica.\",\"inLanguage\":\"it-IT\",\"potentialAction\":[{\"@type\":\"ReadAction\",\"target\":[\"https:\/\/dev-web.electrosuisse.ch\/it\/engineering\/\"]}]},{\"@type\":\"WebSite\",\"@id\":\"https:\/\/dev-web.electrosuisse.ch\/it\/#website\",\"url\":\"https:\/\/dev-web.electrosuisse.ch\/it\/\",\"name\":\"Electrosuisse\",\"description\":\"\",\"publisher\":{\"@id\":\"https:\/\/dev-web.electrosuisse.ch\/it\/#organization\"},\"potentialAction\":[{\"@type\":\"SearchAction\",\"target\":{\"@type\":\"EntryPoint\",\"urlTemplate\":\"https:\/\/dev-web.electrosuisse.ch\/it\/?s={search_term_string}\"},\"query-input\":{\"@type\":\"PropertyValueSpecification\",\"valueRequired\":true,\"valueName\":\"search_term_string\"}}],\"inLanguage\":\"it-IT\"},{\"@type\":\"Organization\",\"@id\":\"https:\/\/dev-web.electrosuisse.ch\/it\/#organization\",\"name\":\"Electrosuisse\",\"url\":\"https:\/\/dev-web.electrosuisse.ch\/it\/\",\"logo\":{\"@type\":\"ImageObject\",\"inLanguage\":\"it-IT\",\"@id\":\"https:\/\/dev-web.electrosuisse.ch\/it\/#\/schema\/logo\/image\/\",\"url\":\"https:\/\/dev-web.electrosuisse.ch\/wp-content\/uploads\/2025\/04\/Electrosuisse_Logo_696x696.png\",\"contentUrl\":\"https:\/\/dev-web.electrosuisse.ch\/wp-content\/uploads\/2025\/04\/Electrosuisse_Logo_696x696.png\",\"width\":696,\"height\":696,\"caption\":\"Electrosuisse\"},\"image\":{\"@id\":\"https:\/\/dev-web.electrosuisse.ch\/it\/#\/schema\/logo\/image\/\"},\"sameAs\":[\"https:\/\/www.linkedin.com\/company\/electrosuisse-ag\/posts\/?feedView=all\",\"https:\/\/www.instagram.com\/electrosuisse1889\/\",\"https:\/\/www.youtube.com\/channel\/UCoOxohMiVE0Gjcdis1L09zw\"],\"description\":\"Electrosuisse ist eine anerkannte und unabh\u00e4ngige Fachorganisation, die erstklassige Dienstleistungen und Produkte in den Bereichen Inspektion, Beratung, Pr\u00fcfung, Zertifizierung, Normung und Weiterbildung anbietet. Unsere Expertise umfasst Elektrotechnik, Elektromobilit\u00e4t, Energieberatung, Geb\u00e4udeautomation und Photovoltaik in der Schweiz. Durch die Veranstaltung etablierter Branchen-Events und Fachtagungen f\u00f6rdert Electrosuisse den Wissenstransfer und den fachlichen Austausch. Im Mittelpunkt unserer T\u00e4tigkeiten steht die F\u00f6rderung der sicheren, wirtschaftlichen und umweltgerechten Anwendung der Elektrotechnik.\"}]}<\/script>\n<!-- \/ Yoast SEO Premium plugin. -->","yoast_head_json":{"title":"Engineering","description":"Da oltre 125 anni il nostro obiettivo \u00e8 quello di garantire una gestione sicura, affidabile ed efficace dell\u2019energia elettrica.","robots":{"index":"noindex","follow":"follow","max-snippet":"max-snippet:-1","max-image-preview":"max-image-preview:large","max-video-preview":"max-video-preview:-1"},"og_locale":"it_IT","og_type":"article","og_title":"Engineering","og_description":"Da oltre 125 anni il nostro obiettivo \u00e8 quello di garantire una gestione sicura, affidabile ed efficace dell\u2019energia elettrica.","og_url":"https:\/\/dev-web.electrosuisse.ch\/it\/engineering\/","og_site_name":"Electrosuisse","article_modified_time":"2024-08-22T12:13:03+00:00","og_image":[{"width":1578,"height":650,"url":"https:\/\/dev-web.electrosuisse.ch\/wp-content\/uploads\/2018\/12\/bie_electrosuisse.jpg","type":"image\/jpeg"}],"schema":{"@context":"https:\/\/schema.org","@graph":[{"@type":"WebPage","@id":"https:\/\/dev-web.electrosuisse.ch\/it\/engineering\/","url":"https:\/\/dev-web.electrosuisse.ch\/it\/engineering\/","name":"Engineering","isPartOf":{"@id":"https:\/\/dev-web.electrosuisse.ch\/it\/#website"},"datePublished":"2018-06-24T09:07:30+00:00","dateModified":"2024-08-22T12:13:03+00:00","description":"Da oltre 125 anni il nostro obiettivo \u00e8 quello di garantire una gestione sicura, affidabile ed efficace dell\u2019energia elettrica.","inLanguage":"it-IT","potentialAction":[{"@type":"ReadAction","target":["https:\/\/dev-web.electrosuisse.ch\/it\/engineering\/"]}]},{"@type":"WebSite","@id":"https:\/\/dev-web.electrosuisse.ch\/it\/#website","url":"https:\/\/dev-web.electrosuisse.ch\/it\/","name":"Electrosuisse","description":"","publisher":{"@id":"https:\/\/dev-web.electrosuisse.ch\/it\/#organization"},"potentialAction":[{"@type":"SearchAction","target":{"@type":"EntryPoint","urlTemplate":"https:\/\/dev-web.electrosuisse.ch\/it\/?s={search_term_string}"},"query-input":{"@type":"PropertyValueSpecification","valueRequired":true,"valueName":"search_term_string"}}],"inLanguage":"it-IT"},{"@type":"Organization","@id":"https:\/\/dev-web.electrosuisse.ch\/it\/#organization","name":"Electrosuisse","url":"https:\/\/dev-web.electrosuisse.ch\/it\/","logo":{"@type":"ImageObject","inLanguage":"it-IT","@id":"https:\/\/dev-web.electrosuisse.ch\/it\/#\/schema\/logo\/image\/","url":"https:\/\/dev-web.electrosuisse.ch\/wp-content\/uploads\/2025\/04\/Electrosuisse_Logo_696x696.png","contentUrl":"https:\/\/dev-web.electrosuisse.ch\/wp-content\/uploads\/2025\/04\/Electrosuisse_Logo_696x696.png","width":696,"height":696,"caption":"Electrosuisse"},"image":{"@id":"https:\/\/dev-web.electrosuisse.ch\/it\/#\/schema\/logo\/image\/"},"sameAs":["https:\/\/www.linkedin.com\/company\/electrosuisse-ag\/posts\/?feedView=all","https:\/\/www.instagram.com\/electrosuisse1889\/","https:\/\/www.youtube.com\/channel\/UCoOxohMiVE0Gjcdis1L09zw"],"description":"Electrosuisse ist eine anerkannte und unabh\u00e4ngige Fachorganisation, die erstklassige Dienstleistungen und Produkte in den Bereichen Inspektion, Beratung, Pr\u00fcfung, Zertifizierung, Normung und Weiterbildung anbietet. Unsere Expertise umfasst Elektrotechnik, Elektromobilit\u00e4t, Energieberatung, Geb\u00e4udeautomation und Photovoltaik in der Schweiz. Durch die Veranstaltung etablierter Branchen-Events und Fachtagungen f\u00f6rdert Electrosuisse den Wissenstransfer und den fachlichen Austausch. Im Mittelpunkt unserer T\u00e4tigkeiten steht die F\u00f6rderung der sicheren, wirtschaftlichen und umweltgerechten Anwendung der Elektrotechnik."}]}},"_links":{"self":[{"href":"https:\/\/dev-web.electrosuisse.ch\/it\/wp-json\/wp\/v2\/pages\/4118","targetHints":{"allow":["GET"]}}],"collection":[{"href":"https:\/\/dev-web.electrosuisse.ch\/it\/wp-json\/wp\/v2\/pages"}],"about":[{"href":"https:\/\/dev-web.electrosuisse.ch\/it\/wp-json\/wp\/v2\/types\/page"}],"author":[{"embeddable":true,"href":"https:\/\/dev-web.electrosuisse.ch\/it\/wp-json\/wp\/v2\/users\/33"}],"replies":[{"embeddable":true,"href":"https:\/\/dev-web.electrosuisse.ch\/it\/wp-json\/wp\/v2\/comments?post=4118"}],"version-history":[{"count":7,"href":"https:\/\/dev-web.electrosuisse.ch\/it\/wp-json\/wp\/v2\/pages\/4118\/revisions"}],"predecessor-version":[{"id":36466,"href":"https:\/\/dev-web.electrosuisse.ch\/it\/wp-json\/wp\/v2\/pages\/4118\/revisions\/36466"}],"wp:attachment":[{"href":"https:\/\/dev-web.electrosuisse.ch\/it\/wp-json\/wp\/v2\/media?parent=4118"}],"curies":[{"name":"wp","href":"https:\/\/api.w.org\/{rel}","templated":true}]}}