{"id":3751,"date":"2018-06-24T11:02:58","date_gmt":"2018-06-24T09:02:58","guid":{"rendered":"https:\/\/dev-web.electrosuisse.ch\/startseite\/"},"modified":"2025-04-11T10:54:55","modified_gmt":"2025-04-11T08:54:55","slug":"startseite","status":"publish","type":"page","link":"https:\/\/dev-web.electrosuisse.ch\/it\/","title":{"rendered":"Pagina iniziale"},"content":{"rendered":"<div class=\"wpb-content-wrapper\"><p>[vc_row][vc_column]<div class=\"tiles_container tiles_container--top\"><div class=\"tiles row\"><div class=\"tile tile--normal tile--one_third col-xs-12\"><div class=\"tile__inside\"><div class=\"tile__media\"><picture><source srcset=\"https:\/\/dev-web.electrosuisse.ch\/wp-content\/uploads\/2025\/02\/Banner_E_Basic_Mitgliedschaft_768x655_IT-585x500.jpg\"><img decoding=\"async\" src=\"https:\/\/dev-web.electrosuisse.ch\/wp-content\/uploads\/2025\/02\/Banner_E_Basic_Mitgliedschaft_768x655_IT-585x500.jpg\" alt=\"Adesione \u00abBasic\u00bb\" \/><\/picture><\/div><div class=\"tile__caption\"><h3>Adesione \u00abBasic\u00bb<\/h3><p>Il vostro accesso alla rete di esperti<\/p><div class=\"button button--arrow\"><div><div class=\"arrow\">Amplia<\/div><\/div><\/div><\/div><a href=\"https:\/\/dev-web.electrosuisse.ch\/it\/diventare-membro\/adesioni-individuali\/\" class=\"full\">Amplia Adesione \u00abBasic\u00bb<\/a><\/div><\/div><div class=\"tile tile--normal tile--two_third col-xs-12\"><div class=\"tile__inside\"><div class=\"tile__media\"><picture><source media=\"(min-width: 1281px)\" srcset=\"https:\/\/dev-web.electrosuisse.ch\/wp-content\/uploads\/2018\/12\/normung_electrosuisse_big.jpg\"><source media=\"(min-width: 768px)\" srcset=\"https:\/\/dev-web.electrosuisse.ch\/wp-content\/uploads\/2018\/12\/normung_electrosuisse_big-585x500.jpg\"><source media=\"(min-width: 586px)\" srcset=\"https:\/\/dev-web.electrosuisse.ch\/wp-content\/uploads\/2018\/12\/normung_electrosuisse_big.jpg\"><source media=\"(max-width: 585px)\" srcset=\"https:\/\/dev-web.electrosuisse.ch\/wp-content\/uploads\/2018\/12\/normung_electrosuisse_big-585x500.jpg\"><img decoding=\"async\" src=\"https:\/\/dev-web.electrosuisse.ch\/wp-content\/uploads\/2018\/12\/normung_electrosuisse_big.jpg\" alt=\"Normazione\" \/><\/picture><\/div><div class=\"tile__caption\"><h3>Normazione<\/h3><p>Collaborare attivamente all\u2019elaborazione di norme nazionali e internazionali.<\/p><div class=\"button button--arrow\"><div><div class=\"arrow\">Amplia<\/div><\/div><\/div><\/div><a href=\"https:\/\/dev-web.electrosuisse.ch\/it\/perche-normazione\/\" class=\"full\">Amplia Normazione<\/a><\/div><\/div><div class=\"tile tile--normal tile--two_third col-xs-12\"><div class=\"tile__inside\"><div class=\"tile__media\"><picture><source media=\"(min-width: 1281px)\" srcset=\"https:\/\/dev-web.electrosuisse.ch\/wp-content\/uploads\/2024\/10\/Bildungsangebot_2025_1150x768.png\"><source media=\"(min-width: 768px)\" srcset=\"https:\/\/dev-web.electrosuisse.ch\/wp-content\/uploads\/2024\/10\/Bildungsangebot_2025_1150x768-585x500.png\"><source media=\"(min-width: 586px)\" srcset=\"https:\/\/dev-web.electrosuisse.ch\/wp-content\/uploads\/2024\/10\/Bildungsangebot_2025_1150x768.png\"><source media=\"(max-width: 585px)\" srcset=\"https:\/\/dev-web.electrosuisse.ch\/wp-content\/uploads\/2024\/10\/Bildungsangebot_2025_1150x768-585x500.png\"><img decoding=\"async\" src=\"https:\/\/dev-web.electrosuisse.ch\/wp-content\/uploads\/2024\/10\/Bildungsangebot_2025_1150x768.png\" alt=\"Programma di formazione 2025\" \/><\/picture><\/div><div class=\"tile__caption\"><h3>Programma di formazione 2025<\/h3><p>Il nuovo programma di formazione \u00e8 arrivato: scoprite la nostra ampia gamma di corsi di formazione continua!<\/p><div class=\"button button--arrow\"><div><div class=\"arrow\">Amplia<\/div><\/div><\/div><\/div><a href=\"https:\/\/dev-web.electrosuisse.ch\/it\/manifestazione\/offerta-formativa\/\" class=\"full\">Amplia Programma di formazione 2025<\/a><\/div><\/div><div class=\"tile tile--normal tile--one_third col-xs-12\"><div class=\"tile__inside\"><div class=\"tile__media\"><picture><source srcset=\"https:\/\/dev-web.electrosuisse.ch\/wp-content\/uploads\/2022\/12\/electrosuisse_karriere_inspektor_flughafen_zuerich-585x500.jpg\"><img decoding=\"async\" src=\"https:\/\/dev-web.electrosuisse.ch\/wp-content\/uploads\/2022\/12\/electrosuisse_karriere_inspektor_flughafen_zuerich-585x500.jpg\" alt=\"Posti vacanti\" \/><\/picture><\/div><div class=\"tile__caption\"><h3>Posti vacanti<\/h3><p>Qui trovate un elenco dei nostri posti vacanti.<\/p><div class=\"button button--arrow\"><div><div class=\"arrow\">Amplia<\/div><\/div><\/div><\/div><a href=\"https:\/\/dev-web.electrosuisse.ch\/de\/jobs\/\" class=\"full\">Amplia Posti vacanti<\/a><\/div><\/div><\/div><\/div>[\/vc_column][\/vc_row][vc_row el_class=&#8221;lead&#8221;][vc_column][vc_column_text]<\/p>\n<h1>Electrosuisse, Associazione per l&#8217;elettrotecnica, la tecnica energetica e l&#8217;informatica<\/h1>\n<p>Essendo un&#8217;organizzazione professionale riconosciuta e indipendente, Electrosuisse offre servizi e prodotti di prima classe per quanto concerne <a href=\"https:\/\/dev-web.electrosuisse.ch\/it\/inspektion-engineering\/wer-wir-sind\/\">ispezione<\/a>, <a href=\"https:\/\/dev-web.electrosuisse.ch\/it\/inspektion-engineering\/wer-wir-sind\/\">consulenza<\/a>, <a href=\"https:\/\/dev-web.electrosuisse.ch\/it\/inspektion-engineering\/eichung\/\">controllo<\/a>, <a href=\"https:\/\/dev-web.electrosuisse.ch\/it\/inspektion-engineering\/zertifizierung\/kev-audit-und-herkunftsnachweise\/\">certificazione<\/a>, <a href=\"https:\/\/dev-web.electrosuisse.ch\/it\/normung\/warum-normung\/\">normalizzazione<\/a> e formazione continua. \u00c8 grazie all\u2019organizzazione di eventi di settore e di convegni affermati, che l\u2019associazione svolge il suo impegno nello scambio e nella trasmissione delle conoscenze tecniche, rafforzando la rete tecnica. Al centro di tutte le attivit\u00e0 c\u2019\u00e8 la valorizzazione della produzione e dell\u2019applicazione sicure, economiche ed ecologiche dell\u2019elettricit\u00e0.[\/vc_column_text][\/vc_column][\/vc_row][vc_row][vc_column][vc_column_text]<\/p>\n<h2>I nostri prossimi eventi<\/h2>\n<p>[\/vc_column_text]<div class=\"wpb_carousel_column wpb_carousel_column--event wpb_content_element\"><div class=\"wpb_wrapper\"><div class=\"event_container\"><div class=\"owl-carousel owl-theme\"><div class=\"event\"><a href=\"https:\/\/dev-web.electrosuisse.ch\/it\/tagung\/informationstagung-fuer-betriebselektriker\/\" class=\"full\">Informationstagung f\u00fcr Betriebselektriker<\/a><div class=\"news__img\"><div class=\"picture_container\"><img decoding=\"async\" src=\"https:\/\/dev-web.electrosuisse.ch\/wp-content\/uploads\/2024\/10\/Betriebselektriker_KeyVisual_585x345.png\" alt=\"Informationstagung f\u00fcr Betriebselektriker\" \/><\/div><\/div><div class=\"event__content\"><div class=\"content\"><h3>Informationstagung f\u00fcr Betriebselektriker<\/h3><p class=\"event_date\">21 maggio 2026<\/p><p class=\"event_place\">Online<\/p><\/div><div class=\"button button--arrow-text\"><span>All'evento<\/span><\/div><\/div><\/div><div class=\"event\"><a href=\"https:\/\/dev-web.electrosuisse.ch\/it\/tagung\/netzelektrikertag\/\" class=\"full\">Netzelektrikertag 2026<\/a><div class=\"news__img\"><div class=\"picture_container\"><img decoding=\"async\" src=\"https:\/\/dev-web.electrosuisse.ch\/wp-content\/uploads\/2025\/06\/netzelektriker_2_585x345.png\" alt=\"Netzelektrikertag 2026\" \/><\/div><\/div><div class=\"event__content\"><div class=\"content\"><h3>Netzelektrikertag 2026<\/h3><p class=\"event_date\">2 giugno 2026<\/p><p class=\"event_place\">Altes Spital - Solothurn<\/p><\/div><div class=\"button button--arrow-text\"><span>All'evento<\/span><\/div><\/div><\/div><div class=\"event\"><a href=\"https:\/\/dev-web.electrosuisse.ch\/it\/tagung\/elektroplanertag\/\" class=\"full\">ELEKTROPLANERTAG 2026<\/a><div class=\"news__img\"><div class=\"picture_container\"><img decoding=\"async\" src=\"https:\/\/dev-web.electrosuisse.ch\/wp-content\/uploads\/2025\/02\/elektroplanertag-2025-585x345-1.png\" alt=\"ELEKTROPLANERTAG 2026\" \/><\/div><\/div><div class=\"event__content\"><div class=\"content\"><h3>ELEKTROPLANERTAG 2026<\/h3><p class=\"event_date\">25 giugno 2026<\/p><p class=\"event_place\">Baden - Trafo<\/p><\/div><div class=\"button button--arrow-text\"><span>All'evento<\/span><\/div><\/div><\/div><div class=\"event\"><a href=\"https:\/\/dev-web.electrosuisse.ch\/it\/tagung\/instandhaltungstagung\/\" class=\"full\">Instandhaltungstagung<\/a><div class=\"news__img\"><div class=\"picture_container\"><img decoding=\"async\" src=\"https:\/\/dev-web.electrosuisse.ch\/wp-content\/uploads\/2021\/07\/IHAT_585x345px.jpg\" alt=\"Instandhaltungstagung\" \/><\/div><\/div><div class=\"event__content\"><div class=\"content\"><h3>Instandhaltungstagung<\/h3><p class=\"event_date\">dall' 3 settembre 2026<\/p><p class=\"event_place\">Bern - Kreuz, Pratteln - Courtyard by Marriott Basel, Regensdorf - M\u00f6venpick<\/p><\/div><div class=\"button button--arrow-text\"><span>All'evento<\/span><\/div><\/div><\/div><div class=\"event\"><a href=\"https:\/\/dev-web.electrosuisse.ch\/it\/tagung\/schaltanlagen-praktikertag\/\" class=\"full\">Schaltanlagen-Praktikertag<\/a><div class=\"news__img\"><div class=\"picture_container\"><img decoding=\"async\" src=\"https:\/\/dev-web.electrosuisse.ch\/wp-content\/uploads\/2025\/06\/schaltanlagen-praktikertag-585x345-1.png\" alt=\"Schaltanlagen-Praktikertag\" \/><\/div><\/div><div class=\"event__content\"><div class=\"content\"><h3>Schaltanlagen-Praktikertag<\/h3><p class=\"event_date\">16 settembre 2026<\/p><p class=\"event_place\">Aarau \u2013 Kultur- und Kongresshaus<\/p><\/div><div class=\"button button--arrow-text\"><span>All'evento<\/span><\/div><\/div><\/div><\/div><\/div><\/div><\/div>[\/vc_column][\/vc_row]<\/p>\n<\/div>","protected":false},"excerpt":{"rendered":"<p>[vc_row][vc_column][\/vc_column][\/vc_row][vc_row el_class=&#8221;lead&#8221;][vc_column][vc_column_text] Electrosuisse, Associazione per l&#8217;elettrotecnica, la tecnica energetica e l&#8217;informatica Essendo un&#8217;organizzazione professionale riconosciuta e indipendente, Electrosuisse offre servizi e prodotti di prima classe per quanto concerne ispezione, consulenza, controllo, certificazione, normalizzazione e formazione continua. \u00c8 grazie all\u2019organizzazione di eventi di settore e di convegni affermati, che l\u2019associazione svolge il suo impegno nello scambio [&hellip;]<\/p>\n","protected":false},"author":33,"featured_media":0,"parent":0,"menu_order":331,"comment_status":"closed","ping_status":"closed","template":"","meta":{"_acf_changed":false,"footnotes":""},"class_list":["post-3751","page","type-page","status-publish","hentry"],"acf":[],"yoast_head":"<!-- This site is optimized with the Yoast SEO Premium plugin v25.1 (Yoast SEO v25.1) - https:\/\/yoast.com\/wordpress\/plugins\/seo\/ -->\n<title>Electrosuisse \u2013 l\u2019associazione professionale<\/title>\n<meta name=\"description\" content=\"L&#039;organizzazione professionale riconosciuta per il settore elettrotecnica, tecnica energetica e informatica.\" \/>\n<meta name=\"robots\" content=\"noindex, follow, max-snippet:-1, max-image-preview:large, max-video-preview:-1\" \/>\n<meta property=\"og:locale\" content=\"it_IT\" \/>\n<meta property=\"og:type\" content=\"article\" \/>\n<meta property=\"og:title\" content=\"Electrosuisse \u2013 l\u2019associazione professionale\" \/>\n<meta property=\"og:description\" content=\"L&#039;organizzazione professionale riconosciuta per il settore elettrotecnica, tecnica energetica e informatica.\" \/>\n<meta property=\"og:url\" content=\"https:\/\/dev-web.electrosuisse.ch\/it\/\" \/>\n<meta property=\"og:site_name\" content=\"Electrosuisse\" \/>\n<meta property=\"article:modified_time\" content=\"2025-04-11T08:54:55+00:00\" \/>\n<meta property=\"og:image\" content=\"https:\/\/dev-web.electrosuisse.ch\/wp-content\/uploads\/2020\/03\/SwissLightingForum_1660x585-1.jpg\" \/>\n\t<meta property=\"og:image:width\" content=\"1578\" \/>\n\t<meta property=\"og:image:height\" content=\"650\" \/>\n\t<meta property=\"og:image:type\" content=\"image\/jpeg\" \/>\n<script type=\"application\/ld+json\" class=\"yoast-schema-graph\">{\"@context\":\"https:\/\/schema.org\",\"@graph\":[{\"@type\":\"WebPage\",\"@id\":\"https:\/\/dev-web.electrosuisse.ch\/it\/\",\"url\":\"https:\/\/dev-web.electrosuisse.ch\/it\/\",\"name\":\"Electrosuisse \u2013 l\u2019associazione professionale\",\"isPartOf\":{\"@id\":\"https:\/\/dev-web.electrosuisse.ch\/it\/#website\"},\"datePublished\":\"2018-06-24T09:02:58+00:00\",\"dateModified\":\"2025-04-11T08:54:55+00:00\",\"description\":\"L'organizzazione professionale riconosciuta per il settore elettrotecnica, tecnica energetica e informatica.\",\"inLanguage\":\"it-IT\",\"potentialAction\":[{\"@type\":\"ReadAction\",\"target\":[\"https:\/\/dev-web.electrosuisse.ch\/it\/\"]}]},{\"@type\":\"WebSite\",\"@id\":\"https:\/\/dev-web.electrosuisse.ch\/it\/#website\",\"url\":\"https:\/\/dev-web.electrosuisse.ch\/it\/\",\"name\":\"Electrosuisse\",\"description\":\"\",\"publisher\":{\"@id\":\"https:\/\/dev-web.electrosuisse.ch\/it\/#organization\"},\"potentialAction\":[{\"@type\":\"SearchAction\",\"target\":{\"@type\":\"EntryPoint\",\"urlTemplate\":\"https:\/\/dev-web.electrosuisse.ch\/it\/?s={search_term_string}\"},\"query-input\":{\"@type\":\"PropertyValueSpecification\",\"valueRequired\":true,\"valueName\":\"search_term_string\"}}],\"inLanguage\":\"it-IT\"},{\"@type\":\"Organization\",\"@id\":\"https:\/\/dev-web.electrosuisse.ch\/it\/#organization\",\"name\":\"Electrosuisse\",\"url\":\"https:\/\/dev-web.electrosuisse.ch\/it\/\",\"logo\":{\"@type\":\"ImageObject\",\"inLanguage\":\"it-IT\",\"@id\":\"https:\/\/dev-web.electrosuisse.ch\/it\/#\/schema\/logo\/image\/\",\"url\":\"https:\/\/dev-web.electrosuisse.ch\/wp-content\/uploads\/2025\/04\/Electrosuisse_Logo_696x696.png\",\"contentUrl\":\"https:\/\/dev-web.electrosuisse.ch\/wp-content\/uploads\/2025\/04\/Electrosuisse_Logo_696x696.png\",\"width\":696,\"height\":696,\"caption\":\"Electrosuisse\"},\"image\":{\"@id\":\"https:\/\/dev-web.electrosuisse.ch\/it\/#\/schema\/logo\/image\/\"},\"sameAs\":[\"https:\/\/www.linkedin.com\/company\/electrosuisse-ag\/posts\/?feedView=all\",\"https:\/\/www.instagram.com\/electrosuisse1889\/\",\"https:\/\/www.youtube.com\/channel\/UCoOxohMiVE0Gjcdis1L09zw\"],\"description\":\"Electrosuisse ist eine anerkannte und unabh\u00e4ngige Fachorganisation, die erstklassige Dienstleistungen und Produkte in den Bereichen Inspektion, Beratung, Pr\u00fcfung, Zertifizierung, Normung und Weiterbildung anbietet. Unsere Expertise umfasst Elektrotechnik, Elektromobilit\u00e4t, Energieberatung, Geb\u00e4udeautomation und Photovoltaik in der Schweiz. Durch die Veranstaltung etablierter Branchen-Events und Fachtagungen f\u00f6rdert Electrosuisse den Wissenstransfer und den fachlichen Austausch. Im Mittelpunkt unserer T\u00e4tigkeiten steht die F\u00f6rderung der sicheren, wirtschaftlichen und umweltgerechten Anwendung der Elektrotechnik.\"}]}<\/script>\n<!-- \/ Yoast SEO Premium plugin. -->","yoast_head_json":{"title":"Electrosuisse \u2013 l\u2019associazione professionale","description":"L'organizzazione professionale riconosciuta per il settore elettrotecnica, tecnica energetica e informatica.","robots":{"index":"noindex","follow":"follow","max-snippet":"max-snippet:-1","max-image-preview":"max-image-preview:large","max-video-preview":"max-video-preview:-1"},"og_locale":"it_IT","og_type":"article","og_title":"Electrosuisse \u2013 l\u2019associazione professionale","og_description":"L'organizzazione professionale riconosciuta per il settore elettrotecnica, tecnica energetica e informatica.","og_url":"https:\/\/dev-web.electrosuisse.ch\/it\/","og_site_name":"Electrosuisse","article_modified_time":"2025-04-11T08:54:55+00:00","og_image":[{"width":1578,"height":650,"url":"https:\/\/dev-web.electrosuisse.ch\/wp-content\/uploads\/2020\/03\/SwissLightingForum_1660x585-1.jpg","type":"image\/jpeg"}],"schema":{"@context":"https:\/\/schema.org","@graph":[{"@type":"WebPage","@id":"https:\/\/dev-web.electrosuisse.ch\/it\/","url":"https:\/\/dev-web.electrosuisse.ch\/it\/","name":"Electrosuisse \u2013 l\u2019associazione professionale","isPartOf":{"@id":"https:\/\/dev-web.electrosuisse.ch\/it\/#website"},"datePublished":"2018-06-24T09:02:58+00:00","dateModified":"2025-04-11T08:54:55+00:00","description":"L'organizzazione professionale riconosciuta per il settore elettrotecnica, tecnica energetica e informatica.","inLanguage":"it-IT","potentialAction":[{"@type":"ReadAction","target":["https:\/\/dev-web.electrosuisse.ch\/it\/"]}]},{"@type":"WebSite","@id":"https:\/\/dev-web.electrosuisse.ch\/it\/#website","url":"https:\/\/dev-web.electrosuisse.ch\/it\/","name":"Electrosuisse","description":"","publisher":{"@id":"https:\/\/dev-web.electrosuisse.ch\/it\/#organization"},"potentialAction":[{"@type":"SearchAction","target":{"@type":"EntryPoint","urlTemplate":"https:\/\/dev-web.electrosuisse.ch\/it\/?s={search_term_string}"},"query-input":{"@type":"PropertyValueSpecification","valueRequired":true,"valueName":"search_term_string"}}],"inLanguage":"it-IT"},{"@type":"Organization","@id":"https:\/\/dev-web.electrosuisse.ch\/it\/#organization","name":"Electrosuisse","url":"https:\/\/dev-web.electrosuisse.ch\/it\/","logo":{"@type":"ImageObject","inLanguage":"it-IT","@id":"https:\/\/dev-web.electrosuisse.ch\/it\/#\/schema\/logo\/image\/","url":"https:\/\/dev-web.electrosuisse.ch\/wp-content\/uploads\/2025\/04\/Electrosuisse_Logo_696x696.png","contentUrl":"https:\/\/dev-web.electrosuisse.ch\/wp-content\/uploads\/2025\/04\/Electrosuisse_Logo_696x696.png","width":696,"height":696,"caption":"Electrosuisse"},"image":{"@id":"https:\/\/dev-web.electrosuisse.ch\/it\/#\/schema\/logo\/image\/"},"sameAs":["https:\/\/www.linkedin.com\/company\/electrosuisse-ag\/posts\/?feedView=all","https:\/\/www.instagram.com\/electrosuisse1889\/","https:\/\/www.youtube.com\/channel\/UCoOxohMiVE0Gjcdis1L09zw"],"description":"Electrosuisse ist eine anerkannte und unabh\u00e4ngige Fachorganisation, die erstklassige Dienstleistungen und Produkte in den Bereichen Inspektion, Beratung, Pr\u00fcfung, Zertifizierung, Normung und Weiterbildung anbietet. Unsere Expertise umfasst Elektrotechnik, Elektromobilit\u00e4t, Energieberatung, Geb\u00e4udeautomation und Photovoltaik in der Schweiz. Durch die Veranstaltung etablierter Branchen-Events und Fachtagungen f\u00f6rdert Electrosuisse den Wissenstransfer und den fachlichen Austausch. Im Mittelpunkt unserer T\u00e4tigkeiten steht die F\u00f6rderung der sicheren, wirtschaftlichen und umweltgerechten Anwendung der Elektrotechnik."}]}},"_links":{"self":[{"href":"https:\/\/dev-web.electrosuisse.ch\/it\/wp-json\/wp\/v2\/pages\/3751","targetHints":{"allow":["GET"]}}],"collection":[{"href":"https:\/\/dev-web.electrosuisse.ch\/it\/wp-json\/wp\/v2\/pages"}],"about":[{"href":"https:\/\/dev-web.electrosuisse.ch\/it\/wp-json\/wp\/v2\/types\/page"}],"author":[{"embeddable":true,"href":"https:\/\/dev-web.electrosuisse.ch\/it\/wp-json\/wp\/v2\/users\/33"}],"replies":[{"embeddable":true,"href":"https:\/\/dev-web.electrosuisse.ch\/it\/wp-json\/wp\/v2\/comments?post=3751"}],"version-history":[{"count":9,"href":"https:\/\/dev-web.electrosuisse.ch\/it\/wp-json\/wp\/v2\/pages\/3751\/revisions"}],"predecessor-version":[{"id":38458,"href":"https:\/\/dev-web.electrosuisse.ch\/it\/wp-json\/wp\/v2\/pages\/3751\/revisions\/38458"}],"wp:attachment":[{"href":"https:\/\/dev-web.electrosuisse.ch\/it\/wp-json\/wp\/v2\/media?parent=3751"}],"curies":[{"name":"wp","href":"https:\/\/api.w.org\/{rel}","templated":true}]}}