{"id":32515,"date":"2023-11-06T16:09:37","date_gmt":"2023-11-06T15:09:37","guid":{"rendered":"https:\/\/dev-web.electrosuisse.ch\/?page_id=32515"},"modified":"2024-08-22T14:17:44","modified_gmt":"2024-08-22T12:17:44","slug":"calcolo-della-rete","status":"publish","type":"page","link":"https:\/\/dev-web.electrosuisse.ch\/it\/engineering\/calcolo-della-rete\/","title":{"rendered":"Calcolo della rete"},"content":{"rendered":"<div class=\"wpb-content-wrapper\"><p>[vc_row][vc_column][vc_column_text]Gli attuali sviluppi nel campo dell&#8217;approvvigionamento energetico e le nuove possibilit\u00e0 di utilizzo pongono grandi sfide alla rete energetica.[\/vc_column_text][vc_column_text]Le aziende fornitrici di energia, le imprese industriali o i grandi consumatori che dispongono di reti proprie si trovano di fronte alla difficolt\u00e0 di integrare i nuovi componenti nel sistema energetico, di impedire le strozzature della rete e di garantire costantemente una buona qualit\u00e0 della rete. Inoltre, nella gestione delle reti elettriche \u00e8 necessario rispettare i requisiti di sicurezza. Con il Digital Twin, la simulazione digitale della rete, \u00e8 possibile reagire in modo specifico a queste sfide e individuare tempestivamente i colli di bottiglia. Questo metodo pu\u00f2 essere utilizzato anche per garantire la sicurezza dell&#8217;approvvigionamento e pu\u00f2 costituire la base per elaborare una strategia volta allo sviluppo futuro della rete.[\/vc_column_text][\/vc_column][\/vc_row][vc_row el_id=&#8221;angebot&#8221;][vc_column][vc_column_text]<\/p>\n<h3>La nostra offerta<\/h3>\n<p>[\/vc_column_text][vc_column_text]Electrosuisse esegue un&#8217;analisi globale della rete con un modello statico (NEPLAN). \u00c8 possibile calcolare e analizzare le correnti di carico, la potenza di cortocircuito, le caratteristiche di tensione, la selettivit\u00e0 dei dispositivi di protezione e l&#8217;energia generata da guasti da arco elettrico. I flussi di carico e i colli di bottiglia della rete sono visualizzati sia in condizioni di funzionamento normale che in scenari di guasto. Sulla base del calcolo della rete, \u00e8 possibile valutare ed esaminare le estensioni della rete e le applicazioni di connessione per impianti fotovoltaici, pompe di calore e stazioni di ricarica. Oltre all&#8217;analisi della rete, si pu\u00f2 predisporre un adeguato sistema di sicurezza e garantire il funzionamento della rete stessa.<\/p>\n<p>Per un ulteriore sviluppo di quest\u2019ultima, il passo successivo \u00e8 la creazione di un modello dinamico, il Digital Twin. Collegando il modello con i dati in tempo reale, \u00e8 possibile simulare il comportamento della rete nel suo stato operativo attuale in caso di possibili incidenti. Le analisi di diversi scenari possono essere utilizzate per consentire l&#8217;ulteriore sviluppo della rete. L&#8217;uso di nuove tecnologie e la valutazione dell\u2019impatto a livello economico, tecnico e operativo sono integrati nella strategia di sviluppo a lungo termine del sistema energetico.[\/vc_column_text][\/vc_column][\/vc_row][vc_row el_id=&#8221;kontakt&#8221;][vc_column][vc_column_text]<\/p>\n<h2>Contatto<\/h2>\n<p>[\/vc_column_text]<div class=\"wpb_contact_column wpb_content_element wpb_contact_column--container\"><div class=\"wpb_wrapper\"><div class=\"contact_container_outer\"><div class=\"contact_container\"><div class=\"contact row middle-xs\"><div class=\"contact__img col-sm-5 col-xs-12\"><img decoding=\"async\" src=\"https:\/\/dev-web.electrosuisse.ch\/wp-content\/uploads\/2023\/06\/Alain-Schwab_300x300.jpg\" alt=\"Alain Schwab - Responsabile Engineering\" \/><\/div><div class=\"contact__info col-sm-7 col-xs-12\"><p><b>Alain Schwab<\/b><br>Responsabile Engineering<\/p><div class=\"phone has-link\"><a href=\"tel:+41449561111\">+41 44 956 11 11<\/a><\/div><div class=\"mail has-link\"><a href=\"mailto:&#x61;l&#x61;&#105;&#x6e;&#46;s&#x63;h&#x77;&#97;&#x62;&#64;e&#x6c;&#101;&#x63;&#116;r&#x6f;s&#x75;&#105;&#x73;&#115;e&#x2e;c&#x68;\">&#97;&#x6c;&#97;&#x69;&#110;&#x2e;&#115;&#x63;&#104;&#x77;&#97;&#x62;&#64;&#x65;&#108;&#x65;&#99;&#x74;&#114;&#x6f;&#115;&#x75;&#105;&#x73;&#115;&#x65;&#46;&#x63;&#104;<\/a><\/div><\/div><\/div><\/div><\/div><div class=\"contact_container_outer\"><div class=\"contact_container\"><div class=\"contact row middle-xs\"><div class=\"contact__img col-sm-5 col-xs-12\"><img decoding=\"async\" src=\"https:\/\/dev-web.electrosuisse.ch\/wp-content\/uploads\/2024\/07\/Hans-Matzner-2.jpg\" alt=\"Hans Matzner - Consulenza e engineering\" \/><\/div><div class=\"contact__info col-sm-7 col-xs-12\"><p><b>Hans Matzner<\/b><br>Consulenza e engineering<\/p><div class=\"phone has-link\"><a href=\"tel:+41585951563\">+41 58 595 15 63<\/a><\/div><div class=\"mail has-link\"><a href=\"mailto:&#104;&#97;&#x6e;s&#46;&#x6d;&#x61;t&#122;&#x6e;&#x65;r&#64;&#x65;l&#101;&#x63;&#x74;r&#111;&#x73;&#x75;i&#115;&#x73;e&#46;&#x63;&#x68;\">ha&#110;&#115;&#46;&#x6d;&#x61;&#x74;&#x7a;ne&#114;&#64;&#101;&#x6c;&#x65;&#x63;&#x74;ro&#115;&#117;&#105;&#x73;&#x73;&#x65;&#x2e;ch<\/a><\/div><\/div><\/div><\/div><\/div><div class=\"contact_container_outer\"><div class=\"contact_container\"><div class=\"contact row middle-xs\"><div class=\"contact__img col-sm-5 col-xs-12\"><img decoding=\"async\" src=\"\/wp-content\/themes\/SCHMUCKI_child\/img\/contact_placeholder.jpg\" alt=\"Consulenza, ispezione, engineering \" \/><\/div><div class=\"contact__info col-sm-7 col-xs-12\"><p><b>Consulenza, ispezione, engineering <\/b><br>Servizio interno<\/p><div class=\"phone has-link\"><a href=\"tel:+41585951199\">+41 58 595 11 99<\/a><\/div><div class=\"mail has-link\"><a href=\"mailto:&#98;&#x65;&#114;&#x61;&#116;&#x75;&#110;&#x67;&#64;&#x65;&#108;&#x65;&#99;&#x74;&#114;&#x6f;&#115;&#x75;&#105;&#x73;&#115;&#x65;&#46;&#x63;&#104;\">&#98;&#x65;r&#97;&#x74;u&#110;&#x67;&#64;&#101;&#x6c;e&#99;&#x74;r&#111;&#x73;u&#105;&#x73;s&#101;&#x2e;c&#104;<\/a><\/div><\/div><\/div><\/div><\/div><\/div><\/div>[\/vc_column][\/vc_row]<\/p>\n<\/div>","protected":false},"excerpt":{"rendered":"<p>[vc_row][vc_column][vc_column_text]Gli attuali sviluppi nel campo dell&#8217;approvvigionamento energetico e le nuove possibilit\u00e0 di utilizzo pongono grandi sfide alla rete energetica.[\/vc_column_text][vc_column_text]Le aziende fornitrici di energia, le imprese industriali o i grandi consumatori che dispongono di reti proprie si trovano di fronte alla difficolt\u00e0 di integrare i nuovi componenti nel sistema energetico, di impedire le strozzature della rete [&hellip;]<\/p>\n","protected":false},"author":28,"featured_media":0,"parent":4118,"menu_order":220,"comment_status":"closed","ping_status":"closed","template":"","meta":{"_acf_changed":false,"footnotes":""},"class_list":["post-32515","page","type-page","status-publish","hentry"],"acf":[],"yoast_head":"<!-- This site is optimized with the Yoast SEO Premium plugin v25.1 (Yoast SEO v25.1) - https:\/\/yoast.com\/wordpress\/plugins\/seo\/ -->\n<title>Calcolo della rete - Electrosuisse<\/title>\n<meta name=\"description\" content=\"Visualizzazione e calcolo delle capacit\u00e0 di rete. Electrosuisse esegue un&#039;analisi globale della rete con un modello statico (NEPLAN).\" \/>\n<meta name=\"robots\" content=\"noindex, follow, max-snippet:-1, max-image-preview:large, max-video-preview:-1\" \/>\n<meta property=\"og:locale\" content=\"it_IT\" \/>\n<meta property=\"og:type\" content=\"article\" \/>\n<meta property=\"og:title\" content=\"Calcolo della rete - Electrosuisse\" \/>\n<meta property=\"og:description\" content=\"Visualizzazione e calcolo delle capacit\u00e0 di rete. Electrosuisse esegue un&#039;analisi globale della rete con un modello statico (NEPLAN).\" \/>\n<meta property=\"og:url\" content=\"https:\/\/dev-web.electrosuisse.ch\/it\/engineering\/calcolo-della-rete\/\" \/>\n<meta property=\"og:site_name\" content=\"Electrosuisse\" \/>\n<meta property=\"article:modified_time\" content=\"2024-08-22T12:17:44+00:00\" \/>\n<meta property=\"og:image\" content=\"https:\/\/dev-web.electrosuisse.ch\/wp-content\/uploads\/2022\/12\/Electrosuisse_Ueber_uns_1578x650.jpg\" \/>\n\t<meta property=\"og:image:width\" content=\"1578\" \/>\n\t<meta property=\"og:image:height\" content=\"650\" \/>\n\t<meta property=\"og:image:type\" content=\"image\/jpeg\" \/>\n<script type=\"application\/ld+json\" class=\"yoast-schema-graph\">{\"@context\":\"https:\/\/schema.org\",\"@graph\":[{\"@type\":\"WebPage\",\"@id\":\"https:\/\/dev-web.electrosuisse.ch\/it\/engineering\/calcolo-della-rete\/\",\"url\":\"https:\/\/dev-web.electrosuisse.ch\/it\/engineering\/calcolo-della-rete\/\",\"name\":\"Calcolo della rete - Electrosuisse\",\"isPartOf\":{\"@id\":\"https:\/\/dev-web.electrosuisse.ch\/it\/#website\"},\"datePublished\":\"2023-11-06T15:09:37+00:00\",\"dateModified\":\"2024-08-22T12:17:44+00:00\",\"description\":\"Visualizzazione e calcolo delle capacit\u00e0 di rete. Electrosuisse esegue un'analisi globale della rete con un modello statico (NEPLAN).\",\"breadcrumb\":{\"@id\":\"https:\/\/dev-web.electrosuisse.ch\/it\/engineering\/calcolo-della-rete\/#breadcrumb\"},\"inLanguage\":\"it-IT\",\"potentialAction\":[{\"@type\":\"ReadAction\",\"target\":[\"https:\/\/dev-web.electrosuisse.ch\/it\/engineering\/calcolo-della-rete\/\"]}]},{\"@type\":\"BreadcrumbList\",\"@id\":\"https:\/\/dev-web.electrosuisse.ch\/it\/engineering\/calcolo-della-rete\/#breadcrumb\",\"itemListElement\":[{\"@type\":\"ListItem\",\"position\":1,\"name\":\"Engineering\",\"item\":\"https:\/\/dev-web.electrosuisse.ch\/it\/engineering\/\"},{\"@type\":\"ListItem\",\"position\":2,\"name\":\"Calcolo della rete\"}]},{\"@type\":\"WebSite\",\"@id\":\"https:\/\/dev-web.electrosuisse.ch\/it\/#website\",\"url\":\"https:\/\/dev-web.electrosuisse.ch\/it\/\",\"name\":\"Electrosuisse\",\"description\":\"\",\"publisher\":{\"@id\":\"https:\/\/dev-web.electrosuisse.ch\/it\/#organization\"},\"potentialAction\":[{\"@type\":\"SearchAction\",\"target\":{\"@type\":\"EntryPoint\",\"urlTemplate\":\"https:\/\/dev-web.electrosuisse.ch\/it\/?s={search_term_string}\"},\"query-input\":{\"@type\":\"PropertyValueSpecification\",\"valueRequired\":true,\"valueName\":\"search_term_string\"}}],\"inLanguage\":\"it-IT\"},{\"@type\":\"Organization\",\"@id\":\"https:\/\/dev-web.electrosuisse.ch\/it\/#organization\",\"name\":\"Electrosuisse\",\"url\":\"https:\/\/dev-web.electrosuisse.ch\/it\/\",\"logo\":{\"@type\":\"ImageObject\",\"inLanguage\":\"it-IT\",\"@id\":\"https:\/\/dev-web.electrosuisse.ch\/it\/#\/schema\/logo\/image\/\",\"url\":\"https:\/\/dev-web.electrosuisse.ch\/wp-content\/uploads\/2025\/04\/Electrosuisse_Logo_696x696.png\",\"contentUrl\":\"https:\/\/dev-web.electrosuisse.ch\/wp-content\/uploads\/2025\/04\/Electrosuisse_Logo_696x696.png\",\"width\":696,\"height\":696,\"caption\":\"Electrosuisse\"},\"image\":{\"@id\":\"https:\/\/dev-web.electrosuisse.ch\/it\/#\/schema\/logo\/image\/\"},\"sameAs\":[\"https:\/\/www.linkedin.com\/company\/electrosuisse-ag\/posts\/?feedView=all\",\"https:\/\/www.instagram.com\/electrosuisse1889\/\",\"https:\/\/www.youtube.com\/channel\/UCoOxohMiVE0Gjcdis1L09zw\"],\"description\":\"Electrosuisse ist eine anerkannte und unabh\u00e4ngige Fachorganisation, die erstklassige Dienstleistungen und Produkte in den Bereichen Inspektion, Beratung, Pr\u00fcfung, Zertifizierung, Normung und Weiterbildung anbietet. Unsere Expertise umfasst Elektrotechnik, Elektromobilit\u00e4t, Energieberatung, Geb\u00e4udeautomation und Photovoltaik in der Schweiz. Durch die Veranstaltung etablierter Branchen-Events und Fachtagungen f\u00f6rdert Electrosuisse den Wissenstransfer und den fachlichen Austausch. Im Mittelpunkt unserer T\u00e4tigkeiten steht die F\u00f6rderung der sicheren, wirtschaftlichen und umweltgerechten Anwendung der Elektrotechnik.\"}]}<\/script>\n<!-- \/ Yoast SEO Premium plugin. -->","yoast_head_json":{"title":"Calcolo della rete - Electrosuisse","description":"Visualizzazione e calcolo delle capacit\u00e0 di rete. Electrosuisse esegue un'analisi globale della rete con un modello statico (NEPLAN).","robots":{"index":"noindex","follow":"follow","max-snippet":"max-snippet:-1","max-image-preview":"max-image-preview:large","max-video-preview":"max-video-preview:-1"},"og_locale":"it_IT","og_type":"article","og_title":"Calcolo della rete - Electrosuisse","og_description":"Visualizzazione e calcolo delle capacit\u00e0 di rete. Electrosuisse esegue un'analisi globale della rete con un modello statico (NEPLAN).","og_url":"https:\/\/dev-web.electrosuisse.ch\/it\/engineering\/calcolo-della-rete\/","og_site_name":"Electrosuisse","article_modified_time":"2024-08-22T12:17:44+00:00","og_image":[{"width":1578,"height":650,"url":"https:\/\/dev-web.electrosuisse.ch\/wp-content\/uploads\/2022\/12\/Electrosuisse_Ueber_uns_1578x650.jpg","type":"image\/jpeg"}],"schema":{"@context":"https:\/\/schema.org","@graph":[{"@type":"WebPage","@id":"https:\/\/dev-web.electrosuisse.ch\/it\/engineering\/calcolo-della-rete\/","url":"https:\/\/dev-web.electrosuisse.ch\/it\/engineering\/calcolo-della-rete\/","name":"Calcolo della rete - Electrosuisse","isPartOf":{"@id":"https:\/\/dev-web.electrosuisse.ch\/it\/#website"},"datePublished":"2023-11-06T15:09:37+00:00","dateModified":"2024-08-22T12:17:44+00:00","description":"Visualizzazione e calcolo delle capacit\u00e0 di rete. Electrosuisse esegue un'analisi globale della rete con un modello statico (NEPLAN).","breadcrumb":{"@id":"https:\/\/dev-web.electrosuisse.ch\/it\/engineering\/calcolo-della-rete\/#breadcrumb"},"inLanguage":"it-IT","potentialAction":[{"@type":"ReadAction","target":["https:\/\/dev-web.electrosuisse.ch\/it\/engineering\/calcolo-della-rete\/"]}]},{"@type":"BreadcrumbList","@id":"https:\/\/dev-web.electrosuisse.ch\/it\/engineering\/calcolo-della-rete\/#breadcrumb","itemListElement":[{"@type":"ListItem","position":1,"name":"Engineering","item":"https:\/\/dev-web.electrosuisse.ch\/it\/engineering\/"},{"@type":"ListItem","position":2,"name":"Calcolo della rete"}]},{"@type":"WebSite","@id":"https:\/\/dev-web.electrosuisse.ch\/it\/#website","url":"https:\/\/dev-web.electrosuisse.ch\/it\/","name":"Electrosuisse","description":"","publisher":{"@id":"https:\/\/dev-web.electrosuisse.ch\/it\/#organization"},"potentialAction":[{"@type":"SearchAction","target":{"@type":"EntryPoint","urlTemplate":"https:\/\/dev-web.electrosuisse.ch\/it\/?s={search_term_string}"},"query-input":{"@type":"PropertyValueSpecification","valueRequired":true,"valueName":"search_term_string"}}],"inLanguage":"it-IT"},{"@type":"Organization","@id":"https:\/\/dev-web.electrosuisse.ch\/it\/#organization","name":"Electrosuisse","url":"https:\/\/dev-web.electrosuisse.ch\/it\/","logo":{"@type":"ImageObject","inLanguage":"it-IT","@id":"https:\/\/dev-web.electrosuisse.ch\/it\/#\/schema\/logo\/image\/","url":"https:\/\/dev-web.electrosuisse.ch\/wp-content\/uploads\/2025\/04\/Electrosuisse_Logo_696x696.png","contentUrl":"https:\/\/dev-web.electrosuisse.ch\/wp-content\/uploads\/2025\/04\/Electrosuisse_Logo_696x696.png","width":696,"height":696,"caption":"Electrosuisse"},"image":{"@id":"https:\/\/dev-web.electrosuisse.ch\/it\/#\/schema\/logo\/image\/"},"sameAs":["https:\/\/www.linkedin.com\/company\/electrosuisse-ag\/posts\/?feedView=all","https:\/\/www.instagram.com\/electrosuisse1889\/","https:\/\/www.youtube.com\/channel\/UCoOxohMiVE0Gjcdis1L09zw"],"description":"Electrosuisse ist eine anerkannte und unabh\u00e4ngige Fachorganisation, die erstklassige Dienstleistungen und Produkte in den Bereichen Inspektion, Beratung, Pr\u00fcfung, Zertifizierung, Normung und Weiterbildung anbietet. Unsere Expertise umfasst Elektrotechnik, Elektromobilit\u00e4t, Energieberatung, Geb\u00e4udeautomation und Photovoltaik in der Schweiz. Durch die Veranstaltung etablierter Branchen-Events und Fachtagungen f\u00f6rdert Electrosuisse den Wissenstransfer und den fachlichen Austausch. Im Mittelpunkt unserer T\u00e4tigkeiten steht die F\u00f6rderung der sicheren, wirtschaftlichen und umweltgerechten Anwendung der Elektrotechnik."}]}},"_links":{"self":[{"href":"https:\/\/dev-web.electrosuisse.ch\/it\/wp-json\/wp\/v2\/pages\/32515","targetHints":{"allow":["GET"]}}],"collection":[{"href":"https:\/\/dev-web.electrosuisse.ch\/it\/wp-json\/wp\/v2\/pages"}],"about":[{"href":"https:\/\/dev-web.electrosuisse.ch\/it\/wp-json\/wp\/v2\/types\/page"}],"author":[{"embeddable":true,"href":"https:\/\/dev-web.electrosuisse.ch\/it\/wp-json\/wp\/v2\/users\/28"}],"replies":[{"embeddable":true,"href":"https:\/\/dev-web.electrosuisse.ch\/it\/wp-json\/wp\/v2\/comments?post=32515"}],"version-history":[{"count":8,"href":"https:\/\/dev-web.electrosuisse.ch\/it\/wp-json\/wp\/v2\/pages\/32515\/revisions"}],"predecessor-version":[{"id":36468,"href":"https:\/\/dev-web.electrosuisse.ch\/it\/wp-json\/wp\/v2\/pages\/32515\/revisions\/36468"}],"up":[{"embeddable":true,"href":"https:\/\/dev-web.electrosuisse.ch\/it\/wp-json\/wp\/v2\/pages\/4118"}],"wp:attachment":[{"href":"https:\/\/dev-web.electrosuisse.ch\/it\/wp-json\/wp\/v2\/media?parent=32515"}],"curies":[{"name":"wp","href":"https:\/\/api.w.org\/{rel}","templated":true}]}}