{"id":26906,"date":"2022-04-06T09:06:14","date_gmt":"2022-04-06T07:06:14","guid":{"rendered":"https:\/\/dev-web.electrosuisse.ch\/inspektion\/"},"modified":"2023-01-17T09:33:37","modified_gmt":"2023-01-17T08:33:37","slug":"ispezioni","status":"publish","type":"page","link":"https:\/\/dev-web.electrosuisse.ch\/it\/ispezioni\/","title":{"rendered":"Ispezioni"},"content":{"rendered":"<div class=\"wpb-content-wrapper\"><p>[vc_row][vc_column][vc_column_text el_class=&#8221;lead&#8221;]All&#8217;interno dell&#8217;organizzazione specialistica Electrosuisse, gli esperti del reparto Ispezione si occupano di garantire la sicurezza degli impianti elettrici. In qualit\u00e0 di organismo indipendente e neutrale, effettuiamo ispezioni in tutta la Svizzera e rispondiamo a domande tecniche in tutte le lingue nazionali.[\/vc_column_text][vc_column_text]<\/p>\n<h4>Efficienza dei costi e sicurezza<\/h4>\n<p>Il nostro personale esperto vi consiglier\u00e0 in loco sulla sicurezza operativa nella gestione degli impianti elettrici. Garantiamo la qualit\u00e0 degli impianti elettrici mediante controlli periodici e, nel caso di nuovi impianti, eseguiamo i necessari collaudi. In questo modo garantiamo la sicurezza dei vostri impianti e provvediamo a che riceviate dai dai vostri fornitori ci\u00f2 che avete ordinato. In caso di questioni pi\u00f9 complesse potete usufruire del supporto del nostro reparto Engineering che, ad esempio, elabora piani di sicurezza adeguati.<\/p>\n<h4>Conformit\u00e0 ed efficienza<\/h4>\n<p>In qualit\u00e0 di servizio di ispezione accreditato, con oltre cento anni di esperienza, siamo anche in grado di determinare lo stato di sicurezza delle installazioni anche in ambito industriale e nelle infrastrutture critiche. Dimostriamo le potenzialit\u00e0 di ottimizzazione e forniamo le necessarie certificazioni di sicurezza.<\/p>\n<h4>Sostenibilit\u00e0 e orientamento al futuro:<\/h4>\n<p>Siamo revisori accreditati e certifichiamo, tra l&#8217;altro, l&#8217;origine ecologica delle energie rinnovabili. Grazie a piani d&#8217;azione attuabili per ridurre l&#8217;uso delle risorse forniamo un importante contributo alla svolta energetica.[\/vc_column_text][\/vc_column][\/vc_row][vc_row el_id=&#8221;sicherheit&#8221;][vc_column][vc_column_text]<\/p>\n<h2>Le nostre conoscenze per la vostra sicurezza<\/h2>\n<p>[\/vc_column_text]<div class=\"wpb_process_column wpb_content_element\"><div class=\"wpb_wrapper\"><div class=\"process_container\"><div class=\"process\"><div class=\"process__symbol process__symbol--round\"><\/div><div class=\"process__content\"><h4>Protezione dai fulmini efficace<\/h4><p>Voi adottate i giusti provvedimenti per le vostre costruzioni, noi vi forniamo il nostro supporto a riguardo.<\/p>\n<\/div><\/div><div class=\"process\"><div class=\"process__symbol process__symbol--round\"><\/div><div class=\"process__content\"><h4>Individuare i punti deboli sospetti<\/h4><p>Per analizzare le condizioni del vostro impianto disponiamo di comprovati esperti nel settore della termografia elettrica<\/p>\n<\/div><\/div><div class=\"process\"><div class=\"process__symbol process__symbol--round\"><\/div><div class=\"process__content\"><h4>Sicurezza delle apparecchiature assiemate di protezione<\/h4><p>Vi forniamo il nostro supporto con i nostri servizi per la sicurezza del personale e degli impianti.<\/p>\n<\/div><\/div><div class=\"process\"><div class=\"process__symbol process__symbol--round\"><\/div><div class=\"process__content\"><h4>Lavoro organizzato e in tutta sicurezza<\/h4><p>Con un piano di sicurezza definite le responsabilit\u00e0 di gestione e contribuite a incentivare un uso accorto degli impianti elettrici. Vi coadiuviamo nell\u2019elaborazione e nell\u2019attuazione.<\/p>\n<\/div><\/div><div class=\"process\"><div class=\"process__symbol process__symbol--round\"><\/div><div class=\"process__content\"><h4>Sicurezza sulla rete stradale nazionale e nelle gallerie ferroviarie<\/h4><p>Tramite le verifiche dei prodotti, i controlli qualitativi, i collaudi e i piani di sicurezza provvediamo a garantire la sicurezza sulla rete stradale nazionale e nelle gallerie ferroviarie.<\/p>\n<\/div><\/div>\n<\/div><\/div><\/div>[\/vc_column][\/vc_row][vc_row el_id=&#8221;rleiter&#8221;][vc_column][vc_column_text]<\/p>\n<h2>I vostri interlocutori personali<\/h2>\n<p>[\/vc_column_text][vc_column_text]Con un centinaio di specialisti, Electrosuisse dispone del massimo livello di competenza nel campo della sicurezza e della disponibilit\u00e0 elettrica. Non esitate a contattarci![\/vc_column_text]<div class=\"wpb_people_column wpb_content_element\"><div class=\"wpb_wrapper\"><div class=\"people_container\"><h3>I nostri responsabili regionali<\/h3><div class=\"row\"><div class=\"people col-sm-6 col-md-4\"><div class=\"people__img\"><img decoding=\"async\" src=\"https:\/\/dev-web.electrosuisse.ch\/wp-content\/uploads\/2024\/08\/DominicKuhn_320x320.png\" alt=\"Dominic Kuhn\" \/><\/div><div class=\"people__info contact__info\"><p><b>Dominic Kuhn<\/b><br>Responsabile della regione Berna\/Soletta\/Friburgo<\/p><div class=\"mail has-link\"><a href=\"mailto:d&#111;&#x6d;&#x69;n&#105;&#x63;&#x2e;k&#117;&#x68;&#x6e;&#64;&#101;&#x6c;&#x65;c&#116;&#x72;&#x6f;s&#117;&#105;&#x73;&#x73;e&#46;&#x63;&#x68;\">d&#111;&#x6d;&#x69;n&#105;&#x63;&#x2e;k&#117;&#x68;&#x6e;&#64;&#101;&#x6c;&#x65;c&#116;&#x72;&#x6f;s&#117;&#105;&#x73;&#x73;e&#46;&#x63;&#x68;<\/span><\/a><\/div><\/div><\/div><div class=\"people col-sm-6 col-md-4\"><div class=\"people__img\"><img decoding=\"async\" src=\"https:\/\/dev-web.electrosuisse.ch\/wp-content\/uploads\/2023\/12\/ReinerBoettcher_320x320.jpg\" alt=\"Reiner B\u00f6ttcher\" \/><\/div><div class=\"people__info contact__info\"><p><b>Reiner B\u00f6ttcher<\/b><br>Responsabile della regione Nord Ovest<\/p><div class=\"mail has-link\"><a href=\"mailto:&#x72;&#101;&#105;&#x6e;&#x65;&#114;&#46;&#x62;&#x6f;&#101;&#116;&#x74;&#x63;&#104;&#101;&#x72;&#x40;&#101;&#108;&#x65;&#x63;&#116;&#114;&#x6f;&#x73;&#117;&#105;&#x73;&#x73;&#101;&#46;&#x63;&#x68;\">&#x72;&#101;&#105;&#x6e;&#x65;&#114;&#46;&#x62;&#x6f;&#101;&#116;&#x74;&#x63;&#104;&#101;&#x72;&#x40;&#101;&#108;&#x65;&#x63;&#116;&#114;&#x6f;&#x73;&#117;&#105;&#x73;&#x73;&#101;&#46;&#x63;&#x68;<\/span><\/a><\/div><\/div><\/div><div class=\"people col-sm-6 col-md-4\"><div class=\"people__img\"><img decoding=\"async\" src=\"https:\/\/dev-web.electrosuisse.ch\/wp-content\/uploads\/2022\/04\/BramatoRene_320x320.jpg\" alt=\"Ren\u00e9 Bramato\" \/><\/div><div class=\"people__info contact__info\"><p><b>Ren\u00e9 Bramato<\/b><br>Responsabile della regione Argovia<\/p><div class=\"mail has-link\"><a href=\"mailto:rene&#46;&#98;&#114;&#97;&#109;&#97;&#116;&#x6f;&#x40;&#x65;&#x6c;&#x65;&#x63;&#x74;&#x72;&#x6f;suis&#115;&#101;&#46;&#99;&#104;\">rene&#46;&#98;&#114;&#97;&#109;&#97;&#116;&#x6f;&#x40;&#x65;&#x6c;&#x65;&#x63;&#x74;&#x72;&#x6f;suis&#115;&#101;&#46;&#99;&#104;<\/span><\/a><\/div><\/div><\/div><div class=\"people col-sm-6 col-md-4\"><div class=\"people__img\"><img decoding=\"async\" src=\"https:\/\/dev-web.electrosuisse.ch\/wp-content\/uploads\/2023\/12\/Jareb_Samir_320x320_.jpg\" alt=\"Samir Jareb \" \/><\/div><div class=\"people__info contact__info\"><p><b>Samir Jareb <\/b><br>Responsabile della regione Vallese<\/p><div class=\"mail has-link\"><a href=\"mailto:&#x73;&#x61;&#x6d;&#105;&#114;&#46;j&#x61;&#x72;&#x65;&#x62;&#64;&#101;le&#x63;&#x74;&#x72;&#111;&#115;&#117;is&#x73;&#x65;&#x2e;&#99;&#104;\">&#x73;&#x61;&#x6d;&#105;&#114;&#46;j&#x61;&#x72;&#x65;&#x62;&#64;&#101;le&#x63;&#x74;&#x72;&#111;&#115;&#117;is&#x73;&#x65;&#x2e;&#99;&#104;<\/span><\/a><\/div><\/div><\/div><div class=\"people col-sm-6 col-md-4\"><div class=\"people__img\"><img decoding=\"async\" src=\"https:\/\/dev-web.electrosuisse.ch\/wp-content\/uploads\/2021\/10\/BraunschweilerSimon_320x320-1.jpg\" alt=\"Simon Braunschweiler\" \/><\/div><div class=\"people__info contact__info\"><p><b>Simon Braunschweiler<\/b><br>Responsabile della regione Zurigo<\/p><div class=\"mail has-link\"><a href=\"mailto:&#x73;&#x69;&#109;&#111;n&#46;&#x62;&#x72;&#x61;&#117;ns&#x63;&#x68;&#x77;&#101;&#105;l&#x65;&#x72;&#x40;&#101;&#108;e&#x63;&#x74;&#x72;&#111;&#115;ui&#x73;&#x73;&#x65;&#46;ch\">&#x73;&#x69;&#109;&#111;n&#46;&#x62;&#x72;&#x61;&#117;ns&#x63;&#x68;&#x77;&#101;&#105;l&#x65;&#x72;&#x40;&#101;&#108;e&#x63;&#x74;&#x72;&#111;&#115;ui&#x73;&#x73;&#x65;&#46;ch<\/span><\/a><\/div><\/div><\/div><div class=\"people col-sm-6 col-md-4\"><div class=\"people__img\"><img decoding=\"async\" src=\"https:\/\/dev-web.electrosuisse.ch\/wp-content\/uploads\/2021\/10\/KuenzliMarkus_320x320.jpg\" alt=\"Markus K\u00fcnzli\" \/><\/div><div class=\"people__info contact__info\"><p><b>Markus K\u00fcnzli<\/b><br>Responsabile della regione Svizzera centrale<\/p><div class=\"mail has-link\"><a href=\"mailto:&#x6d;&#97;r&#x6b;&#117;&#115;&#x2e;&#x6b;&#117;e&#x6e;&#122;l&#x69;&#x40;&#101;l&#x65;&#99;t&#x72;&#x6f;&#115;u&#x69;&#115;s&#x65;&#x2e;&#99;h\">&#x6d;&#97;r&#x6b;&#117;&#115;&#x2e;&#x6b;&#117;e&#x6e;&#122;l&#x69;&#x40;&#101;l&#x65;&#99;t&#x72;&#x6f;&#115;u&#x69;&#115;s&#x65;&#x2e;&#99;h<\/span><\/a><\/div><\/div><\/div><div class=\"people col-sm-6 col-md-4\"><div class=\"people__img\"><img decoding=\"async\" src=\"https:\/\/dev-web.electrosuisse.ch\/wp-content\/uploads\/2024\/12\/LucasChollet_320x320.png\" alt=\"Lucas Chollet\" \/><\/div><div class=\"people__info contact__info\"><p><b>Lucas Chollet<\/b><br>Responsabile della regione Friburgo\/Neuch\u00e2tel\/Giura<\/p><div class=\"mail has-link\"><a href=\"mailto:l&#117;&#99;&#97;&#x73;&#x2e;&#x63;ho&#108;&#108;&#x65;&#x74;&#x40;&#x65;le&#99;&#116;&#x72;&#x6f;&#x73;&#x75;i&#115;&#115;&#101;&#x2e;&#x63;&#x68;\">l&#117;&#99;&#97;&#x73;&#x2e;&#x63;ho&#108;&#108;&#x65;&#x74;&#x40;&#x65;le&#99;&#116;&#x72;&#x6f;&#x73;&#x75;i&#115;&#115;&#101;&#x2e;&#x63;&#x68;<\/span><\/a><\/div><\/div><\/div><div class=\"people col-sm-6 col-md-4\"><div class=\"people__img\"><img decoding=\"async\" src=\"https:\/\/dev-web.electrosuisse.ch\/wp-content\/uploads\/2021\/09\/MoosbergerAndreas_320x320.jpg\" alt=\"Andreas Moosberger\" \/><\/div><div class=\"people__info contact__info\"><p><b>Andreas Moosberger<\/b><br>Responsabile della regione Svizzera orientale<\/p><div class=\"mail has-link\"><a href=\"mailto:andrea&#115;&#46;&#109;&#111;&#111;&#115;&#98;&#x65;&#x72;&#x67;&#x65;&#x72;&#x40;&#x65;&#x6c;&#x65;&#x63;&#x74;&#x72;osuiss&#101;&#46;&#99;&#104;\">andrea&#115;&#46;&#109;&#111;&#111;&#115;&#98;&#x65;&#x72;&#x67;&#x65;&#x72;&#x40;&#x65;&#x6c;&#x65;&#x63;&#x74;&#x72;osuiss&#101;&#46;&#99;&#104;<\/span><\/a><\/div><\/div><\/div><div class=\"people col-sm-6 col-md-4\"><div class=\"people__img\"><img decoding=\"async\" src=\"https:\/\/dev-web.electrosuisse.ch\/wp-content\/uploads\/2021\/09\/MoraJeanMarc_320x320.jpg\" alt=\"Jean-Marc Mora\" \/><\/div><div class=\"people__info contact__info\"><p><b>Jean-Marc Mora<\/b><br>Responsabile della regione lago Lemano<\/p><div class=\"mail has-link\"><a href=\"mailto:jea&#110;&#45;&#109;&#x61;&#x72;&#x63;&#x2e;&#x6d;&#x6f;ra&#64;&#101;&#108;&#101;&#99;&#x74;&#x72;&#x6f;&#x73;&#x75;&#x69;sse&#46;&#99;&#104;\">jea&#110;&#45;&#109;&#x61;&#x72;&#x63;&#x2e;&#x6d;&#x6f;ra&#64;&#101;&#108;&#101;&#99;&#x74;&#x72;&#x6f;&#x73;&#x75;&#x69;sse&#46;&#99;&#104;<\/span><\/a><\/div><\/div><\/div><div class=\"people col-sm-6 col-md-4\"><div class=\"people__img\"><img decoding=\"async\" src=\"https:\/\/dev-web.electrosuisse.ch\/wp-content\/uploads\/2021\/09\/QuinzAndreas_320x320.jpg\" alt=\"Andreas Quinz\" \/><\/div><div class=\"people__info contact__info\"><p><b>Andreas Quinz<\/b><br>Responsabile della regione Svizzera nord-orientale<\/p><div class=\"mail has-link\"><a href=\"mailto:&#x61;&#x6e;&#x64;&#114;&#101;&#97;s&#46;&#x71;&#x75;&#x69;&#x6e;&#122;&#64;el&#x65;&#x63;&#x74;&#x72;&#111;&#115;ui&#x73;&#x73;&#x65;&#x2e;&#99;&#104;\">&#x61;&#x6e;&#x64;&#114;&#101;&#97;s&#46;&#x71;&#x75;&#x69;&#x6e;&#122;&#64;el&#x65;&#x63;&#x74;&#x72;&#111;&#115;ui&#x73;&#x73;&#x65;&#x2e;&#99;&#104;<\/span><\/a><\/div><\/div><\/div><div class=\"people col-sm-6 col-md-4\"><div class=\"people__img\"><img decoding=\"async\" src=\"https:\/\/dev-web.electrosuisse.ch\/wp-content\/uploads\/2021\/09\/VanonciniAngelo_320x320.jpg\" alt=\"Angelo Vanoncini\" \/><\/div><div class=\"people__info contact__info\"><p><b>Angelo Vanoncini<\/b><br>Responsabile della regione Ticino<\/p><div class=\"mail has-link\"><a href=\"mailto:angelo&#46;vanoncini&#64;electro&#115;&#117;&#105;&#115;&#115;&#101;&#46;&#99;&#104;\">angelo&#46;vanoncini&#64;electro&#115;&#117;&#105;&#115;&#115;&#101;&#46;&#99;&#104;<\/span><\/a><\/div><\/div><\/div><\/div><\/div><\/div><\/div>[\/vc_column][\/vc_row]<\/p>\n<\/div>","protected":false},"excerpt":{"rendered":"<p>[vc_row][vc_column][vc_column_text el_class=&#8221;lead&#8221;]All&#8217;interno dell&#8217;organizzazione specialistica Electrosuisse, gli esperti del reparto Ispezione si occupano di garantire la sicurezza degli impianti elettrici. In qualit\u00e0 di organismo indipendente e neutrale, effettuiamo ispezioni in tutta la Svizzera e rispondiamo a domande tecniche in tutte le lingue nazionali.[\/vc_column_text][vc_column_text] Efficienza dei costi e sicurezza Il nostro personale esperto vi consiglier\u00e0 in loco [&hellip;]<\/p>\n","protected":false},"author":6,"featured_media":0,"parent":0,"menu_order":173,"comment_status":"closed","ping_status":"closed","template":"","meta":{"_acf_changed":false,"footnotes":""},"class_list":["post-26906","page","type-page","status-publish","hentry"],"acf":[],"yoast_head":"<!-- This site is optimized with the Yoast SEO Premium plugin v25.1 (Yoast SEO v25.1) - https:\/\/yoast.com\/wordpress\/plugins\/seo\/ -->\n<title>Ispezioni - Electrosuisse<\/title>\n<meta name=\"robots\" content=\"noindex, follow, max-snippet:-1, max-image-preview:large, max-video-preview:-1\" \/>\n<meta property=\"og:locale\" content=\"it_IT\" \/>\n<meta property=\"og:type\" content=\"article\" \/>\n<meta property=\"og:title\" content=\"Ispezioni - Electrosuisse\" \/>\n<meta property=\"og:description\" content=\"[vc_row][vc_column][vc_column_text el_class=&#8221;lead&#8221;]All&#8217;interno dell&#8217;organizzazione specialistica Electrosuisse, gli esperti del reparto Ispezione si occupano di garantire la sicurezza degli impianti elettrici. In qualit\u00e0 di organismo indipendente e neutrale, effettuiamo ispezioni in tutta la Svizzera e rispondiamo a domande tecniche in tutte le lingue nazionali.[\/vc_column_text][vc_column_text] Efficienza dei costi e sicurezza Il nostro personale esperto vi consiglier\u00e0 in loco [&hellip;]\" \/>\n<meta property=\"og:url\" content=\"https:\/\/dev-web.electrosuisse.ch\/it\/ispezioni\/\" \/>\n<meta property=\"og:site_name\" content=\"Electrosuisse\" \/>\n<meta property=\"article:modified_time\" content=\"2023-01-17T08:33:37+00:00\" \/>\n<meta property=\"og:image\" content=\"https:\/\/dev-web.electrosuisse.ch\/wp-content\/uploads\/2022\/12\/Electrosuisse_Ueber_uns_1578x650.jpg\" \/>\n\t<meta property=\"og:image:width\" content=\"1578\" \/>\n\t<meta property=\"og:image:height\" content=\"650\" \/>\n\t<meta property=\"og:image:type\" content=\"image\/jpeg\" \/>\n<script type=\"application\/ld+json\" class=\"yoast-schema-graph\">{\"@context\":\"https:\/\/schema.org\",\"@graph\":[{\"@type\":\"WebPage\",\"@id\":\"https:\/\/dev-web.electrosuisse.ch\/it\/ispezioni\/\",\"url\":\"https:\/\/dev-web.electrosuisse.ch\/it\/ispezioni\/\",\"name\":\"Ispezioni - Electrosuisse\",\"isPartOf\":{\"@id\":\"https:\/\/dev-web.electrosuisse.ch\/it\/#website\"},\"datePublished\":\"2022-04-06T07:06:14+00:00\",\"dateModified\":\"2023-01-17T08:33:37+00:00\",\"inLanguage\":\"it-IT\",\"potentialAction\":[{\"@type\":\"ReadAction\",\"target\":[\"https:\/\/dev-web.electrosuisse.ch\/it\/ispezioni\/\"]}]},{\"@type\":\"WebSite\",\"@id\":\"https:\/\/dev-web.electrosuisse.ch\/it\/#website\",\"url\":\"https:\/\/dev-web.electrosuisse.ch\/it\/\",\"name\":\"Electrosuisse\",\"description\":\"\",\"publisher\":{\"@id\":\"https:\/\/dev-web.electrosuisse.ch\/it\/#organization\"},\"potentialAction\":[{\"@type\":\"SearchAction\",\"target\":{\"@type\":\"EntryPoint\",\"urlTemplate\":\"https:\/\/dev-web.electrosuisse.ch\/it\/?s={search_term_string}\"},\"query-input\":{\"@type\":\"PropertyValueSpecification\",\"valueRequired\":true,\"valueName\":\"search_term_string\"}}],\"inLanguage\":\"it-IT\"},{\"@type\":\"Organization\",\"@id\":\"https:\/\/dev-web.electrosuisse.ch\/it\/#organization\",\"name\":\"Electrosuisse\",\"url\":\"https:\/\/dev-web.electrosuisse.ch\/it\/\",\"logo\":{\"@type\":\"ImageObject\",\"inLanguage\":\"it-IT\",\"@id\":\"https:\/\/dev-web.electrosuisse.ch\/it\/#\/schema\/logo\/image\/\",\"url\":\"https:\/\/dev-web.electrosuisse.ch\/wp-content\/uploads\/2025\/04\/Electrosuisse_Logo_696x696.png\",\"contentUrl\":\"https:\/\/dev-web.electrosuisse.ch\/wp-content\/uploads\/2025\/04\/Electrosuisse_Logo_696x696.png\",\"width\":696,\"height\":696,\"caption\":\"Electrosuisse\"},\"image\":{\"@id\":\"https:\/\/dev-web.electrosuisse.ch\/it\/#\/schema\/logo\/image\/\"},\"sameAs\":[\"https:\/\/www.linkedin.com\/company\/electrosuisse-ag\/posts\/?feedView=all\",\"https:\/\/www.instagram.com\/electrosuisse1889\/\",\"https:\/\/www.youtube.com\/channel\/UCoOxohMiVE0Gjcdis1L09zw\"],\"description\":\"Electrosuisse ist eine anerkannte und unabh\u00e4ngige Fachorganisation, die erstklassige Dienstleistungen und Produkte in den Bereichen Inspektion, Beratung, Pr\u00fcfung, Zertifizierung, Normung und Weiterbildung anbietet. Unsere Expertise umfasst Elektrotechnik, Elektromobilit\u00e4t, Energieberatung, Geb\u00e4udeautomation und Photovoltaik in der Schweiz. Durch die Veranstaltung etablierter Branchen-Events und Fachtagungen f\u00f6rdert Electrosuisse den Wissenstransfer und den fachlichen Austausch. Im Mittelpunkt unserer T\u00e4tigkeiten steht die F\u00f6rderung der sicheren, wirtschaftlichen und umweltgerechten Anwendung der Elektrotechnik.\"}]}<\/script>\n<!-- \/ Yoast SEO Premium plugin. -->","yoast_head_json":{"title":"Ispezioni - Electrosuisse","robots":{"index":"noindex","follow":"follow","max-snippet":"max-snippet:-1","max-image-preview":"max-image-preview:large","max-video-preview":"max-video-preview:-1"},"og_locale":"it_IT","og_type":"article","og_title":"Ispezioni - Electrosuisse","og_description":"[vc_row][vc_column][vc_column_text el_class=&#8221;lead&#8221;]All&#8217;interno dell&#8217;organizzazione specialistica Electrosuisse, gli esperti del reparto Ispezione si occupano di garantire la sicurezza degli impianti elettrici. In qualit\u00e0 di organismo indipendente e neutrale, effettuiamo ispezioni in tutta la Svizzera e rispondiamo a domande tecniche in tutte le lingue nazionali.[\/vc_column_text][vc_column_text] Efficienza dei costi e sicurezza Il nostro personale esperto vi consiglier\u00e0 in loco [&hellip;]","og_url":"https:\/\/dev-web.electrosuisse.ch\/it\/ispezioni\/","og_site_name":"Electrosuisse","article_modified_time":"2023-01-17T08:33:37+00:00","og_image":[{"width":1578,"height":650,"url":"https:\/\/dev-web.electrosuisse.ch\/wp-content\/uploads\/2022\/12\/Electrosuisse_Ueber_uns_1578x650.jpg","type":"image\/jpeg"}],"schema":{"@context":"https:\/\/schema.org","@graph":[{"@type":"WebPage","@id":"https:\/\/dev-web.electrosuisse.ch\/it\/ispezioni\/","url":"https:\/\/dev-web.electrosuisse.ch\/it\/ispezioni\/","name":"Ispezioni - Electrosuisse","isPartOf":{"@id":"https:\/\/dev-web.electrosuisse.ch\/it\/#website"},"datePublished":"2022-04-06T07:06:14+00:00","dateModified":"2023-01-17T08:33:37+00:00","inLanguage":"it-IT","potentialAction":[{"@type":"ReadAction","target":["https:\/\/dev-web.electrosuisse.ch\/it\/ispezioni\/"]}]},{"@type":"WebSite","@id":"https:\/\/dev-web.electrosuisse.ch\/it\/#website","url":"https:\/\/dev-web.electrosuisse.ch\/it\/","name":"Electrosuisse","description":"","publisher":{"@id":"https:\/\/dev-web.electrosuisse.ch\/it\/#organization"},"potentialAction":[{"@type":"SearchAction","target":{"@type":"EntryPoint","urlTemplate":"https:\/\/dev-web.electrosuisse.ch\/it\/?s={search_term_string}"},"query-input":{"@type":"PropertyValueSpecification","valueRequired":true,"valueName":"search_term_string"}}],"inLanguage":"it-IT"},{"@type":"Organization","@id":"https:\/\/dev-web.electrosuisse.ch\/it\/#organization","name":"Electrosuisse","url":"https:\/\/dev-web.electrosuisse.ch\/it\/","logo":{"@type":"ImageObject","inLanguage":"it-IT","@id":"https:\/\/dev-web.electrosuisse.ch\/it\/#\/schema\/logo\/image\/","url":"https:\/\/dev-web.electrosuisse.ch\/wp-content\/uploads\/2025\/04\/Electrosuisse_Logo_696x696.png","contentUrl":"https:\/\/dev-web.electrosuisse.ch\/wp-content\/uploads\/2025\/04\/Electrosuisse_Logo_696x696.png","width":696,"height":696,"caption":"Electrosuisse"},"image":{"@id":"https:\/\/dev-web.electrosuisse.ch\/it\/#\/schema\/logo\/image\/"},"sameAs":["https:\/\/www.linkedin.com\/company\/electrosuisse-ag\/posts\/?feedView=all","https:\/\/www.instagram.com\/electrosuisse1889\/","https:\/\/www.youtube.com\/channel\/UCoOxohMiVE0Gjcdis1L09zw"],"description":"Electrosuisse ist eine anerkannte und unabh\u00e4ngige Fachorganisation, die erstklassige Dienstleistungen und Produkte in den Bereichen Inspektion, Beratung, Pr\u00fcfung, Zertifizierung, Normung und Weiterbildung anbietet. Unsere Expertise umfasst Elektrotechnik, Elektromobilit\u00e4t, Energieberatung, Geb\u00e4udeautomation und Photovoltaik in der Schweiz. Durch die Veranstaltung etablierter Branchen-Events und Fachtagungen f\u00f6rdert Electrosuisse den Wissenstransfer und den fachlichen Austausch. Im Mittelpunkt unserer T\u00e4tigkeiten steht die F\u00f6rderung der sicheren, wirtschaftlichen und umweltgerechten Anwendung der Elektrotechnik."}]}},"_links":{"self":[{"href":"https:\/\/dev-web.electrosuisse.ch\/it\/wp-json\/wp\/v2\/pages\/26906","targetHints":{"allow":["GET"]}}],"collection":[{"href":"https:\/\/dev-web.electrosuisse.ch\/it\/wp-json\/wp\/v2\/pages"}],"about":[{"href":"https:\/\/dev-web.electrosuisse.ch\/it\/wp-json\/wp\/v2\/types\/page"}],"author":[{"embeddable":true,"href":"https:\/\/dev-web.electrosuisse.ch\/it\/wp-json\/wp\/v2\/users\/6"}],"replies":[{"embeddable":true,"href":"https:\/\/dev-web.electrosuisse.ch\/it\/wp-json\/wp\/v2\/comments?post=26906"}],"version-history":[{"count":13,"href":"https:\/\/dev-web.electrosuisse.ch\/it\/wp-json\/wp\/v2\/pages\/26906\/revisions"}],"predecessor-version":[{"id":28399,"href":"https:\/\/dev-web.electrosuisse.ch\/it\/wp-json\/wp\/v2\/pages\/26906\/revisions\/28399"}],"wp:attachment":[{"href":"https:\/\/dev-web.electrosuisse.ch\/it\/wp-json\/wp\/v2\/media?parent=26906"}],"curies":[{"name":"wp","href":"https:\/\/api.w.org\/{rel}","templated":true}]}}