{"id":21748,"date":"2022-04-09T19:21:13","date_gmt":"2022-04-09T17:21:13","guid":{"rendered":"https:\/\/dev-web.electrosuisse.ch\/?page_id=21748"},"modified":"2024-04-22T09:42:23","modified_gmt":"2024-04-22T07:42:23","slug":"mobilita","status":"publish","type":"page","link":"https:\/\/dev-web.electrosuisse.ch\/it\/mobilita\/","title":{"rendered":"Mobilit\u00e0"},"content":{"rendered":"<div class=\"wpb-content-wrapper\"><p>[vc_row][vc_column][vc_column_text el_class=&#8221;lead&#8221;]La mobilit\u00e0 intelligente, affidabile e priva di emissioni \u00e8 un fattore chiave per rendere il consumo energetico in questo settore compatibile con il clima. A tale scopo Electrosuisse, assieme alla sua azienda specializzata e-mobile, fornisce un ampio portafoglio di infrastrutture di ricarica per operatori e utenti costituito da ventitr\u00e9 diversi tipi di stazioni di ricarica presenti sul mercato svizzero e dieci sistemi di gestione del carico su cui l\u2019azienda tiene appositi corsi di formazione. Inoltre, e-mobile offre corsi di formazione e conferenze sulla mobilit\u00e0 elettrica.[\/vc_column_text][vc_column_text]<strong>Tutte le informazioni sui veicoli, le infrastrutture e le pubblicazioni sulla mobilit\u00e0 efficiente possono essere trovate su <a href=\"https:\/\/www.e-mobile.ch\/de\/\" target=\"_blank\" rel=\"noopener\">e-mobile.ch<\/a>.<\/strong>[\/vc_column_text][\/vc_column][\/vc_row][vc_row el_id=&#8221;courses&#8221;][vc_column][vc_column_text]<\/p>\n<h2>Manifestazioni<\/h2>\n<p>[\/vc_column_text]<div class=\"wpb_carousel_column wpb_carousel_column--event wpb_content_element\"><div class=\"wpb_wrapper\"><div class=\"event_container\"><div class=\"owl-carousel owl-theme\"><\/div><\/div><\/div><\/div><div class=\"wpb_button_column wpb_content_element wpb_content_element--left\"><div class=\"wpb_wrapper\"><div class=\"button button--ghost\"><a href=\"https:\/\/www.e-mobile.ch\/de\/veranstaltungen\/\" target=\"_blank\" >Calendario degli eventi e-mobile<\/a><\/div><\/div><\/div><div class=\"wpb_button_column wpb_content_element wpb_content_element--left\"><div class=\"wpb_wrapper\"><div class=\"button button--ghost\"><a href=\"https:\/\/dev-web.electrosuisse.ch\/de\/tagungen-energie-und-installationstechnik\/\">Panoramica e ulteriori informazioni sugli eventi<\/a><\/div><\/div><\/div><div class=\"wpb_document_column wpb_content_element\"><div class=\"wpb_wrapper\"><div class=\"document document--pdf\"><a href=\"https:\/\/dev-web.electrosuisse.ch\/wp-content\/uploads\/2025\/01\/Flyer_Veranstaltungsuebersicht_2025_A5_Web.pdf\" target=\"_blank\" rel=\"noopener\">Flyer manifestazioni ET e IT<\/a><\/div><\/div><\/div>[\/vc_column][\/vc_row][vc_row el_id=&#8221;engineering&#8221;][vc_column][vc_column_text]<\/p>\n<h2>Engineering<\/h2>\n<p>[\/vc_column_text]<div class=\"wpb_text_image_column wpb_content_element \"><div class=\"wpb_wrapper\"><div class=\"row middle-lg\"><div class=\"col-sm-6 col-xs-12\"><div class=\"picture_container\"><picture><source srcset=\"https:\/\/dev-web.electrosuisse.ch\/wp-content\/uploads\/2019\/10\/Electrosuisse_Eisenbahntunnel-585x300.jpg\"><img decoding=\"async\" src=\"https:\/\/dev-web.electrosuisse.ch\/wp-content\/uploads\/2019\/10\/Electrosuisse_Eisenbahntunnel-585x300.jpg\" alt=\"Sicurezza sulla rete stradale nazionale e nelle gallerie ferroviarie\" \/><\/picture><\/div><\/div><div class=\"col-sm-6 col-xs-12\"><h3>Sicurezza sulla rete stradale nazionale e nelle gallerie ferroviarie<\/h3><p>Tramite le verifiche dei prodotti, i controlli qualitativi, i collaudi e i piani di sicurezza provvediamo a garantire la sicurezza sulla rete stradale nazionale e nelle gallerie ferroviarie.<\/p>\n<div class=\"button button--normal\"><a href=\"https:\/\/dev-web.electrosuisse.ch\/it\/engineering_zz__trashed\/realizzazione\/rete-stradale-nazionale-e-gallerie-ferroviarie\/\">Scoprite di pi\u00f9 a riguardo<\/a><\/div><\/div><\/div><\/div><\/div><div class=\"wpb_text_image_column wpb_content_element \"><div class=\"wpb_wrapper\"><div class=\"row reverse middle-lg\"><div class=\"col-sm-6 col-xs-12\"><div class=\"picture_container\"><picture><source srcset=\"https:\/\/dev-web.electrosuisse.ch\/wp-content\/uploads\/2019\/04\/Electrosuisse_Energienutzungskonzept_iStock-491842814-1-e1554282952427-585x500.jpg\"><img decoding=\"async\" src=\"https:\/\/dev-web.electrosuisse.ch\/wp-content\/uploads\/2019\/04\/Electrosuisse_Energienutzungskonzept_iStock-491842814-1-e1554282952427-585x500.jpg\" alt=\"Progetto di utilizzo energetico\" \/><\/picture><\/div><\/div><div class=\"col-sm-6 col-xs-12\"><h3>Progetto di utilizzo energetico<\/h3><\/p>\n<h5>Utilizzo intelligente dell\u2019energia<\/h5>\n<p>L\u2019energia \u00e8 di norma presente, sempre e ovunque, tuttavia solo raramente nella forma e nella quantit\u00e0 al momento necessaria. Un progetto di utilizzo energetico pone contemporaneamente a confronto le fonti di energia disponibili e richieste, ossia la corrente elettrica, il calore e il freddo.<\/p>\n<p>L\u2019obiettivo del progetto di utilizzo energetico consiste nell\u2019uso ottimale delle diverse forme energetiche.<\/p>\n<div class=\"button button--normal\"><a href=\"https:\/\/dev-web.electrosuisse.ch\/it\/engineering\/utilizzo-intelligente-dellenergia\/\">Scoprite di pi\u00f9 a riguardo<\/a><\/div><\/div><\/div><\/div><\/div>[\/vc_column][\/vc_row][vc_row el_id=&#8221;products&#8221;][vc_column][vc_column_text]<\/p>\n<h2>Prodotti<\/h2>\n<p>[\/vc_column_text]<div class=\"wpb_text_image_column wpb_content_element \"><div class=\"wpb_wrapper\"><div class=\"row reverse middle-lg\"><div class=\"col-sm-6 col-xs-12\"><div class=\"picture_container\"><picture><source srcset=\"https:\/\/dev-web.electrosuisse.ch\/wp-content\/uploads\/2022\/04\/Der-Antrieb-der-Zukunft_585x500-585x500.jpg\"><img decoding=\"async\" src=\"https:\/\/dev-web.electrosuisse.ch\/wp-content\/uploads\/2022\/04\/Der-Antrieb-der-Zukunft_585x500-585x500.jpg\" alt=\"Mobilit\u00e0 elettrica: la trazione del futuro\" \/><\/picture><\/div><\/div><div class=\"col-sm-6 col-xs-12\"><h3>Mobilit\u00e0 elettrica: la trazione del futuro<\/h3><p>Con il supporto di <a href=\"https:\/\/www.svizzeraenergia.ch\/mobilita\/elettromobilita\/?pk_vid=c87b7e21ee4242ea167215418295b6f0\">EnergieSchweiz<\/a>, Electrosuisse ha sviluppato una Map, un opuscolo esplicativo e uno strumento interattivo che collega questi due elementi La Map fornisce informazioni strutturate, consentendo la facile applicazione delle conoscenze astratte a domande concrete.<\/p>\n<div class=\"button button--normal\"><a href=\"https:\/\/shop.electrosuisse.ch\/it\/DV-BROEMOBI-I-359334.html\" target=\"_blank\" rel=\"noopener\">Acquista ora<\/a><\/div><\/div><\/div><\/div><\/div><div class=\"wpb_text_image_column wpb_content_element \"><div class=\"wpb_wrapper\"><div class=\"row middle-lg\"><div class=\"col-sm-6 col-xs-12\"><div class=\"picture_container\"><picture><source srcset=\"https:\/\/dev-web.electrosuisse.ch\/wp-content\/uploads\/2021\/07\/Electrosuisse_Artmap_E-Mobile_Titelseite_it_585x500-585x500.jpg\"><img decoding=\"async\" src=\"https:\/\/dev-web.electrosuisse.ch\/wp-content\/uploads\/2021\/07\/Electrosuisse_Artmap_E-Mobile_Titelseite_it_585x500-585x500.jpg\" alt=\"ART-MAP: e-mobile\" \/><\/picture><\/div><\/div><div class=\"col-sm-6 col-xs-12\"><h3>ART-MAP: e-mobile<\/h3><p>Depliant A3<\/p>\n<div class=\"button button--normal\"><a href=\"https:\/\/shop.electrosuisse.ch\/it\/DV-MAPEMOBIA3I-359331.html\" target=\"_blank\" rel=\"noopener\">Acquista ora<\/a><\/div><\/div><\/div><\/div><\/div>[\/vc_column][\/vc_row][vc_row el_id=&#8221;news&#8221;][vc_column][vc_column_text]<\/p>\n<h2>News e articoli tecnici<\/h2>\n<p>[\/vc_column_text]<div class=\"wpb_news_column wpb_content_element\"><div class=\"wpb_wrapper\"><div class=\"news_container\"><div class=\"owl-carousel owl-theme\"><div class=\"news\"><a href=\"https:\/\/dev-web.electrosuisse.ch\/it\/nuove-tecnologie-per-lo-smantellamento-delle-batterie-delle-auto\/\" class=\"full\">Nuove tecnologie per lo smantellamento delle batterie delle auto<\/a><div class=\"news__img\"><div class=\"picture_container\"><img decoding=\"async\" src=\"https:\/\/dev-web.electrosuisse.ch\/wp-content\/uploads\/2023\/05\/Demontage_585x500-585x500.jpg\" alt=\"Nuove tecnologie per lo smantellamento delle batterie delle auto\" \/><\/div><\/div><div class=\"news__content\"><div class=\"content\"><span class=\"date is-news-date\">26 maggio 2023<\/span><h3>Nuove tecnologie per lo smantellamento delle batterie delle auto<\/h3><p>La decisione del Parlamento europeo di eliminare gradualmente il motore a combustione interna a partire dal 2035 lo ha stabilito il futuro dell'industria automobilistica sar\u00e0 elettrico. Tuttavia, poich\u00e9 un sistema di batterie ha una durata media di soli dieci anni, la montagna di batterie esauste sta crescendo e con essa il problema dello smaltimento e del riciclaggio dei componenti elettrici.<\/p><\/div><div class=\"button button--arrow-text\"><span>All'articolo<\/span><\/div><\/div><\/div><div class=\"news\"><a href=\"https:\/\/dev-web.electrosuisse.ch\/it\/piu-sostenibilita-nellelettromobilita\/\" class=\"full\">Pi\u00f9 sostenibilit\u00e0 nell&#8217;elettromobilit\u00e0<\/a><div class=\"news__img\"><div class=\"picture_container\"><img decoding=\"async\" src=\"https:\/\/dev-web.electrosuisse.ch\/wp-content\/uploads\/2023\/04\/Nachhaltigkeit-Elektromobilitaet_585x500-585x500.jpg\" alt=\"Pi\u00f9 sostenibilit\u00e0 nell&#8217;elettromobilit\u00e0\" \/><\/div><\/div><div class=\"news__content\"><div class=\"content\"><span class=\"date is-news-date\">6 aprile 2023<\/span><h3>Pi\u00f9 sostenibilit\u00e0 nell&#8217;elettromobilit\u00e0<\/h3><p>Per determinare le condizioni delle celle della batteria in modo pi\u00f9 preciso ed evitare onerose prove di laboratorio, presso il Fraunhofer IFAM di Brema \u00e8 stato ulteriormente sviluppato il metodo per determinare la resistenza della corrente alternata all'interno della batteria utilizzando la spettroscopia di impedenza dinamica. In questo modo \u00e8 possibile effettuare misurazioni durante il funzionamento, che consentono di trarre informazioni sulle prestazioni in tempo reale.<\/p><\/div><div class=\"button button--arrow-text\"><span>All'articolo<\/span><\/div><\/div><\/div><div class=\"news\"><a href=\"https:\/\/dev-web.electrosuisse.ch\/it\/vulnerabilita-di-sicurezza-dei-droni\/\" class=\"full\">Vulnerabilit\u00e0 di sicurezza dei droni<\/a><div class=\"news__img\"><div class=\"picture_container\"><img decoding=\"async\" src=\"https:\/\/dev-web.electrosuisse.ch\/wp-content\/uploads\/2023\/03\/Drohnensicherheit_585x500-585x500.jpg\" alt=\"Vulnerabilit\u00e0 di sicurezza dei droni\" \/><\/div><\/div><div class=\"news__content\"><div class=\"content\"><span class=\"date is-news-date\">10 marzo 2023<\/span><h3>Vulnerabilit\u00e0 di sicurezza dei droni<\/h3><p>Alcuni ricercatori di Bochum e Saarbr\u00fccken hanno individuato in diversi droni prodotti da DJI delle lacune di sicurezza, alcune delle quali gravi, che permettono di cambiare il numero di serie del drone o di disabilitarne i meccanismi.<\/p><\/div><div class=\"button button--arrow-text\"><span>All'articolo<\/span><\/div><\/div><\/div><div class=\"news\"><a href=\"https:\/\/dev-web.electrosuisse.ch\/it\/in-che-modo-la-temperatura-e-la-velocita-influenzano-lautonomia-delle-auto-elettriche\/\" class=\"full\">In che modo la temperatura e la velocit\u00e0 influenzano l&#8217;autonomia delle auto elettriche?<\/a><div class=\"news__img\"><div class=\"picture_container\"><img decoding=\"async\" src=\"https:\/\/dev-web.electrosuisse.ch\/wp-content\/uploads\/2023\/02\/Geotab_585x500-585x500.jpg\" alt=\"In che modo la temperatura e la velocit\u00e0 influenzano l&#8217;autonomia delle auto elettriche?\" \/><\/div><\/div><div class=\"news__content\"><div class=\"content\"><span class=\"date is-news-date\">10 febbraio 2023<\/span><h3>In che modo la temperatura e la velocit\u00e0 influenzano l&#8217;autonomia delle auto elettriche?<\/h3><p>Una nuova analisi presentata da Geotab prende in esame l\u2019impatto della velocit\u00e0 e della temperatura sull'autonomia dei veicoli elettrici mostrando come l'autonomia possa essere aumentata modificando il comportamento di guida.<\/p><\/div><div class=\"button button--arrow-text\"><span>All'articolo<\/span><\/div><\/div><\/div><div class=\"news\"><a href=\"https:\/\/dev-web.electrosuisse.ch\/it\/il-nuovo-sensore-permette-di-avere-piu-treni-su-una-linea\/\" class=\"full\">Il nuovo sensore permette di avere pi\u00f9 treni su una linea<\/a><div class=\"news__img\"><div class=\"picture_container\"><img decoding=\"async\" src=\"https:\/\/dev-web.electrosuisse.ch\/wp-content\/uploads\/2022\/12\/Neuer-Sensor_585x500-585x500.jpg\" alt=\"Il nuovo sensore permette di avere pi\u00f9 treni su una linea\" \/><\/div><\/div><div class=\"news__content\"><div class=\"content\"><span class=\"date is-news-date\">19 settembre 2022<\/span><h3>Il nuovo sensore permette di avere pi\u00f9 treni su una linea<\/h3><p>L'Istituto di Tecnologia di Karlsruhe e ITK Engineering hanno sviluppato un sensore che, tramite un'impronta digitale magnetica, \u00e8 in grado di determinare con precisione la posizione dei treni. Tale sistema potrebbe aumentare in modo significativo la capacit\u00e0 della rete ferroviaria esistente.<\/p><\/div><div class=\"button button--arrow-text\"><span>All'articolo<\/span><\/div><\/div><\/div><div class=\"news\"><a href=\"https:\/\/dev-web.electrosuisse.ch\/it\/la-roadmap-dellelettromobilita-prolungata-fino-al-2025\/\" class=\"full\">La roadmap dell\u2019elettromobilit\u00e0 prolungata fino al 2025<\/a><div class=\"news__img\"><div class=\"picture_container\"><img decoding=\"async\" src=\"https:\/\/dev-web.electrosuisse.ch\/wp-content\/uploads\/2022\/05\/Roadmap-Elektromobilitaet_585x500.jpg\" alt=\"La roadmap dell\u2019elettromobilit\u00e0 prolungata fino al 2025\" \/><\/div><\/div><div class=\"news__content\"><div class=\"content\"><span class=\"date is-news-date\">19 maggio 2022<\/span><h3>La roadmap dell\u2019elettromobilit\u00e0 prolungata fino al 2025<\/h3><p>La roadmap dell\u2019elettromobilit\u00e0 sta entrando in una nuova fase. Alti rappresentanti dei settori automobilistico, elettrico immobiliare e delle flotte di veicoli, nonch\u00e9 la Confederazione, i cantoni, le citt\u00e0 e i comuni hanno esteso la tabella di marcia al 2025. Per la nuova fase sono stati definiti tre nuovi obiettivi.<\/p><\/div><div class=\"button button--arrow-text\"><span>All'articolo<\/span><\/div><\/div><\/div><div class=\"news\"><a href=\"https:\/\/dev-web.electrosuisse.ch\/it\/puntare-in-alto-con-tecnologie-ferroviarie-ad-alta-efficienza-energetica\/\" class=\"full\">Puntare in alto con tecnologie ferroviarie ad alta efficienza energetica<\/a><div class=\"news__img\"><div class=\"picture_container\"><img decoding=\"async\" src=\"https:\/\/dev-web.electrosuisse.ch\/wp-content\/uploads\/2022\/11\/Bahntechnologie_585x500-585x500.jpg\" alt=\"Puntare in alto con tecnologie ferroviarie ad alta efficienza energetica\" \/><\/div><\/div><div class=\"news__content\"><div class=\"content\"><span class=\"date is-news-date\">19 aprile 2022<\/span><h3>Puntare in alto con tecnologie ferroviarie ad alta efficienza energetica<\/h3><p>Circa 150 anni dopo l'inaugurazione della prima ferrovia di montagna a cremagliera d'Europa che collega Vitznau, sul Lago dei Quattro Cantoni, a Rigi Staffelh\u00f6he, la flotta della Rigi Bahnen AG viene rinnovata con moderni convogli.<\/p><\/div><div class=\"button button--arrow-text\"><span>All'articolo<\/span><\/div><\/div><\/div><\/div><\/div><\/div><\/div><div class=\"wpb_gap_column wpb_content_element\"><div class=\"wpb_wrapper\"><div class=\"gap gap--small\"><\/div><\/div><\/div>[vc_column_text]<\/p>\n<h4>Articoli su bulletin.ch<\/h4>\n<p>[\/vc_column_text][vc_column_text]<a href=\"https:\/\/www.bulletin.ch\/fr\/themes\/category\/mobilite.html\" target=\"_blank\" rel=\"noopener\">bulletin.ch #mobilitaet<\/a>[\/vc_column_text]<div class=\"wpb_gap_column wpb_content_element\"><div class=\"wpb_wrapper\"><div class=\"gap gap--small\"><\/div><\/div><\/div>[vc_column_text]<\/p>\n<h2>Newsflash<\/h2>\n<p>[\/vc_column_text][vc_column_text]Sei interessato al nostro topic newsflash \u00abMobilit\u00e0\u00bb?<\/p>\n<p>Iscriviti ora:[\/vc_column_text]<div class=\"wpb_button_column wpb_content_element wpb_content_element--left\"><div class=\"wpb_wrapper\"><div class=\"button button--ghost\"><a href=\"https:\/\/subscribe.newsletter2go.com\/?n2g=hqfmsc8j-cg2b8hn7-f9y&_ga=2.140955442.1260104048.1648205176-1145216005.1607948334\" target=\"_blank\" >Registrazione per il Newsflash \u00abMobilit\u00e0\u00bb<\/a><\/div><\/div><\/div>[\/vc_column][\/vc_row]<\/p>\n<\/div>","protected":false},"excerpt":{"rendered":"<p>[vc_row][vc_column][vc_column_text el_class=&#8221;lead&#8221;]La mobilit\u00e0 intelligente, affidabile e priva di emissioni \u00e8 un fattore chiave per rendere il consumo energetico in questo settore compatibile con il clima. A tale scopo Electrosuisse, assieme alla sua azienda specializzata e-mobile, fornisce un ampio portafoglio di infrastrutture di ricarica per operatori e utenti costituito da ventitr\u00e9 diversi tipi di stazioni di [&hellip;]<\/p>\n","protected":false},"author":6,"featured_media":0,"parent":0,"menu_order":71,"comment_status":"closed","ping_status":"closed","template":"","meta":{"_acf_changed":false,"footnotes":""},"class_list":["post-21748","page","type-page","status-publish","hentry"],"acf":[],"yoast_head":"<!-- This site is optimized with the Yoast SEO Premium plugin v25.1 (Yoast SEO v25.1) - https:\/\/yoast.com\/wordpress\/plugins\/seo\/ -->\n<title>Per una mobilit\u00e0 elettrica a prova di futuro<\/title>\n<meta name=\"description\" content=\"Die Schweizer Fachkompetenz in der Energietechnik - von der Erzeugung, \u00dcbertragung, Verteilung bis hin zu vielf\u00e4ltigen Anwendungsfeldern.\" \/>\n<meta name=\"robots\" content=\"noindex, follow, max-snippet:-1, max-image-preview:large, max-video-preview:-1\" \/>\n<meta property=\"og:locale\" content=\"it_IT\" \/>\n<meta property=\"og:type\" content=\"article\" \/>\n<meta property=\"og:title\" content=\"Per una mobilit\u00e0 elettrica a prova di futuro\" \/>\n<meta property=\"og:description\" content=\"Die Schweizer Fachkompetenz in der Energietechnik - von der Erzeugung, \u00dcbertragung, Verteilung bis hin zu vielf\u00e4ltigen Anwendungsfeldern.\" \/>\n<meta property=\"og:url\" content=\"https:\/\/dev-web.electrosuisse.ch\/it\/mobilita\/\" \/>\n<meta property=\"og:site_name\" content=\"Electrosuisse\" \/>\n<meta property=\"article:modified_time\" content=\"2024-04-22T07:42:23+00:00\" \/>\n<meta property=\"og:image\" content=\"https:\/\/dev-web.electrosuisse.ch\/wp-content\/uploads\/2022\/11\/Bahntechnologie_1660x470.jpg\" \/>\n\t<meta property=\"og:image:width\" content=\"1578\" \/>\n\t<meta property=\"og:image:height\" content=\"650\" \/>\n\t<meta property=\"og:image:type\" content=\"image\/jpeg\" \/>\n<script type=\"application\/ld+json\" class=\"yoast-schema-graph\">{\"@context\":\"https:\/\/schema.org\",\"@graph\":[{\"@type\":\"WebPage\",\"@id\":\"https:\/\/dev-web.electrosuisse.ch\/it\/mobilita\/\",\"url\":\"https:\/\/dev-web.electrosuisse.ch\/it\/mobilita\/\",\"name\":\"Per una mobilit\u00e0 elettrica a prova di futuro\",\"isPartOf\":{\"@id\":\"https:\/\/dev-web.electrosuisse.ch\/it\/#website\"},\"datePublished\":\"2022-04-09T17:21:13+00:00\",\"dateModified\":\"2024-04-22T07:42:23+00:00\",\"description\":\"Die Schweizer Fachkompetenz in der Energietechnik - von der Erzeugung, \u00dcbertragung, Verteilung bis hin zu vielf\u00e4ltigen Anwendungsfeldern.\",\"inLanguage\":\"it-IT\",\"potentialAction\":[{\"@type\":\"ReadAction\",\"target\":[\"https:\/\/dev-web.electrosuisse.ch\/it\/mobilita\/\"]}]},{\"@type\":\"WebSite\",\"@id\":\"https:\/\/dev-web.electrosuisse.ch\/it\/#website\",\"url\":\"https:\/\/dev-web.electrosuisse.ch\/it\/\",\"name\":\"Electrosuisse\",\"description\":\"\",\"publisher\":{\"@id\":\"https:\/\/dev-web.electrosuisse.ch\/it\/#organization\"},\"potentialAction\":[{\"@type\":\"SearchAction\",\"target\":{\"@type\":\"EntryPoint\",\"urlTemplate\":\"https:\/\/dev-web.electrosuisse.ch\/it\/?s={search_term_string}\"},\"query-input\":{\"@type\":\"PropertyValueSpecification\",\"valueRequired\":true,\"valueName\":\"search_term_string\"}}],\"inLanguage\":\"it-IT\"},{\"@type\":\"Organization\",\"@id\":\"https:\/\/dev-web.electrosuisse.ch\/it\/#organization\",\"name\":\"Electrosuisse\",\"url\":\"https:\/\/dev-web.electrosuisse.ch\/it\/\",\"logo\":{\"@type\":\"ImageObject\",\"inLanguage\":\"it-IT\",\"@id\":\"https:\/\/dev-web.electrosuisse.ch\/it\/#\/schema\/logo\/image\/\",\"url\":\"https:\/\/dev-web.electrosuisse.ch\/wp-content\/uploads\/2025\/04\/Electrosuisse_Logo_696x696.png\",\"contentUrl\":\"https:\/\/dev-web.electrosuisse.ch\/wp-content\/uploads\/2025\/04\/Electrosuisse_Logo_696x696.png\",\"width\":696,\"height\":696,\"caption\":\"Electrosuisse\"},\"image\":{\"@id\":\"https:\/\/dev-web.electrosuisse.ch\/it\/#\/schema\/logo\/image\/\"},\"sameAs\":[\"https:\/\/www.linkedin.com\/company\/electrosuisse-ag\/posts\/?feedView=all\",\"https:\/\/www.instagram.com\/electrosuisse1889\/\",\"https:\/\/www.youtube.com\/channel\/UCoOxohMiVE0Gjcdis1L09zw\"],\"description\":\"Electrosuisse ist eine anerkannte und unabh\u00e4ngige Fachorganisation, die erstklassige Dienstleistungen und Produkte in den Bereichen Inspektion, Beratung, Pr\u00fcfung, Zertifizierung, Normung und Weiterbildung anbietet. Unsere Expertise umfasst Elektrotechnik, Elektromobilit\u00e4t, Energieberatung, Geb\u00e4udeautomation und Photovoltaik in der Schweiz. Durch die Veranstaltung etablierter Branchen-Events und Fachtagungen f\u00f6rdert Electrosuisse den Wissenstransfer und den fachlichen Austausch. Im Mittelpunkt unserer T\u00e4tigkeiten steht die F\u00f6rderung der sicheren, wirtschaftlichen und umweltgerechten Anwendung der Elektrotechnik.\"}]}<\/script>\n<!-- \/ Yoast SEO Premium plugin. -->","yoast_head_json":{"title":"Per una mobilit\u00e0 elettrica a prova di futuro","description":"Die Schweizer Fachkompetenz in der Energietechnik - von der Erzeugung, \u00dcbertragung, Verteilung bis hin zu vielf\u00e4ltigen Anwendungsfeldern.","robots":{"index":"noindex","follow":"follow","max-snippet":"max-snippet:-1","max-image-preview":"max-image-preview:large","max-video-preview":"max-video-preview:-1"},"og_locale":"it_IT","og_type":"article","og_title":"Per una mobilit\u00e0 elettrica a prova di futuro","og_description":"Die Schweizer Fachkompetenz in der Energietechnik - von der Erzeugung, \u00dcbertragung, Verteilung bis hin zu vielf\u00e4ltigen Anwendungsfeldern.","og_url":"https:\/\/dev-web.electrosuisse.ch\/it\/mobilita\/","og_site_name":"Electrosuisse","article_modified_time":"2024-04-22T07:42:23+00:00","og_image":[{"width":1578,"height":650,"url":"https:\/\/dev-web.electrosuisse.ch\/wp-content\/uploads\/2022\/11\/Bahntechnologie_1660x470.jpg","type":"image\/jpeg"}],"schema":{"@context":"https:\/\/schema.org","@graph":[{"@type":"WebPage","@id":"https:\/\/dev-web.electrosuisse.ch\/it\/mobilita\/","url":"https:\/\/dev-web.electrosuisse.ch\/it\/mobilita\/","name":"Per una mobilit\u00e0 elettrica a prova di futuro","isPartOf":{"@id":"https:\/\/dev-web.electrosuisse.ch\/it\/#website"},"datePublished":"2022-04-09T17:21:13+00:00","dateModified":"2024-04-22T07:42:23+00:00","description":"Die Schweizer Fachkompetenz in der Energietechnik - von der Erzeugung, \u00dcbertragung, Verteilung bis hin zu vielf\u00e4ltigen Anwendungsfeldern.","inLanguage":"it-IT","potentialAction":[{"@type":"ReadAction","target":["https:\/\/dev-web.electrosuisse.ch\/it\/mobilita\/"]}]},{"@type":"WebSite","@id":"https:\/\/dev-web.electrosuisse.ch\/it\/#website","url":"https:\/\/dev-web.electrosuisse.ch\/it\/","name":"Electrosuisse","description":"","publisher":{"@id":"https:\/\/dev-web.electrosuisse.ch\/it\/#organization"},"potentialAction":[{"@type":"SearchAction","target":{"@type":"EntryPoint","urlTemplate":"https:\/\/dev-web.electrosuisse.ch\/it\/?s={search_term_string}"},"query-input":{"@type":"PropertyValueSpecification","valueRequired":true,"valueName":"search_term_string"}}],"inLanguage":"it-IT"},{"@type":"Organization","@id":"https:\/\/dev-web.electrosuisse.ch\/it\/#organization","name":"Electrosuisse","url":"https:\/\/dev-web.electrosuisse.ch\/it\/","logo":{"@type":"ImageObject","inLanguage":"it-IT","@id":"https:\/\/dev-web.electrosuisse.ch\/it\/#\/schema\/logo\/image\/","url":"https:\/\/dev-web.electrosuisse.ch\/wp-content\/uploads\/2025\/04\/Electrosuisse_Logo_696x696.png","contentUrl":"https:\/\/dev-web.electrosuisse.ch\/wp-content\/uploads\/2025\/04\/Electrosuisse_Logo_696x696.png","width":696,"height":696,"caption":"Electrosuisse"},"image":{"@id":"https:\/\/dev-web.electrosuisse.ch\/it\/#\/schema\/logo\/image\/"},"sameAs":["https:\/\/www.linkedin.com\/company\/electrosuisse-ag\/posts\/?feedView=all","https:\/\/www.instagram.com\/electrosuisse1889\/","https:\/\/www.youtube.com\/channel\/UCoOxohMiVE0Gjcdis1L09zw"],"description":"Electrosuisse ist eine anerkannte und unabh\u00e4ngige Fachorganisation, die erstklassige Dienstleistungen und Produkte in den Bereichen Inspektion, Beratung, Pr\u00fcfung, Zertifizierung, Normung und Weiterbildung anbietet. Unsere Expertise umfasst Elektrotechnik, Elektromobilit\u00e4t, Energieberatung, Geb\u00e4udeautomation und Photovoltaik in der Schweiz. Durch die Veranstaltung etablierter Branchen-Events und Fachtagungen f\u00f6rdert Electrosuisse den Wissenstransfer und den fachlichen Austausch. Im Mittelpunkt unserer T\u00e4tigkeiten steht die F\u00f6rderung der sicheren, wirtschaftlichen und umweltgerechten Anwendung der Elektrotechnik."}]}},"_links":{"self":[{"href":"https:\/\/dev-web.electrosuisse.ch\/it\/wp-json\/wp\/v2\/pages\/21748","targetHints":{"allow":["GET"]}}],"collection":[{"href":"https:\/\/dev-web.electrosuisse.ch\/it\/wp-json\/wp\/v2\/pages"}],"about":[{"href":"https:\/\/dev-web.electrosuisse.ch\/it\/wp-json\/wp\/v2\/types\/page"}],"author":[{"embeddable":true,"href":"https:\/\/dev-web.electrosuisse.ch\/it\/wp-json\/wp\/v2\/users\/6"}],"replies":[{"embeddable":true,"href":"https:\/\/dev-web.electrosuisse.ch\/it\/wp-json\/wp\/v2\/comments?post=21748"}],"version-history":[{"count":8,"href":"https:\/\/dev-web.electrosuisse.ch\/it\/wp-json\/wp\/v2\/pages\/21748\/revisions"}],"predecessor-version":[{"id":35094,"href":"https:\/\/dev-web.electrosuisse.ch\/it\/wp-json\/wp\/v2\/pages\/21748\/revisions\/35094"}],"wp:attachment":[{"href":"https:\/\/dev-web.electrosuisse.ch\/it\/wp-json\/wp\/v2\/media?parent=21748"}],"curies":[{"name":"wp","href":"https:\/\/api.w.org\/{rel}","templated":true}]}}