{"id":21735,"date":"2022-04-09T19:08:29","date_gmt":"2022-04-09T17:08:29","guid":{"rendered":"https:\/\/dev-web.electrosuisse.ch\/?page_id=21735"},"modified":"2024-04-22T09:41:41","modified_gmt":"2024-04-22T07:41:41","slug":"elettroinstallazione","status":"publish","type":"page","link":"https:\/\/dev-web.electrosuisse.ch\/it\/elettroinstallazione\/","title":{"rendered":"Elettroinstallazione"},"content":{"rendered":"<div class=\"wpb-content-wrapper\"><p>[vc_row][vc_column][vc_column_text el_class=&#8221;lead&#8221;]Electrosuisse, in qualit\u00e0 di organizzazione specializzata indipendente, offre servizi e prodotti di prima classe per l&#8217;ispezione di impianti a corrente forte, consulenze sulla gestione sicura dell&#8217;elettricit\u00e0, controlli di installazioni, certificazioni e normazione. Inoltre, con gruppi di competenza interni, fornisce il proprio contributo in merito a temi specifici mettendo a disposizione i propri esperti in veste di istruttori o relatori in occasione di corsi e conferenze.[\/vc_column_text][\/vc_column][\/vc_row][vc_row el_id=&#8221;courses&#8221;][vc_column][vc_column_text]<\/p>\n<h2>Manifestazioni<\/h2>\n<p>[\/vc_column_text]<div class=\"wpb_carousel_column wpb_carousel_column--event wpb_content_element\"><div class=\"wpb_wrapper\"><div class=\"event_container\"><div class=\"owl-carousel owl-theme\"><div class=\"event\"><a href=\"https:\/\/dev-web.electrosuisse.ch\/it\/tagung\/informationstagung-fuer-betriebselektriker\/\" class=\"full\">Informationstagung f\u00fcr Betriebselektriker<\/a><div class=\"news__img\"><div class=\"picture_container\"><img decoding=\"async\" src=\"https:\/\/dev-web.electrosuisse.ch\/wp-content\/uploads\/2024\/10\/Betriebselektriker_KeyVisual_585x345.png\" alt=\"Informationstagung f\u00fcr Betriebselektriker\" \/><\/div><\/div><div class=\"event__content\"><div class=\"content\"><h3>Informationstagung f\u00fcr Betriebselektriker<\/h3><p class=\"event_date\">21 maggio 2026<\/p><p class=\"event_place\">Online<\/p><\/div><div class=\"button button--arrow-text\"><span>All'evento<\/span><\/div><\/div><\/div><div class=\"event\"><a href=\"https:\/\/dev-web.electrosuisse.ch\/it\/tagung\/elektroplanertag\/\" class=\"full\">ELEKTROPLANERTAG 2026<\/a><div class=\"news__img\"><div class=\"picture_container\"><img decoding=\"async\" src=\"https:\/\/dev-web.electrosuisse.ch\/wp-content\/uploads\/2025\/02\/elektroplanertag-2025-585x345-1.png\" alt=\"ELEKTROPLANERTAG 2026\" \/><\/div><\/div><div class=\"event__content\"><div class=\"content\"><h3>ELEKTROPLANERTAG 2026<\/h3><p class=\"event_date\">25 giugno 2026<\/p><p class=\"event_place\">Baden - Trafo<\/p><\/div><div class=\"button button--arrow-text\"><span>All'evento<\/span><\/div><\/div><\/div><div class=\"event\"><a href=\"https:\/\/dev-web.electrosuisse.ch\/it\/tagung\/instandhaltungstagung\/\" class=\"full\">Instandhaltungstagung<\/a><div class=\"news__img\"><div class=\"picture_container\"><img decoding=\"async\" src=\"https:\/\/dev-web.electrosuisse.ch\/wp-content\/uploads\/2021\/07\/IHAT_585x345px.jpg\" alt=\"Instandhaltungstagung\" \/><\/div><\/div><div class=\"event__content\"><div class=\"content\"><h3>Instandhaltungstagung<\/h3><p class=\"event_date\">dall' 3 settembre 2026<\/p><p class=\"event_place\">Bern - Kreuz, Pratteln - Courtyard by Marriott Basel, Regensdorf - M\u00f6venpick<\/p><\/div><div class=\"button button--arrow-text\"><span>All'evento<\/span><\/div><\/div><\/div><\/div><\/div><\/div><\/div><div class=\"wpb_button_column wpb_content_element wpb_content_element--left\"><div class=\"wpb_wrapper\"><div class=\"button button--ghost\"><a href=\"https:\/\/dev-web.electrosuisse.ch\/de\/tagungen-energie-und-installationstechnik\/\">Panoramica e ulteriori informazioni sugli eventi<\/a><\/div><\/div><\/div><div class=\"wpb_document_column wpb_content_element\"><div class=\"wpb_wrapper\"><div class=\"document document--pdf\"><a href=\"https:\/\/dev-web.electrosuisse.ch\/wp-content\/uploads\/2025\/01\/Flyer_Veranstaltungsuebersicht_2025_A5_Web.pdf\" target=\"_blank\" rel=\"noopener\">Flyer manifestazioni ET e IT<\/a><\/div><\/div><\/div>[\/vc_column][\/vc_row][vc_row el_id=&#8221;engineering&#8221;][vc_column][vc_column_text]<\/p>\n<h2>Engineering<\/h2>\n<p>[\/vc_column_text]<div class=\"wpb_text_image_column wpb_content_element \"><div class=\"wpb_wrapper\"><div class=\"row middle-lg\"><div class=\"col-sm-6 col-xs-12\"><div class=\"picture_container\"><picture><source srcset=\"https:\/\/dev-web.electrosuisse.ch\/wp-content\/uploads\/2019\/06\/Electrosuisse_Power_Quality_Netzqualitaet_iStock-588367166_mobile-585x400.jpg\"><img decoding=\"async\" src=\"https:\/\/dev-web.electrosuisse.ch\/wp-content\/uploads\/2019\/06\/Electrosuisse_Power_Quality_Netzqualitaet_iStock-588367166_mobile-585x400.jpg\" alt=\"Sicherheitsnachweis einfach und effizient\" \/><\/picture><\/div><\/div><div class=\"col-sm-6 col-xs-12\"><h3>Sicherheitsnachweis einfach und effizient<\/h3><\/p>\n<h5>Als akkreditierte und zertifizierte Inspektionsstelle unterst\u00fctzen wir Sie bei der technische Kontrolle Ihrer Hoch- und Niederspannungsinstallationen.<\/h5>\n<p>Mit langj\u00e4hriger Erfahrung auf dem Gebiet der Hoch- und Niederspannungs-Installationen, aktuellem Fachwissen und st\u00e4ndiger Vernetzung des Fachpersonals, bieten wir Ihnen in der ganzen Schweiz das Beste. Profitieren Sie vom Wissenstransfer in allen Sparten und Regionen.<\/p>\n<div class=\"button button--normal\"><a href=\"https:\/\/dev-web.electrosuisse.ch\/de\/inspektion-engineering\/realisation\/pruefung-gemaess-niv\/\">Scoprite di pi\u00f9 a riguardo<\/a><\/div><\/div><\/div><\/div><\/div><div class=\"wpb_text_image_column wpb_content_element \"><div class=\"wpb_wrapper\"><div class=\"row reverse middle-lg\"><div class=\"col-sm-6 col-xs-12\"><div class=\"picture_container\"><picture><source srcset=\"https:\/\/dev-web.electrosuisse.ch\/wp-content\/uploads\/2019\/04\/Electrosuisse_Energienutzungskonzept_iStock-491842814-1-e1554282952427-585x500.jpg\"><img decoding=\"async\" src=\"https:\/\/dev-web.electrosuisse.ch\/wp-content\/uploads\/2019\/04\/Electrosuisse_Energienutzungskonzept_iStock-491842814-1-e1554282952427-585x500.jpg\" alt=\"Energienutzungskonzept\" \/><\/picture><\/div><\/div><div class=\"col-sm-6 col-xs-12\"><h3>Energienutzungskonzept<\/h3><\/p>\n<h5>Energie sinnvoll nutzen<\/h5>\n<p>Energie ist in der Regel immer und \u00fcberall vorhanden, jedoch nur selten in der gerade erforderlichen Art und Menge. Durch ein Energienutzungs-Konzept werden die verf\u00fcgbaren und gefragten Energien, das heisst Strom, W\u00e4rme und K\u00e4lte, zeitgleich gegen\u00fcbergestellt.<\/p>\n<p>Das Ziel des Energienutzungs-Konzepts ist, die verschiedenen Energieformen m\u00f6glichst ideal zu Nutzen.<\/p>\n<div class=\"button button--normal\"><a href=\"https:\/\/dev-web.electrosuisse.ch\/de\/inspektion-engineering\/realisation\/energienutzungskonzept\/\">Scoprite di pi\u00f9 a riguardo<\/a><\/div><\/div><\/div><\/div><\/div>[\/vc_column][\/vc_row][vc_row el_id=&#8221;products&#8221;][vc_column][vc_column_text]<\/p>\n<h2>Prodotti<\/h2>\n<p>[\/vc_column_text]<div class=\"wpb_text_image_column wpb_content_element \"><div class=\"wpb_wrapper\"><div class=\"row middle-lg\"><div class=\"col-sm-6 col-xs-12\"><div class=\"picture_container\"><picture><source srcset=\"https:\/\/dev-web.electrosuisse.ch\/wp-content\/uploads\/2021\/09\/TOOLBOX.jpg\"><img decoding=\"async\" src=\"https:\/\/dev-web.electrosuisse.ch\/wp-content\/uploads\/2021\/09\/TOOLBOX.jpg\" alt=\"Toolbox\" \/><\/picture><\/div><\/div><div class=\"col-sm-6 col-xs-12\"><h3>Toolbox<\/h3><p><strong>Dall\u2019apprendista, all\u2019insegnante o allo specialista: tutti vi troveranno informazioni utili e pratiche!<\/strong><\/p>\n<p>Utilizzate i nostri vari strumenti, gratuiti o a pagamento, specifici per il vostro lavoro quotidiano, l&#8217;insegnamento o l&#8217;apprendimento. In questo modo potrete raggiungere facilmente i vostri obiettivi!<\/p>\n<div class=\"button button--normal\"><a href=\"https:\/\/dev-web.electrosuisse.ch\/de\/toolbox-infoseite\/\" target=\"_blank\" rel=\"noopener\">Scoprite di pi\u00f9 a riguardo<\/a><\/div><\/div><\/div><\/div><\/div><div class=\"wpb_text_image_column wpb_content_element \"><div class=\"wpb_wrapper\"><div class=\"row reverse middle-lg\"><div class=\"col-sm-6 col-xs-12\"><div class=\"picture_container\"><picture><source srcset=\"https:\/\/dev-web.electrosuisse.ch\/wp-content\/uploads\/2022\/04\/NIN_585x500-585x500.jpg\"><img decoding=\"async\" src=\"https:\/\/dev-web.electrosuisse.ch\/wp-content\/uploads\/2022\/04\/NIN_585x500-585x500.jpg\" alt=\"Prodotti NIBT\" \/><\/picture><\/div><\/div><div class=\"col-sm-6 col-xs-12\"><h3>Prodotti NIBT<\/h3><p>Gli impianti elettrici devono essere in grado di funzionare senza costituire un pericolo per persone, animali e cose. Per conseguire questo obiettivo, vengono emanate delle apposite leggi e le relative norme vengono adeguate alle conoscenze attuali. Per ulteriori informazioni, consultate la documentazione relativa alla NIBT.<\/p>\n<div class=\"button button--normal\"><a href=\"https:\/\/shop.electrosuisse.ch\/it\/norme-e-prodotti\/prodotti\/prodotti-nibt\/?cf-lang=1\" target=\"_blank\" rel=\"noopener\">Tutti i prodotti NIBT (Shop)<\/a><\/div><\/div><\/div><\/div><\/div>[\/vc_column][\/vc_row][vc_row el_id=&#8221;news&#8221;][vc_column][vc_column_text]<\/p>\n<h2>News e articoli tecnici<\/h2>\n<p>[\/vc_column_text]<div class=\"wpb_news_column wpb_content_element\"><div class=\"wpb_wrapper\"><div class=\"news_container\"><div class=\"owl-carousel owl-theme\"><div class=\"news\"><a href=\"https:\/\/dev-web.electrosuisse.ch\/it\/uneredita-perocolosa-nuovo-opuscolo-per-il-risanamento-della-messa-al-neutro-secondo-lo-schema-iii\/\" class=\"full\">Un\u2019eredit\u00e0 perocolosa: nuovo opuscolo per il risanamento della messa al neutro secondo lo schema III<\/a><div class=\"news__img\"><div class=\"picture_container\"><img decoding=\"async\" src=\"https:\/\/dev-web.electrosuisse.ch\/wp-content\/uploads\/2025\/04\/Nullschema_362x218.png\" alt=\"Un\u2019eredit\u00e0 perocolosa: nuovo opuscolo per il risanamento della messa al neutro secondo lo schema III\" \/><\/div><\/div><div class=\"news__content\"><div class=\"content\"><span class=\"date is-news-date\">29 aprile 2025<\/span><h3>Un\u2019eredit\u00e0 perocolosa: nuovo opuscolo per il risanamento della messa al neutro secondo lo schema III<\/h3><p>Le installazioni secondo lo schema III non sono sufficienti dal punto di vista della sicurezza tecnica: un nuovo opuscolo fornisce informazioni in modo compatto e pratico sui rischi, sulle norme giuridiche e sulle fasi di risanamento richieste. <\/p><\/div><div class=\"button button--arrow-text\"><span>All'articolo<\/span><\/div><\/div><\/div><div class=\"news\"><a href=\"https:\/\/dev-web.electrosuisse.ch\/it\/un-apparecchio-elettrico-su-nove-risulta-difettoso\/\" class=\"full\">Un apparecchio elettrico su nove risulta difettoso<\/a><div class=\"news__img\"><div class=\"picture_container\"><img decoding=\"async\" src=\"https:\/\/dev-web.electrosuisse.ch\/wp-content\/uploads\/2022\/05\/Maengel-Elektrogeraete_585x500-585x500.jpg\" alt=\"Un apparecchio elettrico su nove risulta difettoso\" \/><\/div><\/div><div class=\"news__content\"><div class=\"content\"><span class=\"date is-news-date\">10 maggio 2022<\/span><h3>Un apparecchio elettrico su nove risulta difettoso<\/h3><p>Nel 2021 l'11% dei prodotti elettrici controllati dall'Ispettorato federale degli impianti a corrente forte (ESTI) \u00e8 risultato difettoso. \u00c8 stato necessario pronunciare 117 divieti di vendita. Inoltre, sono stati pubblicati 9 richiami e avvisi di sicurezza di apparecchiature elettriche.<\/p><\/div><div class=\"button button--arrow-text\"><span>All'articolo<\/span><\/div><\/div><\/div><div class=\"news\"><a href=\"https:\/\/dev-web.electrosuisse.ch\/it\/come-si-riconosce-un-apparecchio-elettrico\/\" class=\"full\">Come si riconosce un \u00abapparecchio elettrico\u00bb?<\/a><div class=\"news__img\"><div class=\"picture_container\"><img decoding=\"async\" src=\"https:\/\/dev-web.electrosuisse.ch\/wp-content\/uploads\/2022\/12\/Elektrogeraet_585x500-585x500.jpg\" alt=\"Come si riconosce un \u00abapparecchio elettrico\u00bb?\" \/><\/div><\/div><div class=\"news__content\"><div class=\"content\"><span class=\"date is-news-date\">21 marzo 2022<\/span><h3>Come si riconosce un \u00abapparecchio elettrico\u00bb?<\/h3><p>Una cosa \u00e8 certa: il frigorifero rotto o il vecchio aspirapolvere non vanno gettati via. Ma che dire della bambola parlante di vostra figlia? Pu\u00f2 finire nel sacco della spazzatura dopo aver rimosso le batterie?<br \/>\r\n<br \/>\r\n<\/p><\/div><div class=\"button button--arrow-text\"><span>All'articolo<\/span><\/div><\/div><\/div><div class=\"news\"><a href=\"https:\/\/dev-web.electrosuisse.ch\/it\/protezione-di-persone-impianti-ed-edifici\/\" class=\"full\">Protezione di persone, impianti ed edifici<\/a><div class=\"news__img\"><div class=\"picture_container\"><img decoding=\"async\" src=\"https:\/\/dev-web.electrosuisse.ch\/wp-content\/uploads\/2022\/11\/Elektrokontrollen_585x500-585x500.jpg\" alt=\"Protezione di persone, impianti ed edifici\" \/><\/div><\/div><div class=\"news__content\"><div class=\"content\"><span class=\"date is-news-date\">25 maggio 2021<\/span><h3>Protezione di persone, impianti ed edifici<\/h3><p>Le ispezioni elettriche regolari proteggono proprietari e operatori da eventuali gravi lesioni corporali o danni alla propriet\u00e0 causati, tra l'altro, da scosse elettriche, cortocircuiti o incendi. Le ispezioni elettriche e le misure che ne derivano evitano anche inutili fermi macchina e perdite di produzione.<\/p><\/div><div class=\"button button--arrow-text\"><span>All'articolo<\/span><\/div><\/div><\/div><div class=\"news\"><a href=\"https:\/\/dev-web.electrosuisse.ch\/it\/cifre-della-disoccupazione-nel-settore-elettrico-in-aumento-del-50\/\" class=\"full\">Cifre della disoccupazione nel settore elettrico in aumento del 50%<\/a><div class=\"news__img\"><div class=\"picture_container\"><img decoding=\"async\" src=\"https:\/\/dev-web.electrosuisse.ch\/wp-content\/uploads\/2021\/01\/Arbeitslosenzahlen-585x500-1.jpg\" alt=\"Cifre della disoccupazione nel settore elettrico in aumento del 50%\" \/><\/div><\/div><div class=\"news__content\"><div class=\"content\"><span class=\"date is-news-date\">13 gennaio 2021<\/span><h3>Cifre della disoccupazione nel settore elettrico in aumento del 50%<\/h3><p>La Seco ha pubblicato gli ultimi dati relativi al mercato del lavoro svizzero nel 2020.  Nel 2020 l'andamento del mercato del lavoro \u00e8 stato caratterizzato dalla crisi della Covid-19.  L'industria elettrica \u00e8 stata colpita pi\u00f9 duramente della media svizzera.<\/p><\/div><div class=\"button button--arrow-text\"><span>All'articolo<\/span><\/div><\/div><\/div><div class=\"news\"><a href=\"https:\/\/dev-web.electrosuisse.ch\/it\/standardizzazione-nel-campo-dellelettrotecnica\/\" class=\"full\">Standardizzazione nel campo dell\u2019elettrotecnica<\/a><div class=\"news__img\"><div class=\"picture_container\"><img decoding=\"async\" src=\"https:\/\/dev-web.electrosuisse.ch\/wp-content\/uploads\/2019\/11\/Steckdose_585x500-585x500.jpg\" alt=\"Standardizzazione nel campo dell\u2019elettrotecnica\" \/><\/div><\/div><div class=\"news__content\"><div class=\"content\"><span class=\"date is-news-date\">12 novembre 2019<\/span><h3>Standardizzazione nel campo dell\u2019elettrotecnica<\/h3><p>Intervista dal 11.11.2019 sulla rivista per i consumatori SRF 1 Espresso sul tema \u00abWarum hat die Schweiz andere Stecker als andere europ\u00e4ische L\u00e4nder?\u00bb.<\/p><\/div><div class=\"button button--arrow-text\"><span>All'articolo<\/span><\/div><\/div><\/div><\/div><\/div><\/div><\/div><div class=\"wpb_gap_column wpb_content_element\"><div class=\"wpb_wrapper\"><div class=\"gap gap--small\"><\/div><\/div><\/div>[vc_column_text]<\/p>\n<h4>Articoli su bulletin.ch<\/h4>\n<p>[\/vc_column_text][vc_column_text]<a href=\"https:\/\/www.bulletin.ch\/de\/themen\/category\/installationstechnik.html\" target=\"_blank\" rel=\"noopener\">bulletin.ch #installationstechnik<\/a><br \/>\n[\/vc_column_text]<div class=\"wpb_gap_column wpb_content_element\"><div class=\"wpb_wrapper\"><div class=\"gap gap--small\"><\/div><\/div><\/div>[vc_column_text]<\/p>\n<h2>Newsflash<\/h2>\n<p>[\/vc_column_text][vc_column_text]Sei interessato al nostro topic newsflash \u00abElettroinstallazione\u00bb?<\/p>\n<p>Iscriviti ora:[\/vc_column_text]<div class=\"wpb_button_column wpb_content_element wpb_content_element--left\"><div class=\"wpb_wrapper\"><div class=\"button button--ghost\"><a href=\"https:\/\/subscribe.newsletter2go.com\/?n2g=hqfmsc8j-jhkmeg3b-16z1&_ga=2.78555156.1260104048.1648205176-1145216005.1607948334\" target=\"_blank\" >Registrazione per il Newsflash \u00abElettroinstallazione\u00bb<\/a><\/div><\/div><\/div>[\/vc_column][\/vc_row]<\/p>\n<\/div>","protected":false},"excerpt":{"rendered":"<p>[vc_row][vc_column][vc_column_text el_class=&#8221;lead&#8221;]Electrosuisse, in qualit\u00e0 di organizzazione specializzata indipendente, offre servizi e prodotti di prima classe per l&#8217;ispezione di impianti a corrente forte, consulenze sulla gestione sicura dell&#8217;elettricit\u00e0, controlli di installazioni, certificazioni e normazione. Inoltre, con gruppi di competenza interni, fornisce il proprio contributo in merito a temi specifici mettendo a disposizione i propri esperti in [&hellip;]<\/p>\n","protected":false},"author":6,"featured_media":0,"parent":0,"menu_order":85,"comment_status":"closed","ping_status":"closed","template":"","meta":{"_acf_changed":false,"footnotes":""},"class_list":["post-21735","page","type-page","status-publish","hentry"],"acf":[],"yoast_head":"<!-- This site is optimized with the Yoast SEO Premium plugin v25.1 (Yoast SEO v25.1) - https:\/\/yoast.com\/wordpress\/plugins\/seo\/ -->\n<title>Leader di mercato in materia di sicurezza elettrica<\/title>\n<meta name=\"description\" content=\"Die Schweizer Fachkompetenz in der Energietechnik - von der Erzeugung, \u00dcbertragung, Verteilung bis hin zu vielf\u00e4ltigen Anwendungsfeldern.\" \/>\n<meta name=\"robots\" content=\"noindex, follow, max-snippet:-1, max-image-preview:large, max-video-preview:-1\" \/>\n<meta property=\"og:locale\" content=\"it_IT\" \/>\n<meta property=\"og:type\" content=\"article\" \/>\n<meta property=\"og:title\" content=\"Leader di mercato in materia di sicurezza elettrica\" \/>\n<meta property=\"og:description\" content=\"Die Schweizer Fachkompetenz in der Energietechnik - von der Erzeugung, \u00dcbertragung, Verteilung bis hin zu vielf\u00e4ltigen Anwendungsfeldern.\" \/>\n<meta property=\"og:url\" content=\"https:\/\/dev-web.electrosuisse.ch\/it\/elettroinstallazione\/\" \/>\n<meta property=\"og:site_name\" content=\"Electrosuisse\" \/>\n<meta property=\"article:modified_time\" content=\"2024-04-22T07:41:41+00:00\" \/>\n<meta property=\"og:image\" content=\"https:\/\/dev-web.electrosuisse.ch\/wp-content\/uploads\/2022\/12\/Electrosuisse_Ueber_uns_1578x650.jpg\" \/>\n\t<meta property=\"og:image:width\" content=\"1578\" \/>\n\t<meta property=\"og:image:height\" content=\"650\" \/>\n\t<meta property=\"og:image:type\" content=\"image\/jpeg\" \/>\n<script type=\"application\/ld+json\" class=\"yoast-schema-graph\">{\"@context\":\"https:\/\/schema.org\",\"@graph\":[{\"@type\":\"WebPage\",\"@id\":\"https:\/\/dev-web.electrosuisse.ch\/it\/elettroinstallazione\/\",\"url\":\"https:\/\/dev-web.electrosuisse.ch\/it\/elettroinstallazione\/\",\"name\":\"Leader di mercato in materia di sicurezza elettrica\",\"isPartOf\":{\"@id\":\"https:\/\/dev-web.electrosuisse.ch\/it\/#website\"},\"datePublished\":\"2022-04-09T17:08:29+00:00\",\"dateModified\":\"2024-04-22T07:41:41+00:00\",\"description\":\"Die Schweizer Fachkompetenz in der Energietechnik - von der Erzeugung, \u00dcbertragung, Verteilung bis hin zu vielf\u00e4ltigen Anwendungsfeldern.\",\"inLanguage\":\"it-IT\",\"potentialAction\":[{\"@type\":\"ReadAction\",\"target\":[\"https:\/\/dev-web.electrosuisse.ch\/it\/elettroinstallazione\/\"]}]},{\"@type\":\"WebSite\",\"@id\":\"https:\/\/dev-web.electrosuisse.ch\/it\/#website\",\"url\":\"https:\/\/dev-web.electrosuisse.ch\/it\/\",\"name\":\"Electrosuisse\",\"description\":\"\",\"publisher\":{\"@id\":\"https:\/\/dev-web.electrosuisse.ch\/it\/#organization\"},\"potentialAction\":[{\"@type\":\"SearchAction\",\"target\":{\"@type\":\"EntryPoint\",\"urlTemplate\":\"https:\/\/dev-web.electrosuisse.ch\/it\/?s={search_term_string}\"},\"query-input\":{\"@type\":\"PropertyValueSpecification\",\"valueRequired\":true,\"valueName\":\"search_term_string\"}}],\"inLanguage\":\"it-IT\"},{\"@type\":\"Organization\",\"@id\":\"https:\/\/dev-web.electrosuisse.ch\/it\/#organization\",\"name\":\"Electrosuisse\",\"url\":\"https:\/\/dev-web.electrosuisse.ch\/it\/\",\"logo\":{\"@type\":\"ImageObject\",\"inLanguage\":\"it-IT\",\"@id\":\"https:\/\/dev-web.electrosuisse.ch\/it\/#\/schema\/logo\/image\/\",\"url\":\"https:\/\/dev-web.electrosuisse.ch\/wp-content\/uploads\/2025\/04\/Electrosuisse_Logo_696x696.png\",\"contentUrl\":\"https:\/\/dev-web.electrosuisse.ch\/wp-content\/uploads\/2025\/04\/Electrosuisse_Logo_696x696.png\",\"width\":696,\"height\":696,\"caption\":\"Electrosuisse\"},\"image\":{\"@id\":\"https:\/\/dev-web.electrosuisse.ch\/it\/#\/schema\/logo\/image\/\"},\"sameAs\":[\"https:\/\/www.linkedin.com\/company\/electrosuisse-ag\/posts\/?feedView=all\",\"https:\/\/www.instagram.com\/electrosuisse1889\/\",\"https:\/\/www.youtube.com\/channel\/UCoOxohMiVE0Gjcdis1L09zw\"],\"description\":\"Electrosuisse ist eine anerkannte und unabh\u00e4ngige Fachorganisation, die erstklassige Dienstleistungen und Produkte in den Bereichen Inspektion, Beratung, Pr\u00fcfung, Zertifizierung, Normung und Weiterbildung anbietet. Unsere Expertise umfasst Elektrotechnik, Elektromobilit\u00e4t, Energieberatung, Geb\u00e4udeautomation und Photovoltaik in der Schweiz. Durch die Veranstaltung etablierter Branchen-Events und Fachtagungen f\u00f6rdert Electrosuisse den Wissenstransfer und den fachlichen Austausch. Im Mittelpunkt unserer T\u00e4tigkeiten steht die F\u00f6rderung der sicheren, wirtschaftlichen und umweltgerechten Anwendung der Elektrotechnik.\"}]}<\/script>\n<!-- \/ Yoast SEO Premium plugin. -->","yoast_head_json":{"title":"Leader di mercato in materia di sicurezza elettrica","description":"Die Schweizer Fachkompetenz in der Energietechnik - von der Erzeugung, \u00dcbertragung, Verteilung bis hin zu vielf\u00e4ltigen Anwendungsfeldern.","robots":{"index":"noindex","follow":"follow","max-snippet":"max-snippet:-1","max-image-preview":"max-image-preview:large","max-video-preview":"max-video-preview:-1"},"og_locale":"it_IT","og_type":"article","og_title":"Leader di mercato in materia di sicurezza elettrica","og_description":"Die Schweizer Fachkompetenz in der Energietechnik - von der Erzeugung, \u00dcbertragung, Verteilung bis hin zu vielf\u00e4ltigen Anwendungsfeldern.","og_url":"https:\/\/dev-web.electrosuisse.ch\/it\/elettroinstallazione\/","og_site_name":"Electrosuisse","article_modified_time":"2024-04-22T07:41:41+00:00","og_image":[{"width":1578,"height":650,"url":"https:\/\/dev-web.electrosuisse.ch\/wp-content\/uploads\/2022\/12\/Electrosuisse_Ueber_uns_1578x650.jpg","type":"image\/jpeg"}],"schema":{"@context":"https:\/\/schema.org","@graph":[{"@type":"WebPage","@id":"https:\/\/dev-web.electrosuisse.ch\/it\/elettroinstallazione\/","url":"https:\/\/dev-web.electrosuisse.ch\/it\/elettroinstallazione\/","name":"Leader di mercato in materia di sicurezza elettrica","isPartOf":{"@id":"https:\/\/dev-web.electrosuisse.ch\/it\/#website"},"datePublished":"2022-04-09T17:08:29+00:00","dateModified":"2024-04-22T07:41:41+00:00","description":"Die Schweizer Fachkompetenz in der Energietechnik - von der Erzeugung, \u00dcbertragung, Verteilung bis hin zu vielf\u00e4ltigen Anwendungsfeldern.","inLanguage":"it-IT","potentialAction":[{"@type":"ReadAction","target":["https:\/\/dev-web.electrosuisse.ch\/it\/elettroinstallazione\/"]}]},{"@type":"WebSite","@id":"https:\/\/dev-web.electrosuisse.ch\/it\/#website","url":"https:\/\/dev-web.electrosuisse.ch\/it\/","name":"Electrosuisse","description":"","publisher":{"@id":"https:\/\/dev-web.electrosuisse.ch\/it\/#organization"},"potentialAction":[{"@type":"SearchAction","target":{"@type":"EntryPoint","urlTemplate":"https:\/\/dev-web.electrosuisse.ch\/it\/?s={search_term_string}"},"query-input":{"@type":"PropertyValueSpecification","valueRequired":true,"valueName":"search_term_string"}}],"inLanguage":"it-IT"},{"@type":"Organization","@id":"https:\/\/dev-web.electrosuisse.ch\/it\/#organization","name":"Electrosuisse","url":"https:\/\/dev-web.electrosuisse.ch\/it\/","logo":{"@type":"ImageObject","inLanguage":"it-IT","@id":"https:\/\/dev-web.electrosuisse.ch\/it\/#\/schema\/logo\/image\/","url":"https:\/\/dev-web.electrosuisse.ch\/wp-content\/uploads\/2025\/04\/Electrosuisse_Logo_696x696.png","contentUrl":"https:\/\/dev-web.electrosuisse.ch\/wp-content\/uploads\/2025\/04\/Electrosuisse_Logo_696x696.png","width":696,"height":696,"caption":"Electrosuisse"},"image":{"@id":"https:\/\/dev-web.electrosuisse.ch\/it\/#\/schema\/logo\/image\/"},"sameAs":["https:\/\/www.linkedin.com\/company\/electrosuisse-ag\/posts\/?feedView=all","https:\/\/www.instagram.com\/electrosuisse1889\/","https:\/\/www.youtube.com\/channel\/UCoOxohMiVE0Gjcdis1L09zw"],"description":"Electrosuisse ist eine anerkannte und unabh\u00e4ngige Fachorganisation, die erstklassige Dienstleistungen und Produkte in den Bereichen Inspektion, Beratung, Pr\u00fcfung, Zertifizierung, Normung und Weiterbildung anbietet. Unsere Expertise umfasst Elektrotechnik, Elektromobilit\u00e4t, Energieberatung, Geb\u00e4udeautomation und Photovoltaik in der Schweiz. Durch die Veranstaltung etablierter Branchen-Events und Fachtagungen f\u00f6rdert Electrosuisse den Wissenstransfer und den fachlichen Austausch. Im Mittelpunkt unserer T\u00e4tigkeiten steht die F\u00f6rderung der sicheren, wirtschaftlichen und umweltgerechten Anwendung der Elektrotechnik."}]}},"_links":{"self":[{"href":"https:\/\/dev-web.electrosuisse.ch\/it\/wp-json\/wp\/v2\/pages\/21735","targetHints":{"allow":["GET"]}}],"collection":[{"href":"https:\/\/dev-web.electrosuisse.ch\/it\/wp-json\/wp\/v2\/pages"}],"about":[{"href":"https:\/\/dev-web.electrosuisse.ch\/it\/wp-json\/wp\/v2\/types\/page"}],"author":[{"embeddable":true,"href":"https:\/\/dev-web.electrosuisse.ch\/it\/wp-json\/wp\/v2\/users\/6"}],"replies":[{"embeddable":true,"href":"https:\/\/dev-web.electrosuisse.ch\/it\/wp-json\/wp\/v2\/comments?post=21735"}],"version-history":[{"count":5,"href":"https:\/\/dev-web.electrosuisse.ch\/it\/wp-json\/wp\/v2\/pages\/21735\/revisions"}],"predecessor-version":[{"id":35093,"href":"https:\/\/dev-web.electrosuisse.ch\/it\/wp-json\/wp\/v2\/pages\/21735\/revisions\/35093"}],"wp:attachment":[{"href":"https:\/\/dev-web.electrosuisse.ch\/it\/wp-json\/wp\/v2\/media?parent=21735"}],"curies":[{"name":"wp","href":"https:\/\/api.w.org\/{rel}","templated":true}]}}