{"id":21721,"date":"2022-04-09T19:45:18","date_gmt":"2022-04-09T17:45:18","guid":{"rendered":"https:\/\/dev-web.electrosuisse.ch\/?page_id=21721"},"modified":"2025-07-01T13:31:28","modified_gmt":"2025-07-01T11:31:28","slug":"organizzazione","status":"publish","type":"page","link":"https:\/\/dev-web.electrosuisse.ch\/it\/portrait\/organizzazione\/","title":{"rendered":"Organizzazione"},"content":{"rendered":"<div class=\"wpb-content-wrapper\"><p>[vc_row el_class=&#8221;organigramm&#8221;][vc_column]<div class=\"wpb_image_column wpb_content_element\"><div class=\"wpb_wrapper\"><div class=\"picture_container\"><!-- test redux builder Arraytest ende--><img decoding=\"async\" src=\"https:\/\/dev-web.electrosuisse.ch\/wp-content\/uploads\/2025\/01\/25_01_01-Organigramm-Electrosuisse-IT-1.png\" alt=\"Organigramm - Electrosuisse\" \/><\/div><\/div><\/div>[\/vc_column][\/vc_row][vc_row el_id=&#8221;ft&#8221;][vc_column]<div class=\"wpb_people_column wpb_content_element\"><div class=\"wpb_wrapper\"><div class=\"people_container\"><h3>Team dirigente<\/h3><div class=\"row\"><div class=\"people col-sm-6 col-md-4\"><div class=\"people__img\"><img decoding=\"async\" src=\"https:\/\/dev-web.electrosuisse.ch\/wp-content\/uploads\/2018\/12\/bjoern_avak_electrosuisse.jpg\" alt=\"Bj\u00f6rn Avak\" \/><\/div><div class=\"people__info contact__info\"><p><b>Bj\u00f6rn Avak<\/b><br>Direttore<\/p><\/div><\/div><div class=\"people col-sm-6 col-md-4\"><div class=\"people__img\"><img decoding=\"async\" src=\"https:\/\/dev-web.electrosuisse.ch\/wp-content\/uploads\/2018\/12\/stephan_bugget_electrosuisse.jpg\" alt=\"Stephan Bugget\" \/><\/div><div class=\"people__info contact__info\"><p><b>Stephan Bugget<\/b><br>Responsabile Finanze e Amministrazione<\/p><\/div><\/div><div class=\"people col-sm-6 col-md-4\"><div class=\"people__img\"><img decoding=\"async\" src=\"https:\/\/dev-web.electrosuisse.ch\/wp-content\/uploads\/2018\/12\/daniel_hofmann_electrosuisse.jpg\" alt=\"Daniel Hofmann\" \/><\/div><div class=\"people__info contact__info\"><p><b>Daniel Hofmann<\/b><br>Responsabile Formazione continua<\/p><\/div><\/div><div class=\"people col-sm-6 col-md-4\"><div class=\"people__img\"><img decoding=\"async\" src=\"https:\/\/dev-web.electrosuisse.ch\/wp-content\/uploads\/2025\/01\/Marc-Moser-585x345-3.jpg\" alt=\"Marc Moser\" \/><\/div><div class=\"people__info contact__info\"><p><b>Marc Moser<\/b><br>Responsabile Consulenza, Ispezioni e Ingegneria<\/p><\/div><\/div><div class=\"people col-sm-6 col-md-4\"><div class=\"people__img\"><img decoding=\"async\" src=\"https:\/\/dev-web.electrosuisse.ch\/wp-content\/uploads\/2023\/03\/lukas_truetsch_electrosuisse-585x345.jpg\" alt=\"Lukas Tr\u00fctsch\" \/><\/div><div class=\"people__info contact__info\"><p><b>Lukas Tr\u00fctsch<\/b><br>Responsabile servizio membri<\/p><\/div><\/div><div class=\"people col-sm-6 col-md-4\"><div class=\"people__img\"><img decoding=\"async\" src=\"https:\/\/dev-web.electrosuisse.ch\/wp-content\/uploads\/2018\/12\/daniel_otti_electrosuisse.jpg\" alt=\"Daniel Otti\" \/><\/div><div class=\"people__info contact__info\"><p><b>Daniel Otti<\/b><br>Direttore Ispettorato federale degli impianti a corrente forte ESTI<\/p><\/div><\/div><\/div><\/div><\/div><\/div><div class=\"wpb_gap_column wpb_content_element\"><div class=\"wpb_wrapper\"><div class=\"gap gap--big\"><\/div><\/div><\/div>[\/vc_column][\/vc_row][vc_row el_id=&#8221;vorstand&#8221;][vc_column]<div class=\"wpb_people_column wpb_content_element\"><div class=\"wpb_wrapper\"><div class=\"people_container\"><h3>Comitato<\/h3><div class=\"row\"><div class=\"people col-sm-6 col-md-4\"><div class=\"people__info contact__info\"><p><b>Dr. Dieter Reichelt<\/b><br>Presidente<br \/>\r\nMembro del comitato presidenziale<br \/>\r\nAxpo Grid AG, Baden<\/p><\/div><\/div><div class=\"people col-sm-6 col-md-4\"><div class=\"people__info contact__info\"><p><b>Daniel Schafer<\/b><br>Vicepresidente<br \/>\r\nBLS AG, Bern<\/p><\/div><\/div><div class=\"people col-sm-6 col-md-4\"><div class=\"people__info contact__info\"><p><b>Daniel M\u00fcller<\/b><br>Membro del comitato presidenziale<br \/>\r\nABB Schweiz AG, Baden<\/p><\/div><\/div><div class=\"people col-sm-6 col-md-4\"><div class=\"people__info contact__info\"><p><b>Marco Bigatto<\/b><br>AIL SA, Lugano<\/p><\/div><\/div><div class=\"people col-sm-6 col-md-4\"><div class=\"people__info contact__info\"><p><b>Prof. Dr. Drazen Dujic<\/b><br>EPFL, Lausanne<\/p><\/div><\/div><div class=\"people col-sm-6 col-md-4\"><div class=\"people__info contact__info\"><p><b>Patrick Favre-Perrod<\/b><br>Hochschule f\u00fcr Technik und Architektur, Freiburg<\/p><\/div><\/div><div class=\"people col-sm-6 col-md-4\"><div class=\"people__info contact__info\"><p><b>J\u00fcrg Herzog<\/b><br>Siemens Schweiz AG, Z\u00fcrich<\/p><\/div><\/div><div class=\"people col-sm-6 col-md-4\"><div class=\"people__info contact__info\"><p><b>Regula Hotz<\/b><br>J. Kowner AG, Z\u00fcrich<\/p><\/div><\/div><div class=\"people col-sm-6 col-md-4\"><div class=\"people__info contact__info\"><p><b>Prof. Dr. Gabriela Hug<\/b><br>ETH, Z\u00fcrich<\/p><\/div><\/div><div class=\"people col-sm-6 col-md-4\"><div class=\"people__info contact__info\"><p><b>Ingrid Knott<\/b><br>Elektro-Material AG, Z\u00fcrich<\/p><\/div><\/div><div class=\"people col-sm-6 col-md-4\"><div class=\"people__info contact__info\"><p><b>Remy Wittwer<\/b><br>ETAVIS-Gruppe, Z\u00fcrich<\/p><\/div><\/div><\/div><\/div><\/div><\/div><div class=\"wpb_gap_column wpb_content_element\"><div class=\"wpb_wrapper\"><div class=\"gap gap--small\"><\/div><\/div><\/div>[\/vc_column][\/vc_row][vc_row el_id=&#8221;fvorstand&#8221;][vc_column][vc_column_text]<\/p>\n<h2>Consiglio specialistico<\/h2>\n<p>[\/vc_column_text][vc_column_text css=&#8221;&#8221;]<\/p>\n<h4>Membri provenienti dall&#8217;industria e dalla ricerca\/didattica nel campo della tecnologia energetica e dell&#8217;informazione e della mobilit\u00e0:<\/h4>\n<p>[\/vc_column_text]<div class=\"wpb_people_column wpb_content_element\"><div class=\"wpb_wrapper\"><div class=\"people_container\"><h3>Expert Board<\/h3><div class=\"row\"><div class=\"people col-sm-6 col-md-4\"><div class=\"people__info contact__info\"><p><b>Adriano Nasciuti <\/b><br>Professor, Head of Section<br \/>\r\nZHAW<\/p><\/div><\/div><div class=\"people col-sm-6 col-md-4\"><div class=\"people__info contact__info\"><p><b>Tobias Balcon <\/b><br>Strategy Manager<br \/>\r\nSwisscom (Schweiz) AG<\/p><\/div><\/div><div class=\"people col-sm-6 col-md-4\"><div class=\"people__info contact__info\"><p><b>Joel Portmann <\/b><br>Strategie und Gesch\u00e4ftsentwicklung<br \/>\r\nSiemens Schweiz AG<\/p><\/div><\/div><div class=\"people col-sm-6 col-md-4\"><div class=\"people__info contact__info\"><p><b>Turhan Demiray <\/b><br>Forschungsleiter <br \/>\r\nETH Z\u00fcrich<\/p><\/div><\/div><div class=\"people col-sm-6 col-md-4\"><div class=\"people__info contact__info\"><p><b>Stefan Hatt<\/b><br>Pr\u00e4sident Expert Board<br \/>\r\nGroup Vice President<br \/>\r\nHitachi Energy AG, Baden<\/p><\/div><\/div><div class=\"people col-sm-6 col-md-4\"><div class=\"people__info contact__info\"><p><b>Martin Aeberhard<\/b><br>Dirigente<br \/>\r\nRailectric GmbH, Bern<\/p><\/div><\/div><div class=\"people col-sm-6 col-md-4\"><div class=\"people__info contact__info\"><p><b>Armin Bolt<\/b><br>Head of Electrification<br \/>\r\nSiemens Schweiz AG, Z\u00fcrich<\/p><\/div><\/div><div class=\"people col-sm-6 col-md-4\"><div class=\"people__info contact__info\"><p><b>Andreas Burg<\/b><br>Associate Professor, Head of Telecommunications Circuit Lab<br \/>\r\nEPFL Lausanne<\/p><\/div><\/div><div class=\"people col-sm-6 col-md-4\"><div class=\"people__info contact__info\"><p><b>Roland Hasler<\/b><br>Leiter Marketing &amp; Verkauf<br \/>\r\nBouygues E&amp;S EnerTrans AG, Niederg\u00f6sgen<\/p><\/div><\/div><div class=\"people col-sm-6 col-md-4\"><div class=\"people__info contact__info\"><p><b>Kurt Kriesi<\/b><br>Responsabile Ingegneria Costruzione Linee Alta Tensione<br \/>\r\nBKW Energie AG, Ostermundigen<\/p><\/div><\/div><div class=\"people col-sm-6 col-md-4\"><div class=\"people__info contact__info\"><p><b>Dr. Lukas K\u00fcng<\/b><br>Dirigente<br \/>\r\nPrimeo Netz AG, M\u00fcnchenstein<\/p><\/div><\/div><div class=\"people col-sm-6 col-md-4\"><div class=\"people__info contact__info\"><p><b>Rudolf Meier<\/b><br>Dirigente<br \/>\r\nBouygues E&amp;S EnerTrans AG, Niederg\u00f6sgen<\/p><\/div><\/div><div class=\"people col-sm-6 col-md-4\"><div class=\"people__info contact__info\"><p><b>Michael Rey<\/b><br>Dirigente<br \/>\r\nRey Automation, Sirnach<\/p><\/div><\/div><div class=\"people col-sm-6 col-md-4\"><div class=\"people__info contact__info\"><p><b>Prof. Bj\u00f6rn Schrader<\/b><br>Docente a tempo pieno<br \/>\r\nHochschule Luzern, Technik und Architektur, Horw<\/p><\/div><\/div><div class=\"people col-sm-6 col-md-4\"><div class=\"people__info contact__info\"><p><b>Christoph Steinmann<\/b><br>Responsabile gare d'appalto GIS globali<br \/>\r\nGE Grid (Switzerland) GmbH, Oberentfelden<\/p><\/div><\/div><\/div><\/div><\/div><\/div>[\/vc_column][\/vc_row][vc_row disable_element=&#8221;yes&#8221;][vc_column][vc_column_text]<\/p>\n<h4>Membri dell&#8217;industria e della ricerca\/insegnamento per una mobilit\u00e0 efficiente:<\/h4>\n<p>[\/vc_column_text]<div class=\"wpb_people_column wpb_content_element\"><div class=\"wpb_wrapper\"><div class=\"people_container\"><h3>Expert Board e-mobile<\/h3><div class=\"row\"><\/div><\/div><\/div><\/div>[\/vc_column][\/vc_row]<\/p>\n<\/div>","protected":false},"excerpt":{"rendered":"<p>[vc_row el_class=&#8221;organigramm&#8221;][vc_column][\/vc_column][\/vc_row][vc_row el_id=&#8221;ft&#8221;][vc_column][\/vc_column][\/vc_row][vc_row el_id=&#8221;vorstand&#8221;][vc_column][\/vc_column][\/vc_row][vc_row el_id=&#8221;fvorstand&#8221;][vc_column][vc_column_text] Consiglio specialistico [\/vc_column_text][vc_column_text css=&#8221;&#8221;] Membri provenienti dall&#8217;industria e dalla ricerca\/didattica nel campo della tecnologia energetica e dell&#8217;informazione e della mobilit\u00e0: [\/vc_column_text][\/vc_column][\/vc_row][vc_row disable_element=&#8221;yes&#8221;][vc_column][vc_column_text] Membri dell&#8217;industria e della ricerca\/insegnamento per una mobilit\u00e0 efficiente: [\/vc_column_text][\/vc_column][\/vc_row]<\/p>\n","protected":false},"author":6,"featured_media":0,"parent":3797,"menu_order":32,"comment_status":"closed","ping_status":"closed","template":"","meta":{"_acf_changed":false,"footnotes":""},"class_list":["post-21721","page","type-page","status-publish","hentry"],"acf":[],"yoast_head":"<!-- This site is optimized with the Yoast SEO Premium plugin v25.1 (Yoast SEO v25.1) - https:\/\/yoast.com\/wordpress\/plugins\/seo\/ -->\n<title>Organizzazione<\/title>\n<meta name=\"description\" content=\"Electrosuisse auf einen Blick: mit Sitz in Fehraltorf sind wir seit 1989 als Fachverband f\u00fcr die Elektro-, Energie- und Informationstechnik t\u00e4tig.\" \/>\n<meta name=\"robots\" content=\"noindex, follow, max-snippet:-1, max-image-preview:large, max-video-preview:-1\" \/>\n<meta property=\"og:locale\" content=\"it_IT\" \/>\n<meta property=\"og:type\" content=\"article\" \/>\n<meta property=\"og:title\" content=\"Organizzazione\" \/>\n<meta property=\"og:description\" content=\"Electrosuisse auf einen Blick: mit Sitz in Fehraltorf sind wir seit 1989 als Fachverband f\u00fcr die Elektro-, Energie- und Informationstechnik t\u00e4tig.\" \/>\n<meta property=\"og:url\" content=\"https:\/\/dev-web.electrosuisse.ch\/it\/portrait\/organizzazione\/\" \/>\n<meta property=\"og:site_name\" content=\"Electrosuisse\" \/>\n<meta property=\"article:modified_time\" content=\"2025-07-01T11:31:28+00:00\" \/>\n<meta property=\"og:image\" content=\"https:\/\/dev-web.electrosuisse.ch\/wp-content\/uploads\/2022\/12\/Electrosuisse_Ueber_uns_1578x650.jpg\" \/>\n\t<meta property=\"og:image:width\" content=\"1578\" \/>\n\t<meta property=\"og:image:height\" content=\"650\" \/>\n\t<meta property=\"og:image:type\" content=\"image\/jpeg\" \/>\n<script type=\"application\/ld+json\" class=\"yoast-schema-graph\">{\"@context\":\"https:\/\/schema.org\",\"@graph\":[{\"@type\":\"WebPage\",\"@id\":\"https:\/\/dev-web.electrosuisse.ch\/it\/portrait\/organizzazione\/\",\"url\":\"https:\/\/dev-web.electrosuisse.ch\/it\/portrait\/organizzazione\/\",\"name\":\"Organizzazione\",\"isPartOf\":{\"@id\":\"https:\/\/dev-web.electrosuisse.ch\/it\/#website\"},\"datePublished\":\"2022-04-09T17:45:18+00:00\",\"dateModified\":\"2025-07-01T11:31:28+00:00\",\"description\":\"Electrosuisse auf einen Blick: mit Sitz in Fehraltorf sind wir seit 1989 als Fachverband f\u00fcr die Elektro-, Energie- und Informationstechnik t\u00e4tig.\",\"breadcrumb\":{\"@id\":\"https:\/\/dev-web.electrosuisse.ch\/it\/portrait\/organizzazione\/#breadcrumb\"},\"inLanguage\":\"it-IT\",\"potentialAction\":[{\"@type\":\"ReadAction\",\"target\":[\"https:\/\/dev-web.electrosuisse.ch\/it\/portrait\/organizzazione\/\"]}]},{\"@type\":\"BreadcrumbList\",\"@id\":\"https:\/\/dev-web.electrosuisse.ch\/it\/portrait\/organizzazione\/#breadcrumb\",\"itemListElement\":[{\"@type\":\"ListItem\",\"position\":1,\"name\":\"Portrait\",\"item\":\"https:\/\/dev-web.electrosuisse.ch\/it\/portrait\/\"},{\"@type\":\"ListItem\",\"position\":2,\"name\":\"Organizzazione\"}]},{\"@type\":\"WebSite\",\"@id\":\"https:\/\/dev-web.electrosuisse.ch\/it\/#website\",\"url\":\"https:\/\/dev-web.electrosuisse.ch\/it\/\",\"name\":\"Electrosuisse\",\"description\":\"\",\"publisher\":{\"@id\":\"https:\/\/dev-web.electrosuisse.ch\/it\/#organization\"},\"potentialAction\":[{\"@type\":\"SearchAction\",\"target\":{\"@type\":\"EntryPoint\",\"urlTemplate\":\"https:\/\/dev-web.electrosuisse.ch\/it\/?s={search_term_string}\"},\"query-input\":{\"@type\":\"PropertyValueSpecification\",\"valueRequired\":true,\"valueName\":\"search_term_string\"}}],\"inLanguage\":\"it-IT\"},{\"@type\":\"Organization\",\"@id\":\"https:\/\/dev-web.electrosuisse.ch\/it\/#organization\",\"name\":\"Electrosuisse\",\"url\":\"https:\/\/dev-web.electrosuisse.ch\/it\/\",\"logo\":{\"@type\":\"ImageObject\",\"inLanguage\":\"it-IT\",\"@id\":\"https:\/\/dev-web.electrosuisse.ch\/it\/#\/schema\/logo\/image\/\",\"url\":\"https:\/\/dev-web.electrosuisse.ch\/wp-content\/uploads\/2025\/04\/Electrosuisse_Logo_696x696.png\",\"contentUrl\":\"https:\/\/dev-web.electrosuisse.ch\/wp-content\/uploads\/2025\/04\/Electrosuisse_Logo_696x696.png\",\"width\":696,\"height\":696,\"caption\":\"Electrosuisse\"},\"image\":{\"@id\":\"https:\/\/dev-web.electrosuisse.ch\/it\/#\/schema\/logo\/image\/\"},\"sameAs\":[\"https:\/\/www.linkedin.com\/company\/electrosuisse-ag\/posts\/?feedView=all\",\"https:\/\/www.instagram.com\/electrosuisse1889\/\",\"https:\/\/www.youtube.com\/channel\/UCoOxohMiVE0Gjcdis1L09zw\"],\"description\":\"Electrosuisse ist eine anerkannte und unabh\u00e4ngige Fachorganisation, die erstklassige Dienstleistungen und Produkte in den Bereichen Inspektion, Beratung, Pr\u00fcfung, Zertifizierung, Normung und Weiterbildung anbietet. Unsere Expertise umfasst Elektrotechnik, Elektromobilit\u00e4t, Energieberatung, Geb\u00e4udeautomation und Photovoltaik in der Schweiz. Durch die Veranstaltung etablierter Branchen-Events und Fachtagungen f\u00f6rdert Electrosuisse den Wissenstransfer und den fachlichen Austausch. Im Mittelpunkt unserer T\u00e4tigkeiten steht die F\u00f6rderung der sicheren, wirtschaftlichen und umweltgerechten Anwendung der Elektrotechnik.\"}]}<\/script>\n<!-- \/ Yoast SEO Premium plugin. -->","yoast_head_json":{"title":"Organizzazione","description":"Electrosuisse auf einen Blick: mit Sitz in Fehraltorf sind wir seit 1989 als Fachverband f\u00fcr die Elektro-, Energie- und Informationstechnik t\u00e4tig.","robots":{"index":"noindex","follow":"follow","max-snippet":"max-snippet:-1","max-image-preview":"max-image-preview:large","max-video-preview":"max-video-preview:-1"},"og_locale":"it_IT","og_type":"article","og_title":"Organizzazione","og_description":"Electrosuisse auf einen Blick: mit Sitz in Fehraltorf sind wir seit 1989 als Fachverband f\u00fcr die Elektro-, Energie- und Informationstechnik t\u00e4tig.","og_url":"https:\/\/dev-web.electrosuisse.ch\/it\/portrait\/organizzazione\/","og_site_name":"Electrosuisse","article_modified_time":"2025-07-01T11:31:28+00:00","og_image":[{"width":1578,"height":650,"url":"https:\/\/dev-web.electrosuisse.ch\/wp-content\/uploads\/2022\/12\/Electrosuisse_Ueber_uns_1578x650.jpg","type":"image\/jpeg"}],"schema":{"@context":"https:\/\/schema.org","@graph":[{"@type":"WebPage","@id":"https:\/\/dev-web.electrosuisse.ch\/it\/portrait\/organizzazione\/","url":"https:\/\/dev-web.electrosuisse.ch\/it\/portrait\/organizzazione\/","name":"Organizzazione","isPartOf":{"@id":"https:\/\/dev-web.electrosuisse.ch\/it\/#website"},"datePublished":"2022-04-09T17:45:18+00:00","dateModified":"2025-07-01T11:31:28+00:00","description":"Electrosuisse auf einen Blick: mit Sitz in Fehraltorf sind wir seit 1989 als Fachverband f\u00fcr die Elektro-, Energie- und Informationstechnik t\u00e4tig.","breadcrumb":{"@id":"https:\/\/dev-web.electrosuisse.ch\/it\/portrait\/organizzazione\/#breadcrumb"},"inLanguage":"it-IT","potentialAction":[{"@type":"ReadAction","target":["https:\/\/dev-web.electrosuisse.ch\/it\/portrait\/organizzazione\/"]}]},{"@type":"BreadcrumbList","@id":"https:\/\/dev-web.electrosuisse.ch\/it\/portrait\/organizzazione\/#breadcrumb","itemListElement":[{"@type":"ListItem","position":1,"name":"Portrait","item":"https:\/\/dev-web.electrosuisse.ch\/it\/portrait\/"},{"@type":"ListItem","position":2,"name":"Organizzazione"}]},{"@type":"WebSite","@id":"https:\/\/dev-web.electrosuisse.ch\/it\/#website","url":"https:\/\/dev-web.electrosuisse.ch\/it\/","name":"Electrosuisse","description":"","publisher":{"@id":"https:\/\/dev-web.electrosuisse.ch\/it\/#organization"},"potentialAction":[{"@type":"SearchAction","target":{"@type":"EntryPoint","urlTemplate":"https:\/\/dev-web.electrosuisse.ch\/it\/?s={search_term_string}"},"query-input":{"@type":"PropertyValueSpecification","valueRequired":true,"valueName":"search_term_string"}}],"inLanguage":"it-IT"},{"@type":"Organization","@id":"https:\/\/dev-web.electrosuisse.ch\/it\/#organization","name":"Electrosuisse","url":"https:\/\/dev-web.electrosuisse.ch\/it\/","logo":{"@type":"ImageObject","inLanguage":"it-IT","@id":"https:\/\/dev-web.electrosuisse.ch\/it\/#\/schema\/logo\/image\/","url":"https:\/\/dev-web.electrosuisse.ch\/wp-content\/uploads\/2025\/04\/Electrosuisse_Logo_696x696.png","contentUrl":"https:\/\/dev-web.electrosuisse.ch\/wp-content\/uploads\/2025\/04\/Electrosuisse_Logo_696x696.png","width":696,"height":696,"caption":"Electrosuisse"},"image":{"@id":"https:\/\/dev-web.electrosuisse.ch\/it\/#\/schema\/logo\/image\/"},"sameAs":["https:\/\/www.linkedin.com\/company\/electrosuisse-ag\/posts\/?feedView=all","https:\/\/www.instagram.com\/electrosuisse1889\/","https:\/\/www.youtube.com\/channel\/UCoOxohMiVE0Gjcdis1L09zw"],"description":"Electrosuisse ist eine anerkannte und unabh\u00e4ngige Fachorganisation, die erstklassige Dienstleistungen und Produkte in den Bereichen Inspektion, Beratung, Pr\u00fcfung, Zertifizierung, Normung und Weiterbildung anbietet. Unsere Expertise umfasst Elektrotechnik, Elektromobilit\u00e4t, Energieberatung, Geb\u00e4udeautomation und Photovoltaik in der Schweiz. Durch die Veranstaltung etablierter Branchen-Events und Fachtagungen f\u00f6rdert Electrosuisse den Wissenstransfer und den fachlichen Austausch. Im Mittelpunkt unserer T\u00e4tigkeiten steht die F\u00f6rderung der sicheren, wirtschaftlichen und umweltgerechten Anwendung der Elektrotechnik."}]}},"_links":{"self":[{"href":"https:\/\/dev-web.electrosuisse.ch\/it\/wp-json\/wp\/v2\/pages\/21721","targetHints":{"allow":["GET"]}}],"collection":[{"href":"https:\/\/dev-web.electrosuisse.ch\/it\/wp-json\/wp\/v2\/pages"}],"about":[{"href":"https:\/\/dev-web.electrosuisse.ch\/it\/wp-json\/wp\/v2\/types\/page"}],"author":[{"embeddable":true,"href":"https:\/\/dev-web.electrosuisse.ch\/it\/wp-json\/wp\/v2\/users\/6"}],"replies":[{"embeddable":true,"href":"https:\/\/dev-web.electrosuisse.ch\/it\/wp-json\/wp\/v2\/comments?post=21721"}],"version-history":[{"count":6,"href":"https:\/\/dev-web.electrosuisse.ch\/it\/wp-json\/wp\/v2\/pages\/21721\/revisions"}],"predecessor-version":[{"id":39410,"href":"https:\/\/dev-web.electrosuisse.ch\/it\/wp-json\/wp\/v2\/pages\/21721\/revisions\/39410"}],"up":[{"embeddable":true,"href":"https:\/\/dev-web.electrosuisse.ch\/it\/wp-json\/wp\/v2\/pages\/3797"}],"wp:attachment":[{"href":"https:\/\/dev-web.electrosuisse.ch\/it\/wp-json\/wp\/v2\/media?parent=21721"}],"curies":[{"name":"wp","href":"https:\/\/api.w.org\/{rel}","templated":true}]}}