{"id":21707,"date":"2022-04-09T19:00:49","date_gmt":"2022-04-09T17:00:49","guid":{"rendered":"https:\/\/dev-web.electrosuisse.ch\/?page_id=21707"},"modified":"2023-01-16T09:44:59","modified_gmt":"2023-01-16T08:44:59","slug":"tecnica-impiantistica-degli-stabili","status":"publish","type":"page","link":"https:\/\/dev-web.electrosuisse.ch\/it\/tecnica-impiantistica-degli-stabili\/","title":{"rendered":"Tecnica impiantistica degli stabili"},"content":{"rendered":"<div class=\"wpb-content-wrapper\"><p>[vc_row][vc_column][vc_column_text]Gli edifici stanno diventando sempre pi\u00f9 \u00abintelligenti\u00bb. Da un lato, si tratta di sviluppare rapidamente le infrastrutture per contribuire alla sicurezza e all&#8217;efficienza energetica degli stabili nonch\u00e9 al comfort e al benessere dei loro residenti. D&#8217;altro canto, un numero crescente di generatori e di impianti di stoccaggio dell\u2019energia decentralizzati vengono sempre pi\u00f9 frequentemente integrati nel sistema edilizio. Ci\u00f2 richiede un&#8217;infrastruttura digitale interconnessa, con sensori e attuatori che comunicano tra loro per controllare, automaticamente e secondo le necessit\u00e0, l&#8217;impiego della luce, del riscaldamento\/della ventilazione e della gestione del clima. I seminari di perfezionamento di Electrosuisse affrontano approfonditamente queste tematiche.[\/vc_column_text][\/vc_column][\/vc_row][vc_row el_id=&#8221;courses&#8221;][vc_column][vc_column_text]<\/p>\n<h2>Manifestazioni<\/h2>\n<p>[\/vc_column_text]<div class=\"wpb_carousel_column wpb_carousel_column--event wpb_content_element\"><div class=\"wpb_wrapper\"><div class=\"event_container\"><div class=\"owl-carousel owl-theme\"><\/div><\/div><\/div><\/div><div class=\"wpb_button_column wpb_content_element wpb_content_element--left\"><div class=\"wpb_wrapper\"><div class=\"button button--ghost\"><a href=\"https:\/\/dev-web.electrosuisse.ch\/de\/tagungen-energie-und-installationstechnik\/\">Panoramica e ulteriori informazioni sugli eventi<\/a><\/div><\/div><\/div><div class=\"wpb_document_column wpb_content_element\"><div class=\"wpb_wrapper\"><div class=\"document document--pdf\"><a href=\"https:\/\/dev-web.electrosuisse.ch\/wp-content\/uploads\/2025\/01\/Flyer_Veranstaltungsuebersicht_2025_A5_Web.pdf\" target=\"_blank\" rel=\"noopener\">Flyer manifestazioni ET e IT<\/a><\/div><\/div><\/div>[\/vc_column][\/vc_row][vc_row el_id=&#8221;engineering&#8221;][vc_column][vc_column_text]<\/p>\n<h2>Engineering<\/h2>\n<p>[\/vc_column_text]<div class=\"wpb_text_image_column wpb_content_element \"><div class=\"wpb_wrapper\"><div class=\"row middle-lg\"><div class=\"col-sm-6 col-xs-12\"><div class=\"picture_container\"><picture><source srcset=\"https:\/\/dev-web.electrosuisse.ch\/wp-content\/uploads\/2022\/03\/Blitzschutz_585x500-585x500.jpg\"><img decoding=\"async\" src=\"https:\/\/dev-web.electrosuisse.ch\/wp-content\/uploads\/2022\/03\/Blitzschutz_585x500-585x500.jpg\" alt=\"Protezione antifulmine et messa a terra\" \/><\/picture><\/div><\/div><div class=\"col-sm-6 col-xs-12\"><h3>Protezione antifulmine et messa a terra<\/h3><\/p>\n<h5>Messa a terra, protezione antifulmine e contro le sovratensioni<\/h5>\n<p>Adottate i giusti provvedimenti per le vostre costruzioni.<\/p>\n<p>Sulla base di un\u2019analisi del rischio creiamo un progetto di protezione antifulmine e messa a terra, adeguato ai requisiti dell\u2019immobile e tenendo conto degli specifici aspetti tecnici ed economici.<\/p>\n<div class=\"button button--normal\"><a href=\"https:\/\/dev-web.electrosuisse.ch\/it\/engineering_zz__trashed\/certificazione\/protezione-antifulmine-e-messa-a-terra\/\">Scoprite di pi\u00f9 a riguardo<\/a><\/div><\/div><\/div><\/div><\/div><div class=\"wpb_text_image_column wpb_content_element \"><div class=\"wpb_wrapper\"><div class=\"row reverse middle-lg\"><div class=\"col-sm-6 col-xs-12\"><div class=\"picture_container\"><picture><source srcset=\"https:\/\/dev-web.electrosuisse.ch\/wp-content\/uploads\/2019\/05\/Electrosuisse_Schaltgeraetekombination_cables-close-up-connection-257736-1-585x500.jpg\"><img decoding=\"async\" src=\"https:\/\/dev-web.electrosuisse.ch\/wp-content\/uploads\/2019\/05\/Electrosuisse_Schaltgeraetekombination_cables-close-up-connection-257736-1-585x500.jpg\" alt=\"Sicurezza delle apparecchiature assiemate di protezione e manovra\" \/><\/picture><\/div><\/div><div class=\"col-sm-6 col-xs-12\"><h3>Sicurezza delle apparecchiature assiemate di protezione e manovra<\/h3><p>Saremo lieti di fornirvi il nostro supporto con i seguenti servizi:<\/p>\n<div class=\"wpb_text_column wpb_content_element is-visible\">\n<div class=\"wpb_wrapper\">\n<ul>\n<li>Definire gli obiettivi di protezione<\/li>\n<li>Accertamento dei necessari controlli<\/li>\n<li>Elaborazione della documentazione<\/li>\n<li>Accertamento delle norme valide<\/li>\n<\/ul>\n<\/div>\n<\/div>\n<div class=\"button button--normal\"><a href=\"https:\/\/dev-web.electrosuisse.ch\/it\/engineering_zz__trashed\/analyse\/apparecchiature-assiemate-di-protezione-e-manovra\/\">Scoprite di pi\u00f9 a riguardo<\/a><\/div><\/div><\/div><\/div><\/div><div class=\"wpb_gap_column wpb_content_element\"><div class=\"wpb_wrapper\"><div class=\"gap gap--big\"><\/div><\/div><\/div>[\/vc_column][\/vc_row][vc_row el_id=&#8221;products&#8221;][vc_column][vc_column_text]<\/p>\n<h2>Prodotti<\/h2>\n<p>[\/vc_column_text]<div class=\"wpb_text_image_column wpb_content_element \"><div class=\"wpb_wrapper\"><div class=\"row middle-lg\"><div class=\"col-sm-6 col-xs-12\"><div class=\"picture_container\"><picture><source srcset=\"https:\/\/dev-web.electrosuisse.ch\/wp-content\/uploads\/2022\/04\/Schaltgeraete_585x500-585x500.jpg\"><img decoding=\"async\" src=\"https:\/\/dev-web.electrosuisse.ch\/wp-content\/uploads\/2022\/04\/Schaltgeraete_585x500-585x500.jpg\" alt=\"Schaltger\u00e4tekombinationen\" \/><\/picture><\/div><\/div><div class=\"col-sm-6 col-xs-12\"><h3>Schaltger\u00e4tekombinationen<\/h3><p>Das Handbuch beschreibt das detaillierte Vorgehen f\u00fcr die Erstellung und die Pr\u00fcfung von Schaltger\u00e4tekombinationen. Es enth\u00e4lt zahlreiche Schemas, Zeichnungen, Tabellen und praktische Beispiele.<\/p>\n<div class=\"button button--normal\"><a href=\"https:\/\/shop.electrosuisse.ch\/de\/DV-HBSGK-D-56338.html\" target=\"_blank\" rel=\"noopener\">Acquista ora<\/a><\/div><\/div><\/div><\/div><\/div><div class=\"wpb_text_image_column wpb_content_element \"><div class=\"wpb_wrapper\"><div class=\"row reverse middle-lg\"><div class=\"col-sm-6 col-xs-12\"><div class=\"picture_container\"><picture><source srcset=\"https:\/\/dev-web.electrosuisse.ch\/wp-content\/uploads\/2022\/04\/MessenNIN2020_585x500-585x500.jpg\"><img decoding=\"async\" src=\"https:\/\/dev-web.electrosuisse.ch\/wp-content\/uploads\/2022\/04\/MessenNIN2020_585x500-585x500.jpg\" alt=\"Messen gem\u00e4ss NIN 2020\" \/><\/picture><\/div><\/div><div class=\"col-sm-6 col-xs-12\"><h3>Messen gem\u00e4ss NIN 2020<\/h3><p>Aufgrund der NIV und NIN 2020 sind Erstpr\u00fcfungen und Messungen in neuen und bestehenden Installationen vorgeschrieben. Das Handbuch beschreibt das detaillierte Vorgehen f\u00fcr die \u00dcberpr\u00fcfung elektrischer Niederspannungsinstallationen. Es enth\u00e4lt zahlreiche Schemas, Zeichnungen, Tabellen und praktische Beispiele.<\/p>\n<div class=\"button button--normal\"><a href=\"https:\/\/shop.electrosuisse.ch\/de\/DV-HBME2020-D-48348.html\" target=\"_blank\" rel=\"noopener\">Acquista ora<\/a><\/div><\/div><\/div><\/div><\/div>[\/vc_column][\/vc_row][vc_row el_id=&#8221;news&#8221;][vc_column][vc_column_text]<\/p>\n<h2>News e articoli tecnici<\/h2>\n<p>[\/vc_column_text]<div class=\"wpb_news_column wpb_content_element\"><div class=\"wpb_wrapper\"><div class=\"news_container\"><div class=\"owl-carousel owl-theme\"><div class=\"news\"><a href=\"https:\/\/dev-web.electrosuisse.ch\/it\/uneredita-perocolosa-nuovo-opuscolo-per-il-risanamento-della-messa-al-neutro-secondo-lo-schema-iii\/\" class=\"full\">Un\u2019eredit\u00e0 perocolosa: nuovo opuscolo per il risanamento della messa al neutro secondo lo schema III<\/a><div class=\"news__img\"><div class=\"picture_container\"><img decoding=\"async\" src=\"https:\/\/dev-web.electrosuisse.ch\/wp-content\/uploads\/2025\/04\/Nullschema_362x218.png\" alt=\"Un\u2019eredit\u00e0 perocolosa: nuovo opuscolo per il risanamento della messa al neutro secondo lo schema III\" \/><\/div><\/div><div class=\"news__content\"><div class=\"content\"><span class=\"date is-news-date\">29 aprile 2025<\/span><h3>Un\u2019eredit\u00e0 perocolosa: nuovo opuscolo per il risanamento della messa al neutro secondo lo schema III<\/h3><p>Le installazioni secondo lo schema III non sono sufficienti dal punto di vista della sicurezza tecnica: un nuovo opuscolo fornisce informazioni in modo compatto e pratico sui rischi, sulle norme giuridiche e sulle fasi di risanamento richieste. <\/p><\/div><div class=\"button button--arrow-text\"><span>All'articolo<\/span><\/div><\/div><\/div><div class=\"news\"><a href=\"https:\/\/dev-web.electrosuisse.ch\/it\/elettrodomestici-intelligenti\/\" class=\"full\">Elettrodomestici intelligenti come strumenti di indagine<\/a><div class=\"news__img\"><div class=\"picture_container\"><img decoding=\"async\" src=\"https:\/\/dev-web.electrosuisse.ch\/wp-content\/uploads\/2025\/02\/smarte-haushaltsgeraete-362x218-1.png\" alt=\"Elettrodomestici intelligenti come strumenti di indagine\" \/><\/div><\/div><div class=\"news__content\"><div class=\"content\"><span class=\"date is-news-date\">14 febbraio 2025<\/span><h3>Elettrodomestici intelligenti come strumenti di indagine<\/h3><p>Gli elettrodomestici intelligenti fanno da tempo parte della vita quotidiana: controllano la luce, misurano il consumo energetico o puliscono la casa in modo autonomo. Tuttavia, oltre al loro uso pratico, potrebbero svolgere un ruolo inaspettato: aiutare a risolvere i crimini. <\/p><\/div><div class=\"button button--arrow-text\"><span>All'articolo<\/span><\/div><\/div><\/div><div class=\"news\"><a href=\"https:\/\/dev-web.electrosuisse.ch\/it\/vulnerabilita-di-sicurezza-dei-droni\/\" class=\"full\">Vulnerabilit\u00e0 di sicurezza dei droni<\/a><div class=\"news__img\"><div class=\"picture_container\"><img decoding=\"async\" src=\"https:\/\/dev-web.electrosuisse.ch\/wp-content\/uploads\/2023\/03\/Drohnensicherheit_585x500-585x500.jpg\" alt=\"Vulnerabilit\u00e0 di sicurezza dei droni\" \/><\/div><\/div><div class=\"news__content\"><div class=\"content\"><span class=\"date is-news-date\">10 marzo 2023<\/span><h3>Vulnerabilit\u00e0 di sicurezza dei droni<\/h3><p>Alcuni ricercatori di Bochum e Saarbr\u00fccken hanno individuato in diversi droni prodotti da DJI delle lacune di sicurezza, alcune delle quali gravi, che permettono di cambiare il numero di serie del drone o di disabilitarne i meccanismi.<\/p><\/div><div class=\"button button--arrow-text\"><span>All'articolo<\/span><\/div><\/div><\/div><div class=\"news\"><a href=\"https:\/\/dev-web.electrosuisse.ch\/it\/tecnologie-a-pellicola-sottile-per-la-svolta-energetica\/\" class=\"full\">Tecnologie a pellicola sottile per la svolta energetica<\/a><div class=\"news__img\"><div class=\"picture_container\"><img decoding=\"async\" src=\"https:\/\/dev-web.electrosuisse.ch\/wp-content\/uploads\/2022\/12\/Duennschicht-Fenster_585x500-585x500.jpg\" alt=\"Tecnologie a pellicola sottile per la svolta energetica\" \/><\/div><\/div><div class=\"news__content\"><div class=\"content\"><span class=\"date is-news-date\">11 ottobre 2022<\/span><h3>Tecnologie a pellicola sottile per la svolta energetica<\/h3><p>Il Fraunhofer FEP \u00e8 riuscito a produrre il primo strato termocromico al mondo su vetro sottile con un processo roll-to-roll. Un risultato che in futuro potrebbe rendere superflue le tapparelle meccaniche e allo stesso tempo ridurre il fabbisogno energetico di raffreddamento e riscaldamento di un edificio.<\/p><\/div><div class=\"button button--arrow-text\"><span>All'articolo<\/span><\/div><\/div><\/div><div class=\"news\"><a href=\"https:\/\/dev-web.electrosuisse.ch\/it\/premio-di-eccellenza-siemens-10-000-franchi-per-giovani-ricercatori-svizzeri\/\" class=\"full\">Premio di eccellenza Siemens: 10.000 franchi per giovani ricercatori svizzeri<\/a><div class=\"news__img\"><div class=\"picture_container\"><img decoding=\"async\" src=\"https:\/\/dev-web.electrosuisse.ch\/wp-content\/uploads\/2022\/05\/Glitter_585x500-585x500.jpg\" alt=\"Premio di eccellenza Siemens: 10.000 franchi per giovani ricercatori svizzeri\" \/><\/div><\/div><div class=\"news__content\"><div class=\"content\"><span class=\"date is-news-date\">24 maggio 2022<\/span><h3>Premio di eccellenza Siemens: 10.000 franchi per giovani ricercatori svizzeri<\/h3><p>Patrick Heller e Lorenz R\u00fcegsegger, diplomati in Impiantistica presso la Scuola superiore di Lucerna, vincono il premio nazionale Siemens Excellence Award del valore di 10.000 franchi. Il loro lavoro di bachelor, intitolato \"Optimal control for a novel decentralised latent storage module in an apartment building\", ha convinto la giuria.<\/p><\/div><div class=\"button button--arrow-text\"><span>All'articolo<\/span><\/div><\/div><\/div><div class=\"news\"><a href=\"https:\/\/dev-web.electrosuisse.ch\/it\/quando-lalgoritmo-attiva-il-termostato\/\" class=\"full\">Quando l&#8217;algoritmo attiva il termostato<\/a><div class=\"news__img\"><div class=\"picture_container\"><img decoding=\"async\" src=\"https:\/\/dev-web.electrosuisse.ch\/wp-content\/uploads\/2022\/11\/Thermostat_585x500-585x500.jpg\" alt=\"Quando l&#8217;algoritmo attiva il termostato\" \/><\/div><\/div><div class=\"news__content\"><div class=\"content\"><span class=\"date is-news-date\">18 gennaio 2022<\/span><h3>Quando l&#8217;algoritmo attiva il termostato<\/h3><p>L\u2019azienda \u00abViboo\u00bb, una spin-off dell\u2019Empa, ha sviluppato un algoritmo di autoapprendimento per controllare il clima interno. Ci\u00f2 consente di raffreddare o riscaldare gli edifici in anticipo, risparmiando circa un terzo dell'energia.<\/p><\/div><div class=\"button button--arrow-text\"><span>All'articolo<\/span><\/div><\/div><\/div><\/div><\/div><\/div><\/div><div class=\"wpb_gap_column wpb_content_element\"><div class=\"wpb_wrapper\"><div class=\"gap gap--small\"><\/div><\/div><\/div>[vc_column_text]<\/p>\n<h4>Articoli su bulletin.ch<\/h4>\n<p>[\/vc_column_text][vc_column_text]<a href=\"https:\/\/www.bulletin.ch\/de\/themen\/category\/gebaeudeautomation.html\" target=\"_blank\" rel=\"noopener\">bulletin.ch #gebaeudeautomation<\/a><\/p>\n<p><a href=\"https:\/\/www.bulletin.ch\/de\/themen\/category\/led-beleuchtung.html\" target=\"_blank\" rel=\"noopener\">bulletin.ch #beleuchtung<\/a>[\/vc_column_text]<div class=\"wpb_gap_column wpb_content_element\"><div class=\"wpb_wrapper\"><div class=\"gap gap--small\"><\/div><\/div><\/div>[vc_column_text]<\/p>\n<h2>Newsflash<\/h2>\n<p>[\/vc_column_text][vc_column_text]Sei interessato al nostro topic newsflash \u00abIngegneria degli edifici\u00bb?<\/p>\n<p>Iscriviti ora:[\/vc_column_text]<div class=\"wpb_button_column wpb_content_element wpb_content_element--left\"><div class=\"wpb_wrapper\"><div class=\"button button--ghost\"><a href=\"https:\/\/subscribe.newsletter2go.com\/?n2g=hqfmsc8j-t1viz3hj-zg&_ga=2.8943798.2050700843.1647954393-1145216005.1607948334\" target=\"_blank\" >Registrazione per il Newsflash \u00abIngegneria degli edifici\u00bb<\/a><\/div><\/div><\/div>[\/vc_column][\/vc_row]<\/p>\n<\/div>","protected":false},"excerpt":{"rendered":"<p>[vc_row][vc_column][vc_column_text]Gli edifici stanno diventando sempre pi\u00f9 \u00abintelligenti\u00bb. Da un lato, si tratta di sviluppare rapidamente le infrastrutture per contribuire alla sicurezza e all&#8217;efficienza energetica degli stabili nonch\u00e9 al comfort e al benessere dei loro residenti. D&#8217;altro canto, un numero crescente di generatori e di impianti di stoccaggio dell\u2019energia decentralizzati vengono sempre pi\u00f9 frequentemente integrati nel [&hellip;]<\/p>\n","protected":false},"author":6,"featured_media":0,"parent":0,"menu_order":80,"comment_status":"closed","ping_status":"closed","template":"","meta":{"_acf_changed":false,"footnotes":""},"class_list":["post-21707","page","type-page","status-publish","hentry"],"acf":[],"yoast_head":"<!-- This site is optimized with the Yoast SEO Premium plugin v25.1 (Yoast SEO v25.1) - https:\/\/yoast.com\/wordpress\/plugins\/seo\/ -->\n<title>Abitare e lavorare in futuro<\/title>\n<meta name=\"description\" content=\"Die Schweizer Fachkompetenz in der Energietechnik - von der Erzeugung, \u00dcbertragung, Verteilung bis hin zu vielf\u00e4ltigen Anwendungsfeldern.\" \/>\n<meta name=\"robots\" content=\"noindex, follow, max-snippet:-1, max-image-preview:large, max-video-preview:-1\" \/>\n<meta property=\"og:locale\" content=\"it_IT\" \/>\n<meta property=\"og:type\" content=\"article\" \/>\n<meta property=\"og:title\" content=\"Abitare e lavorare in futuro\" \/>\n<meta property=\"og:description\" content=\"Die Schweizer Fachkompetenz in der Energietechnik - von der Erzeugung, \u00dcbertragung, Verteilung bis hin zu vielf\u00e4ltigen Anwendungsfeldern.\" \/>\n<meta property=\"og:url\" content=\"https:\/\/dev-web.electrosuisse.ch\/it\/tecnica-impiantistica-degli-stabili\/\" \/>\n<meta property=\"og:site_name\" content=\"Electrosuisse\" \/>\n<meta property=\"article:modified_time\" content=\"2023-01-16T08:44:59+00:00\" \/>\n<meta property=\"og:image\" content=\"https:\/\/dev-web.electrosuisse.ch\/wp-content\/uploads\/2022\/11\/Thermostat_1660x470.jpg\" \/>\n\t<meta property=\"og:image:width\" content=\"1578\" \/>\n\t<meta property=\"og:image:height\" content=\"650\" \/>\n\t<meta property=\"og:image:type\" content=\"image\/jpeg\" \/>\n<script type=\"application\/ld+json\" class=\"yoast-schema-graph\">{\"@context\":\"https:\/\/schema.org\",\"@graph\":[{\"@type\":\"WebPage\",\"@id\":\"https:\/\/dev-web.electrosuisse.ch\/it\/tecnica-impiantistica-degli-stabili\/\",\"url\":\"https:\/\/dev-web.electrosuisse.ch\/it\/tecnica-impiantistica-degli-stabili\/\",\"name\":\"Abitare e lavorare in futuro\",\"isPartOf\":{\"@id\":\"https:\/\/dev-web.electrosuisse.ch\/it\/#website\"},\"datePublished\":\"2022-04-09T17:00:49+00:00\",\"dateModified\":\"2023-01-16T08:44:59+00:00\",\"description\":\"Die Schweizer Fachkompetenz in der Energietechnik - von der Erzeugung, \u00dcbertragung, Verteilung bis hin zu vielf\u00e4ltigen Anwendungsfeldern.\",\"inLanguage\":\"it-IT\",\"potentialAction\":[{\"@type\":\"ReadAction\",\"target\":[\"https:\/\/dev-web.electrosuisse.ch\/it\/tecnica-impiantistica-degli-stabili\/\"]}]},{\"@type\":\"WebSite\",\"@id\":\"https:\/\/dev-web.electrosuisse.ch\/it\/#website\",\"url\":\"https:\/\/dev-web.electrosuisse.ch\/it\/\",\"name\":\"Electrosuisse\",\"description\":\"\",\"publisher\":{\"@id\":\"https:\/\/dev-web.electrosuisse.ch\/it\/#organization\"},\"potentialAction\":[{\"@type\":\"SearchAction\",\"target\":{\"@type\":\"EntryPoint\",\"urlTemplate\":\"https:\/\/dev-web.electrosuisse.ch\/it\/?s={search_term_string}\"},\"query-input\":{\"@type\":\"PropertyValueSpecification\",\"valueRequired\":true,\"valueName\":\"search_term_string\"}}],\"inLanguage\":\"it-IT\"},{\"@type\":\"Organization\",\"@id\":\"https:\/\/dev-web.electrosuisse.ch\/it\/#organization\",\"name\":\"Electrosuisse\",\"url\":\"https:\/\/dev-web.electrosuisse.ch\/it\/\",\"logo\":{\"@type\":\"ImageObject\",\"inLanguage\":\"it-IT\",\"@id\":\"https:\/\/dev-web.electrosuisse.ch\/it\/#\/schema\/logo\/image\/\",\"url\":\"https:\/\/dev-web.electrosuisse.ch\/wp-content\/uploads\/2025\/04\/Electrosuisse_Logo_696x696.png\",\"contentUrl\":\"https:\/\/dev-web.electrosuisse.ch\/wp-content\/uploads\/2025\/04\/Electrosuisse_Logo_696x696.png\",\"width\":696,\"height\":696,\"caption\":\"Electrosuisse\"},\"image\":{\"@id\":\"https:\/\/dev-web.electrosuisse.ch\/it\/#\/schema\/logo\/image\/\"},\"sameAs\":[\"https:\/\/www.linkedin.com\/company\/electrosuisse-ag\/posts\/?feedView=all\",\"https:\/\/www.instagram.com\/electrosuisse1889\/\",\"https:\/\/www.youtube.com\/channel\/UCoOxohMiVE0Gjcdis1L09zw\"],\"description\":\"Electrosuisse ist eine anerkannte und unabh\u00e4ngige Fachorganisation, die erstklassige Dienstleistungen und Produkte in den Bereichen Inspektion, Beratung, Pr\u00fcfung, Zertifizierung, Normung und Weiterbildung anbietet. Unsere Expertise umfasst Elektrotechnik, Elektromobilit\u00e4t, Energieberatung, Geb\u00e4udeautomation und Photovoltaik in der Schweiz. Durch die Veranstaltung etablierter Branchen-Events und Fachtagungen f\u00f6rdert Electrosuisse den Wissenstransfer und den fachlichen Austausch. Im Mittelpunkt unserer T\u00e4tigkeiten steht die F\u00f6rderung der sicheren, wirtschaftlichen und umweltgerechten Anwendung der Elektrotechnik.\"}]}<\/script>\n<!-- \/ Yoast SEO Premium plugin. -->","yoast_head_json":{"title":"Abitare e lavorare in futuro","description":"Die Schweizer Fachkompetenz in der Energietechnik - von der Erzeugung, \u00dcbertragung, Verteilung bis hin zu vielf\u00e4ltigen Anwendungsfeldern.","robots":{"index":"noindex","follow":"follow","max-snippet":"max-snippet:-1","max-image-preview":"max-image-preview:large","max-video-preview":"max-video-preview:-1"},"og_locale":"it_IT","og_type":"article","og_title":"Abitare e lavorare in futuro","og_description":"Die Schweizer Fachkompetenz in der Energietechnik - von der Erzeugung, \u00dcbertragung, Verteilung bis hin zu vielf\u00e4ltigen Anwendungsfeldern.","og_url":"https:\/\/dev-web.electrosuisse.ch\/it\/tecnica-impiantistica-degli-stabili\/","og_site_name":"Electrosuisse","article_modified_time":"2023-01-16T08:44:59+00:00","og_image":[{"width":1578,"height":650,"url":"https:\/\/dev-web.electrosuisse.ch\/wp-content\/uploads\/2022\/11\/Thermostat_1660x470.jpg","type":"image\/jpeg"}],"schema":{"@context":"https:\/\/schema.org","@graph":[{"@type":"WebPage","@id":"https:\/\/dev-web.electrosuisse.ch\/it\/tecnica-impiantistica-degli-stabili\/","url":"https:\/\/dev-web.electrosuisse.ch\/it\/tecnica-impiantistica-degli-stabili\/","name":"Abitare e lavorare in futuro","isPartOf":{"@id":"https:\/\/dev-web.electrosuisse.ch\/it\/#website"},"datePublished":"2022-04-09T17:00:49+00:00","dateModified":"2023-01-16T08:44:59+00:00","description":"Die Schweizer Fachkompetenz in der Energietechnik - von der Erzeugung, \u00dcbertragung, Verteilung bis hin zu vielf\u00e4ltigen Anwendungsfeldern.","inLanguage":"it-IT","potentialAction":[{"@type":"ReadAction","target":["https:\/\/dev-web.electrosuisse.ch\/it\/tecnica-impiantistica-degli-stabili\/"]}]},{"@type":"WebSite","@id":"https:\/\/dev-web.electrosuisse.ch\/it\/#website","url":"https:\/\/dev-web.electrosuisse.ch\/it\/","name":"Electrosuisse","description":"","publisher":{"@id":"https:\/\/dev-web.electrosuisse.ch\/it\/#organization"},"potentialAction":[{"@type":"SearchAction","target":{"@type":"EntryPoint","urlTemplate":"https:\/\/dev-web.electrosuisse.ch\/it\/?s={search_term_string}"},"query-input":{"@type":"PropertyValueSpecification","valueRequired":true,"valueName":"search_term_string"}}],"inLanguage":"it-IT"},{"@type":"Organization","@id":"https:\/\/dev-web.electrosuisse.ch\/it\/#organization","name":"Electrosuisse","url":"https:\/\/dev-web.electrosuisse.ch\/it\/","logo":{"@type":"ImageObject","inLanguage":"it-IT","@id":"https:\/\/dev-web.electrosuisse.ch\/it\/#\/schema\/logo\/image\/","url":"https:\/\/dev-web.electrosuisse.ch\/wp-content\/uploads\/2025\/04\/Electrosuisse_Logo_696x696.png","contentUrl":"https:\/\/dev-web.electrosuisse.ch\/wp-content\/uploads\/2025\/04\/Electrosuisse_Logo_696x696.png","width":696,"height":696,"caption":"Electrosuisse"},"image":{"@id":"https:\/\/dev-web.electrosuisse.ch\/it\/#\/schema\/logo\/image\/"},"sameAs":["https:\/\/www.linkedin.com\/company\/electrosuisse-ag\/posts\/?feedView=all","https:\/\/www.instagram.com\/electrosuisse1889\/","https:\/\/www.youtube.com\/channel\/UCoOxohMiVE0Gjcdis1L09zw"],"description":"Electrosuisse ist eine anerkannte und unabh\u00e4ngige Fachorganisation, die erstklassige Dienstleistungen und Produkte in den Bereichen Inspektion, Beratung, Pr\u00fcfung, Zertifizierung, Normung und Weiterbildung anbietet. Unsere Expertise umfasst Elektrotechnik, Elektromobilit\u00e4t, Energieberatung, Geb\u00e4udeautomation und Photovoltaik in der Schweiz. Durch die Veranstaltung etablierter Branchen-Events und Fachtagungen f\u00f6rdert Electrosuisse den Wissenstransfer und den fachlichen Austausch. Im Mittelpunkt unserer T\u00e4tigkeiten steht die F\u00f6rderung der sicheren, wirtschaftlichen und umweltgerechten Anwendung der Elektrotechnik."}]}},"_links":{"self":[{"href":"https:\/\/dev-web.electrosuisse.ch\/it\/wp-json\/wp\/v2\/pages\/21707","targetHints":{"allow":["GET"]}}],"collection":[{"href":"https:\/\/dev-web.electrosuisse.ch\/it\/wp-json\/wp\/v2\/pages"}],"about":[{"href":"https:\/\/dev-web.electrosuisse.ch\/it\/wp-json\/wp\/v2\/types\/page"}],"author":[{"embeddable":true,"href":"https:\/\/dev-web.electrosuisse.ch\/it\/wp-json\/wp\/v2\/users\/6"}],"replies":[{"embeddable":true,"href":"https:\/\/dev-web.electrosuisse.ch\/it\/wp-json\/wp\/v2\/comments?post=21707"}],"version-history":[{"count":4,"href":"https:\/\/dev-web.electrosuisse.ch\/it\/wp-json\/wp\/v2\/pages\/21707\/revisions"}],"predecessor-version":[{"id":28385,"href":"https:\/\/dev-web.electrosuisse.ch\/it\/wp-json\/wp\/v2\/pages\/21707\/revisions\/28385"}],"wp:attachment":[{"href":"https:\/\/dev-web.electrosuisse.ch\/it\/wp-json\/wp\/v2\/media?parent=21707"}],"curies":[{"name":"wp","href":"https:\/\/api.w.org\/{rel}","templated":true}]}}