{"id":16939,"date":"2021-05-12T14:59:15","date_gmt":"2021-05-12T12:59:15","guid":{"rendered":"https:\/\/dev-web.electrosuisse.ch\/toolbox-informations\/"},"modified":"2022-05-31T09:11:04","modified_gmt":"2022-05-31T07:11:04","slug":"toolbox-informazioni","status":"publish","type":"page","link":"https:\/\/dev-web.electrosuisse.ch\/it\/elettroinstallazione\/toolbox-informazioni\/","title":{"rendered":"Toolbox informazioni"},"content":{"rendered":"<div class=\"wpb-content-wrapper\"><p>[vc_row][vc_column][vc_column_text]<\/p>\n<h1>Toolbox<\/h1>\n<p>[\/vc_column_text][vc_column_text]Il nuovo Toolbox mette a disposizione diversi strumenti, a titolo gratuito e a pagamento. I vari tipi di abbonamento variano in base all&#8217;applicazione:[\/vc_column_text][vc_row_inner][vc_column_inner width=&#8221;1\/3&#8243;][vc_column_text]<\/p>\n<h3>Per apprendisti<\/h3>\n<p>Oltre agli strumenti gratuiti, come la cronologia NIBT, il forum sulla tecnologia, i dossier informativi, l&#8217;abbonamento contiene gli strumenti seguenti:<\/p>\n<ul>\n<li>Belvoto<\/li>\n<li>E-learning (schede di apprendimento, prova online, laboratorio di misurazione e molto altro)<\/li>\n<\/ul>\n<p>[\/vc_column_text][vc_column_text]<strong>CHF 35.20 \/ anno, escl. IVA.<\/strong>[\/vc_column_text]<div class=\"wpb_button_column wpb_content_element wpb_content_element--left\"><div class=\"wpb_wrapper\"><div class=\"button button--normal\"><a href=\"https:\/\/shop.electrosuisse.ch\/it\/DV-TOOLBOXAS-55262.html\" target=\"_blank\" >Acquista ora<\/a><\/div><\/div><\/div><div class=\"wpb_document_column wpb_content_element\"><div class=\"wpb_wrapper\"><div class=\"document document--pdf\"><a href=\"https:\/\/dev-web.electrosuisse.ch\/wp-content\/uploads\/2021\/05\/Opuscolo-guida-apprendista.pdf\" target=\"_blank\" rel=\"noopener\">Opuscolo guida apprendista<\/a><\/div><\/div><\/div>[\/vc_column_inner][vc_column_inner width=&#8221;1\/3&#8243;][vc_column_text]<\/p>\n<h3>Per docenti<\/h3>\n<p>Oltre agli strumenti gratuiti, come la cronologia NIBT, il forum sulla tecnologia, i dossier informativi, l&#8217;abbonamento contiene gli strumenti seguenti:<\/p>\n<ul>\n<li>Belvoto<\/li>\n<li>Progettazione di impianti<\/li>\n<li>Generatore di prove<\/li>\n<li>Gestione della classe<\/li>\n<li>E-learning<\/li>\n<\/ul>\n<p>[\/vc_column_text][vc_column_text]<strong>CHF 106.00 \/ anno, escl. IVA.<\/strong>[\/vc_column_text]<div class=\"wpb_button_column wpb_content_element wpb_content_element--left\"><div class=\"wpb_wrapper\"><div class=\"button button--normal\"><a href=\"https:\/\/shop.electrosuisse.ch\/it\/DV-TOOLBOXAK-55261.html\" target=\"_blank\" >Acquista ora<\/a><\/div><\/div><\/div><div class=\"wpb_document_column wpb_content_element\"><div class=\"wpb_wrapper\"><div class=\"document document--pdf\"><a href=\"https:\/\/dev-web.electrosuisse.ch\/wp-content\/uploads\/2021\/05\/Opuscolo-guida-docente.pdf\" target=\"_blank\" rel=\"noopener\">Opuscolo guida docente<\/a><\/div><\/div><\/div>[\/vc_column_inner][vc_column_inner width=&#8221;1\/3&#8243;][vc_column_text]<\/p>\n<h3>Per esperti<\/h3>\n<p>Oltre agli strumenti gratuiti, come la cronologia NIBT, il forum sulla tecnologia, i dossier informativi, l&#8217;abbonamento contiene gli strumenti seguenti:<\/p>\n<ul>\n<li>Progettazione di impianti<\/li>\n<li>Belvoto<\/li>\n<\/ul>\n<p>[\/vc_column_text][vc_column_text]<strong>CHF 72.00 \/ anno, escl. IVA.<\/strong>[\/vc_column_text]<div class=\"wpb_button_column wpb_content_element wpb_content_element--left\"><div class=\"wpb_wrapper\"><div class=\"button button--normal\"><a href=\"https:\/\/shop.electrosuisse.ch\/it\/DV-TOOLBOXAP-55259.html\" target=\"_blank\" >Acquista ora<\/a><\/div><\/div><\/div>[\/vc_column_inner][\/vc_row_inner]<div class=\"wpb_gap_column wpb_content_element\"><div class=\"wpb_wrapper\"><div class=\"gap gap--medium\"><\/div><\/div><\/div>[vc_column_text]<\/p>\n<h1>FAQ<\/h1>\n<p>[\/vc_column_text][vc_column_text]Trova le risposte alla maggior parte delle domande qui:<\/p>\n<p><a href=\"https:\/\/dev-web.electrosuisse.ch\/it\/faq#57\" target=\"_blank\" rel=\"noopener\">Alla FAQ Toolbox<\/a>[\/vc_column_text]<div class=\"wpb_gap_column wpb_content_element\"><div class=\"wpb_wrapper\"><div class=\"gap gap--medium\"><\/div><\/div><\/div>[vc_column_text]<\/p>\n<h1>Contatta<\/h1>\n<p>[\/vc_column_text]<div class=\"wpb_contact_column wpb_content_element wpb_contact_column--container\"><div class=\"wpb_wrapper\"><div class=\"contact_container_outer\"><div class=\"contact_container\"><div class=\"contact row middle-xs\"><div class=\"contact__img col-sm-5 col-xs-12\"><img decoding=\"async\" src=\"https:\/\/dev-web.electrosuisse.ch\/wp-content\/uploads\/2021\/05\/PeterBryner-300x300-1.jpg\" alt=\"Peter Bryner - Domande su Belvoto e sulla pianificazione\" \/><\/div><div class=\"contact__info col-sm-7 col-xs-12\"><p><b>Peter Bryner<\/b><br>Domande su Belvoto e sulla pianificazione<\/p><div class=\"phone has-link\"><a href=\"tel:+44585951530\">+44 58 595 15 30<\/a><\/div><div class=\"mail has-link\"><a href=\"mailto:&#116;&#x6f;&#111;&#x6c;&#98;&#x6f;&#120;&#x40;&#101;&#x6c;&#101;&#x63;t&#x72;o&#x73;u&#x69;s&#x73;e&#x2e;c&#104;\">toolbox&#64;&#101;&#108;&#101;&#99;&#116;&#114;&#111;&#115;&#117;&#105;&#x73;&#x73;&#x65;&#x2e;&#x63;&#x68;<\/a><\/div><\/div><\/div><\/div><\/div><div class=\"contact_container_outer\"><div class=\"contact_container\"><div class=\"contact row middle-xs\"><div class=\"contact__img col-sm-5 col-xs-12\"><img decoding=\"async\" src=\"https:\/\/dev-web.electrosuisse.ch\/wp-content\/uploads\/2022\/05\/RidhaBelhadj_300x300.jpg\" alt=\"Ridha Belhadj - Vendita\" \/><\/div><div class=\"contact__info col-sm-7 col-xs-12\"><p><b>Ridha Belhadj<\/b><br>Vendita<\/p><div class=\"phone has-link\"><a href=\"tel:+41585951273\">+41 58 595 12 73<\/a><\/div><div class=\"mail has-link\"><a href=\"mailto:toolbo&#120;&#64;&#101;&#108;&#101;&#99;&#116;&#x72;&#x6f;&#x73;&#x75;&#x69;&#x73;&#x73;&#x65;&#x2e;&#x63;&#x68;\">&#x74;&#111;o&#x6c;&#x62;&#111;x&#x40;&#101;l&#x65;&#x63;&#116;r&#x6f;&#115;u&#x69;&#x73;&#115;e&#x2e;&#x63;&#104;<\/a><\/div><\/div><\/div><\/div><\/div><\/div><\/div>[\/vc_column][\/vc_row]<\/p>\n<\/div>","protected":false},"excerpt":{"rendered":"<p>[vc_row][vc_column][vc_column_text] Toolbox [\/vc_column_text][vc_column_text]Il nuovo Toolbox mette a disposizione diversi strumenti, a titolo gratuito e a pagamento. I vari tipi di abbonamento variano in base all&#8217;applicazione:[\/vc_column_text][vc_row_inner][vc_column_inner width=&#8221;1\/3&#8243;][vc_column_text] Per apprendisti Oltre agli strumenti gratuiti, come la cronologia NIBT, il forum sulla tecnologia, i dossier informativi, l&#8217;abbonamento contiene gli strumenti seguenti: Belvoto E-learning (schede di apprendimento, prova online, [&hellip;]<\/p>\n","protected":false},"author":6,"featured_media":0,"parent":21735,"menu_order":95,"comment_status":"closed","ping_status":"closed","template":"","meta":{"_acf_changed":false,"footnotes":""},"class_list":["post-16939","page","type-page","status-publish","hentry"],"acf":[],"yoast_head":"<!-- This site is optimized with the Yoast SEO Premium plugin v25.1 (Yoast SEO v25.1) - https:\/\/yoast.com\/wordpress\/plugins\/seo\/ -->\n<title>Toolbox informazioni - Electrosuisse<\/title>\n<meta name=\"robots\" content=\"noindex, follow, max-snippet:-1, max-image-preview:large, max-video-preview:-1\" \/>\n<meta property=\"og:locale\" content=\"it_IT\" \/>\n<meta property=\"og:type\" content=\"article\" \/>\n<meta property=\"og:title\" content=\"Toolbox informazioni - Electrosuisse\" \/>\n<meta property=\"og:description\" content=\"[vc_row][vc_column][vc_column_text] Toolbox [\/vc_column_text][vc_column_text]Il nuovo Toolbox mette a disposizione diversi strumenti, a titolo gratuito e a pagamento. I vari tipi di abbonamento variano in base all&#8217;applicazione:[\/vc_column_text][vc_row_inner][vc_column_inner width=&#8221;1\/3&#8243;][vc_column_text] Per apprendisti Oltre agli strumenti gratuiti, come la cronologia NIBT, il forum sulla tecnologia, i dossier informativi, l&#8217;abbonamento contiene gli strumenti seguenti: Belvoto E-learning (schede di apprendimento, prova online, [&hellip;]\" \/>\n<meta property=\"og:url\" content=\"https:\/\/dev-web.electrosuisse.ch\/it\/elettroinstallazione\/toolbox-informazioni\/\" \/>\n<meta property=\"og:site_name\" content=\"Electrosuisse\" \/>\n<meta property=\"article:modified_time\" content=\"2022-05-31T07:11:04+00:00\" \/>\n<meta property=\"og:image\" content=\"https:\/\/dev-web.electrosuisse.ch\/wp-content\/uploads\/2022\/12\/Electrosuisse_Ueber_uns_1578x650.jpg\" \/>\n\t<meta property=\"og:image:width\" content=\"1578\" \/>\n\t<meta property=\"og:image:height\" content=\"650\" \/>\n\t<meta property=\"og:image:type\" content=\"image\/jpeg\" \/>\n<script type=\"application\/ld+json\" class=\"yoast-schema-graph\">{\"@context\":\"https:\/\/schema.org\",\"@graph\":[{\"@type\":\"WebPage\",\"@id\":\"https:\/\/dev-web.electrosuisse.ch\/it\/elettroinstallazione\/toolbox-informazioni\/\",\"url\":\"https:\/\/dev-web.electrosuisse.ch\/it\/elettroinstallazione\/toolbox-informazioni\/\",\"name\":\"Toolbox informazioni - Electrosuisse\",\"isPartOf\":{\"@id\":\"https:\/\/dev-web.electrosuisse.ch\/it\/#website\"},\"datePublished\":\"2021-05-12T12:59:15+00:00\",\"dateModified\":\"2022-05-31T07:11:04+00:00\",\"breadcrumb\":{\"@id\":\"https:\/\/dev-web.electrosuisse.ch\/it\/elettroinstallazione\/toolbox-informazioni\/#breadcrumb\"},\"inLanguage\":\"it-IT\",\"potentialAction\":[{\"@type\":\"ReadAction\",\"target\":[\"https:\/\/dev-web.electrosuisse.ch\/it\/elettroinstallazione\/toolbox-informazioni\/\"]}]},{\"@type\":\"BreadcrumbList\",\"@id\":\"https:\/\/dev-web.electrosuisse.ch\/it\/elettroinstallazione\/toolbox-informazioni\/#breadcrumb\",\"itemListElement\":[{\"@type\":\"ListItem\",\"position\":1,\"name\":\"Elettroinstallazione\",\"item\":\"https:\/\/dev-web.electrosuisse.ch\/it\/elettroinstallazione\/\"},{\"@type\":\"ListItem\",\"position\":2,\"name\":\"Toolbox informazioni\"}]},{\"@type\":\"WebSite\",\"@id\":\"https:\/\/dev-web.electrosuisse.ch\/it\/#website\",\"url\":\"https:\/\/dev-web.electrosuisse.ch\/it\/\",\"name\":\"Electrosuisse\",\"description\":\"\",\"publisher\":{\"@id\":\"https:\/\/dev-web.electrosuisse.ch\/it\/#organization\"},\"potentialAction\":[{\"@type\":\"SearchAction\",\"target\":{\"@type\":\"EntryPoint\",\"urlTemplate\":\"https:\/\/dev-web.electrosuisse.ch\/it\/?s={search_term_string}\"},\"query-input\":{\"@type\":\"PropertyValueSpecification\",\"valueRequired\":true,\"valueName\":\"search_term_string\"}}],\"inLanguage\":\"it-IT\"},{\"@type\":\"Organization\",\"@id\":\"https:\/\/dev-web.electrosuisse.ch\/it\/#organization\",\"name\":\"Electrosuisse\",\"url\":\"https:\/\/dev-web.electrosuisse.ch\/it\/\",\"logo\":{\"@type\":\"ImageObject\",\"inLanguage\":\"it-IT\",\"@id\":\"https:\/\/dev-web.electrosuisse.ch\/it\/#\/schema\/logo\/image\/\",\"url\":\"https:\/\/dev-web.electrosuisse.ch\/wp-content\/uploads\/2025\/04\/Electrosuisse_Logo_696x696.png\",\"contentUrl\":\"https:\/\/dev-web.electrosuisse.ch\/wp-content\/uploads\/2025\/04\/Electrosuisse_Logo_696x696.png\",\"width\":696,\"height\":696,\"caption\":\"Electrosuisse\"},\"image\":{\"@id\":\"https:\/\/dev-web.electrosuisse.ch\/it\/#\/schema\/logo\/image\/\"},\"sameAs\":[\"https:\/\/www.linkedin.com\/company\/electrosuisse-ag\/posts\/?feedView=all\",\"https:\/\/www.instagram.com\/electrosuisse1889\/\",\"https:\/\/www.youtube.com\/channel\/UCoOxohMiVE0Gjcdis1L09zw\"],\"description\":\"Electrosuisse ist eine anerkannte und unabh\u00e4ngige Fachorganisation, die erstklassige Dienstleistungen und Produkte in den Bereichen Inspektion, Beratung, Pr\u00fcfung, Zertifizierung, Normung und Weiterbildung anbietet. Unsere Expertise umfasst Elektrotechnik, Elektromobilit\u00e4t, Energieberatung, Geb\u00e4udeautomation und Photovoltaik in der Schweiz. Durch die Veranstaltung etablierter Branchen-Events und Fachtagungen f\u00f6rdert Electrosuisse den Wissenstransfer und den fachlichen Austausch. Im Mittelpunkt unserer T\u00e4tigkeiten steht die F\u00f6rderung der sicheren, wirtschaftlichen und umweltgerechten Anwendung der Elektrotechnik.\"}]}<\/script>\n<!-- \/ Yoast SEO Premium plugin. -->","yoast_head_json":{"title":"Toolbox informazioni - Electrosuisse","robots":{"index":"noindex","follow":"follow","max-snippet":"max-snippet:-1","max-image-preview":"max-image-preview:large","max-video-preview":"max-video-preview:-1"},"og_locale":"it_IT","og_type":"article","og_title":"Toolbox informazioni - Electrosuisse","og_description":"[vc_row][vc_column][vc_column_text] Toolbox [\/vc_column_text][vc_column_text]Il nuovo Toolbox mette a disposizione diversi strumenti, a titolo gratuito e a pagamento. I vari tipi di abbonamento variano in base all&#8217;applicazione:[\/vc_column_text][vc_row_inner][vc_column_inner width=&#8221;1\/3&#8243;][vc_column_text] Per apprendisti Oltre agli strumenti gratuiti, come la cronologia NIBT, il forum sulla tecnologia, i dossier informativi, l&#8217;abbonamento contiene gli strumenti seguenti: Belvoto E-learning (schede di apprendimento, prova online, [&hellip;]","og_url":"https:\/\/dev-web.electrosuisse.ch\/it\/elettroinstallazione\/toolbox-informazioni\/","og_site_name":"Electrosuisse","article_modified_time":"2022-05-31T07:11:04+00:00","og_image":[{"width":1578,"height":650,"url":"https:\/\/dev-web.electrosuisse.ch\/wp-content\/uploads\/2022\/12\/Electrosuisse_Ueber_uns_1578x650.jpg","type":"image\/jpeg"}],"schema":{"@context":"https:\/\/schema.org","@graph":[{"@type":"WebPage","@id":"https:\/\/dev-web.electrosuisse.ch\/it\/elettroinstallazione\/toolbox-informazioni\/","url":"https:\/\/dev-web.electrosuisse.ch\/it\/elettroinstallazione\/toolbox-informazioni\/","name":"Toolbox informazioni - Electrosuisse","isPartOf":{"@id":"https:\/\/dev-web.electrosuisse.ch\/it\/#website"},"datePublished":"2021-05-12T12:59:15+00:00","dateModified":"2022-05-31T07:11:04+00:00","breadcrumb":{"@id":"https:\/\/dev-web.electrosuisse.ch\/it\/elettroinstallazione\/toolbox-informazioni\/#breadcrumb"},"inLanguage":"it-IT","potentialAction":[{"@type":"ReadAction","target":["https:\/\/dev-web.electrosuisse.ch\/it\/elettroinstallazione\/toolbox-informazioni\/"]}]},{"@type":"BreadcrumbList","@id":"https:\/\/dev-web.electrosuisse.ch\/it\/elettroinstallazione\/toolbox-informazioni\/#breadcrumb","itemListElement":[{"@type":"ListItem","position":1,"name":"Elettroinstallazione","item":"https:\/\/dev-web.electrosuisse.ch\/it\/elettroinstallazione\/"},{"@type":"ListItem","position":2,"name":"Toolbox informazioni"}]},{"@type":"WebSite","@id":"https:\/\/dev-web.electrosuisse.ch\/it\/#website","url":"https:\/\/dev-web.electrosuisse.ch\/it\/","name":"Electrosuisse","description":"","publisher":{"@id":"https:\/\/dev-web.electrosuisse.ch\/it\/#organization"},"potentialAction":[{"@type":"SearchAction","target":{"@type":"EntryPoint","urlTemplate":"https:\/\/dev-web.electrosuisse.ch\/it\/?s={search_term_string}"},"query-input":{"@type":"PropertyValueSpecification","valueRequired":true,"valueName":"search_term_string"}}],"inLanguage":"it-IT"},{"@type":"Organization","@id":"https:\/\/dev-web.electrosuisse.ch\/it\/#organization","name":"Electrosuisse","url":"https:\/\/dev-web.electrosuisse.ch\/it\/","logo":{"@type":"ImageObject","inLanguage":"it-IT","@id":"https:\/\/dev-web.electrosuisse.ch\/it\/#\/schema\/logo\/image\/","url":"https:\/\/dev-web.electrosuisse.ch\/wp-content\/uploads\/2025\/04\/Electrosuisse_Logo_696x696.png","contentUrl":"https:\/\/dev-web.electrosuisse.ch\/wp-content\/uploads\/2025\/04\/Electrosuisse_Logo_696x696.png","width":696,"height":696,"caption":"Electrosuisse"},"image":{"@id":"https:\/\/dev-web.electrosuisse.ch\/it\/#\/schema\/logo\/image\/"},"sameAs":["https:\/\/www.linkedin.com\/company\/electrosuisse-ag\/posts\/?feedView=all","https:\/\/www.instagram.com\/electrosuisse1889\/","https:\/\/www.youtube.com\/channel\/UCoOxohMiVE0Gjcdis1L09zw"],"description":"Electrosuisse ist eine anerkannte und unabh\u00e4ngige Fachorganisation, die erstklassige Dienstleistungen und Produkte in den Bereichen Inspektion, Beratung, Pr\u00fcfung, Zertifizierung, Normung und Weiterbildung anbietet. Unsere Expertise umfasst Elektrotechnik, Elektromobilit\u00e4t, Energieberatung, Geb\u00e4udeautomation und Photovoltaik in der Schweiz. Durch die Veranstaltung etablierter Branchen-Events und Fachtagungen f\u00f6rdert Electrosuisse den Wissenstransfer und den fachlichen Austausch. Im Mittelpunkt unserer T\u00e4tigkeiten steht die F\u00f6rderung der sicheren, wirtschaftlichen und umweltgerechten Anwendung der Elektrotechnik."}]}},"_links":{"self":[{"href":"https:\/\/dev-web.electrosuisse.ch\/it\/wp-json\/wp\/v2\/pages\/16939","targetHints":{"allow":["GET"]}}],"collection":[{"href":"https:\/\/dev-web.electrosuisse.ch\/it\/wp-json\/wp\/v2\/pages"}],"about":[{"href":"https:\/\/dev-web.electrosuisse.ch\/it\/wp-json\/wp\/v2\/types\/page"}],"author":[{"embeddable":true,"href":"https:\/\/dev-web.electrosuisse.ch\/it\/wp-json\/wp\/v2\/users\/6"}],"replies":[{"embeddable":true,"href":"https:\/\/dev-web.electrosuisse.ch\/it\/wp-json\/wp\/v2\/comments?post=16939"}],"version-history":[{"count":0,"href":"https:\/\/dev-web.electrosuisse.ch\/it\/wp-json\/wp\/v2\/pages\/16939\/revisions"}],"up":[{"embeddable":true,"href":"https:\/\/dev-web.electrosuisse.ch\/it\/wp-json\/wp\/v2\/pages\/21735"}],"wp:attachment":[{"href":"https:\/\/dev-web.electrosuisse.ch\/it\/wp-json\/wp\/v2\/media?parent=16939"}],"curies":[{"name":"wp","href":"https:\/\/api.w.org\/{rel}","templated":true}]}}