{"id":12126,"date":"2020-07-16T16:47:20","date_gmt":"2020-07-16T14:47:20","guid":{"rendered":"https:\/\/dev-web.electrosuisse.ch\/?page_id=12126"},"modified":"2025-07-09T08:30:37","modified_gmt":"2025-07-09T06:30:37","slug":"tutti-i-eventi","status":"publish","type":"page","link":"https:\/\/dev-web.electrosuisse.ch\/it\/tutti-i-eventi\/","title":{"rendered":"Tutti i eventi"},"content":{"rendered":"<div class=\"wpb-content-wrapper\"><p>[vc_row][vc_column][vc_column_text el_class=&#8221;lead&#8221;]<\/p>\n<h1>Dove si incontra il settore<\/h1>\n<p><strong>Relatori del settore elettrico e specialisti dell\u2019ambiente di ricerca intervengono e discutono su informazioni scientificamente fondate.<\/strong><\/p>\n<p>I nostri convegni offrono una piattaforma adeguata per uno scambio di idee ed esperienze.[\/vc_column_text][vc_column_text el_class=&#8221;lead&#8221;]<a href=\"https:\/\/dev-web.electrosuisse.ch\/it\/adesioni-individuali\/\" rel=\"noopener noreferrer\">Diventate membri e approfittate della tassa d\u2019iscrizione ridotta.<\/a>[\/vc_column_text]<div class=\"wpb_document_column wpb_content_element\"><div class=\"wpb_wrapper\"><div class=\"document document--pdf\"><a href=\"https:\/\/dev-web.electrosuisse.ch\/wp-content\/uploads\/2025\/07\/Flyer_Veranstaltungen_2025_DE_A5_low.pdf\" target=\"_blank\">Convegni 2025<\/a><\/div><\/div><\/div><div class=\"wpb_document_column wpb_content_element\"><div class=\"wpb_wrapper\"><div class=\"document document--pdf\"><a href=\"https:\/\/dev-web.electrosuisse.ch\/wp-content\/uploads\/2024\/11\/Bildungsangebot_2025-it_Web.pdf\" target=\"_blank\">Offerta formativa 2025<\/a><\/div><\/div><\/div><div class=\"wpb_document_column wpb_content_element\"><div class=\"wpb_wrapper\"><div class=\"document document--pdf\"><a href=\"https:\/\/dev-web.electrosuisse.ch\/wp-content\/uploads\/2025\/07\/Flyer_Veranstaltungen_2026_DE_A5_low.pdf\" target=\"_blank\">Convegni 2026<\/a><\/div><\/div><\/div><div class=\"wpb_document_column wpb_content_element\"><div class=\"wpb_wrapper\"><div class=\"document document--pdf\"><a href=\"https:\/\/dev-web.electrosuisse.ch\/wp-content\/uploads\/2025\/06\/Partnerbroschuere_Portfolio_2026pdf.pdf\" target=\"_blank\">Opuscolo per partner ed espositori 2026<\/a><\/div><\/div><\/div><div class=\"wpb_events_column wpb_events_column--tagung wpb_content_element\"><div class=\"wpb_wrapper\"><\/div><\/div><div class=\"wpb_button_column wpb_content_element wpb_content_element--left\"><div class=\"wpb_wrapper\"><div class=\"button button--normal\"><a href=\"https:\/\/dev-web.electrosuisse.ch\/de\/alle-tagungen\/\" target=\"_blank\" >Altri eventi <\/a><\/div><\/div><\/div>[\/vc_column][\/vc_row]<\/p>\n<\/div>","protected":false},"excerpt":{"rendered":"<p>[vc_row][vc_column][vc_column_text el_class=&#8221;lead&#8221;] Dove si incontra il settore Relatori del settore elettrico e specialisti dell\u2019ambiente di ricerca intervengono e discutono su informazioni scientificamente fondate. I nostri convegni offrono una piattaforma adeguata per uno scambio di idee ed esperienze.[\/vc_column_text][vc_column_text el_class=&#8221;lead&#8221;]Diventate membri e approfittate della tassa d\u2019iscrizione ridotta.[\/vc_column_text][\/vc_column][\/vc_row]<\/p>\n","protected":false},"author":6,"featured_media":0,"parent":0,"menu_order":340,"comment_status":"closed","ping_status":"closed","template":"","meta":{"_acf_changed":false,"footnotes":""},"class_list":["post-12126","page","type-page","status-publish","hentry"],"acf":[],"yoast_head":"<!-- This site is optimized with the Yoast SEO Premium plugin v25.1 (Yoast SEO v25.1) - https:\/\/yoast.com\/wordpress\/plugins\/seo\/ -->\n<title>Convegni Electrosuisse: dove si incontra il settore<\/title>\n<meta name=\"description\" content=\"I nostri convegni sono la piattaforma ideale per formarsi un&#039;opinione e scambiare esperienze. In qualit\u00e0 di membro di Electrosuisse, potrete inoltre beneficiare di interessanti vantaggi tariffari.\" \/>\n<meta name=\"robots\" content=\"noindex, follow, max-snippet:-1, max-image-preview:large, max-video-preview:-1\" \/>\n<meta property=\"og:locale\" content=\"it_IT\" \/>\n<meta property=\"og:type\" content=\"article\" \/>\n<meta property=\"og:title\" content=\"Convegni Electrosuisse: dove si incontra il settore\" \/>\n<meta property=\"og:description\" content=\"I nostri convegni sono la piattaforma ideale per formarsi un&#039;opinione e scambiare esperienze. In qualit\u00e0 di membro di Electrosuisse, potrete inoltre beneficiare di interessanti vantaggi tariffari.\" \/>\n<meta property=\"og:url\" content=\"https:\/\/dev-web.electrosuisse.ch\/it\/tutti-i-eventi\/\" \/>\n<meta property=\"og:site_name\" content=\"Electrosuisse\" \/>\n<meta property=\"article:modified_time\" content=\"2025-07-09T06:30:37+00:00\" \/>\n<meta property=\"og:image\" content=\"https:\/\/dev-web.electrosuisse.ch\/wp-content\/uploads\/2020\/03\/SwissLightingForum_1660x585-1.jpg\" \/>\n\t<meta property=\"og:image:width\" content=\"1578\" \/>\n\t<meta property=\"og:image:height\" content=\"650\" \/>\n\t<meta property=\"og:image:type\" content=\"image\/jpeg\" \/>\n<script type=\"application\/ld+json\" class=\"yoast-schema-graph\">{\"@context\":\"https:\/\/schema.org\",\"@graph\":[{\"@type\":\"WebPage\",\"@id\":\"https:\/\/dev-web.electrosuisse.ch\/it\/tutti-i-eventi\/\",\"url\":\"https:\/\/dev-web.electrosuisse.ch\/it\/tutti-i-eventi\/\",\"name\":\"Convegni Electrosuisse: dove si incontra il settore\",\"isPartOf\":{\"@id\":\"https:\/\/dev-web.electrosuisse.ch\/it\/#website\"},\"datePublished\":\"2020-07-16T14:47:20+00:00\",\"dateModified\":\"2025-07-09T06:30:37+00:00\",\"description\":\"I nostri convegni sono la piattaforma ideale per formarsi un'opinione e scambiare esperienze. In qualit\u00e0 di membro di Electrosuisse, potrete inoltre beneficiare di interessanti vantaggi tariffari.\",\"inLanguage\":\"it-IT\",\"potentialAction\":[{\"@type\":\"ReadAction\",\"target\":[\"https:\/\/dev-web.electrosuisse.ch\/it\/tutti-i-eventi\/\"]}]},{\"@type\":\"WebSite\",\"@id\":\"https:\/\/dev-web.electrosuisse.ch\/it\/#website\",\"url\":\"https:\/\/dev-web.electrosuisse.ch\/it\/\",\"name\":\"Electrosuisse\",\"description\":\"\",\"publisher\":{\"@id\":\"https:\/\/dev-web.electrosuisse.ch\/it\/#organization\"},\"potentialAction\":[{\"@type\":\"SearchAction\",\"target\":{\"@type\":\"EntryPoint\",\"urlTemplate\":\"https:\/\/dev-web.electrosuisse.ch\/it\/?s={search_term_string}\"},\"query-input\":{\"@type\":\"PropertyValueSpecification\",\"valueRequired\":true,\"valueName\":\"search_term_string\"}}],\"inLanguage\":\"it-IT\"},{\"@type\":\"Organization\",\"@id\":\"https:\/\/dev-web.electrosuisse.ch\/it\/#organization\",\"name\":\"Electrosuisse\",\"url\":\"https:\/\/dev-web.electrosuisse.ch\/it\/\",\"logo\":{\"@type\":\"ImageObject\",\"inLanguage\":\"it-IT\",\"@id\":\"https:\/\/dev-web.electrosuisse.ch\/it\/#\/schema\/logo\/image\/\",\"url\":\"https:\/\/dev-web.electrosuisse.ch\/wp-content\/uploads\/2025\/04\/Electrosuisse_Logo_696x696.png\",\"contentUrl\":\"https:\/\/dev-web.electrosuisse.ch\/wp-content\/uploads\/2025\/04\/Electrosuisse_Logo_696x696.png\",\"width\":696,\"height\":696,\"caption\":\"Electrosuisse\"},\"image\":{\"@id\":\"https:\/\/dev-web.electrosuisse.ch\/it\/#\/schema\/logo\/image\/\"},\"sameAs\":[\"https:\/\/www.linkedin.com\/company\/electrosuisse-ag\/posts\/?feedView=all\",\"https:\/\/www.instagram.com\/electrosuisse1889\/\",\"https:\/\/www.youtube.com\/channel\/UCoOxohMiVE0Gjcdis1L09zw\"],\"description\":\"Electrosuisse ist eine anerkannte und unabh\u00e4ngige Fachorganisation, die erstklassige Dienstleistungen und Produkte in den Bereichen Inspektion, Beratung, Pr\u00fcfung, Zertifizierung, Normung und Weiterbildung anbietet. Unsere Expertise umfasst Elektrotechnik, Elektromobilit\u00e4t, Energieberatung, Geb\u00e4udeautomation und Photovoltaik in der Schweiz. Durch die Veranstaltung etablierter Branchen-Events und Fachtagungen f\u00f6rdert Electrosuisse den Wissenstransfer und den fachlichen Austausch. Im Mittelpunkt unserer T\u00e4tigkeiten steht die F\u00f6rderung der sicheren, wirtschaftlichen und umweltgerechten Anwendung der Elektrotechnik.\"}]}<\/script>\n<!-- \/ Yoast SEO Premium plugin. -->","yoast_head_json":{"title":"Convegni Electrosuisse: dove si incontra il settore","description":"I nostri convegni sono la piattaforma ideale per formarsi un'opinione e scambiare esperienze. In qualit\u00e0 di membro di Electrosuisse, potrete inoltre beneficiare di interessanti vantaggi tariffari.","robots":{"index":"noindex","follow":"follow","max-snippet":"max-snippet:-1","max-image-preview":"max-image-preview:large","max-video-preview":"max-video-preview:-1"},"og_locale":"it_IT","og_type":"article","og_title":"Convegni Electrosuisse: dove si incontra il settore","og_description":"I nostri convegni sono la piattaforma ideale per formarsi un'opinione e scambiare esperienze. In qualit\u00e0 di membro di Electrosuisse, potrete inoltre beneficiare di interessanti vantaggi tariffari.","og_url":"https:\/\/dev-web.electrosuisse.ch\/it\/tutti-i-eventi\/","og_site_name":"Electrosuisse","article_modified_time":"2025-07-09T06:30:37+00:00","og_image":[{"width":1578,"height":650,"url":"https:\/\/dev-web.electrosuisse.ch\/wp-content\/uploads\/2020\/03\/SwissLightingForum_1660x585-1.jpg","type":"image\/jpeg"}],"schema":{"@context":"https:\/\/schema.org","@graph":[{"@type":"WebPage","@id":"https:\/\/dev-web.electrosuisse.ch\/it\/tutti-i-eventi\/","url":"https:\/\/dev-web.electrosuisse.ch\/it\/tutti-i-eventi\/","name":"Convegni Electrosuisse: dove si incontra il settore","isPartOf":{"@id":"https:\/\/dev-web.electrosuisse.ch\/it\/#website"},"datePublished":"2020-07-16T14:47:20+00:00","dateModified":"2025-07-09T06:30:37+00:00","description":"I nostri convegni sono la piattaforma ideale per formarsi un'opinione e scambiare esperienze. In qualit\u00e0 di membro di Electrosuisse, potrete inoltre beneficiare di interessanti vantaggi tariffari.","inLanguage":"it-IT","potentialAction":[{"@type":"ReadAction","target":["https:\/\/dev-web.electrosuisse.ch\/it\/tutti-i-eventi\/"]}]},{"@type":"WebSite","@id":"https:\/\/dev-web.electrosuisse.ch\/it\/#website","url":"https:\/\/dev-web.electrosuisse.ch\/it\/","name":"Electrosuisse","description":"","publisher":{"@id":"https:\/\/dev-web.electrosuisse.ch\/it\/#organization"},"potentialAction":[{"@type":"SearchAction","target":{"@type":"EntryPoint","urlTemplate":"https:\/\/dev-web.electrosuisse.ch\/it\/?s={search_term_string}"},"query-input":{"@type":"PropertyValueSpecification","valueRequired":true,"valueName":"search_term_string"}}],"inLanguage":"it-IT"},{"@type":"Organization","@id":"https:\/\/dev-web.electrosuisse.ch\/it\/#organization","name":"Electrosuisse","url":"https:\/\/dev-web.electrosuisse.ch\/it\/","logo":{"@type":"ImageObject","inLanguage":"it-IT","@id":"https:\/\/dev-web.electrosuisse.ch\/it\/#\/schema\/logo\/image\/","url":"https:\/\/dev-web.electrosuisse.ch\/wp-content\/uploads\/2025\/04\/Electrosuisse_Logo_696x696.png","contentUrl":"https:\/\/dev-web.electrosuisse.ch\/wp-content\/uploads\/2025\/04\/Electrosuisse_Logo_696x696.png","width":696,"height":696,"caption":"Electrosuisse"},"image":{"@id":"https:\/\/dev-web.electrosuisse.ch\/it\/#\/schema\/logo\/image\/"},"sameAs":["https:\/\/www.linkedin.com\/company\/electrosuisse-ag\/posts\/?feedView=all","https:\/\/www.instagram.com\/electrosuisse1889\/","https:\/\/www.youtube.com\/channel\/UCoOxohMiVE0Gjcdis1L09zw"],"description":"Electrosuisse ist eine anerkannte und unabh\u00e4ngige Fachorganisation, die erstklassige Dienstleistungen und Produkte in den Bereichen Inspektion, Beratung, Pr\u00fcfung, Zertifizierung, Normung und Weiterbildung anbietet. Unsere Expertise umfasst Elektrotechnik, Elektromobilit\u00e4t, Energieberatung, Geb\u00e4udeautomation und Photovoltaik in der Schweiz. Durch die Veranstaltung etablierter Branchen-Events und Fachtagungen f\u00f6rdert Electrosuisse den Wissenstransfer und den fachlichen Austausch. Im Mittelpunkt unserer T\u00e4tigkeiten steht die F\u00f6rderung der sicheren, wirtschaftlichen und umweltgerechten Anwendung der Elektrotechnik."}]}},"_links":{"self":[{"href":"https:\/\/dev-web.electrosuisse.ch\/it\/wp-json\/wp\/v2\/pages\/12126","targetHints":{"allow":["GET"]}}],"collection":[{"href":"https:\/\/dev-web.electrosuisse.ch\/it\/wp-json\/wp\/v2\/pages"}],"about":[{"href":"https:\/\/dev-web.electrosuisse.ch\/it\/wp-json\/wp\/v2\/types\/page"}],"author":[{"embeddable":true,"href":"https:\/\/dev-web.electrosuisse.ch\/it\/wp-json\/wp\/v2\/users\/6"}],"replies":[{"embeddable":true,"href":"https:\/\/dev-web.electrosuisse.ch\/it\/wp-json\/wp\/v2\/comments?post=12126"}],"version-history":[{"count":6,"href":"https:\/\/dev-web.electrosuisse.ch\/it\/wp-json\/wp\/v2\/pages\/12126\/revisions"}],"predecessor-version":[{"id":39504,"href":"https:\/\/dev-web.electrosuisse.ch\/it\/wp-json\/wp\/v2\/pages\/12126\/revisions\/39504"}],"wp:attachment":[{"href":"https:\/\/dev-web.electrosuisse.ch\/it\/wp-json\/wp\/v2\/media?parent=12126"}],"curies":[{"name":"wp","href":"https:\/\/api.w.org\/{rel}","templated":true}]}}