{"id":4156,"date":"2018-06-24T11:11:24","date_gmt":"2018-06-24T09:11:24","guid":{"rendered":"https:\/\/dev-web.electrosuisse.ch\/inspektion-engineering\/zertifizierung\/blitzschutz-und-erdung\/"},"modified":"2023-04-13T10:47:09","modified_gmt":"2023-04-13T08:47:09","slug":"protection-contre-la-foudre-et-mise-la-terre","status":"publish","type":"page","link":"https:\/\/dev-web.electrosuisse.ch\/fr\/controles\/protection-contre-la-foudre-et-mise-la-terre\/","title":{"rendered":"Protection contre la Foudre et Mise \u00e0 la Terre"},"content":{"rendered":"<div class=\"wpb-content-wrapper\"><p>[vc_row][vc_column][vc_column_text el_class=&#8221;lead&#8221;]Les coups de foudre peuvent causer des dommages tr\u00e8s importants. En cas d\u2019impact de la foudre, un syst\u00e8me parafoudre d\u00e9rive la haute \u00e9nergie de mani\u00e8re \u00e0 prot\u00e9ger les b\u00e2timents et les appareils techniques contre des dommages majeurs. Une installation de mise \u00e0 la terre correctement am\u00e9nag\u00e9e prot\u00e8ge aussi bien les \u00eatres vivants que les capteurs sensibles.[\/vc_column_text][vc_column_text]<\/p>\n<h3>Mise \u00e0 la terre, protection contre la foudre et les surtensions<\/h3>\n<p>S\u2019agissant de ces trois th\u00e8mes, les mesures \u00e0 prendre se recoupent. Une protection parafoudre correctement mise en place comprend la mise \u00e0 la terre et la compensation de potentiel. Nombre de cantons exigent, dans le cadre de la couverture des installations par l\u2019assurance immobili\u00e8re, un concept de protection de l\u2019installation contre la foudre avant m\u00eame le d\u00e9but des travaux de construction.<\/p>\n<h3>Remarque :<\/h3>\n<p>Un b\u00e2timent n\u2019est pas soumis \u00e0 l\u2019obligation de protection parafoudre parce qu\u2019il comprend une installation photovolta\u00efque. Dans presque tous les cas, pour les installations de la classe de protection 2, il est n\u00e9cessaire de pr\u00e9voir la compensation de potentiel entre le champ de modules solaires et le tableau de distribution principal. Les principes directeurs SN SEV 4022 pr\u00e9voient que si une protection contre la foudre existe, l\u2019installation solaire doit n\u00e9cessairement \u00eatre correctement int\u00e9gr\u00e9e dans le syst\u00e8me parafoudre. Pour les b\u00e2timents d\u00e9pourvus de protection parafoudre, les mesures de protection doivent r\u00e9pondre aux dispositions du chapitre 7.12 NIBT.[\/vc_column_text][\/vc_column][\/vc_row][vc_row el_id=&#8221;massnahmen&#8221;][vc_column][vc_column_text]<\/p>\n<h2>Prenez les bonnes mesures pour vos b\u00e2timents<\/h2>\n<p>Un syst\u00e8me parafoudre doit \u00eatre mis en place lorsque les autorit\u00e9s l\u2019exigent ou que d\u2019autres dispositions juridiques le pr\u00e9voient. Dans les autres cas, il s\u2019agit d\u2019une mesure librement consentie par le propri\u00e9taire du b\u00e2timent. Toutefois, lors de la conclusion d\u2019une assurance immobili\u00e8re, l\u2019assureur peut demander qu\u2019un syst\u00e8me parafoudre soit install\u00e9.<\/p>\n<p>Seuls des sp\u00e9cialistes de la protection contre la foudre sont habilit\u00e9s \u00e0 planifier et installer de tels dispositif. Faites contr\u00f4ler r\u00e9guli\u00e8rement votre parafoudre. Votre \u00e9lectricien vous fournit volontiers des renseignements suppl\u00e9mentaires.<\/p>\n<p>Nous concevons, sur la base d\u2019une <a href=\"&#x6d;&#x61;&#105;l&#x74;&#x6f;&#x3a;&#115;t&#x65;&#x76;&#x65;&#46;g&#x6f;&#x72;&#x69;&#99;a&#x6e;&#x40;&#x65;&#108;e&#x63;&#x74;&#x72;&#111;s&#x75;&#x69;&#x73;&#115;e&#x2e;&#x63;&#x68;\">analyse du risque<\/a>, une protection contre la foudre ou une mise \u00e0 la terre adapt\u00e9e techniquement et \u00e9conomiquement aux exigences de l\u2019objet.[\/vc_column_text]<div class=\"wpb_document_column wpb_content_element\"><div class=\"wpb_wrapper\"><div class=\"document document--pdf\"><a href=\"https:\/\/dev-web.electrosuisse.ch\/wp-content\/uploads\/2019\/07\/Electrosuisse_Proteger_de_la_foudre_brochure.pdf\" target=\"_blank\" rel=\"noopener\">Brochure \u00abSe prot\u00e9ger de la foudre - Mode d'emploi\u00bb<\/a><\/div><\/div><\/div>[\/vc_column][\/vc_row][vc_row el_id=&#8221;kontakt&#8221;][vc_column][vc_column_text]<\/p>\n<h2>Contact<\/h2>\n<p>[\/vc_column_text]<div class=\"wpb_contact_column wpb_content_element wpb_content_element--left\"><div class=\"wpb_wrapper\"><div class=\"contact_container\"><div class=\"contact row middle-xs\"><div class=\"contact__img col-sm-5 col-xs-12\"><img decoding=\"async\" src=\"\/wp-content\/themes\/SCHMUCKI_child\/img\/contact_placeholder.jpg\" alt=\"Jacques Wohlhauser\" \/><\/div><div class=\"contact__info col-sm-7 col-xs-12\"><p><b>Jacques Wohlhauser<\/b><br>Ing\u00e9nieur conseil<\/p><div class=\"phone has-link\"><a href=\"tel:+41792179606\">+41 79 217 96 06<\/a><\/div><div class=\"mail has-link\"><a href=\"mailto:&#106;a&#x63;q&#x75;&#101;&#x73;&#46;&#x77;&#111;h&#x6c;h&#x61;&#117;&#x73;&#101;&#x72;&#64;&#x65;&#108;e&#x63;t&#x72;&#111;&#x73;&#117;&#x69;&#115;s&#x65;&#46;&#x63;&#104;\">jacques.wohlhauser@<br>electrosuisse.ch<\/a><\/div><\/div><\/div><\/div><\/div><\/div>[\/vc_column][\/vc_row][vc_row][vc_column]<div class=\"wpb_text_image_column wpb_content_element \"><div class=\"wpb_wrapper\"><div class=\"row middle-lg\"><div class=\"col-sm-6 col-xs-12\"><div class=\"picture_container\"><picture><source srcset=\"https:\/\/dev-web.electrosuisse.ch\/wp-content\/uploads\/2019\/03\/Electrosuisse_Blitzforschung-1-585x500.jpg\"><img decoding=\"async\" src=\"https:\/\/dev-web.electrosuisse.ch\/wp-content\/uploads\/2019\/03\/Electrosuisse_Blitzforschung-1-585x500.jpg\" alt=\"Pionnier de la recherche sur la foudre\" \/><\/picture><\/div><\/div><div class=\"col-sm-6 col-xs-12\"><h3>Pionnier de la recherche sur la foudre<\/h3><p>L\u2019ASE commence \u00e0 effectuer des recherches sur la foudre en 1926, lorsqu\u2019elle \u00e9tudie les processus uniques et rapides survenant sur les r\u00e9seaux. La Suisse obtient pour ces travaux une reconnaissance mondiale. Par son engagement, l\u2019ASE initie en 1937 la cr\u00e9ation de la Commission de recherche de l\u2019ASE et de l\u2019AES pour le domaine de la haute tension (FKH).<\/p>\n<div class=\"button button--normal\"><a href=\"https:\/\/hvl.ee.ethz.ch\/\" target=\"_blank\" rel=\"noopener\">ETH High Voltage Laboratory<\/a><\/div><\/div><\/div><\/div><\/div>[\/vc_column][\/vc_row][vc_row][vc_column][vc_column_text]Divers organismes au niveau international traitent le th\u00e8me de la mise \u00e0 la terre. C\u2019est pourquoi le comit\u00e9 technique (CT) entretient d\u2019\u00e9troits contacts avec les autres CT :<\/p>\n<p>&#8211; TC 64 : installations \u00e9lectriques et protection contre les chocs \u00e9lectriques<\/p>\n<p>&#8211; TC 81 \u2013 protection contre la foudre<\/p>\n<p>&#8211; TC 99 \u2013 installations \u00e9lectriques \u00e0 haute tension sup\u00e9rieure \u00e0 1 kV c.a. (1,5 kV c.c.)[\/vc_column_text]<div class=\"wpb_gap_column wpb_content_element\"><div class=\"wpb_wrapper\"><div class=\"gap gap--small\"><\/div><\/div><\/div>[vc_column_text]Nos membres b\u00e9n\u00e9ficient de multiples avantages.[\/vc_column_text]<div class=\"wpb_button_column wpb_content_element wpb_content_element--left\"><div class=\"wpb_wrapper\"><div class=\"button button--normal\"><a href=\"https:\/\/dev-web.electrosuisse.ch\/fr\/services-aux-membres\/adhsion-personnelle\/\">Informations suppl\u00e9mentaires<\/a><\/div><\/div><\/div>[\/vc_column][\/vc_row]<\/p>\n<\/div>","protected":false},"excerpt":{"rendered":"<p>[vc_row][vc_column][vc_column_text el_class=&#8221;lead&#8221;]Les coups de foudre peuvent causer des dommages tr\u00e8s importants. En cas d\u2019impact de la foudre, un syst\u00e8me parafoudre d\u00e9rive la haute \u00e9nergie de mani\u00e8re \u00e0 prot\u00e9ger les b\u00e2timents et les appareils techniques contre des dommages majeurs. Une installation de mise \u00e0 la terre correctement am\u00e9nag\u00e9e prot\u00e8ge aussi bien les \u00eatres vivants que les [&hellip;]<\/p>\n","protected":false},"author":33,"featured_media":0,"parent":22115,"menu_order":179,"comment_status":"closed","ping_status":"closed","template":"","meta":{"_acf_changed":false,"footnotes":""},"class_list":["post-4156","page","type-page","status-publish","hentry"],"acf":[],"yoast_head":"<!-- This site is optimized with the Yoast SEO Premium plugin v25.1 (Yoast SEO v25.1) - https:\/\/yoast.com\/wordpress\/plugins\/seo\/ -->\n<title>Protection efficace contre la foudre d\u2019Electrosuisse<\/title>\n<meta name=\"description\" content=\"Un syst\u00e8me parafoudre d\u00e9rive la haute \u00e9nergie lorsque la foudre s\u2019abat. Les b\u00e2timents et les appareils techniques sont ainsi prot\u00e9g\u00e9s contre les dommages majeurs.\" \/>\n<meta name=\"robots\" content=\"noindex, follow, max-snippet:-1, max-image-preview:large, max-video-preview:-1\" \/>\n<meta property=\"og:locale\" content=\"fr_FR\" \/>\n<meta property=\"og:type\" content=\"article\" \/>\n<meta property=\"og:title\" content=\"Protection efficace contre la foudre d\u2019Electrosuisse\" \/>\n<meta property=\"og:description\" content=\"Un syst\u00e8me parafoudre d\u00e9rive la haute \u00e9nergie lorsque la foudre s\u2019abat. Les b\u00e2timents et les appareils techniques sont ainsi prot\u00e9g\u00e9s contre les dommages majeurs.\" \/>\n<meta property=\"og:url\" content=\"https:\/\/dev-web.electrosuisse.ch\/fr\/controles\/protection-contre-la-foudre-et-mise-la-terre\/\" \/>\n<meta property=\"og:site_name\" content=\"Electrosuisse\" \/>\n<meta property=\"article:modified_time\" content=\"2023-04-13T08:47:09+00:00\" \/>\n<meta property=\"og:image\" content=\"https:\/\/dev-web.electrosuisse.ch\/wp-content\/uploads\/2019\/03\/Electrosuisse_Blitzschutz_Gewitter_Strommast-423200-unsplash-e1552681641360.jpg\" \/>\n\t<meta property=\"og:image:width\" content=\"1578\" \/>\n\t<meta property=\"og:image:height\" content=\"650\" \/>\n\t<meta property=\"og:image:type\" content=\"image\/jpeg\" \/>\n<script type=\"application\/ld+json\" class=\"yoast-schema-graph\">{\"@context\":\"https:\/\/schema.org\",\"@graph\":[{\"@type\":\"WebPage\",\"@id\":\"https:\/\/dev-web.electrosuisse.ch\/fr\/controles\/protection-contre-la-foudre-et-mise-la-terre\/\",\"url\":\"https:\/\/dev-web.electrosuisse.ch\/fr\/controles\/protection-contre-la-foudre-et-mise-la-terre\/\",\"name\":\"Protection efficace contre la foudre d\u2019Electrosuisse\",\"isPartOf\":{\"@id\":\"https:\/\/dev-web.electrosuisse.ch\/fr\/#website\"},\"datePublished\":\"2018-06-24T09:11:24+00:00\",\"dateModified\":\"2023-04-13T08:47:09+00:00\",\"description\":\"Un syst\u00e8me parafoudre d\u00e9rive la haute \u00e9nergie lorsque la foudre s\u2019abat. Les b\u00e2timents et les appareils techniques sont ainsi prot\u00e9g\u00e9s contre les dommages majeurs.\",\"breadcrumb\":{\"@id\":\"https:\/\/dev-web.electrosuisse.ch\/fr\/controles\/protection-contre-la-foudre-et-mise-la-terre\/#breadcrumb\"},\"inLanguage\":\"fr-FR\",\"potentialAction\":[{\"@type\":\"ReadAction\",\"target\":[\"https:\/\/dev-web.electrosuisse.ch\/fr\/controles\/protection-contre-la-foudre-et-mise-la-terre\/\"]}]},{\"@type\":\"BreadcrumbList\",\"@id\":\"https:\/\/dev-web.electrosuisse.ch\/fr\/controles\/protection-contre-la-foudre-et-mise-la-terre\/#breadcrumb\",\"itemListElement\":[{\"@type\":\"ListItem\",\"position\":1,\"name\":\"Contr\u00f4les\",\"item\":\"https:\/\/dev-web.electrosuisse.ch\/fr\/controles\/\"},{\"@type\":\"ListItem\",\"position\":2,\"name\":\"Protection contre la Foudre et Mise \u00e0 la Terre\"}]},{\"@type\":\"WebSite\",\"@id\":\"https:\/\/dev-web.electrosuisse.ch\/fr\/#website\",\"url\":\"https:\/\/dev-web.electrosuisse.ch\/fr\/\",\"name\":\"Electrosuisse\",\"description\":\"\",\"publisher\":{\"@id\":\"https:\/\/dev-web.electrosuisse.ch\/fr\/#organization\"},\"potentialAction\":[{\"@type\":\"SearchAction\",\"target\":{\"@type\":\"EntryPoint\",\"urlTemplate\":\"https:\/\/dev-web.electrosuisse.ch\/fr\/?s={search_term_string}\"},\"query-input\":{\"@type\":\"PropertyValueSpecification\",\"valueRequired\":true,\"valueName\":\"search_term_string\"}}],\"inLanguage\":\"fr-FR\"},{\"@type\":\"Organization\",\"@id\":\"https:\/\/dev-web.electrosuisse.ch\/fr\/#organization\",\"name\":\"Electrosuisse\",\"url\":\"https:\/\/dev-web.electrosuisse.ch\/fr\/\",\"logo\":{\"@type\":\"ImageObject\",\"inLanguage\":\"fr-FR\",\"@id\":\"https:\/\/dev-web.electrosuisse.ch\/fr\/#\/schema\/logo\/image\/\",\"url\":\"https:\/\/dev-web.electrosuisse.ch\/wp-content\/uploads\/2025\/04\/Electrosuisse_Logo_696x696.png\",\"contentUrl\":\"https:\/\/dev-web.electrosuisse.ch\/wp-content\/uploads\/2025\/04\/Electrosuisse_Logo_696x696.png\",\"width\":696,\"height\":696,\"caption\":\"Electrosuisse\"},\"image\":{\"@id\":\"https:\/\/dev-web.electrosuisse.ch\/fr\/#\/schema\/logo\/image\/\"},\"sameAs\":[\"https:\/\/www.linkedin.com\/company\/electrosuisse-ag\/posts\/?feedView=all\",\"https:\/\/www.instagram.com\/electrosuisse1889\/\",\"https:\/\/www.youtube.com\/channel\/UCoOxohMiVE0Gjcdis1L09zw\"],\"description\":\"Electrosuisse ist eine anerkannte und unabh\u00e4ngige Fachorganisation, die erstklassige Dienstleistungen und Produkte in den Bereichen Inspektion, Beratung, Pr\u00fcfung, Zertifizierung, Normung und Weiterbildung anbietet. Unsere Expertise umfasst Elektrotechnik, Elektromobilit\u00e4t, Energieberatung, Geb\u00e4udeautomation und Photovoltaik in der Schweiz. Durch die Veranstaltung etablierter Branchen-Events und Fachtagungen f\u00f6rdert Electrosuisse den Wissenstransfer und den fachlichen Austausch. Im Mittelpunkt unserer T\u00e4tigkeiten steht die F\u00f6rderung der sicheren, wirtschaftlichen und umweltgerechten Anwendung der Elektrotechnik.\"}]}<\/script>\n<!-- \/ Yoast SEO Premium plugin. -->","yoast_head_json":{"title":"Protection efficace contre la foudre d\u2019Electrosuisse","description":"Un syst\u00e8me parafoudre d\u00e9rive la haute \u00e9nergie lorsque la foudre s\u2019abat. Les b\u00e2timents et les appareils techniques sont ainsi prot\u00e9g\u00e9s contre les dommages majeurs.","robots":{"index":"noindex","follow":"follow","max-snippet":"max-snippet:-1","max-image-preview":"max-image-preview:large","max-video-preview":"max-video-preview:-1"},"og_locale":"fr_FR","og_type":"article","og_title":"Protection efficace contre la foudre d\u2019Electrosuisse","og_description":"Un syst\u00e8me parafoudre d\u00e9rive la haute \u00e9nergie lorsque la foudre s\u2019abat. Les b\u00e2timents et les appareils techniques sont ainsi prot\u00e9g\u00e9s contre les dommages majeurs.","og_url":"https:\/\/dev-web.electrosuisse.ch\/fr\/controles\/protection-contre-la-foudre-et-mise-la-terre\/","og_site_name":"Electrosuisse","article_modified_time":"2023-04-13T08:47:09+00:00","og_image":[{"width":1578,"height":650,"url":"https:\/\/dev-web.electrosuisse.ch\/wp-content\/uploads\/2019\/03\/Electrosuisse_Blitzschutz_Gewitter_Strommast-423200-unsplash-e1552681641360.jpg","type":"image\/jpeg"}],"schema":{"@context":"https:\/\/schema.org","@graph":[{"@type":"WebPage","@id":"https:\/\/dev-web.electrosuisse.ch\/fr\/controles\/protection-contre-la-foudre-et-mise-la-terre\/","url":"https:\/\/dev-web.electrosuisse.ch\/fr\/controles\/protection-contre-la-foudre-et-mise-la-terre\/","name":"Protection efficace contre la foudre d\u2019Electrosuisse","isPartOf":{"@id":"https:\/\/dev-web.electrosuisse.ch\/fr\/#website"},"datePublished":"2018-06-24T09:11:24+00:00","dateModified":"2023-04-13T08:47:09+00:00","description":"Un syst\u00e8me parafoudre d\u00e9rive la haute \u00e9nergie lorsque la foudre s\u2019abat. Les b\u00e2timents et les appareils techniques sont ainsi prot\u00e9g\u00e9s contre les dommages majeurs.","breadcrumb":{"@id":"https:\/\/dev-web.electrosuisse.ch\/fr\/controles\/protection-contre-la-foudre-et-mise-la-terre\/#breadcrumb"},"inLanguage":"fr-FR","potentialAction":[{"@type":"ReadAction","target":["https:\/\/dev-web.electrosuisse.ch\/fr\/controles\/protection-contre-la-foudre-et-mise-la-terre\/"]}]},{"@type":"BreadcrumbList","@id":"https:\/\/dev-web.electrosuisse.ch\/fr\/controles\/protection-contre-la-foudre-et-mise-la-terre\/#breadcrumb","itemListElement":[{"@type":"ListItem","position":1,"name":"Contr\u00f4les","item":"https:\/\/dev-web.electrosuisse.ch\/fr\/controles\/"},{"@type":"ListItem","position":2,"name":"Protection contre la Foudre et Mise \u00e0 la Terre"}]},{"@type":"WebSite","@id":"https:\/\/dev-web.electrosuisse.ch\/fr\/#website","url":"https:\/\/dev-web.electrosuisse.ch\/fr\/","name":"Electrosuisse","description":"","publisher":{"@id":"https:\/\/dev-web.electrosuisse.ch\/fr\/#organization"},"potentialAction":[{"@type":"SearchAction","target":{"@type":"EntryPoint","urlTemplate":"https:\/\/dev-web.electrosuisse.ch\/fr\/?s={search_term_string}"},"query-input":{"@type":"PropertyValueSpecification","valueRequired":true,"valueName":"search_term_string"}}],"inLanguage":"fr-FR"},{"@type":"Organization","@id":"https:\/\/dev-web.electrosuisse.ch\/fr\/#organization","name":"Electrosuisse","url":"https:\/\/dev-web.electrosuisse.ch\/fr\/","logo":{"@type":"ImageObject","inLanguage":"fr-FR","@id":"https:\/\/dev-web.electrosuisse.ch\/fr\/#\/schema\/logo\/image\/","url":"https:\/\/dev-web.electrosuisse.ch\/wp-content\/uploads\/2025\/04\/Electrosuisse_Logo_696x696.png","contentUrl":"https:\/\/dev-web.electrosuisse.ch\/wp-content\/uploads\/2025\/04\/Electrosuisse_Logo_696x696.png","width":696,"height":696,"caption":"Electrosuisse"},"image":{"@id":"https:\/\/dev-web.electrosuisse.ch\/fr\/#\/schema\/logo\/image\/"},"sameAs":["https:\/\/www.linkedin.com\/company\/electrosuisse-ag\/posts\/?feedView=all","https:\/\/www.instagram.com\/electrosuisse1889\/","https:\/\/www.youtube.com\/channel\/UCoOxohMiVE0Gjcdis1L09zw"],"description":"Electrosuisse ist eine anerkannte und unabh\u00e4ngige Fachorganisation, die erstklassige Dienstleistungen und Produkte in den Bereichen Inspektion, Beratung, Pr\u00fcfung, Zertifizierung, Normung und Weiterbildung anbietet. Unsere Expertise umfasst Elektrotechnik, Elektromobilit\u00e4t, Energieberatung, Geb\u00e4udeautomation und Photovoltaik in der Schweiz. Durch die Veranstaltung etablierter Branchen-Events und Fachtagungen f\u00f6rdert Electrosuisse den Wissenstransfer und den fachlichen Austausch. Im Mittelpunkt unserer T\u00e4tigkeiten steht die F\u00f6rderung der sicheren, wirtschaftlichen und umweltgerechten Anwendung der Elektrotechnik."}]}},"_links":{"self":[{"href":"https:\/\/dev-web.electrosuisse.ch\/fr\/wp-json\/wp\/v2\/pages\/4156","targetHints":{"allow":["GET"]}}],"collection":[{"href":"https:\/\/dev-web.electrosuisse.ch\/fr\/wp-json\/wp\/v2\/pages"}],"about":[{"href":"https:\/\/dev-web.electrosuisse.ch\/fr\/wp-json\/wp\/v2\/types\/page"}],"author":[{"embeddable":true,"href":"https:\/\/dev-web.electrosuisse.ch\/fr\/wp-json\/wp\/v2\/users\/33"}],"replies":[{"embeddable":true,"href":"https:\/\/dev-web.electrosuisse.ch\/fr\/wp-json\/wp\/v2\/comments?post=4156"}],"version-history":[{"count":4,"href":"https:\/\/dev-web.electrosuisse.ch\/fr\/wp-json\/wp\/v2\/pages\/4156\/revisions"}],"predecessor-version":[{"id":30119,"href":"https:\/\/dev-web.electrosuisse.ch\/fr\/wp-json\/wp\/v2\/pages\/4156\/revisions\/30119"}],"up":[{"embeddable":true,"href":"https:\/\/dev-web.electrosuisse.ch\/fr\/wp-json\/wp\/v2\/pages\/22115"}],"wp:attachment":[{"href":"https:\/\/dev-web.electrosuisse.ch\/fr\/wp-json\/wp\/v2\/media?parent=4156"}],"curies":[{"name":"wp","href":"https:\/\/api.w.org\/{rel}","templated":true}]}}