{"id":4142,"date":"2018-06-24T11:09:44","date_gmt":"2018-06-24T09:09:44","guid":{"rendered":"https:\/\/dev-web.electrosuisse.ch\/inspektion-engineering\/realisation\/sicherheitskonzepte\/"},"modified":"2023-04-13T13:28:25","modified_gmt":"2023-04-13T11:28:25","slug":"concept-de-securite","status":"publish","type":"page","link":"https:\/\/dev-web.electrosuisse.ch\/fr\/controles\/concept-de-securite\/","title":{"rendered":"Concept de S\u00e9curit\u00e9"},"content":{"rendered":"<div class=\"wpb-content-wrapper\"><p>[vc_row][vc_column][vc_column_text el_class=&#8221;lead&#8221;]L\u2019une des t\u00e2ches importantes de tout responsable d\u2019exploitation est d\u2019exploiter les installations \u00e9lectriques de mani\u00e8re s\u00fbre et efficace. Les accidents \u00e9lectriques peuvent avoir des cons\u00e9quences graves. Le risque de perdre la vie qu\u2019ils comportent est cinquante fois plus \u00e9lev\u00e9 que pour les autres accidents. Les professionnels de la branche \u00e9lectrique sont les premiers concern\u00e9s. Vous d\u00e9finissez, dans le concept de s\u00e9curit\u00e9, les responsabilit\u00e9s d\u2019exploitation et vous favorisez la gestion attentive des installations \u00e9lectriques.[\/vc_column_text][\/vc_column][\/vc_row][vc_row el_id=&#8221;angebot&#8221;][vc_column][vc_column_text]<\/p>\n<h3>Nous vous aidons \u00e0:<\/h3>\n<ul>\n<li>\u00e9laborer un concept de s\u00e9curit\u00e9,<\/li>\n<li>\u00e9tablir des instructions contraignantes pour votre personnel,<\/li>\n<li>d\u00e9finir les responsabilit\u00e9s,<\/li>\n<li>\u00e9laborer des concepts de formation et<\/li>\n<li>d\u00e9finir les mesures \u00e0 prendre.<\/li>\n<\/ul>\n<p>Simultan\u00e9ment, la possibilit\u00e9 vous est donn\u00e9e de contr\u00f4ler l\u2019entretien de vos installations et de le discuter avec des professionnels. Ainsi, vous saurez si les mesures prises satisfont aux exigences l\u00e9gales en vigueur et aux techniques actuelles en mati\u00e8re de s\u00e9curit\u00e9.[\/vc_column_text][\/vc_column][\/vc_row][vc_row el_id=&#8221;kontakt&#8221;][vc_column][vc_column_text]<\/p>\n<h2>Contact<\/h2>\n<p>[\/vc_column_text]<div class=\"wpb_contact_column wpb_content_element wpb_content_element--left\"><div class=\"wpb_wrapper\"><div class=\"contact_container\"><div class=\"contact row middle-xs\"><div class=\"contact__img col-sm-5 col-xs-12\"><img decoding=\"async\" src=\"https:\/\/dev-web.electrosuisse.ch\/wp-content\/uploads\/2019\/04\/Electrosuisse_Steve_Gorican.jpg\" alt=\"Steve Gorican - Ing\u00e9nieur conseil\" \/><\/div><div class=\"contact__info col-sm-7 col-xs-12\"><p><b>Steve Gorican<\/b><br>Ing\u00e9nieur conseil<\/p><div class=\"phone has-link\"><a href=\"tel:+41791391172\">+41 79 139 11 72<\/a><\/div><div class=\"mail has-link\"><a href=\"mailto:&#x73;&#x74;&#x65;&#x76;&#x65;&#x2e;&#103;&#111;&#114;&#105;can&#64;&#x65;&#x6c;&#x65;&#x63;&#x74;&#x72;&#111;&#115;&#117;&#105;&#115;se&#46;&#x63;&#x68;\">&#115;&#x74;&#x65;&#118;&#x65;&#x2e;g&#x6f;&#x72;i&#99;&#x61;n&#64;&#x65;l&#101;&#x63;t&#114;&#x6f;s&#117;&#x69;&#x73;&#115;&#x65;&#x2e;&#99;&#x68;<\/a><\/div><\/div><\/div><\/div><\/div><\/div>[\/vc_column][\/vc_row][vc_row el_id=&#8221;hinweis&#8221;][vc_column][vc_column_text]Les repr\u00e9sentants de la branche \u00e9lectrique ont lanc\u00e9, conjointement avec la Suva, une campagne de pr\u00e9vention destin\u00e9e \u00e0 ce groupe professionnel. Vous trouvez davantage d\u2019informations sur le <a href=\"https:\/\/www.suva.ch\/fr-ch\/prevention\/themes-specialises\/electricite-en-toute-securite?lang=fr-CH\" target=\"_blank\" rel=\"noopener noreferrer\">site web de la Suva<\/a>.<\/p>\n<h5>5 + 5 r\u00e8gles vitales de gestion de l\u2019\u00e9lectricit\u00e9.<\/h5>\n<p>[\/vc_column_text]<div class=\"wpb_button_column wpb_content_element wpb_content_element--left\"><div class=\"wpb_wrapper\"><div class=\"button button--ghost\"><a href=\"https:\/\/www.suva.ch\/fr-ch\/prevention\/themes-specialises\/electricite-en-toute-securite?lang=fr-CH#uxlibrary-material=63f5aee3c19306aad54b242ec17e6c7d&uxlibrary-material-filter=materialGroup:all&uxlibrary-open=\/fr-CH?atomid=63f5aee3c19306aad54b242ec17e6c7d%26showContainer=1\" target=\"_blank\" >T\u00e9l\u00e9charger le d\u00e9pliant<\/a><\/div><\/div><\/div><div class=\"wpb_gap_column wpb_content_element\"><div class=\"wpb_wrapper\"><div class=\"gap gap--small\"><\/div><\/div><\/div><div class=\"wpb_video_column wpb_content_element\"><div class=\"wpb_wrapper\"><div class=\"video_container video_container--embed\"><iframe src=\"https:\/\/www.youtube-nocookie.com\/embed\/gPsQ1ZiI3tQ?modestbranding=1&rel=0&showinfo=0\" frameborder=\"0\" allow=\"accelerometer; autoplay; encrypted-media; gyroscope; picture-in-picture\" allowfullscreen><\/iframe><\/div><\/div><\/div>[\/vc_column][\/vc_row][vc_row el_id=&#8221;kurs&#8221;][vc_column]<div class=\"wpb_accordion_column wpb_content_element\"><div class=\"wpb_wrapper\"><div class=\"fake_accordion\"><div class=\"row\"><div class=\"col-sm-5\"><div class=picture_container><img decoding=\"async\" src=\"https:\/\/dev-web.electrosuisse.ch\/wp-content\/uploads\/2023\/04\/Securite-585x345.jpg\" alt=\"Cours BLS-AED-SRC-Complet avec connaissances \u00e9largies en secourisme\" \/><\/div><\/div><div class=\"col-sm-7\"><h3>Cours BLS-AED-SRC-Complet avec connaissances \u00e9largies en secourisme<\/h3><p>L\u2019\u00e9lectricit\u00e9 est si peu concr\u00e8te, tout en paraissant aller de soi, que l\u2019on pr\u00eate souvent insuffisamment attention \u00e0 ses effets\u2026 Soudainement, il est trop tard.<\/p>\n<div class=\"button button--ghost\"><a href=\"http:\/\/Cours BLS-AED-SRC-Complet avec connaissances \u00e9largies en secourisme\">Donn\u00e9es concernant le cours<\/a><\/div><\/div><\/div><\/div><div class=\"fake_accordion\"><div class=\"row\"><div class=\"col-sm-5\"><div class=picture_container><img decoding=\"async\" src=\"https:\/\/dev-web.electrosuisse.ch\/wp-content\/uploads\/2019\/03\/Electrosuisse_Reanimation_Kurs_attrappe-ausbildung-cpr-1282317-585x345.jpg\" alt=\"Cours de base de r\u00e9animation (\u00ab BLS-AED-SRC Complet \u00bb)\" \/><\/div><\/div><div class=\"col-sm-7\"><h3>Cours de base de r\u00e9animation (\u00ab BLS-AED-SRC Complet \u00bb)<\/h3><p>Le premier quart d\u2019heure (jusqu\u2019\u00e0 l\u2019arriv\u00e9e des sauveteurs professionnels) est une phase cruciale dans la cha\u00eene de sauvetage. En cas d\u2019urgence, la seule erreur est de ne rien faire!<\/p>\n<div class=\"button button--ghost\"><a href=\"https:\/\/shop.electrosuisse.ch\/de\/Cours-BLS-AED-SRC-Complet---cours-de-base-et-de-re-2337.html\">Tous les cours<\/a><\/div><\/div><\/div><\/div><div class=\"fake_accordion\"><div class=\"row\"><div class=\"col-sm-5\"><div class=picture_container><img decoding=\"async\" src=\"https:\/\/dev-web.electrosuisse.ch\/wp-content\/uploads\/2019\/03\/Electrosuisse_Erste_Hilfe_ambulance-970037_1920-585x345.jpg\" alt=\"Cours\" \/><\/div><\/div><div class=\"col-sm-7\"><h3>Cours<\/h3><p>Les travaux vis\u00e9s \u00e0 l\u2019art.\u00a075 de l\u2019ordonnance sur le courant fort doivent \u00eatre ex\u00e9cutables sans danger. Cette disposition suppose \u00e9galement que les premiers secours soient disponibles sur les lieux. Nous proposons des cours de base, des cours complets et des cours de r\u00e9p\u00e9tition.<\/p>\n<div class=\"button button--ghost\"><a href=\"https:\/\/shop.electrosuisse.ch\/fr\/formation-continue\/cours\/\">Tous les cours<\/a><\/div><\/div><\/div><\/div><\/div><\/div>[\/vc_column][\/vc_row][vc_row][vc_column][vc_row_inner][vc_column_inner width=&#8221;1\/2&#8243;][vc_column_text]<\/p>\n<h4>Ne pas oublier l\u2019\u00e9quipement de protection<\/h4>\n<p>M\u00eame si l\u2019on ne s\u2019en rend que rarement compte, les professionnels de la branche \u00e9lectrique se retrouvent fr\u00e9quemment face \u00e0 des situations o\u00f9 leur vie est en p\u00e9ril. La r\u00e9alit\u00e9 est claire\u00a0: plus de 500 professionnels se rendent chez le m\u00e9decin ou \u00e0 l\u2019h\u00f4pital chaque ann\u00e9e en raison d\u2019une accident \u00e9lectrique. L\u2019\u00e9quipement de protection individuelle joue un r\u00f4le essentiel pour \u00e9viter ce genre d\u2019accidents.[\/vc_column_text]<div class=\"wpb_button_column wpb_content_element wpb_content_element--left\"><div class=\"wpb_wrapper\"><div class=\"button button--ghost\"><a href=\"https:\/\/www.bulletin.ch\/fr\/news-detail\/utiliser-lequipement-de-protection.html\" target=\"_blank\" >Article de bulletin.ch<\/a><\/div><\/div><\/div>[\/vc_column_inner][vc_column_inner width=&#8221;1\/2&#8243;][vc_column_text]<\/p>\n<h4>Accidents \u00e9lectriques en 2017<\/h4>\n<p>Alors que le nombre d\u2019accidents graves continue de diminuer (aucun accident mortel sur le lieu de travail, 8 accidents mortels dans le domaine priv\u00e9), le nombre total d\u2019accidents \u00e9lectriques signal\u00e9s \u00e0 l\u2019ESTI a l\u00e9g\u00e8rement augment\u00e9 par rapport \u00e0 l\u2019ann\u00e9e pr\u00e9c\u00e9dente. \u00ab\u00a0Electricit\u00e9 en toute s\u00e9curit\u00e9\u00a0\u00bb, la campagne de la Suva centr\u00e9e sur les 5+5 r\u00e8gles vitales qu\u2019elle pr\u00e9conise, a contribu\u00e9 pour beaucoup \u00e0 la pr\u00e9vention des accidents graves et mortels dans le cadre professionnel.[\/vc_column_text]<div class=\"wpb_button_column wpb_content_element wpb_content_element--left\"><div class=\"wpb_wrapper\"><div class=\"button button--ghost\"><a href=\"https:\/\/www.bulletin.ch\/fr\/news-detail\/accidents-electriques2017.html\" target=\"_blank\" >Article de bulletin.ch<\/a><\/div><\/div><\/div>[\/vc_column_inner][\/vc_row_inner]<div class=\"wpb_gap_column wpb_content_element\"><div class=\"wpb_wrapper\"><div class=\"gap gap--small\"><\/div><\/div><\/div>[vc_column_text]<\/p>\n<h4>Un accident n\u2019arrive pas tout seul, il a une cause<\/h4>\n<p>Josef Schmucki est installateur-\u00e9lectricien dipl\u00f4m\u00e9 et expert en installations \u00e9lectriques \u00e0 basse tension. Dans cet entretien, il \u00e9voque son activit\u00e9 chez Electrosuisse et nous explique comment \u00e9viter les accidents au travail.[\/vc_column_text]<div class=\"wpb_button_column wpb_content_element wpb_content_element--left\"><div class=\"wpb_wrapper\"><div class=\"button button--ghost\"><a href=\"http:\/\/www.w-f.ch\/mam_wfch\/eh\/aktuelles\/journal\/aktuelle_ausgabe\/17\/interview_journal_0317_de.pdf\" target=\"_blank\" >Entretien<\/a><\/div><\/div><\/div>[vc_column_text]<\/p>\n<h2 class=\"title style-scope ytd-video-primary-info-renderer\">Travaux sous tension : \u00e9quipements de protection<\/h2>\n<p>Quand un courant \u00e9lectrique passe dans le corps des personnes, cela peut provoquer des chutes et des blessures. De plus, des arcs \u00e9lectriques peuvent entra\u00eener des br\u00fblures. Pour se prot\u00e9ger, diff\u00e9rents fabricants proposent divers types d\u2019\u00e9quipement de protection.<br \/>\n<a href=\"https:\/\/www.esti.admin.ch\/inhalte\/pdf\/Uebrige\/Franzoesisch\/2016_2015\/2015-12_psa_f.pdf\" target=\"_blank\" rel=\"noopener noreferrer\">Article de l\u2019ESTI dans bulletin.ch<\/a>[\/vc_column_text]<div class=\"wpb_button_column wpb_content_element wpb_content_element--left\"><div class=\"wpb_wrapper\"><div class=\"button button--normal\"><a href=\"https:\/\/youtu.be\/KIiKEsQTrZI\" target=\"_blank\" >Vid\u00e9o sur la s\u00e9curit\u00e9 au travail dans les installations \u00e0 courant fort<\/a><\/div><\/div><\/div><div class=\"wpb_video_column wpb_content_element\"><div class=\"wpb_wrapper\"><div class=\"video_container video_container--embed\"><iframe src=\"https:\/\/www.youtube-nocookie.com\/embed\/aF_UosALd8k?modestbranding=1&rel=0&showinfo=0\" frameborder=\"0\" allow=\"accelerometer; autoplay; encrypted-media; gyroscope; picture-in-picture\" allowfullscreen><\/iframe><\/div><\/div><\/div>[\/vc_column][\/vc_row]<\/p>\n<\/div>","protected":false},"excerpt":{"rendered":"<p>[vc_row][vc_column][vc_column_text el_class=&#8221;lead&#8221;]L\u2019une des t\u00e2ches importantes de tout responsable d\u2019exploitation est d\u2019exploiter les installations \u00e9lectriques de mani\u00e8re s\u00fbre et efficace. Les accidents \u00e9lectriques peuvent avoir des cons\u00e9quences graves. Le risque de perdre la vie qu\u2019ils comportent est cinquante fois plus \u00e9lev\u00e9 que pour les autres accidents. Les professionnels de la branche \u00e9lectrique sont les premiers concern\u00e9s. [&hellip;]<\/p>\n","protected":false},"author":33,"featured_media":0,"parent":22115,"menu_order":186,"comment_status":"closed","ping_status":"closed","template":"","meta":{"_acf_changed":false,"footnotes":""},"class_list":["post-4142","page","type-page","status-publish","hentry"],"acf":[],"yoast_head":"<!-- This site is optimized with the Yoast SEO Premium plugin v25.1 (Yoast SEO v25.1) - https:\/\/yoast.com\/wordpress\/plugins\/seo\/ -->\n<title>Concepts de s\u00e9curit\u00e9 pour les installations \u00e9lectriques<\/title>\n<meta name=\"description\" content=\"Etablir des r\u00e8gles de s\u00e9curit\u00e9 au travail et de pr\u00e9vention des accidents et contr\u00f4ler les prescriptions l\u00e9gales et les exigences techniques en mati\u00e8re ...\" \/>\n<meta name=\"robots\" content=\"noindex, follow, max-snippet:-1, max-image-preview:large, max-video-preview:-1\" \/>\n<meta property=\"og:locale\" content=\"fr_FR\" \/>\n<meta property=\"og:type\" content=\"article\" \/>\n<meta property=\"og:title\" content=\"Concepts de s\u00e9curit\u00e9 pour les installations \u00e9lectriques\" \/>\n<meta property=\"og:description\" content=\"Etablir des r\u00e8gles de s\u00e9curit\u00e9 au travail et de pr\u00e9vention des accidents et contr\u00f4ler les prescriptions l\u00e9gales et les exigences techniques en mati\u00e8re ...\" \/>\n<meta property=\"og:url\" content=\"https:\/\/dev-web.electrosuisse.ch\/fr\/controles\/concept-de-securite\/\" \/>\n<meta property=\"og:site_name\" content=\"Electrosuisse\" \/>\n<meta property=\"article:modified_time\" content=\"2023-04-13T11:28:25+00:00\" \/>\n<meta property=\"og:image\" content=\"https:\/\/dev-web.electrosuisse.ch\/wp-content\/uploads\/2019\/06\/Electrosuisse_Sicherheitskonzepte_Schutzausruestung.jpg\" \/>\n\t<meta property=\"og:image:width\" content=\"1578\" \/>\n\t<meta property=\"og:image:height\" content=\"650\" \/>\n\t<meta property=\"og:image:type\" content=\"image\/jpeg\" \/>\n<script type=\"application\/ld+json\" class=\"yoast-schema-graph\">{\"@context\":\"https:\/\/schema.org\",\"@graph\":[{\"@type\":\"WebPage\",\"@id\":\"https:\/\/dev-web.electrosuisse.ch\/fr\/controles\/concept-de-securite\/\",\"url\":\"https:\/\/dev-web.electrosuisse.ch\/fr\/controles\/concept-de-securite\/\",\"name\":\"Concepts de s\u00e9curit\u00e9 pour les installations \u00e9lectriques\",\"isPartOf\":{\"@id\":\"https:\/\/dev-web.electrosuisse.ch\/fr\/#website\"},\"datePublished\":\"2018-06-24T09:09:44+00:00\",\"dateModified\":\"2023-04-13T11:28:25+00:00\",\"description\":\"Etablir des r\u00e8gles de s\u00e9curit\u00e9 au travail et de pr\u00e9vention des accidents et contr\u00f4ler les prescriptions l\u00e9gales et les exigences techniques en mati\u00e8re ...\",\"breadcrumb\":{\"@id\":\"https:\/\/dev-web.electrosuisse.ch\/fr\/controles\/concept-de-securite\/#breadcrumb\"},\"inLanguage\":\"fr-FR\",\"potentialAction\":[{\"@type\":\"ReadAction\",\"target\":[\"https:\/\/dev-web.electrosuisse.ch\/fr\/controles\/concept-de-securite\/\"]}]},{\"@type\":\"BreadcrumbList\",\"@id\":\"https:\/\/dev-web.electrosuisse.ch\/fr\/controles\/concept-de-securite\/#breadcrumb\",\"itemListElement\":[{\"@type\":\"ListItem\",\"position\":1,\"name\":\"Contr\u00f4les\",\"item\":\"https:\/\/dev-web.electrosuisse.ch\/fr\/controles\/\"},{\"@type\":\"ListItem\",\"position\":2,\"name\":\"Concept de S\u00e9curit\u00e9\"}]},{\"@type\":\"WebSite\",\"@id\":\"https:\/\/dev-web.electrosuisse.ch\/fr\/#website\",\"url\":\"https:\/\/dev-web.electrosuisse.ch\/fr\/\",\"name\":\"Electrosuisse\",\"description\":\"\",\"publisher\":{\"@id\":\"https:\/\/dev-web.electrosuisse.ch\/fr\/#organization\"},\"potentialAction\":[{\"@type\":\"SearchAction\",\"target\":{\"@type\":\"EntryPoint\",\"urlTemplate\":\"https:\/\/dev-web.electrosuisse.ch\/fr\/?s={search_term_string}\"},\"query-input\":{\"@type\":\"PropertyValueSpecification\",\"valueRequired\":true,\"valueName\":\"search_term_string\"}}],\"inLanguage\":\"fr-FR\"},{\"@type\":\"Organization\",\"@id\":\"https:\/\/dev-web.electrosuisse.ch\/fr\/#organization\",\"name\":\"Electrosuisse\",\"url\":\"https:\/\/dev-web.electrosuisse.ch\/fr\/\",\"logo\":{\"@type\":\"ImageObject\",\"inLanguage\":\"fr-FR\",\"@id\":\"https:\/\/dev-web.electrosuisse.ch\/fr\/#\/schema\/logo\/image\/\",\"url\":\"https:\/\/dev-web.electrosuisse.ch\/wp-content\/uploads\/2025\/04\/Electrosuisse_Logo_696x696.png\",\"contentUrl\":\"https:\/\/dev-web.electrosuisse.ch\/wp-content\/uploads\/2025\/04\/Electrosuisse_Logo_696x696.png\",\"width\":696,\"height\":696,\"caption\":\"Electrosuisse\"},\"image\":{\"@id\":\"https:\/\/dev-web.electrosuisse.ch\/fr\/#\/schema\/logo\/image\/\"},\"sameAs\":[\"https:\/\/www.linkedin.com\/company\/electrosuisse-ag\/posts\/?feedView=all\",\"https:\/\/www.instagram.com\/electrosuisse1889\/\",\"https:\/\/www.youtube.com\/channel\/UCoOxohMiVE0Gjcdis1L09zw\"],\"description\":\"Electrosuisse ist eine anerkannte und unabh\u00e4ngige Fachorganisation, die erstklassige Dienstleistungen und Produkte in den Bereichen Inspektion, Beratung, Pr\u00fcfung, Zertifizierung, Normung und Weiterbildung anbietet. Unsere Expertise umfasst Elektrotechnik, Elektromobilit\u00e4t, Energieberatung, Geb\u00e4udeautomation und Photovoltaik in der Schweiz. Durch die Veranstaltung etablierter Branchen-Events und Fachtagungen f\u00f6rdert Electrosuisse den Wissenstransfer und den fachlichen Austausch. Im Mittelpunkt unserer T\u00e4tigkeiten steht die F\u00f6rderung der sicheren, wirtschaftlichen und umweltgerechten Anwendung der Elektrotechnik.\"}]}<\/script>\n<!-- \/ Yoast SEO Premium plugin. -->","yoast_head_json":{"title":"Concepts de s\u00e9curit\u00e9 pour les installations \u00e9lectriques","description":"Etablir des r\u00e8gles de s\u00e9curit\u00e9 au travail et de pr\u00e9vention des accidents et contr\u00f4ler les prescriptions l\u00e9gales et les exigences techniques en mati\u00e8re ...","robots":{"index":"noindex","follow":"follow","max-snippet":"max-snippet:-1","max-image-preview":"max-image-preview:large","max-video-preview":"max-video-preview:-1"},"og_locale":"fr_FR","og_type":"article","og_title":"Concepts de s\u00e9curit\u00e9 pour les installations \u00e9lectriques","og_description":"Etablir des r\u00e8gles de s\u00e9curit\u00e9 au travail et de pr\u00e9vention des accidents et contr\u00f4ler les prescriptions l\u00e9gales et les exigences techniques en mati\u00e8re ...","og_url":"https:\/\/dev-web.electrosuisse.ch\/fr\/controles\/concept-de-securite\/","og_site_name":"Electrosuisse","article_modified_time":"2023-04-13T11:28:25+00:00","og_image":[{"width":1578,"height":650,"url":"https:\/\/dev-web.electrosuisse.ch\/wp-content\/uploads\/2019\/06\/Electrosuisse_Sicherheitskonzepte_Schutzausruestung.jpg","type":"image\/jpeg"}],"schema":{"@context":"https:\/\/schema.org","@graph":[{"@type":"WebPage","@id":"https:\/\/dev-web.electrosuisse.ch\/fr\/controles\/concept-de-securite\/","url":"https:\/\/dev-web.electrosuisse.ch\/fr\/controles\/concept-de-securite\/","name":"Concepts de s\u00e9curit\u00e9 pour les installations \u00e9lectriques","isPartOf":{"@id":"https:\/\/dev-web.electrosuisse.ch\/fr\/#website"},"datePublished":"2018-06-24T09:09:44+00:00","dateModified":"2023-04-13T11:28:25+00:00","description":"Etablir des r\u00e8gles de s\u00e9curit\u00e9 au travail et de pr\u00e9vention des accidents et contr\u00f4ler les prescriptions l\u00e9gales et les exigences techniques en mati\u00e8re ...","breadcrumb":{"@id":"https:\/\/dev-web.electrosuisse.ch\/fr\/controles\/concept-de-securite\/#breadcrumb"},"inLanguage":"fr-FR","potentialAction":[{"@type":"ReadAction","target":["https:\/\/dev-web.electrosuisse.ch\/fr\/controles\/concept-de-securite\/"]}]},{"@type":"BreadcrumbList","@id":"https:\/\/dev-web.electrosuisse.ch\/fr\/controles\/concept-de-securite\/#breadcrumb","itemListElement":[{"@type":"ListItem","position":1,"name":"Contr\u00f4les","item":"https:\/\/dev-web.electrosuisse.ch\/fr\/controles\/"},{"@type":"ListItem","position":2,"name":"Concept de S\u00e9curit\u00e9"}]},{"@type":"WebSite","@id":"https:\/\/dev-web.electrosuisse.ch\/fr\/#website","url":"https:\/\/dev-web.electrosuisse.ch\/fr\/","name":"Electrosuisse","description":"","publisher":{"@id":"https:\/\/dev-web.electrosuisse.ch\/fr\/#organization"},"potentialAction":[{"@type":"SearchAction","target":{"@type":"EntryPoint","urlTemplate":"https:\/\/dev-web.electrosuisse.ch\/fr\/?s={search_term_string}"},"query-input":{"@type":"PropertyValueSpecification","valueRequired":true,"valueName":"search_term_string"}}],"inLanguage":"fr-FR"},{"@type":"Organization","@id":"https:\/\/dev-web.electrosuisse.ch\/fr\/#organization","name":"Electrosuisse","url":"https:\/\/dev-web.electrosuisse.ch\/fr\/","logo":{"@type":"ImageObject","inLanguage":"fr-FR","@id":"https:\/\/dev-web.electrosuisse.ch\/fr\/#\/schema\/logo\/image\/","url":"https:\/\/dev-web.electrosuisse.ch\/wp-content\/uploads\/2025\/04\/Electrosuisse_Logo_696x696.png","contentUrl":"https:\/\/dev-web.electrosuisse.ch\/wp-content\/uploads\/2025\/04\/Electrosuisse_Logo_696x696.png","width":696,"height":696,"caption":"Electrosuisse"},"image":{"@id":"https:\/\/dev-web.electrosuisse.ch\/fr\/#\/schema\/logo\/image\/"},"sameAs":["https:\/\/www.linkedin.com\/company\/electrosuisse-ag\/posts\/?feedView=all","https:\/\/www.instagram.com\/electrosuisse1889\/","https:\/\/www.youtube.com\/channel\/UCoOxohMiVE0Gjcdis1L09zw"],"description":"Electrosuisse ist eine anerkannte und unabh\u00e4ngige Fachorganisation, die erstklassige Dienstleistungen und Produkte in den Bereichen Inspektion, Beratung, Pr\u00fcfung, Zertifizierung, Normung und Weiterbildung anbietet. Unsere Expertise umfasst Elektrotechnik, Elektromobilit\u00e4t, Energieberatung, Geb\u00e4udeautomation und Photovoltaik in der Schweiz. Durch die Veranstaltung etablierter Branchen-Events und Fachtagungen f\u00f6rdert Electrosuisse den Wissenstransfer und den fachlichen Austausch. Im Mittelpunkt unserer T\u00e4tigkeiten steht die F\u00f6rderung der sicheren, wirtschaftlichen und umweltgerechten Anwendung der Elektrotechnik."}]}},"_links":{"self":[{"href":"https:\/\/dev-web.electrosuisse.ch\/fr\/wp-json\/wp\/v2\/pages\/4142","targetHints":{"allow":["GET"]}}],"collection":[{"href":"https:\/\/dev-web.electrosuisse.ch\/fr\/wp-json\/wp\/v2\/pages"}],"about":[{"href":"https:\/\/dev-web.electrosuisse.ch\/fr\/wp-json\/wp\/v2\/types\/page"}],"author":[{"embeddable":true,"href":"https:\/\/dev-web.electrosuisse.ch\/fr\/wp-json\/wp\/v2\/users\/33"}],"replies":[{"embeddable":true,"href":"https:\/\/dev-web.electrosuisse.ch\/fr\/wp-json\/wp\/v2\/comments?post=4142"}],"version-history":[{"count":5,"href":"https:\/\/dev-web.electrosuisse.ch\/fr\/wp-json\/wp\/v2\/pages\/4142\/revisions"}],"predecessor-version":[{"id":30144,"href":"https:\/\/dev-web.electrosuisse.ch\/fr\/wp-json\/wp\/v2\/pages\/4142\/revisions\/30144"}],"up":[{"embeddable":true,"href":"https:\/\/dev-web.electrosuisse.ch\/fr\/wp-json\/wp\/v2\/pages\/22115"}],"wp:attachment":[{"href":"https:\/\/dev-web.electrosuisse.ch\/fr\/wp-json\/wp\/v2\/media?parent=4142"}],"curies":[{"name":"wp","href":"https:\/\/api.w.org\/{rel}","templated":true}]}}