{"id":4124,"date":"2018-06-24T11:08:22","date_gmt":"2018-06-24T09:08:22","guid":{"rendered":"https:\/\/dev-web.electrosuisse.ch\/inspektion-engineering\/analyse\/thermografie\/"},"modified":"2023-04-13T11:01:38","modified_gmt":"2023-04-13T09:01:38","slug":"thermographie","status":"publish","type":"page","link":"https:\/\/dev-web.electrosuisse.ch\/fr\/controles\/thermographie\/","title":{"rendered":"Thermographie"},"content":{"rendered":"<div class=\"wpb-content-wrapper\"><p>[vc_row][vc_column][vc_column_text el_class=&#8221;lead&#8221;]L\u2019\u00e9lectrothermographie est une m\u00e9thode de mesure et d\u2019analyse destin\u00e9e \u00e0 d\u00e9tecter pr\u00e9cocement les points faibles. Une telle d\u00e9tection permet de r\u00e9duire les risques d\u2019incendie et de panne dans les b\u00e2timents et les installations. Les mesures \u00e0 infrarouge visualisent les sources d\u2019erreur en cours d\u2019exploitation, autant que possible sous charge compl\u00e8te, car les temp\u00e9ratures sont directement corr\u00e9l\u00e9es \u00e0 la charge.[\/vc_column_text][vc_column_text]Il vaut la peine de proc\u00e9der r\u00e9guli\u00e8rement \u00e0 une analyse de l\u2019\u00e9tat de votre installation. Vous \u00e9vitez ainsi, notamment, des dommages cons\u00e9cutifs assortis d\u2019interruptions de production co\u00fbteuses et vous pouvez planifier les optimisations. Les contr\u00f4les et les \u00e9valuations requi\u00e8rent imp\u00e9rativement le recours \u00e0 des sp\u00e9cialistes av\u00e9r\u00e9s de l\u2019\u00e9lectrothermographie.[\/vc_column_text][\/vc_column][\/vc_row][vc_row el_id=&#8221;bildung&#8221;][vc_column]<div class=\"wpb_text_image_column wpb_content_element \"><div class=\"wpb_wrapper\"><div class=\"row middle-lg\"><div class=\"col-sm-6 col-xs-12\"><div class=\"picture_container\"><picture><source srcset=\"https:\/\/dev-web.electrosuisse.ch\/wp-content\/uploads\/2019\/03\/Electrosuisse_Thermografie_Messen_Infrarot-585x500.jpg\"><img decoding=\"async\" src=\"https:\/\/dev-web.electrosuisse.ch\/wp-content\/uploads\/2019\/03\/Electrosuisse_Thermografie_Messen_Infrarot-585x500.jpg\" alt=\"Cours sur la thermographie \u00e0 infrarouge\" \/><\/picture><\/div><\/div><div class=\"col-sm-6 col-xs-12\"><h3>Cours sur la thermographie \u00e0 infrarouge<\/h3><p>Bases de la thermographie sans contact.<\/p>\n<div class=\"button button--normal\"><a href=\"https:\/\/shop.electrosuisse.ch\/fr\/Thermographie-2329.html\">Inscription au cours<\/a><\/div><\/div><\/div><\/div><\/div>[\/vc_column][\/vc_row][vc_row el_id=&#8221;kontakt&#8221;][vc_column][vc_column_text]<\/p>\n<h2>Contact<\/h2>\n<p>[\/vc_column_text]<div class=\"wpb_contact_column wpb_content_element wpb_content_element--left\"><div class=\"wpb_wrapper\"><div class=\"contact_container\"><div class=\"contact row middle-xs\"><div class=\"contact__img col-sm-5 col-xs-12\"><img decoding=\"async\" src=\"\/wp-content\/themes\/SCHMUCKI_child\/img\/contact_placeholder.jpg\" alt=\"Jacques Wohlhauser\" \/><\/div><div class=\"contact__info col-sm-7 col-xs-12\"><p><b>Jacques Wohlhauser<\/b><br>Ing\u00e9nieur conseil<\/p><div class=\"phone has-link\"><a href=\"tel:+41792179606\">+41 79 217 96 06<\/a><\/div><div class=\"mail has-link\"><a href=\"mailto:jac&#113;&#117;&#101;&#115;&#x2e;&#x77;&#x6f;&#x68;&#x6c;&#x68;&#x61;use&#114;&#64;&#101;&#108;&#101;&#x63;&#x74;&#x72;&#x6f;&#x73;&#x75;isse&#46;&#99;&#104;\">jacques.wohlhauser@<br>electrosuisse.ch<\/a><\/div><\/div><\/div><\/div><\/div><\/div>[\/vc_column][\/vc_row]<\/p>\n<\/div>","protected":false},"excerpt":{"rendered":"<p>[vc_row][vc_column][vc_column_text el_class=&#8221;lead&#8221;]L\u2019\u00e9lectrothermographie est une m\u00e9thode de mesure et d\u2019analyse destin\u00e9e \u00e0 d\u00e9tecter pr\u00e9cocement les points faibles. Une telle d\u00e9tection permet de r\u00e9duire les risques d\u2019incendie et de panne dans les b\u00e2timents et les installations. Les mesures \u00e0 infrarouge visualisent les sources d\u2019erreur en cours d\u2019exploitation, autant que possible sous charge compl\u00e8te, car les temp\u00e9ratures sont [&hellip;]<\/p>\n","protected":false},"author":33,"featured_media":0,"parent":22115,"menu_order":189,"comment_status":"closed","ping_status":"closed","template":"","meta":{"_acf_changed":false,"footnotes":""},"class_list":["post-4124","page","type-page","status-publish","hentry"],"acf":[],"yoast_head":"<!-- This site is optimized with the Yoast SEO Premium plugin v25.1 (Yoast SEO v25.1) - https:\/\/yoast.com\/wordpress\/plugins\/seo\/ -->\n<title>Rien n\u2019\u00e9chappe \u00e0 une image thermique.<\/title>\n<meta name=\"description\" content=\"D\u00e9tecter les points faibles d\u2019un ensemble d\u2019appareillage \u00e0 l\u2019aide de la thermographie afin de pr\u00e9venir les dangers.\" \/>\n<meta name=\"robots\" content=\"noindex, follow, max-snippet:-1, max-image-preview:large, max-video-preview:-1\" \/>\n<meta property=\"og:locale\" content=\"fr_FR\" \/>\n<meta property=\"og:type\" content=\"article\" \/>\n<meta property=\"og:title\" content=\"Rien n\u2019\u00e9chappe \u00e0 une image thermique.\" \/>\n<meta property=\"og:description\" content=\"D\u00e9tecter les points faibles d\u2019un ensemble d\u2019appareillage \u00e0 l\u2019aide de la thermographie afin de pr\u00e9venir les dangers.\" \/>\n<meta property=\"og:url\" content=\"https:\/\/dev-web.electrosuisse.ch\/fr\/controles\/thermographie\/\" \/>\n<meta property=\"og:site_name\" content=\"Electrosuisse\" \/>\n<meta property=\"article:modified_time\" content=\"2023-04-13T09:01:38+00:00\" \/>\n<meta property=\"og:image\" content=\"https:\/\/dev-web.electrosuisse.ch\/wp-content\/uploads\/2019\/06\/Electrosuisse_Thermografie_Waermebild.jpg\" \/>\n\t<meta property=\"og:image:width\" content=\"1578\" \/>\n\t<meta property=\"og:image:height\" content=\"650\" \/>\n\t<meta property=\"og:image:type\" content=\"image\/jpeg\" \/>\n<script type=\"application\/ld+json\" class=\"yoast-schema-graph\">{\"@context\":\"https:\/\/schema.org\",\"@graph\":[{\"@type\":\"WebPage\",\"@id\":\"https:\/\/dev-web.electrosuisse.ch\/fr\/controles\/thermographie\/\",\"url\":\"https:\/\/dev-web.electrosuisse.ch\/fr\/controles\/thermographie\/\",\"name\":\"Rien n\u2019\u00e9chappe \u00e0 une image thermique.\",\"isPartOf\":{\"@id\":\"https:\/\/dev-web.electrosuisse.ch\/fr\/#website\"},\"datePublished\":\"2018-06-24T09:08:22+00:00\",\"dateModified\":\"2023-04-13T09:01:38+00:00\",\"description\":\"D\u00e9tecter les points faibles d\u2019un ensemble d\u2019appareillage \u00e0 l\u2019aide de la thermographie afin de pr\u00e9venir les dangers.\",\"breadcrumb\":{\"@id\":\"https:\/\/dev-web.electrosuisse.ch\/fr\/controles\/thermographie\/#breadcrumb\"},\"inLanguage\":\"fr-FR\",\"potentialAction\":[{\"@type\":\"ReadAction\",\"target\":[\"https:\/\/dev-web.electrosuisse.ch\/fr\/controles\/thermographie\/\"]}]},{\"@type\":\"BreadcrumbList\",\"@id\":\"https:\/\/dev-web.electrosuisse.ch\/fr\/controles\/thermographie\/#breadcrumb\",\"itemListElement\":[{\"@type\":\"ListItem\",\"position\":1,\"name\":\"Contr\u00f4les\",\"item\":\"https:\/\/dev-web.electrosuisse.ch\/fr\/controles\/\"},{\"@type\":\"ListItem\",\"position\":2,\"name\":\"Thermographie\"}]},{\"@type\":\"WebSite\",\"@id\":\"https:\/\/dev-web.electrosuisse.ch\/fr\/#website\",\"url\":\"https:\/\/dev-web.electrosuisse.ch\/fr\/\",\"name\":\"Electrosuisse\",\"description\":\"\",\"publisher\":{\"@id\":\"https:\/\/dev-web.electrosuisse.ch\/fr\/#organization\"},\"potentialAction\":[{\"@type\":\"SearchAction\",\"target\":{\"@type\":\"EntryPoint\",\"urlTemplate\":\"https:\/\/dev-web.electrosuisse.ch\/fr\/?s={search_term_string}\"},\"query-input\":{\"@type\":\"PropertyValueSpecification\",\"valueRequired\":true,\"valueName\":\"search_term_string\"}}],\"inLanguage\":\"fr-FR\"},{\"@type\":\"Organization\",\"@id\":\"https:\/\/dev-web.electrosuisse.ch\/fr\/#organization\",\"name\":\"Electrosuisse\",\"url\":\"https:\/\/dev-web.electrosuisse.ch\/fr\/\",\"logo\":{\"@type\":\"ImageObject\",\"inLanguage\":\"fr-FR\",\"@id\":\"https:\/\/dev-web.electrosuisse.ch\/fr\/#\/schema\/logo\/image\/\",\"url\":\"https:\/\/dev-web.electrosuisse.ch\/wp-content\/uploads\/2025\/04\/Electrosuisse_Logo_696x696.png\",\"contentUrl\":\"https:\/\/dev-web.electrosuisse.ch\/wp-content\/uploads\/2025\/04\/Electrosuisse_Logo_696x696.png\",\"width\":696,\"height\":696,\"caption\":\"Electrosuisse\"},\"image\":{\"@id\":\"https:\/\/dev-web.electrosuisse.ch\/fr\/#\/schema\/logo\/image\/\"},\"sameAs\":[\"https:\/\/www.linkedin.com\/company\/electrosuisse-ag\/posts\/?feedView=all\",\"https:\/\/www.instagram.com\/electrosuisse1889\/\",\"https:\/\/www.youtube.com\/channel\/UCoOxohMiVE0Gjcdis1L09zw\"],\"description\":\"Electrosuisse ist eine anerkannte und unabh\u00e4ngige Fachorganisation, die erstklassige Dienstleistungen und Produkte in den Bereichen Inspektion, Beratung, Pr\u00fcfung, Zertifizierung, Normung und Weiterbildung anbietet. Unsere Expertise umfasst Elektrotechnik, Elektromobilit\u00e4t, Energieberatung, Geb\u00e4udeautomation und Photovoltaik in der Schweiz. Durch die Veranstaltung etablierter Branchen-Events und Fachtagungen f\u00f6rdert Electrosuisse den Wissenstransfer und den fachlichen Austausch. Im Mittelpunkt unserer T\u00e4tigkeiten steht die F\u00f6rderung der sicheren, wirtschaftlichen und umweltgerechten Anwendung der Elektrotechnik.\"}]}<\/script>\n<!-- \/ Yoast SEO Premium plugin. -->","yoast_head_json":{"title":"Rien n\u2019\u00e9chappe \u00e0 une image thermique.","description":"D\u00e9tecter les points faibles d\u2019un ensemble d\u2019appareillage \u00e0 l\u2019aide de la thermographie afin de pr\u00e9venir les dangers.","robots":{"index":"noindex","follow":"follow","max-snippet":"max-snippet:-1","max-image-preview":"max-image-preview:large","max-video-preview":"max-video-preview:-1"},"og_locale":"fr_FR","og_type":"article","og_title":"Rien n\u2019\u00e9chappe \u00e0 une image thermique.","og_description":"D\u00e9tecter les points faibles d\u2019un ensemble d\u2019appareillage \u00e0 l\u2019aide de la thermographie afin de pr\u00e9venir les dangers.","og_url":"https:\/\/dev-web.electrosuisse.ch\/fr\/controles\/thermographie\/","og_site_name":"Electrosuisse","article_modified_time":"2023-04-13T09:01:38+00:00","og_image":[{"width":1578,"height":650,"url":"https:\/\/dev-web.electrosuisse.ch\/wp-content\/uploads\/2019\/06\/Electrosuisse_Thermografie_Waermebild.jpg","type":"image\/jpeg"}],"schema":{"@context":"https:\/\/schema.org","@graph":[{"@type":"WebPage","@id":"https:\/\/dev-web.electrosuisse.ch\/fr\/controles\/thermographie\/","url":"https:\/\/dev-web.electrosuisse.ch\/fr\/controles\/thermographie\/","name":"Rien n\u2019\u00e9chappe \u00e0 une image thermique.","isPartOf":{"@id":"https:\/\/dev-web.electrosuisse.ch\/fr\/#website"},"datePublished":"2018-06-24T09:08:22+00:00","dateModified":"2023-04-13T09:01:38+00:00","description":"D\u00e9tecter les points faibles d\u2019un ensemble d\u2019appareillage \u00e0 l\u2019aide de la thermographie afin de pr\u00e9venir les dangers.","breadcrumb":{"@id":"https:\/\/dev-web.electrosuisse.ch\/fr\/controles\/thermographie\/#breadcrumb"},"inLanguage":"fr-FR","potentialAction":[{"@type":"ReadAction","target":["https:\/\/dev-web.electrosuisse.ch\/fr\/controles\/thermographie\/"]}]},{"@type":"BreadcrumbList","@id":"https:\/\/dev-web.electrosuisse.ch\/fr\/controles\/thermographie\/#breadcrumb","itemListElement":[{"@type":"ListItem","position":1,"name":"Contr\u00f4les","item":"https:\/\/dev-web.electrosuisse.ch\/fr\/controles\/"},{"@type":"ListItem","position":2,"name":"Thermographie"}]},{"@type":"WebSite","@id":"https:\/\/dev-web.electrosuisse.ch\/fr\/#website","url":"https:\/\/dev-web.electrosuisse.ch\/fr\/","name":"Electrosuisse","description":"","publisher":{"@id":"https:\/\/dev-web.electrosuisse.ch\/fr\/#organization"},"potentialAction":[{"@type":"SearchAction","target":{"@type":"EntryPoint","urlTemplate":"https:\/\/dev-web.electrosuisse.ch\/fr\/?s={search_term_string}"},"query-input":{"@type":"PropertyValueSpecification","valueRequired":true,"valueName":"search_term_string"}}],"inLanguage":"fr-FR"},{"@type":"Organization","@id":"https:\/\/dev-web.electrosuisse.ch\/fr\/#organization","name":"Electrosuisse","url":"https:\/\/dev-web.electrosuisse.ch\/fr\/","logo":{"@type":"ImageObject","inLanguage":"fr-FR","@id":"https:\/\/dev-web.electrosuisse.ch\/fr\/#\/schema\/logo\/image\/","url":"https:\/\/dev-web.electrosuisse.ch\/wp-content\/uploads\/2025\/04\/Electrosuisse_Logo_696x696.png","contentUrl":"https:\/\/dev-web.electrosuisse.ch\/wp-content\/uploads\/2025\/04\/Electrosuisse_Logo_696x696.png","width":696,"height":696,"caption":"Electrosuisse"},"image":{"@id":"https:\/\/dev-web.electrosuisse.ch\/fr\/#\/schema\/logo\/image\/"},"sameAs":["https:\/\/www.linkedin.com\/company\/electrosuisse-ag\/posts\/?feedView=all","https:\/\/www.instagram.com\/electrosuisse1889\/","https:\/\/www.youtube.com\/channel\/UCoOxohMiVE0Gjcdis1L09zw"],"description":"Electrosuisse ist eine anerkannte und unabh\u00e4ngige Fachorganisation, die erstklassige Dienstleistungen und Produkte in den Bereichen Inspektion, Beratung, Pr\u00fcfung, Zertifizierung, Normung und Weiterbildung anbietet. Unsere Expertise umfasst Elektrotechnik, Elektromobilit\u00e4t, Energieberatung, Geb\u00e4udeautomation und Photovoltaik in der Schweiz. Durch die Veranstaltung etablierter Branchen-Events und Fachtagungen f\u00f6rdert Electrosuisse den Wissenstransfer und den fachlichen Austausch. Im Mittelpunkt unserer T\u00e4tigkeiten steht die F\u00f6rderung der sicheren, wirtschaftlichen und umweltgerechten Anwendung der Elektrotechnik."}]}},"_links":{"self":[{"href":"https:\/\/dev-web.electrosuisse.ch\/fr\/wp-json\/wp\/v2\/pages\/4124","targetHints":{"allow":["GET"]}}],"collection":[{"href":"https:\/\/dev-web.electrosuisse.ch\/fr\/wp-json\/wp\/v2\/pages"}],"about":[{"href":"https:\/\/dev-web.electrosuisse.ch\/fr\/wp-json\/wp\/v2\/types\/page"}],"author":[{"embeddable":true,"href":"https:\/\/dev-web.electrosuisse.ch\/fr\/wp-json\/wp\/v2\/users\/33"}],"replies":[{"embeddable":true,"href":"https:\/\/dev-web.electrosuisse.ch\/fr\/wp-json\/wp\/v2\/comments?post=4124"}],"version-history":[{"count":6,"href":"https:\/\/dev-web.electrosuisse.ch\/fr\/wp-json\/wp\/v2\/pages\/4124\/revisions"}],"predecessor-version":[{"id":30125,"href":"https:\/\/dev-web.electrosuisse.ch\/fr\/wp-json\/wp\/v2\/pages\/4124\/revisions\/30125"}],"up":[{"embeddable":true,"href":"https:\/\/dev-web.electrosuisse.ch\/fr\/wp-json\/wp\/v2\/pages\/22115"}],"wp:attachment":[{"href":"https:\/\/dev-web.electrosuisse.ch\/fr\/wp-json\/wp\/v2\/media?parent=4124"}],"curies":[{"name":"wp","href":"https:\/\/api.w.org\/{rel}","templated":true}]}}