{"id":4116,"date":"2018-06-24T11:07:30","date_gmt":"2018-06-24T09:07:30","guid":{"rendered":"https:\/\/dev-web.electrosuisse.ch\/inspektion-engineering\/wer-wir-sind\/"},"modified":"2024-08-22T13:51:06","modified_gmt":"2024-08-22T11:51:06","slug":"engineering","status":"publish","type":"page","link":"https:\/\/dev-web.electrosuisse.ch\/fr\/engineering\/","title":{"rendered":"Engineering"},"content":{"rendered":"<div class=\"wpb-content-wrapper\"><p>[vc_row][vc_column][vc_column_text el_class=&#8221;lead&#8221;]Notre \u00e9quipe d&#8217;Engineering regroupe le savoir-faire de diff\u00e9rents domaines sp\u00e9cialis\u00e9s afin de mettre en \u0153uvre avec succ\u00e8s des projets d&#8217;ing\u00e9nierie dans le secteur de l&#8217;\u00e9nergie et de l&#8217;\u00e9lectrotechnique en Suisse. Nos ing\u00e9nieurs travaillent de mani\u00e8re interdisciplinaire et cibl\u00e9e pour trouver des solutions \u00e0 vos d\u00e9fis.<\/p>\n<p>Nos services associent tous les aspects du syst\u00e8me \u00e9nerg\u00e9tique. Pour r\u00e9pondre \u00e0 vos besoins, nous combinons, varions et \u00e9largissons volontiers notre offre de mani\u00e8re individuelle sur la base de nos prestations existantes:<\/p>\n<ul>\n<li><a href=\"https:\/\/dev-web.electrosuisse.ch\/fr\/engineering\/analyse-du-reseau-electrique\/\" target=\"_blank\" rel=\"noopener\"><u>Analyse de r\u00e9seau \u00e9lectrique<\/u><\/a><\/li>\n<li><a href=\"https:\/\/dev-web.electrosuisse.ch\/fr\/engineering\/analyse-des-processus-et-de-la-consommation\/\" target=\"_blank\" rel=\"noopener\"><u>Analyse des Processus et de la Consommation<\/u><\/a><\/li>\n<li><a href=\"https:\/\/dev-web.electrosuisse.ch\/fr\/engineering\/audit-energetique\/\" target=\"_blank\" rel=\"noopener\"><u>Audit \u00e9nerg\u00e9tique<\/u><\/a><\/li>\n<li><a href=\"https:\/\/dev-web.electrosuisse.ch\/fr\/engineering\/convention-dobjectifs\/\" target=\"_blank\" rel=\"noopener\"><u>Convention d&#8217;objectifs<\/u><\/a><\/li>\n<li><a href=\"https:\/\/dev-web.electrosuisse.ch\/fr\/engineering\/decarbonation\/\" target=\"_blank\" rel=\"noopener\"><u>D\u00e9carbonation<\/u><\/a><\/li>\n<li><a href=\"https:\/\/dev-web.electrosuisse.ch\/fr\/engineering\/efficacite-electrique-et-energetique\/\" target=\"_blank\" rel=\"noopener\"><u>Efficacit\u00e9 \u00e9lectrique et \u00e9nerg\u00e9tique<\/u><\/a><\/li>\n<li><a href=\"https:\/\/dev-web.electrosuisse.ch\/fr\/engineering\/optimisation-energetique\/\" target=\"_blank\" rel=\"noopener\"><u>Optimisation \u00e9nerg\u00e9tique<\/u><\/a><\/li>\n<li><a href=\"https:\/\/dev-web.electrosuisse.ch\/fr\/engineering\/qualite-energie\/\" target=\"_blank\" rel=\"noopener\"><u>Qualit\u00e9 de l&#8217;\u00e9nergie<\/u><\/a><\/li>\n<li><a href=\"https:\/\/dev-web.electrosuisse.ch\/fr\/engineering\/rayonnement-non-ionisant\/\" target=\"_blank\" rel=\"noopener\"><u>Rayonnement non lonisant<\/u><\/a><\/li>\n<li><a href=\"https:\/\/dev-web.electrosuisse.ch\/fr\/engineering\/securite-de-lapprovisionnement-energetique\/\" target=\"_blank\" rel=\"noopener\"><u>S\u00e9curit\u00e9 de l&#8217;approvisionnement \u00e9nerg\u00e9tique<\/u><\/a><\/li>\n<li><a href=\"https:\/\/dev-web.electrosuisse.ch\/fr\/engineering\/stockage-energie\/\" target=\"_blank\" rel=\"noopener\"><u>Stockage d&#8217;\u00e9nergie<\/u><\/a><\/li>\n<\/ul>\n<p>[\/vc_column_text][\/vc_column][\/vc_row][vc_row el_id=&#8221;Kontakt&#8221;][vc_column][vc_column_text]N&#8217;h\u00e9sitez pas \u00e0 nous contacter pour de plus amples informations![\/vc_column_text][vc_column_text]<\/p>\n<h2>Contact<\/h2>\n<p>[\/vc_column_text]<div class=\"wpb_contact_column wpb_content_element wpb_contact_column--container\"><div class=\"wpb_wrapper\"><div class=\"contact_container_outer\"><div class=\"contact_container\"><div class=\"contact row middle-xs\"><div class=\"contact__img col-sm-5 col-xs-12\"><img decoding=\"async\" src=\"https:\/\/dev-web.electrosuisse.ch\/wp-content\/uploads\/2023\/06\/Alain-Schwab_300x300.jpg\" alt=\"Alain Schwab - Responsable de l\u2019ing\u00e9nierie\" \/><\/div><div class=\"contact__info col-sm-7 col-xs-12\"><p><b>Alain Schwab<\/b><br>Responsable de l\u2019ing\u00e9nierie<\/p><div class=\"phone has-link\"><a href=\"tel:+41585951560\">+41 58 595 15 60<\/a><\/div><div class=\"mail has-link\"><a href=\"mailto:alai&#110;&#46;&#115;&#99;&#104;&#119;&#97;&#x62;&#x40;&#x65;&#x6c;&#x65;&#x63;&#x74;&#x72;&#x6f;suis&#115;&#101;&#46;&#99;&#104;\">&#97;&#x6c;&#x61;&#105;&#x6e;&#x2e;s&#x63;&#x68;w&#97;&#x62;&#64;&#101;&#x6c;e&#99;&#x74;r&#111;&#x73;u&#105;&#x73;&#x73;&#101;&#x2e;&#x63;&#104;<\/a><\/div><\/div><\/div><\/div><\/div><div class=\"contact_container_outer\"><div class=\"contact_container\"><div class=\"contact row middle-xs\"><div class=\"contact__img col-sm-5 col-xs-12\"><img decoding=\"async\" src=\"https:\/\/dev-web.electrosuisse.ch\/wp-content\/uploads\/2024\/08\/StefanBaer_302x302.png\" alt=\"Stefan B\u00e4r - Conseil et engineering\" \/><\/div><div class=\"contact__info col-sm-7 col-xs-12\"><p><b>Stefan B\u00e4r<\/b><br>Conseil et engineering<\/p><div class=\"phone has-link\"><a href=\"tel:+41585951571\">+41 58 595 15 71<\/a><\/div><div class=\"mail has-link\"><a href=\"mailto:&#115;&#x74;e&#102;&#x61;n&#46;&#x62;a&#101;&#x72;&#64;&#101;&#x6c;e&#99;&#x74;r&#111;&#x73;u&#105;&#x73;s&#101;&#x2e;c&#104;\">s&#116;&#x65;&#x66;&#x61;n&#46;&#98;&#x61;&#x65;r&#64;&#101;&#x6c;&#x65;ct&#114;&#x6f;&#x73;&#x75;i&#115;&#x73;&#x65;&#x2e;c&#104;<\/a><\/div><\/div><\/div><\/div><\/div><div class=\"contact_container_outer\"><div class=\"contact_container\"><div class=\"contact row middle-xs\"><div class=\"contact__img col-sm-5 col-xs-12\"><img decoding=\"async\" src=\"\/wp-content\/themes\/SCHMUCKI_child\/img\/contact_placeholder.jpg\" alt=\"Conseil, Contr\u00f4les et Ing\u00e9nierie\" \/><\/div><div class=\"contact__info col-sm-7 col-xs-12\"><p><b>Conseil, Contr\u00f4les et Ing\u00e9nierie<\/b><br>Service de Bureau<\/p><div class=\"phone has-link\"><a href=\"tel:+41585951199\">+41 58 595 11 99<\/a><\/div><div class=\"mail has-link\"><a href=\"mailto:&#x62;&#x65;&#x72;&#x61;&#x74;&#x75;&#x6e;&#x67;&#x40;&#x65;&#x6c;&#x65;&#x63;&#x74;&#x72;&#x6f;&#x73;&#x75;&#x69;&#x73;&#x73;&#x65;&#46;&#99;&#104;\">ber&#97;&#116;&#117;&#x6e;&#x67;&#x40;&#x65;&#x6c;&#x65;ctr&#111;&#115;&#117;&#105;&#x73;&#x73;&#x65;&#x2e;&#x63;&#x68;<\/a><\/div><\/div><\/div><\/div><\/div><\/div><\/div>[\/vc_column][\/vc_row][vc_row disable_element=&#8221;yes&#8221;][vc_column][vc_column_text]<\/p>\n<h4>Expertises neutres et significatives<\/h4>\n<p>Les multiples exp\u00e9riences de nos inspecteurs et ing\u00e9nieurs-conseils nous permettent d\u2019\u00e9tablir des expertises, des rapports ou des prises de position neutres sur la s\u00e9curit\u00e9 \u00e9lectrique et des th\u00e8mes de technique \u00e9nerg\u00e9tique tels que l\u2019\u00e9lectricit\u00e9, l\u2019\u00e9nergie de processus, la chaleur et le froid.[\/vc_column_text][vc_column_text]Nous \u00e9tablissons des expertises, rapports ou prises de position sp\u00e9cifiques:<\/p>\n<ul>\n<li>selon vos besoins et vos probl\u00e9matiques,<\/li>\n<li>en fonction de la conformit\u00e9 aux normes,<\/li>\n<li>pour maximiser la s\u00e9curit\u00e9 et la fiabilit\u00e9 des installations,<\/li>\n<li>lors d\u2019essais et de r\u00e9ceptions de travaux,<\/li>\n<li>lors de r\u00e9ceptions envers les tiers.<\/li>\n<\/ul>\n<p>D\u00e9sirez-vous un entretien professionnel ?[\/vc_column_text]<div class=\"wpb_button_column wpb_content_element wpb_content_element--left\"><div class=\"wpb_wrapper\"><div class=\"button button--ghost\"><a href=\"&#x6d;&#97;i&#x6c;&#116;&#111;&#x3a;&#x62;&#101;r&#x61;&#116;u&#x6e;&#x67;&#64;e&#x6c;&#101;c&#x74;&#x72;&#111;s&#x75;&#105;s&#x73;&#x65;&#46;c&#x68;\">Contact<\/a><\/div><\/div><\/div>[\/vc_column][\/vc_row][vc_row disable_element=&#8221;yes&#8221;][vc_column][vc_column_text]<\/p>\n<h2>Avec nous, vous faites le choix de la s\u00e9curit\u00e9\u00a0!<\/h2>\n<p>[\/vc_column_text]<div class=\"wpb_text_image_column wpb_content_element \"><div class=\"wpb_wrapper\"><div class=\"row reverse middle-lg\"><div class=\"col-sm-6 col-xs-12\"><div class=\"picture_container\"><picture><source srcset=\"https:\/\/dev-web.electrosuisse.ch\/wp-content\/uploads\/2018\/12\/inspektorenfinder_electrosuisse-585x500.jpg\"><img decoding=\"async\" src=\"https:\/\/dev-web.electrosuisse.ch\/wp-content\/uploads\/2018\/12\/inspektorenfinder_electrosuisse-585x500.jpg\" alt=\"Le bon contact personnel dans votre r\u00e9gion.\" \/><\/picture><\/div><\/div><div class=\"col-sm-6 col-xs-12\"><h3>Le bon contact personnel dans votre r\u00e9gion.<\/h3><p>Nous souhaitons vous offrir le meilleur soutien, quel que soit l&#8217;endroit o\u00f9 vous vous trouvez ou o\u00f9 vous avez besoin de nos services.<\/p>\n<div class=\"button button--normal\"><a href=\"https:\/\/dev-web.electrosuisse.ch\/fr\/controles-ingenierie\/recherche-des-specialistes\/\" target=\"_blank\" rel=\"noopener\">Choisissez votre contact personnel<\/a><\/div><\/div><\/div><\/div><\/div>[\/vc_column][\/vc_row]<\/p>\n<\/div>","protected":false},"excerpt":{"rendered":"<p>[vc_row][vc_column][vc_column_text el_class=&#8221;lead&#8221;]Notre \u00e9quipe d&#8217;Engineering regroupe le savoir-faire de diff\u00e9rents domaines sp\u00e9cialis\u00e9s afin de mettre en \u0153uvre avec succ\u00e8s des projets d&#8217;ing\u00e9nierie dans le secteur de l&#8217;\u00e9nergie et de l&#8217;\u00e9lectrotechnique en Suisse. Nos ing\u00e9nieurs travaillent de mani\u00e8re interdisciplinaire et cibl\u00e9e pour trouver des solutions \u00e0 vos d\u00e9fis. Nos services associent tous les aspects du syst\u00e8me \u00e9nerg\u00e9tique. [&hellip;]<\/p>\n","protected":false},"author":33,"featured_media":0,"parent":0,"menu_order":200,"comment_status":"closed","ping_status":"closed","template":"","meta":{"_acf_changed":false,"footnotes":""},"class_list":["post-4116","page","type-page","status-publish","hentry"],"acf":[],"yoast_head":"<!-- This site is optimized with the Yoast SEO Premium plugin v25.1 (Yoast SEO v25.1) - https:\/\/yoast.com\/wordpress\/plugins\/seo\/ -->\n<title>Conseil, Contr\u00f4les et Ing\u00e9nierie - Electrosuisse<\/title>\n<meta name=\"description\" content=\"Depuis plus de 125 ans, nous nous engageons pour une gestion s\u00fbre, fiable et \u00e9nerg\u00e9tiquement efficace de l\u2019\u00e9nergie \u00e9lectrique.\" \/>\n<meta name=\"robots\" content=\"noindex, follow, max-snippet:-1, max-image-preview:large, max-video-preview:-1\" \/>\n<meta property=\"og:locale\" content=\"fr_FR\" \/>\n<meta property=\"og:type\" content=\"article\" \/>\n<meta property=\"og:title\" content=\"Conseil, Contr\u00f4les et Ing\u00e9nierie - Electrosuisse\" \/>\n<meta property=\"og:description\" content=\"Depuis plus de 125 ans, nous nous engageons pour une gestion s\u00fbre, fiable et \u00e9nerg\u00e9tiquement efficace de l\u2019\u00e9nergie \u00e9lectrique.\" \/>\n<meta property=\"og:url\" content=\"https:\/\/dev-web.electrosuisse.ch\/fr\/engineering\/\" \/>\n<meta property=\"og:site_name\" content=\"Electrosuisse\" \/>\n<meta property=\"article:modified_time\" content=\"2024-08-22T11:51:06+00:00\" \/>\n<meta property=\"og:image\" content=\"https:\/\/dev-web.electrosuisse.ch\/wp-content\/uploads\/2018\/12\/bie_electrosuisse.jpg\" \/>\n\t<meta property=\"og:image:width\" content=\"1578\" \/>\n\t<meta property=\"og:image:height\" content=\"650\" \/>\n\t<meta property=\"og:image:type\" content=\"image\/jpeg\" \/>\n<script type=\"application\/ld+json\" class=\"yoast-schema-graph\">{\"@context\":\"https:\/\/schema.org\",\"@graph\":[{\"@type\":\"WebPage\",\"@id\":\"https:\/\/dev-web.electrosuisse.ch\/fr\/engineering\/\",\"url\":\"https:\/\/dev-web.electrosuisse.ch\/fr\/engineering\/\",\"name\":\"Conseil, Contr\u00f4les et Ing\u00e9nierie - Electrosuisse\",\"isPartOf\":{\"@id\":\"https:\/\/dev-web.electrosuisse.ch\/fr\/#website\"},\"datePublished\":\"2018-06-24T09:07:30+00:00\",\"dateModified\":\"2024-08-22T11:51:06+00:00\",\"description\":\"Depuis plus de 125 ans, nous nous engageons pour une gestion s\u00fbre, fiable et \u00e9nerg\u00e9tiquement efficace de l\u2019\u00e9nergie \u00e9lectrique.\",\"inLanguage\":\"fr-FR\",\"potentialAction\":[{\"@type\":\"ReadAction\",\"target\":[\"https:\/\/dev-web.electrosuisse.ch\/fr\/engineering\/\"]}]},{\"@type\":\"WebSite\",\"@id\":\"https:\/\/dev-web.electrosuisse.ch\/fr\/#website\",\"url\":\"https:\/\/dev-web.electrosuisse.ch\/fr\/\",\"name\":\"Electrosuisse\",\"description\":\"\",\"publisher\":{\"@id\":\"https:\/\/dev-web.electrosuisse.ch\/fr\/#organization\"},\"potentialAction\":[{\"@type\":\"SearchAction\",\"target\":{\"@type\":\"EntryPoint\",\"urlTemplate\":\"https:\/\/dev-web.electrosuisse.ch\/fr\/?s={search_term_string}\"},\"query-input\":{\"@type\":\"PropertyValueSpecification\",\"valueRequired\":true,\"valueName\":\"search_term_string\"}}],\"inLanguage\":\"fr-FR\"},{\"@type\":\"Organization\",\"@id\":\"https:\/\/dev-web.electrosuisse.ch\/fr\/#organization\",\"name\":\"Electrosuisse\",\"url\":\"https:\/\/dev-web.electrosuisse.ch\/fr\/\",\"logo\":{\"@type\":\"ImageObject\",\"inLanguage\":\"fr-FR\",\"@id\":\"https:\/\/dev-web.electrosuisse.ch\/fr\/#\/schema\/logo\/image\/\",\"url\":\"https:\/\/dev-web.electrosuisse.ch\/wp-content\/uploads\/2025\/04\/Electrosuisse_Logo_696x696.png\",\"contentUrl\":\"https:\/\/dev-web.electrosuisse.ch\/wp-content\/uploads\/2025\/04\/Electrosuisse_Logo_696x696.png\",\"width\":696,\"height\":696,\"caption\":\"Electrosuisse\"},\"image\":{\"@id\":\"https:\/\/dev-web.electrosuisse.ch\/fr\/#\/schema\/logo\/image\/\"},\"sameAs\":[\"https:\/\/www.linkedin.com\/company\/electrosuisse-ag\/posts\/?feedView=all\",\"https:\/\/www.instagram.com\/electrosuisse1889\/\",\"https:\/\/www.youtube.com\/channel\/UCoOxohMiVE0Gjcdis1L09zw\"],\"description\":\"Electrosuisse ist eine anerkannte und unabh\u00e4ngige Fachorganisation, die erstklassige Dienstleistungen und Produkte in den Bereichen Inspektion, Beratung, Pr\u00fcfung, Zertifizierung, Normung und Weiterbildung anbietet. Unsere Expertise umfasst Elektrotechnik, Elektromobilit\u00e4t, Energieberatung, Geb\u00e4udeautomation und Photovoltaik in der Schweiz. Durch die Veranstaltung etablierter Branchen-Events und Fachtagungen f\u00f6rdert Electrosuisse den Wissenstransfer und den fachlichen Austausch. Im Mittelpunkt unserer T\u00e4tigkeiten steht die F\u00f6rderung der sicheren, wirtschaftlichen und umweltgerechten Anwendung der Elektrotechnik.\"}]}<\/script>\n<!-- \/ Yoast SEO Premium plugin. -->","yoast_head_json":{"title":"Conseil, Contr\u00f4les et Ing\u00e9nierie - Electrosuisse","description":"Depuis plus de 125 ans, nous nous engageons pour une gestion s\u00fbre, fiable et \u00e9nerg\u00e9tiquement efficace de l\u2019\u00e9nergie \u00e9lectrique.","robots":{"index":"noindex","follow":"follow","max-snippet":"max-snippet:-1","max-image-preview":"max-image-preview:large","max-video-preview":"max-video-preview:-1"},"og_locale":"fr_FR","og_type":"article","og_title":"Conseil, Contr\u00f4les et Ing\u00e9nierie - Electrosuisse","og_description":"Depuis plus de 125 ans, nous nous engageons pour une gestion s\u00fbre, fiable et \u00e9nerg\u00e9tiquement efficace de l\u2019\u00e9nergie \u00e9lectrique.","og_url":"https:\/\/dev-web.electrosuisse.ch\/fr\/engineering\/","og_site_name":"Electrosuisse","article_modified_time":"2024-08-22T11:51:06+00:00","og_image":[{"width":1578,"height":650,"url":"https:\/\/dev-web.electrosuisse.ch\/wp-content\/uploads\/2018\/12\/bie_electrosuisse.jpg","type":"image\/jpeg"}],"schema":{"@context":"https:\/\/schema.org","@graph":[{"@type":"WebPage","@id":"https:\/\/dev-web.electrosuisse.ch\/fr\/engineering\/","url":"https:\/\/dev-web.electrosuisse.ch\/fr\/engineering\/","name":"Conseil, Contr\u00f4les et Ing\u00e9nierie - Electrosuisse","isPartOf":{"@id":"https:\/\/dev-web.electrosuisse.ch\/fr\/#website"},"datePublished":"2018-06-24T09:07:30+00:00","dateModified":"2024-08-22T11:51:06+00:00","description":"Depuis plus de 125 ans, nous nous engageons pour une gestion s\u00fbre, fiable et \u00e9nerg\u00e9tiquement efficace de l\u2019\u00e9nergie \u00e9lectrique.","inLanguage":"fr-FR","potentialAction":[{"@type":"ReadAction","target":["https:\/\/dev-web.electrosuisse.ch\/fr\/engineering\/"]}]},{"@type":"WebSite","@id":"https:\/\/dev-web.electrosuisse.ch\/fr\/#website","url":"https:\/\/dev-web.electrosuisse.ch\/fr\/","name":"Electrosuisse","description":"","publisher":{"@id":"https:\/\/dev-web.electrosuisse.ch\/fr\/#organization"},"potentialAction":[{"@type":"SearchAction","target":{"@type":"EntryPoint","urlTemplate":"https:\/\/dev-web.electrosuisse.ch\/fr\/?s={search_term_string}"},"query-input":{"@type":"PropertyValueSpecification","valueRequired":true,"valueName":"search_term_string"}}],"inLanguage":"fr-FR"},{"@type":"Organization","@id":"https:\/\/dev-web.electrosuisse.ch\/fr\/#organization","name":"Electrosuisse","url":"https:\/\/dev-web.electrosuisse.ch\/fr\/","logo":{"@type":"ImageObject","inLanguage":"fr-FR","@id":"https:\/\/dev-web.electrosuisse.ch\/fr\/#\/schema\/logo\/image\/","url":"https:\/\/dev-web.electrosuisse.ch\/wp-content\/uploads\/2025\/04\/Electrosuisse_Logo_696x696.png","contentUrl":"https:\/\/dev-web.electrosuisse.ch\/wp-content\/uploads\/2025\/04\/Electrosuisse_Logo_696x696.png","width":696,"height":696,"caption":"Electrosuisse"},"image":{"@id":"https:\/\/dev-web.electrosuisse.ch\/fr\/#\/schema\/logo\/image\/"},"sameAs":["https:\/\/www.linkedin.com\/company\/electrosuisse-ag\/posts\/?feedView=all","https:\/\/www.instagram.com\/electrosuisse1889\/","https:\/\/www.youtube.com\/channel\/UCoOxohMiVE0Gjcdis1L09zw"],"description":"Electrosuisse ist eine anerkannte und unabh\u00e4ngige Fachorganisation, die erstklassige Dienstleistungen und Produkte in den Bereichen Inspektion, Beratung, Pr\u00fcfung, Zertifizierung, Normung und Weiterbildung anbietet. Unsere Expertise umfasst Elektrotechnik, Elektromobilit\u00e4t, Energieberatung, Geb\u00e4udeautomation und Photovoltaik in der Schweiz. Durch die Veranstaltung etablierter Branchen-Events und Fachtagungen f\u00f6rdert Electrosuisse den Wissenstransfer und den fachlichen Austausch. Im Mittelpunkt unserer T\u00e4tigkeiten steht die F\u00f6rderung der sicheren, wirtschaftlichen und umweltgerechten Anwendung der Elektrotechnik."}]}},"_links":{"self":[{"href":"https:\/\/dev-web.electrosuisse.ch\/fr\/wp-json\/wp\/v2\/pages\/4116","targetHints":{"allow":["GET"]}}],"collection":[{"href":"https:\/\/dev-web.electrosuisse.ch\/fr\/wp-json\/wp\/v2\/pages"}],"about":[{"href":"https:\/\/dev-web.electrosuisse.ch\/fr\/wp-json\/wp\/v2\/types\/page"}],"author":[{"embeddable":true,"href":"https:\/\/dev-web.electrosuisse.ch\/fr\/wp-json\/wp\/v2\/users\/33"}],"replies":[{"embeddable":true,"href":"https:\/\/dev-web.electrosuisse.ch\/fr\/wp-json\/wp\/v2\/comments?post=4116"}],"version-history":[{"count":9,"href":"https:\/\/dev-web.electrosuisse.ch\/fr\/wp-json\/wp\/v2\/pages\/4116\/revisions"}],"predecessor-version":[{"id":36451,"href":"https:\/\/dev-web.electrosuisse.ch\/fr\/wp-json\/wp\/v2\/pages\/4116\/revisions\/36451"}],"wp:attachment":[{"href":"https:\/\/dev-web.electrosuisse.ch\/fr\/wp-json\/wp\/v2\/media?parent=4116"}],"curies":[{"name":"wp","href":"https:\/\/api.w.org\/{rel}","templated":true}]}}