{"id":39522,"date":"2025-07-15T15:38:10","date_gmt":"2025-07-15T13:38:10","guid":{"rendered":"https:\/\/dev-web.electrosuisse.ch\/?page_id=39522"},"modified":"2025-07-15T16:07:26","modified_gmt":"2025-07-15T14:07:26","slug":"39522-2","status":"publish","type":"page","link":"https:\/\/dev-web.electrosuisse.ch\/fr\/medias\/39522-2\/","title":{"rendered":""},"content":{"rendered":"<div class=\"wpb-content-wrapper\"><p>[vc_row][vc_column width=&#8221;1\/3&#8243;]<div class=\"wpb_pricetable_column wpb_content_element\"><div class=\"wpb_wrapper\"><div class=\"pricetable button_animation\"><a href=\"https:\/\/dev-web.electrosuisse.ch\/de\/gin\/\" class=\"full\">test<\/a><div class=\"pricetable__header pricetable__header--bestseller\"><div class=\"pricetable__title\">Light<\/div><div class=\"pricetable__price\"><span>CHF<\/span>120<\/div><div class=\"pricetable__info\"><p>Mitglieder-Preis: 99.00<br \/>\n(inkl. MwSt.\/Jahr)<\/p>\n<\/div><\/div><div class=\"pricetable__content\"><div class=\"pricetable__service\"><p>NIN Online NIBT<\/p>\n<\/div><div class=\"pricetable__service pricetable__service--disable\"><p>ESTI Weisungen<\/p>\n<\/div><div class=\"pricetable__service\"><p>SNR 461439<\/p>\n<\/div><\/div><div class=\"button button--normal\"><div>test<\/div><\/div><\/div><\/div><\/div>[\/vc_column][vc_column width=&#8221;1\/3&#8243;]<div class=\"wpb_pricetable_column wpb_content_element\"><div class=\"wpb_wrapper\"><div class=\"pricetable button_animation\"><a href=\"https:\/\/dev-web.electrosuisse.ch\/de\/gin\/\" class=\"full\">test<\/a><div class=\"pricetable__header pricetable__header--bestseller\"><div class=\"pricetable__title\">Light<\/div><div class=\"pricetable__price\"><span>CHF<\/span>140.00<\/div><div class=\"pricetable__info\"><p>Mitglieder-Preis: 119.00<br \/>\n(inkl. MwSt.\/Jahr)<\/p>\n<\/div><\/div><div class=\"button button--normal\"><div>test<\/div><\/div><\/div><\/div><\/div>[\/vc_column][vc_column width=&#8221;1\/3&#8243;]<div class=\"wpb_pricetable_column wpb_content_element\"><div class=\"wpb_wrapper\"><div class=\"pricetable button_animation\"><a href=\"https:\/\/dev-web.electrosuisse.ch\/de\/gin\/\" class=\"full\">test<\/a><div class=\"pricetable__header pricetable__header--bestseller\"><div class=\"pricetable__title\">Light<\/div><div class=\"pricetable__price\"><span>CHF<\/span>140.00<\/div><div class=\"pricetable__info\"><p>Mitglieder-Preis: 119.00<br \/>\n(inkl. MwSt.\/Jahr)<\/p>\n<\/div><\/div><div class=\"button button--normal\"><div>test<\/div><\/div><\/div><\/div><\/div>[\/vc_column][\/vc_row]<\/p>\n<\/div>","protected":false},"excerpt":{"rendered":"<p>[vc_row][vc_column width=&#8221;1\/3&#8243;][\/vc_column][vc_column width=&#8221;1\/3&#8243;][\/vc_column][vc_column width=&#8221;1\/3&#8243;][\/vc_column][\/vc_row]<\/p>\n","protected":false},"author":26,"featured_media":0,"parent":3807,"menu_order":42,"comment_status":"closed","ping_status":"closed","template":"","meta":{"_acf_changed":false,"footnotes":""},"class_list":["post-39522","page","type-page","status-publish","hentry"],"acf":[],"yoast_head":"<!-- This site is optimized with the Yoast SEO Premium plugin v25.1 (Yoast SEO v25.1) - https:\/\/yoast.com\/wordpress\/plugins\/seo\/ -->\n<title>- Electrosuisse<\/title>\n<meta name=\"robots\" content=\"noindex, follow, max-snippet:-1, max-image-preview:large, max-video-preview:-1\" \/>\n<meta property=\"og:locale\" content=\"fr_FR\" \/>\n<meta property=\"og:type\" content=\"article\" \/>\n<meta property=\"og:title\" content=\"- Electrosuisse\" \/>\n<meta property=\"og:description\" content=\"[vc_row][vc_column width=&#8221;1\/3&#8243;][\/vc_column][vc_column width=&#8221;1\/3&#8243;][\/vc_column][vc_column width=&#8221;1\/3&#8243;][\/vc_column][\/vc_row]\" \/>\n<meta property=\"og:url\" content=\"https:\/\/dev-web.electrosuisse.ch\/fr\/medias\/39522-2\/\" \/>\n<meta property=\"og:site_name\" content=\"Electrosuisse\" \/>\n<meta property=\"article:modified_time\" content=\"2025-07-15T14:07:26+00:00\" \/>\n<meta property=\"og:image\" content=\"https:\/\/dev-web.electrosuisse.ch\/wp-content\/uploads\/2022\/12\/Electrosuisse_Ueber_uns_1578x650.jpg\" \/>\n\t<meta property=\"og:image:width\" content=\"1578\" \/>\n\t<meta property=\"og:image:height\" content=\"650\" \/>\n\t<meta property=\"og:image:type\" content=\"image\/jpeg\" \/>\n<script type=\"application\/ld+json\" class=\"yoast-schema-graph\">{\"@context\":\"https:\/\/schema.org\",\"@graph\":[{\"@type\":\"WebPage\",\"@id\":\"https:\/\/dev-web.electrosuisse.ch\/fr\/medias\/39522-2\/\",\"url\":\"https:\/\/dev-web.electrosuisse.ch\/fr\/medias\/39522-2\/\",\"name\":\"- Electrosuisse\",\"isPartOf\":{\"@id\":\"https:\/\/dev-web.electrosuisse.ch\/fr\/#website\"},\"datePublished\":\"2025-07-15T13:38:10+00:00\",\"dateModified\":\"2025-07-15T14:07:26+00:00\",\"inLanguage\":\"fr-FR\",\"potentialAction\":[{\"@type\":\"ReadAction\",\"target\":[\"https:\/\/dev-web.electrosuisse.ch\/fr\/medias\/39522-2\/\"]}]},{\"@type\":\"WebSite\",\"@id\":\"https:\/\/dev-web.electrosuisse.ch\/fr\/#website\",\"url\":\"https:\/\/dev-web.electrosuisse.ch\/fr\/\",\"name\":\"Electrosuisse\",\"description\":\"\",\"publisher\":{\"@id\":\"https:\/\/dev-web.electrosuisse.ch\/fr\/#organization\"},\"potentialAction\":[{\"@type\":\"SearchAction\",\"target\":{\"@type\":\"EntryPoint\",\"urlTemplate\":\"https:\/\/dev-web.electrosuisse.ch\/fr\/?s={search_term_string}\"},\"query-input\":{\"@type\":\"PropertyValueSpecification\",\"valueRequired\":true,\"valueName\":\"search_term_string\"}}],\"inLanguage\":\"fr-FR\"},{\"@type\":\"Organization\",\"@id\":\"https:\/\/dev-web.electrosuisse.ch\/fr\/#organization\",\"name\":\"Electrosuisse\",\"url\":\"https:\/\/dev-web.electrosuisse.ch\/fr\/\",\"logo\":{\"@type\":\"ImageObject\",\"inLanguage\":\"fr-FR\",\"@id\":\"https:\/\/dev-web.electrosuisse.ch\/fr\/#\/schema\/logo\/image\/\",\"url\":\"https:\/\/dev-web.electrosuisse.ch\/wp-content\/uploads\/2025\/04\/Electrosuisse_Logo_696x696.png\",\"contentUrl\":\"https:\/\/dev-web.electrosuisse.ch\/wp-content\/uploads\/2025\/04\/Electrosuisse_Logo_696x696.png\",\"width\":696,\"height\":696,\"caption\":\"Electrosuisse\"},\"image\":{\"@id\":\"https:\/\/dev-web.electrosuisse.ch\/fr\/#\/schema\/logo\/image\/\"},\"sameAs\":[\"https:\/\/www.linkedin.com\/company\/electrosuisse-ag\/posts\/?feedView=all\",\"https:\/\/www.instagram.com\/electrosuisse1889\/\",\"https:\/\/www.youtube.com\/channel\/UCoOxohMiVE0Gjcdis1L09zw\"],\"description\":\"Electrosuisse ist eine anerkannte und unabh\u00e4ngige Fachorganisation, die erstklassige Dienstleistungen und Produkte in den Bereichen Inspektion, Beratung, Pr\u00fcfung, Zertifizierung, Normung und Weiterbildung anbietet. Unsere Expertise umfasst Elektrotechnik, Elektromobilit\u00e4t, Energieberatung, Geb\u00e4udeautomation und Photovoltaik in der Schweiz. Durch die Veranstaltung etablierter Branchen-Events und Fachtagungen f\u00f6rdert Electrosuisse den Wissenstransfer und den fachlichen Austausch. Im Mittelpunkt unserer T\u00e4tigkeiten steht die F\u00f6rderung der sicheren, wirtschaftlichen und umweltgerechten Anwendung der Elektrotechnik.\"}]}<\/script>\n<!-- \/ Yoast SEO Premium plugin. -->","yoast_head_json":{"title":"- Electrosuisse","robots":{"index":"noindex","follow":"follow","max-snippet":"max-snippet:-1","max-image-preview":"max-image-preview:large","max-video-preview":"max-video-preview:-1"},"og_locale":"fr_FR","og_type":"article","og_title":"- Electrosuisse","og_description":"[vc_row][vc_column width=&#8221;1\/3&#8243;][\/vc_column][vc_column width=&#8221;1\/3&#8243;][\/vc_column][vc_column width=&#8221;1\/3&#8243;][\/vc_column][\/vc_row]","og_url":"https:\/\/dev-web.electrosuisse.ch\/fr\/medias\/39522-2\/","og_site_name":"Electrosuisse","article_modified_time":"2025-07-15T14:07:26+00:00","og_image":[{"width":1578,"height":650,"url":"https:\/\/dev-web.electrosuisse.ch\/wp-content\/uploads\/2022\/12\/Electrosuisse_Ueber_uns_1578x650.jpg","type":"image\/jpeg"}],"schema":{"@context":"https:\/\/schema.org","@graph":[{"@type":"WebPage","@id":"https:\/\/dev-web.electrosuisse.ch\/fr\/medias\/39522-2\/","url":"https:\/\/dev-web.electrosuisse.ch\/fr\/medias\/39522-2\/","name":"- Electrosuisse","isPartOf":{"@id":"https:\/\/dev-web.electrosuisse.ch\/fr\/#website"},"datePublished":"2025-07-15T13:38:10+00:00","dateModified":"2025-07-15T14:07:26+00:00","inLanguage":"fr-FR","potentialAction":[{"@type":"ReadAction","target":["https:\/\/dev-web.electrosuisse.ch\/fr\/medias\/39522-2\/"]}]},{"@type":"WebSite","@id":"https:\/\/dev-web.electrosuisse.ch\/fr\/#website","url":"https:\/\/dev-web.electrosuisse.ch\/fr\/","name":"Electrosuisse","description":"","publisher":{"@id":"https:\/\/dev-web.electrosuisse.ch\/fr\/#organization"},"potentialAction":[{"@type":"SearchAction","target":{"@type":"EntryPoint","urlTemplate":"https:\/\/dev-web.electrosuisse.ch\/fr\/?s={search_term_string}"},"query-input":{"@type":"PropertyValueSpecification","valueRequired":true,"valueName":"search_term_string"}}],"inLanguage":"fr-FR"},{"@type":"Organization","@id":"https:\/\/dev-web.electrosuisse.ch\/fr\/#organization","name":"Electrosuisse","url":"https:\/\/dev-web.electrosuisse.ch\/fr\/","logo":{"@type":"ImageObject","inLanguage":"fr-FR","@id":"https:\/\/dev-web.electrosuisse.ch\/fr\/#\/schema\/logo\/image\/","url":"https:\/\/dev-web.electrosuisse.ch\/wp-content\/uploads\/2025\/04\/Electrosuisse_Logo_696x696.png","contentUrl":"https:\/\/dev-web.electrosuisse.ch\/wp-content\/uploads\/2025\/04\/Electrosuisse_Logo_696x696.png","width":696,"height":696,"caption":"Electrosuisse"},"image":{"@id":"https:\/\/dev-web.electrosuisse.ch\/fr\/#\/schema\/logo\/image\/"},"sameAs":["https:\/\/www.linkedin.com\/company\/electrosuisse-ag\/posts\/?feedView=all","https:\/\/www.instagram.com\/electrosuisse1889\/","https:\/\/www.youtube.com\/channel\/UCoOxohMiVE0Gjcdis1L09zw"],"description":"Electrosuisse ist eine anerkannte und unabh\u00e4ngige Fachorganisation, die erstklassige Dienstleistungen und Produkte in den Bereichen Inspektion, Beratung, Pr\u00fcfung, Zertifizierung, Normung und Weiterbildung anbietet. Unsere Expertise umfasst Elektrotechnik, Elektromobilit\u00e4t, Energieberatung, Geb\u00e4udeautomation und Photovoltaik in der Schweiz. Durch die Veranstaltung etablierter Branchen-Events und Fachtagungen f\u00f6rdert Electrosuisse den Wissenstransfer und den fachlichen Austausch. Im Mittelpunkt unserer T\u00e4tigkeiten steht die F\u00f6rderung der sicheren, wirtschaftlichen und umweltgerechten Anwendung der Elektrotechnik."}]}},"_links":{"self":[{"href":"https:\/\/dev-web.electrosuisse.ch\/fr\/wp-json\/wp\/v2\/pages\/39522","targetHints":{"allow":["GET"]}}],"collection":[{"href":"https:\/\/dev-web.electrosuisse.ch\/fr\/wp-json\/wp\/v2\/pages"}],"about":[{"href":"https:\/\/dev-web.electrosuisse.ch\/fr\/wp-json\/wp\/v2\/types\/page"}],"author":[{"embeddable":true,"href":"https:\/\/dev-web.electrosuisse.ch\/fr\/wp-json\/wp\/v2\/users\/26"}],"replies":[{"embeddable":true,"href":"https:\/\/dev-web.electrosuisse.ch\/fr\/wp-json\/wp\/v2\/comments?post=39522"}],"version-history":[{"count":7,"href":"https:\/\/dev-web.electrosuisse.ch\/fr\/wp-json\/wp\/v2\/pages\/39522\/revisions"}],"predecessor-version":[{"id":39532,"href":"https:\/\/dev-web.electrosuisse.ch\/fr\/wp-json\/wp\/v2\/pages\/39522\/revisions\/39532"}],"up":[{"embeddable":true,"href":"https:\/\/dev-web.electrosuisse.ch\/fr\/wp-json\/wp\/v2\/pages\/3807"}],"wp:attachment":[{"href":"https:\/\/dev-web.electrosuisse.ch\/fr\/wp-json\/wp\/v2\/media?parent=39522"}],"curies":[{"name":"wp","href":"https:\/\/api.w.org\/{rel}","templated":true}]}}