{"id":3827,"date":"2019-02-26T08:58:26","date_gmt":"2019-02-26T07:58:26","guid":{"rendered":"https:\/\/dev-web.electrosuisse.ch\/shop\/"},"modified":"2022-02-22T13:05:24","modified_gmt":"2022-02-22T12:05:24","slug":"shop","status":"publish","type":"page","link":"https:\/\/dev-web.electrosuisse.ch\/fr\/shop\/","title":{"rendered":"Shop"},"content":{"rendered":"<div class=\"wpb-content-wrapper\"><p>[vc_row][vc_column]<div class=\"tiles_container tiles_container--top\"><div class=\"tiles row\"><div class=\"tile tile--normal tile--one_third col-xs-12\"><div class=\"tile__inside\"><div class=\"tile__media\"><picture><source srcset=\"https:\/\/dev-web.electrosuisse.ch\/wp-content\/uploads\/2019\/03\/Kurs-Mai-2012-24-32-585x500.jpg\"><img decoding=\"async\" src=\"https:\/\/dev-web.electrosuisse.ch\/wp-content\/uploads\/2019\/03\/Kurs-Mai-2012-24-32-585x500.jpg\" alt=\"Cours\" \/><\/picture><\/div><div class=\"tile__caption\"><h3>Cours<\/h3><p>Nous transmettons des connaissances \u00e0 l\u2019apprenti comme \u00e0 l\u2019expert dans le cadre de cours ax\u00e9s sur la pratique. <\/p><div class=\"button button--arrow\"><div><div class=\"arrow\">Plus<\/div><\/div><\/div><\/div><a href=\"https:\/\/fo-electrosuisse-eshop-test.opacc.net\/fr\/weiterbildung\/kurse\/\" class=\"full\">En savoir plus sur Cours<\/a><\/div><\/div><div class=\"tile tile--normal tile--one_third col-xs-12\"><div class=\"tile__inside\"><div class=\"tile__media\"><picture><source srcset=\"https:\/\/dev-web.electrosuisse.ch\/wp-content\/uploads\/2019\/03\/Electrosuisse_Tagung.jpg\"><img decoding=\"async\" src=\"https:\/\/dev-web.electrosuisse.ch\/wp-content\/uploads\/2019\/03\/Electrosuisse_Tagung.jpg\" alt=\"Conf\u00e9rences\" \/><\/picture><\/div><div class=\"tile__caption\"><h3>Conf\u00e9rences<\/h3><p>Des th\u00e8mes actuels et le niveau \u00e9lev\u00e9 des intervenants favorisent les \u00e9changes de connaissances entre experts. <br \/>\r\n<\/p><div class=\"button button--arrow\"><div><div class=\"arrow\">Plus<\/div><\/div><\/div><\/div><a href=\"https:\/\/fo-electrosuisse-eshop-test.opacc.net\/fr\/formation-continue\/-evenements-et-salons\/\" class=\"full\">En savoir plus sur Conf\u00e9rences<\/a><\/div><\/div><div class=\"tile tile--normal tile--one_third col-xs-12\"><div class=\"tile__inside\"><div class=\"tile__media\"><picture><source srcset=\"https:\/\/dev-web.electrosuisse.ch\/wp-content\/uploads\/2019\/06\/Electrosuisse_FAQ_close-up-221164_mobile-585x400.jpg\"><img decoding=\"async\" src=\"https:\/\/dev-web.electrosuisse.ch\/wp-content\/uploads\/2019\/06\/Electrosuisse_FAQ_close-up-221164_mobile-585x400.jpg\" alt=\"FAQ\" \/><\/picture><\/div><div class=\"tile__caption\"><h3>FAQ<\/h3><p>Vous trouverez ici les r\u00e9ponses aux questions les plus fr\u00e9quemment pos\u00e9es.<\/p><div class=\"button button--arrow\"><div><div class=\"arrow\">Plus<\/div><\/div><\/div><\/div><a href=\"https:\/\/dev-web.electrosuisse.ch\/fr\/faq\/\" class=\"full\">En savoir plus sur FAQ<\/a><\/div><\/div><div class=\"tile tile--normal tile--one_third col-xs-12\"><div class=\"tile__inside\"><div class=\"tile__media\"><picture><source srcset=\"https:\/\/dev-web.electrosuisse.ch\/wp-content\/uploads\/2019\/03\/Electrosuisse_Normen.jpg\"><img decoding=\"async\" src=\"https:\/\/dev-web.electrosuisse.ch\/wp-content\/uploads\/2019\/03\/Electrosuisse_Normen.jpg\" alt=\"Normes\" \/><\/picture><\/div><div class=\"tile__caption\"><h3>Normes<\/h3><p>Plateforme visant \u00e0 garantir les int\u00e9r\u00eats de la Suisse au sein des organismes de normalisation sur les plans national, europ\u00e9en et international.<\/p><div class=\"button button--arrow\"><div><div class=\"arrow\">Plus<\/div><\/div><\/div><\/div><a href=\"https:\/\/fo-electrosuisse-eshop-test.opacc.net\/fr\/normes-et-produits\/normes\/\" class=\"full\">En savoir plus sur Normes<\/a><\/div><\/div><div class=\"tile tile--normal tile--one_third col-xs-12\"><div class=\"tile__inside\"><div class=\"tile__media\"><picture><source srcset=\"https:\/\/dev-web.electrosuisse.ch\/wp-content\/uploads\/2019\/03\/Electrosuisse_Produkte.jpg\"><img decoding=\"async\" src=\"https:\/\/dev-web.electrosuisse.ch\/wp-content\/uploads\/2019\/03\/Electrosuisse_Produkte.jpg\" alt=\"Produits\" \/><\/picture><\/div><div class=\"tile__caption\"><h3>Produits<\/h3><p>Nos livres, brochures pratiques et autres guides utiles vous soutiennent au quotidien.<\/p><div class=\"button button--arrow\"><div><div class=\"arrow\">Plus<\/div><\/div><\/div><\/div><a href=\"https:\/\/fo-electrosuisse-eshop-test.opacc.net\/fr\/normes-et-produits\/produits\/\" class=\"full\">En savoir plus sur Produits<\/a><\/div><\/div><div class=\"tile tile--normal tile--one_third col-xs-12\"><div class=\"tile__inside\"><div class=\"tile__media\"><picture><source srcset=\"https:\/\/dev-web.electrosuisse.ch\/wp-content\/uploads\/2021\/06\/Toolbox-Header-News-585x500-1.jpg\"><img decoding=\"async\" src=\"https:\/\/dev-web.electrosuisse.ch\/wp-content\/uploads\/2021\/06\/Toolbox-Header-News-585x500-1.jpg\" alt=\"Toolbox\" \/><\/picture><\/div><div class=\"tile__caption\"><h3>Toolbox<\/h3><p>Diff\u00e9rents abonnements pour diff\u00e9rentes applications.<\/p><div class=\"button button--normal\"><div>en savoir plus<\/div><\/div><\/div><a href=\"https:\/\/dev-web.electrosuisse.ch\/fr\/toolbox-informations\/\" class=\"full\">en savoir plus<\/a><\/div><\/div><\/div><\/div>[\/vc_column][\/vc_row]<\/p>\n<\/div>","protected":false},"excerpt":{"rendered":"<p>[vc_row][vc_column][\/vc_column][\/vc_row]<\/p>\n","protected":false},"author":33,"featured_media":0,"parent":0,"menu_order":328,"comment_status":"closed","ping_status":"closed","template":"page-shop.php","meta":{"_acf_changed":false,"footnotes":""},"class_list":["post-3827","page","type-page","status-publish","hentry"],"acf":[],"yoast_head":"<!-- This site is optimized with the Yoast SEO Premium plugin v25.1 (Yoast SEO v25.1) - https:\/\/yoast.com\/wordpress\/plugins\/seo\/ -->\n<title>Electrosuisse Shop - Preisvorteil f\u00fcr Mitglieder<\/title>\n<meta name=\"description\" content=\"Unser Shop bietet ein umfangreiches und aktuelles Sortiment an Publikationen, Normen, Kursen, Events, Tools und mehr. Jetzt st\u00f6bern und einkaufen!\" \/>\n<meta name=\"robots\" content=\"noindex, nofollow\" \/>\n<meta property=\"og:locale\" content=\"fr_FR\" \/>\n<meta property=\"og:type\" content=\"article\" \/>\n<meta property=\"og:title\" content=\"Electrosuisse Shop - Preisvorteil f\u00fcr Mitglieder\" \/>\n<meta property=\"og:description\" content=\"Unser Shop bietet ein umfangreiches und aktuelles Sortiment an Publikationen, Normen, Kursen, Events, Tools und mehr. Jetzt st\u00f6bern und einkaufen!\" \/>\n<meta property=\"og:url\" content=\"https:\/\/dev-web.electrosuisse.ch\/fr\/shop\/\" \/>\n<meta property=\"og:site_name\" content=\"Electrosuisse\" \/>\n<meta property=\"article:modified_time\" content=\"2022-02-22T12:05:24+00:00\" \/>\n<meta property=\"og:image\" content=\"https:\/\/dev-web.electrosuisse.ch\/wp-content\/uploads\/2022\/12\/Electrosuisse_Ueber_uns_1578x650.jpg\" \/>\n\t<meta property=\"og:image:width\" content=\"1578\" \/>\n\t<meta property=\"og:image:height\" content=\"650\" \/>\n\t<meta property=\"og:image:type\" content=\"image\/jpeg\" \/>\n<script type=\"application\/ld+json\" class=\"yoast-schema-graph\">{\"@context\":\"https:\/\/schema.org\",\"@graph\":[{\"@type\":\"WebPage\",\"@id\":\"https:\/\/dev-web.electrosuisse.ch\/fr\/shop\/\",\"url\":\"https:\/\/dev-web.electrosuisse.ch\/fr\/shop\/\",\"name\":\"Electrosuisse Shop - Preisvorteil f\u00fcr Mitglieder\",\"isPartOf\":{\"@id\":\"https:\/\/dev-web.electrosuisse.ch\/fr\/#website\"},\"datePublished\":\"2019-02-26T07:58:26+00:00\",\"dateModified\":\"2022-02-22T12:05:24+00:00\",\"description\":\"Unser Shop bietet ein umfangreiches und aktuelles Sortiment an Publikationen, Normen, Kursen, Events, Tools und mehr. Jetzt st\u00f6bern und einkaufen!\",\"inLanguage\":\"fr-FR\",\"potentialAction\":[{\"@type\":\"ReadAction\",\"target\":[\"https:\/\/dev-web.electrosuisse.ch\/fr\/shop\/\"]}]},{\"@type\":\"WebSite\",\"@id\":\"https:\/\/dev-web.electrosuisse.ch\/fr\/#website\",\"url\":\"https:\/\/dev-web.electrosuisse.ch\/fr\/\",\"name\":\"Electrosuisse\",\"description\":\"\",\"publisher\":{\"@id\":\"https:\/\/dev-web.electrosuisse.ch\/fr\/#organization\"},\"potentialAction\":[{\"@type\":\"SearchAction\",\"target\":{\"@type\":\"EntryPoint\",\"urlTemplate\":\"https:\/\/dev-web.electrosuisse.ch\/fr\/?s={search_term_string}\"},\"query-input\":{\"@type\":\"PropertyValueSpecification\",\"valueRequired\":true,\"valueName\":\"search_term_string\"}}],\"inLanguage\":\"fr-FR\"},{\"@type\":\"Organization\",\"@id\":\"https:\/\/dev-web.electrosuisse.ch\/fr\/#organization\",\"name\":\"Electrosuisse\",\"url\":\"https:\/\/dev-web.electrosuisse.ch\/fr\/\",\"logo\":{\"@type\":\"ImageObject\",\"inLanguage\":\"fr-FR\",\"@id\":\"https:\/\/dev-web.electrosuisse.ch\/fr\/#\/schema\/logo\/image\/\",\"url\":\"https:\/\/dev-web.electrosuisse.ch\/wp-content\/uploads\/2025\/04\/Electrosuisse_Logo_696x696.png\",\"contentUrl\":\"https:\/\/dev-web.electrosuisse.ch\/wp-content\/uploads\/2025\/04\/Electrosuisse_Logo_696x696.png\",\"width\":696,\"height\":696,\"caption\":\"Electrosuisse\"},\"image\":{\"@id\":\"https:\/\/dev-web.electrosuisse.ch\/fr\/#\/schema\/logo\/image\/\"},\"sameAs\":[\"https:\/\/www.linkedin.com\/company\/electrosuisse-ag\/posts\/?feedView=all\",\"https:\/\/www.instagram.com\/electrosuisse1889\/\",\"https:\/\/www.youtube.com\/channel\/UCoOxohMiVE0Gjcdis1L09zw\"],\"description\":\"Electrosuisse ist eine anerkannte und unabh\u00e4ngige Fachorganisation, die erstklassige Dienstleistungen und Produkte in den Bereichen Inspektion, Beratung, Pr\u00fcfung, Zertifizierung, Normung und Weiterbildung anbietet. Unsere Expertise umfasst Elektrotechnik, Elektromobilit\u00e4t, Energieberatung, Geb\u00e4udeautomation und Photovoltaik in der Schweiz. Durch die Veranstaltung etablierter Branchen-Events und Fachtagungen f\u00f6rdert Electrosuisse den Wissenstransfer und den fachlichen Austausch. Im Mittelpunkt unserer T\u00e4tigkeiten steht die F\u00f6rderung der sicheren, wirtschaftlichen und umweltgerechten Anwendung der Elektrotechnik.\"}]}<\/script>\n<!-- \/ Yoast SEO Premium plugin. -->","yoast_head_json":{"title":"Electrosuisse Shop - Preisvorteil f\u00fcr Mitglieder","description":"Unser Shop bietet ein umfangreiches und aktuelles Sortiment an Publikationen, Normen, Kursen, Events, Tools und mehr. Jetzt st\u00f6bern und einkaufen!","robots":{"index":"noindex","follow":"nofollow"},"og_locale":"fr_FR","og_type":"article","og_title":"Electrosuisse Shop - Preisvorteil f\u00fcr Mitglieder","og_description":"Unser Shop bietet ein umfangreiches und aktuelles Sortiment an Publikationen, Normen, Kursen, Events, Tools und mehr. Jetzt st\u00f6bern und einkaufen!","og_url":"https:\/\/dev-web.electrosuisse.ch\/fr\/shop\/","og_site_name":"Electrosuisse","article_modified_time":"2022-02-22T12:05:24+00:00","og_image":[{"width":1578,"height":650,"url":"https:\/\/dev-web.electrosuisse.ch\/wp-content\/uploads\/2022\/12\/Electrosuisse_Ueber_uns_1578x650.jpg","type":"image\/jpeg"}],"schema":{"@context":"https:\/\/schema.org","@graph":[{"@type":"WebPage","@id":"https:\/\/dev-web.electrosuisse.ch\/fr\/shop\/","url":"https:\/\/dev-web.electrosuisse.ch\/fr\/shop\/","name":"Electrosuisse Shop - Preisvorteil f\u00fcr Mitglieder","isPartOf":{"@id":"https:\/\/dev-web.electrosuisse.ch\/fr\/#website"},"datePublished":"2019-02-26T07:58:26+00:00","dateModified":"2022-02-22T12:05:24+00:00","description":"Unser Shop bietet ein umfangreiches und aktuelles Sortiment an Publikationen, Normen, Kursen, Events, Tools und mehr. Jetzt st\u00f6bern und einkaufen!","inLanguage":"fr-FR","potentialAction":[{"@type":"ReadAction","target":["https:\/\/dev-web.electrosuisse.ch\/fr\/shop\/"]}]},{"@type":"WebSite","@id":"https:\/\/dev-web.electrosuisse.ch\/fr\/#website","url":"https:\/\/dev-web.electrosuisse.ch\/fr\/","name":"Electrosuisse","description":"","publisher":{"@id":"https:\/\/dev-web.electrosuisse.ch\/fr\/#organization"},"potentialAction":[{"@type":"SearchAction","target":{"@type":"EntryPoint","urlTemplate":"https:\/\/dev-web.electrosuisse.ch\/fr\/?s={search_term_string}"},"query-input":{"@type":"PropertyValueSpecification","valueRequired":true,"valueName":"search_term_string"}}],"inLanguage":"fr-FR"},{"@type":"Organization","@id":"https:\/\/dev-web.electrosuisse.ch\/fr\/#organization","name":"Electrosuisse","url":"https:\/\/dev-web.electrosuisse.ch\/fr\/","logo":{"@type":"ImageObject","inLanguage":"fr-FR","@id":"https:\/\/dev-web.electrosuisse.ch\/fr\/#\/schema\/logo\/image\/","url":"https:\/\/dev-web.electrosuisse.ch\/wp-content\/uploads\/2025\/04\/Electrosuisse_Logo_696x696.png","contentUrl":"https:\/\/dev-web.electrosuisse.ch\/wp-content\/uploads\/2025\/04\/Electrosuisse_Logo_696x696.png","width":696,"height":696,"caption":"Electrosuisse"},"image":{"@id":"https:\/\/dev-web.electrosuisse.ch\/fr\/#\/schema\/logo\/image\/"},"sameAs":["https:\/\/www.linkedin.com\/company\/electrosuisse-ag\/posts\/?feedView=all","https:\/\/www.instagram.com\/electrosuisse1889\/","https:\/\/www.youtube.com\/channel\/UCoOxohMiVE0Gjcdis1L09zw"],"description":"Electrosuisse ist eine anerkannte und unabh\u00e4ngige Fachorganisation, die erstklassige Dienstleistungen und Produkte in den Bereichen Inspektion, Beratung, Pr\u00fcfung, Zertifizierung, Normung und Weiterbildung anbietet. Unsere Expertise umfasst Elektrotechnik, Elektromobilit\u00e4t, Energieberatung, Geb\u00e4udeautomation und Photovoltaik in der Schweiz. Durch die Veranstaltung etablierter Branchen-Events und Fachtagungen f\u00f6rdert Electrosuisse den Wissenstransfer und den fachlichen Austausch. Im Mittelpunkt unserer T\u00e4tigkeiten steht die F\u00f6rderung der sicheren, wirtschaftlichen und umweltgerechten Anwendung der Elektrotechnik."}]}},"_links":{"self":[{"href":"https:\/\/dev-web.electrosuisse.ch\/fr\/wp-json\/wp\/v2\/pages\/3827","targetHints":{"allow":["GET"]}}],"collection":[{"href":"https:\/\/dev-web.electrosuisse.ch\/fr\/wp-json\/wp\/v2\/pages"}],"about":[{"href":"https:\/\/dev-web.electrosuisse.ch\/fr\/wp-json\/wp\/v2\/types\/page"}],"author":[{"embeddable":true,"href":"https:\/\/dev-web.electrosuisse.ch\/fr\/wp-json\/wp\/v2\/users\/33"}],"replies":[{"embeddable":true,"href":"https:\/\/dev-web.electrosuisse.ch\/fr\/wp-json\/wp\/v2\/comments?post=3827"}],"version-history":[{"count":0,"href":"https:\/\/dev-web.electrosuisse.ch\/fr\/wp-json\/wp\/v2\/pages\/3827\/revisions"}],"wp:attachment":[{"href":"https:\/\/dev-web.electrosuisse.ch\/fr\/wp-json\/wp\/v2\/media?parent=3827"}],"curies":[{"name":"wp","href":"https:\/\/api.w.org\/{rel}","templated":true}]}}