{"id":31269,"date":"2023-05-24T08:51:16","date_gmt":"2023-05-24T06:51:16","guid":{"rendered":"https:\/\/dev-web.electrosuisse.ch\/engineering\/netzberechnung\/"},"modified":"2024-08-22T14:02:21","modified_gmt":"2024-08-22T12:02:21","slug":"analyse-du-reseau-electrique","status":"publish","type":"page","link":"https:\/\/dev-web.electrosuisse.ch\/fr\/engineering\/analyse-du-reseau-electrique\/","title":{"rendered":"Analyse du r\u00e9seau \u00e9lectrique"},"content":{"rendered":"<div class=\"wpb-content-wrapper\"><p>[vc_row][vc_column][vc_column_text el_class=&#8221;teaser&#8221;]Les d\u00e9veloppements actuels dans le domaine de l&#8217;approvisionnement en \u00e9nergie et les nouvelles possibilit\u00e9s d&#8217;utilisation de l\u2019\u00e9lectricit\u00e9 placent le r\u00e9seau \u00e9lectrique devant de grands d\u00e9fis.[\/vc_column_text][vc_column_text]Les entreprises d&#8217;approvisionnement en \u00e9nergie, les entreprises industrielles ou les gros consommateurs disposant de leur propre r\u00e9seau de faible envergure sont confront\u00e9s \u00e0 la difficult\u00e9 d&#8217;int\u00e9grer de nouveaux composants dans le syst\u00e8me \u00e9nerg\u00e9tique, d&#8217;\u00e9viter les goulets d&#8217;\u00e9tranglement dans le r\u00e9seau et de garantir en permanence une bonne qualit\u00e9 du r\u00e9seau. De plus, il existe des exigences techniques en mati\u00e8re de s\u00e9curit\u00e9 qui doivent \u00eatre respect\u00e9es lors de l&#8217;exploitation de r\u00e9seaux \u00e9lectriques. Gr\u00e2ce \u00e0 la simulation num\u00e9rique du r\u00e9seau (digital twin ou jumeau num\u00e9rique), il est possible de r\u00e9pondre de mani\u00e8re cibl\u00e9e \u00e0 ces d\u00e9fis et de d\u00e9tecter les goulots d&#8217;\u00e9tranglement \u00e0 temps. Cette m\u00e9thode permet \u00e9galement de garantir la s\u00e9curit\u00e9 de l&#8217;approvisionnement ainsi que de d\u00e9finir la strat\u00e9gie \u00e0 suivre pour le d\u00e9veloppement du r\u00e9seau \u00e0 l\u2019avenir.[\/vc_column_text][\/vc_column][\/vc_row][vc_row el_id=&#8221;angebot&#8221;][vc_column][vc_column_text]<\/p>\n<h3>Notre offre<\/h3>\n<p>[\/vc_column_text][vc_column_text]Electrosuisse effectue une analyse globale du r\u00e9seau \u00e9lectrique \u00e0 l&#8217;aide d&#8217;un mod\u00e8le statique (NEPLAN). Il est d\u00e8s lors possible de calculer et d&#8217;analyser les flux de charge, les puissances de court-circuit, les courbes de tension, la s\u00e9lectivit\u00e9 des organes de protection ainsi que l&#8217;\u00e9nergie des arcs \u00e9lectriques. Les flux de charge et les goulots d&#8217;\u00e9tranglement du r\u00e9seau sont visualis\u00e9s aussi bien en fonctionnement normal que dans des sc\u00e9narios d&#8217;incident. L&#8217;\u00e9valuation et l&#8217;examen des extensions de r\u00e9seau ainsi que des demandes de raccordement pour les installations photovolta\u00efques, les pompes \u00e0 chaleur et les stations de recharge s&#8217;effectuent sur la base de la mod\u00e9lisation du r\u00e9seau. Un concept de s\u00e9curit\u00e9 permet de compl\u00e9ter l&#8217;analyse du r\u00e9seau \u00e9lectrique et de garantir la poursuite de l&#8217;exploitation du r\u00e9seau de faible envergure ou du r\u00e9seau de distribution.<\/p>\n<p>Pour le d\u00e9veloppement ult\u00e9rieur du r\u00e9seau, l&#8217;\u00e9tape suivante consiste \u00e0 \u00e9laborer un mod\u00e8le dynamique du r\u00e9seau \u00e9lectrique, le digital twin. L&#8217;int\u00e9gration de donn\u00e9es en temps r\u00e9el permet de simuler d&#8217;\u00e9ventuels incidents dans l&#8217;\u00e9tat d&#8217;exploitation actuel. Des analyses de diff\u00e9rents sc\u00e9narios peuvent \u00eatre utilis\u00e9es pour le d\u00e9veloppement ult\u00e9rieur du r\u00e9seau. L&#8217;utilisation de nouvelles technologies ainsi que l&#8217;\u00e9valuation des cons\u00e9quences \u00e9conomiques, techniques et op\u00e9rationnelles sont int\u00e9gr\u00e9es dans le d\u00e9veloppement strat\u00e9gique \u00e0 long terme de votre syst\u00e8me \u00e9nerg\u00e9tique.[\/vc_column_text][\/vc_column][\/vc_row][vc_row el_id=&#8221;kontakt&#8221;][vc_column][vc_column_text]<\/p>\n<h2>Contact<\/h2>\n<p>[\/vc_column_text]<div class=\"wpb_contact_column wpb_content_element wpb_contact_column--container\"><div class=\"wpb_wrapper\"><div class=\"contact_container_outer\"><div class=\"contact_container\"><div class=\"contact row middle-xs\"><div class=\"contact__img col-sm-5 col-xs-12\"><img decoding=\"async\" src=\"https:\/\/dev-web.electrosuisse.ch\/wp-content\/uploads\/2023\/06\/Alain-Schwab_300x300.jpg\" alt=\"Alain Schwab - Responsable de l\u2019ing\u00e9nierie\" \/><\/div><div class=\"contact__info col-sm-7 col-xs-12\"><p><b>Alain Schwab<\/b><br>Responsable de l\u2019ing\u00e9nierie<\/p><div class=\"phone has-link\"><a href=\"tel:+41585951560\">+41 58 595 15 60<\/a><\/div><div class=\"mail has-link\"><a href=\"mailto:al&#97;&#105;&#110;&#x2e;&#x73;&#x63;&#x68;&#x77;ab&#64;&#101;&#108;&#x65;&#x63;&#x74;&#x72;&#x6f;su&#105;&#115;&#115;&#x65;&#x2e;&#x63;&#x68;\">&#97;&#x6c;a&#x69;&#x6e;&#46;&#x73;c&#104;&#x77;&#97;&#x62;&#64;&#101;&#x6c;e&#x63;t&#114;&#x6f;s&#x75;&#x69;&#115;&#x73;e&#46;&#x63;&#104;<\/a><\/div><\/div><\/div><\/div><\/div><div class=\"contact_container_outer\"><div class=\"contact_container\"><div class=\"contact row middle-xs\"><div class=\"contact__img col-sm-5 col-xs-12\"><img decoding=\"async\" src=\"https:\/\/dev-web.electrosuisse.ch\/wp-content\/uploads\/2024\/07\/Hans-Matzner-2.jpg\" alt=\"Hans Matzner - Conseil et engineering\" \/><\/div><div class=\"contact__info col-sm-7 col-xs-12\"><p><b>Hans Matzner<\/b><br>Conseil et engineering<\/p><div class=\"phone has-link\"><a href=\"tel:+41585951563\">+41 58 595 15 63<\/a><\/div><div class=\"mail has-link\"><a href=\"mailto:&#104;&#97;&#x6e;s&#46;&#x6d;&#x61;t&#122;&#x6e;&#x65;r&#64;&#x65;l&#101;&#x63;&#x74;r&#111;&#x73;&#x75;i&#115;&#x73;e&#46;&#x63;&#x68;\">&#104;&#x61;&#110;&#x73;&#46;&#109;&#x61;&#116;&#x7a;n&#x65;r&#64;&#x65;&#108;&#x65;c&#x74;&#x72;&#111;&#x73;u&#x69;s&#115;&#x65;&#46;&#x63;h<\/a><\/div><\/div><\/div><\/div><\/div><div class=\"contact_container_outer\"><div class=\"contact_container\"><div class=\"contact row middle-xs\"><div class=\"contact__img col-sm-5 col-xs-12\"><img decoding=\"async\" src=\"\/wp-content\/themes\/SCHMUCKI_child\/img\/contact_placeholder.jpg\" alt=\"Conseil, Contr\u00f4les et Ing\u00e9nierie\" \/><\/div><div class=\"contact__info col-sm-7 col-xs-12\"><p><b>Conseil, Contr\u00f4les et Ing\u00e9nierie<\/b><br>Service de Bureau<\/p><div class=\"phone has-link\"><a href=\"tel:+41585951199\">+41 58 595 11 99<\/a><\/div><div class=\"mail has-link\"><a href=\"mailto:&#98;&#x65;&#114;&#x61;&#116;&#x75;&#110;&#x67;&#64;&#x65;&#108;&#x65;&#99;&#x74;&#114;&#x6f;&#115;&#x75;&#105;&#x73;&#115;&#x65;&#46;&#x63;&#104;\">&#x62;&#101;&#114;a&#x74;&#x75;&#110;g&#x40;&#x65;&#108;e&#x63;&#x74;&#114;o&#x73;&#x75;&#105;s&#x73;&#x65;&#46;c&#x68;<\/a><\/div><\/div><\/div><\/div><\/div><\/div><\/div>[\/vc_column][\/vc_row]<\/p>\n<\/div>","protected":false},"excerpt":{"rendered":"<p>[vc_row][vc_column][vc_column_text el_class=&#8221;teaser&#8221;]Les d\u00e9veloppements actuels dans le domaine de l&#8217;approvisionnement en \u00e9nergie et les nouvelles possibilit\u00e9s d&#8217;utilisation de l\u2019\u00e9lectricit\u00e9 placent le r\u00e9seau \u00e9lectrique devant de grands d\u00e9fis.[\/vc_column_text][vc_column_text]Les entreprises d&#8217;approvisionnement en \u00e9nergie, les entreprises industrielles ou les gros consommateurs disposant de leur propre r\u00e9seau de faible envergure sont confront\u00e9s \u00e0 la difficult\u00e9 d&#8217;int\u00e9grer de nouveaux composants dans [&hellip;]<\/p>\n","protected":false},"author":6,"featured_media":0,"parent":4116,"menu_order":219,"comment_status":"closed","ping_status":"closed","template":"","meta":{"_acf_changed":false,"footnotes":""},"class_list":["post-31269","page","type-page","status-publish","hentry"],"acf":[],"yoast_head":"<!-- This site is optimized with the Yoast SEO Premium plugin v25.1 (Yoast SEO v25.1) - https:\/\/yoast.com\/wordpress\/plugins\/seo\/ -->\n<title>Netzberechnung<\/title>\n<meta name=\"description\" content=\"Netzberechnung durch Electrosuisse f\u00fcr eine kontinuierlich gute Netzqualit\u00e4t und f\u00fcr die zuk\u00fcnftige Netzentwicklung.\" \/>\n<meta name=\"robots\" content=\"noindex, follow, max-snippet:-1, max-image-preview:large, max-video-preview:-1\" \/>\n<meta property=\"og:locale\" content=\"fr_FR\" \/>\n<meta property=\"og:type\" content=\"article\" \/>\n<meta property=\"og:title\" content=\"Netzberechnung\" \/>\n<meta property=\"og:description\" content=\"Netzberechnung durch Electrosuisse f\u00fcr eine kontinuierlich gute Netzqualit\u00e4t und f\u00fcr die zuk\u00fcnftige Netzentwicklung.\" \/>\n<meta property=\"og:url\" content=\"https:\/\/dev-web.electrosuisse.ch\/fr\/engineering\/analyse-du-reseau-electrique\/\" \/>\n<meta property=\"og:site_name\" content=\"Electrosuisse\" \/>\n<meta property=\"article:modified_time\" content=\"2024-08-22T12:02:21+00:00\" \/>\n<meta property=\"og:image\" content=\"https:\/\/dev-web.electrosuisse.ch\/wp-content\/uploads\/2022\/12\/Electrosuisse_Ueber_uns_1578x650.jpg\" \/>\n\t<meta property=\"og:image:width\" content=\"1578\" \/>\n\t<meta property=\"og:image:height\" content=\"650\" \/>\n\t<meta property=\"og:image:type\" content=\"image\/jpeg\" \/>\n<script type=\"application\/ld+json\" class=\"yoast-schema-graph\">{\"@context\":\"https:\/\/schema.org\",\"@graph\":[{\"@type\":\"WebPage\",\"@id\":\"https:\/\/dev-web.electrosuisse.ch\/fr\/engineering\/analyse-du-reseau-electrique\/\",\"url\":\"https:\/\/dev-web.electrosuisse.ch\/fr\/engineering\/analyse-du-reseau-electrique\/\",\"name\":\"Netzberechnung\",\"isPartOf\":{\"@id\":\"https:\/\/dev-web.electrosuisse.ch\/fr\/#website\"},\"datePublished\":\"2023-05-24T06:51:16+00:00\",\"dateModified\":\"2024-08-22T12:02:21+00:00\",\"description\":\"Netzberechnung durch Electrosuisse f\u00fcr eine kontinuierlich gute Netzqualit\u00e4t und f\u00fcr die zuk\u00fcnftige Netzentwicklung.\",\"breadcrumb\":{\"@id\":\"https:\/\/dev-web.electrosuisse.ch\/fr\/engineering\/analyse-du-reseau-electrique\/#breadcrumb\"},\"inLanguage\":\"fr-FR\",\"potentialAction\":[{\"@type\":\"ReadAction\",\"target\":[\"https:\/\/dev-web.electrosuisse.ch\/fr\/engineering\/analyse-du-reseau-electrique\/\"]}]},{\"@type\":\"BreadcrumbList\",\"@id\":\"https:\/\/dev-web.electrosuisse.ch\/fr\/engineering\/analyse-du-reseau-electrique\/#breadcrumb\",\"itemListElement\":[{\"@type\":\"ListItem\",\"position\":1,\"name\":\"Engineering\",\"item\":\"https:\/\/dev-web.electrosuisse.ch\/fr\/engineering\/\"},{\"@type\":\"ListItem\",\"position\":2,\"name\":\"Analyse du r\u00e9seau \u00e9lectrique\"}]},{\"@type\":\"WebSite\",\"@id\":\"https:\/\/dev-web.electrosuisse.ch\/fr\/#website\",\"url\":\"https:\/\/dev-web.electrosuisse.ch\/fr\/\",\"name\":\"Electrosuisse\",\"description\":\"\",\"publisher\":{\"@id\":\"https:\/\/dev-web.electrosuisse.ch\/fr\/#organization\"},\"potentialAction\":[{\"@type\":\"SearchAction\",\"target\":{\"@type\":\"EntryPoint\",\"urlTemplate\":\"https:\/\/dev-web.electrosuisse.ch\/fr\/?s={search_term_string}\"},\"query-input\":{\"@type\":\"PropertyValueSpecification\",\"valueRequired\":true,\"valueName\":\"search_term_string\"}}],\"inLanguage\":\"fr-FR\"},{\"@type\":\"Organization\",\"@id\":\"https:\/\/dev-web.electrosuisse.ch\/fr\/#organization\",\"name\":\"Electrosuisse\",\"url\":\"https:\/\/dev-web.electrosuisse.ch\/fr\/\",\"logo\":{\"@type\":\"ImageObject\",\"inLanguage\":\"fr-FR\",\"@id\":\"https:\/\/dev-web.electrosuisse.ch\/fr\/#\/schema\/logo\/image\/\",\"url\":\"https:\/\/dev-web.electrosuisse.ch\/wp-content\/uploads\/2025\/04\/Electrosuisse_Logo_696x696.png\",\"contentUrl\":\"https:\/\/dev-web.electrosuisse.ch\/wp-content\/uploads\/2025\/04\/Electrosuisse_Logo_696x696.png\",\"width\":696,\"height\":696,\"caption\":\"Electrosuisse\"},\"image\":{\"@id\":\"https:\/\/dev-web.electrosuisse.ch\/fr\/#\/schema\/logo\/image\/\"},\"sameAs\":[\"https:\/\/www.linkedin.com\/company\/electrosuisse-ag\/posts\/?feedView=all\",\"https:\/\/www.instagram.com\/electrosuisse1889\/\",\"https:\/\/www.youtube.com\/channel\/UCoOxohMiVE0Gjcdis1L09zw\"],\"description\":\"Electrosuisse ist eine anerkannte und unabh\u00e4ngige Fachorganisation, die erstklassige Dienstleistungen und Produkte in den Bereichen Inspektion, Beratung, Pr\u00fcfung, Zertifizierung, Normung und Weiterbildung anbietet. Unsere Expertise umfasst Elektrotechnik, Elektromobilit\u00e4t, Energieberatung, Geb\u00e4udeautomation und Photovoltaik in der Schweiz. Durch die Veranstaltung etablierter Branchen-Events und Fachtagungen f\u00f6rdert Electrosuisse den Wissenstransfer und den fachlichen Austausch. Im Mittelpunkt unserer T\u00e4tigkeiten steht die F\u00f6rderung der sicheren, wirtschaftlichen und umweltgerechten Anwendung der Elektrotechnik.\"}]}<\/script>\n<!-- \/ Yoast SEO Premium plugin. -->","yoast_head_json":{"title":"Netzberechnung","description":"Netzberechnung durch Electrosuisse f\u00fcr eine kontinuierlich gute Netzqualit\u00e4t und f\u00fcr die zuk\u00fcnftige Netzentwicklung.","robots":{"index":"noindex","follow":"follow","max-snippet":"max-snippet:-1","max-image-preview":"max-image-preview:large","max-video-preview":"max-video-preview:-1"},"og_locale":"fr_FR","og_type":"article","og_title":"Netzberechnung","og_description":"Netzberechnung durch Electrosuisse f\u00fcr eine kontinuierlich gute Netzqualit\u00e4t und f\u00fcr die zuk\u00fcnftige Netzentwicklung.","og_url":"https:\/\/dev-web.electrosuisse.ch\/fr\/engineering\/analyse-du-reseau-electrique\/","og_site_name":"Electrosuisse","article_modified_time":"2024-08-22T12:02:21+00:00","og_image":[{"width":1578,"height":650,"url":"https:\/\/dev-web.electrosuisse.ch\/wp-content\/uploads\/2022\/12\/Electrosuisse_Ueber_uns_1578x650.jpg","type":"image\/jpeg"}],"schema":{"@context":"https:\/\/schema.org","@graph":[{"@type":"WebPage","@id":"https:\/\/dev-web.electrosuisse.ch\/fr\/engineering\/analyse-du-reseau-electrique\/","url":"https:\/\/dev-web.electrosuisse.ch\/fr\/engineering\/analyse-du-reseau-electrique\/","name":"Netzberechnung","isPartOf":{"@id":"https:\/\/dev-web.electrosuisse.ch\/fr\/#website"},"datePublished":"2023-05-24T06:51:16+00:00","dateModified":"2024-08-22T12:02:21+00:00","description":"Netzberechnung durch Electrosuisse f\u00fcr eine kontinuierlich gute Netzqualit\u00e4t und f\u00fcr die zuk\u00fcnftige Netzentwicklung.","breadcrumb":{"@id":"https:\/\/dev-web.electrosuisse.ch\/fr\/engineering\/analyse-du-reseau-electrique\/#breadcrumb"},"inLanguage":"fr-FR","potentialAction":[{"@type":"ReadAction","target":["https:\/\/dev-web.electrosuisse.ch\/fr\/engineering\/analyse-du-reseau-electrique\/"]}]},{"@type":"BreadcrumbList","@id":"https:\/\/dev-web.electrosuisse.ch\/fr\/engineering\/analyse-du-reseau-electrique\/#breadcrumb","itemListElement":[{"@type":"ListItem","position":1,"name":"Engineering","item":"https:\/\/dev-web.electrosuisse.ch\/fr\/engineering\/"},{"@type":"ListItem","position":2,"name":"Analyse du r\u00e9seau \u00e9lectrique"}]},{"@type":"WebSite","@id":"https:\/\/dev-web.electrosuisse.ch\/fr\/#website","url":"https:\/\/dev-web.electrosuisse.ch\/fr\/","name":"Electrosuisse","description":"","publisher":{"@id":"https:\/\/dev-web.electrosuisse.ch\/fr\/#organization"},"potentialAction":[{"@type":"SearchAction","target":{"@type":"EntryPoint","urlTemplate":"https:\/\/dev-web.electrosuisse.ch\/fr\/?s={search_term_string}"},"query-input":{"@type":"PropertyValueSpecification","valueRequired":true,"valueName":"search_term_string"}}],"inLanguage":"fr-FR"},{"@type":"Organization","@id":"https:\/\/dev-web.electrosuisse.ch\/fr\/#organization","name":"Electrosuisse","url":"https:\/\/dev-web.electrosuisse.ch\/fr\/","logo":{"@type":"ImageObject","inLanguage":"fr-FR","@id":"https:\/\/dev-web.electrosuisse.ch\/fr\/#\/schema\/logo\/image\/","url":"https:\/\/dev-web.electrosuisse.ch\/wp-content\/uploads\/2025\/04\/Electrosuisse_Logo_696x696.png","contentUrl":"https:\/\/dev-web.electrosuisse.ch\/wp-content\/uploads\/2025\/04\/Electrosuisse_Logo_696x696.png","width":696,"height":696,"caption":"Electrosuisse"},"image":{"@id":"https:\/\/dev-web.electrosuisse.ch\/fr\/#\/schema\/logo\/image\/"},"sameAs":["https:\/\/www.linkedin.com\/company\/electrosuisse-ag\/posts\/?feedView=all","https:\/\/www.instagram.com\/electrosuisse1889\/","https:\/\/www.youtube.com\/channel\/UCoOxohMiVE0Gjcdis1L09zw"],"description":"Electrosuisse ist eine anerkannte und unabh\u00e4ngige Fachorganisation, die erstklassige Dienstleistungen und Produkte in den Bereichen Inspektion, Beratung, Pr\u00fcfung, Zertifizierung, Normung und Weiterbildung anbietet. Unsere Expertise umfasst Elektrotechnik, Elektromobilit\u00e4t, Energieberatung, Geb\u00e4udeautomation und Photovoltaik in der Schweiz. Durch die Veranstaltung etablierter Branchen-Events und Fachtagungen f\u00f6rdert Electrosuisse den Wissenstransfer und den fachlichen Austausch. Im Mittelpunkt unserer T\u00e4tigkeiten steht die F\u00f6rderung der sicheren, wirtschaftlichen und umweltgerechten Anwendung der Elektrotechnik."}]}},"_links":{"self":[{"href":"https:\/\/dev-web.electrosuisse.ch\/fr\/wp-json\/wp\/v2\/pages\/31269","targetHints":{"allow":["GET"]}}],"collection":[{"href":"https:\/\/dev-web.electrosuisse.ch\/fr\/wp-json\/wp\/v2\/pages"}],"about":[{"href":"https:\/\/dev-web.electrosuisse.ch\/fr\/wp-json\/wp\/v2\/types\/page"}],"author":[{"embeddable":true,"href":"https:\/\/dev-web.electrosuisse.ch\/fr\/wp-json\/wp\/v2\/users\/6"}],"replies":[{"embeddable":true,"href":"https:\/\/dev-web.electrosuisse.ch\/fr\/wp-json\/wp\/v2\/comments?post=31269"}],"version-history":[{"count":13,"href":"https:\/\/dev-web.electrosuisse.ch\/fr\/wp-json\/wp\/v2\/pages\/31269\/revisions"}],"predecessor-version":[{"id":36455,"href":"https:\/\/dev-web.electrosuisse.ch\/fr\/wp-json\/wp\/v2\/pages\/31269\/revisions\/36455"}],"up":[{"embeddable":true,"href":"https:\/\/dev-web.electrosuisse.ch\/fr\/wp-json\/wp\/v2\/pages\/4116"}],"wp:attachment":[{"href":"https:\/\/dev-web.electrosuisse.ch\/fr\/wp-json\/wp\/v2\/media?parent=31269"}],"curies":[{"name":"wp","href":"https:\/\/api.w.org\/{rel}","templated":true}]}}