{"id":26744,"date":"2022-12-09T08:24:19","date_gmt":"2022-12-09T07:24:19","guid":{"rendered":"https:\/\/dev-web.electrosuisse.ch\/?page_id=26744"},"modified":"2025-01-06T08:36:25","modified_gmt":"2025-01-06T07:36:25","slug":"recueil-de-formations","status":"publish","type":"page","link":"https:\/\/dev-web.electrosuisse.ch\/fr\/manifestation\/recueil-de-formations\/","title":{"rendered":"Recueil de formations"},"content":{"rendered":"<div class=\"wpb-content-wrapper\"><p>[vc_row][vc_column][vc_column_text]<\/p>\n<h1>Recueil de formations<\/h1>\n<p>[\/vc_column_text]<div class=\"wpb_document_column wpb_content_element\"><div class=\"wpb_wrapper\"><div class=\"document document--pdf\"><a href=\"https:\/\/dev-web.electrosuisse.ch\/wp-content\/uploads\/2024\/12\/Bildungsangebot_2025_FR_WEB2.pdf\" target=\"_blank\">Recueil de formation 2025<\/a><\/div><\/div><\/div><div class=\"wpb_document_column wpb_content_element\"><div class=\"wpb_wrapper\"><div class=\"document document--pdf\"><a href=\"https:\/\/dev-web.electrosuisse.ch\/wp-content\/uploads\/2024\/12\/Flyer_Veranstaltungsuebersicht_2025_A5_Web.pdf\" target=\"_blank\">Veranstaltungen ET und IT<\/a><\/div><\/div><\/div>[\/vc_column][\/vc_row]<\/p>\n<\/div>","protected":false},"excerpt":{"rendered":"<p>[vc_row][vc_column][vc_column_text] Recueil de formations [\/vc_column_text][\/vc_column][\/vc_row]<\/p>\n","protected":false},"author":2,"featured_media":0,"parent":3793,"menu_order":305,"comment_status":"closed","ping_status":"closed","template":"","meta":{"_acf_changed":false,"footnotes":""},"class_list":["post-26744","page","type-page","status-publish","hentry"],"acf":[],"yoast_head":"<!-- This site is optimized with the Yoast SEO Premium plugin v25.1 (Yoast SEO v25.1) - https:\/\/yoast.com\/wordpress\/plugins\/seo\/ -->\n<title>Recueil de formations d\u2019Electrosuisse<\/title>\n<meta name=\"description\" content=\"Bienvenue au Centre de t\u00e9l\u00e9chargement. Nos informations gratuites sont \u00e0 votre disposition par ordre th\u00e9matique. Veuillez proc\u00e9der \u00e0 votre recherche par mots de r\u00e9f\u00e9rence.\" \/>\n<meta name=\"robots\" content=\"noindex, follow, max-snippet:-1, max-image-preview:large, max-video-preview:-1\" \/>\n<meta property=\"og:locale\" content=\"fr_FR\" \/>\n<meta property=\"og:type\" content=\"article\" \/>\n<meta property=\"og:title\" content=\"Recueil de formations d\u2019Electrosuisse\" \/>\n<meta property=\"og:description\" content=\"Bienvenue au Centre de t\u00e9l\u00e9chargement. Nos informations gratuites sont \u00e0 votre disposition par ordre th\u00e9matique. Veuillez proc\u00e9der \u00e0 votre recherche par mots de r\u00e9f\u00e9rence.\" \/>\n<meta property=\"og:url\" content=\"https:\/\/dev-web.electrosuisse.ch\/fr\/manifestation\/recueil-de-formations\/\" \/>\n<meta property=\"og:site_name\" content=\"Electrosuisse\" \/>\n<meta property=\"article:modified_time\" content=\"2025-01-06T07:36:25+00:00\" \/>\n<meta property=\"og:image\" content=\"https:\/\/dev-web.electrosuisse.ch\/wp-content\/uploads\/2022\/12\/Electrosuisse_Ueber_uns_1578x650.jpg\" \/>\n\t<meta property=\"og:image:width\" content=\"1578\" \/>\n\t<meta property=\"og:image:height\" content=\"650\" \/>\n\t<meta property=\"og:image:type\" content=\"image\/jpeg\" \/>\n<script type=\"application\/ld+json\" class=\"yoast-schema-graph\">{\"@context\":\"https:\/\/schema.org\",\"@graph\":[{\"@type\":\"WebPage\",\"@id\":\"https:\/\/dev-web.electrosuisse.ch\/fr\/manifestation\/recueil-de-formations\/\",\"url\":\"https:\/\/dev-web.electrosuisse.ch\/fr\/manifestation\/recueil-de-formations\/\",\"name\":\"Recueil de formations d\u2019Electrosuisse\",\"isPartOf\":{\"@id\":\"https:\/\/dev-web.electrosuisse.ch\/fr\/#website\"},\"datePublished\":\"2022-12-09T07:24:19+00:00\",\"dateModified\":\"2025-01-06T07:36:25+00:00\",\"description\":\"Bienvenue au Centre de t\u00e9l\u00e9chargement. Nos informations gratuites sont \u00e0 votre disposition par ordre th\u00e9matique. Veuillez proc\u00e9der \u00e0 votre recherche par mots de r\u00e9f\u00e9rence.\",\"breadcrumb\":{\"@id\":\"https:\/\/dev-web.electrosuisse.ch\/fr\/manifestation\/recueil-de-formations\/#breadcrumb\"},\"inLanguage\":\"fr-FR\",\"potentialAction\":[{\"@type\":\"ReadAction\",\"target\":[\"https:\/\/dev-web.electrosuisse.ch\/fr\/manifestation\/recueil-de-formations\/\"]}]},{\"@type\":\"BreadcrumbList\",\"@id\":\"https:\/\/dev-web.electrosuisse.ch\/fr\/manifestation\/recueil-de-formations\/#breadcrumb\",\"itemListElement\":[{\"@type\":\"ListItem\",\"position\":1,\"name\":\"Manifestations &#8211; Veranstaltungen\",\"item\":\"https:\/\/dev-web.electrosuisse.ch\/fr\/manifestation\/\"},{\"@type\":\"ListItem\",\"position\":2,\"name\":\"Recueil de formations\"}]},{\"@type\":\"WebSite\",\"@id\":\"https:\/\/dev-web.electrosuisse.ch\/fr\/#website\",\"url\":\"https:\/\/dev-web.electrosuisse.ch\/fr\/\",\"name\":\"Electrosuisse\",\"description\":\"\",\"publisher\":{\"@id\":\"https:\/\/dev-web.electrosuisse.ch\/fr\/#organization\"},\"potentialAction\":[{\"@type\":\"SearchAction\",\"target\":{\"@type\":\"EntryPoint\",\"urlTemplate\":\"https:\/\/dev-web.electrosuisse.ch\/fr\/?s={search_term_string}\"},\"query-input\":{\"@type\":\"PropertyValueSpecification\",\"valueRequired\":true,\"valueName\":\"search_term_string\"}}],\"inLanguage\":\"fr-FR\"},{\"@type\":\"Organization\",\"@id\":\"https:\/\/dev-web.electrosuisse.ch\/fr\/#organization\",\"name\":\"Electrosuisse\",\"url\":\"https:\/\/dev-web.electrosuisse.ch\/fr\/\",\"logo\":{\"@type\":\"ImageObject\",\"inLanguage\":\"fr-FR\",\"@id\":\"https:\/\/dev-web.electrosuisse.ch\/fr\/#\/schema\/logo\/image\/\",\"url\":\"https:\/\/dev-web.electrosuisse.ch\/wp-content\/uploads\/2025\/04\/Electrosuisse_Logo_696x696.png\",\"contentUrl\":\"https:\/\/dev-web.electrosuisse.ch\/wp-content\/uploads\/2025\/04\/Electrosuisse_Logo_696x696.png\",\"width\":696,\"height\":696,\"caption\":\"Electrosuisse\"},\"image\":{\"@id\":\"https:\/\/dev-web.electrosuisse.ch\/fr\/#\/schema\/logo\/image\/\"},\"sameAs\":[\"https:\/\/www.linkedin.com\/company\/electrosuisse-ag\/posts\/?feedView=all\",\"https:\/\/www.instagram.com\/electrosuisse1889\/\",\"https:\/\/www.youtube.com\/channel\/UCoOxohMiVE0Gjcdis1L09zw\"],\"description\":\"Electrosuisse ist eine anerkannte und unabh\u00e4ngige Fachorganisation, die erstklassige Dienstleistungen und Produkte in den Bereichen Inspektion, Beratung, Pr\u00fcfung, Zertifizierung, Normung und Weiterbildung anbietet. Unsere Expertise umfasst Elektrotechnik, Elektromobilit\u00e4t, Energieberatung, Geb\u00e4udeautomation und Photovoltaik in der Schweiz. Durch die Veranstaltung etablierter Branchen-Events und Fachtagungen f\u00f6rdert Electrosuisse den Wissenstransfer und den fachlichen Austausch. Im Mittelpunkt unserer T\u00e4tigkeiten steht die F\u00f6rderung der sicheren, wirtschaftlichen und umweltgerechten Anwendung der Elektrotechnik.\"}]}<\/script>\n<!-- \/ Yoast SEO Premium plugin. -->","yoast_head_json":{"title":"Recueil de formations d\u2019Electrosuisse","description":"Bienvenue au Centre de t\u00e9l\u00e9chargement. Nos informations gratuites sont \u00e0 votre disposition par ordre th\u00e9matique. Veuillez proc\u00e9der \u00e0 votre recherche par mots de r\u00e9f\u00e9rence.","robots":{"index":"noindex","follow":"follow","max-snippet":"max-snippet:-1","max-image-preview":"max-image-preview:large","max-video-preview":"max-video-preview:-1"},"og_locale":"fr_FR","og_type":"article","og_title":"Recueil de formations d\u2019Electrosuisse","og_description":"Bienvenue au Centre de t\u00e9l\u00e9chargement. Nos informations gratuites sont \u00e0 votre disposition par ordre th\u00e9matique. Veuillez proc\u00e9der \u00e0 votre recherche par mots de r\u00e9f\u00e9rence.","og_url":"https:\/\/dev-web.electrosuisse.ch\/fr\/manifestation\/recueil-de-formations\/","og_site_name":"Electrosuisse","article_modified_time":"2025-01-06T07:36:25+00:00","og_image":[{"width":1578,"height":650,"url":"https:\/\/dev-web.electrosuisse.ch\/wp-content\/uploads\/2022\/12\/Electrosuisse_Ueber_uns_1578x650.jpg","type":"image\/jpeg"}],"schema":{"@context":"https:\/\/schema.org","@graph":[{"@type":"WebPage","@id":"https:\/\/dev-web.electrosuisse.ch\/fr\/manifestation\/recueil-de-formations\/","url":"https:\/\/dev-web.electrosuisse.ch\/fr\/manifestation\/recueil-de-formations\/","name":"Recueil de formations d\u2019Electrosuisse","isPartOf":{"@id":"https:\/\/dev-web.electrosuisse.ch\/fr\/#website"},"datePublished":"2022-12-09T07:24:19+00:00","dateModified":"2025-01-06T07:36:25+00:00","description":"Bienvenue au Centre de t\u00e9l\u00e9chargement. Nos informations gratuites sont \u00e0 votre disposition par ordre th\u00e9matique. Veuillez proc\u00e9der \u00e0 votre recherche par mots de r\u00e9f\u00e9rence.","breadcrumb":{"@id":"https:\/\/dev-web.electrosuisse.ch\/fr\/manifestation\/recueil-de-formations\/#breadcrumb"},"inLanguage":"fr-FR","potentialAction":[{"@type":"ReadAction","target":["https:\/\/dev-web.electrosuisse.ch\/fr\/manifestation\/recueil-de-formations\/"]}]},{"@type":"BreadcrumbList","@id":"https:\/\/dev-web.electrosuisse.ch\/fr\/manifestation\/recueil-de-formations\/#breadcrumb","itemListElement":[{"@type":"ListItem","position":1,"name":"Manifestations &#8211; Veranstaltungen","item":"https:\/\/dev-web.electrosuisse.ch\/fr\/manifestation\/"},{"@type":"ListItem","position":2,"name":"Recueil de formations"}]},{"@type":"WebSite","@id":"https:\/\/dev-web.electrosuisse.ch\/fr\/#website","url":"https:\/\/dev-web.electrosuisse.ch\/fr\/","name":"Electrosuisse","description":"","publisher":{"@id":"https:\/\/dev-web.electrosuisse.ch\/fr\/#organization"},"potentialAction":[{"@type":"SearchAction","target":{"@type":"EntryPoint","urlTemplate":"https:\/\/dev-web.electrosuisse.ch\/fr\/?s={search_term_string}"},"query-input":{"@type":"PropertyValueSpecification","valueRequired":true,"valueName":"search_term_string"}}],"inLanguage":"fr-FR"},{"@type":"Organization","@id":"https:\/\/dev-web.electrosuisse.ch\/fr\/#organization","name":"Electrosuisse","url":"https:\/\/dev-web.electrosuisse.ch\/fr\/","logo":{"@type":"ImageObject","inLanguage":"fr-FR","@id":"https:\/\/dev-web.electrosuisse.ch\/fr\/#\/schema\/logo\/image\/","url":"https:\/\/dev-web.electrosuisse.ch\/wp-content\/uploads\/2025\/04\/Electrosuisse_Logo_696x696.png","contentUrl":"https:\/\/dev-web.electrosuisse.ch\/wp-content\/uploads\/2025\/04\/Electrosuisse_Logo_696x696.png","width":696,"height":696,"caption":"Electrosuisse"},"image":{"@id":"https:\/\/dev-web.electrosuisse.ch\/fr\/#\/schema\/logo\/image\/"},"sameAs":["https:\/\/www.linkedin.com\/company\/electrosuisse-ag\/posts\/?feedView=all","https:\/\/www.instagram.com\/electrosuisse1889\/","https:\/\/www.youtube.com\/channel\/UCoOxohMiVE0Gjcdis1L09zw"],"description":"Electrosuisse ist eine anerkannte und unabh\u00e4ngige Fachorganisation, die erstklassige Dienstleistungen und Produkte in den Bereichen Inspektion, Beratung, Pr\u00fcfung, Zertifizierung, Normung und Weiterbildung anbietet. Unsere Expertise umfasst Elektrotechnik, Elektromobilit\u00e4t, Energieberatung, Geb\u00e4udeautomation und Photovoltaik in der Schweiz. Durch die Veranstaltung etablierter Branchen-Events und Fachtagungen f\u00f6rdert Electrosuisse den Wissenstransfer und den fachlichen Austausch. Im Mittelpunkt unserer T\u00e4tigkeiten steht die F\u00f6rderung der sicheren, wirtschaftlichen und umweltgerechten Anwendung der Elektrotechnik."}]}},"_links":{"self":[{"href":"https:\/\/dev-web.electrosuisse.ch\/fr\/wp-json\/wp\/v2\/pages\/26744","targetHints":{"allow":["GET"]}}],"collection":[{"href":"https:\/\/dev-web.electrosuisse.ch\/fr\/wp-json\/wp\/v2\/pages"}],"about":[{"href":"https:\/\/dev-web.electrosuisse.ch\/fr\/wp-json\/wp\/v2\/types\/page"}],"author":[{"embeddable":true,"href":"https:\/\/dev-web.electrosuisse.ch\/fr\/wp-json\/wp\/v2\/users\/2"}],"replies":[{"embeddable":true,"href":"https:\/\/dev-web.electrosuisse.ch\/fr\/wp-json\/wp\/v2\/comments?post=26744"}],"version-history":[{"count":9,"href":"https:\/\/dev-web.electrosuisse.ch\/fr\/wp-json\/wp\/v2\/pages\/26744\/revisions"}],"predecessor-version":[{"id":37238,"href":"https:\/\/dev-web.electrosuisse.ch\/fr\/wp-json\/wp\/v2\/pages\/26744\/revisions\/37238"}],"up":[{"embeddable":true,"href":"https:\/\/dev-web.electrosuisse.ch\/fr\/wp-json\/wp\/v2\/pages\/3793"}],"wp:attachment":[{"href":"https:\/\/dev-web.electrosuisse.ch\/fr\/wp-json\/wp\/v2\/media?parent=26744"}],"curies":[{"name":"wp","href":"https:\/\/api.w.org\/{rel}","templated":true}]}}