{"id":23611,"date":"2022-12-08T17:04:27","date_gmt":"2022-12-08T16:04:27","guid":{"rendered":"https:\/\/dev-web.electrosuisse.ch\/?page_id=23611"},"modified":"2022-12-08T17:04:27","modified_gmt":"2022-12-08T16:04:27","slug":"assemblee-generale-retrospective-2022","status":"publish","type":"page","link":"https:\/\/dev-web.electrosuisse.ch\/fr\/manifestation\/assemblee-generale\/assemblee-generale-retrospective-2022\/","title":{"rendered":"Assembl\u00e9e g\u00e9n\u00e9rale &#8211; R\u00e9trospective 2022"},"content":{"rendered":"<div class=\"wpb-content-wrapper\"><p>[vc_row][vc_column][vc_column_text]<\/p>\n<h1>Assembl\u00e9e g\u00e9n\u00e9rale du 12 mai 2022<\/h1>\n<p>[\/vc_column_text][vc_column_text]Les membres d&#8217;Electrosuisse se sont r\u00e9unis pour la 138e assembl\u00e9e g\u00e9n\u00e9rale (ordinaire) au Centre de congr\u00e8s Kursaal \u00e0 Interlaken.<\/p>\n<h3>Un exercice r\u00e9jouissant pour Electrosuisse<\/h3>\n<p>Le pr\u00e9sident, Reto Nauli, et le directeur, Markus Burger, ont indiqu\u00e9 que l&#8217;exercice \u00e9coul\u00e9 avait \u00e9t\u00e9 r\u00e9jouissant compte tenu de la situation. L&#8217;association se porte bien.[\/vc_column_text]<div class=\"wpb_image_column wpb_content_element\"><div class=\"wpb_wrapper\"><div class=\"picture_container\"><picture><source media=\"(min-width: 769px)\" srcset=\"https:\/\/dev-web.electrosuisse.ch\/wp-content\/uploads\/2022\/08\/Geschaeftsjahr-MBU-Nauli.jpg\"><source media=\"(min-width: 415px)\" srcset=\"https:\/\/dev-web.electrosuisse.ch\/wp-content\/uploads\/2022\/08\/Geschaeftsjahr-MBU-Nauli-768x433.jpg\"><source media=\"(max-width: 414px)\" srcset=\"https:\/\/dev-web.electrosuisse.ch\/wp-content\/uploads\/2022\/08\/Geschaeftsjahr-MBU-Nauli-414x233.jpg 1x, https:\/\/dev-web.electrosuisse.ch\/wp-content\/uploads\/2022\/08\/Geschaeftsjahr-MBU-Nauli-768x433.jpg 2x\"><img decoding=\"async\" src=\"https:\/\/dev-web.electrosuisse.ch\/wp-content\/uploads\/2022\/08\/Geschaeftsjahr-MBU-Nauli.jpg\" alt=\"Un exercice r\u00e9jouissant\" \/><\/picture><\/div><\/div><\/div>[vc_column_text]<\/p>\n<h3>Concernant la partie statutaire<\/h3>\n<p>L&#8217;assembl\u00e9e g\u00e9n\u00e9rale a approuv\u00e9 les points inscrits \u00e0 l&#8217;ordre du jour.<\/p>\n<h4>\u00c9lections et d\u00e9missions au comit\u00e9 d&#8217;Electrosuisse<\/h4>\n<p>Le pr\u00e9sident sortant, Reto Nauli, a annonc\u00e9 sa d\u00e9mission apr\u00e8s neuf ann\u00e9es au comit\u00e9.<\/p>\n<p>Dr Dieter Reichelt a \u00e9t\u00e9 \u00e9lu pour lui succ\u00e9der. Il est pr\u00e9sident de la direction\/chef de la division Distribution d&#8217;Axpo Grid AG.<\/p>\n<p>Outre les \u00e9lections de confirmation prescrites par les statuts, J\u00fcrg Herzog, Country Head Smart Infrastructure chez Siemens Suisse SA, a \u00e9t\u00e9 \u00e9lu au comit\u00e9.[\/vc_column_text][vc_column_text]<\/p>\n<table>\n<tbody>\n<tr>\n<td><img decoding=\"async\" class=\"alignnone size-full wp-image-22027\" src=\"https:\/\/dev-web.electrosuisse.ch\/wp-content\/uploads\/2022\/04\/Reichelt_250x250.png\" alt=\"\" width=\"250\" height=\"250\" \/><\/td>\n<td><img decoding=\"async\" class=\"alignnone size-full wp-image-22036\" src=\"https:\/\/dev-web.electrosuisse.ch\/wp-content\/uploads\/2022\/04\/Herzog_250x250.png\" alt=\"\" width=\"250\" height=\"250\" \/><\/td>\n<\/tr>\n<tr align=\"center\">\n<td>\n<p>Dr. Dieter Reichelt<\/p>\n<p>nouveau pr\u00e9sident<\/td>\n<td>\n<p>J\u00fcrg Herzog<\/p>\n<p>nouveau dans le comit\u00e9<\/td>\n<\/tr>\n<\/tbody>\n<\/table>\n<p>[\/vc_column_text][vc_column_text]<\/p>\n<h4>Honneurs<\/h4>\n<p>L&#8217;Assembl\u00e9e g\u00e9n\u00e9rale nomme par acclamation le pr\u00e9sident sortant, Reto Nauli, membre d&#8217;honneur d&#8217;Electrosuisse. En reconnaissance de son travail d\u00e9vou\u00e9 et couronn\u00e9 de succ\u00e8s : membre de longue date d\u2019Electrosuisse, membre du comit\u00e9 d\u2019Electrosuisse de 2013 \u00e0 2022, vice-pr\u00e9sident \u00e0 partir de 2016 et pr\u00e9sident \u00e0 partir de 2019, membre du comit\u00e9 de l&#8217;ETG, l&#8217;actuel Expert Board Electrosuisse de 2004 \u00e0 2013, pr\u00e9sident \u00e0 partir de 2010, membre du Comit\u00e9 national suisse du CIGRE, membre fondateur des Powertage.[\/vc_column_text]<div class=\"wpb_image_column wpb_content_element\"><div class=\"wpb_wrapper\"><div class=\"picture_container\"><picture><source media=\"(min-width: 769px)\" srcset=\"https:\/\/dev-web.electrosuisse.ch\/wp-content\/uploads\/2022\/08\/Ehrungen_Nauli.jpg\"><source media=\"(min-width: 415px)\" srcset=\"https:\/\/dev-web.electrosuisse.ch\/wp-content\/uploads\/2022\/08\/Ehrungen_Nauli-768x433.jpg\"><source media=\"(max-width: 414px)\" srcset=\"https:\/\/dev-web.electrosuisse.ch\/wp-content\/uploads\/2022\/08\/Ehrungen_Nauli-414x233.jpg 1x, https:\/\/dev-web.electrosuisse.ch\/wp-content\/uploads\/2022\/08\/Ehrungen_Nauli-768x433.jpg 2x\"><img decoding=\"async\" src=\"https:\/\/dev-web.electrosuisse.ch\/wp-content\/uploads\/2022\/08\/Ehrungen_Nauli.jpg\" alt=\"Hommage au pr\u00e9sident Reto Nauli\" \/><\/picture><\/div><\/div><\/div>[vc_column_text]<\/p>\n<h4>Prochaine assembl\u00e9e g\u00e9n\u00e9rale<\/h4>\n<p>Celle-ci aura lieu le 11 mai 2023 \u00e0 Baden.[\/vc_column_text][vc_column_text]<\/p>\n<h4>Expos\u00e9<\/h4>\n<p>Dans l&#8217;expos\u00e9 qui a suivi, Jo\u00ebl Luc Cachelin a abord\u00e9 les questions li\u00e9es \u00e0 la force d&#8217;innovation. Il a demand\u00e9 : \u00e0 quel point sommes-nous innovants ? Comment pouvons-nous repenser l&#8217;innovation ? Et que pourrait \u00eatre l&#8217;innovation durable ? Il a abord\u00e9 diff\u00e9rents aspects de l&#8217;avenir et a soulign\u00e9 les \u00e9volutions d\u00e9mographiques et \u00e9conomiques. Il a plaid\u00e9 pour une \u00e9conomie circulaire et pour que l&#8217;on reconnaisse la durabilit\u00e9 comme la prochaine m\u00e9gatendance.[\/vc_column_text]<div class=\"wpb_image_column wpb_content_element\"><div class=\"wpb_wrapper\"><div class=\"picture_container\"><picture><source media=\"(min-width: 769px)\" srcset=\"https:\/\/dev-web.electrosuisse.ch\/wp-content\/uploads\/2022\/08\/Referat-Cachelin.jpg\"><source media=\"(min-width: 415px)\" srcset=\"https:\/\/dev-web.electrosuisse.ch\/wp-content\/uploads\/2022\/08\/Referat-Cachelin-768x433.jpg\"><source media=\"(max-width: 414px)\" srcset=\"https:\/\/dev-web.electrosuisse.ch\/wp-content\/uploads\/2022\/08\/Referat-Cachelin-414x233.jpg 1x, https:\/\/dev-web.electrosuisse.ch\/wp-content\/uploads\/2022\/08\/Referat-Cachelin-768x433.jpg 2x\"><img decoding=\"async\" src=\"https:\/\/dev-web.electrosuisse.ch\/wp-content\/uploads\/2022\/08\/Referat-Cachelin.jpg\" alt=\"Referent Dr. Jo\u00ebl Luc Cachelin\" \/><\/picture><\/div><\/div><\/div><div class=\"wpb_links_column wpb_content_element\"><div class=\"wpb_wrapper\"><div class=\"link\"><a href=\"http:\/\/report.electrosuisse.ch\/\" target=\"_blank\" >Rapport sur l'exercice 2021<\/a><\/div><\/div><\/div>[vc_column_text]Le rapport de l&#8217;assembl\u00e9e g\u00e9n\u00e9rale ainsi que le proc\u00e8s-verbal sont publi\u00e9s dans le Bulletin SEV\/VSE, n\u00b0 6.[\/vc_column_text][\/vc_column][\/vc_row][vc_row][vc_column][vc_column_text]<\/p>\n<h3>Impressions<\/h3>\n<p>[\/vc_column_text]<div class=\"wpb_text_image_column wpb_text_image_column--slider wpb_content_element slider-video-overlay-2\"><div class=\"wpb_wrapper\"><div class=\"row middle-sm top-xs\"><div class=\"col-sm-6 col-xs-12\"><div class=\"owl-carousel owl-theme owl-carousel--half\"><div class=\"slider-single slider-single--image item\"><img decoding=\"async\" src=\"https:\/\/dev-web.electrosuisse.ch\/wp-content\/uploads\/2022\/08\/electrosuisse-gv-2022-15.jpg\" class=\"owl-lazy\" alt=\"Empfang 01\" \/><\/div><div class=\"slider-single slider-single--image item\"><img decoding=\"async\" src=\"https:\/\/dev-web.electrosuisse.ch\/wp-content\/uploads\/2022\/08\/electrosuisse-gv-2022-20.jpg\" class=\"owl-lazy\" alt=\"Empfang 02\" \/><\/div><div class=\"slider-single slider-single--image item\"><img decoding=\"async\" src=\"https:\/\/dev-web.electrosuisse.ch\/wp-content\/uploads\/2022\/08\/electrosuisse-gv-2022-42.jpg\" class=\"owl-lazy\" alt=\"Empfang 03\" \/><\/div><div class=\"slider-single slider-single--image item\"><img decoding=\"async\" src=\"https:\/\/dev-web.electrosuisse.ch\/wp-content\/uploads\/2022\/08\/electrosuisse-gv-2022-52.jpg\" class=\"owl-lazy\" alt=\"Empfang 04\" \/><\/div><\/div><\/div><div class=\"col-sm-6 col-xs-12\"><h4>Accueil AG<\/h4><p>De nombreux membres ont profit\u00e9 de la p\u00e9riode pr\u00e9c\u00e9dant l'AG pour faire un premier \u00abnetworking\u00bb.<\/p><\/div><\/div><\/div><\/div><div class=\"wpb_text_image_column wpb_text_image_column--slider wpb_content_element slider-video-overlay-2\"><div class=\"wpb_wrapper\"><div class=\"row middle-sm top-xs\"><div class=\"col-sm-6 col-xs-12\"><div class=\"owl-carousel owl-theme owl-carousel--half\"><div class=\"slider-single slider-single--image item\"><img decoding=\"async\" src=\"https:\/\/dev-web.electrosuisse.ch\/wp-content\/uploads\/2022\/08\/electrosuisse-GV-2022-75.jpg\" class=\"owl-lazy\" alt=\"GV 01\" \/><\/div><div class=\"slider-single slider-single--image item\"><img decoding=\"async\" src=\"https:\/\/dev-web.electrosuisse.ch\/wp-content\/uploads\/2022\/08\/electrosuisse-gv-2022-84.jpg\" class=\"owl-lazy\" alt=\"GV 02\" \/><\/div><div class=\"slider-single slider-single--image item\"><img decoding=\"async\" src=\"https:\/\/dev-web.electrosuisse.ch\/wp-content\/uploads\/2022\/08\/electrosuisse-gv-2022-85.jpg\" class=\"owl-lazy\" alt=\"GV 03\" \/><\/div><div class=\"slider-single slider-single--image item\"><img decoding=\"async\" src=\"https:\/\/dev-web.electrosuisse.ch\/wp-content\/uploads\/2022\/08\/electrosuisse-gv-2022-111.jpg\" class=\"owl-lazy\" alt=\"GV 04\" \/><\/div><div class=\"slider-single slider-single--image item\"><img decoding=\"async\" src=\"https:\/\/dev-web.electrosuisse.ch\/wp-content\/uploads\/2022\/08\/electrosuisse-gv-2022-124.jpg\" class=\"owl-lazy\" alt=\"GV 05\" \/><\/div><div class=\"slider-single slider-single--image item\"><img decoding=\"async\" src=\"https:\/\/dev-web.electrosuisse.ch\/wp-content\/uploads\/2022\/08\/electrosuisse-gv-2022-125.jpg\" class=\"owl-lazy\" alt=\"GV 06\" \/><\/div><div class=\"slider-single slider-single--image item\"><img decoding=\"async\" src=\"https:\/\/dev-web.electrosuisse.ch\/wp-content\/uploads\/2022\/08\/electrosuisse-gv-2022-135.jpg\" class=\"owl-lazy\" alt=\"Referat 01\" \/><\/div><\/div><\/div><div class=\"col-sm-6 col-xs-12\"><h4>AG<\/h4><p>Impressions sur l'assembl\u00e9e g\u00e9n\u00e9rale d'Electrosuisse.<\/p><\/div><\/div><\/div><\/div><div class=\"wpb_text_image_column wpb_text_image_column--slider wpb_content_element slider-video-overlay-2\"><div class=\"wpb_wrapper\"><div class=\"row middle-sm top-xs\"><div class=\"col-sm-6 col-xs-12\"><div class=\"owl-carousel owl-theme owl-carousel--half\"><div class=\"slider-single slider-single--image item\"><img decoding=\"async\" src=\"https:\/\/dev-web.electrosuisse.ch\/wp-content\/uploads\/2022\/08\/electrosuisse-gv-2022-169.jpg\" class=\"owl-lazy\" alt=\"Abschluss 01\" \/><\/div><div class=\"slider-single slider-single--image item\"><img decoding=\"async\" src=\"https:\/\/dev-web.electrosuisse.ch\/wp-content\/uploads\/2022\/08\/electrosuisse-gv-2022-172.jpg\" class=\"owl-lazy\" alt=\"Abschluss 02\" \/><\/div><div class=\"slider-single slider-single--image item\"><img decoding=\"async\" src=\"https:\/\/dev-web.electrosuisse.ch\/wp-content\/uploads\/2022\/08\/electrosuisse-gv-2022-181.jpg\" class=\"owl-lazy\" alt=\"Abschluss 03\" \/><\/div><div class=\"slider-single slider-single--image item\"><img decoding=\"async\" src=\"https:\/\/dev-web.electrosuisse.ch\/wp-content\/uploads\/2022\/08\/electrosuisse-gv-2022-195.jpg\" class=\"owl-lazy\" alt=\"Abschluss 04\" \/><\/div><div class=\"slider-single slider-single--image item\"><img decoding=\"async\" src=\"https:\/\/dev-web.electrosuisse.ch\/wp-content\/uploads\/2022\/08\/electrosuisse-gv-2022-196.jpg\" class=\"owl-lazy\" alt=\"Abschluss 05\" \/><\/div><\/div><\/div><div class=\"col-sm-6 col-xs-12\"><h4>Fin de l'AG<\/h4><p>Le repas de midi prolong\u00e9 a permis de poursuivre les \u00e9changes entre les membres.<\/p><\/div><\/div><\/div><\/div>[\/vc_column][\/vc_row][vc_row][vc_column]<div class=\"wpb_contact_column wpb_content_element wpb_contact_column--container\"><div class=\"wpb_wrapper\"><div class=\"contact_container_outer\"><div class=\"contact_container\"><div class=\"contact row middle-xs\"><div class=\"contact__img col-sm-5 col-xs-12\"><img decoding=\"async\" src=\"https:\/\/dev-web.electrosuisse.ch\/wp-content\/uploads\/2018\/12\/Electrosuisse_Christine_Andres.jpg\" alt=\"Christine Andres - Projektverantwortung\" \/><\/div><div class=\"contact__info col-sm-7 col-xs-12\"><p><b>Christine Andres<\/b><br>Projektverantwortung<\/p><div class=\"phone has-link\"><a href=\"tel:+41585951213\">+41 58 595 12 13<\/a><\/div><div class=\"mail has-link\"><a href=\"mailto:c&#104;&#114;&#x69;&#x73;&#x74;in&#101;&#46;&#x61;&#x6e;&#x64;r&#101;&#115;&#64;&#x65;&#x6c;&#x65;c&#116;&#114;&#x6f;&#x73;&#x75;is&#115;&#101;&#x2e;&#x63;&#x68;\">christine.andres@<br>electrosuisse.ch<\/a><\/div><\/div><\/div><\/div><\/div><div class=\"contact_container_outer\"><div class=\"contact_container\"><div class=\"contact row middle-xs\"><div class=\"contact__img col-sm-5 col-xs-12\"><img decoding=\"async\" src=\"\/wp-content\/themes\/SCHMUCKI_child\/img\/contact_placeholder.jpg\" alt=\"Mitgliederdienst\" \/><\/div><div class=\"contact__info col-sm-7 col-xs-12\"><p><b>Mitgliederdienst<\/b><br><\/p><div class=\"phone has-link\"><a href=\"tel:+41585951155\">+41 58 595 11 55<\/a><\/div><div class=\"mail has-link\"><a href=\"mailto:&#x76;&#x65;&#x72;&#x62;&#x61;&#x6e;&#x64;&#x40;&#101;&#108;&#101;&#99;&#116;&#114;&#111;suis&#x73;&#x65;&#x2e;&#x63;&#x68;\">&#118;e&#114;b&#97;n&#x64;&#64;&#x65;l&#x65;c&#x74;r&#x6f;s&#x75;i&#x73;s&#x65;&#46;&#x63;h<\/a><\/div><\/div><\/div><\/div><\/div><\/div><\/div>[\/vc_column][\/vc_row]<\/p>\n<\/div>","protected":false},"excerpt":{"rendered":"<p>[vc_row][vc_column][vc_column_text] Assembl\u00e9e g\u00e9n\u00e9rale du 12 mai 2022 [\/vc_column_text][vc_column_text]Les membres d&#8217;Electrosuisse se sont r\u00e9unis pour la 138e assembl\u00e9e g\u00e9n\u00e9rale (ordinaire) au Centre de congr\u00e8s Kursaal \u00e0 Interlaken. Un exercice r\u00e9jouissant pour Electrosuisse Le pr\u00e9sident, Reto Nauli, et le directeur, Markus Burger, ont indiqu\u00e9 que l&#8217;exercice \u00e9coul\u00e9 avait \u00e9t\u00e9 r\u00e9jouissant compte tenu de la situation. L&#8217;association se [&hellip;]<\/p>\n","protected":false},"author":6,"featured_media":0,"parent":16848,"menu_order":273,"comment_status":"closed","ping_status":"closed","template":"","meta":{"_acf_changed":false,"footnotes":""},"class_list":["post-23611","page","type-page","status-publish","hentry"],"acf":[],"yoast_head":"<!-- This site is optimized with the Yoast SEO Premium plugin v25.1 (Yoast SEO v25.1) - https:\/\/yoast.com\/wordpress\/plugins\/seo\/ -->\n<title>Assembl\u00e9e g\u00e9n\u00e9rale - R\u00e9trospective 2022 - Electrosuisse<\/title>\n<meta name=\"robots\" content=\"noindex, follow, max-snippet:-1, max-image-preview:large, max-video-preview:-1\" \/>\n<meta property=\"og:locale\" content=\"fr_FR\" \/>\n<meta property=\"og:type\" content=\"article\" \/>\n<meta property=\"og:title\" content=\"Assembl\u00e9e g\u00e9n\u00e9rale - R\u00e9trospective 2022 - Electrosuisse\" \/>\n<meta property=\"og:description\" content=\"[vc_row][vc_column][vc_column_text] Assembl\u00e9e g\u00e9n\u00e9rale du 12 mai 2022 [\/vc_column_text][vc_column_text]Les membres d&#8217;Electrosuisse se sont r\u00e9unis pour la 138e assembl\u00e9e g\u00e9n\u00e9rale (ordinaire) au Centre de congr\u00e8s Kursaal \u00e0 Interlaken. Un exercice r\u00e9jouissant pour Electrosuisse Le pr\u00e9sident, Reto Nauli, et le directeur, Markus Burger, ont indiqu\u00e9 que l&#8217;exercice \u00e9coul\u00e9 avait \u00e9t\u00e9 r\u00e9jouissant compte tenu de la situation. L&#8217;association se [&hellip;]\" \/>\n<meta property=\"og:url\" content=\"https:\/\/dev-web.electrosuisse.ch\/fr\/manifestation\/assemblee-generale\/assemblee-generale-retrospective-2022\/\" \/>\n<meta property=\"og:site_name\" content=\"Electrosuisse\" \/>\n<meta property=\"og:image\" content=\"https:\/\/dev-web.electrosuisse.ch\/wp-content\/uploads\/2022\/08\/KV-GV-2022_1660x470.jpg\" \/>\n<script type=\"application\/ld+json\" class=\"yoast-schema-graph\">{\"@context\":\"https:\/\/schema.org\",\"@graph\":[{\"@type\":\"WebPage\",\"@id\":\"https:\/\/dev-web.electrosuisse.ch\/fr\/manifestation\/assemblee-generale\/assemblee-generale-retrospective-2022\/\",\"url\":\"https:\/\/dev-web.electrosuisse.ch\/fr\/manifestation\/assemblee-generale\/assemblee-generale-retrospective-2022\/\",\"name\":\"Assembl\u00e9e g\u00e9n\u00e9rale - R\u00e9trospective 2022 - Electrosuisse\",\"isPartOf\":{\"@id\":\"https:\/\/dev-web.electrosuisse.ch\/fr\/#website\"},\"primaryImageOfPage\":{\"@id\":\"https:\/\/dev-web.electrosuisse.ch\/fr\/manifestation\/assemblee-generale\/assemblee-generale-retrospective-2022\/#primaryimage\"},\"image\":{\"@id\":\"https:\/\/dev-web.electrosuisse.ch\/fr\/manifestation\/assemblee-generale\/assemblee-generale-retrospective-2022\/#primaryimage\"},\"thumbnailUrl\":\"https:\/\/dev-web.electrosuisse.ch\/wp-content\/uploads\/2022\/04\/Reichelt_250x250.png\",\"datePublished\":\"2022-12-08T16:04:27+00:00\",\"inLanguage\":\"fr-FR\",\"potentialAction\":[{\"@type\":\"ReadAction\",\"target\":[\"https:\/\/dev-web.electrosuisse.ch\/fr\/manifestation\/assemblee-generale\/assemblee-generale-retrospective-2022\/\"]}]},{\"@type\":\"ImageObject\",\"inLanguage\":\"fr-FR\",\"@id\":\"https:\/\/dev-web.electrosuisse.ch\/fr\/manifestation\/assemblee-generale\/assemblee-generale-retrospective-2022\/#primaryimage\",\"url\":\"https:\/\/dev-web.electrosuisse.ch\/wp-content\/uploads\/2022\/04\/Reichelt_250x250.png\",\"contentUrl\":\"https:\/\/dev-web.electrosuisse.ch\/wp-content\/uploads\/2022\/04\/Reichelt_250x250.png\"},{\"@type\":\"WebSite\",\"@id\":\"https:\/\/dev-web.electrosuisse.ch\/fr\/#website\",\"url\":\"https:\/\/dev-web.electrosuisse.ch\/fr\/\",\"name\":\"Electrosuisse\",\"description\":\"\",\"publisher\":{\"@id\":\"https:\/\/dev-web.electrosuisse.ch\/fr\/#organization\"},\"potentialAction\":[{\"@type\":\"SearchAction\",\"target\":{\"@type\":\"EntryPoint\",\"urlTemplate\":\"https:\/\/dev-web.electrosuisse.ch\/fr\/?s={search_term_string}\"},\"query-input\":{\"@type\":\"PropertyValueSpecification\",\"valueRequired\":true,\"valueName\":\"search_term_string\"}}],\"inLanguage\":\"fr-FR\"},{\"@type\":\"Organization\",\"@id\":\"https:\/\/dev-web.electrosuisse.ch\/fr\/#organization\",\"name\":\"Electrosuisse\",\"url\":\"https:\/\/dev-web.electrosuisse.ch\/fr\/\",\"logo\":{\"@type\":\"ImageObject\",\"inLanguage\":\"fr-FR\",\"@id\":\"https:\/\/dev-web.electrosuisse.ch\/fr\/#\/schema\/logo\/image\/\",\"url\":\"https:\/\/dev-web.electrosuisse.ch\/wp-content\/uploads\/2025\/04\/Electrosuisse_Logo_696x696.png\",\"contentUrl\":\"https:\/\/dev-web.electrosuisse.ch\/wp-content\/uploads\/2025\/04\/Electrosuisse_Logo_696x696.png\",\"width\":696,\"height\":696,\"caption\":\"Electrosuisse\"},\"image\":{\"@id\":\"https:\/\/dev-web.electrosuisse.ch\/fr\/#\/schema\/logo\/image\/\"},\"sameAs\":[\"https:\/\/www.linkedin.com\/company\/electrosuisse-ag\/posts\/?feedView=all\",\"https:\/\/www.instagram.com\/electrosuisse1889\/\",\"https:\/\/www.youtube.com\/channel\/UCoOxohMiVE0Gjcdis1L09zw\"],\"description\":\"Electrosuisse ist eine anerkannte und unabh\u00e4ngige Fachorganisation, die erstklassige Dienstleistungen und Produkte in den Bereichen Inspektion, Beratung, Pr\u00fcfung, Zertifizierung, Normung und Weiterbildung anbietet. Unsere Expertise umfasst Elektrotechnik, Elektromobilit\u00e4t, Energieberatung, Geb\u00e4udeautomation und Photovoltaik in der Schweiz. Durch die Veranstaltung etablierter Branchen-Events und Fachtagungen f\u00f6rdert Electrosuisse den Wissenstransfer und den fachlichen Austausch. Im Mittelpunkt unserer T\u00e4tigkeiten steht die F\u00f6rderung der sicheren, wirtschaftlichen und umweltgerechten Anwendung der Elektrotechnik.\"}]}<\/script>\n<!-- \/ Yoast SEO Premium plugin. -->","yoast_head_json":{"title":"Assembl\u00e9e g\u00e9n\u00e9rale - R\u00e9trospective 2022 - Electrosuisse","robots":{"index":"noindex","follow":"follow","max-snippet":"max-snippet:-1","max-image-preview":"max-image-preview:large","max-video-preview":"max-video-preview:-1"},"og_locale":"fr_FR","og_type":"article","og_title":"Assembl\u00e9e g\u00e9n\u00e9rale - R\u00e9trospective 2022 - Electrosuisse","og_description":"[vc_row][vc_column][vc_column_text] Assembl\u00e9e g\u00e9n\u00e9rale du 12 mai 2022 [\/vc_column_text][vc_column_text]Les membres d&#8217;Electrosuisse se sont r\u00e9unis pour la 138e assembl\u00e9e g\u00e9n\u00e9rale (ordinaire) au Centre de congr\u00e8s Kursaal \u00e0 Interlaken. Un exercice r\u00e9jouissant pour Electrosuisse Le pr\u00e9sident, Reto Nauli, et le directeur, Markus Burger, ont indiqu\u00e9 que l&#8217;exercice \u00e9coul\u00e9 avait \u00e9t\u00e9 r\u00e9jouissant compte tenu de la situation. L&#8217;association se [&hellip;]","og_url":"https:\/\/dev-web.electrosuisse.ch\/fr\/manifestation\/assemblee-generale\/assemblee-generale-retrospective-2022\/","og_site_name":"Electrosuisse","og_image":[{"url":"https:\/\/dev-web.electrosuisse.ch\/wp-content\/uploads\/2022\/08\/KV-GV-2022_1660x470.jpg","type":"","width":"","height":""}],"schema":{"@context":"https:\/\/schema.org","@graph":[{"@type":"WebPage","@id":"https:\/\/dev-web.electrosuisse.ch\/fr\/manifestation\/assemblee-generale\/assemblee-generale-retrospective-2022\/","url":"https:\/\/dev-web.electrosuisse.ch\/fr\/manifestation\/assemblee-generale\/assemblee-generale-retrospective-2022\/","name":"Assembl\u00e9e g\u00e9n\u00e9rale - R\u00e9trospective 2022 - Electrosuisse","isPartOf":{"@id":"https:\/\/dev-web.electrosuisse.ch\/fr\/#website"},"primaryImageOfPage":{"@id":"https:\/\/dev-web.electrosuisse.ch\/fr\/manifestation\/assemblee-generale\/assemblee-generale-retrospective-2022\/#primaryimage"},"image":{"@id":"https:\/\/dev-web.electrosuisse.ch\/fr\/manifestation\/assemblee-generale\/assemblee-generale-retrospective-2022\/#primaryimage"},"thumbnailUrl":"https:\/\/dev-web.electrosuisse.ch\/wp-content\/uploads\/2022\/04\/Reichelt_250x250.png","datePublished":"2022-12-08T16:04:27+00:00","inLanguage":"fr-FR","potentialAction":[{"@type":"ReadAction","target":["https:\/\/dev-web.electrosuisse.ch\/fr\/manifestation\/assemblee-generale\/assemblee-generale-retrospective-2022\/"]}]},{"@type":"ImageObject","inLanguage":"fr-FR","@id":"https:\/\/dev-web.electrosuisse.ch\/fr\/manifestation\/assemblee-generale\/assemblee-generale-retrospective-2022\/#primaryimage","url":"https:\/\/dev-web.electrosuisse.ch\/wp-content\/uploads\/2022\/04\/Reichelt_250x250.png","contentUrl":"https:\/\/dev-web.electrosuisse.ch\/wp-content\/uploads\/2022\/04\/Reichelt_250x250.png"},{"@type":"WebSite","@id":"https:\/\/dev-web.electrosuisse.ch\/fr\/#website","url":"https:\/\/dev-web.electrosuisse.ch\/fr\/","name":"Electrosuisse","description":"","publisher":{"@id":"https:\/\/dev-web.electrosuisse.ch\/fr\/#organization"},"potentialAction":[{"@type":"SearchAction","target":{"@type":"EntryPoint","urlTemplate":"https:\/\/dev-web.electrosuisse.ch\/fr\/?s={search_term_string}"},"query-input":{"@type":"PropertyValueSpecification","valueRequired":true,"valueName":"search_term_string"}}],"inLanguage":"fr-FR"},{"@type":"Organization","@id":"https:\/\/dev-web.electrosuisse.ch\/fr\/#organization","name":"Electrosuisse","url":"https:\/\/dev-web.electrosuisse.ch\/fr\/","logo":{"@type":"ImageObject","inLanguage":"fr-FR","@id":"https:\/\/dev-web.electrosuisse.ch\/fr\/#\/schema\/logo\/image\/","url":"https:\/\/dev-web.electrosuisse.ch\/wp-content\/uploads\/2025\/04\/Electrosuisse_Logo_696x696.png","contentUrl":"https:\/\/dev-web.electrosuisse.ch\/wp-content\/uploads\/2025\/04\/Electrosuisse_Logo_696x696.png","width":696,"height":696,"caption":"Electrosuisse"},"image":{"@id":"https:\/\/dev-web.electrosuisse.ch\/fr\/#\/schema\/logo\/image\/"},"sameAs":["https:\/\/www.linkedin.com\/company\/electrosuisse-ag\/posts\/?feedView=all","https:\/\/www.instagram.com\/electrosuisse1889\/","https:\/\/www.youtube.com\/channel\/UCoOxohMiVE0Gjcdis1L09zw"],"description":"Electrosuisse ist eine anerkannte und unabh\u00e4ngige Fachorganisation, die erstklassige Dienstleistungen und Produkte in den Bereichen Inspektion, Beratung, Pr\u00fcfung, Zertifizierung, Normung und Weiterbildung anbietet. Unsere Expertise umfasst Elektrotechnik, Elektromobilit\u00e4t, Energieberatung, Geb\u00e4udeautomation und Photovoltaik in der Schweiz. Durch die Veranstaltung etablierter Branchen-Events und Fachtagungen f\u00f6rdert Electrosuisse den Wissenstransfer und den fachlichen Austausch. Im Mittelpunkt unserer T\u00e4tigkeiten steht die F\u00f6rderung der sicheren, wirtschaftlichen und umweltgerechten Anwendung der Elektrotechnik."}]}},"_links":{"self":[{"href":"https:\/\/dev-web.electrosuisse.ch\/fr\/wp-json\/wp\/v2\/pages\/23611","targetHints":{"allow":["GET"]}}],"collection":[{"href":"https:\/\/dev-web.electrosuisse.ch\/fr\/wp-json\/wp\/v2\/pages"}],"about":[{"href":"https:\/\/dev-web.electrosuisse.ch\/fr\/wp-json\/wp\/v2\/types\/page"}],"author":[{"embeddable":true,"href":"https:\/\/dev-web.electrosuisse.ch\/fr\/wp-json\/wp\/v2\/users\/6"}],"replies":[{"embeddable":true,"href":"https:\/\/dev-web.electrosuisse.ch\/fr\/wp-json\/wp\/v2\/comments?post=23611"}],"version-history":[{"count":0,"href":"https:\/\/dev-web.electrosuisse.ch\/fr\/wp-json\/wp\/v2\/pages\/23611\/revisions"}],"up":[{"embeddable":true,"href":"https:\/\/dev-web.electrosuisse.ch\/fr\/wp-json\/wp\/v2\/pages\/16848"}],"wp:attachment":[{"href":"https:\/\/dev-web.electrosuisse.ch\/fr\/wp-json\/wp\/v2\/media?parent=23611"}],"curies":[{"name":"wp","href":"https:\/\/api.w.org\/{rel}","templated":true}]}}