{"id":21853,"date":"2022-04-10T18:00:09","date_gmt":"2022-04-10T16:00:09","guid":{"rendered":"https:\/\/dev-web.electrosuisse.ch\/?page_id=21853"},"modified":"2024-11-26T14:15:25","modified_gmt":"2024-11-26T13:15:25","slug":"focus-salaire","status":"publish","type":"page","link":"https:\/\/dev-web.electrosuisse.ch\/fr\/medias\/publications\/focus-salaire\/","title":{"rendered":"Focus Salaire"},"content":{"rendered":"<div class=\"wpb-content-wrapper\"><p>[vc_row][vc_column][vc_column_text css=&#8221;&#8221; el_class=&#8221;lead&#8221;]<\/p>\n<h3>Focus Salaire<\/h3>\n<p>Le Focus Salaire d\u2019Electrosuisse pr\u00e9sente les r\u00e9sultats des \u00e9tudes salariales men\u00e9es sp\u00e9cifiquement au sein de la branche de l\u2019\u00e9lectrotechnique et de l\u2019\u00e9nergie en Suisse, et ce, afin d\u2019offrir plus de transparence aux professionnels actifs dans ces domaines.[\/vc_column_text]<div class=\"wpb_gap_column wpb_content_element\"><div class=\"wpb_wrapper\"><div class=\"gap gap--small\"><\/div><\/div><\/div>[vc_row_inner][vc_column_inner width=&#8221;1\/2&#8243;][vc_column_text css=&#8221;&#8221;]<\/p>\n<h4>Focus Salaire 2024 \u2013 Internationalit\u00e9<\/h4>\n<p>Quelles comp\u00e9tences avez-vous acquises au cours de votre carri\u00e8re et quel est votre point de vue sur l\u2019internationalit\u00e9 ? Quelles exp\u00e9riences en mati\u00e8re d\u2019internationalit\u00e9 sont-elles les plus pertinentes pour vous et pour votre situation professionnelle ? Dans la cinqui\u00e8me \u00e9dition du Focus Salaire d\u2019Electrosuisse, nous mettons en lumi\u00e8re la situation professionnelle actuelle et les salaires per\u00e7us dans la branche, ainsi que l\u2019engagement international, s\u00e9jours \u00e0 l\u2019\u00e9tranger et collaboration avec des coll\u00e8gues internationaux inclus.[\/vc_column_text]<div class=\"wpb_button_column wpb_content_element wpb_content_element--center\"><div class=\"wpb_wrapper\"><div class=\"button button--normal\"><a href=\"https:\/\/shop.electrosuisse.ch\/fr\/Lohnradar-435760.html\" target=\"_blank\" >Commandez maintenant<\/a><\/div><\/div><\/div>[\/vc_column_inner][vc_column_inner width=&#8221;1\/2&#8243;]<div class=\"wpb_image_column wpb_content_element\"><div class=\"wpb_wrapper\"><div class=\"picture_container\"><picture><source media=\"(min-width: 769px)\" srcset=\"https:\/\/dev-web.electrosuisse.ch\/wp-content\/uploads\/2024\/11\/lohnradar_2024-360x509.png\"><source media=\"(min-width: 415px)\" srcset=\"https:\/\/dev-web.electrosuisse.ch\/wp-content\/uploads\/2024\/11\/lohnradar_2024-543x768.png\"><source media=\"(max-width: 414px)\" srcset=\"https:\/\/dev-web.electrosuisse.ch\/wp-content\/uploads\/2024\/11\/lohnradar_2024-414x586.png 1x, https:\/\/dev-web.electrosuisse.ch\/wp-content\/uploads\/2024\/11\/lohnradar_2024-543x768.png 2x\"><img decoding=\"async\" src=\"https:\/\/dev-web.electrosuisse.ch\/wp-content\/uploads\/2024\/11\/lohnradar_2024-360x509.png\" alt=\"Lohnradar\" \/><\/picture><\/div><\/div><\/div>[\/vc_column_inner][\/vc_row_inner]<div class=\"wpb_gap_column wpb_content_element\"><div class=\"wpb_wrapper\"><div class=\"gap gap--medium\"><\/div><\/div><\/div>[vc_column_text css=&#8221;&#8221;]<\/p>\n<h4>\u00c9ditions pass\u00e9es<\/h4>\n<p>[\/vc_column_text]<div class=\"wpb_content_element wpb_accordion_column accordion_simple\"><div class=\"accordions accordions_0\"><div class=\"custom_accordion_item accordion custom_accordion accordion_1_0\"><div class=\"accordion__header\" id=\"accordion_header_1_0\"><div class=\"accordion_trigger js-accordion_trigger\" data-toggle=\"collapse\" \r\n\t\t\t\t\tdata-target=\"#accordion_content_1_0_acc527\" \r\n          aria-expanded=\"false\" aria-controls=\"accordion_content_1_0\"><h3 class=\"accordion-title accordion-title-icon icon--position-right js-accordion-controller\"><div>Focus Salaire 2020 \u2013 Num\u00e9risation et innovation<\/div><\/h3><\/div><\/div><div class=\"accordion__content collapse not-click-to-close\" id=\"accordion_content_1_0_acc527\" aria-labelledby=\"accordion_header_1_0\"><div class=\"inside\"><div class=\"accordion-content\"><div class=\"accordion__inside\"><div class=\"accordion__element\"><!-- Start Accordion Content --><div class=\"accordion__element\"><p>\u00c0 quel salaire s\u2019attendre \u00e0 la fin de ses \u00e9tudes\u00a0? Quelles sont les perspectives salariales \u00e0 plus long terme\u00a0? \u00c0 quoi \u00e9quivaut financi\u00e8rement la prise de plus de responsabilit\u00e9s\u00a0? La 4<sup>e<\/sup> \u00e9dition du Focus Salaire d\u2019Electrosuisse offre un aper\u00e7u de la situation salariale actuelle au sein des secteurs de l\u2019\u00e9lectrotechnique et de l\u2019\u00e9nergie en Suisse. Consacr\u00e9 \u00e0 la num\u00e9risation et \u00e0 l\u2019innovation, des th\u00e8mes on ne peut plus d\u2019actualit\u00e9 en 2020, ce num\u00e9ro fait \u00e9galement le point sur la progression de la num\u00e9risation dans ces secteurs et sur son influence pressentie sur les profils professionnels dans un avenir proche.<\/p>\n<\/div><!-- Start Accordion Content --><\/div><\/div><\/div><\/div><\/div><\/div><div class=\"custom_accordion_item accordion custom_accordion accordion_1_1\"><div class=\"accordion__header\" id=\"accordion_header_1_1\"><div class=\"accordion_trigger js-accordion_trigger\" data-toggle=\"collapse\" \r\n\t\t\t\t\tdata-target=\"#accordion_content_1_1_acc763\" \r\n          aria-expanded=\"false\" aria-controls=\"accordion_content_1_1\"><h3 class=\"accordion-title accordion-title-icon icon--position-right js-accordion-controller\"><div>Focus Salaire 2019 \u2013 Chiffres, faits et pop-corn<\/div><\/h3><\/div><\/div><div class=\"accordion__content collapse not-click-to-close\" id=\"accordion_content_1_1_acc763\" aria-labelledby=\"accordion_header_1_1\"><div class=\"inside\"><div class=\"accordion-content\"><div class=\"accordion__inside\"><div class=\"accordion__element\"><!-- Start Accordion Content --><div class=\"accordion__element\"><p>Dans la troisi\u00e8me \u00e9dition de l\u2019\u00e9tude salariale, vous d\u00e9couvrirez non seulement les salaires per\u00e7us en 2019, mais aussi de pr\u00e9cieuses informations relatives \u00e0 la situation actuelle en mati\u00e8re de formation continue dans notre secteur. De plus, Lars Thomsen, futurologue de renom sp\u00e9cialis\u00e9 dans les domaines de l\u2019\u00e9nergie, de la mobilit\u00e9 et de l\u2019intelligence artificielle, explique dans un captivant article ce que les nouvelles tendances ont \u00e0 voir avec les pop-corns.<\/p>\n<\/div><!-- Start Accordion Content --><\/div><\/div><\/div><\/div><\/div><\/div><div class=\"custom_accordion_item accordion custom_accordion accordion_1_2\"><div class=\"accordion__header\" id=\"accordion_header_1_2\"><div class=\"accordion_trigger js-accordion_trigger\" data-toggle=\"collapse\" \r\n\t\t\t\t\tdata-target=\"#accordion_content_1_2_acc489\" \r\n          aria-expanded=\"false\" aria-controls=\"accordion_content_1_2\"><h3 class=\"accordion-title accordion-title-icon icon--position-right js-accordion-controller\"><div>Focus Salaire 2018 \u2013 Tendances et visions<\/div><\/h3><\/div><\/div><div class=\"accordion__content collapse not-click-to-close\" id=\"accordion_content_1_2_acc489\" aria-labelledby=\"accordion_header_1_2\"><div class=\"inside\"><div class=\"accordion-content\"><div class=\"accordion__inside\"><div class=\"accordion__element\"><!-- Start Accordion Content --><div class=\"accordion__element\"><p>De passionnants articles issus de la pratique pr\u00e9sentent les utilisations actuelles de la num\u00e9risation dans notre secteur et refl\u00e8tent son importance croissante \u00e0 l\u2019avenir. Le Focus Salaire 2018 est compl\u00e9t\u00e9 par une \u00e9tude du march\u00e9 du travail consacr\u00e9e aux nouveaux mod\u00e8les de travail, ainsi que par une \u00e9tude salariale disponible en format PDF.<\/p>\n<\/div><!-- Start Accordion Content --><\/div><\/div><\/div><\/div><\/div><\/div><div class=\"custom_accordion_item accordion custom_accordion accordion_1_3\"><div class=\"accordion__header\" id=\"accordion_header_1_3\"><div class=\"accordion_trigger js-accordion_trigger\" data-toggle=\"collapse\" \r\n\t\t\t\t\tdata-target=\"#accordion_content_1_3_acc349\" \r\n          aria-expanded=\"false\" aria-controls=\"accordion_content_1_3\"><h3 class=\"accordion-title accordion-title-icon icon--position-right js-accordion-controller\"><div>Focus Salaire 2017 \u2013 Savoir o\u00f9 se situer<\/div><\/h3><\/div><\/div><div class=\"accordion__content collapse not-click-to-close\" id=\"accordion_content_1_3_acc349\" aria-labelledby=\"accordion_header_1_3\"><div class=\"inside\"><div class=\"accordion-content\"><div class=\"accordion__inside\"><div class=\"accordion__element\"><!-- Start Accordion Content --><div class=\"accordion__element\"><p>En offrant une vue d\u2019ensemble et une comparaison des salaires au sein de notre branche, le Focus Salaire 2017 constitue un guide pr\u00e9cieux pour les professionnels actifs dans les domaines de l\u2019\u00e9lectrotechnique et de l\u2019\u00e9nergie. Il vous permettra notamment de savoir o\u00f9 vous en \u00eates avec votre salaire, si une formation continue offre de bonnes perspectives financi\u00e8res, dans quel domaine sp\u00e9cifique les possibilit\u00e9s de r\u00e9mun\u00e9ration sont les plus \u00e9lev\u00e9es ou \u00e0 quel salaire initial vous pouvez vous attendre.<\/p>\n<\/div><!-- Start Accordion Content --><\/div><\/div><\/div><\/div><\/div><\/div><\/div><\/div><div class=\"wpb_gap_column wpb_content_element\"><div class=\"wpb_wrapper\"><div class=\"gap gap--small\"><\/div><\/div><\/div>[vc_column_text]Les membres d\u2019Electrosuisse re\u00e7oivent ces informations exceptionnelles gratuitement. Les participants au sondage qui ne sont pas membres d\u2019Electrosuisse peuvent obtenir l\u2019\u00e9tude salariale avec un rabais pr\u00e9f\u00e9rentiel de 50%.[\/vc_column_text]<div class=\"wpb_button_column wpb_content_element wpb_content_element--left\"><div class=\"wpb_wrapper\"><div class=\"button button--normal\"><a href=\"https:\/\/dev-web.electrosuisse.ch\/fr\/devenez-membre\/adhesion-personnelle\/\">Devenir membre<\/a><\/div><\/div><\/div>[\/vc_column][\/vc_row]<\/p>\n<\/div>","protected":false},"excerpt":{"rendered":"<p>[vc_row][vc_column][vc_column_text css=&#8221;&#8221; el_class=&#8221;lead&#8221;] Focus Salaire Le Focus Salaire d\u2019Electrosuisse pr\u00e9sente les r\u00e9sultats des \u00e9tudes salariales men\u00e9es sp\u00e9cifiquement au sein de la branche de l\u2019\u00e9lectrotechnique et de l\u2019\u00e9nergie en Suisse, et ce, afin d\u2019offrir plus de transparence aux professionnels actifs dans ces domaines.[\/vc_column_text][vc_row_inner][vc_column_inner width=&#8221;1\/2&#8243;][vc_column_text css=&#8221;&#8221;] Focus Salaire 2024 \u2013 Internationalit\u00e9 Quelles comp\u00e9tences avez-vous acquises au cours [&hellip;]<\/p>\n","protected":false},"author":6,"featured_media":0,"parent":3775,"menu_order":55,"comment_status":"closed","ping_status":"closed","template":"","meta":{"_acf_changed":false,"footnotes":""},"class_list":["post-21853","page","type-page","status-publish","hentry"],"acf":[],"yoast_head":"<!-- This site is optimized with the Yoast SEO Premium plugin v25.1 (Yoast SEO v25.1) - https:\/\/yoast.com\/wordpress\/plugins\/seo\/ -->\n<title>Le Focus Salaire d\u2019Electrosuisse<\/title>\n<meta name=\"description\" content=\"Le Focus Salaire : r\u00e9sultats des \u00e9tudes salariales, sp\u00e9cifiquement au sein de la branche de l\u2019\u00e9lectrotechnique et de l\u2019\u00e9nergie en Suisse.\" \/>\n<meta name=\"robots\" content=\"noindex, follow, max-snippet:-1, max-image-preview:large, max-video-preview:-1\" \/>\n<meta property=\"og:locale\" content=\"fr_FR\" \/>\n<meta property=\"og:type\" content=\"article\" \/>\n<meta property=\"og:title\" content=\"Le Focus Salaire d\u2019Electrosuisse\" \/>\n<meta property=\"og:description\" content=\"Le Focus Salaire : r\u00e9sultats des \u00e9tudes salariales, sp\u00e9cifiquement au sein de la branche de l\u2019\u00e9lectrotechnique et de l\u2019\u00e9nergie en Suisse.\" \/>\n<meta property=\"og:url\" content=\"https:\/\/dev-web.electrosuisse.ch\/fr\/medias\/publications\/focus-salaire\/\" \/>\n<meta property=\"og:site_name\" content=\"Electrosuisse\" \/>\n<meta property=\"article:modified_time\" content=\"2024-11-26T13:15:25+00:00\" \/>\n<meta property=\"og:image\" content=\"https:\/\/dev-web.electrosuisse.ch\/wp-content\/uploads\/2024\/11\/Lohnradar24_Keyvisual_1660x470.png\" \/>\n\t<meta property=\"og:image:width\" content=\"1578\" \/>\n\t<meta property=\"og:image:height\" content=\"650\" \/>\n\t<meta property=\"og:image:type\" content=\"image\/jpeg\" \/>\n<script type=\"application\/ld+json\" class=\"yoast-schema-graph\">{\"@context\":\"https:\/\/schema.org\",\"@graph\":[{\"@type\":\"WebPage\",\"@id\":\"https:\/\/dev-web.electrosuisse.ch\/fr\/medias\/publications\/focus-salaire\/\",\"url\":\"https:\/\/dev-web.electrosuisse.ch\/fr\/medias\/publications\/focus-salaire\/\",\"name\":\"Le Focus Salaire d\u2019Electrosuisse\",\"isPartOf\":{\"@id\":\"https:\/\/dev-web.electrosuisse.ch\/fr\/#website\"},\"datePublished\":\"2022-04-10T16:00:09+00:00\",\"dateModified\":\"2024-11-26T13:15:25+00:00\",\"description\":\"Le Focus Salaire : r\u00e9sultats des \u00e9tudes salariales, sp\u00e9cifiquement au sein de la branche de l\u2019\u00e9lectrotechnique et de l\u2019\u00e9nergie en Suisse.\",\"breadcrumb\":{\"@id\":\"https:\/\/dev-web.electrosuisse.ch\/fr\/medias\/publications\/focus-salaire\/#breadcrumb\"},\"inLanguage\":\"fr-FR\",\"potentialAction\":[{\"@type\":\"ReadAction\",\"target\":[\"https:\/\/dev-web.electrosuisse.ch\/fr\/medias\/publications\/focus-salaire\/\"]}]},{\"@type\":\"BreadcrumbList\",\"@id\":\"https:\/\/dev-web.electrosuisse.ch\/fr\/medias\/publications\/focus-salaire\/#breadcrumb\",\"itemListElement\":[{\"@type\":\"ListItem\",\"position\":1,\"name\":\"M\u00e9dias\",\"item\":\"https:\/\/dev-web.electrosuisse.ch\/fr\/medias\/\"},{\"@type\":\"ListItem\",\"position\":2,\"name\":\"Publications\",\"item\":\"https:\/\/dev-web.electrosuisse.ch\/fr\/medias\/publications\/\"},{\"@type\":\"ListItem\",\"position\":3,\"name\":\"Focus Salaire\"}]},{\"@type\":\"WebSite\",\"@id\":\"https:\/\/dev-web.electrosuisse.ch\/fr\/#website\",\"url\":\"https:\/\/dev-web.electrosuisse.ch\/fr\/\",\"name\":\"Electrosuisse\",\"description\":\"\",\"publisher\":{\"@id\":\"https:\/\/dev-web.electrosuisse.ch\/fr\/#organization\"},\"potentialAction\":[{\"@type\":\"SearchAction\",\"target\":{\"@type\":\"EntryPoint\",\"urlTemplate\":\"https:\/\/dev-web.electrosuisse.ch\/fr\/?s={search_term_string}\"},\"query-input\":{\"@type\":\"PropertyValueSpecification\",\"valueRequired\":true,\"valueName\":\"search_term_string\"}}],\"inLanguage\":\"fr-FR\"},{\"@type\":\"Organization\",\"@id\":\"https:\/\/dev-web.electrosuisse.ch\/fr\/#organization\",\"name\":\"Electrosuisse\",\"url\":\"https:\/\/dev-web.electrosuisse.ch\/fr\/\",\"logo\":{\"@type\":\"ImageObject\",\"inLanguage\":\"fr-FR\",\"@id\":\"https:\/\/dev-web.electrosuisse.ch\/fr\/#\/schema\/logo\/image\/\",\"url\":\"https:\/\/dev-web.electrosuisse.ch\/wp-content\/uploads\/2025\/04\/Electrosuisse_Logo_696x696.png\",\"contentUrl\":\"https:\/\/dev-web.electrosuisse.ch\/wp-content\/uploads\/2025\/04\/Electrosuisse_Logo_696x696.png\",\"width\":696,\"height\":696,\"caption\":\"Electrosuisse\"},\"image\":{\"@id\":\"https:\/\/dev-web.electrosuisse.ch\/fr\/#\/schema\/logo\/image\/\"},\"sameAs\":[\"https:\/\/www.linkedin.com\/company\/electrosuisse-ag\/posts\/?feedView=all\",\"https:\/\/www.instagram.com\/electrosuisse1889\/\",\"https:\/\/www.youtube.com\/channel\/UCoOxohMiVE0Gjcdis1L09zw\"],\"description\":\"Electrosuisse ist eine anerkannte und unabh\u00e4ngige Fachorganisation, die erstklassige Dienstleistungen und Produkte in den Bereichen Inspektion, Beratung, Pr\u00fcfung, Zertifizierung, Normung und Weiterbildung anbietet. Unsere Expertise umfasst Elektrotechnik, Elektromobilit\u00e4t, Energieberatung, Geb\u00e4udeautomation und Photovoltaik in der Schweiz. Durch die Veranstaltung etablierter Branchen-Events und Fachtagungen f\u00f6rdert Electrosuisse den Wissenstransfer und den fachlichen Austausch. Im Mittelpunkt unserer T\u00e4tigkeiten steht die F\u00f6rderung der sicheren, wirtschaftlichen und umweltgerechten Anwendung der Elektrotechnik.\"}]}<\/script>\n<!-- \/ Yoast SEO Premium plugin. -->","yoast_head_json":{"title":"Le Focus Salaire d\u2019Electrosuisse","description":"Le Focus Salaire : r\u00e9sultats des \u00e9tudes salariales, sp\u00e9cifiquement au sein de la branche de l\u2019\u00e9lectrotechnique et de l\u2019\u00e9nergie en Suisse.","robots":{"index":"noindex","follow":"follow","max-snippet":"max-snippet:-1","max-image-preview":"max-image-preview:large","max-video-preview":"max-video-preview:-1"},"og_locale":"fr_FR","og_type":"article","og_title":"Le Focus Salaire d\u2019Electrosuisse","og_description":"Le Focus Salaire : r\u00e9sultats des \u00e9tudes salariales, sp\u00e9cifiquement au sein de la branche de l\u2019\u00e9lectrotechnique et de l\u2019\u00e9nergie en Suisse.","og_url":"https:\/\/dev-web.electrosuisse.ch\/fr\/medias\/publications\/focus-salaire\/","og_site_name":"Electrosuisse","article_modified_time":"2024-11-26T13:15:25+00:00","og_image":[{"width":1578,"height":650,"url":"https:\/\/dev-web.electrosuisse.ch\/wp-content\/uploads\/2024\/11\/Lohnradar24_Keyvisual_1660x470.png","type":"image\/jpeg"}],"schema":{"@context":"https:\/\/schema.org","@graph":[{"@type":"WebPage","@id":"https:\/\/dev-web.electrosuisse.ch\/fr\/medias\/publications\/focus-salaire\/","url":"https:\/\/dev-web.electrosuisse.ch\/fr\/medias\/publications\/focus-salaire\/","name":"Le Focus Salaire d\u2019Electrosuisse","isPartOf":{"@id":"https:\/\/dev-web.electrosuisse.ch\/fr\/#website"},"datePublished":"2022-04-10T16:00:09+00:00","dateModified":"2024-11-26T13:15:25+00:00","description":"Le Focus Salaire : r\u00e9sultats des \u00e9tudes salariales, sp\u00e9cifiquement au sein de la branche de l\u2019\u00e9lectrotechnique et de l\u2019\u00e9nergie en Suisse.","breadcrumb":{"@id":"https:\/\/dev-web.electrosuisse.ch\/fr\/medias\/publications\/focus-salaire\/#breadcrumb"},"inLanguage":"fr-FR","potentialAction":[{"@type":"ReadAction","target":["https:\/\/dev-web.electrosuisse.ch\/fr\/medias\/publications\/focus-salaire\/"]}]},{"@type":"BreadcrumbList","@id":"https:\/\/dev-web.electrosuisse.ch\/fr\/medias\/publications\/focus-salaire\/#breadcrumb","itemListElement":[{"@type":"ListItem","position":1,"name":"M\u00e9dias","item":"https:\/\/dev-web.electrosuisse.ch\/fr\/medias\/"},{"@type":"ListItem","position":2,"name":"Publications","item":"https:\/\/dev-web.electrosuisse.ch\/fr\/medias\/publications\/"},{"@type":"ListItem","position":3,"name":"Focus Salaire"}]},{"@type":"WebSite","@id":"https:\/\/dev-web.electrosuisse.ch\/fr\/#website","url":"https:\/\/dev-web.electrosuisse.ch\/fr\/","name":"Electrosuisse","description":"","publisher":{"@id":"https:\/\/dev-web.electrosuisse.ch\/fr\/#organization"},"potentialAction":[{"@type":"SearchAction","target":{"@type":"EntryPoint","urlTemplate":"https:\/\/dev-web.electrosuisse.ch\/fr\/?s={search_term_string}"},"query-input":{"@type":"PropertyValueSpecification","valueRequired":true,"valueName":"search_term_string"}}],"inLanguage":"fr-FR"},{"@type":"Organization","@id":"https:\/\/dev-web.electrosuisse.ch\/fr\/#organization","name":"Electrosuisse","url":"https:\/\/dev-web.electrosuisse.ch\/fr\/","logo":{"@type":"ImageObject","inLanguage":"fr-FR","@id":"https:\/\/dev-web.electrosuisse.ch\/fr\/#\/schema\/logo\/image\/","url":"https:\/\/dev-web.electrosuisse.ch\/wp-content\/uploads\/2025\/04\/Electrosuisse_Logo_696x696.png","contentUrl":"https:\/\/dev-web.electrosuisse.ch\/wp-content\/uploads\/2025\/04\/Electrosuisse_Logo_696x696.png","width":696,"height":696,"caption":"Electrosuisse"},"image":{"@id":"https:\/\/dev-web.electrosuisse.ch\/fr\/#\/schema\/logo\/image\/"},"sameAs":["https:\/\/www.linkedin.com\/company\/electrosuisse-ag\/posts\/?feedView=all","https:\/\/www.instagram.com\/electrosuisse1889\/","https:\/\/www.youtube.com\/channel\/UCoOxohMiVE0Gjcdis1L09zw"],"description":"Electrosuisse ist eine anerkannte und unabh\u00e4ngige Fachorganisation, die erstklassige Dienstleistungen und Produkte in den Bereichen Inspektion, Beratung, Pr\u00fcfung, Zertifizierung, Normung und Weiterbildung anbietet. Unsere Expertise umfasst Elektrotechnik, Elektromobilit\u00e4t, Energieberatung, Geb\u00e4udeautomation und Photovoltaik in der Schweiz. Durch die Veranstaltung etablierter Branchen-Events und Fachtagungen f\u00f6rdert Electrosuisse den Wissenstransfer und den fachlichen Austausch. Im Mittelpunkt unserer T\u00e4tigkeiten steht die F\u00f6rderung der sicheren, wirtschaftlichen und umweltgerechten Anwendung der Elektrotechnik."}]}},"_links":{"self":[{"href":"https:\/\/dev-web.electrosuisse.ch\/fr\/wp-json\/wp\/v2\/pages\/21853","targetHints":{"allow":["GET"]}}],"collection":[{"href":"https:\/\/dev-web.electrosuisse.ch\/fr\/wp-json\/wp\/v2\/pages"}],"about":[{"href":"https:\/\/dev-web.electrosuisse.ch\/fr\/wp-json\/wp\/v2\/types\/page"}],"author":[{"embeddable":true,"href":"https:\/\/dev-web.electrosuisse.ch\/fr\/wp-json\/wp\/v2\/users\/6"}],"replies":[{"embeddable":true,"href":"https:\/\/dev-web.electrosuisse.ch\/fr\/wp-json\/wp\/v2\/comments?post=21853"}],"version-history":[{"count":8,"href":"https:\/\/dev-web.electrosuisse.ch\/fr\/wp-json\/wp\/v2\/pages\/21853\/revisions"}],"predecessor-version":[{"id":36988,"href":"https:\/\/dev-web.electrosuisse.ch\/fr\/wp-json\/wp\/v2\/pages\/21853\/revisions\/36988"}],"up":[{"embeddable":true,"href":"https:\/\/dev-web.electrosuisse.ch\/fr\/wp-json\/wp\/v2\/pages\/3775"}],"wp:attachment":[{"href":"https:\/\/dev-web.electrosuisse.ch\/fr\/wp-json\/wp\/v2\/media?parent=21853"}],"curies":[{"name":"wp","href":"https:\/\/api.w.org\/{rel}","templated":true}]}}