{"id":16690,"date":"2021-05-12T14:59:15","date_gmt":"2021-05-12T12:59:15","guid":{"rendered":"https:\/\/dev-web.electrosuisse.ch\/?page_id=16690"},"modified":"2022-05-31T09:10:27","modified_gmt":"2022-05-31T07:10:27","slug":"toolbox-informations","status":"publish","type":"page","link":"https:\/\/dev-web.electrosuisse.ch\/fr\/installation-electrique\/toolbox-informations\/","title":{"rendered":"Toolbox Informations"},"content":{"rendered":"<div class=\"wpb-content-wrapper\"><p>[vc_row][vc_column][vc_column_text]<\/p>\n<h1>Toolbox<\/h1>\n<p>[\/vc_column_text][vc_column_text]La nouvelle ToolBox met \u00e0 votre disposition divers outils \u00e0 titre gratuit ou payant; Les diff\u00e9rents abonnements se distinguent en fonction de leur application:[\/vc_column_text][vc_row_inner][vc_column_inner width=&#8221;1\/3&#8243;][vc_column_text]<\/p>\n<h3>Pour apprenti(e)s<\/h3>\n<p>Outre les outils gratuits comme l\u2019historique de la NIBT, le Forum technique et les Infodossiers, l\u2019abonnement comprend \u00e9galement les outils suivants:<\/p>\n<ul>\n<li>Belvoto<\/li>\n<li>E-learning (fiches d\u2019apprentissage, test en ligne, atelier de mesure, etc.)<\/li>\n<\/ul>\n<p>[\/vc_column_text][vc_column_text]<strong>CHF 35.20 \/ an, hors TVA<\/strong>[\/vc_column_text]<div class=\"wpb_button_column wpb_content_element wpb_content_element--left\"><div class=\"wpb_wrapper\"><div class=\"button button--normal\"><a href=\"https:\/\/shop.electrosuisse.ch\/fr\/DV-TOOLBOXAS-55262.html\" target=\"_blank\" >Acheter<\/a><\/div><\/div><\/div><div class=\"wpb_document_column wpb_content_element\"><div class=\"wpb_wrapper\"><div class=\"document document--pdf\"><a href=\"https:\/\/dev-web.electrosuisse.ch\/wp-content\/uploads\/2021\/05\/Depliant-Toolbox-Instructions-pour-apprentie.pdf\" target=\"_blank\" rel=\"noopener\">D\u00e9pliant Toolbox Instructions pour apprenti(e)<\/a><\/div><\/div><\/div>[\/vc_column_inner][vc_column_inner width=&#8221;1\/3&#8243;][vc_column_text]<\/p>\n<h3>Pour enseignant(e)s<\/h3>\n<p>Outre les outils gratuits comme l\u2019historique de la NIBT, le Forum technique et les Infodossiers, l\u2019abonnement comprend \u00e9galement les outils suivants:<\/p>\n<ul>\n<li>Belvoto<\/li>\n<li>Planification d\u2019installations<\/li>\n<li>G\u00e9n\u00e9rateur de tests<\/li>\n<li>Gestion des classes<\/li>\n<li>E-learning<\/li>\n<\/ul>\n<p>[\/vc_column_text][vc_column_text]<strong>CHF 106.00 \/ an, hors TVA<\/strong>[\/vc_column_text]<div class=\"wpb_button_column wpb_content_element wpb_content_element--left\"><div class=\"wpb_wrapper\"><div class=\"button button--normal\"><a href=\"https:\/\/shop.electrosuisse.ch\/fr\/DV-TOOLBOXAK-55261.html\" target=\"_blank\" >Acheter<\/a><\/div><\/div><\/div><div class=\"wpb_document_column wpb_content_element\"><div class=\"wpb_wrapper\"><div class=\"document document--pdf\"><a href=\"https:\/\/dev-web.electrosuisse.ch\/wp-content\/uploads\/2021\/05\/Depliant-Toolbox-Instructions-pour-enseignante.pdf\" target=\"_blank\" rel=\"noopener\">D\u00e9pliant Toolbox Instructions pour enseignant(e)<\/a><\/div><\/div><\/div>[\/vc_column_inner][vc_column_inner width=&#8221;1\/3&#8243;][vc_column_text]<\/p>\n<h3>Pour experts<\/h3>\n<p>Outre les outils gratuits comme l\u2019historique de la NIBT, le Forum technique et les Infodossiers, l\u2019abonnement comprend \u00e9galement les outils suivants :<\/p>\n<ul>\n<li>Planification d\u2019installations<\/li>\n<li>Belvoto<\/li>\n<\/ul>\n<p>[\/vc_column_text][vc_column_text]<strong>CHF 72.00 \/ an, hors TVA<\/strong>[\/vc_column_text]<div class=\"wpb_button_column wpb_content_element wpb_content_element--left\"><div class=\"wpb_wrapper\"><div class=\"button button--normal\"><a href=\"https:\/\/shop.electrosuisse.ch\/fr\/DV-TOOLBOXAP-55259.html\" target=\"_blank\" >Acheter<\/a><\/div><\/div><\/div>[\/vc_column_inner][\/vc_row_inner]<div class=\"wpb_gap_column wpb_content_element\"><div class=\"wpb_wrapper\"><div class=\"gap gap--medium\"><\/div><\/div><\/div>[vc_column_text]<\/p>\n<h1>FAQ<\/h1>\n<p>[\/vc_column_text][vc_column_text]Vous trouverez ici les r\u00e9ponses \u00e0 la plupart des questions :<\/p>\n<p><a href=\"https:\/\/dev-web.electrosuisse.ch\/fr\/faq#56\" target=\"_blank\" rel=\"noopener\">Vers FAQ Toolbox<\/a>[\/vc_column_text]<div class=\"wpb_gap_column wpb_content_element\"><div class=\"wpb_wrapper\"><div class=\"gap gap--medium\"><\/div><\/div><\/div>[vc_column_text]<\/p>\n<h1>Contact<\/h1>\n<p>[\/vc_column_text]<div class=\"wpb_contact_column wpb_content_element wpb_contact_column--container\"><div class=\"wpb_wrapper\"><div class=\"contact_container_outer\"><div class=\"contact_container\"><div class=\"contact row middle-xs\"><div class=\"contact__img col-sm-5 col-xs-12\"><img decoding=\"async\" src=\"https:\/\/dev-web.electrosuisse.ch\/wp-content\/uploads\/2021\/05\/PeterBryner-300x300-1.jpg\" alt=\"Peter Bryner - Questions sur Belvoto et la planification\" \/><\/div><div class=\"contact__info col-sm-7 col-xs-12\"><p><b>Peter Bryner<\/b><br>Questions sur Belvoto et la planification<\/p><div class=\"phone has-link\"><a href=\"tel:+44585951530\">+44 58 595 15 30<\/a><\/div><div class=\"mail has-link\"><a href=\"mailto:&#x74;&#111;o&#x6c;&#98;o&#x78;&#64;e&#x6c;&#101;c&#x74;&#114;o&#x73;&#x75;i&#x73;&#x73;&#101;&#x2e;&#x63;&#104;\">&#116;&#x6f;&#111;&#x6c;b&#x6f;x&#64;&#x65;&#108;&#x65;c&#x74;r&#111;&#x73;&#117;&#x69;s&#x73;e&#46;&#x63;&#104;<\/a><\/div><\/div><\/div><\/div><\/div><div class=\"contact_container_outer\"><div class=\"contact_container\"><div class=\"contact row middle-xs\"><div class=\"contact__img col-sm-5 col-xs-12\"><img decoding=\"async\" src=\"https:\/\/dev-web.electrosuisse.ch\/wp-content\/uploads\/2022\/05\/RidhaBelhadj_300x300.jpg\" alt=\"Ridha Belhadj - Vente\" \/><\/div><div class=\"contact__info col-sm-7 col-xs-12\"><p><b>Ridha Belhadj<\/b><br>Vente<\/p><div class=\"phone has-link\"><a href=\"tel:+41585951273\">+41 58 595 12 73<\/a><\/div><div class=\"mail has-link\"><a href=\"mailto:t&#111;&#111;&#x6c;&#x62;&#x6f;&#x78;&#64;&#101;&#108;&#101;&#x63;&#x74;&#x72;os&#117;&#105;&#x73;&#x73;&#x65;&#46;c&#104;\">&#x74;&#111;o&#x6c;&#98;o&#x78;&#64;e&#x6c;&#101;c&#x74;&#114;o&#x73;&#x75;i&#x73;&#x73;&#101;&#x2e;&#x63;&#104;<\/a><\/div><\/div><\/div><\/div><\/div><\/div><\/div>[\/vc_column][\/vc_row]<\/p>\n<\/div>","protected":false},"excerpt":{"rendered":"<p>[vc_row][vc_column][vc_column_text] Toolbox [\/vc_column_text][vc_column_text]La nouvelle ToolBox met \u00e0 votre disposition divers outils \u00e0 titre gratuit ou payant; Les diff\u00e9rents abonnements se distinguent en fonction de leur application:[\/vc_column_text][vc_row_inner][vc_column_inner width=&#8221;1\/3&#8243;][vc_column_text] Pour apprenti(e)s Outre les outils gratuits comme l\u2019historique de la NIBT, le Forum technique et les Infodossiers, l\u2019abonnement comprend \u00e9galement les outils suivants: Belvoto E-learning (fiches d\u2019apprentissage, test [&hellip;]<\/p>\n","protected":false},"author":6,"featured_media":0,"parent":21734,"menu_order":87,"comment_status":"closed","ping_status":"closed","template":"","meta":{"_acf_changed":false,"footnotes":""},"class_list":["post-16690","page","type-page","status-publish","hentry"],"acf":[],"yoast_head":"<!-- This site is optimized with the Yoast SEO Premium plugin v25.1 (Yoast SEO v25.1) - https:\/\/yoast.com\/wordpress\/plugins\/seo\/ -->\n<title>Toolbox Informations - Electrosuisse<\/title>\n<meta name=\"robots\" content=\"noindex, follow, max-snippet:-1, max-image-preview:large, max-video-preview:-1\" \/>\n<meta property=\"og:locale\" content=\"fr_FR\" \/>\n<meta property=\"og:type\" content=\"article\" \/>\n<meta property=\"og:title\" content=\"Toolbox Informations - Electrosuisse\" \/>\n<meta property=\"og:description\" content=\"[vc_row][vc_column][vc_column_text] Toolbox [\/vc_column_text][vc_column_text]La nouvelle ToolBox met \u00e0 votre disposition divers outils \u00e0 titre gratuit ou payant; Les diff\u00e9rents abonnements se distinguent en fonction de leur application:[\/vc_column_text][vc_row_inner][vc_column_inner width=&#8221;1\/3&#8243;][vc_column_text] Pour apprenti(e)s Outre les outils gratuits comme l\u2019historique de la NIBT, le Forum technique et les Infodossiers, l\u2019abonnement comprend \u00e9galement les outils suivants: Belvoto E-learning (fiches d\u2019apprentissage, test [&hellip;]\" \/>\n<meta property=\"og:url\" content=\"https:\/\/dev-web.electrosuisse.ch\/fr\/installation-electrique\/toolbox-informations\/\" \/>\n<meta property=\"og:site_name\" content=\"Electrosuisse\" \/>\n<meta property=\"article:modified_time\" content=\"2022-05-31T07:10:27+00:00\" \/>\n<meta property=\"og:image\" content=\"https:\/\/dev-web.electrosuisse.ch\/wp-content\/uploads\/2022\/12\/Electrosuisse_Ueber_uns_1578x650.jpg\" \/>\n\t<meta property=\"og:image:width\" content=\"1578\" \/>\n\t<meta property=\"og:image:height\" content=\"650\" \/>\n\t<meta property=\"og:image:type\" content=\"image\/jpeg\" \/>\n<script type=\"application\/ld+json\" class=\"yoast-schema-graph\">{\"@context\":\"https:\/\/schema.org\",\"@graph\":[{\"@type\":\"WebPage\",\"@id\":\"https:\/\/dev-web.electrosuisse.ch\/fr\/installation-electrique\/toolbox-informations\/\",\"url\":\"https:\/\/dev-web.electrosuisse.ch\/fr\/installation-electrique\/toolbox-informations\/\",\"name\":\"Toolbox Informations - Electrosuisse\",\"isPartOf\":{\"@id\":\"https:\/\/dev-web.electrosuisse.ch\/fr\/#website\"},\"datePublished\":\"2021-05-12T12:59:15+00:00\",\"dateModified\":\"2022-05-31T07:10:27+00:00\",\"breadcrumb\":{\"@id\":\"https:\/\/dev-web.electrosuisse.ch\/fr\/installation-electrique\/toolbox-informations\/#breadcrumb\"},\"inLanguage\":\"fr-FR\",\"potentialAction\":[{\"@type\":\"ReadAction\",\"target\":[\"https:\/\/dev-web.electrosuisse.ch\/fr\/installation-electrique\/toolbox-informations\/\"]}]},{\"@type\":\"BreadcrumbList\",\"@id\":\"https:\/\/dev-web.electrosuisse.ch\/fr\/installation-electrique\/toolbox-informations\/#breadcrumb\",\"itemListElement\":[{\"@type\":\"ListItem\",\"position\":1,\"name\":\"Installation \u00e9lectrique\",\"item\":\"https:\/\/dev-web.electrosuisse.ch\/fr\/installation-electrique\/\"},{\"@type\":\"ListItem\",\"position\":2,\"name\":\"Toolbox Informations\"}]},{\"@type\":\"WebSite\",\"@id\":\"https:\/\/dev-web.electrosuisse.ch\/fr\/#website\",\"url\":\"https:\/\/dev-web.electrosuisse.ch\/fr\/\",\"name\":\"Electrosuisse\",\"description\":\"\",\"publisher\":{\"@id\":\"https:\/\/dev-web.electrosuisse.ch\/fr\/#organization\"},\"potentialAction\":[{\"@type\":\"SearchAction\",\"target\":{\"@type\":\"EntryPoint\",\"urlTemplate\":\"https:\/\/dev-web.electrosuisse.ch\/fr\/?s={search_term_string}\"},\"query-input\":{\"@type\":\"PropertyValueSpecification\",\"valueRequired\":true,\"valueName\":\"search_term_string\"}}],\"inLanguage\":\"fr-FR\"},{\"@type\":\"Organization\",\"@id\":\"https:\/\/dev-web.electrosuisse.ch\/fr\/#organization\",\"name\":\"Electrosuisse\",\"url\":\"https:\/\/dev-web.electrosuisse.ch\/fr\/\",\"logo\":{\"@type\":\"ImageObject\",\"inLanguage\":\"fr-FR\",\"@id\":\"https:\/\/dev-web.electrosuisse.ch\/fr\/#\/schema\/logo\/image\/\",\"url\":\"https:\/\/dev-web.electrosuisse.ch\/wp-content\/uploads\/2025\/04\/Electrosuisse_Logo_696x696.png\",\"contentUrl\":\"https:\/\/dev-web.electrosuisse.ch\/wp-content\/uploads\/2025\/04\/Electrosuisse_Logo_696x696.png\",\"width\":696,\"height\":696,\"caption\":\"Electrosuisse\"},\"image\":{\"@id\":\"https:\/\/dev-web.electrosuisse.ch\/fr\/#\/schema\/logo\/image\/\"},\"sameAs\":[\"https:\/\/www.linkedin.com\/company\/electrosuisse-ag\/posts\/?feedView=all\",\"https:\/\/www.instagram.com\/electrosuisse1889\/\",\"https:\/\/www.youtube.com\/channel\/UCoOxohMiVE0Gjcdis1L09zw\"],\"description\":\"Electrosuisse ist eine anerkannte und unabh\u00e4ngige Fachorganisation, die erstklassige Dienstleistungen und Produkte in den Bereichen Inspektion, Beratung, Pr\u00fcfung, Zertifizierung, Normung und Weiterbildung anbietet. Unsere Expertise umfasst Elektrotechnik, Elektromobilit\u00e4t, Energieberatung, Geb\u00e4udeautomation und Photovoltaik in der Schweiz. Durch die Veranstaltung etablierter Branchen-Events und Fachtagungen f\u00f6rdert Electrosuisse den Wissenstransfer und den fachlichen Austausch. Im Mittelpunkt unserer T\u00e4tigkeiten steht die F\u00f6rderung der sicheren, wirtschaftlichen und umweltgerechten Anwendung der Elektrotechnik.\"}]}<\/script>\n<!-- \/ Yoast SEO Premium plugin. -->","yoast_head_json":{"title":"Toolbox Informations - Electrosuisse","robots":{"index":"noindex","follow":"follow","max-snippet":"max-snippet:-1","max-image-preview":"max-image-preview:large","max-video-preview":"max-video-preview:-1"},"og_locale":"fr_FR","og_type":"article","og_title":"Toolbox Informations - Electrosuisse","og_description":"[vc_row][vc_column][vc_column_text] Toolbox [\/vc_column_text][vc_column_text]La nouvelle ToolBox met \u00e0 votre disposition divers outils \u00e0 titre gratuit ou payant; Les diff\u00e9rents abonnements se distinguent en fonction de leur application:[\/vc_column_text][vc_row_inner][vc_column_inner width=&#8221;1\/3&#8243;][vc_column_text] Pour apprenti(e)s Outre les outils gratuits comme l\u2019historique de la NIBT, le Forum technique et les Infodossiers, l\u2019abonnement comprend \u00e9galement les outils suivants: Belvoto E-learning (fiches d\u2019apprentissage, test [&hellip;]","og_url":"https:\/\/dev-web.electrosuisse.ch\/fr\/installation-electrique\/toolbox-informations\/","og_site_name":"Electrosuisse","article_modified_time":"2022-05-31T07:10:27+00:00","og_image":[{"width":1578,"height":650,"url":"https:\/\/dev-web.electrosuisse.ch\/wp-content\/uploads\/2022\/12\/Electrosuisse_Ueber_uns_1578x650.jpg","type":"image\/jpeg"}],"schema":{"@context":"https:\/\/schema.org","@graph":[{"@type":"WebPage","@id":"https:\/\/dev-web.electrosuisse.ch\/fr\/installation-electrique\/toolbox-informations\/","url":"https:\/\/dev-web.electrosuisse.ch\/fr\/installation-electrique\/toolbox-informations\/","name":"Toolbox Informations - Electrosuisse","isPartOf":{"@id":"https:\/\/dev-web.electrosuisse.ch\/fr\/#website"},"datePublished":"2021-05-12T12:59:15+00:00","dateModified":"2022-05-31T07:10:27+00:00","breadcrumb":{"@id":"https:\/\/dev-web.electrosuisse.ch\/fr\/installation-electrique\/toolbox-informations\/#breadcrumb"},"inLanguage":"fr-FR","potentialAction":[{"@type":"ReadAction","target":["https:\/\/dev-web.electrosuisse.ch\/fr\/installation-electrique\/toolbox-informations\/"]}]},{"@type":"BreadcrumbList","@id":"https:\/\/dev-web.electrosuisse.ch\/fr\/installation-electrique\/toolbox-informations\/#breadcrumb","itemListElement":[{"@type":"ListItem","position":1,"name":"Installation \u00e9lectrique","item":"https:\/\/dev-web.electrosuisse.ch\/fr\/installation-electrique\/"},{"@type":"ListItem","position":2,"name":"Toolbox Informations"}]},{"@type":"WebSite","@id":"https:\/\/dev-web.electrosuisse.ch\/fr\/#website","url":"https:\/\/dev-web.electrosuisse.ch\/fr\/","name":"Electrosuisse","description":"","publisher":{"@id":"https:\/\/dev-web.electrosuisse.ch\/fr\/#organization"},"potentialAction":[{"@type":"SearchAction","target":{"@type":"EntryPoint","urlTemplate":"https:\/\/dev-web.electrosuisse.ch\/fr\/?s={search_term_string}"},"query-input":{"@type":"PropertyValueSpecification","valueRequired":true,"valueName":"search_term_string"}}],"inLanguage":"fr-FR"},{"@type":"Organization","@id":"https:\/\/dev-web.electrosuisse.ch\/fr\/#organization","name":"Electrosuisse","url":"https:\/\/dev-web.electrosuisse.ch\/fr\/","logo":{"@type":"ImageObject","inLanguage":"fr-FR","@id":"https:\/\/dev-web.electrosuisse.ch\/fr\/#\/schema\/logo\/image\/","url":"https:\/\/dev-web.electrosuisse.ch\/wp-content\/uploads\/2025\/04\/Electrosuisse_Logo_696x696.png","contentUrl":"https:\/\/dev-web.electrosuisse.ch\/wp-content\/uploads\/2025\/04\/Electrosuisse_Logo_696x696.png","width":696,"height":696,"caption":"Electrosuisse"},"image":{"@id":"https:\/\/dev-web.electrosuisse.ch\/fr\/#\/schema\/logo\/image\/"},"sameAs":["https:\/\/www.linkedin.com\/company\/electrosuisse-ag\/posts\/?feedView=all","https:\/\/www.instagram.com\/electrosuisse1889\/","https:\/\/www.youtube.com\/channel\/UCoOxohMiVE0Gjcdis1L09zw"],"description":"Electrosuisse ist eine anerkannte und unabh\u00e4ngige Fachorganisation, die erstklassige Dienstleistungen und Produkte in den Bereichen Inspektion, Beratung, Pr\u00fcfung, Zertifizierung, Normung und Weiterbildung anbietet. Unsere Expertise umfasst Elektrotechnik, Elektromobilit\u00e4t, Energieberatung, Geb\u00e4udeautomation und Photovoltaik in der Schweiz. Durch die Veranstaltung etablierter Branchen-Events und Fachtagungen f\u00f6rdert Electrosuisse den Wissenstransfer und den fachlichen Austausch. Im Mittelpunkt unserer T\u00e4tigkeiten steht die F\u00f6rderung der sicheren, wirtschaftlichen und umweltgerechten Anwendung der Elektrotechnik."}]}},"_links":{"self":[{"href":"https:\/\/dev-web.electrosuisse.ch\/fr\/wp-json\/wp\/v2\/pages\/16690","targetHints":{"allow":["GET"]}}],"collection":[{"href":"https:\/\/dev-web.electrosuisse.ch\/fr\/wp-json\/wp\/v2\/pages"}],"about":[{"href":"https:\/\/dev-web.electrosuisse.ch\/fr\/wp-json\/wp\/v2\/types\/page"}],"author":[{"embeddable":true,"href":"https:\/\/dev-web.electrosuisse.ch\/fr\/wp-json\/wp\/v2\/users\/6"}],"replies":[{"embeddable":true,"href":"https:\/\/dev-web.electrosuisse.ch\/fr\/wp-json\/wp\/v2\/comments?post=16690"}],"version-history":[{"count":0,"href":"https:\/\/dev-web.electrosuisse.ch\/fr\/wp-json\/wp\/v2\/pages\/16690\/revisions"}],"up":[{"embeddable":true,"href":"https:\/\/dev-web.electrosuisse.ch\/fr\/wp-json\/wp\/v2\/pages\/21734"}],"wp:attachment":[{"href":"https:\/\/dev-web.electrosuisse.ch\/fr\/wp-json\/wp\/v2\/media?parent=16690"}],"curies":[{"name":"wp","href":"https:\/\/api.w.org\/{rel}","templated":true}]}}