{"id":12125,"date":"2020-07-16T16:43:27","date_gmt":"2020-07-16T14:43:27","guid":{"rendered":"https:\/\/dev-web.electrosuisse.ch\/?page_id=12125"},"modified":"2025-07-09T08:37:32","modified_gmt":"2025-07-09T06:37:32","slug":"tous-les-evenements","status":"publish","type":"page","link":"https:\/\/dev-web.electrosuisse.ch\/fr\/tous-les-evenements\/","title":{"rendered":"Tous les \u00c9v\u00e9nements"},"content":{"rendered":"<div class=\"wpb-content-wrapper\"><p>[vc_row][vc_column][vc_column_text css=&#8221;&#8221; el_class=&#8221;lead&#8221;]Des intervenants issus du secteur de l\u2019\u00e9lectrotechnique et des experts du milieu de la recherche pr\u00e9sentent des informations fond\u00e9es sp\u00e9cifiques \u00e0 la branche et en d\u00e9battent.<\/p>\n<p>Nos forums sp\u00e9cialis\u00e9s constituent la plateforme id\u00e9ale pour les \u00e9changes d\u2019opinions et d\u2019exp\u00e9riences.[\/vc_column_text][vc_column_text el_class=&#8221;lead&#8221;]<a href=\"https:\/\/dev-web.electrosuisse.ch\/fr\/adhesion-personnelle\/\">Devenez membre d\u2019Electrosuisse et profitez de r\u00e9ductions sur les frais d\u2019inscription.<\/a>[\/vc_column_text]<div class=\"wpb_document_column wpb_content_element\"><div class=\"wpb_wrapper\"><div class=\"document document--pdf\"><a href=\"https:\/\/dev-web.electrosuisse.ch\/wp-content\/uploads\/2025\/07\/Flyer_Veranstaltungen_2025_FR_A5_low.pdf\" target=\"_blank\">Forums sp\u00e9cialis\u00e9s 2025<\/a><\/div><\/div><\/div><div class=\"wpb_document_column wpb_content_element\"><div class=\"wpb_wrapper\"><div class=\"document document--pdf\"><a href=\"https:\/\/dev-web.electrosuisse.ch\/wp-content\/uploads\/2024\/12\/Bildungsangebot_2025_FR_WEB2.pdf\" target=\"_blank\">Recueil de formation 2025<\/a><\/div><\/div><\/div><div class=\"wpb_document_column wpb_content_element\"><div class=\"wpb_wrapper\"><div class=\"document document--pdf\"><a href=\"https:\/\/dev-web.electrosuisse.ch\/wp-content\/uploads\/2025\/07\/Flyer_Veranstaltungen_2026_FR_A5_low.pdf\" target=\"_blank\">Forums sp\u00e9cialis\u00e9s 2026<\/a><\/div><\/div><\/div><div class=\"wpb_document_column wpb_content_element\"><div class=\"wpb_wrapper\"><div class=\"document document--pdf\"><a href=\"https:\/\/dev-web.electrosuisse.ch\/wp-content\/uploads\/2025\/06\/Partnerbroschuere_Portfolio_2026pdf.pdf\" target=\"_blank\">Brochure des partenaires et exposants 2026<\/a><\/div><\/div><\/div><div class=\"wpb_events_column wpb_events_column--tagung wpb_content_element\"><div class=\"wpb_wrapper\"><\/div><\/div><div class=\"wpb_button_column wpb_content_element wpb_content_element--left\"><div class=\"wpb_wrapper\"><div class=\"button button--normal\"><a href=\"https:\/\/dev-web.electrosuisse.ch\/de\/alle-tagungen\/\" target=\"_blank\" >Autres \u00e9v\u00e9nements<\/a><\/div><\/div><\/div>[\/vc_column][\/vc_row]<\/p>\n<\/div>","protected":false},"excerpt":{"rendered":"<p>[vc_row][vc_column][vc_column_text css=&#8221;&#8221; el_class=&#8221;lead&#8221;]Des intervenants issus du secteur de l\u2019\u00e9lectrotechnique et des experts du milieu de la recherche pr\u00e9sentent des informations fond\u00e9es sp\u00e9cifiques \u00e0 la branche et en d\u00e9battent. Nos forums sp\u00e9cialis\u00e9s constituent la plateforme id\u00e9ale pour les \u00e9changes d\u2019opinions et d\u2019exp\u00e9riences.[\/vc_column_text][vc_column_text el_class=&#8221;lead&#8221;]Devenez membre d\u2019Electrosuisse et profitez de r\u00e9ductions sur les frais d\u2019inscription.[\/vc_column_text][\/vc_column][\/vc_row]<\/p>\n","protected":false},"author":6,"featured_media":0,"parent":0,"menu_order":338,"comment_status":"closed","ping_status":"closed","template":"","meta":{"_acf_changed":false,"footnotes":""},"class_list":["post-12125","page","type-page","status-publish","hentry"],"acf":[],"yoast_head":"<!-- This site is optimized with the Yoast SEO Premium plugin v25.1 (Yoast SEO v25.1) - https:\/\/yoast.com\/wordpress\/plugins\/seo\/ -->\n<title>O\u00f9 la branche se rencontre<\/title>\n<meta name=\"description\" content=\"Des intervenants issus du secteur de l\u2019\u00e9lectrotechnique et des experts du milieu de la recherche pr\u00e9sentent des informations fond\u00e9es sp\u00e9cifiques \u00e0 la branche et en d\u00e9battent.\" \/>\n<meta name=\"robots\" content=\"noindex, follow, max-snippet:-1, max-image-preview:large, max-video-preview:-1\" \/>\n<meta property=\"og:locale\" content=\"fr_FR\" \/>\n<meta property=\"og:type\" content=\"article\" \/>\n<meta property=\"og:title\" content=\"O\u00f9 la branche se rencontre\" \/>\n<meta property=\"og:description\" content=\"Des intervenants issus du secteur de l\u2019\u00e9lectrotechnique et des experts du milieu de la recherche pr\u00e9sentent des informations fond\u00e9es sp\u00e9cifiques \u00e0 la branche et en d\u00e9battent.\" \/>\n<meta property=\"og:url\" content=\"https:\/\/dev-web.electrosuisse.ch\/fr\/tous-les-evenements\/\" \/>\n<meta property=\"og:site_name\" content=\"Electrosuisse\" \/>\n<meta property=\"article:modified_time\" content=\"2025-07-09T06:37:32+00:00\" \/>\n<meta property=\"og:image\" content=\"https:\/\/dev-web.electrosuisse.ch\/wp-content\/uploads\/2020\/03\/SwissLightingForum_1660x585-1.jpg\" \/>\n\t<meta property=\"og:image:width\" content=\"1578\" \/>\n\t<meta property=\"og:image:height\" content=\"650\" \/>\n\t<meta property=\"og:image:type\" content=\"image\/jpeg\" \/>\n<script type=\"application\/ld+json\" class=\"yoast-schema-graph\">{\"@context\":\"https:\/\/schema.org\",\"@graph\":[{\"@type\":\"WebPage\",\"@id\":\"https:\/\/dev-web.electrosuisse.ch\/fr\/tous-les-evenements\/\",\"url\":\"https:\/\/dev-web.electrosuisse.ch\/fr\/tous-les-evenements\/\",\"name\":\"O\u00f9 la branche se rencontre\",\"isPartOf\":{\"@id\":\"https:\/\/dev-web.electrosuisse.ch\/fr\/#website\"},\"datePublished\":\"2020-07-16T14:43:27+00:00\",\"dateModified\":\"2025-07-09T06:37:32+00:00\",\"description\":\"Des intervenants issus du secteur de l\u2019\u00e9lectrotechnique et des experts du milieu de la recherche pr\u00e9sentent des informations fond\u00e9es sp\u00e9cifiques \u00e0 la branche et en d\u00e9battent.\",\"inLanguage\":\"fr-FR\",\"potentialAction\":[{\"@type\":\"ReadAction\",\"target\":[\"https:\/\/dev-web.electrosuisse.ch\/fr\/tous-les-evenements\/\"]}]},{\"@type\":\"WebSite\",\"@id\":\"https:\/\/dev-web.electrosuisse.ch\/fr\/#website\",\"url\":\"https:\/\/dev-web.electrosuisse.ch\/fr\/\",\"name\":\"Electrosuisse\",\"description\":\"\",\"publisher\":{\"@id\":\"https:\/\/dev-web.electrosuisse.ch\/fr\/#organization\"},\"potentialAction\":[{\"@type\":\"SearchAction\",\"target\":{\"@type\":\"EntryPoint\",\"urlTemplate\":\"https:\/\/dev-web.electrosuisse.ch\/fr\/?s={search_term_string}\"},\"query-input\":{\"@type\":\"PropertyValueSpecification\",\"valueRequired\":true,\"valueName\":\"search_term_string\"}}],\"inLanguage\":\"fr-FR\"},{\"@type\":\"Organization\",\"@id\":\"https:\/\/dev-web.electrosuisse.ch\/fr\/#organization\",\"name\":\"Electrosuisse\",\"url\":\"https:\/\/dev-web.electrosuisse.ch\/fr\/\",\"logo\":{\"@type\":\"ImageObject\",\"inLanguage\":\"fr-FR\",\"@id\":\"https:\/\/dev-web.electrosuisse.ch\/fr\/#\/schema\/logo\/image\/\",\"url\":\"https:\/\/dev-web.electrosuisse.ch\/wp-content\/uploads\/2025\/04\/Electrosuisse_Logo_696x696.png\",\"contentUrl\":\"https:\/\/dev-web.electrosuisse.ch\/wp-content\/uploads\/2025\/04\/Electrosuisse_Logo_696x696.png\",\"width\":696,\"height\":696,\"caption\":\"Electrosuisse\"},\"image\":{\"@id\":\"https:\/\/dev-web.electrosuisse.ch\/fr\/#\/schema\/logo\/image\/\"},\"sameAs\":[\"https:\/\/www.linkedin.com\/company\/electrosuisse-ag\/posts\/?feedView=all\",\"https:\/\/www.instagram.com\/electrosuisse1889\/\",\"https:\/\/www.youtube.com\/channel\/UCoOxohMiVE0Gjcdis1L09zw\"],\"description\":\"Electrosuisse ist eine anerkannte und unabh\u00e4ngige Fachorganisation, die erstklassige Dienstleistungen und Produkte in den Bereichen Inspektion, Beratung, Pr\u00fcfung, Zertifizierung, Normung und Weiterbildung anbietet. Unsere Expertise umfasst Elektrotechnik, Elektromobilit\u00e4t, Energieberatung, Geb\u00e4udeautomation und Photovoltaik in der Schweiz. Durch die Veranstaltung etablierter Branchen-Events und Fachtagungen f\u00f6rdert Electrosuisse den Wissenstransfer und den fachlichen Austausch. Im Mittelpunkt unserer T\u00e4tigkeiten steht die F\u00f6rderung der sicheren, wirtschaftlichen und umweltgerechten Anwendung der Elektrotechnik.\"}]}<\/script>\n<!-- \/ Yoast SEO Premium plugin. -->","yoast_head_json":{"title":"O\u00f9 la branche se rencontre","description":"Des intervenants issus du secteur de l\u2019\u00e9lectrotechnique et des experts du milieu de la recherche pr\u00e9sentent des informations fond\u00e9es sp\u00e9cifiques \u00e0 la branche et en d\u00e9battent.","robots":{"index":"noindex","follow":"follow","max-snippet":"max-snippet:-1","max-image-preview":"max-image-preview:large","max-video-preview":"max-video-preview:-1"},"og_locale":"fr_FR","og_type":"article","og_title":"O\u00f9 la branche se rencontre","og_description":"Des intervenants issus du secteur de l\u2019\u00e9lectrotechnique et des experts du milieu de la recherche pr\u00e9sentent des informations fond\u00e9es sp\u00e9cifiques \u00e0 la branche et en d\u00e9battent.","og_url":"https:\/\/dev-web.electrosuisse.ch\/fr\/tous-les-evenements\/","og_site_name":"Electrosuisse","article_modified_time":"2025-07-09T06:37:32+00:00","og_image":[{"width":1578,"height":650,"url":"https:\/\/dev-web.electrosuisse.ch\/wp-content\/uploads\/2020\/03\/SwissLightingForum_1660x585-1.jpg","type":"image\/jpeg"}],"schema":{"@context":"https:\/\/schema.org","@graph":[{"@type":"WebPage","@id":"https:\/\/dev-web.electrosuisse.ch\/fr\/tous-les-evenements\/","url":"https:\/\/dev-web.electrosuisse.ch\/fr\/tous-les-evenements\/","name":"O\u00f9 la branche se rencontre","isPartOf":{"@id":"https:\/\/dev-web.electrosuisse.ch\/fr\/#website"},"datePublished":"2020-07-16T14:43:27+00:00","dateModified":"2025-07-09T06:37:32+00:00","description":"Des intervenants issus du secteur de l\u2019\u00e9lectrotechnique et des experts du milieu de la recherche pr\u00e9sentent des informations fond\u00e9es sp\u00e9cifiques \u00e0 la branche et en d\u00e9battent.","inLanguage":"fr-FR","potentialAction":[{"@type":"ReadAction","target":["https:\/\/dev-web.electrosuisse.ch\/fr\/tous-les-evenements\/"]}]},{"@type":"WebSite","@id":"https:\/\/dev-web.electrosuisse.ch\/fr\/#website","url":"https:\/\/dev-web.electrosuisse.ch\/fr\/","name":"Electrosuisse","description":"","publisher":{"@id":"https:\/\/dev-web.electrosuisse.ch\/fr\/#organization"},"potentialAction":[{"@type":"SearchAction","target":{"@type":"EntryPoint","urlTemplate":"https:\/\/dev-web.electrosuisse.ch\/fr\/?s={search_term_string}"},"query-input":{"@type":"PropertyValueSpecification","valueRequired":true,"valueName":"search_term_string"}}],"inLanguage":"fr-FR"},{"@type":"Organization","@id":"https:\/\/dev-web.electrosuisse.ch\/fr\/#organization","name":"Electrosuisse","url":"https:\/\/dev-web.electrosuisse.ch\/fr\/","logo":{"@type":"ImageObject","inLanguage":"fr-FR","@id":"https:\/\/dev-web.electrosuisse.ch\/fr\/#\/schema\/logo\/image\/","url":"https:\/\/dev-web.electrosuisse.ch\/wp-content\/uploads\/2025\/04\/Electrosuisse_Logo_696x696.png","contentUrl":"https:\/\/dev-web.electrosuisse.ch\/wp-content\/uploads\/2025\/04\/Electrosuisse_Logo_696x696.png","width":696,"height":696,"caption":"Electrosuisse"},"image":{"@id":"https:\/\/dev-web.electrosuisse.ch\/fr\/#\/schema\/logo\/image\/"},"sameAs":["https:\/\/www.linkedin.com\/company\/electrosuisse-ag\/posts\/?feedView=all","https:\/\/www.instagram.com\/electrosuisse1889\/","https:\/\/www.youtube.com\/channel\/UCoOxohMiVE0Gjcdis1L09zw"],"description":"Electrosuisse ist eine anerkannte und unabh\u00e4ngige Fachorganisation, die erstklassige Dienstleistungen und Produkte in den Bereichen Inspektion, Beratung, Pr\u00fcfung, Zertifizierung, Normung und Weiterbildung anbietet. Unsere Expertise umfasst Elektrotechnik, Elektromobilit\u00e4t, Energieberatung, Geb\u00e4udeautomation und Photovoltaik in der Schweiz. Durch die Veranstaltung etablierter Branchen-Events und Fachtagungen f\u00f6rdert Electrosuisse den Wissenstransfer und den fachlichen Austausch. Im Mittelpunkt unserer T\u00e4tigkeiten steht die F\u00f6rderung der sicheren, wirtschaftlichen und umweltgerechten Anwendung der Elektrotechnik."}]}},"_links":{"self":[{"href":"https:\/\/dev-web.electrosuisse.ch\/fr\/wp-json\/wp\/v2\/pages\/12125","targetHints":{"allow":["GET"]}}],"collection":[{"href":"https:\/\/dev-web.electrosuisse.ch\/fr\/wp-json\/wp\/v2\/pages"}],"about":[{"href":"https:\/\/dev-web.electrosuisse.ch\/fr\/wp-json\/wp\/v2\/types\/page"}],"author":[{"embeddable":true,"href":"https:\/\/dev-web.electrosuisse.ch\/fr\/wp-json\/wp\/v2\/users\/6"}],"replies":[{"embeddable":true,"href":"https:\/\/dev-web.electrosuisse.ch\/fr\/wp-json\/wp\/v2\/comments?post=12125"}],"version-history":[{"count":17,"href":"https:\/\/dev-web.electrosuisse.ch\/fr\/wp-json\/wp\/v2\/pages\/12125\/revisions"}],"predecessor-version":[{"id":39505,"href":"https:\/\/dev-web.electrosuisse.ch\/fr\/wp-json\/wp\/v2\/pages\/12125\/revisions\/39505"}],"wp:attachment":[{"href":"https:\/\/dev-web.electrosuisse.ch\/fr\/wp-json\/wp\/v2\/media?parent=12125"}],"curies":[{"name":"wp","href":"https:\/\/api.w.org\/{rel}","templated":true}]}}