{"id":9143,"date":"2020-05-12T09:45:16","date_gmt":"2020-05-12T07:45:16","guid":{"rendered":"https:\/\/dev-web.electrosuisse.ch\/?page_id=9143"},"modified":"2024-11-01T13:53:54","modified_gmt":"2024-11-01T12:53:54","slug":"nationalstrassen-und-eisenbahntunnels","status":"publish","type":"page","link":"https:\/\/dev-web.electrosuisse.ch\/de\/inspektion-beratung\/nationalstrassen-und-eisenbahntunnels\/","title":{"rendered":"Nationalstrassen und Eisenbahntunnels"},"content":{"rendered":"<div class=\"wpb-content-wrapper\"><p>[vc_row][vc_column][vc_column_text css=&#8221;&#8221;]Mit Produktpr\u00fcfungen, Qualit\u00e4tskontrollen, Abnahmekontrollen und <a href=\"https:\/\/dev-web.electrosuisse.ch\/de\/inspektion-beratung\/sicherheitskonzepte\/\" target=\"_blank\" rel=\"noopener\">Sicherheitskonzepten<\/a> sorgen wir f\u00fcr Sicherheit auf Nationalstrassen und in Eisenbahntunnels.<\/p>\n<p>Unsere Fachspezialisten beurteilen Ihre Elektroinstallationen Normen- und Vorschriftenkonform. Als beratende Instanz begleiten wir Sie durch die verschiedenen Projektphasen, \u00fcberwachen die Elektroinstallationen und die Werkskontrollen von <a href=\"https:\/\/dev-web.electrosuisse.ch\/de\/inspektion-engineering\/analyse\/schaltgeraetekombinationen\/\">Schaltger\u00e4te-Kombinationen<\/a> und pr\u00fcfen die elektrische Ausr\u00fcstung\u00a0 von Verkehrssignalen, Transformatoren und Mittelspannungs-Anlagen.<\/p>\n<p>Wir sind die akkreditierte <a href=\"https:\/\/www.sas.admin.ch\/sas\/de\/home\/akkreditiertestellen\/akkrstellensuchesas.exturl.html\/aHR0cHM6Ly9zYXNkYi5jbGllbnRzLmxpaXAuY2gvc2VhcmNoLm\/h0bWw=.html?csrfmiddlewaretoken=esyqt4uvBQYwLBTYvgnlsUalGUD2bbZdD0XAU0MxupyyJmycMOcfURFjI7qp3mU5&amp;lang=de&amp;search_term=NIV&amp;accreditation_type=3&amp;submit=Suche+starten\">Inspektionsstelle SIS 072<\/a>.<br \/>\nZertifiziert: ISO 9001, EKAS.[\/vc_column_text][\/vc_column][\/vc_row][vc_row el_id=&#8221;kontakt&#8221;][vc_column]<div class=\"wpb_contact_column wpb_content_element wpb_content_element--\"><div class=\"wpb_wrapper\"><div class=\"contact_container\"><div class=\"contact row middle-xs\"><div class=\"contact__img col-sm-5 col-xs-12\"><img decoding=\"async\" src=\"\/wp-content\/themes\/SCHMUCKI_child\/img\/contact_placeholder.jpg\" alt=\"Beratung, Inspektion und Engineering\" \/><\/div><div class=\"contact__info col-sm-7 col-xs-12\"><p><b>Beratung, Inspektion und Engineering<\/b><br>Innendienst<\/p><div class=\"phone has-link\"><a href=\"tel:+41585951199\">+41 58 595 11 99<\/a><\/div><div class=\"mail has-link\"><a href=\"mailto:beratung&#64;&#101;&#108;&#101;&#99;&#116;&#114;&#111;&#115;&#117;&#x69;&#x73;&#x73;&#x65;&#x2e;&#x63;&#x68; \">b&#101;&#114;&#x61;&#x74;&#x75;ng&#64;&#101;&#x6c;&#x65;&#x63;t&#114;&#111;&#115;&#x75;&#x69;&#x73;s&#101;&#46;&#x63;&#x68; <\/a><\/div><\/div><\/div><\/div><\/div><\/div>[\/vc_column][\/vc_row]<\/p>\n<\/div>","protected":false},"excerpt":{"rendered":"<p>[vc_row][vc_column][vc_column_text css=&#8221;&#8221;]Mit Produktpr\u00fcfungen, Qualit\u00e4tskontrollen, Abnahmekontrollen und Sicherheitskonzepten sorgen wir f\u00fcr Sicherheit auf Nationalstrassen und in Eisenbahntunnels. Unsere Fachspezialisten beurteilen Ihre Elektroinstallationen Normen- und Vorschriftenkonform. Als beratende Instanz begleiten wir Sie durch die verschiedenen Projektphasen, \u00fcberwachen die Elektroinstallationen und die Werkskontrollen von Schaltger\u00e4te-Kombinationen und pr\u00fcfen die elektrische Ausr\u00fcstung\u00a0 von Verkehrssignalen, Transformatoren und Mittelspannungs-Anlagen. Wir sind die [&hellip;]<\/p>\n","protected":false},"author":6,"featured_media":0,"parent":22114,"menu_order":193,"comment_status":"closed","ping_status":"closed","template":"","meta":{"_acf_changed":false,"footnotes":""},"class_list":["post-9143","page","type-page","status-publish","hentry"],"acf":[],"yoast_head":"<!-- This site is optimized with the Yoast SEO Premium plugin v25.1 (Yoast SEO v25.1) - https:\/\/yoast.com\/wordpress\/plugins\/seo\/ -->\n<title>Nationalstrassen und Eisenbahntunnels<\/title>\n<meta name=\"description\" content=\"Mit Pr\u00fcfungen, Kontrollen und Sicherheitskonzepten sorgen wir f\u00fcr Sicherheit auf Nationalstrassen und in Eisenbahntunnels.\" \/>\n<meta name=\"robots\" content=\"noindex, follow, max-snippet:-1, max-image-preview:large, max-video-preview:-1\" \/>\n<meta property=\"og:locale\" content=\"de_DE\" \/>\n<meta property=\"og:type\" content=\"article\" \/>\n<meta property=\"og:title\" content=\"Nationalstrassen und Eisenbahntunnels\" \/>\n<meta property=\"og:description\" content=\"Mit Pr\u00fcfungen, Kontrollen und Sicherheitskonzepten sorgen wir f\u00fcr Sicherheit auf Nationalstrassen und in Eisenbahntunnels.\" \/>\n<meta property=\"og:url\" content=\"https:\/\/dev-web.electrosuisse.ch\/de\/inspektion-beratung\/nationalstrassen-und-eisenbahntunnels\/\" \/>\n<meta property=\"og:site_name\" content=\"Electrosuisse\" \/>\n<meta property=\"article:modified_time\" content=\"2024-11-01T12:53:54+00:00\" \/>\n<meta property=\"og:image\" content=\"https:\/\/dev-web.electrosuisse.ch\/wp-content\/uploads\/2019\/10\/Electrosuisse_Eisenbahntunnel.jpg\" \/>\n\t<meta property=\"og:image:width\" content=\"1578\" \/>\n\t<meta property=\"og:image:height\" content=\"650\" \/>\n\t<meta property=\"og:image:type\" content=\"image\/jpeg\" \/>\n<script type=\"application\/ld+json\" class=\"yoast-schema-graph\">{\"@context\":\"https:\/\/schema.org\",\"@graph\":[{\"@type\":\"WebPage\",\"@id\":\"https:\/\/dev-web.electrosuisse.ch\/de\/inspektion-beratung\/nationalstrassen-und-eisenbahntunnels\/\",\"url\":\"https:\/\/dev-web.electrosuisse.ch\/de\/inspektion-beratung\/nationalstrassen-und-eisenbahntunnels\/\",\"name\":\"Nationalstrassen und Eisenbahntunnels\",\"isPartOf\":{\"@id\":\"https:\/\/dev-web.electrosuisse.ch\/de\/#website\"},\"datePublished\":\"2020-05-12T07:45:16+00:00\",\"dateModified\":\"2024-11-01T12:53:54+00:00\",\"description\":\"Mit Pr\u00fcfungen, Kontrollen und Sicherheitskonzepten sorgen wir f\u00fcr Sicherheit auf Nationalstrassen und in Eisenbahntunnels.\",\"breadcrumb\":{\"@id\":\"https:\/\/dev-web.electrosuisse.ch\/de\/inspektion-beratung\/nationalstrassen-und-eisenbahntunnels\/#breadcrumb\"},\"inLanguage\":\"de\",\"potentialAction\":[{\"@type\":\"ReadAction\",\"target\":[\"https:\/\/dev-web.electrosuisse.ch\/de\/inspektion-beratung\/nationalstrassen-und-eisenbahntunnels\/\"]}]},{\"@type\":\"BreadcrumbList\",\"@id\":\"https:\/\/dev-web.electrosuisse.ch\/de\/inspektion-beratung\/nationalstrassen-und-eisenbahntunnels\/#breadcrumb\",\"itemListElement\":[{\"@type\":\"ListItem\",\"position\":1,\"name\":\"Inspektion und Beratung\",\"item\":\"https:\/\/dev-web.electrosuisse.ch\/de\/inspektion-beratung\/\"},{\"@type\":\"ListItem\",\"position\":2,\"name\":\"Nationalstrassen und Eisenbahntunnels\"}]},{\"@type\":\"WebSite\",\"@id\":\"https:\/\/dev-web.electrosuisse.ch\/de\/#website\",\"url\":\"https:\/\/dev-web.electrosuisse.ch\/de\/\",\"name\":\"Electrosuisse\",\"description\":\"\",\"publisher\":{\"@id\":\"https:\/\/dev-web.electrosuisse.ch\/de\/#organization\"},\"potentialAction\":[{\"@type\":\"SearchAction\",\"target\":{\"@type\":\"EntryPoint\",\"urlTemplate\":\"https:\/\/dev-web.electrosuisse.ch\/de\/?s={search_term_string}\"},\"query-input\":{\"@type\":\"PropertyValueSpecification\",\"valueRequired\":true,\"valueName\":\"search_term_string\"}}],\"inLanguage\":\"de\"},{\"@type\":\"Organization\",\"@id\":\"https:\/\/dev-web.electrosuisse.ch\/de\/#organization\",\"name\":\"Electrosuisse\",\"url\":\"https:\/\/dev-web.electrosuisse.ch\/de\/\",\"logo\":{\"@type\":\"ImageObject\",\"inLanguage\":\"de\",\"@id\":\"https:\/\/dev-web.electrosuisse.ch\/de\/#\/schema\/logo\/image\/\",\"url\":\"https:\/\/dev-web.electrosuisse.ch\/wp-content\/uploads\/2025\/04\/Electrosuisse_Logo_696x696.png\",\"contentUrl\":\"https:\/\/dev-web.electrosuisse.ch\/wp-content\/uploads\/2025\/04\/Electrosuisse_Logo_696x696.png\",\"width\":696,\"height\":696,\"caption\":\"Electrosuisse\"},\"image\":{\"@id\":\"https:\/\/dev-web.electrosuisse.ch\/de\/#\/schema\/logo\/image\/\"},\"sameAs\":[\"https:\/\/www.linkedin.com\/company\/electrosuisse-ag\/posts\/?feedView=all\",\"https:\/\/www.instagram.com\/electrosuisse1889\/\",\"https:\/\/www.youtube.com\/channel\/UCoOxohMiVE0Gjcdis1L09zw\"],\"description\":\"Electrosuisse ist eine anerkannte und unabh\u00e4ngige Fachorganisation, die erstklassige Dienstleistungen und Produkte in den Bereichen Inspektion, Beratung, Pr\u00fcfung, Zertifizierung, Normung und Weiterbildung anbietet. Unsere Expertise umfasst Elektrotechnik, Elektromobilit\u00e4t, Energieberatung, Geb\u00e4udeautomation und Photovoltaik in der Schweiz. Durch die Veranstaltung etablierter Branchen-Events und Fachtagungen f\u00f6rdert Electrosuisse den Wissenstransfer und den fachlichen Austausch. Im Mittelpunkt unserer T\u00e4tigkeiten steht die F\u00f6rderung der sicheren, wirtschaftlichen und umweltgerechten Anwendung der Elektrotechnik.\"}]}<\/script>\n<!-- \/ Yoast SEO Premium plugin. -->","yoast_head_json":{"title":"Nationalstrassen und Eisenbahntunnels","description":"Mit Pr\u00fcfungen, Kontrollen und Sicherheitskonzepten sorgen wir f\u00fcr Sicherheit auf Nationalstrassen und in Eisenbahntunnels.","robots":{"index":"noindex","follow":"follow","max-snippet":"max-snippet:-1","max-image-preview":"max-image-preview:large","max-video-preview":"max-video-preview:-1"},"og_locale":"de_DE","og_type":"article","og_title":"Nationalstrassen und Eisenbahntunnels","og_description":"Mit Pr\u00fcfungen, Kontrollen und Sicherheitskonzepten sorgen wir f\u00fcr Sicherheit auf Nationalstrassen und in Eisenbahntunnels.","og_url":"https:\/\/dev-web.electrosuisse.ch\/de\/inspektion-beratung\/nationalstrassen-und-eisenbahntunnels\/","og_site_name":"Electrosuisse","article_modified_time":"2024-11-01T12:53:54+00:00","og_image":[{"width":1578,"height":650,"url":"https:\/\/dev-web.electrosuisse.ch\/wp-content\/uploads\/2019\/10\/Electrosuisse_Eisenbahntunnel.jpg","type":"image\/jpeg"}],"schema":{"@context":"https:\/\/schema.org","@graph":[{"@type":"WebPage","@id":"https:\/\/dev-web.electrosuisse.ch\/de\/inspektion-beratung\/nationalstrassen-und-eisenbahntunnels\/","url":"https:\/\/dev-web.electrosuisse.ch\/de\/inspektion-beratung\/nationalstrassen-und-eisenbahntunnels\/","name":"Nationalstrassen und Eisenbahntunnels","isPartOf":{"@id":"https:\/\/dev-web.electrosuisse.ch\/de\/#website"},"datePublished":"2020-05-12T07:45:16+00:00","dateModified":"2024-11-01T12:53:54+00:00","description":"Mit Pr\u00fcfungen, Kontrollen und Sicherheitskonzepten sorgen wir f\u00fcr Sicherheit auf Nationalstrassen und in Eisenbahntunnels.","breadcrumb":{"@id":"https:\/\/dev-web.electrosuisse.ch\/de\/inspektion-beratung\/nationalstrassen-und-eisenbahntunnels\/#breadcrumb"},"inLanguage":"de","potentialAction":[{"@type":"ReadAction","target":["https:\/\/dev-web.electrosuisse.ch\/de\/inspektion-beratung\/nationalstrassen-und-eisenbahntunnels\/"]}]},{"@type":"BreadcrumbList","@id":"https:\/\/dev-web.electrosuisse.ch\/de\/inspektion-beratung\/nationalstrassen-und-eisenbahntunnels\/#breadcrumb","itemListElement":[{"@type":"ListItem","position":1,"name":"Inspektion und Beratung","item":"https:\/\/dev-web.electrosuisse.ch\/de\/inspektion-beratung\/"},{"@type":"ListItem","position":2,"name":"Nationalstrassen und Eisenbahntunnels"}]},{"@type":"WebSite","@id":"https:\/\/dev-web.electrosuisse.ch\/de\/#website","url":"https:\/\/dev-web.electrosuisse.ch\/de\/","name":"Electrosuisse","description":"","publisher":{"@id":"https:\/\/dev-web.electrosuisse.ch\/de\/#organization"},"potentialAction":[{"@type":"SearchAction","target":{"@type":"EntryPoint","urlTemplate":"https:\/\/dev-web.electrosuisse.ch\/de\/?s={search_term_string}"},"query-input":{"@type":"PropertyValueSpecification","valueRequired":true,"valueName":"search_term_string"}}],"inLanguage":"de"},{"@type":"Organization","@id":"https:\/\/dev-web.electrosuisse.ch\/de\/#organization","name":"Electrosuisse","url":"https:\/\/dev-web.electrosuisse.ch\/de\/","logo":{"@type":"ImageObject","inLanguage":"de","@id":"https:\/\/dev-web.electrosuisse.ch\/de\/#\/schema\/logo\/image\/","url":"https:\/\/dev-web.electrosuisse.ch\/wp-content\/uploads\/2025\/04\/Electrosuisse_Logo_696x696.png","contentUrl":"https:\/\/dev-web.electrosuisse.ch\/wp-content\/uploads\/2025\/04\/Electrosuisse_Logo_696x696.png","width":696,"height":696,"caption":"Electrosuisse"},"image":{"@id":"https:\/\/dev-web.electrosuisse.ch\/de\/#\/schema\/logo\/image\/"},"sameAs":["https:\/\/www.linkedin.com\/company\/electrosuisse-ag\/posts\/?feedView=all","https:\/\/www.instagram.com\/electrosuisse1889\/","https:\/\/www.youtube.com\/channel\/UCoOxohMiVE0Gjcdis1L09zw"],"description":"Electrosuisse ist eine anerkannte und unabh\u00e4ngige Fachorganisation, die erstklassige Dienstleistungen und Produkte in den Bereichen Inspektion, Beratung, Pr\u00fcfung, Zertifizierung, Normung und Weiterbildung anbietet. Unsere Expertise umfasst Elektrotechnik, Elektromobilit\u00e4t, Energieberatung, Geb\u00e4udeautomation und Photovoltaik in der Schweiz. Durch die Veranstaltung etablierter Branchen-Events und Fachtagungen f\u00f6rdert Electrosuisse den Wissenstransfer und den fachlichen Austausch. Im Mittelpunkt unserer T\u00e4tigkeiten steht die F\u00f6rderung der sicheren, wirtschaftlichen und umweltgerechten Anwendung der Elektrotechnik."}]}},"_links":{"self":[{"href":"https:\/\/dev-web.electrosuisse.ch\/de\/wp-json\/wp\/v2\/pages\/9143","targetHints":{"allow":["GET"]}}],"collection":[{"href":"https:\/\/dev-web.electrosuisse.ch\/de\/wp-json\/wp\/v2\/pages"}],"about":[{"href":"https:\/\/dev-web.electrosuisse.ch\/de\/wp-json\/wp\/v2\/types\/page"}],"author":[{"embeddable":true,"href":"https:\/\/dev-web.electrosuisse.ch\/de\/wp-json\/wp\/v2\/users\/6"}],"replies":[{"embeddable":true,"href":"https:\/\/dev-web.electrosuisse.ch\/de\/wp-json\/wp\/v2\/comments?post=9143"}],"version-history":[{"count":4,"href":"https:\/\/dev-web.electrosuisse.ch\/de\/wp-json\/wp\/v2\/pages\/9143\/revisions"}],"predecessor-version":[{"id":36818,"href":"https:\/\/dev-web.electrosuisse.ch\/de\/wp-json\/wp\/v2\/pages\/9143\/revisions\/36818"}],"up":[{"embeddable":true,"href":"https:\/\/dev-web.electrosuisse.ch\/de\/wp-json\/wp\/v2\/pages\/22114"}],"wp:attachment":[{"href":"https:\/\/dev-web.electrosuisse.ch\/de\/wp-json\/wp\/v2\/media?parent=9143"}],"curies":[{"name":"wp","href":"https:\/\/api.w.org\/{rel}","templated":true}]}}