{"id":62,"date":"2018-06-24T11:11:24","date_gmt":"2018-06-24T09:11:24","guid":{"rendered":"https:\/\/dev-web.electrosuisse.ch\/?page_id=62"},"modified":"2025-04-30T13:40:30","modified_gmt":"2025-04-30T11:40:30","slug":"blitzschutz-und-erdung","status":"publish","type":"page","link":"https:\/\/dev-web.electrosuisse.ch\/de\/inspektion-beratung\/blitzschutz-und-erdung\/","title":{"rendered":"Blitzschutz und Erdung"},"content":{"rendered":"<div class=\"wpb-content-wrapper\"><p>[vc_row][vc_column][vc_column_text el_class=&#8221;lead&#8221;]Blitzschl\u00e4ge k\u00f6nnen massive Sch\u00e4den verursachen. Ein Blitzschutzsystem leitet die hohe Energie beim Einschlag ab. Dadurch sind Geb\u00e4ude und technische Ger\u00e4te vor gr\u00f6sseren Sch\u00e4den gesch\u00fctzt. Eine korrekt installierte Erdungsanlage sch\u00fctzt Leben und sensible Sensorik gleichermassen. Electrosuisse unterst\u00fctzt Sie beim er\u00f6rtern der Massnahmen.[\/vc_column_text]<div class=\"wpb_gap_column wpb_content_element\"><div class=\"wpb_wrapper\"><div class=\"gap gap--small\"><\/div><\/div><\/div>[vc_column_text]<\/p>\n<h3>Erdung, Blitz- und \u00dcberspannungsschutz<\/h3>\n<p>Bei diesen drei Themen \u00fcberlappen sich die Massnahmen gegenseitig. Ein korrekt ausgef\u00fchrter Blitzschutz schliesst die Erdung und den Potenzialausgleich mit ein. Zahlreiche Kantone verlangen im Rahmen des Anlagenschutzes durch die Geb\u00e4ude\u00adversicherung vor Baubeginn ein Konzept, wie die Anlage gegen Blitzschlag gesch\u00fctzt wird.<\/p>\n<h4>Hinweis:<\/h4>\n<p>Ein Geb\u00e4ude wird durch eine Photovoltaikanlage nicht blitzschutzpflichtig. Fast immer ist der Potenzialausgleich bei Installationen nach Schutzklasse\u20052 vom Solarmodulfeld bis zum Hauptverteiltableau notwendig. Die <a href=\"http:\/\/toolbox.electrosuisse.ch\/_files\/downloads\/__berarbeitung_der_Leits__tze_SEV_4022_2008.pdf\" target=\"_blank\" rel=\"noopener noreferrer\">Leits\u00e4tze SN SEV\u20054022<\/a> schreiben vor, dass da, wo ein Blitzschutz vorhanden ist, die korrekte Einbindung der Solaranlage in das Blitzschutz\u00adsystem notwendig ist. Bei Geb\u00e4uden ohne Blitzschutz sind die Schutzmassnahmen gem\u00e4ss <a href=\"https:\/\/dev-web.electrosuisse.ch\/wp-content\/uploads\/2019\/06\/NIN_2015_BE_Corrigendum_2016_DE_4-1-1_.pdf\" target=\"_blank\" rel=\"noopener noreferrer\">NIN Kapitel 7.12<\/a> auszuf\u00fchren.[\/vc_column_text][\/vc_column][\/vc_row][vc_row el_id=&#8221;massnahmen&#8221;][vc_column][vc_column_text css=&#8221;&#8221;]<\/p>\n<h2>Treffen Sie die richtigen Massnahmen f\u00fcr Ihre Bauten<\/h2>\n<p>Ein Blitzschutzsystem muss errichtet werden, wenn beh\u00f6rdliche Auflagen oder andere Rechtsvorschriften dies vorschreiben. Ansonsten ist die Errichtung eine freiwillige Entscheidung des Geb\u00e4udeeigent\u00fcmers. Allerdings kann beim Abschluss einer Wohngeb\u00e4ude-Versicherung ein Blitzschutzsystem durch den Versicherer gefordert werden.<\/p>\n<p>Die Planung und Installation d\u00fcrfen nur von Blitzschutzfachkr\u00e4ften ausgef\u00fchrt werden. Lassen Sie Ihre Schutzanlage regelm\u00e4ssig \u00fcberpr\u00fcfen. Ihr Elektroinstallateur erteilt gerne weitere Ausk\u00fcnfte.<\/p>\n<p>Wir schaffen Sicherheit bei der Planung, Erstellung und Kontrolle Ihres Blitzschutz- und Erdungssystems. Daf\u00fcr erstellen wir unter Ber\u00fccksichtigung einer Risiko- und Wirtschaftlichkeitsbewertung eine objekt- und betriebsspezifische Bedarfsanalyse und\/oder pr\u00fcfen Ihr vorhandenes Konzept.[\/vc_column_text]<div class=\"wpb_gap_column wpb_content_element\"><div class=\"wpb_wrapper\"><div class=\"gap gap--small\"><\/div><\/div><\/div><div class=\"wpb_document_column wpb_content_element\"><div class=\"wpb_wrapper\"><div class=\"document document--pdf\"><a href=\"https:\/\/dev-web.electrosuisse.ch\/wp-content\/uploads\/2019\/03\/Electrosuisse_Blitzeschutz_Broschuere.pdf\" target=\"_blank\" rel=\"noopener\">Brosch\u00fcre \u00abBlitze - So k\u00f6nnen Sie sich sch\u00fctzen\u00bb<\/a><\/div><\/div><\/div>[\/vc_column][\/vc_row][vc_row el_id=&#8221;kontakt&#8221;][vc_column][vc_column_text]<\/p>\n<h2>Kontakt<\/h2>\n<p>[\/vc_column_text]<div class=\"wpb_contact_column wpb_content_element wpb_contact_column--container\"><div class=\"wpb_wrapper\"><div class=\"contact_container_outer\"><div class=\"contact_container\"><div class=\"contact row middle-xs\"><div class=\"contact__img col-sm-5 col-xs-12\"><img decoding=\"async\" src=\"https:\/\/dev-web.electrosuisse.ch\/wp-content\/uploads\/2023\/02\/Schellenberg-Marcel.jpg\" alt=\"Marcel Schellenberg - Beratungsingenieur\" \/><\/div><div class=\"contact__info col-sm-7 col-xs-12\"><p><b>Marcel Schellenberg<\/b><br>Beratungsingenieur<\/p><div class=\"phone has-link\"><a href=\"tel:+41585951568\">+41 58 595 15 68<\/a><\/div><div class=\"mail has-link\"><a href=\"mailto:&#x6d;&#97;&#x72;&#99;e&#x6c;&#46;s&#x63;&#104;&#x65;&#x6c;l&#x65;&#110;b&#x65;&#114;&#x67;&#x40;e&#x6c;&#101;c&#x74;&#114;o&#x73;&#117;&#x69;&#115;s&#x65;&#46;c&#x68;\">marcel.schellenberg@<br>electrosuisse.ch<\/a><\/div><\/div><\/div><\/div><\/div><div class=\"contact_container_outer\"><div class=\"contact_container\"><div class=\"contact row middle-xs\"><div class=\"contact__img col-sm-5 col-xs-12\"><img decoding=\"async\" src=\"\/wp-content\/themes\/SCHMUCKI_child\/img\/contact_placeholder.jpg\" alt=\"Beratung, Inspektion und Engineering\" \/><\/div><div class=\"contact__info col-sm-7 col-xs-12\"><p><b>Beratung, Inspektion und Engineering<\/b><br>Innendienst<\/p><div class=\"phone has-link\"><a href=\"tel:+41585951199\">+41 58 595 11 99<\/a><\/div><div class=\"mail has-link\"><a href=\"mailto:b&#101;&#114;&#x61;&#x74;un&#103;&#64;&#x65;&#x6c;ec&#116;&#114;&#x6f;&#x73;ui&#115;&#x73;&#x65;&#x2e;c&#104; \">&#x62;&#x65;&#114;a&#x74;&#x75;&#x6e;&#103;&#64;&#x65;&#x6c;&#x65;&#99;t&#x72;&#x6f;&#x73;&#117;i&#x73;&#x73;&#x65;&#46;c&#x68; <\/a><\/div><\/div><\/div><\/div><\/div><\/div><\/div>[\/vc_column][\/vc_row][vc_row][vc_column][\/vc_column][\/vc_row][vc_row][vc_column][vc_column_text]<\/p>\n<h3>Blitzforschung, -schutz und Weiterbildung<\/h3>\n<p>[\/vc_column_text]<div class=\"wpb_text_image_column wpb_content_element \"><div class=\"wpb_wrapper\"><div class=\"row middle-lg\"><div class=\"col-sm-6 col-xs-12\"><div class=\"picture_container\"><picture><source srcset=\"https:\/\/dev-web.electrosuisse.ch\/wp-content\/uploads\/2019\/03\/Electrosuisse_Blitzforschung-1-585x500.jpg\"><img decoding=\"async\" src=\"https:\/\/dev-web.electrosuisse.ch\/wp-content\/uploads\/2019\/03\/Electrosuisse_Blitzforschung-1-585x500.jpg\" alt=\"Pionier der Blitzforschung\" \/><\/picture><\/div><\/div><div class=\"col-sm-6 col-xs-12\"><h3>Pionier der Blitzforschung<\/h3><p>1926 beginnt der SEV mit der Blitzforschung, indem er schnelle, einmalige Vorg\u00e4nge in den Netzen untersucht. F\u00fcr diese Aktivit\u00e4ten erh\u00e4lt die Schweiz weltweit Anerkennung. Mit seinem Einsatz initiiert der SEV 1937 die Gr\u00fcndung der Forschungskommission des SEV und VSE f\u00fcr Hochspannungsfragen (FKH).<\/p>\n<div class=\"button button--normal\"><a href=\"https:\/\/hvl.ee.ethz.ch\/\" target=\"_blank\" rel=\"noopener\">ETH High Voltage Laboratory<\/a><\/div><\/div><\/div><\/div><\/div>[vc_column_text]Auf internationaler Ebene wird das Thema Erdungen von unterschiedlichen Gremien behandelt. Daher unterh\u00e4lt das Technische Komitee TK engen Kontakt zu anderen TKs:<\/p>\n<ul>\n<li>TK 64 \u2013 Elektrische Installationen und Schutz gegen elektrischen Schlag<\/li>\n<li>TK 81 \u2013 Blitzschutz<\/li>\n<li>TK 99 \u2013 Starkstromanlagen \u00fcber 1 kV AC (1,5 kV DC)<\/li>\n<\/ul>\n<p>[\/vc_column_text]<div class=\"wpb_gap_column wpb_content_element\"><div class=\"wpb_wrapper\"><div class=\"gap gap--small\"><\/div><\/div><\/div><div class=\"wpb_text_image_column wpb_content_element \"><div class=\"wpb_wrapper\"><div class=\"row middle-lg\"><div class=\"col-sm-6 col-xs-12\"><div class=\"picture_container\"><picture><source srcset=\"https:\/\/dev-web.electrosuisse.ch\/wp-content\/uploads\/2019\/03\/Electrosuisse_Blitzeinschlag_Strommast_storm-605464_1920-e1552683207884-585x500.jpg\"><img decoding=\"async\" src=\"https:\/\/dev-web.electrosuisse.ch\/wp-content\/uploads\/2019\/03\/Electrosuisse_Blitzeinschlag_Strommast_storm-605464_1920-e1552683207884-585x500.jpg\" alt=\"Wiederholungskurs Blitzschutzfachleute\" \/><\/picture><\/div><\/div><div class=\"col-sm-6 col-xs-12\"><h3>Wiederholungskurs Blitzschutzfachleute<\/h3><p>Der Kurs ist beim VKF (Verband kantonaler Feuerversicherer) als Weiterbildung anerkannt. Profitieren Sie vom Electrosuisse Mitglieder-Rabatt.<\/p>\n<div class=\"button button--normal\"><a href=\"https:\/\/shop.electrosuisse.ch\/de\/weiterbildung\/kurse\/?query=blitzschutz\" target=\"_blank\" rel=\"noopener\">Kursdetails<\/a><\/div><\/div><\/div><\/div><\/div><div class=\"wpb_gap_column wpb_content_element\"><div class=\"wpb_wrapper\"><div class=\"gap gap--small\"><\/div><\/div><\/div>[vc_column_text]Unsere Mitglieder profitieren von vielf\u00e4ltigen Vorteilen.[\/vc_column_text]<div class=\"wpb_button_column wpb_content_element wpb_content_element--left\"><div class=\"wpb_wrapper\"><div class=\"button button--normal\"><a href=\"https:\/\/dev-web.electrosuisse.ch\/de\/werden-sie-mitglied\/\">Mehr erfahren<\/a><\/div><\/div><\/div>[\/vc_column][\/vc_row]<\/p>\n<\/div>","protected":false},"excerpt":{"rendered":"<p>[vc_row][vc_column][vc_column_text el_class=&#8221;lead&#8221;]Blitzschl\u00e4ge k\u00f6nnen massive Sch\u00e4den verursachen. Ein Blitzschutzsystem leitet die hohe Energie beim Einschlag ab. Dadurch sind Geb\u00e4ude und technische Ger\u00e4te vor gr\u00f6sseren Sch\u00e4den gesch\u00fctzt. Eine korrekt installierte Erdungsanlage sch\u00fctzt Leben und sensible Sensorik gleichermassen. Electrosuisse unterst\u00fctzt Sie beim er\u00f6rtern der Massnahmen.[\/vc_column_text][vc_column_text] Erdung, Blitz- und \u00dcberspannungsschutz Bei diesen drei Themen \u00fcberlappen sich die Massnahmen gegenseitig. [&hellip;]<\/p>\n","protected":false},"author":33,"featured_media":0,"parent":22114,"menu_order":178,"comment_status":"closed","ping_status":"closed","template":"","meta":{"_acf_changed":false,"footnotes":""},"class_list":["post-62","page","type-page","status-publish","hentry"],"acf":[],"yoast_head":"<!-- This site is optimized with the Yoast SEO Premium plugin v25.1 (Yoast SEO v25.1) - https:\/\/yoast.com\/wordpress\/plugins\/seo\/ -->\n<title>Blitzschutz und Erdung mit Electrosuisse<\/title>\n<meta name=\"description\" content=\"Mit einer Risikoanalyse erstellen wir ein Blitzschutz- bzw. Erdungskonzept, welches auf die Anforderungen des Objektes angepasst ist.\" \/>\n<meta name=\"robots\" content=\"noindex, follow, max-snippet:-1, max-image-preview:large, max-video-preview:-1\" \/>\n<meta property=\"og:locale\" content=\"de_DE\" \/>\n<meta property=\"og:type\" content=\"article\" \/>\n<meta property=\"og:title\" content=\"Blitzschutz und Erdung mit Electrosuisse\" \/>\n<meta property=\"og:description\" content=\"Mit einer Risikoanalyse erstellen wir ein Blitzschutz- bzw. Erdungskonzept, welches auf die Anforderungen des Objektes angepasst ist.\" \/>\n<meta property=\"og:url\" content=\"https:\/\/dev-web.electrosuisse.ch\/de\/inspektion-beratung\/blitzschutz-und-erdung\/\" \/>\n<meta property=\"og:site_name\" content=\"Electrosuisse\" \/>\n<meta property=\"article:modified_time\" content=\"2025-04-30T11:40:30+00:00\" \/>\n<meta property=\"og:image\" content=\"https:\/\/dev-web.electrosuisse.ch\/wp-content\/uploads\/2019\/03\/Electrosuisse_Blitzschutz_Gewitter_Strommast-423200-unsplash-e1552681641360.jpg\" \/>\n\t<meta property=\"og:image:width\" content=\"1578\" \/>\n\t<meta property=\"og:image:height\" content=\"650\" \/>\n\t<meta property=\"og:image:type\" content=\"image\/jpeg\" \/>\n<script type=\"application\/ld+json\" class=\"yoast-schema-graph\">{\"@context\":\"https:\/\/schema.org\",\"@graph\":[{\"@type\":\"WebPage\",\"@id\":\"https:\/\/dev-web.electrosuisse.ch\/de\/inspektion-beratung\/blitzschutz-und-erdung\/\",\"url\":\"https:\/\/dev-web.electrosuisse.ch\/de\/inspektion-beratung\/blitzschutz-und-erdung\/\",\"name\":\"Blitzschutz und Erdung mit Electrosuisse\",\"isPartOf\":{\"@id\":\"https:\/\/dev-web.electrosuisse.ch\/de\/#website\"},\"datePublished\":\"2018-06-24T09:11:24+00:00\",\"dateModified\":\"2025-04-30T11:40:30+00:00\",\"description\":\"Mit einer Risikoanalyse erstellen wir ein Blitzschutz- bzw. Erdungskonzept, welches auf die Anforderungen des Objektes angepasst ist.\",\"breadcrumb\":{\"@id\":\"https:\/\/dev-web.electrosuisse.ch\/de\/inspektion-beratung\/blitzschutz-und-erdung\/#breadcrumb\"},\"inLanguage\":\"de\",\"potentialAction\":[{\"@type\":\"ReadAction\",\"target\":[\"https:\/\/dev-web.electrosuisse.ch\/de\/inspektion-beratung\/blitzschutz-und-erdung\/\"]}]},{\"@type\":\"BreadcrumbList\",\"@id\":\"https:\/\/dev-web.electrosuisse.ch\/de\/inspektion-beratung\/blitzschutz-und-erdung\/#breadcrumb\",\"itemListElement\":[{\"@type\":\"ListItem\",\"position\":1,\"name\":\"Inspektion und Beratung\",\"item\":\"https:\/\/dev-web.electrosuisse.ch\/de\/inspektion-beratung\/\"},{\"@type\":\"ListItem\",\"position\":2,\"name\":\"Blitzschutz und Erdung\"}]},{\"@type\":\"WebSite\",\"@id\":\"https:\/\/dev-web.electrosuisse.ch\/de\/#website\",\"url\":\"https:\/\/dev-web.electrosuisse.ch\/de\/\",\"name\":\"Electrosuisse\",\"description\":\"\",\"publisher\":{\"@id\":\"https:\/\/dev-web.electrosuisse.ch\/de\/#organization\"},\"potentialAction\":[{\"@type\":\"SearchAction\",\"target\":{\"@type\":\"EntryPoint\",\"urlTemplate\":\"https:\/\/dev-web.electrosuisse.ch\/de\/?s={search_term_string}\"},\"query-input\":{\"@type\":\"PropertyValueSpecification\",\"valueRequired\":true,\"valueName\":\"search_term_string\"}}],\"inLanguage\":\"de\"},{\"@type\":\"Organization\",\"@id\":\"https:\/\/dev-web.electrosuisse.ch\/de\/#organization\",\"name\":\"Electrosuisse\",\"url\":\"https:\/\/dev-web.electrosuisse.ch\/de\/\",\"logo\":{\"@type\":\"ImageObject\",\"inLanguage\":\"de\",\"@id\":\"https:\/\/dev-web.electrosuisse.ch\/de\/#\/schema\/logo\/image\/\",\"url\":\"https:\/\/dev-web.electrosuisse.ch\/wp-content\/uploads\/2025\/04\/Electrosuisse_Logo_696x696.png\",\"contentUrl\":\"https:\/\/dev-web.electrosuisse.ch\/wp-content\/uploads\/2025\/04\/Electrosuisse_Logo_696x696.png\",\"width\":696,\"height\":696,\"caption\":\"Electrosuisse\"},\"image\":{\"@id\":\"https:\/\/dev-web.electrosuisse.ch\/de\/#\/schema\/logo\/image\/\"},\"sameAs\":[\"https:\/\/www.linkedin.com\/company\/electrosuisse-ag\/posts\/?feedView=all\",\"https:\/\/www.instagram.com\/electrosuisse1889\/\",\"https:\/\/www.youtube.com\/channel\/UCoOxohMiVE0Gjcdis1L09zw\"],\"description\":\"Electrosuisse ist eine anerkannte und unabh\u00e4ngige Fachorganisation, die erstklassige Dienstleistungen und Produkte in den Bereichen Inspektion, Beratung, Pr\u00fcfung, Zertifizierung, Normung und Weiterbildung anbietet. Unsere Expertise umfasst Elektrotechnik, Elektromobilit\u00e4t, Energieberatung, Geb\u00e4udeautomation und Photovoltaik in der Schweiz. Durch die Veranstaltung etablierter Branchen-Events und Fachtagungen f\u00f6rdert Electrosuisse den Wissenstransfer und den fachlichen Austausch. Im Mittelpunkt unserer T\u00e4tigkeiten steht die F\u00f6rderung der sicheren, wirtschaftlichen und umweltgerechten Anwendung der Elektrotechnik.\"}]}<\/script>\n<!-- \/ Yoast SEO Premium plugin. -->","yoast_head_json":{"title":"Blitzschutz und Erdung mit Electrosuisse","description":"Mit einer Risikoanalyse erstellen wir ein Blitzschutz- bzw. Erdungskonzept, welches auf die Anforderungen des Objektes angepasst ist.","robots":{"index":"noindex","follow":"follow","max-snippet":"max-snippet:-1","max-image-preview":"max-image-preview:large","max-video-preview":"max-video-preview:-1"},"og_locale":"de_DE","og_type":"article","og_title":"Blitzschutz und Erdung mit Electrosuisse","og_description":"Mit einer Risikoanalyse erstellen wir ein Blitzschutz- bzw. Erdungskonzept, welches auf die Anforderungen des Objektes angepasst ist.","og_url":"https:\/\/dev-web.electrosuisse.ch\/de\/inspektion-beratung\/blitzschutz-und-erdung\/","og_site_name":"Electrosuisse","article_modified_time":"2025-04-30T11:40:30+00:00","og_image":[{"width":1578,"height":650,"url":"https:\/\/dev-web.electrosuisse.ch\/wp-content\/uploads\/2019\/03\/Electrosuisse_Blitzschutz_Gewitter_Strommast-423200-unsplash-e1552681641360.jpg","type":"image\/jpeg"}],"schema":{"@context":"https:\/\/schema.org","@graph":[{"@type":"WebPage","@id":"https:\/\/dev-web.electrosuisse.ch\/de\/inspektion-beratung\/blitzschutz-und-erdung\/","url":"https:\/\/dev-web.electrosuisse.ch\/de\/inspektion-beratung\/blitzschutz-und-erdung\/","name":"Blitzschutz und Erdung mit Electrosuisse","isPartOf":{"@id":"https:\/\/dev-web.electrosuisse.ch\/de\/#website"},"datePublished":"2018-06-24T09:11:24+00:00","dateModified":"2025-04-30T11:40:30+00:00","description":"Mit einer Risikoanalyse erstellen wir ein Blitzschutz- bzw. Erdungskonzept, welches auf die Anforderungen des Objektes angepasst ist.","breadcrumb":{"@id":"https:\/\/dev-web.electrosuisse.ch\/de\/inspektion-beratung\/blitzschutz-und-erdung\/#breadcrumb"},"inLanguage":"de","potentialAction":[{"@type":"ReadAction","target":["https:\/\/dev-web.electrosuisse.ch\/de\/inspektion-beratung\/blitzschutz-und-erdung\/"]}]},{"@type":"BreadcrumbList","@id":"https:\/\/dev-web.electrosuisse.ch\/de\/inspektion-beratung\/blitzschutz-und-erdung\/#breadcrumb","itemListElement":[{"@type":"ListItem","position":1,"name":"Inspektion und Beratung","item":"https:\/\/dev-web.electrosuisse.ch\/de\/inspektion-beratung\/"},{"@type":"ListItem","position":2,"name":"Blitzschutz und Erdung"}]},{"@type":"WebSite","@id":"https:\/\/dev-web.electrosuisse.ch\/de\/#website","url":"https:\/\/dev-web.electrosuisse.ch\/de\/","name":"Electrosuisse","description":"","publisher":{"@id":"https:\/\/dev-web.electrosuisse.ch\/de\/#organization"},"potentialAction":[{"@type":"SearchAction","target":{"@type":"EntryPoint","urlTemplate":"https:\/\/dev-web.electrosuisse.ch\/de\/?s={search_term_string}"},"query-input":{"@type":"PropertyValueSpecification","valueRequired":true,"valueName":"search_term_string"}}],"inLanguage":"de"},{"@type":"Organization","@id":"https:\/\/dev-web.electrosuisse.ch\/de\/#organization","name":"Electrosuisse","url":"https:\/\/dev-web.electrosuisse.ch\/de\/","logo":{"@type":"ImageObject","inLanguage":"de","@id":"https:\/\/dev-web.electrosuisse.ch\/de\/#\/schema\/logo\/image\/","url":"https:\/\/dev-web.electrosuisse.ch\/wp-content\/uploads\/2025\/04\/Electrosuisse_Logo_696x696.png","contentUrl":"https:\/\/dev-web.electrosuisse.ch\/wp-content\/uploads\/2025\/04\/Electrosuisse_Logo_696x696.png","width":696,"height":696,"caption":"Electrosuisse"},"image":{"@id":"https:\/\/dev-web.electrosuisse.ch\/de\/#\/schema\/logo\/image\/"},"sameAs":["https:\/\/www.linkedin.com\/company\/electrosuisse-ag\/posts\/?feedView=all","https:\/\/www.instagram.com\/electrosuisse1889\/","https:\/\/www.youtube.com\/channel\/UCoOxohMiVE0Gjcdis1L09zw"],"description":"Electrosuisse ist eine anerkannte und unabh\u00e4ngige Fachorganisation, die erstklassige Dienstleistungen und Produkte in den Bereichen Inspektion, Beratung, Pr\u00fcfung, Zertifizierung, Normung und Weiterbildung anbietet. Unsere Expertise umfasst Elektrotechnik, Elektromobilit\u00e4t, Energieberatung, Geb\u00e4udeautomation und Photovoltaik in der Schweiz. Durch die Veranstaltung etablierter Branchen-Events und Fachtagungen f\u00f6rdert Electrosuisse den Wissenstransfer und den fachlichen Austausch. Im Mittelpunkt unserer T\u00e4tigkeiten steht die F\u00f6rderung der sicheren, wirtschaftlichen und umweltgerechten Anwendung der Elektrotechnik."}]}},"_links":{"self":[{"href":"https:\/\/dev-web.electrosuisse.ch\/de\/wp-json\/wp\/v2\/pages\/62","targetHints":{"allow":["GET"]}}],"collection":[{"href":"https:\/\/dev-web.electrosuisse.ch\/de\/wp-json\/wp\/v2\/pages"}],"about":[{"href":"https:\/\/dev-web.electrosuisse.ch\/de\/wp-json\/wp\/v2\/types\/page"}],"author":[{"embeddable":true,"href":"https:\/\/dev-web.electrosuisse.ch\/de\/wp-json\/wp\/v2\/users\/33"}],"replies":[{"embeddable":true,"href":"https:\/\/dev-web.electrosuisse.ch\/de\/wp-json\/wp\/v2\/comments?post=62"}],"version-history":[{"count":10,"href":"https:\/\/dev-web.electrosuisse.ch\/de\/wp-json\/wp\/v2\/pages\/62\/revisions"}],"predecessor-version":[{"id":38911,"href":"https:\/\/dev-web.electrosuisse.ch\/de\/wp-json\/wp\/v2\/pages\/62\/revisions\/38911"}],"up":[{"embeddable":true,"href":"https:\/\/dev-web.electrosuisse.ch\/de\/wp-json\/wp\/v2\/pages\/22114"}],"wp:attachment":[{"href":"https:\/\/dev-web.electrosuisse.ch\/de\/wp-json\/wp\/v2\/media?parent=62"}],"curies":[{"name":"wp","href":"https:\/\/api.w.org\/{rel}","templated":true}]}}