{"id":60,"date":"2018-06-24T11:11:11","date_gmt":"2018-06-24T09:11:11","guid":{"rendered":"https:\/\/dev-web.electrosuisse.ch\/?page_id=60"},"modified":"2025-04-30T13:24:09","modified_gmt":"2025-04-30T11:24:09","slug":"schaltgeraetekombinationen","status":"publish","type":"page","link":"https:\/\/dev-web.electrosuisse.ch\/de\/inspektion-beratung\/schaltgeraetekombinationen\/","title":{"rendered":"Schaltger\u00e4tekombinationen"},"content":{"rendered":"<div class=\"wpb-content-wrapper\"><p>[vc_row][vc_column][vc_column_text]In der elektrischen Energieverteilung spielen Schaltanlagen und -ger\u00e4te eine wichtige Rolle. Sie finden Anwendung in der Industrie, in Hausinstallationen, auf Baustellen oder bei Ladestationen in der <a href=\"https:\/\/e-mobile.ch\/\" target=\"_blank\" rel=\"noopener noreferrer\">Elektromobilit\u00e4t<\/a>.<\/p>\n<p>Niederspannungs-Schaltger\u00e4tekombinationen (SK) bestehen aus einem oder mehreren Niederspannungs-Schaltger\u00e4ten mit entsprechenden Betriebsmitteln zum Steuern, Regeln, Messen, Melden und Sch\u00fctzen von Anlagen.[\/vc_column_text][vc_column_text]Die Norm SN EN 61439 regelt die sicherheitstechnischen Anforderungen f\u00fcr solche Anlagen. Sie dient Planern, Anlagenbauern, Elektroinstallateuren und Endkunden, die sicherheitstechnischen Anforderungen einzuhalten. Das Ziel ist es, den Schutz von Personen und Anlagen zu gew\u00e4hrleisten.<\/p>\n<p>Die Norm betrifft Energieverteiler, Schalt- und Steuerungsanlagen, Z\u00e4hler- und Verteilschr\u00e4nke in privaten und gewerblich genutzten Geb\u00e4uden. Ausserdem regelt sie die Anforderungen f\u00fcr Baustromverteiler und Kabelverteilschr\u00e4nke sowie f\u00fcr Schaltger\u00e4tekombinationen in speziellen Bereichen.[\/vc_column_text][\/vc_column][\/vc_row][vc_row el_id=&#8221;angebot&#8221;][vc_column][vc_column_text]<\/p>\n<h2>Unsere Dienstleistungen<\/h2>\n<ul>\n<li>Schutzziele f\u00fcr Personen und Anlagen definieren<\/li>\n<li>Abkl\u00e4rung notwendiger Pr\u00fcfungen<\/li>\n<li>Gestaltung der entsprechenden Dokumentation<\/li>\n<li>Abkl\u00e4rung der g\u00fcltigen Normen f\u00fcr Ihren Bereich<\/li>\n<\/ul>\n<p>[\/vc_column_text][\/vc_column][\/vc_row][vc_row el_id=&#8221;kontakt&#8221;][vc_column][vc_column_text]<\/p>\n<h4>Wir unterst\u00fctzen Sie in der Beantwortung Ihrer Fragen.<\/h4>\n<h2>Kontakt<\/h2>\n<p>[\/vc_column_text]<div class=\"wpb_contact_column wpb_content_element wpb_content_element--left\"><div class=\"wpb_wrapper\"><div class=\"contact_container\"><div class=\"contact row middle-xs\"><div class=\"contact__img col-sm-5 col-xs-12\"><img decoding=\"async\" src=\"https:\/\/dev-web.electrosuisse.ch\/wp-content\/uploads\/2023\/02\/Schellenberg-Marcel.jpg\" alt=\"Marcel Schellenberg - Beratungsingenieur\" \/><\/div><div class=\"contact__info col-sm-7 col-xs-12\"><p><b>Marcel Schellenberg<\/b><br>Beratungsingenieur<\/p><div class=\"phone has-link\"><a href=\"tel:+41585951568\">+41 58 595 15 68<\/a><\/div><div class=\"mail has-link\"><a href=\"mailto:&#x6d;&#x61;&#x72;&#99;&#101;l&#46;&#x73;&#x63;&#x68;&#x65;&#108;&#108;en&#x62;&#x65;&#x72;&#103;&#64;&#101;le&#x63;&#x74;&#x72;&#111;&#115;ui&#x73;&#x73;&#x65;&#x2e;&#99;&#104;\">marcel.schellenberg@<br>electrosuisse.ch<\/a><\/div><\/div><\/div><\/div><\/div><\/div>[\/vc_column][\/vc_row][vc_row el_id=&#8221;downloads&#8221;][vc_column][vc_column_text]<\/p>\n<h3>Downloads<\/h3>\n<p>[\/vc_column_text]<div class=\"wpb_document_column wpb_content_element\"><div class=\"wpb_wrapper\"><div class=\"document document--pdf\"><a href=\"https:\/\/dev-web.electrosuisse.ch\/wp-content\/uploads\/2024\/05\/Stuecknachweis-SN-EN-IEC-61439-2021d_V1.pdf\" target=\"_blank\" rel=\"noopener\">Formular EN 61439 St\u00fccknachweis<\/a><\/div><\/div><\/div><div class=\"wpb_document_column wpb_content_element\"><div class=\"wpb_wrapper\"><div class=\"document document--pdf\"><a href=\"https:\/\/dev-web.electrosuisse.ch\/wp-content\/uploads\/2024\/05\/Bauartnachweis-SN-EN-IEC-61439-2021d_V1.pdf\" target=\"_blank\" rel=\"noopener\">Formular EN_61439_Bauartnachweis<\/a><\/div><\/div><\/div>[\/vc_column][\/vc_row][vc_row el_id=&#8221;hinweis&#8221;][vc_column][vc_column_text]<\/p>\n<h3><strong>Anwendung der SN EN 61439-x<\/strong><\/h3>\n<p><strong>Erl\u00e4uterungen des Technischen Komitees TK 121B<\/strong><br \/>\nDie Restrukturierung und \u00dcberarbeitung der sicherheitstechnischen Anforderungen f\u00fcr Niederspannungs\u00ad-Schaltger\u00e4te\u00adkombina\u00adtionen (SK) wurde mit Herausgabe der Normenreihe SN\u00a0EN\u00a061439 bereits vor Jahren abgeschlossen. Die mittlerweile erreichte Markt\u00ad\u00adakzeptanz der Normreihe ist sehr erfreulich, da sie zur Steigerung der Produkt\u00ad\u00adsicherheit und Harmo\u00adnisierung der L\u00f6sungen am Markt beitr\u00e4gt.[\/vc_column_text]<div class=\"wpb_button_column wpb_content_element wpb_content_element--left\"><div class=\"wpb_wrapper\"><div class=\"button button--ghost\"><a href=\"https:\/\/www.bulletin.ch\/de\/news-detail\/anwendung-der-sn-en-61439-x.html\" target=\"_blank\" >bulletin.ch Beitrag lesen<\/a><\/div><\/div><\/div>[\/vc_column][\/vc_row][vc_row][vc_column]<div class=\"wpb_text_image_column wpb_content_element \"><div class=\"wpb_wrapper\"><div class=\"row middle-lg\"><div class=\"col-sm-6 col-xs-12\"><div class=\"picture_container\"><picture><source srcset=\"https:\/\/dev-web.electrosuisse.ch\/wp-content\/uploads\/2019\/06\/Electrosuisse_ArtMap_Schaltgeraetekombination-1660_1182-e1560759539468.jpg\"><img decoding=\"async\" src=\"https:\/\/dev-web.electrosuisse.ch\/wp-content\/uploads\/2019\/06\/Electrosuisse_ArtMap_Schaltgeraetekombination-1660_1182-e1560759539468.jpg\" alt=\"Art-Map Niederspannungs- Schaltger\u00e4tekombinationen\" \/><\/picture><\/div><\/div><div class=\"col-sm-6 col-xs-12\"><h3>Art-Map Niederspannungs- Schaltger\u00e4tekombinationen<\/h3><p>Unsere Art-Maps bieten Ihnen eine \u00fcbersichtliche Darstellung der komplexen Prozesse. ART-MAP: EN 61439 Niederspannungs- Schaltger\u00e4tekombinationen (Papier A3).<\/p>\n<div class=\"button button--normal\"><a href=\"https:\/\/shop.electrosuisse.ch\/de\/DV-MAP61439A3D-47273.html\">im Shop kaufen<\/a><\/div><\/div><\/div><\/div><\/div><div class=\"wpb_text_image_column wpb_content_element \"><div class=\"wpb_wrapper\"><div class=\"row reverse middle-lg\"><div class=\"col-sm-6 col-xs-12\"><div class=\"picture_container\"><picture><source srcset=\"https:\/\/dev-web.electrosuisse.ch\/wp-content\/uploads\/2023\/02\/WB-SKN_L_1-585x500.jpg\"><img decoding=\"async\" src=\"https:\/\/dev-web.electrosuisse.ch\/wp-content\/uploads\/2023\/02\/WB-SKN_L_1-585x500.jpg\" alt=\"Kurs: SN EN 61439-1 Niederspannungs-Schaltger\u00e4tekombinationen\" \/><\/picture><\/div><\/div><div class=\"col-sm-6 col-xs-12\"><h3>Kurs: SN EN 61439-1 Niederspannungs-Schaltger\u00e4tekombinationen<\/h3><p>2-t\u00e4giger Kurs zu Niederspannungs- und Schaltger\u00e4tekombinationen.<\/p>\n<p>Dieser Kurs wird in Zusammenarbeit mit dem VSAS durchgef\u00fchrt.<\/p>\n<div class=\"button button--normal\"><a href=\"https:\/\/shop.electrosuisse.ch\/de\/SN-EN-61439-1-Niederspannungs-Schaltgeraetekombina-2469.html\" target=\"_blank\" rel=\"noopener\">Jetzt anmelden<\/a><\/div><\/div><\/div><\/div><\/div>[\/vc_column][\/vc_row]<\/p>\n<\/div>","protected":false},"excerpt":{"rendered":"<p>[vc_row][vc_column][vc_column_text]In der elektrischen Energieverteilung spielen Schaltanlagen und -ger\u00e4te eine wichtige Rolle. Sie finden Anwendung in der Industrie, in Hausinstallationen, auf Baustellen oder bei Ladestationen in der Elektromobilit\u00e4t. Niederspannungs-Schaltger\u00e4tekombinationen (SK) bestehen aus einem oder mehreren Niederspannungs-Schaltger\u00e4ten mit entsprechenden Betriebsmitteln zum Steuern, Regeln, Messen, Melden und Sch\u00fctzen von Anlagen.[\/vc_column_text][vc_column_text]Die Norm SN EN 61439 regelt die sicherheitstechnischen Anforderungen [&hellip;]<\/p>\n","protected":false},"author":33,"featured_media":0,"parent":22114,"menu_order":183,"comment_status":"closed","ping_status":"closed","template":"","meta":{"_acf_changed":false,"footnotes":""},"class_list":["post-60","page","type-page","status-publish","hentry"],"acf":[],"yoast_head":"<!-- This site is optimized with the Yoast SEO Premium plugin v25.1 (Yoast SEO v25.1) - https:\/\/yoast.com\/wordpress\/plugins\/seo\/ -->\n<title>Schaltger\u00e4tekombinationen (SK) nach SN EN 61439 Norm<\/title>\n<meta name=\"description\" content=\"Entdecken Sie die Vorteile von Schaltger\u00e4tekombinationen (SK) f\u00fcr sichere elektrische Installationen in Industrie und Haushalten.\" \/>\n<meta name=\"robots\" content=\"noindex, follow, max-snippet:-1, max-image-preview:large, max-video-preview:-1\" \/>\n<meta property=\"og:locale\" content=\"de_DE\" \/>\n<meta property=\"og:type\" content=\"article\" \/>\n<meta property=\"og:title\" content=\"Schaltger\u00e4tekombinationen (SK) nach SN EN 61439 Norm\" \/>\n<meta property=\"og:description\" content=\"Entdecken Sie die Vorteile von Schaltger\u00e4tekombinationen (SK) f\u00fcr sichere elektrische Installationen in Industrie und Haushalten.\" \/>\n<meta property=\"og:url\" content=\"https:\/\/dev-web.electrosuisse.ch\/de\/inspektion-beratung\/schaltgeraetekombinationen\/\" \/>\n<meta property=\"og:site_name\" content=\"Electrosuisse\" \/>\n<meta property=\"article:modified_time\" content=\"2025-04-30T11:24:09+00:00\" \/>\n<meta property=\"og:image\" content=\"https:\/\/dev-web.electrosuisse.ch\/wp-content\/uploads\/2019\/05\/Electrosuisse_Schaltgeraetekombination_cables-close-up-connection-257736-1.jpg\" \/>\n\t<meta property=\"og:image:width\" content=\"1578\" \/>\n\t<meta property=\"og:image:height\" content=\"650\" \/>\n\t<meta property=\"og:image:type\" content=\"image\/jpeg\" \/>\n<script type=\"application\/ld+json\" class=\"yoast-schema-graph\">{\"@context\":\"https:\/\/schema.org\",\"@graph\":[{\"@type\":\"WebPage\",\"@id\":\"https:\/\/dev-web.electrosuisse.ch\/de\/inspektion-beratung\/schaltgeraetekombinationen\/\",\"url\":\"https:\/\/dev-web.electrosuisse.ch\/de\/inspektion-beratung\/schaltgeraetekombinationen\/\",\"name\":\"Schaltger\u00e4tekombinationen (SK) nach SN EN 61439 Norm\",\"isPartOf\":{\"@id\":\"https:\/\/dev-web.electrosuisse.ch\/de\/#website\"},\"datePublished\":\"2018-06-24T09:11:11+00:00\",\"dateModified\":\"2025-04-30T11:24:09+00:00\",\"description\":\"Entdecken Sie die Vorteile von Schaltger\u00e4tekombinationen (SK) f\u00fcr sichere elektrische Installationen in Industrie und Haushalten.\",\"breadcrumb\":{\"@id\":\"https:\/\/dev-web.electrosuisse.ch\/de\/inspektion-beratung\/schaltgeraetekombinationen\/#breadcrumb\"},\"inLanguage\":\"de\",\"potentialAction\":[{\"@type\":\"ReadAction\",\"target\":[\"https:\/\/dev-web.electrosuisse.ch\/de\/inspektion-beratung\/schaltgeraetekombinationen\/\"]}]},{\"@type\":\"BreadcrumbList\",\"@id\":\"https:\/\/dev-web.electrosuisse.ch\/de\/inspektion-beratung\/schaltgeraetekombinationen\/#breadcrumb\",\"itemListElement\":[{\"@type\":\"ListItem\",\"position\":1,\"name\":\"Inspektion und Beratung\",\"item\":\"https:\/\/dev-web.electrosuisse.ch\/de\/inspektion-beratung\/\"},{\"@type\":\"ListItem\",\"position\":2,\"name\":\"Schaltger\u00e4tekombinationen\"}]},{\"@type\":\"WebSite\",\"@id\":\"https:\/\/dev-web.electrosuisse.ch\/de\/#website\",\"url\":\"https:\/\/dev-web.electrosuisse.ch\/de\/\",\"name\":\"Electrosuisse\",\"description\":\"\",\"publisher\":{\"@id\":\"https:\/\/dev-web.electrosuisse.ch\/de\/#organization\"},\"potentialAction\":[{\"@type\":\"SearchAction\",\"target\":{\"@type\":\"EntryPoint\",\"urlTemplate\":\"https:\/\/dev-web.electrosuisse.ch\/de\/?s={search_term_string}\"},\"query-input\":{\"@type\":\"PropertyValueSpecification\",\"valueRequired\":true,\"valueName\":\"search_term_string\"}}],\"inLanguage\":\"de\"},{\"@type\":\"Organization\",\"@id\":\"https:\/\/dev-web.electrosuisse.ch\/de\/#organization\",\"name\":\"Electrosuisse\",\"url\":\"https:\/\/dev-web.electrosuisse.ch\/de\/\",\"logo\":{\"@type\":\"ImageObject\",\"inLanguage\":\"de\",\"@id\":\"https:\/\/dev-web.electrosuisse.ch\/de\/#\/schema\/logo\/image\/\",\"url\":\"https:\/\/dev-web.electrosuisse.ch\/wp-content\/uploads\/2025\/04\/Electrosuisse_Logo_696x696.png\",\"contentUrl\":\"https:\/\/dev-web.electrosuisse.ch\/wp-content\/uploads\/2025\/04\/Electrosuisse_Logo_696x696.png\",\"width\":696,\"height\":696,\"caption\":\"Electrosuisse\"},\"image\":{\"@id\":\"https:\/\/dev-web.electrosuisse.ch\/de\/#\/schema\/logo\/image\/\"},\"sameAs\":[\"https:\/\/www.linkedin.com\/company\/electrosuisse-ag\/posts\/?feedView=all\",\"https:\/\/www.instagram.com\/electrosuisse1889\/\",\"https:\/\/www.youtube.com\/channel\/UCoOxohMiVE0Gjcdis1L09zw\"],\"description\":\"Electrosuisse ist eine anerkannte und unabh\u00e4ngige Fachorganisation, die erstklassige Dienstleistungen und Produkte in den Bereichen Inspektion, Beratung, Pr\u00fcfung, Zertifizierung, Normung und Weiterbildung anbietet. Unsere Expertise umfasst Elektrotechnik, Elektromobilit\u00e4t, Energieberatung, Geb\u00e4udeautomation und Photovoltaik in der Schweiz. Durch die Veranstaltung etablierter Branchen-Events und Fachtagungen f\u00f6rdert Electrosuisse den Wissenstransfer und den fachlichen Austausch. Im Mittelpunkt unserer T\u00e4tigkeiten steht die F\u00f6rderung der sicheren, wirtschaftlichen und umweltgerechten Anwendung der Elektrotechnik.\"}]}<\/script>\n<!-- \/ Yoast SEO Premium plugin. -->","yoast_head_json":{"title":"Schaltger\u00e4tekombinationen (SK) nach SN EN 61439 Norm","description":"Entdecken Sie die Vorteile von Schaltger\u00e4tekombinationen (SK) f\u00fcr sichere elektrische Installationen in Industrie und Haushalten.","robots":{"index":"noindex","follow":"follow","max-snippet":"max-snippet:-1","max-image-preview":"max-image-preview:large","max-video-preview":"max-video-preview:-1"},"og_locale":"de_DE","og_type":"article","og_title":"Schaltger\u00e4tekombinationen (SK) nach SN EN 61439 Norm","og_description":"Entdecken Sie die Vorteile von Schaltger\u00e4tekombinationen (SK) f\u00fcr sichere elektrische Installationen in Industrie und Haushalten.","og_url":"https:\/\/dev-web.electrosuisse.ch\/de\/inspektion-beratung\/schaltgeraetekombinationen\/","og_site_name":"Electrosuisse","article_modified_time":"2025-04-30T11:24:09+00:00","og_image":[{"width":1578,"height":650,"url":"https:\/\/dev-web.electrosuisse.ch\/wp-content\/uploads\/2019\/05\/Electrosuisse_Schaltgeraetekombination_cables-close-up-connection-257736-1.jpg","type":"image\/jpeg"}],"schema":{"@context":"https:\/\/schema.org","@graph":[{"@type":"WebPage","@id":"https:\/\/dev-web.electrosuisse.ch\/de\/inspektion-beratung\/schaltgeraetekombinationen\/","url":"https:\/\/dev-web.electrosuisse.ch\/de\/inspektion-beratung\/schaltgeraetekombinationen\/","name":"Schaltger\u00e4tekombinationen (SK) nach SN EN 61439 Norm","isPartOf":{"@id":"https:\/\/dev-web.electrosuisse.ch\/de\/#website"},"datePublished":"2018-06-24T09:11:11+00:00","dateModified":"2025-04-30T11:24:09+00:00","description":"Entdecken Sie die Vorteile von Schaltger\u00e4tekombinationen (SK) f\u00fcr sichere elektrische Installationen in Industrie und Haushalten.","breadcrumb":{"@id":"https:\/\/dev-web.electrosuisse.ch\/de\/inspektion-beratung\/schaltgeraetekombinationen\/#breadcrumb"},"inLanguage":"de","potentialAction":[{"@type":"ReadAction","target":["https:\/\/dev-web.electrosuisse.ch\/de\/inspektion-beratung\/schaltgeraetekombinationen\/"]}]},{"@type":"BreadcrumbList","@id":"https:\/\/dev-web.electrosuisse.ch\/de\/inspektion-beratung\/schaltgeraetekombinationen\/#breadcrumb","itemListElement":[{"@type":"ListItem","position":1,"name":"Inspektion und Beratung","item":"https:\/\/dev-web.electrosuisse.ch\/de\/inspektion-beratung\/"},{"@type":"ListItem","position":2,"name":"Schaltger\u00e4tekombinationen"}]},{"@type":"WebSite","@id":"https:\/\/dev-web.electrosuisse.ch\/de\/#website","url":"https:\/\/dev-web.electrosuisse.ch\/de\/","name":"Electrosuisse","description":"","publisher":{"@id":"https:\/\/dev-web.electrosuisse.ch\/de\/#organization"},"potentialAction":[{"@type":"SearchAction","target":{"@type":"EntryPoint","urlTemplate":"https:\/\/dev-web.electrosuisse.ch\/de\/?s={search_term_string}"},"query-input":{"@type":"PropertyValueSpecification","valueRequired":true,"valueName":"search_term_string"}}],"inLanguage":"de"},{"@type":"Organization","@id":"https:\/\/dev-web.electrosuisse.ch\/de\/#organization","name":"Electrosuisse","url":"https:\/\/dev-web.electrosuisse.ch\/de\/","logo":{"@type":"ImageObject","inLanguage":"de","@id":"https:\/\/dev-web.electrosuisse.ch\/de\/#\/schema\/logo\/image\/","url":"https:\/\/dev-web.electrosuisse.ch\/wp-content\/uploads\/2025\/04\/Electrosuisse_Logo_696x696.png","contentUrl":"https:\/\/dev-web.electrosuisse.ch\/wp-content\/uploads\/2025\/04\/Electrosuisse_Logo_696x696.png","width":696,"height":696,"caption":"Electrosuisse"},"image":{"@id":"https:\/\/dev-web.electrosuisse.ch\/de\/#\/schema\/logo\/image\/"},"sameAs":["https:\/\/www.linkedin.com\/company\/electrosuisse-ag\/posts\/?feedView=all","https:\/\/www.instagram.com\/electrosuisse1889\/","https:\/\/www.youtube.com\/channel\/UCoOxohMiVE0Gjcdis1L09zw"],"description":"Electrosuisse ist eine anerkannte und unabh\u00e4ngige Fachorganisation, die erstklassige Dienstleistungen und Produkte in den Bereichen Inspektion, Beratung, Pr\u00fcfung, Zertifizierung, Normung und Weiterbildung anbietet. Unsere Expertise umfasst Elektrotechnik, Elektromobilit\u00e4t, Energieberatung, Geb\u00e4udeautomation und Photovoltaik in der Schweiz. Durch die Veranstaltung etablierter Branchen-Events und Fachtagungen f\u00f6rdert Electrosuisse den Wissenstransfer und den fachlichen Austausch. Im Mittelpunkt unserer T\u00e4tigkeiten steht die F\u00f6rderung der sicheren, wirtschaftlichen und umweltgerechten Anwendung der Elektrotechnik."}]}},"_links":{"self":[{"href":"https:\/\/dev-web.electrosuisse.ch\/de\/wp-json\/wp\/v2\/pages\/60","targetHints":{"allow":["GET"]}}],"collection":[{"href":"https:\/\/dev-web.electrosuisse.ch\/de\/wp-json\/wp\/v2\/pages"}],"about":[{"href":"https:\/\/dev-web.electrosuisse.ch\/de\/wp-json\/wp\/v2\/types\/page"}],"author":[{"embeddable":true,"href":"https:\/\/dev-web.electrosuisse.ch\/de\/wp-json\/wp\/v2\/users\/33"}],"replies":[{"embeddable":true,"href":"https:\/\/dev-web.electrosuisse.ch\/de\/wp-json\/wp\/v2\/comments?post=60"}],"version-history":[{"count":7,"href":"https:\/\/dev-web.electrosuisse.ch\/de\/wp-json\/wp\/v2\/pages\/60\/revisions"}],"predecessor-version":[{"id":38906,"href":"https:\/\/dev-web.electrosuisse.ch\/de\/wp-json\/wp\/v2\/pages\/60\/revisions\/38906"}],"up":[{"embeddable":true,"href":"https:\/\/dev-web.electrosuisse.ch\/de\/wp-json\/wp\/v2\/pages\/22114"}],"wp:attachment":[{"href":"https:\/\/dev-web.electrosuisse.ch\/de\/wp-json\/wp\/v2\/media?parent=60"}],"curies":[{"name":"wp","href":"https:\/\/api.w.org\/{rel}","templated":true}]}}