{"id":48,"date":"2018-06-24T11:09:44","date_gmt":"2018-06-24T09:09:44","guid":{"rendered":"https:\/\/dev-web.electrosuisse.ch\/?page_id=48"},"modified":"2024-01-10T07:59:06","modified_gmt":"2024-01-10T06:59:06","slug":"sicherheitskonzepte","status":"publish","type":"page","link":"https:\/\/dev-web.electrosuisse.ch\/de\/inspektion-beratung\/sicherheitskonzepte\/","title":{"rendered":"Sicherheitskonzepte"},"content":{"rendered":"<div class=\"wpb-content-wrapper\"><p>[vc_row][vc_column][vc_column_text el_class=&#8221;lead&#8221;]Eine wichtige Aufgabe jedes Betriebsverantwortlichen ist es, elektrische Anlagen sicher und effizient zu betreiben. Elektrounf\u00e4lle k\u00f6nnen gravierende Folgen haben. Das Risiko, hier das Leben zu verlieren, ist 50-mal h\u00f6her als bei anderen Unf\u00e4llen. Betroffen sind vor allem Elektrofachleute. Im Sicherheitskonzept definieren Sie die Verantwortlichkeiten im Betrieb und f\u00f6rdern den achtsamen Umgang mit elektrischen Anlagen.[\/vc_column_text][\/vc_column][\/vc_row][vc_row el_id=&#8221;angebot&#8221;][vc_column][vc_column_text]<\/p>\n<h3>Wir unterst\u00fctzen Sie:<\/h3>\n<ul>\n<li>ein Sicherheitskonzept zu erarbeiten<\/li>\n<li>verbindliche Anleitungen f\u00fcr Ihr Personal zu erstellen<\/li>\n<li>Verantwortungen zu definieren<\/li>\n<li>Schulungskonzepte zu erarbeiten und<\/li>\n<li>Handlungsmassnahmen zu definieren<\/li>\n<\/ul>\n<p>Gleichzeitig haben Sie die M\u00f6glichkeit, den Unterhalt Ihrer Anlagen zu \u00fcberpr\u00fcfen und fachm\u00e4nnisch zu diskutieren. Als Konsequenz erfahren Sie, ob die Massnahmen den aktuellen gesetzlichen und sicherheitstechnischen Anforderungen gen\u00fcgen.[\/vc_column_text][\/vc_column][\/vc_row][vc_row el_id=&#8221;kontakt&#8221;][vc_column][vc_column_text]<\/p>\n<h2>Kontakt<\/h2>\n<p>[\/vc_column_text]<div class=\"wpb_contact_column wpb_content_element wpb_content_element--left\"><div class=\"wpb_wrapper\"><div class=\"contact_container\"><div class=\"contact row middle-xs\"><div class=\"contact__img col-sm-5 col-xs-12\"><img decoding=\"async\" src=\"\/wp-content\/themes\/SCHMUCKI_child\/img\/contact_placeholder.jpg\" alt=\"Christian Frei\" \/><\/div><div class=\"contact__info col-sm-7 col-xs-12\"><p><b>Christian Frei<\/b><br>Beratungsingenieur<\/p><div class=\"phone has-link\"><a href=\"tel:+41585951111\">+41 58 595 11 11<\/a><\/div><div class=\"mail has-link\"><a href=\"mailto:&#99;&#x68;&#114;&#x69;s&#x74;i&#97;&#x6e;&#46;&#x66;r&#x65;i&#64;&#x65;&#108;&#x65;c&#x74;r&#111;&#x73;&#117;&#x69;s&#x73;e&#46;&#x63;&#104;\">christian.frei@<br>electrosuisse.ch<\/a><\/div><\/div><\/div><\/div><\/div><\/div>[\/vc_column][\/vc_row][vc_row el_id=&#8221;hinweise&#8221;][vc_column][vc_column_text]Gemeinsam mit der Suva haben die Vertreter aus der Elektrizit\u00e4tswirtschaft eine Pr\u00e4ventions-Kampagne f\u00fcr diese Berufsgruppe lanciert. Mehr Informationen finden Sie auf der <a href=\"https:\/\/www.suva.ch\/de-ch\/praevention\/sachthemen\/elektrizitaet#uxlibrary-lwrslider=1\">Suva-Website<\/a>.<\/p>\n<h5>5 + 5 lebenswichtige Regeln im Umgang mit Elektrizit\u00e4t, Faltprospekt<\/h5>\n<p>[\/vc_column_text]<div class=\"wpb_button_column wpb_content_element wpb_content_element--left\"><div class=\"wpb_wrapper\"><div class=\"button button--ghost\"><a href=\"https:\/\/www.suva.ch\/download\/regeln-und-tipps\/5---5-lebenswichtige-regeln-im-umgang-mit-elektrizitaet\/5---5-lebenswichtige-regeln-im-umgang-mit-elektrizitaet--84042.D\" target=\"_blank\" >Flyer downloaden<\/a><\/div><\/div><\/div><div class=\"wpb_gap_column wpb_content_element\"><div class=\"wpb_wrapper\"><div class=\"gap gap--small\"><\/div><\/div><\/div><div class=\"wpb_video_column wpb_content_element\"><div class=\"wpb_wrapper\"><div class=\"video_container video_container--embed\"><iframe src=\"https:\/\/www.youtube-nocookie.com\/embed\/gPsQ1ZiI3tQ?modestbranding=1&rel=0&showinfo=0\" frameborder=\"0\" allow=\"accelerometer; autoplay; encrypted-media; gyroscope; picture-in-picture\" allowfullscreen><\/iframe><\/div><\/div><\/div>[\/vc_column][\/vc_row][vc_row el_id=&#8221;kurse&#8221;][vc_column][vc_column_text]<\/p>\n<h3>Unsere Kurse zum Thema<\/h3>\n<p>[\/vc_column_text]<div class=\"wpb_accordion_column wpb_content_element\"><div class=\"wpb_wrapper\"><div class=\"fake_accordion\"><div class=\"row\"><div class=\"col-sm-5\"><div class=picture_container><img decoding=\"async\" src=\"https:\/\/dev-web.electrosuisse.ch\/wp-content\/uploads\/2018\/12\/sichere_elektrozitaet_electrosuisse-585x345.jpg\" alt=\"Sicherer Umgang mit Elektrizit\u00e4t inkl. Kompaktkurs in Reanimation (BLS-AED-SRC kompakt)\" \/><\/div><\/div><div class=\"col-sm-7\"><h3>Sicherer Umgang mit Elektrizit\u00e4t inkl. Kompaktkurs in Reanimation (BLS-AED-SRC kompakt)<\/h3><p>Gerade weil Elektrizit\u00e4t so wenig konkret und doch so selbstverst\u00e4ndlich ist, wird ihre Wirkung in jeglicher Beziehung oftmals nicht gen\u00fcgend beachtet \u2013 bis es zu sp\u00e4t ist.<\/p>\n<div class=\"button button--ghost\"><a href=\"https:\/\/shop.electrosuisse.ch\/de\/Sicherer-Umgang-mit-Elektrizitaet-inkl.-Kompaktkur-2198.html\">Kursdaten<\/a><\/div><\/div><\/div><\/div><div class=\"fake_accordion\"><div class=\"row\"><div class=\"col-sm-5\"><div class=picture_container><img decoding=\"async\" src=\"https:\/\/dev-web.electrosuisse.ch\/wp-content\/uploads\/2019\/03\/Electrosuisse_Reanimation_Kurs_attrappe-ausbildung-cpr-1282317-585x345.jpg\" alt=\"Reanimations-Grundkurs (BLS-AED-SRC Komplett)\" \/><\/div><\/div><div class=\"col-sm-7\"><h3>Reanimations-Grundkurs (BLS-AED-SRC Komplett)<\/h3><p>Die erste Viertelstunde bis zum Eintreffen der professionellen Retter ist eine wichtige Phase in der Rettungskette. Im Notfall gilt: Nur nichts tun ist falsch!<\/p>\n<div class=\"button button--ghost\"><a href=\"https:\/\/shop.electrosuisse.ch\/de\/Reanimations-Grundkurs-_BLS-AED-SRC-Komplett_-2353.html\">Kursdaten<\/a><\/div><\/div><\/div><\/div><div class=\"fake_accordion\"><div class=\"row\"><div class=\"col-sm-5\"><div class=picture_container><img decoding=\"async\" src=\"https:\/\/dev-web.electrosuisse.ch\/wp-content\/uploads\/2019\/03\/Electrosuisse_Erste_Hilfe_ambulance-970037_1920-585x345.jpg\" alt=\"Weitere Kurse\" \/><\/div><\/div><div class=\"col-sm-7\"><h3>Weitere Kurse<\/h3><p>Die Arbeit nach StV Art. 75 muss gefahrlos durchgef\u00fchrt werden k\u00f6nnen; dies bedingt auch die Erste Hilfe vor Ort. Wir bieten Grund-, Komplett- und Wiederholungskurse.<\/p>\n<div class=\"button button--ghost\"><a href=\"https:\/\/shop.electrosuisse.ch\/de\/weiterbildung\/kurse\/\">Alle Kurse<\/a><\/div><\/div><\/div><\/div><\/div><\/div>[\/vc_column][\/vc_row][vc_row][vc_column][vc_row_inner][vc_column_inner width=&#8221;1\/2&#8243;][vc_column_text]<\/p>\n<h4><strong>Schutzausr\u00fcstung nicht vergessen <\/strong><\/h4>\n<p>Obwohl dies selten so wahrgenommen wird, sehen sich Elektrofachkr\u00e4fte h\u00e4ufig mit lebensgef\u00e4hrlichen Situationen konfrontiert. Die Realit\u00e4t spricht eine klare Sprache: Pro Jahr suchen \u00fcber 500 Berufsleute aufgrund eines Elektrounfalls eine Arztpraxis oder ein Spital auf. Zur Vermeidung solcher Unf\u00e4lle spielt die pers\u00f6nliche Schutzausr\u00fcstung eine zentrale Rolle.[\/vc_column_text]<div class=\"wpb_button_column wpb_content_element wpb_content_element--left\"><div class=\"wpb_wrapper\"><div class=\"button button--ghost\"><a href=\"https:\/\/www.bulletin.ch\/de\/news-detail\/schutzausruestung-nicht-vergessen.html\" target=\"_blank\" >bulletin.ch Artikel lesen<\/a><\/div><\/div><\/div>[\/vc_column_inner][vc_column_inner width=&#8221;1\/2&#8243;][vc_column_text]<\/p>\n<h4><strong>Elektrounf\u00e4lle 2017<\/strong><\/h4>\n<p>W\u00e4hrend der R\u00fcckgang bei schweren Unf\u00e4llen weiter anh\u00e4lt \u2013\u00a0keine t\u00f6dlichen Berufsunf\u00e4lle, aber 8\u00a0Todesf\u00e4lle im privaten Bereich\u00a0\u2013, haben die im Jahr\u00a02017 dem\u00a0ESTI gesamthaft gemeldeten Elektrounf\u00e4lle gegen\u00fcber dem Vorjahr leicht zugenommen. Bei den schweren und den t\u00f6dlichen Elektrounf\u00e4llen im Berufsumfeld hat die Kampagne \u00abSichere Elektrizit\u00e4t\u00bb der Suva mit den 5+5\u00a0lebenswichtigen Regeln als zentrales Element einen wichtigen Beitrag zur Unfallverh\u00fctung geleistet.[\/vc_column_text]<div class=\"wpb_button_column wpb_content_element wpb_content_element--left\"><div class=\"wpb_wrapper\"><div class=\"button button--ghost\"><a href=\"https:\/\/www.bulletin.ch\/de\/news-detail\/elektrounfaelle-2017.html\" target=\"_blank\" >bulletin.ch Artikel lesen<\/a><\/div><\/div><\/div>[\/vc_column_inner][\/vc_row_inner]<div class=\"wpb_gap_column wpb_content_element\"><div class=\"wpb_wrapper\"><div class=\"gap gap--small\"><\/div><\/div><\/div>[vc_column_text]<\/p>\n<h4>Ein Unfall passiert nicht, sondern er wird gemacht<\/h4>\n<p>Josef Schmucki ist diplomierter Elektroinstallateur und Experte f\u00fcr Niederspannungsinstallationen. Er erz\u00e4hlt im Interview \u00fcber seine T\u00e4tigkeit bei Electrosuisse und wie man sich im Berufsalltag am besten vor Unf\u00e4llen sch\u00fctzen kann. (Journal | Winterhalter + Fenner AG)[\/vc_column_text]<div class=\"wpb_button_column wpb_content_element wpb_content_element--left\"><div class=\"wpb_wrapper\"><div class=\"button button--ghost\"><a href=\"http:\/\/www.w-f.ch\/mam_wfch\/eh\/aktuelles\/journal\/aktuelle_ausgabe\/17\/interview_journal_0317_de.pdf\" target=\"_blank\" >Zum Interview<\/a><\/div><\/div><\/div>[vc_column_text]<\/p>\n<h2 class=\"title style-scope ytd-video-primary-info-renderer\">Arbeiten unter Spannung \u2013 Schutzkleidung<\/h2>\n<p>Werden Personen von einem elektrischen Strom durchstr\u00f6mt, kann es zu St\u00fcrzen und anderen Verletzungen kommen. Zudem k\u00f6nnen St\u00f6rlichtbogen zu Verbrennungen f\u00fchren. Zum Schutz bieten verschiedene Hersteller diverse Ausf\u00fchrungen von Schutzausr\u00fcstungen an. Welche PSA muss wann getragen werden? <a href=\"https:\/\/www.esti.admin.ch\/inhalte\/pdf\/Uebrige\/Deutsch\/2016_2015\/2015-12_psa_d.pdf\" target=\"_blank\" rel=\"noopener noreferrer\">bulletin.ch Artikel vom ESTI<\/a>[\/vc_column_text]<div class=\"wpb_button_column wpb_content_element wpb_content_element--left\"><div class=\"wpb_wrapper\"><div class=\"button button--normal\"><a href=\"https:\/\/youtu.be\/KIiKEsQTrZI\" target=\"_blank\" >Video Arbeitssicherheit in Starkstromanlagen<\/a><\/div><\/div><\/div><div class=\"wpb_video_column wpb_content_element\"><div class=\"wpb_wrapper\"><div class=\"video_container video_container--embed\"><iframe src=\"https:\/\/www.youtube-nocookie.com\/embed\/aF_UosALd8k?modestbranding=1&rel=0&showinfo=0\" frameborder=\"0\" allow=\"accelerometer; autoplay; encrypted-media; gyroscope; picture-in-picture\" allowfullscreen><\/iframe><\/div><\/div><\/div>[\/vc_column][\/vc_row]<\/p>\n<\/div>","protected":false},"excerpt":{"rendered":"<p>[vc_row][vc_column][vc_column_text el_class=&#8221;lead&#8221;]Eine wichtige Aufgabe jedes Betriebsverantwortlichen ist es, elektrische Anlagen sicher und effizient zu betreiben. Elektrounf\u00e4lle k\u00f6nnen gravierende Folgen haben. Das Risiko, hier das Leben zu verlieren, ist 50-mal h\u00f6her als bei anderen Unf\u00e4llen. Betroffen sind vor allem Elektrofachleute. Im Sicherheitskonzept definieren Sie die Verantwortlichkeiten im Betrieb und f\u00f6rdern den achtsamen Umgang mit elektrischen Anlagen.[\/vc_column_text][\/vc_column][\/vc_row][vc_row [&hellip;]<\/p>\n","protected":false},"author":33,"featured_media":0,"parent":22114,"menu_order":185,"comment_status":"closed","ping_status":"closed","template":"","meta":{"_acf_changed":false,"footnotes":""},"class_list":["post-48","page","type-page","status-publish","hentry"],"acf":[],"yoast_head":"<!-- This site is optimized with the Yoast SEO Premium plugin v25.1 (Yoast SEO v25.1) - https:\/\/yoast.com\/wordpress\/plugins\/seo\/ -->\n<title>Sicherheitskonzepte f\u00fcr elektrische Anlagen<\/title>\n<meta name=\"description\" content=\"Regeln zu Arbeitssicherheit und Unfallpr\u00e4vention erstellen und gesetzliche und sicherheitstechnische Anforderungen \u00fcberpr\u00fcfen.\" \/>\n<meta name=\"robots\" content=\"noindex, follow, max-snippet:-1, max-image-preview:large, max-video-preview:-1\" \/>\n<meta property=\"og:locale\" content=\"de_DE\" \/>\n<meta property=\"og:type\" content=\"article\" \/>\n<meta property=\"og:title\" content=\"Sicherheitskonzepte f\u00fcr elektrische Anlagen\" \/>\n<meta property=\"og:description\" content=\"Regeln zu Arbeitssicherheit und Unfallpr\u00e4vention erstellen und gesetzliche und sicherheitstechnische Anforderungen \u00fcberpr\u00fcfen.\" \/>\n<meta property=\"og:url\" content=\"https:\/\/dev-web.electrosuisse.ch\/de\/inspektion-beratung\/sicherheitskonzepte\/\" \/>\n<meta property=\"og:site_name\" content=\"Electrosuisse\" \/>\n<meta property=\"article:modified_time\" content=\"2024-01-10T06:59:06+00:00\" \/>\n<meta property=\"og:image\" content=\"https:\/\/dev-web.electrosuisse.ch\/wp-content\/uploads\/2019\/06\/Electrosuisse_Sicherheitskonzepte_Schutzausruestung.jpg\" \/>\n\t<meta property=\"og:image:width\" content=\"1578\" \/>\n\t<meta property=\"og:image:height\" content=\"650\" \/>\n\t<meta property=\"og:image:type\" content=\"image\/jpeg\" \/>\n<script type=\"application\/ld+json\" class=\"yoast-schema-graph\">{\"@context\":\"https:\/\/schema.org\",\"@graph\":[{\"@type\":\"WebPage\",\"@id\":\"https:\/\/dev-web.electrosuisse.ch\/de\/inspektion-beratung\/sicherheitskonzepte\/\",\"url\":\"https:\/\/dev-web.electrosuisse.ch\/de\/inspektion-beratung\/sicherheitskonzepte\/\",\"name\":\"Sicherheitskonzepte f\u00fcr elektrische Anlagen\",\"isPartOf\":{\"@id\":\"https:\/\/dev-web.electrosuisse.ch\/de\/#website\"},\"datePublished\":\"2018-06-24T09:09:44+00:00\",\"dateModified\":\"2024-01-10T06:59:06+00:00\",\"description\":\"Regeln zu Arbeitssicherheit und Unfallpr\u00e4vention erstellen und gesetzliche und sicherheitstechnische Anforderungen \u00fcberpr\u00fcfen.\",\"breadcrumb\":{\"@id\":\"https:\/\/dev-web.electrosuisse.ch\/de\/inspektion-beratung\/sicherheitskonzepte\/#breadcrumb\"},\"inLanguage\":\"de\",\"potentialAction\":[{\"@type\":\"ReadAction\",\"target\":[\"https:\/\/dev-web.electrosuisse.ch\/de\/inspektion-beratung\/sicherheitskonzepte\/\"]}]},{\"@type\":\"BreadcrumbList\",\"@id\":\"https:\/\/dev-web.electrosuisse.ch\/de\/inspektion-beratung\/sicherheitskonzepte\/#breadcrumb\",\"itemListElement\":[{\"@type\":\"ListItem\",\"position\":1,\"name\":\"Inspektion und Beratung\",\"item\":\"https:\/\/dev-web.electrosuisse.ch\/de\/inspektion-beratung\/\"},{\"@type\":\"ListItem\",\"position\":2,\"name\":\"Sicherheitskonzepte\"}]},{\"@type\":\"WebSite\",\"@id\":\"https:\/\/dev-web.electrosuisse.ch\/de\/#website\",\"url\":\"https:\/\/dev-web.electrosuisse.ch\/de\/\",\"name\":\"Electrosuisse\",\"description\":\"\",\"publisher\":{\"@id\":\"https:\/\/dev-web.electrosuisse.ch\/de\/#organization\"},\"potentialAction\":[{\"@type\":\"SearchAction\",\"target\":{\"@type\":\"EntryPoint\",\"urlTemplate\":\"https:\/\/dev-web.electrosuisse.ch\/de\/?s={search_term_string}\"},\"query-input\":{\"@type\":\"PropertyValueSpecification\",\"valueRequired\":true,\"valueName\":\"search_term_string\"}}],\"inLanguage\":\"de\"},{\"@type\":\"Organization\",\"@id\":\"https:\/\/dev-web.electrosuisse.ch\/de\/#organization\",\"name\":\"Electrosuisse\",\"url\":\"https:\/\/dev-web.electrosuisse.ch\/de\/\",\"logo\":{\"@type\":\"ImageObject\",\"inLanguage\":\"de\",\"@id\":\"https:\/\/dev-web.electrosuisse.ch\/de\/#\/schema\/logo\/image\/\",\"url\":\"https:\/\/dev-web.electrosuisse.ch\/wp-content\/uploads\/2025\/04\/Electrosuisse_Logo_696x696.png\",\"contentUrl\":\"https:\/\/dev-web.electrosuisse.ch\/wp-content\/uploads\/2025\/04\/Electrosuisse_Logo_696x696.png\",\"width\":696,\"height\":696,\"caption\":\"Electrosuisse\"},\"image\":{\"@id\":\"https:\/\/dev-web.electrosuisse.ch\/de\/#\/schema\/logo\/image\/\"},\"sameAs\":[\"https:\/\/www.linkedin.com\/company\/electrosuisse-ag\/posts\/?feedView=all\",\"https:\/\/www.instagram.com\/electrosuisse1889\/\",\"https:\/\/www.youtube.com\/channel\/UCoOxohMiVE0Gjcdis1L09zw\"],\"description\":\"Electrosuisse ist eine anerkannte und unabh\u00e4ngige Fachorganisation, die erstklassige Dienstleistungen und Produkte in den Bereichen Inspektion, Beratung, Pr\u00fcfung, Zertifizierung, Normung und Weiterbildung anbietet. Unsere Expertise umfasst Elektrotechnik, Elektromobilit\u00e4t, Energieberatung, Geb\u00e4udeautomation und Photovoltaik in der Schweiz. Durch die Veranstaltung etablierter Branchen-Events und Fachtagungen f\u00f6rdert Electrosuisse den Wissenstransfer und den fachlichen Austausch. Im Mittelpunkt unserer T\u00e4tigkeiten steht die F\u00f6rderung der sicheren, wirtschaftlichen und umweltgerechten Anwendung der Elektrotechnik.\"}]}<\/script>\n<!-- \/ Yoast SEO Premium plugin. -->","yoast_head_json":{"title":"Sicherheitskonzepte f\u00fcr elektrische Anlagen","description":"Regeln zu Arbeitssicherheit und Unfallpr\u00e4vention erstellen und gesetzliche und sicherheitstechnische Anforderungen \u00fcberpr\u00fcfen.","robots":{"index":"noindex","follow":"follow","max-snippet":"max-snippet:-1","max-image-preview":"max-image-preview:large","max-video-preview":"max-video-preview:-1"},"og_locale":"de_DE","og_type":"article","og_title":"Sicherheitskonzepte f\u00fcr elektrische Anlagen","og_description":"Regeln zu Arbeitssicherheit und Unfallpr\u00e4vention erstellen und gesetzliche und sicherheitstechnische Anforderungen \u00fcberpr\u00fcfen.","og_url":"https:\/\/dev-web.electrosuisse.ch\/de\/inspektion-beratung\/sicherheitskonzepte\/","og_site_name":"Electrosuisse","article_modified_time":"2024-01-10T06:59:06+00:00","og_image":[{"width":1578,"height":650,"url":"https:\/\/dev-web.electrosuisse.ch\/wp-content\/uploads\/2019\/06\/Electrosuisse_Sicherheitskonzepte_Schutzausruestung.jpg","type":"image\/jpeg"}],"schema":{"@context":"https:\/\/schema.org","@graph":[{"@type":"WebPage","@id":"https:\/\/dev-web.electrosuisse.ch\/de\/inspektion-beratung\/sicherheitskonzepte\/","url":"https:\/\/dev-web.electrosuisse.ch\/de\/inspektion-beratung\/sicherheitskonzepte\/","name":"Sicherheitskonzepte f\u00fcr elektrische Anlagen","isPartOf":{"@id":"https:\/\/dev-web.electrosuisse.ch\/de\/#website"},"datePublished":"2018-06-24T09:09:44+00:00","dateModified":"2024-01-10T06:59:06+00:00","description":"Regeln zu Arbeitssicherheit und Unfallpr\u00e4vention erstellen und gesetzliche und sicherheitstechnische Anforderungen \u00fcberpr\u00fcfen.","breadcrumb":{"@id":"https:\/\/dev-web.electrosuisse.ch\/de\/inspektion-beratung\/sicherheitskonzepte\/#breadcrumb"},"inLanguage":"de","potentialAction":[{"@type":"ReadAction","target":["https:\/\/dev-web.electrosuisse.ch\/de\/inspektion-beratung\/sicherheitskonzepte\/"]}]},{"@type":"BreadcrumbList","@id":"https:\/\/dev-web.electrosuisse.ch\/de\/inspektion-beratung\/sicherheitskonzepte\/#breadcrumb","itemListElement":[{"@type":"ListItem","position":1,"name":"Inspektion und Beratung","item":"https:\/\/dev-web.electrosuisse.ch\/de\/inspektion-beratung\/"},{"@type":"ListItem","position":2,"name":"Sicherheitskonzepte"}]},{"@type":"WebSite","@id":"https:\/\/dev-web.electrosuisse.ch\/de\/#website","url":"https:\/\/dev-web.electrosuisse.ch\/de\/","name":"Electrosuisse","description":"","publisher":{"@id":"https:\/\/dev-web.electrosuisse.ch\/de\/#organization"},"potentialAction":[{"@type":"SearchAction","target":{"@type":"EntryPoint","urlTemplate":"https:\/\/dev-web.electrosuisse.ch\/de\/?s={search_term_string}"},"query-input":{"@type":"PropertyValueSpecification","valueRequired":true,"valueName":"search_term_string"}}],"inLanguage":"de"},{"@type":"Organization","@id":"https:\/\/dev-web.electrosuisse.ch\/de\/#organization","name":"Electrosuisse","url":"https:\/\/dev-web.electrosuisse.ch\/de\/","logo":{"@type":"ImageObject","inLanguage":"de","@id":"https:\/\/dev-web.electrosuisse.ch\/de\/#\/schema\/logo\/image\/","url":"https:\/\/dev-web.electrosuisse.ch\/wp-content\/uploads\/2025\/04\/Electrosuisse_Logo_696x696.png","contentUrl":"https:\/\/dev-web.electrosuisse.ch\/wp-content\/uploads\/2025\/04\/Electrosuisse_Logo_696x696.png","width":696,"height":696,"caption":"Electrosuisse"},"image":{"@id":"https:\/\/dev-web.electrosuisse.ch\/de\/#\/schema\/logo\/image\/"},"sameAs":["https:\/\/www.linkedin.com\/company\/electrosuisse-ag\/posts\/?feedView=all","https:\/\/www.instagram.com\/electrosuisse1889\/","https:\/\/www.youtube.com\/channel\/UCoOxohMiVE0Gjcdis1L09zw"],"description":"Electrosuisse ist eine anerkannte und unabh\u00e4ngige Fachorganisation, die erstklassige Dienstleistungen und Produkte in den Bereichen Inspektion, Beratung, Pr\u00fcfung, Zertifizierung, Normung und Weiterbildung anbietet. Unsere Expertise umfasst Elektrotechnik, Elektromobilit\u00e4t, Energieberatung, Geb\u00e4udeautomation und Photovoltaik in der Schweiz. Durch die Veranstaltung etablierter Branchen-Events und Fachtagungen f\u00f6rdert Electrosuisse den Wissenstransfer und den fachlichen Austausch. Im Mittelpunkt unserer T\u00e4tigkeiten steht die F\u00f6rderung der sicheren, wirtschaftlichen und umweltgerechten Anwendung der Elektrotechnik."}]}},"_links":{"self":[{"href":"https:\/\/dev-web.electrosuisse.ch\/de\/wp-json\/wp\/v2\/pages\/48","targetHints":{"allow":["GET"]}}],"collection":[{"href":"https:\/\/dev-web.electrosuisse.ch\/de\/wp-json\/wp\/v2\/pages"}],"about":[{"href":"https:\/\/dev-web.electrosuisse.ch\/de\/wp-json\/wp\/v2\/types\/page"}],"author":[{"embeddable":true,"href":"https:\/\/dev-web.electrosuisse.ch\/de\/wp-json\/wp\/v2\/users\/33"}],"replies":[{"embeddable":true,"href":"https:\/\/dev-web.electrosuisse.ch\/de\/wp-json\/wp\/v2\/comments?post=48"}],"version-history":[{"count":4,"href":"https:\/\/dev-web.electrosuisse.ch\/de\/wp-json\/wp\/v2\/pages\/48\/revisions"}],"predecessor-version":[{"id":29185,"href":"https:\/\/dev-web.electrosuisse.ch\/de\/wp-json\/wp\/v2\/pages\/48\/revisions\/29185"}],"up":[{"embeddable":true,"href":"https:\/\/dev-web.electrosuisse.ch\/de\/wp-json\/wp\/v2\/pages\/22114"}],"wp:attachment":[{"href":"https:\/\/dev-web.electrosuisse.ch\/de\/wp-json\/wp\/v2\/media?parent=48"}],"curies":[{"name":"wp","href":"https:\/\/api.w.org\/{rel}","templated":true}]}}