{"id":39506,"date":"2025-07-09T09:11:42","date_gmt":"2025-07-09T07:11:42","guid":{"rendered":"https:\/\/dev-web.electrosuisse.ch\/?page_id=39506"},"modified":"2025-07-09T09:12:09","modified_gmt":"2025-07-09T07:12:09","slug":"gin","status":"publish","type":"page","link":"https:\/\/dev-web.electrosuisse.ch\/de\/gin\/","title":{"rendered":"Anschlussbewilligung nach Art. 15 NIV &#8211; Spezialkurs f\u00fcr lernende Geb\u00e4udeinformatiker:innen"},"content":{"rendered":"<div class=\"wpb-content-wrapper\"><p>[vc_row][vc_column]<div class=\"wpb_form_column wpb_content_element\"><div class=\"wpb_wrapper test\"><div id=\"quform-89e2a4\" class=\"quform quform-62 quform-support-page-caching\"><form id=\"quform-form-89e2a4\" class=\"quform-form quform-form-62\" action=\"\/de\/wp-json\/wp\/v2\/pages\/39506#quform-89e2a4\" method=\"post\" enctype=\"multipart\/form-data\" novalidate=\"novalidate\" data-options=\"{&quot;id&quot;:62,&quot;uniqueId&quot;:&quot;89e2a4&quot;,&quot;theme&quot;:&quot;&quot;,&quot;ajax&quot;:true,&quot;logic&quot;:{&quot;logic&quot;:[],&quot;dependents&quot;:[],&quot;elementIds&quot;:[],&quot;dependentElementIds&quot;:[],&quot;animate&quot;:true},&quot;currentPageId&quot;:1,&quot;errorsIcon&quot;:&quot;&quot;,&quot;updateFancybox&quot;:true,&quot;hasPages&quot;:false,&quot;pages&quot;:[1],&quot;pageProgressType&quot;:&quot;numbers&quot;,&quot;tooltipsEnabled&quot;:true,&quot;tooltipClasses&quot;:&quot;qtip-quform-dark qtip-shadow&quot;,&quot;tooltipMy&quot;:&quot;left center&quot;,&quot;tooltipAt&quot;:&quot;right center&quot;,&quot;isRtl&quot;:false,&quot;scrollOffset&quot;:-50,&quot;scrollSpeed&quot;:800}\"><button class=\"quform-default-submit\" name=\"quform_submit\" type=\"submit\" value=\"submit\" aria-hidden=\"true\" tabindex=\"-1\"><\/button><div class=\"quform-form-inner quform-form-inner-62\"><input type=\"hidden\" name=\"quform_form_id\" value=\"62\" \/><input type=\"hidden\" name=\"quform_form_uid\" value=\"89e2a4\" \/><input type=\"hidden\" name=\"quform_count\" value=\"1\" \/><input type=\"hidden\" name=\"form_url\" value=\"https:\/\/dev-web.electrosuisse.ch\/de\/wp-json\/wp\/v2\/pages\/39506\" \/><input type=\"hidden\" name=\"referring_url\" value=\"\" \/><input type=\"hidden\" name=\"post_id\" value=\"\" \/><input type=\"hidden\" name=\"post_title\" value=\"\" \/><input type=\"hidden\" name=\"quform_current_page_id\" value=\"1\" \/><input type=\"hidden\" name=\"quform_csrf_token\" value=\"9gvNKb450WQogauKDrI0bP3bhIGFH3HHy2i7H15V\" \/><div class=\"quform-form-title-description\"><h2 class=\"quform-form-title\">Anschlussbewilligung nach Art. 15 NIV - Spezialkurs f\u00fcr lernende Geb\u00e4udeinformatiker:innen<\/h2><\/div><div class=\"quform-elements quform-elements-62 quform-cf quform-responsive-elements-phone-landscape\"><div class=\"quform-element quform-element-page quform-page-1 quform-page-62_1 quform-cf quform-group-style-plain quform-first-page quform-last-page quform-current-page\"><div class=\"quform-child-elements\"><div class=\"quform-element quform-element-name quform-element-62_19 quform-cf quform-element-required\"><div class=\"quform-spacer\"><div class=\"quform-label quform-label-62_19\"><label class=\"quform-label-text\" id=\"quform_62_19_89e2a4_label\">Name<span class=\"quform-required\">*<\/span><\/label><\/div><div class=\"quform-inner quform-inner-name quform-inner-62_19\"><div class=\"quform-input quform-input-name quform-input-62_19 quform-cf\"><div class=\"quform-element-row quform-3-columns quform-element-row-size-fixed quform-responsive-columns-phone-landscape\"><div class=\"quform-element-column\"><div class=\"quform-element quform-element-select quform-element-62_19_1 quform-cf quform-element-required\"><div class=\"quform-spacer\"><div class=\"quform-inner quform-inner-select quform-inner-62_19_1\"><div class=\"quform-input quform-input-select quform-input-62_19_1 quform-cf\"><select id=\"quform_62_19_1_89e2a4\" name=\"quform_62_19[1]\" class=\"quform-field quform-field-select quform-field-62_19_1\" aria-labelledby=\"quform_62_19_89e2a4_label quform_62_19_1_89e2a4_sub_label_below\"><option value=\"\" selected=\"selected\">Bitte ausw\u00e4hlen<\/option><option value=\"Frau\">Frau<\/option><option value=\"Herr\">Herr<\/option><\/select><\/div><label id=\"quform_62_19_1_89e2a4_sub_label_below\" class=\"quform-sub-label quform-sub-label-below\">Anrede<\/label><\/div><\/div><\/div><\/div><div class=\"quform-element-column\"><div class=\"quform-element quform-element-text quform-element-62_19_2 quform-cf quform-element-optional\"><div class=\"quform-spacer\"><div class=\"quform-inner quform-inner-text quform-inner-62_19_2\"><div class=\"quform-input quform-input-text quform-input-62_19_2 quform-cf\"><input type=\"text\" id=\"quform_62_19_2_89e2a4\" name=\"quform_62_19[2]\" class=\"quform-field quform-field-text quform-field-62_19_2\" aria-labelledby=\"quform_62_19_89e2a4_label quform_62_19_2_89e2a4_sub_label_below\" \/><\/div><label id=\"quform_62_19_2_89e2a4_sub_label_below\" class=\"quform-sub-label quform-sub-label-below\">Vorname<\/label><\/div><\/div><\/div><\/div><div class=\"quform-element-column\"><div class=\"quform-element quform-element-text quform-element-62_19_4 quform-cf quform-element-optional\"><div class=\"quform-spacer\"><div class=\"quform-inner quform-inner-text quform-inner-62_19_4\"><div class=\"quform-input quform-input-text quform-input-62_19_4 quform-cf\"><input type=\"text\" id=\"quform_62_19_4_89e2a4\" name=\"quform_62_19[4]\" class=\"quform-field quform-field-text quform-field-62_19_4\" aria-labelledby=\"quform_62_19_89e2a4_label quform_62_19_4_89e2a4_sub_label_below\" \/><\/div><label id=\"quform_62_19_4_89e2a4_sub_label_below\" class=\"quform-sub-label quform-sub-label-below\">Name<\/label><\/div><\/div><\/div><\/div><\/div><\/div><\/div><\/div><\/div><div class=\"quform-element quform-element-text quform-element-62_10 quform-cf quform-element-required\"><div class=\"quform-spacer\"><div class=\"quform-label quform-label-62_10\"><label class=\"quform-label-text\" for=\"quform_62_10_89e2a4\">E-Mail-Adresse<span class=\"quform-required\">*<\/span><\/label><\/div><div class=\"quform-inner quform-inner-text quform-inner-62_10\"><div class=\"quform-input quform-input-text quform-input-62_10 quform-cf\"><input type=\"text\" id=\"quform_62_10_89e2a4\" name=\"quform_62_10\" class=\"quform-field quform-field-text quform-field-62_10\" \/><\/div><\/div><\/div><\/div><div class=\"quform-element quform-element-text quform-element-62_11 quform-cf quform-element-required\"><div class=\"quform-spacer\"><div class=\"quform-label quform-label-62_11\"><label class=\"quform-label-text\" for=\"quform_62_11_89e2a4\">Lehrfirma<span class=\"quform-required\">*<\/span><\/label><\/div><div class=\"quform-inner quform-inner-text quform-inner-62_11\"><div class=\"quform-input quform-input-text quform-input-62_11 quform-cf\"><input type=\"text\" id=\"quform_62_11_89e2a4\" name=\"quform_62_11\" class=\"quform-field quform-field-text quform-field-62_11\" \/><\/div><\/div><\/div><\/div><div class=\"quform-element quform-element-text quform-element-62_12 quform-cf quform-element-required\"><div class=\"quform-spacer\"><div class=\"quform-label quform-label-62_12\"><label class=\"quform-label-text\" for=\"quform_62_12_89e2a4\">Adresse Lehrfirma<span class=\"quform-required\">*<\/span><\/label><\/div><div class=\"quform-inner quform-inner-text quform-inner-62_12\"><div class=\"quform-input quform-input-text quform-input-62_12 quform-cf\"><input type=\"text\" id=\"quform_62_12_89e2a4\" name=\"quform_62_12\" class=\"quform-field quform-field-text quform-field-62_12\" \/><\/div><\/div><\/div><\/div><div class=\"quform-element quform-element-text quform-element-62_13 quform-cf quform-element-required\"><div class=\"quform-spacer\"><div class=\"quform-label quform-label-62_13\"><label class=\"quform-label-text\" for=\"quform_62_13_89e2a4\">PLZ\/Ort Lehrfirma<span class=\"quform-required\">*<\/span><\/label><\/div><div class=\"quform-inner quform-inner-text quform-inner-62_13\"><div class=\"quform-input quform-input-text quform-input-62_13 quform-cf\"><input type=\"text\" id=\"quform_62_13_89e2a4\" name=\"quform_62_13\" class=\"quform-field quform-field-text quform-field-62_13\" \/><\/div><\/div><\/div><\/div><div class=\"quform-element quform-element-text quform-element-62_14 quform-cf quform-element-required\"><div class=\"quform-spacer\"><div class=\"quform-label quform-label-62_14\"><label class=\"quform-label-text\" for=\"quform_62_14_89e2a4\">Lehrbeginn<span class=\"quform-required\">*<\/span><\/label><\/div><div class=\"quform-inner quform-inner-text quform-inner-62_14\"><div class=\"quform-input quform-input-text quform-input-62_14 quform-cf\"><input type=\"text\" id=\"quform_62_14_89e2a4\" name=\"quform_62_14\" class=\"quform-field quform-field-text quform-field-62_14\" \/><\/div><\/div><\/div><\/div><div class=\"quform-element quform-element-radio quform-element-62_16 quform-cf quform-element-required\"><div class=\"quform-spacer\"><div class=\"quform-label quform-label-62_16\"><label class=\"quform-label-text\" id=\"quform_62_16_89e2a4_label\">Rechnungsadresse<span class=\"quform-required\">*<\/span><\/label><\/div><div class=\"quform-inner quform-inner-radio quform-inner-62_16\"><div class=\"quform-input quform-input-radio quform-input-62_16 quform-cf\"><div class=\"quform-options quform-cf quform-options-block quform-options-simple\" role=\"radiogroup\" aria-labelledby=\"quform_62_16_89e2a4_label\"><div class=\"quform-option\"><input type=\"radio\" name=\"quform_62_16\" id=\"quform_62_16_89e2a4_1\" class=\"quform-field quform-field-radio quform-field-62_16 quform-field-62_16_1\" value=\"Identisch mit Lehrfirma\" \/><label for=\"quform_62_16_89e2a4_1\" class=\"quform-option-label quform-option-label-62_16_1\"><span class=\"quform-option-text\">Identisch mit Lehrfirma<\/span><\/label><\/div><div class=\"quform-option\"><input type=\"radio\" name=\"quform_62_16\" id=\"quform_62_16_89e2a4_2\" class=\"quform-field quform-field-radio quform-field-62_16 quform-field-62_16_2\" value=\"Andere Rechnungsadresse\" \/><label for=\"quform_62_16_89e2a4_2\" class=\"quform-option-label quform-option-label-62_16_2\"><span class=\"quform-option-text\">Andere Rechnungsadresse<\/span><\/label><\/div><\/div><\/div><\/div><\/div><\/div><div class=\"quform-element quform-element-text quform-element-62_17 quform-cf quform-element-optional\"><div class=\"quform-spacer\"><div class=\"quform-label quform-label-62_17\"><label class=\"quform-label-text\" for=\"quform_62_17_89e2a4\">Andere Rechnungsadresse, abweichend von Adresse Lehrfirma<\/label><\/div><div class=\"quform-inner quform-inner-text quform-inner-62_17\"><div class=\"quform-input quform-input-text quform-input-62_17 quform-cf\"><input type=\"text\" id=\"quform_62_17_89e2a4\" name=\"quform_62_17\" class=\"quform-field quform-field-text quform-field-62_17\" \/><\/div><\/div><\/div><\/div><div class=\"quform-element quform-element-radio quform-element-62_22 quform-cf quform-element-required\"><div class=\"quform-spacer\"><div class=\"quform-label quform-label-62_22\"><label class=\"quform-label-text\" id=\"quform_62_22_89e2a4_label\">Verbindliche Anmeldung Kursnummer und Datum<span class=\"quform-required\">*<\/span><\/label><\/div><div class=\"quform-inner quform-inner-radio quform-inner-62_22\"><div class=\"quform-input quform-input-radio quform-input-62_22 quform-cf\"><div class=\"quform-options quform-cf quform-options-block quform-options-simple\" role=\"radiogroup\" aria-labelledby=\"quform_62_22_89e2a4_label\"><div class=\"quform-option\"><input type=\"radio\" name=\"quform_62_22\" id=\"quform_62_22_89e2a4_1\" class=\"quform-field quform-field-radio quform-field-62_22 quform-field-62_22_1\" value=\"Ich melde mich verbindlich und kostenpflichtig f\u00fcr den gew\u00e4hlten Kurs an\" \/><label for=\"quform_62_22_89e2a4_1\" class=\"quform-option-label quform-option-label-62_22_1\"><span class=\"quform-option-text\">Ich melde mich verbindlich und kostenpflichtig f\u00fcr den gew\u00e4hlten Kurs an<\/span><\/label><\/div><\/div><\/div><p class=\"quform-description quform-description-below\">6.\/7.\/8. Oktober 2025 und 7. November 2025 (KN) &amp; 22.\/23.\/24. Oktober 2025 und 17. November 2025 (KN)<\/p><\/div><\/div><\/div><div class=\"quform-element quform-element-submit quform-element-62_2 quform-cf quform-button-style-theme\"><div class=\"quform-button-submit quform-button-submit-default quform-button-submit-62_2\"><button name=\"quform_submit\" type=\"submit\" class=\"quform-submit\" value=\"submit\"><span class=\"quform-button-text quform-button-submit-text\">Send<\/span><\/button><\/div><div class=\"quform-loading quform-loading-position-left quform-loading-type-spinner-1\"><div class=\"quform-loading-inner\"><div class=\"quform-loading-spinner\"><div class=\"quform-loading-spinner-inner\"><\/div><\/div><\/div><\/div><\/div><div class=\"quform-element-tree\"><label for=\"quform_62_0_89e2a4\">This field should be left blank<\/label><input type=\"text\" id=\"quform_62_0_89e2a4\" name=\"quform_62_0\" class=\"quform-field quform-field-tree quform-field-62_0\" tabindex=\"-1\" autocomplete=\"off\" \/><\/div><\/div><\/div><\/div><\/div><\/form><\/div><\/div><\/div>[\/vc_column][\/vc_row]<\/p>\n<\/div>","protected":false},"excerpt":{"rendered":"<p>[vc_row][vc_column][\/vc_column][\/vc_row]<\/p>\n","protected":false},"author":30,"featured_media":0,"parent":0,"menu_order":1,"comment_status":"closed","ping_status":"closed","template":"","meta":{"_acf_changed":false,"footnotes":""},"class_list":["post-39506","page","type-page","status-publish","hentry"],"acf":[],"yoast_head":"<!-- This site is optimized with the Yoast SEO Premium plugin v25.1 (Yoast SEO v25.1) - https:\/\/yoast.com\/wordpress\/plugins\/seo\/ -->\n<title>Anschlussbewilligung nach Art. 15 NIV - Spezialkurs f\u00fcr lernende Geb\u00e4udeinformatiker:innen - Electrosuisse<\/title>\n<meta name=\"robots\" content=\"noindex, follow, max-snippet:-1, max-image-preview:large, max-video-preview:-1\" \/>\n<meta property=\"og:locale\" content=\"de_DE\" \/>\n<meta property=\"og:type\" content=\"article\" \/>\n<meta property=\"og:title\" content=\"Anschlussbewilligung nach Art. 15 NIV - Spezialkurs f\u00fcr lernende Geb\u00e4udeinformatiker:innen - Electrosuisse\" \/>\n<meta property=\"og:description\" content=\"[vc_row][vc_column][\/vc_column][\/vc_row]\" \/>\n<meta property=\"og:url\" content=\"https:\/\/dev-web.electrosuisse.ch\/de\/gin\/\" \/>\n<meta property=\"og:site_name\" content=\"Electrosuisse\" \/>\n<meta property=\"article:modified_time\" content=\"2025-07-09T07:12:09+00:00\" \/>\n<meta property=\"og:image\" content=\"https:\/\/dev-web.electrosuisse.ch\/wp-content\/uploads\/2022\/12\/Electrosuisse_Ueber_uns_1578x650.jpg\" \/>\n\t<meta property=\"og:image:width\" content=\"1578\" \/>\n\t<meta property=\"og:image:height\" content=\"650\" \/>\n\t<meta property=\"og:image:type\" content=\"image\/jpeg\" \/>\n<script type=\"application\/ld+json\" class=\"yoast-schema-graph\">{\"@context\":\"https:\/\/schema.org\",\"@graph\":[{\"@type\":\"WebPage\",\"@id\":\"https:\/\/dev-web.electrosuisse.ch\/de\/gin\/\",\"url\":\"https:\/\/dev-web.electrosuisse.ch\/de\/gin\/\",\"name\":\"Anschlussbewilligung nach Art. 15 NIV - Spezialkurs f\u00fcr lernende Geb\u00e4udeinformatiker:innen - Electrosuisse\",\"isPartOf\":{\"@id\":\"https:\/\/dev-web.electrosuisse.ch\/de\/#website\"},\"datePublished\":\"2025-07-09T07:11:42+00:00\",\"dateModified\":\"2025-07-09T07:12:09+00:00\",\"inLanguage\":\"de\",\"potentialAction\":[{\"@type\":\"ReadAction\",\"target\":[\"https:\/\/dev-web.electrosuisse.ch\/de\/gin\/\"]}]},{\"@type\":\"WebSite\",\"@id\":\"https:\/\/dev-web.electrosuisse.ch\/de\/#website\",\"url\":\"https:\/\/dev-web.electrosuisse.ch\/de\/\",\"name\":\"Electrosuisse\",\"description\":\"\",\"publisher\":{\"@id\":\"https:\/\/dev-web.electrosuisse.ch\/de\/#organization\"},\"potentialAction\":[{\"@type\":\"SearchAction\",\"target\":{\"@type\":\"EntryPoint\",\"urlTemplate\":\"https:\/\/dev-web.electrosuisse.ch\/de\/?s={search_term_string}\"},\"query-input\":{\"@type\":\"PropertyValueSpecification\",\"valueRequired\":true,\"valueName\":\"search_term_string\"}}],\"inLanguage\":\"de\"},{\"@type\":\"Organization\",\"@id\":\"https:\/\/dev-web.electrosuisse.ch\/de\/#organization\",\"name\":\"Electrosuisse\",\"url\":\"https:\/\/dev-web.electrosuisse.ch\/de\/\",\"logo\":{\"@type\":\"ImageObject\",\"inLanguage\":\"de\",\"@id\":\"https:\/\/dev-web.electrosuisse.ch\/de\/#\/schema\/logo\/image\/\",\"url\":\"https:\/\/dev-web.electrosuisse.ch\/wp-content\/uploads\/2025\/04\/Electrosuisse_Logo_696x696.png\",\"contentUrl\":\"https:\/\/dev-web.electrosuisse.ch\/wp-content\/uploads\/2025\/04\/Electrosuisse_Logo_696x696.png\",\"width\":696,\"height\":696,\"caption\":\"Electrosuisse\"},\"image\":{\"@id\":\"https:\/\/dev-web.electrosuisse.ch\/de\/#\/schema\/logo\/image\/\"},\"sameAs\":[\"https:\/\/www.linkedin.com\/company\/electrosuisse-ag\/posts\/?feedView=all\",\"https:\/\/www.instagram.com\/electrosuisse1889\/\",\"https:\/\/www.youtube.com\/channel\/UCoOxohMiVE0Gjcdis1L09zw\"],\"description\":\"Electrosuisse ist eine anerkannte und unabh\u00e4ngige Fachorganisation, die erstklassige Dienstleistungen und Produkte in den Bereichen Inspektion, Beratung, Pr\u00fcfung, Zertifizierung, Normung und Weiterbildung anbietet. Unsere Expertise umfasst Elektrotechnik, Elektromobilit\u00e4t, Energieberatung, Geb\u00e4udeautomation und Photovoltaik in der Schweiz. Durch die Veranstaltung etablierter Branchen-Events und Fachtagungen f\u00f6rdert Electrosuisse den Wissenstransfer und den fachlichen Austausch. Im Mittelpunkt unserer T\u00e4tigkeiten steht die F\u00f6rderung der sicheren, wirtschaftlichen und umweltgerechten Anwendung der Elektrotechnik.\"}]}<\/script>\n<!-- \/ Yoast SEO Premium plugin. -->","yoast_head_json":{"title":"Anschlussbewilligung nach Art. 15 NIV - Spezialkurs f\u00fcr lernende Geb\u00e4udeinformatiker:innen - Electrosuisse","robots":{"index":"noindex","follow":"follow","max-snippet":"max-snippet:-1","max-image-preview":"max-image-preview:large","max-video-preview":"max-video-preview:-1"},"og_locale":"de_DE","og_type":"article","og_title":"Anschlussbewilligung nach Art. 15 NIV - Spezialkurs f\u00fcr lernende Geb\u00e4udeinformatiker:innen - Electrosuisse","og_description":"[vc_row][vc_column][\/vc_column][\/vc_row]","og_url":"https:\/\/dev-web.electrosuisse.ch\/de\/gin\/","og_site_name":"Electrosuisse","article_modified_time":"2025-07-09T07:12:09+00:00","og_image":[{"width":1578,"height":650,"url":"https:\/\/dev-web.electrosuisse.ch\/wp-content\/uploads\/2022\/12\/Electrosuisse_Ueber_uns_1578x650.jpg","type":"image\/jpeg"}],"schema":{"@context":"https:\/\/schema.org","@graph":[{"@type":"WebPage","@id":"https:\/\/dev-web.electrosuisse.ch\/de\/gin\/","url":"https:\/\/dev-web.electrosuisse.ch\/de\/gin\/","name":"Anschlussbewilligung nach Art. 15 NIV - Spezialkurs f\u00fcr lernende Geb\u00e4udeinformatiker:innen - Electrosuisse","isPartOf":{"@id":"https:\/\/dev-web.electrosuisse.ch\/de\/#website"},"datePublished":"2025-07-09T07:11:42+00:00","dateModified":"2025-07-09T07:12:09+00:00","inLanguage":"de","potentialAction":[{"@type":"ReadAction","target":["https:\/\/dev-web.electrosuisse.ch\/de\/gin\/"]}]},{"@type":"WebSite","@id":"https:\/\/dev-web.electrosuisse.ch\/de\/#website","url":"https:\/\/dev-web.electrosuisse.ch\/de\/","name":"Electrosuisse","description":"","publisher":{"@id":"https:\/\/dev-web.electrosuisse.ch\/de\/#organization"},"potentialAction":[{"@type":"SearchAction","target":{"@type":"EntryPoint","urlTemplate":"https:\/\/dev-web.electrosuisse.ch\/de\/?s={search_term_string}"},"query-input":{"@type":"PropertyValueSpecification","valueRequired":true,"valueName":"search_term_string"}}],"inLanguage":"de"},{"@type":"Organization","@id":"https:\/\/dev-web.electrosuisse.ch\/de\/#organization","name":"Electrosuisse","url":"https:\/\/dev-web.electrosuisse.ch\/de\/","logo":{"@type":"ImageObject","inLanguage":"de","@id":"https:\/\/dev-web.electrosuisse.ch\/de\/#\/schema\/logo\/image\/","url":"https:\/\/dev-web.electrosuisse.ch\/wp-content\/uploads\/2025\/04\/Electrosuisse_Logo_696x696.png","contentUrl":"https:\/\/dev-web.electrosuisse.ch\/wp-content\/uploads\/2025\/04\/Electrosuisse_Logo_696x696.png","width":696,"height":696,"caption":"Electrosuisse"},"image":{"@id":"https:\/\/dev-web.electrosuisse.ch\/de\/#\/schema\/logo\/image\/"},"sameAs":["https:\/\/www.linkedin.com\/company\/electrosuisse-ag\/posts\/?feedView=all","https:\/\/www.instagram.com\/electrosuisse1889\/","https:\/\/www.youtube.com\/channel\/UCoOxohMiVE0Gjcdis1L09zw"],"description":"Electrosuisse ist eine anerkannte und unabh\u00e4ngige Fachorganisation, die erstklassige Dienstleistungen und Produkte in den Bereichen Inspektion, Beratung, Pr\u00fcfung, Zertifizierung, Normung und Weiterbildung anbietet. Unsere Expertise umfasst Elektrotechnik, Elektromobilit\u00e4t, Energieberatung, Geb\u00e4udeautomation und Photovoltaik in der Schweiz. Durch die Veranstaltung etablierter Branchen-Events und Fachtagungen f\u00f6rdert Electrosuisse den Wissenstransfer und den fachlichen Austausch. Im Mittelpunkt unserer T\u00e4tigkeiten steht die F\u00f6rderung der sicheren, wirtschaftlichen und umweltgerechten Anwendung der Elektrotechnik."}]}},"_links":{"self":[{"href":"https:\/\/dev-web.electrosuisse.ch\/de\/wp-json\/wp\/v2\/pages\/39506","targetHints":{"allow":["GET"]}}],"collection":[{"href":"https:\/\/dev-web.electrosuisse.ch\/de\/wp-json\/wp\/v2\/pages"}],"about":[{"href":"https:\/\/dev-web.electrosuisse.ch\/de\/wp-json\/wp\/v2\/types\/page"}],"author":[{"embeddable":true,"href":"https:\/\/dev-web.electrosuisse.ch\/de\/wp-json\/wp\/v2\/users\/30"}],"replies":[{"embeddable":true,"href":"https:\/\/dev-web.electrosuisse.ch\/de\/wp-json\/wp\/v2\/comments?post=39506"}],"version-history":[{"count":1,"href":"https:\/\/dev-web.electrosuisse.ch\/de\/wp-json\/wp\/v2\/pages\/39506\/revisions"}],"predecessor-version":[{"id":39507,"href":"https:\/\/dev-web.electrosuisse.ch\/de\/wp-json\/wp\/v2\/pages\/39506\/revisions\/39507"}],"wp:attachment":[{"href":"https:\/\/dev-web.electrosuisse.ch\/de\/wp-json\/wp\/v2\/media?parent=39506"}],"curies":[{"name":"wp","href":"https:\/\/api.w.org\/{rel}","templated":true}]}}