{"id":36049,"date":"2024-07-01T15:16:11","date_gmt":"2024-07-01T13:16:11","guid":{"rendered":"https:\/\/dev-web.electrosuisse.ch\/?page_id=36049"},"modified":"2025-07-03T10:41:31","modified_gmt":"2025-07-03T08:41:31","slug":"evu-support","status":"publish","type":"page","link":"https:\/\/dev-web.electrosuisse.ch\/de\/engineering\/evu-support\/","title":{"rendered":"EVU-Support"},"content":{"rendered":"<div class=\"wpb-content-wrapper\"><p>[vc_row][vc_column][vc_column_text css=&#8221;&#8221;]Schweizer Energieversorgungsunternehmen (EVUs) stehen mit dem neuen Stromgesetz und der Ver\u00e4nderung des Energiesystems vor grossen Herausforderungen. Sie erhalten neue Verantwortlichkeiten, m\u00fcssen deutlich mehr Daten erfassen und aufbereiten sowie neue Technologien einbinden. Mit unserer gezielten Unterst\u00fctzung helfen wir Ihnen diese Themen einfacher, schneller und effizienter anzugehen.[\/vc_column_text][vc_column_text css=&#8221;&#8221;]<\/p>\n<h3>Inhalte des EVU-Supports<\/h3>\n<ul>\n<li>Unterst\u00fctzung durch Spezialisten rund ums Netz<\/li>\n<li>Beratung, Unterst\u00fctzung und Umsetzung im Rahmen des neuen Stromgesetzes und der Effizienzsteigerung durch EVU<\/li>\n<li>Vollumf\u00e4ngliche Netzanalyse und Zielnetzplanung<\/li>\n<li>Unabh\u00e4ngige Zweitmeinung zu Konzepten und Studien<\/li>\n<li>Aufbereitung komplexer technischer Fragestellungen<\/li>\n<li>Praktische Unterst\u00fctzung rund um Kundenthemen wie Anschluss von ZEV, LEG, etc.<\/li>\n<li>Unterst\u00fctzende und notwendige Messungen sowie Analysen<\/li>\n<\/ul>\n<p>[\/vc_column_text][vc_column_text css=&#8221;&#8221;]<\/p>\n<h3>Kontaktieren Sie uns &#8211; wir unterst\u00fctzen Sie gerne:<\/h3>\n<p>[\/vc_column_text]<div class=\"wpb_form_column wpb_content_element\"><div class=\"wpb_wrapper test\"><div id=\"quform-dc8ace\" class=\"quform quform-59 quform-support-page-caching\"><form id=\"quform-form-dc8ace\" class=\"quform-form quform-form-59\" action=\"\/de\/wp-json\/wp\/v2\/pages\/36049#quform-dc8ace\" method=\"post\" enctype=\"multipart\/form-data\" novalidate=\"novalidate\" data-options=\"{&quot;id&quot;:59,&quot;uniqueId&quot;:&quot;dc8ace&quot;,&quot;theme&quot;:&quot;&quot;,&quot;ajax&quot;:true,&quot;logic&quot;:{&quot;logic&quot;:[],&quot;dependents&quot;:[],&quot;elementIds&quot;:[],&quot;dependentElementIds&quot;:[],&quot;animate&quot;:true},&quot;currentPageId&quot;:1,&quot;errorsIcon&quot;:&quot;&quot;,&quot;updateFancybox&quot;:true,&quot;hasPages&quot;:false,&quot;pages&quot;:[1],&quot;pageProgressType&quot;:&quot;numbers&quot;,&quot;tooltipsEnabled&quot;:true,&quot;tooltipClasses&quot;:&quot;qtip-quform-dark qtip-shadow&quot;,&quot;tooltipMy&quot;:&quot;left center&quot;,&quot;tooltipAt&quot;:&quot;right center&quot;,&quot;isRtl&quot;:false,&quot;scrollOffset&quot;:-50,&quot;scrollSpeed&quot;:800}\"><button class=\"quform-default-submit\" name=\"quform_submit\" type=\"submit\" value=\"submit\" aria-hidden=\"true\" tabindex=\"-1\"><\/button><div class=\"quform-form-inner quform-form-inner-59\"><input type=\"hidden\" name=\"quform_form_id\" value=\"59\" \/><input type=\"hidden\" name=\"quform_form_uid\" value=\"dc8ace\" \/><input type=\"hidden\" name=\"quform_count\" value=\"1\" \/><input type=\"hidden\" name=\"form_url\" value=\"https:\/\/dev-web.electrosuisse.ch\/de\/wp-json\/wp\/v2\/pages\/36049\" \/><input type=\"hidden\" name=\"referring_url\" value=\"\" \/><input type=\"hidden\" name=\"post_id\" value=\"\" \/><input type=\"hidden\" name=\"post_title\" value=\"\" \/><input type=\"hidden\" name=\"quform_current_page_id\" value=\"1\" \/><input type=\"hidden\" name=\"quform_csrf_token\" value=\"4KmmoEneKfzAp9NTNTtObdzwTTZ7NWqM2VZwmot1\" \/><div class=\"quform-elements quform-elements-59 quform-cf quform-responsive-elements-phone-landscape\"><div class=\"quform-element quform-element-page quform-page-1 quform-page-59_1 quform-cf quform-group-style-plain quform-first-page quform-last-page quform-current-page\"><div class=\"quform-child-elements\"><div class=\"quform-element quform-element-name quform-element-59_3 quform-cf quform-element-required\"><div class=\"quform-spacer\"><div class=\"quform-label quform-label-59_3\"><label class=\"quform-label-text\" id=\"quform_59_3_dc8ace_label\">Name<span class=\"quform-required\">*<\/span><\/label><\/div><div class=\"quform-inner quform-inner-name quform-inner-59_3\"><div class=\"quform-input quform-input-name quform-input-59_3 quform-cf\"><div class=\"quform-element-row quform-2-columns quform-element-row-size-fixed quform-responsive-columns-phone-landscape\"><div class=\"quform-element-column\"><div class=\"quform-element quform-element-text quform-element-59_3_2 quform-cf quform-element-required\"><div class=\"quform-spacer\"><div class=\"quform-inner quform-inner-text quform-inner-59_3_2\"><div class=\"quform-input quform-input-text quform-input-59_3_2 quform-cf\"><input type=\"text\" id=\"quform_59_3_2_dc8ace\" name=\"quform_59_3[2]\" class=\"quform-field quform-field-text quform-field-59_3_2\" aria-labelledby=\"quform_59_3_dc8ace_label quform_59_3_2_dc8ace_sub_label_below\" \/><\/div><label id=\"quform_59_3_2_dc8ace_sub_label_below\" class=\"quform-sub-label quform-sub-label-below\">Vorname<\/label><\/div><\/div><\/div><\/div><div class=\"quform-element-column\"><div class=\"quform-element quform-element-text quform-element-59_3_4 quform-cf quform-element-required\"><div class=\"quform-spacer\"><div class=\"quform-inner quform-inner-text quform-inner-59_3_4\"><div class=\"quform-input quform-input-text quform-input-59_3_4 quform-cf\"><input type=\"text\" id=\"quform_59_3_4_dc8ace\" name=\"quform_59_3[4]\" class=\"quform-field quform-field-text quform-field-59_3_4\" aria-labelledby=\"quform_59_3_dc8ace_label quform_59_3_4_dc8ace_sub_label_below\" \/><\/div><label id=\"quform_59_3_4_dc8ace_sub_label_below\" class=\"quform-sub-label quform-sub-label-below\">Nachname<\/label><\/div><\/div><\/div><\/div><\/div><\/div><\/div><\/div><\/div><div class=\"quform-element quform-element-email quform-element-59_5 quform-cf quform-element-required\"><div class=\"quform-spacer\"><div class=\"quform-label quform-label-59_5\"><label class=\"quform-label-text\" for=\"quform_59_5_dc8ace\">E-Mail-Adresse<span class=\"quform-required\">*<\/span><\/label><\/div><div class=\"quform-inner quform-inner-email quform-inner-59_5\"><div class=\"quform-input quform-input-email quform-input-59_5 quform-cf\"><input type=\"email\" id=\"quform_59_5_dc8ace\" name=\"quform_59_5\" class=\"quform-field quform-field-email quform-field-59_5\" \/><\/div><\/div><\/div><\/div><div class=\"quform-element quform-element-text quform-element-59_6 quform-cf quform-element-required\"><div class=\"quform-spacer\"><div class=\"quform-label quform-label-59_6\"><label class=\"quform-label-text\" for=\"quform_59_6_dc8ace\">Unternehmen<span class=\"quform-required\">*<\/span><\/label><\/div><div class=\"quform-inner quform-inner-text quform-inner-59_6\"><div class=\"quform-input quform-input-text quform-input-59_6 quform-cf\"><input type=\"text\" id=\"quform_59_6_dc8ace\" name=\"quform_59_6\" class=\"quform-field quform-field-text quform-field-59_6\" \/><\/div><\/div><\/div><\/div><div class=\"quform-element quform-element-text quform-element-59_7 quform-cf quform-element-optional\"><div class=\"quform-spacer\"><div class=\"quform-label quform-label-59_7\"><label class=\"quform-label-text\" for=\"quform_59_7_dc8ace\">Telefonnummer<\/label><\/div><div class=\"quform-inner quform-inner-text quform-inner-59_7\"><div class=\"quform-input quform-input-text quform-input-59_7 quform-cf\"><input type=\"text\" id=\"quform_59_7_dc8ace\" name=\"quform_59_7\" class=\"quform-field quform-field-text quform-field-59_7\" \/><\/div><\/div><\/div><\/div><div class=\"quform-element quform-element-text quform-element-59_8 quform-cf quform-element-optional\"><div class=\"quform-spacer\"><div class=\"quform-label quform-label-59_8\"><label class=\"quform-label-text\" for=\"quform_59_8_dc8ace\">Projektbeschreibung<\/label><\/div><div class=\"quform-inner quform-inner-text quform-inner-59_8\"><div class=\"quform-input quform-input-text quform-input-59_8 quform-cf\"><input type=\"text\" id=\"quform_59_8_dc8ace\" name=\"quform_59_8\" class=\"quform-field quform-field-text quform-field-59_8\" \/><\/div><\/div><\/div><\/div><div class=\"quform-element quform-element-submit quform-element-59_2 quform-cf quform-button-style-theme\"><div class=\"quform-button-submit quform-button-submit-default quform-button-submit-59_2\"><button name=\"quform_submit\" type=\"submit\" class=\"quform-submit\" value=\"submit\"><span class=\"quform-button-text quform-button-submit-text\">Send<\/span><\/button><\/div><div class=\"quform-loading quform-loading-position-left quform-loading-type-spinner-1\"><div class=\"quform-loading-inner\"><div class=\"quform-loading-spinner\"><div class=\"quform-loading-spinner-inner\"><\/div><\/div><\/div><\/div><\/div><div class=\"quform-element-tree\"><label for=\"quform_59_0_dc8ace\">This field should be left blank<\/label><input type=\"text\" id=\"quform_59_0_dc8ace\" name=\"quform_59_0\" class=\"quform-field quform-field-tree quform-field-59_0\" tabindex=\"-1\" autocomplete=\"off\" \/><\/div><\/div><\/div><\/div><\/div><\/form><\/div><\/div><\/div>[\/vc_column][\/vc_row][vc_row el_id=&#8221;angebot&#8221;][vc_column][vc_column_text css=&#8221;&#8221;]<\/p>\n<h3>Unser Angebot<\/h3>\n<p>Wir unterst\u00fctzen Sie umfassend und nachhaltig in allen Fragen rund um Ihr Netz und Energiethemen. Von der organisatorischen Unterst\u00fctzung \u00fcber Zweitmeinungen, Netzanalysen, Zielnetzplanungen bis hin zu Spezialthemen im Zusammenhang mit dem neuen Stromgesetz <a href=\"https:\/\/dev-web.electrosuisse.ch\/de\/vernehmlassung\/\">(Mantelerlass)<\/a> bieten wir Ihnen ein breites Spektrum an Unterst\u00fctzung an.<\/p>\n<p>Das neue Thema \u00abEffizienzsteigerung durch EVU\u00bb entspricht unseren Kernkompetenzen, die wir seit Jahren erfolgreich im Bereich der Energie- und Prozesstechnik in der Industrie anwenden und nun auch gerne gezielt f\u00fcr Sie einsetzen. Wir setzen auf sinnvolle Massnahmen, Messungen und ein datenbasiertes Grundverst\u00e4ndnis f\u00fcr die optimale L\u00f6sung Ihrer Herausforderungen.<\/p>\n<h3>Ihre Vorteile<\/h3>\n<ul>\n<li>Ein zuverl\u00e4ssiger und unabh\u00e4ngiger Partner f\u00fcr alle Energiethemen<\/li>\n<li>Ganzheitliches Verst\u00e4ndnis und Transparenz in Ihrem System<\/li>\n<li>Individuelle Unterst\u00fctzung und Betreuung durch Fachspezialisten<\/li>\n<li>Klarheit f\u00fcr den Weg in Ihre Energiezukunft<\/li>\n<li>Erh\u00f6hung der Anlagen-, Entscheidungs- und Investitionssicherheit<\/li>\n<\/ul>\n<h3>Unsere Spezialisten<\/h3>\n<p>Als unabh\u00e4ngige Fachorganisation f\u00fcr Elektro-, Energie-, und Informationstechnik b\u00fcndeln wir die Kompetenzen aus unterschiedlichen Fachgebieten. Unsere Spezialisten aus den Bereichen Data Science, Netz-, Elektro-, Energie-, Umwelt-, Verfahrenstechnik und Maschinenbau arbeiten interdisziplin\u00e4r und zielorientiert an den L\u00f6sungen f\u00fcr Ihre Herausforderungen. Wir unterst\u00fctzen Sie gerne auf dem Weg zu einem zukunftsf\u00e4higen Energiesystem.[\/vc_column_text][\/vc_column][\/vc_row][vc_row el_id=&#8221;klima&#8221;][vc_column][vc_column_text css=&#8221;&#8221;]<\/p>\n<h3><span data-teams=\"true\">Bilden Sie sich weiter:<\/span><\/h3>\n<p>[\/vc_column_text]<div class=\"wpb_carousel_column wpb_carousel_column--event wpb_content_element\"><div class=\"wpb_wrapper\"><div class=\"event_container\"><div class=\"owl-carousel owl-theme\"><\/div><\/div><\/div><\/div>[\/vc_column][\/vc_row][vc_row][vc_column][vc_column_text css=&#8221;&#8221;]<\/p>\n<h2>Kontakt<\/h2>\n<p>[\/vc_column_text]<div class=\"wpb_contact_column wpb_content_element wpb_contact_column--container\"><div class=\"wpb_wrapper\"><div class=\"contact_container_outer\"><div class=\"contact_container\"><div class=\"contact row middle-xs\"><div class=\"contact__img col-sm-5 col-xs-12\"><img decoding=\"async\" src=\"https:\/\/dev-web.electrosuisse.ch\/wp-content\/uploads\/2023\/06\/Alain-Schwab_300x300.jpg\" alt=\"Alain Schwab - Leiter Engineering\" \/><\/div><div class=\"contact__info col-sm-7 col-xs-12\"><p><b>Alain Schwab<\/b><br>Leiter Engineering<\/p><div class=\"phone has-link\"><a href=\"tel:+41585951560\">+41 58 595 15 60<\/a><\/div><div class=\"mail has-link\"><a href=\"mailto:&#97;&#x6c;&#97;&#x69;n&#x2e;s&#99;&#x68;&#119;&#x61;&#98;&#x40;e&#x6c;e&#99;&#x74;&#114;&#x6f;s&#x75;i&#x73;&#x73;&#101;&#x2e;&#99;&#x68;\">alain&#46;schwab&#64;electrosuis&#115;&#101;&#46;&#99;&#104;<\/a><\/div><\/div><\/div><\/div><\/div><div class=\"contact_container_outer\"><div class=\"contact_container\"><div class=\"contact row middle-xs\"><div class=\"contact__img col-sm-5 col-xs-12\"><img decoding=\"async\" src=\"https:\/\/dev-web.electrosuisse.ch\/wp-content\/uploads\/2024\/07\/Hans-Matzner-3.jpg\" alt=\"Hans Matzner - Beratung und Engineering\" \/><\/div><div class=\"contact__info col-sm-7 col-xs-12\"><p><b>Hans Matzner<\/b><br>Beratung und Engineering<\/p><div class=\"phone has-link\"><a href=\"tel:+41585951563\">+41 58 595 15 63<\/a><\/div><div class=\"mail has-link\"><a href=\"mailto:&#x68;&#x61;&#x6e;&#x73;&#x2e;&#x6d;&#x61;&#x74;&#x7a;&#x6e;&#x65;&#114;&#64;&#101;&#108;&#101;&#99;&#116;rosuis&#x73;&#x65;&#x2e;&#x63;&#x68;\">h&#97;&#x6e;&#x73;&#46;&#109;&#x61;&#x74;z&#110;&#101;&#x72;&#x40;e&#108;&#x65;&#x63;t&#114;&#x6f;&#x73;u&#105;&#115;&#x73;&#x65;&#46;&#99;&#x68;<\/a><\/div><\/div><\/div><\/div><\/div><div class=\"contact_container_outer\"><div class=\"contact_container\"><div class=\"contact row middle-xs\"><div class=\"contact__img col-sm-5 col-xs-12\"><img decoding=\"async\" src=\"\/wp-content\/themes\/SCHMUCKI_child\/img\/contact_placeholder.jpg\" alt=\"Beratung, Inspektion und Engineering\" \/><\/div><div class=\"contact__info col-sm-7 col-xs-12\"><p><b>Beratung, Inspektion und Engineering<\/b><br>Innendienst<\/p><div class=\"phone has-link\"><a href=\"tel:+41585951199\">+41 58 595 11 99<\/a><\/div><div class=\"mail has-link\"><a href=\"mailto:&#98;&#x65;&#114;&#x61;&#116;&#x75;&#110;&#x67;&#64;&#x65;&#108;&#x65;&#99;&#x74;&#114;&#x6f;&#115;&#x75;&#105;&#x73;&#115;&#x65;&#46;&#x63;&#104; \">&#98;&#x65;r&#97;&#x74;&#117;&#x6e;g&#64;&#x65;l&#x65;&#x63;&#116;&#x72;o&#115;&#x75;i&#x73;&#x73;&#101;&#x2e;c&#104; <\/a><\/div><\/div><\/div><\/div><\/div><\/div><\/div>[\/vc_column][\/vc_row]<\/p>\n<\/div>","protected":false},"excerpt":{"rendered":"<p>[vc_row][vc_column][vc_column_text css=&#8221;&#8221;]Schweizer Energieversorgungsunternehmen (EVUs) stehen mit dem neuen Stromgesetz und der Ver\u00e4nderung des Energiesystems vor grossen Herausforderungen. Sie erhalten neue Verantwortlichkeiten, m\u00fcssen deutlich mehr Daten erfassen und aufbereiten sowie neue Technologien einbinden. Mit unserer gezielten Unterst\u00fctzung helfen wir Ihnen diese Themen einfacher, schneller und effizienter anzugehen.[\/vc_column_text][vc_column_text css=&#8221;&#8221;] Inhalte des EVU-Supports Unterst\u00fctzung durch Spezialisten rund ums [&hellip;]<\/p>\n","protected":false},"author":28,"featured_media":36025,"parent":28,"menu_order":213,"comment_status":"closed","ping_status":"closed","template":"","meta":{"_acf_changed":false,"footnotes":""},"class_list":["post-36049","page","type-page","status-publish","hentry"],"acf":[],"yoast_head":"<!-- This site is optimized with the Yoast SEO Premium plugin v25.1 (Yoast SEO v25.1) - https:\/\/yoast.com\/wordpress\/plugins\/seo\/ -->\n<title>EVU-Support - Electrosuisse<\/title>\n<meta name=\"robots\" content=\"noindex, follow, max-snippet:-1, max-image-preview:large, max-video-preview:-1\" \/>\n<meta property=\"og:locale\" content=\"de_DE\" \/>\n<meta property=\"og:type\" content=\"article\" \/>\n<meta property=\"og:title\" content=\"EVU-Support - Electrosuisse\" \/>\n<meta property=\"og:description\" content=\"[vc_row][vc_column][vc_column_text css=&#8221;&#8221;]Schweizer Energieversorgungsunternehmen (EVUs) stehen mit dem neuen Stromgesetz und der Ver\u00e4nderung des Energiesystems vor grossen Herausforderungen. Sie erhalten neue Verantwortlichkeiten, m\u00fcssen deutlich mehr Daten erfassen und aufbereiten sowie neue Technologien einbinden. Mit unserer gezielten Unterst\u00fctzung helfen wir Ihnen diese Themen einfacher, schneller und effizienter anzugehen.[\/vc_column_text][vc_column_text css=&#8221;&#8221;] Inhalte des EVU-Supports Unterst\u00fctzung durch Spezialisten rund ums [&hellip;]\" \/>\n<meta property=\"og:url\" content=\"https:\/\/dev-web.electrosuisse.ch\/de\/engineering\/evu-support\/\" \/>\n<meta property=\"og:site_name\" content=\"Electrosuisse\" \/>\n<meta property=\"article:modified_time\" content=\"2025-07-03T08:41:31+00:00\" \/>\n<meta property=\"og:image\" content=\"https:\/\/dev-web.electrosuisse.ch\/wp-content\/uploads\/2025\/07\/Klimatagung_1660x470.png\" \/>\n\t<meta property=\"og:image:width\" content=\"362\" \/>\n\t<meta property=\"og:image:height\" content=\"218\" \/>\n\t<meta property=\"og:image:type\" content=\"image\/jpeg\" \/>\n<script type=\"application\/ld+json\" class=\"yoast-schema-graph\">{\"@context\":\"https:\/\/schema.org\",\"@graph\":[{\"@type\":\"WebPage\",\"@id\":\"https:\/\/dev-web.electrosuisse.ch\/de\/engineering\/evu-support\/\",\"url\":\"https:\/\/dev-web.electrosuisse.ch\/de\/engineering\/evu-support\/\",\"name\":\"EVU-Support - Electrosuisse\",\"isPartOf\":{\"@id\":\"https:\/\/dev-web.electrosuisse.ch\/de\/#website\"},\"primaryImageOfPage\":{\"@id\":\"https:\/\/dev-web.electrosuisse.ch\/de\/engineering\/evu-support\/#primaryimage\"},\"image\":{\"@id\":\"https:\/\/dev-web.electrosuisse.ch\/de\/engineering\/evu-support\/#primaryimage\"},\"thumbnailUrl\":\"https:\/\/dev-web.electrosuisse.ch\/wp-content\/uploads\/2024\/07\/EVU-Support-362x218-1.jpg\",\"datePublished\":\"2024-07-01T13:16:11+00:00\",\"dateModified\":\"2025-07-03T08:41:31+00:00\",\"breadcrumb\":{\"@id\":\"https:\/\/dev-web.electrosuisse.ch\/de\/engineering\/evu-support\/#breadcrumb\"},\"inLanguage\":\"de\",\"potentialAction\":[{\"@type\":\"ReadAction\",\"target\":[\"https:\/\/dev-web.electrosuisse.ch\/de\/engineering\/evu-support\/\"]}]},{\"@type\":\"ImageObject\",\"inLanguage\":\"de\",\"@id\":\"https:\/\/dev-web.electrosuisse.ch\/de\/engineering\/evu-support\/#primaryimage\",\"url\":\"https:\/\/dev-web.electrosuisse.ch\/wp-content\/uploads\/2024\/07\/EVU-Support-362x218-1.jpg\",\"contentUrl\":\"https:\/\/dev-web.electrosuisse.ch\/wp-content\/uploads\/2024\/07\/EVU-Support-362x218-1.jpg\",\"width\":362,\"height\":218},{\"@type\":\"BreadcrumbList\",\"@id\":\"https:\/\/dev-web.electrosuisse.ch\/de\/engineering\/evu-support\/#breadcrumb\",\"itemListElement\":[{\"@type\":\"ListItem\",\"position\":1,\"name\":\"Engineering\",\"item\":\"https:\/\/dev-web.electrosuisse.ch\/de\/engineering\/\"},{\"@type\":\"ListItem\",\"position\":2,\"name\":\"EVU-Support\"}]},{\"@type\":\"WebSite\",\"@id\":\"https:\/\/dev-web.electrosuisse.ch\/de\/#website\",\"url\":\"https:\/\/dev-web.electrosuisse.ch\/de\/\",\"name\":\"Electrosuisse\",\"description\":\"\",\"publisher\":{\"@id\":\"https:\/\/dev-web.electrosuisse.ch\/de\/#organization\"},\"potentialAction\":[{\"@type\":\"SearchAction\",\"target\":{\"@type\":\"EntryPoint\",\"urlTemplate\":\"https:\/\/dev-web.electrosuisse.ch\/de\/?s={search_term_string}\"},\"query-input\":{\"@type\":\"PropertyValueSpecification\",\"valueRequired\":true,\"valueName\":\"search_term_string\"}}],\"inLanguage\":\"de\"},{\"@type\":\"Organization\",\"@id\":\"https:\/\/dev-web.electrosuisse.ch\/de\/#organization\",\"name\":\"Electrosuisse\",\"url\":\"https:\/\/dev-web.electrosuisse.ch\/de\/\",\"logo\":{\"@type\":\"ImageObject\",\"inLanguage\":\"de\",\"@id\":\"https:\/\/dev-web.electrosuisse.ch\/de\/#\/schema\/logo\/image\/\",\"url\":\"https:\/\/dev-web.electrosuisse.ch\/wp-content\/uploads\/2025\/04\/Electrosuisse_Logo_696x696.png\",\"contentUrl\":\"https:\/\/dev-web.electrosuisse.ch\/wp-content\/uploads\/2025\/04\/Electrosuisse_Logo_696x696.png\",\"width\":696,\"height\":696,\"caption\":\"Electrosuisse\"},\"image\":{\"@id\":\"https:\/\/dev-web.electrosuisse.ch\/de\/#\/schema\/logo\/image\/\"},\"sameAs\":[\"https:\/\/www.linkedin.com\/company\/electrosuisse-ag\/posts\/?feedView=all\",\"https:\/\/www.instagram.com\/electrosuisse1889\/\",\"https:\/\/www.youtube.com\/channel\/UCoOxohMiVE0Gjcdis1L09zw\"],\"description\":\"Electrosuisse ist eine anerkannte und unabh\u00e4ngige Fachorganisation, die erstklassige Dienstleistungen und Produkte in den Bereichen Inspektion, Beratung, Pr\u00fcfung, Zertifizierung, Normung und Weiterbildung anbietet. Unsere Expertise umfasst Elektrotechnik, Elektromobilit\u00e4t, Energieberatung, Geb\u00e4udeautomation und Photovoltaik in der Schweiz. Durch die Veranstaltung etablierter Branchen-Events und Fachtagungen f\u00f6rdert Electrosuisse den Wissenstransfer und den fachlichen Austausch. Im Mittelpunkt unserer T\u00e4tigkeiten steht die F\u00f6rderung der sicheren, wirtschaftlichen und umweltgerechten Anwendung der Elektrotechnik.\"}]}<\/script>\n<!-- \/ Yoast SEO Premium plugin. -->","yoast_head_json":{"title":"EVU-Support - Electrosuisse","robots":{"index":"noindex","follow":"follow","max-snippet":"max-snippet:-1","max-image-preview":"max-image-preview:large","max-video-preview":"max-video-preview:-1"},"og_locale":"de_DE","og_type":"article","og_title":"EVU-Support - Electrosuisse","og_description":"[vc_row][vc_column][vc_column_text css=&#8221;&#8221;]Schweizer Energieversorgungsunternehmen (EVUs) stehen mit dem neuen Stromgesetz und der Ver\u00e4nderung des Energiesystems vor grossen Herausforderungen. Sie erhalten neue Verantwortlichkeiten, m\u00fcssen deutlich mehr Daten erfassen und aufbereiten sowie neue Technologien einbinden. Mit unserer gezielten Unterst\u00fctzung helfen wir Ihnen diese Themen einfacher, schneller und effizienter anzugehen.[\/vc_column_text][vc_column_text css=&#8221;&#8221;] Inhalte des EVU-Supports Unterst\u00fctzung durch Spezialisten rund ums [&hellip;]","og_url":"https:\/\/dev-web.electrosuisse.ch\/de\/engineering\/evu-support\/","og_site_name":"Electrosuisse","article_modified_time":"2025-07-03T08:41:31+00:00","og_image":[{"width":362,"height":218,"url":"https:\/\/dev-web.electrosuisse.ch\/wp-content\/uploads\/2025\/07\/Klimatagung_1660x470.png","type":"image\/jpeg"}],"schema":{"@context":"https:\/\/schema.org","@graph":[{"@type":"WebPage","@id":"https:\/\/dev-web.electrosuisse.ch\/de\/engineering\/evu-support\/","url":"https:\/\/dev-web.electrosuisse.ch\/de\/engineering\/evu-support\/","name":"EVU-Support - Electrosuisse","isPartOf":{"@id":"https:\/\/dev-web.electrosuisse.ch\/de\/#website"},"primaryImageOfPage":{"@id":"https:\/\/dev-web.electrosuisse.ch\/de\/engineering\/evu-support\/#primaryimage"},"image":{"@id":"https:\/\/dev-web.electrosuisse.ch\/de\/engineering\/evu-support\/#primaryimage"},"thumbnailUrl":"https:\/\/dev-web.electrosuisse.ch\/wp-content\/uploads\/2024\/07\/EVU-Support-362x218-1.jpg","datePublished":"2024-07-01T13:16:11+00:00","dateModified":"2025-07-03T08:41:31+00:00","breadcrumb":{"@id":"https:\/\/dev-web.electrosuisse.ch\/de\/engineering\/evu-support\/#breadcrumb"},"inLanguage":"de","potentialAction":[{"@type":"ReadAction","target":["https:\/\/dev-web.electrosuisse.ch\/de\/engineering\/evu-support\/"]}]},{"@type":"ImageObject","inLanguage":"de","@id":"https:\/\/dev-web.electrosuisse.ch\/de\/engineering\/evu-support\/#primaryimage","url":"https:\/\/dev-web.electrosuisse.ch\/wp-content\/uploads\/2024\/07\/EVU-Support-362x218-1.jpg","contentUrl":"https:\/\/dev-web.electrosuisse.ch\/wp-content\/uploads\/2024\/07\/EVU-Support-362x218-1.jpg","width":362,"height":218},{"@type":"BreadcrumbList","@id":"https:\/\/dev-web.electrosuisse.ch\/de\/engineering\/evu-support\/#breadcrumb","itemListElement":[{"@type":"ListItem","position":1,"name":"Engineering","item":"https:\/\/dev-web.electrosuisse.ch\/de\/engineering\/"},{"@type":"ListItem","position":2,"name":"EVU-Support"}]},{"@type":"WebSite","@id":"https:\/\/dev-web.electrosuisse.ch\/de\/#website","url":"https:\/\/dev-web.electrosuisse.ch\/de\/","name":"Electrosuisse","description":"","publisher":{"@id":"https:\/\/dev-web.electrosuisse.ch\/de\/#organization"},"potentialAction":[{"@type":"SearchAction","target":{"@type":"EntryPoint","urlTemplate":"https:\/\/dev-web.electrosuisse.ch\/de\/?s={search_term_string}"},"query-input":{"@type":"PropertyValueSpecification","valueRequired":true,"valueName":"search_term_string"}}],"inLanguage":"de"},{"@type":"Organization","@id":"https:\/\/dev-web.electrosuisse.ch\/de\/#organization","name":"Electrosuisse","url":"https:\/\/dev-web.electrosuisse.ch\/de\/","logo":{"@type":"ImageObject","inLanguage":"de","@id":"https:\/\/dev-web.electrosuisse.ch\/de\/#\/schema\/logo\/image\/","url":"https:\/\/dev-web.electrosuisse.ch\/wp-content\/uploads\/2025\/04\/Electrosuisse_Logo_696x696.png","contentUrl":"https:\/\/dev-web.electrosuisse.ch\/wp-content\/uploads\/2025\/04\/Electrosuisse_Logo_696x696.png","width":696,"height":696,"caption":"Electrosuisse"},"image":{"@id":"https:\/\/dev-web.electrosuisse.ch\/de\/#\/schema\/logo\/image\/"},"sameAs":["https:\/\/www.linkedin.com\/company\/electrosuisse-ag\/posts\/?feedView=all","https:\/\/www.instagram.com\/electrosuisse1889\/","https:\/\/www.youtube.com\/channel\/UCoOxohMiVE0Gjcdis1L09zw"],"description":"Electrosuisse ist eine anerkannte und unabh\u00e4ngige Fachorganisation, die erstklassige Dienstleistungen und Produkte in den Bereichen Inspektion, Beratung, Pr\u00fcfung, Zertifizierung, Normung und Weiterbildung anbietet. Unsere Expertise umfasst Elektrotechnik, Elektromobilit\u00e4t, Energieberatung, Geb\u00e4udeautomation und Photovoltaik in der Schweiz. Durch die Veranstaltung etablierter Branchen-Events und Fachtagungen f\u00f6rdert Electrosuisse den Wissenstransfer und den fachlichen Austausch. Im Mittelpunkt unserer T\u00e4tigkeiten steht die F\u00f6rderung der sicheren, wirtschaftlichen und umweltgerechten Anwendung der Elektrotechnik."}]}},"_links":{"self":[{"href":"https:\/\/dev-web.electrosuisse.ch\/de\/wp-json\/wp\/v2\/pages\/36049","targetHints":{"allow":["GET"]}}],"collection":[{"href":"https:\/\/dev-web.electrosuisse.ch\/de\/wp-json\/wp\/v2\/pages"}],"about":[{"href":"https:\/\/dev-web.electrosuisse.ch\/de\/wp-json\/wp\/v2\/types\/page"}],"author":[{"embeddable":true,"href":"https:\/\/dev-web.electrosuisse.ch\/de\/wp-json\/wp\/v2\/users\/28"}],"replies":[{"embeddable":true,"href":"https:\/\/dev-web.electrosuisse.ch\/de\/wp-json\/wp\/v2\/comments?post=36049"}],"version-history":[{"count":14,"href":"https:\/\/dev-web.electrosuisse.ch\/de\/wp-json\/wp\/v2\/pages\/36049\/revisions"}],"predecessor-version":[{"id":39434,"href":"https:\/\/dev-web.electrosuisse.ch\/de\/wp-json\/wp\/v2\/pages\/36049\/revisions\/39434"}],"up":[{"embeddable":true,"href":"https:\/\/dev-web.electrosuisse.ch\/de\/wp-json\/wp\/v2\/pages\/28"}],"wp:featuredmedia":[{"embeddable":true,"href":"https:\/\/dev-web.electrosuisse.ch\/de\/wp-json\/wp\/v2\/media\/36025"}],"wp:attachment":[{"href":"https:\/\/dev-web.electrosuisse.ch\/de\/wp-json\/wp\/v2\/media?parent=36049"}],"curies":[{"name":"wp","href":"https:\/\/api.w.org\/{rel}","templated":true}]}}