{"id":36,"date":"2018-06-24T11:08:22","date_gmt":"2018-06-24T09:08:22","guid":{"rendered":"https:\/\/dev-web.electrosuisse.ch\/?page_id=36"},"modified":"2023-02-23T14:32:13","modified_gmt":"2023-02-23T13:32:13","slug":"thermografie","status":"publish","type":"page","link":"https:\/\/dev-web.electrosuisse.ch\/de\/inspektion-beratung\/thermografie\/","title":{"rendered":"Thermografie"},"content":{"rendered":"<div class=\"wpb-content-wrapper\"><p>[vc_row][vc_column][vc_column_text el_class=&#8221;lead&#8221;]Die Elektrothermografie ist eine Mess- und Analysemethode, um Schwachstellen fr\u00fchzeitig zu erkennen. Dies erm\u00f6glicht, das Brand- und Ausfallrisiko von Geb\u00e4uden und Anlagen zu vermindern. <a href=\"https:\/\/shop.electrosuisse.ch\/de\/Infrarot-Thermografie-2243.html\" target=\"_blank\" rel=\"noopener\">Infrarottechnische Messungen<\/a> visualisieren Fehlerquellen bei laufendem Betrieb, m\u00f6glichst unter Voll-Last, denn die Temperaturen stehen im direkten Zusammenhang mit der Belastung.[\/vc_column_text]<div class=\"wpb_gap_column wpb_content_element\"><div class=\"wpb_wrapper\"><div class=\"gap gap--small\"><\/div><\/div><\/div>[vc_column_text]Es lohnt sich, regelm\u00e4ssig eine Zustands-Analyse Ihrer Anlage vorzunehmen. So lassen sich unter anderem Folgesch\u00e4den mit kostspieligen Produktionsausf\u00e4llen vermeiden und Optimierungen planen. F\u00fcr die \u00dcberpr\u00fcfung und Auswertung sind ausgewiesene Fachkr\u00e4fte im Bereich der Elektrothermografie unabdingbar.[\/vc_column_text][\/vc_column][\/vc_row][vc_row el_id=&#8221;bildung&#8221;][vc_column]<div class=\"wpb_text_image_column wpb_content_element \"><div class=\"wpb_wrapper\"><div class=\"row middle-lg\"><div class=\"col-sm-6 col-xs-12\"><div class=\"picture_container\"><picture><source srcset=\"https:\/\/dev-web.electrosuisse.ch\/wp-content\/uploads\/2019\/03\/Electrosuisse_Thermografie_Messen_Infrarot-585x500.jpg\"><img decoding=\"async\" src=\"https:\/\/dev-web.electrosuisse.ch\/wp-content\/uploads\/2019\/03\/Electrosuisse_Thermografie_Messen_Infrarot-585x500.jpg\" alt=\"Infrarot-Thermografie Kurs\" \/><\/picture><\/div><\/div><div class=\"col-sm-6 col-xs-12\"><h3>Infrarot-Thermografie Kurs<\/h3><p>Grundlagen der ber\u00fchrungslosen W\u00e4rmebildmessung.<\/p>\n<div class=\"button button--normal\"><a href=\"https:\/\/shop.electrosuisse.ch\/de\/Infrarot-Thermografie-2243.html\">Zum Kurs anmelden<\/a><\/div><\/div><\/div><\/div><\/div>[\/vc_column][\/vc_row][vc_row el_id=&#8221;kontakt&#8221;][vc_column][vc_column_text]<\/p>\n<h2>Kontakt<\/h2>\n<p>[\/vc_column_text]<div class=\"wpb_contact_column wpb_content_element wpb_content_element--left\"><div class=\"wpb_wrapper\"><div class=\"contact_container\"><div class=\"contact row middle-xs\"><div class=\"contact__img col-sm-5 col-xs-12\"><img decoding=\"async\" src=\"https:\/\/dev-web.electrosuisse.ch\/wp-content\/uploads\/2023\/02\/Schellenberg-Marcel.jpg\" alt=\"Marcel Schellenberg - Beratungsingenieur\" \/><\/div><div class=\"contact__info col-sm-7 col-xs-12\"><p><b>Marcel Schellenberg<\/b><br>Beratungsingenieur<\/p><div class=\"phone has-link\"><a href=\"tel:+41585951568\">+41 58 595 15 68<\/a><\/div><div class=\"mail has-link\"><a href=\"mailto:&#x6d;&#x61;&#114;&#99;el&#x2e;&#x73;&#x63;&#104;el&#x6c;&#x65;&#x6e;&#98;&#101;r&#x67;&#x40;&#x65;&#108;&#101;c&#x74;&#x72;&#x6f;&#115;&#117;is&#x73;&#x65;&#x2e;&#99;h\">marcel.schellenberg@<br>electrosuisse.ch<\/a><\/div><\/div><\/div><\/div><\/div><\/div>[\/vc_column][\/vc_row]<\/p>\n<\/div>","protected":false},"excerpt":{"rendered":"<p>[vc_row][vc_column][vc_column_text el_class=&#8221;lead&#8221;]Die Elektrothermografie ist eine Mess- und Analysemethode, um Schwachstellen fr\u00fchzeitig zu erkennen. Dies erm\u00f6glicht, das Brand- und Ausfallrisiko von Geb\u00e4uden und Anlagen zu vermindern. Infrarottechnische Messungen visualisieren Fehlerquellen bei laufendem Betrieb, m\u00f6glichst unter Voll-Last, denn die Temperaturen stehen im direkten Zusammenhang mit der Belastung.[\/vc_column_text][vc_column_text]Es lohnt sich, regelm\u00e4ssig eine Zustands-Analyse Ihrer Anlage vorzunehmen. So lassen [&hellip;]<\/p>\n","protected":false},"author":33,"featured_media":0,"parent":22114,"menu_order":181,"comment_status":"closed","ping_status":"closed","template":"","meta":{"_acf_changed":false,"footnotes":""},"class_list":["post-36","page","type-page","status-publish","hentry"],"acf":[],"yoast_head":"<!-- This site is optimized with the Yoast SEO Premium plugin v25.1 (Yoast SEO v25.1) - https:\/\/yoast.com\/wordpress\/plugins\/seo\/ -->\n<title>Thermogerafie<\/title>\n<meta name=\"description\" content=\"Eine regelm\u00e4ssige Zustands-Analyse Ihrer Anlage mit Thermografie bewahrt Sie u.a. von Folgesch\u00e4den mit kostspieligen Produktionsausf\u00e4llen.\" \/>\n<meta name=\"robots\" content=\"noindex, follow, max-snippet:-1, max-image-preview:large, max-video-preview:-1\" \/>\n<meta property=\"og:locale\" content=\"de_DE\" \/>\n<meta property=\"og:type\" content=\"article\" \/>\n<meta property=\"og:title\" content=\"Thermogerafie\" \/>\n<meta property=\"og:description\" content=\"Eine regelm\u00e4ssige Zustands-Analyse Ihrer Anlage mit Thermografie bewahrt Sie u.a. von Folgesch\u00e4den mit kostspieligen Produktionsausf\u00e4llen.\" \/>\n<meta property=\"og:url\" content=\"https:\/\/dev-web.electrosuisse.ch\/de\/inspektion-beratung\/thermografie\/\" \/>\n<meta property=\"og:site_name\" content=\"Electrosuisse\" \/>\n<meta property=\"article:modified_time\" content=\"2023-02-23T13:32:13+00:00\" \/>\n<meta property=\"og:image\" content=\"https:\/\/dev-web.electrosuisse.ch\/wp-content\/uploads\/2019\/06\/Electrosuisse_Thermografie_Waermebild.jpg\" \/>\n\t<meta property=\"og:image:width\" content=\"1578\" \/>\n\t<meta property=\"og:image:height\" content=\"650\" \/>\n\t<meta property=\"og:image:type\" content=\"image\/jpeg\" \/>\n<script type=\"application\/ld+json\" class=\"yoast-schema-graph\">{\"@context\":\"https:\/\/schema.org\",\"@graph\":[{\"@type\":\"WebPage\",\"@id\":\"https:\/\/dev-web.electrosuisse.ch\/de\/inspektion-beratung\/thermografie\/\",\"url\":\"https:\/\/dev-web.electrosuisse.ch\/de\/inspektion-beratung\/thermografie\/\",\"name\":\"Thermogerafie\",\"isPartOf\":{\"@id\":\"https:\/\/dev-web.electrosuisse.ch\/de\/#website\"},\"datePublished\":\"2018-06-24T09:08:22+00:00\",\"dateModified\":\"2023-02-23T13:32:13+00:00\",\"description\":\"Eine regelm\u00e4ssige Zustands-Analyse Ihrer Anlage mit Thermografie bewahrt Sie u.a. von Folgesch\u00e4den mit kostspieligen Produktionsausf\u00e4llen.\",\"breadcrumb\":{\"@id\":\"https:\/\/dev-web.electrosuisse.ch\/de\/inspektion-beratung\/thermografie\/#breadcrumb\"},\"inLanguage\":\"de\",\"potentialAction\":[{\"@type\":\"ReadAction\",\"target\":[\"https:\/\/dev-web.electrosuisse.ch\/de\/inspektion-beratung\/thermografie\/\"]}]},{\"@type\":\"BreadcrumbList\",\"@id\":\"https:\/\/dev-web.electrosuisse.ch\/de\/inspektion-beratung\/thermografie\/#breadcrumb\",\"itemListElement\":[{\"@type\":\"ListItem\",\"position\":1,\"name\":\"Inspektion und Beratung\",\"item\":\"https:\/\/dev-web.electrosuisse.ch\/de\/inspektion-beratung\/\"},{\"@type\":\"ListItem\",\"position\":2,\"name\":\"Thermografie\"}]},{\"@type\":\"WebSite\",\"@id\":\"https:\/\/dev-web.electrosuisse.ch\/de\/#website\",\"url\":\"https:\/\/dev-web.electrosuisse.ch\/de\/\",\"name\":\"Electrosuisse\",\"description\":\"\",\"publisher\":{\"@id\":\"https:\/\/dev-web.electrosuisse.ch\/de\/#organization\"},\"potentialAction\":[{\"@type\":\"SearchAction\",\"target\":{\"@type\":\"EntryPoint\",\"urlTemplate\":\"https:\/\/dev-web.electrosuisse.ch\/de\/?s={search_term_string}\"},\"query-input\":{\"@type\":\"PropertyValueSpecification\",\"valueRequired\":true,\"valueName\":\"search_term_string\"}}],\"inLanguage\":\"de\"},{\"@type\":\"Organization\",\"@id\":\"https:\/\/dev-web.electrosuisse.ch\/de\/#organization\",\"name\":\"Electrosuisse\",\"url\":\"https:\/\/dev-web.electrosuisse.ch\/de\/\",\"logo\":{\"@type\":\"ImageObject\",\"inLanguage\":\"de\",\"@id\":\"https:\/\/dev-web.electrosuisse.ch\/de\/#\/schema\/logo\/image\/\",\"url\":\"https:\/\/dev-web.electrosuisse.ch\/wp-content\/uploads\/2025\/04\/Electrosuisse_Logo_696x696.png\",\"contentUrl\":\"https:\/\/dev-web.electrosuisse.ch\/wp-content\/uploads\/2025\/04\/Electrosuisse_Logo_696x696.png\",\"width\":696,\"height\":696,\"caption\":\"Electrosuisse\"},\"image\":{\"@id\":\"https:\/\/dev-web.electrosuisse.ch\/de\/#\/schema\/logo\/image\/\"},\"sameAs\":[\"https:\/\/www.linkedin.com\/company\/electrosuisse-ag\/posts\/?feedView=all\",\"https:\/\/www.instagram.com\/electrosuisse1889\/\",\"https:\/\/www.youtube.com\/channel\/UCoOxohMiVE0Gjcdis1L09zw\"],\"description\":\"Electrosuisse ist eine anerkannte und unabh\u00e4ngige Fachorganisation, die erstklassige Dienstleistungen und Produkte in den Bereichen Inspektion, Beratung, Pr\u00fcfung, Zertifizierung, Normung und Weiterbildung anbietet. Unsere Expertise umfasst Elektrotechnik, Elektromobilit\u00e4t, Energieberatung, Geb\u00e4udeautomation und Photovoltaik in der Schweiz. Durch die Veranstaltung etablierter Branchen-Events und Fachtagungen f\u00f6rdert Electrosuisse den Wissenstransfer und den fachlichen Austausch. Im Mittelpunkt unserer T\u00e4tigkeiten steht die F\u00f6rderung der sicheren, wirtschaftlichen und umweltgerechten Anwendung der Elektrotechnik.\"}]}<\/script>\n<!-- \/ Yoast SEO Premium plugin. -->","yoast_head_json":{"title":"Thermogerafie","description":"Eine regelm\u00e4ssige Zustands-Analyse Ihrer Anlage mit Thermografie bewahrt Sie u.a. von Folgesch\u00e4den mit kostspieligen Produktionsausf\u00e4llen.","robots":{"index":"noindex","follow":"follow","max-snippet":"max-snippet:-1","max-image-preview":"max-image-preview:large","max-video-preview":"max-video-preview:-1"},"og_locale":"de_DE","og_type":"article","og_title":"Thermogerafie","og_description":"Eine regelm\u00e4ssige Zustands-Analyse Ihrer Anlage mit Thermografie bewahrt Sie u.a. von Folgesch\u00e4den mit kostspieligen Produktionsausf\u00e4llen.","og_url":"https:\/\/dev-web.electrosuisse.ch\/de\/inspektion-beratung\/thermografie\/","og_site_name":"Electrosuisse","article_modified_time":"2023-02-23T13:32:13+00:00","og_image":[{"width":1578,"height":650,"url":"https:\/\/dev-web.electrosuisse.ch\/wp-content\/uploads\/2019\/06\/Electrosuisse_Thermografie_Waermebild.jpg","type":"image\/jpeg"}],"schema":{"@context":"https:\/\/schema.org","@graph":[{"@type":"WebPage","@id":"https:\/\/dev-web.electrosuisse.ch\/de\/inspektion-beratung\/thermografie\/","url":"https:\/\/dev-web.electrosuisse.ch\/de\/inspektion-beratung\/thermografie\/","name":"Thermogerafie","isPartOf":{"@id":"https:\/\/dev-web.electrosuisse.ch\/de\/#website"},"datePublished":"2018-06-24T09:08:22+00:00","dateModified":"2023-02-23T13:32:13+00:00","description":"Eine regelm\u00e4ssige Zustands-Analyse Ihrer Anlage mit Thermografie bewahrt Sie u.a. von Folgesch\u00e4den mit kostspieligen Produktionsausf\u00e4llen.","breadcrumb":{"@id":"https:\/\/dev-web.electrosuisse.ch\/de\/inspektion-beratung\/thermografie\/#breadcrumb"},"inLanguage":"de","potentialAction":[{"@type":"ReadAction","target":["https:\/\/dev-web.electrosuisse.ch\/de\/inspektion-beratung\/thermografie\/"]}]},{"@type":"BreadcrumbList","@id":"https:\/\/dev-web.electrosuisse.ch\/de\/inspektion-beratung\/thermografie\/#breadcrumb","itemListElement":[{"@type":"ListItem","position":1,"name":"Inspektion und Beratung","item":"https:\/\/dev-web.electrosuisse.ch\/de\/inspektion-beratung\/"},{"@type":"ListItem","position":2,"name":"Thermografie"}]},{"@type":"WebSite","@id":"https:\/\/dev-web.electrosuisse.ch\/de\/#website","url":"https:\/\/dev-web.electrosuisse.ch\/de\/","name":"Electrosuisse","description":"","publisher":{"@id":"https:\/\/dev-web.electrosuisse.ch\/de\/#organization"},"potentialAction":[{"@type":"SearchAction","target":{"@type":"EntryPoint","urlTemplate":"https:\/\/dev-web.electrosuisse.ch\/de\/?s={search_term_string}"},"query-input":{"@type":"PropertyValueSpecification","valueRequired":true,"valueName":"search_term_string"}}],"inLanguage":"de"},{"@type":"Organization","@id":"https:\/\/dev-web.electrosuisse.ch\/de\/#organization","name":"Electrosuisse","url":"https:\/\/dev-web.electrosuisse.ch\/de\/","logo":{"@type":"ImageObject","inLanguage":"de","@id":"https:\/\/dev-web.electrosuisse.ch\/de\/#\/schema\/logo\/image\/","url":"https:\/\/dev-web.electrosuisse.ch\/wp-content\/uploads\/2025\/04\/Electrosuisse_Logo_696x696.png","contentUrl":"https:\/\/dev-web.electrosuisse.ch\/wp-content\/uploads\/2025\/04\/Electrosuisse_Logo_696x696.png","width":696,"height":696,"caption":"Electrosuisse"},"image":{"@id":"https:\/\/dev-web.electrosuisse.ch\/de\/#\/schema\/logo\/image\/"},"sameAs":["https:\/\/www.linkedin.com\/company\/electrosuisse-ag\/posts\/?feedView=all","https:\/\/www.instagram.com\/electrosuisse1889\/","https:\/\/www.youtube.com\/channel\/UCoOxohMiVE0Gjcdis1L09zw"],"description":"Electrosuisse ist eine anerkannte und unabh\u00e4ngige Fachorganisation, die erstklassige Dienstleistungen und Produkte in den Bereichen Inspektion, Beratung, Pr\u00fcfung, Zertifizierung, Normung und Weiterbildung anbietet. Unsere Expertise umfasst Elektrotechnik, Elektromobilit\u00e4t, Energieberatung, Geb\u00e4udeautomation und Photovoltaik in der Schweiz. Durch die Veranstaltung etablierter Branchen-Events und Fachtagungen f\u00f6rdert Electrosuisse den Wissenstransfer und den fachlichen Austausch. Im Mittelpunkt unserer T\u00e4tigkeiten steht die F\u00f6rderung der sicheren, wirtschaftlichen und umweltgerechten Anwendung der Elektrotechnik."}]}},"_links":{"self":[{"href":"https:\/\/dev-web.electrosuisse.ch\/de\/wp-json\/wp\/v2\/pages\/36","targetHints":{"allow":["GET"]}}],"collection":[{"href":"https:\/\/dev-web.electrosuisse.ch\/de\/wp-json\/wp\/v2\/pages"}],"about":[{"href":"https:\/\/dev-web.electrosuisse.ch\/de\/wp-json\/wp\/v2\/types\/page"}],"author":[{"embeddable":true,"href":"https:\/\/dev-web.electrosuisse.ch\/de\/wp-json\/wp\/v2\/users\/33"}],"replies":[{"embeddable":true,"href":"https:\/\/dev-web.electrosuisse.ch\/de\/wp-json\/wp\/v2\/comments?post=36"}],"version-history":[{"count":4,"href":"https:\/\/dev-web.electrosuisse.ch\/de\/wp-json\/wp\/v2\/pages\/36\/revisions"}],"predecessor-version":[{"id":29173,"href":"https:\/\/dev-web.electrosuisse.ch\/de\/wp-json\/wp\/v2\/pages\/36\/revisions\/29173"}],"up":[{"embeddable":true,"href":"https:\/\/dev-web.electrosuisse.ch\/de\/wp-json\/wp\/v2\/pages\/22114"}],"wp:attachment":[{"href":"https:\/\/dev-web.electrosuisse.ch\/de\/wp-json\/wp\/v2\/media?parent=36"}],"curies":[{"name":"wp","href":"https:\/\/api.w.org\/{rel}","templated":true}]}}