{"id":34597,"date":"2024-03-26T09:41:48","date_gmt":"2024-03-26T08:41:48","guid":{"rendered":"https:\/\/dev-web.electrosuisse.ch\/?page_id=34597"},"modified":"2024-04-24T15:30:39","modified_gmt":"2024-04-24T13:30:39","slug":"report2023","status":"publish","type":"page","link":"https:\/\/dev-web.electrosuisse.ch\/de\/report2023\/","title":{"rendered":"Report 2023"},"content":{"rendered":"<div class=\"wpb-content-wrapper\"><p>[vc_row el_id=&#8221;Vorwort&#8221;][vc_column][vc_column_text]<\/p>\n<h1>Vorwort<\/h1>\n<p>[\/vc_column_text]<div class=\"wpb_content_element wpb_accordion_column accordion_complex\"><div class=\"accordions accordions_0\"><div class=\"custom_accordion_item accordion custom_accordion accordion_1_0\"><div class=\"accordion__header\" id=\"accordion_header_1_0\"><div class=\"accordion_trigger js-accordion_trigger \" data-toggle=\"collapse\" \r\n\t\t\t\t\tdata-target=\"#accordion_content_1_0_acc81\" \r\n          aria-expanded=\"false\" aria-controls=\"accordion_content_1_0\"><div class=\"accordion-title js-accordion-controller \"><div class=row><div class=col-sm-5><div class=picture_container><img alt=Liebe_Mitglieder,_Kundinnen_und_Kunden src=https:\/\/dev-web.electrosuisse.ch\/wp-content\/uploads\/2024\/03\/vorwort-geschaeftsbericht2023-electrosuisse_.jpg \/><\/div><\/div><div class=col-sm-7><h3>Liebe Mitglieder, Kundinnen und Kunden<\/h3><p>2021 war st\u00fcrmisch, 2022 gl\u00e4tteten sich die Wogen \u2013 2023 war das Jahr der Konsolidierung. Unser Verband verzeichnete ein gesundes Wachstum, dies gleich in mehreren Bereichen: In der Beratung und Inspektion, im Engineering und im Team Media-Management haben wir mit neuen Mitarbeitenden wichtiges Know-how gewonnen.<\/p>\n<p><strong>Dr. Dieter Reichelt, Pr\u00e4sident und Markus Burger, Gesch\u00e4ftsfu\u0308hrer<\/strong><\/p><div class=\"accordion-title-icon\"><\/div><\/div><\/div><\/div><\/div><\/div><div class=\"accordion__content collapse not-click-to-close\" id=\"accordion_content_1_0_acc81\" aria-labelledby=\"accordion_header_1_0\"><div class=\"inside\"><div class=\"accordion-content\"><!-- accordion start --><div class=\"accordion__inside\"><div class=\"accordion__element\"><\/p>\n<div>Die Zahl der Mitglieder ist gestiegen und an unseren Veranstaltungen und Kursen durften wir gleich viel Teilnehmende begr\u00fcssen wie vor der Pandemie. Ist damit wieder alles beim Alten? Nein, die Welt hat sich ver\u00e4ndert, insbesondere mit ChatGPT und k\u00fcnstlicher Intelligenz. Fr\u00fcher war es eine unserer Hauptaufgaben, den Mitgliedern Zugang zu Fachinformationen zu bieten \u2013 heute stellt ChatGPT in K\u00fcrze ein Dossier zu einem Thema zusammen. Woher die Informationen stammen, ist allerdings unklar. Ob sie richtig sind, ist fraglich. In diesem Zusammenhang ist unser Verband wichtiger denn je. Wir stehen f\u00fcr Qualit\u00e4t und Verbindlichkeit. Unsere Fachinformationen sind verl\u00e4sslich und relevant. Nicht nur die in unseren Fachzeitschriften oder Dokumentationen, sondern auch an unseren Veranstaltungen, Tagungen und in Online-Formaten wie Electrosuisse \u00abon Air\u00bb oder \u00abExpert Talk\u00bb, die 2023 wiederum auf grosses Echo stiessen. Neu bieten wir auch Fachkurse in unserer Berner Zweigniederlassung an. Ausserdem haben wir unser Angebot im Tessin erweitert. Auch dieses Jahr d\u00fcrfen wir stolz sein: Sechs Experten aus der Schweiz wurden mit dem \u00abIEC 1906 Award\u00bb ausgezeichnet. Damit ehrt die internationale elektro\u00adtechnische Kommission Personen, die sich durch hervorragende Leistungen im technischen oder organisatorischen Bereich eines aktuellen Normenprojekts verdient gemacht haben. Ihnen, liebe Mitglieder, Kundinnen, Kunden und Mitarbeitende, danken wir f\u00fcr Ihr Vertrauen, Ihre Treue und Ihr Engagement.<\/div>\n<p>\n<\/div><\/div><!-- accordion ende --><\/div><\/div><\/div><\/div><\/div><\/div>[\/vc_column][\/vc_row][vc_row el_id=&#8221;Unser Engagement&#8221;][vc_column][vc_column_text]<\/p>\n<h1 class=\"p1\">Unser Engagement<\/h1>\n<div>\n<div>Erstklassige Dienstleistungen und Produkte rund um Inspektion, Beratung, Engineering, Normung und \u2009Weiterbildung \u2013 daf\u00fcr steht Electrosuisse. Als Fachorganisation f\u00fcr Elektro-, Energie- und Informationstechnik engagieren wir uns mit Branchen-Events, Tagungen und Online-Formaten f\u00fcr den fachlichen Austausch. Die Fachzeitschriften \u00abBulletin\u00bb und \u00abelectra.ch\u00bb sorgen f\u00fcr den Wissenstransfer aus der Wissenschaft in die Praxis. In unserem breiten Netzwerk k\u00f6nnen unsere Mitglieder wertvolle Kontakte kn\u00fcpfen. Zudem vertreten wir die Schweizer Wirtschaft im Bereich der Elektrotechnik in den internationalen Normungsgremien.<\/div>\n<\/div>\n<p>[\/vc_column_text][\/vc_column][\/vc_row][vc_row el_id=&#8221;highlights&#8221;][vc_column][vc_column_text]<\/p>\n<h1 class=\"p1\">Unsere Highlights<\/h1>\n<p>[\/vc_column_text]<div class=\"wpb_text_image_column wpb_content_element \"><div class=\"wpb_wrapper\"><div class=\"row reverse middle-lg\"><div class=\"col-sm-6 col-xs-12\"><div class=\"picture_container\"><picture><source srcset=\"https:\/\/dev-web.electrosuisse.ch\/wp-content\/uploads\/2024\/03\/engagement_junge_generation-geschaeftsbericht2023-electrosuisse_.jpg\"><img decoding=\"async\" src=\"https:\/\/dev-web.electrosuisse.ch\/wp-content\/uploads\/2024\/03\/engagement_junge_generation-geschaeftsbericht2023-electrosuisse_.jpg\" alt=\"Attraktive Arbeitswelt\" \/><\/picture><\/div><\/div><div class=\"col-sm-6 col-xs-12\"><h3>Attraktive Arbeitswelt<\/h3><\/p>\n<div>Mit dem neuen Bereich \u00abKarriere\u00bb auf unserer Website sprechen wir insbesondere die junge Generation an. Wir zeigen dort alle offenen Jobs und was wir unseren Mitarbeitenden bieten. Wer sich bewirbt, erlebt einen unkomplizierten und pers\u00f6nlichen Bewerbungsprozess.<\/div>\n<div class=\"button button--normal\"><a href=\"https:\/\/dev-web.electrosuisse.ch\/de\/karriere\/\">Mehr erfahren<\/a><\/div><\/div><\/div><\/div><\/div><div class=\"wpb_text_image_column wpb_content_element \"><div class=\"wpb_wrapper\"><div class=\"row middle-lg\"><div class=\"col-sm-6 col-xs-12\"><div class=\"picture_container\"><picture><source srcset=\"https:\/\/dev-web.electrosuisse.ch\/wp-content\/uploads\/2024\/03\/engagement_electra-geschaeftsbericht2023-electrosuisse_.jpg\"><img decoding=\"async\" src=\"https:\/\/dev-web.electrosuisse.ch\/wp-content\/uploads\/2024\/03\/engagement_electra-geschaeftsbericht2023-electrosuisse_.jpg\" alt=\"Die erste Ausgabe von electra.ch ist da\" \/><\/picture><\/div><\/div><div class=\"col-sm-6 col-xs-12\"><h3>Die erste Ausgabe von electra.ch ist da<\/h3><\/p>\n<div>\n<div>Mit electra.ch bringen wir\u2009 Wissen in die Praxis. Das Magazin f\u00fcr Elektrofachleute berichtet \u00fcber Neu\u00adheiten und \u2009Trends und vermittelt Fachwissen aus Elektro\u00adtechnik, Elektromobilit\u00e4t, Energie- und Geb\u00e4udetechnik. In gedruckter Form erscheint es sechsmal pro Jahr, das Online-Portal aktualisieren wir laufend.<\/div>\n<\/div>\n<div class=\"button button--normal\"><a href=\"http:\/\/www.electra.ch\/\" target=\"_blank\" rel=\"noopener\">Mehr erfahren<\/a><\/div><\/div><\/div><\/div><\/div><div class=\"wpb_text_image_column wpb_content_element \"><div class=\"wpb_wrapper\"><div class=\"row reverse middle-lg\"><div class=\"col-sm-6 col-xs-12\"><div class=\"picture_container\"><picture><source srcset=\"https:\/\/dev-web.electrosuisse.ch\/wp-content\/uploads\/2024\/03\/engagement_mobilitaet-geschaeftsbericht2023-electrosuisse_.jpg\"><img decoding=\"async\" src=\"https:\/\/dev-web.electrosuisse.ch\/wp-content\/uploads\/2024\/03\/engagement_mobilitaet-geschaeftsbericht2023-electrosuisse_.jpg\" alt=\"Drei neue Veranstaltungen zur Mobilit\u00e4t\" \/><\/picture><\/div><\/div><div class=\"col-sm-6 col-xs-12\"><h3>Drei neue Veranstaltungen zur Mobilit\u00e4t<\/h3><p>Die Herausforderungen der Elektromobilit\u00e4t gehen wir auf ganzer Ebene an. Mit dem e-mobile Ver\u00adkehrs\u00adforum, dem e-mobile Ladeforum und der Strassentagung in Zusammenarbeit mit dem ASTRA haben wir 2023 drei neue Veranstaltungen f\u00fcr ver\u00adschiedene Zielgruppen lanciert. Mit grossem Erfolg: Alle Veran\u00adstaltungen fanden grossen Anklang.<\/p>\n<\/div><\/div><\/div><\/div><div class=\"wpb_text_image_column wpb_content_element \"><div class=\"wpb_wrapper\"><div class=\"row middle-lg\"><div class=\"col-sm-6 col-xs-12\"><div class=\"picture_container\"><picture><source srcset=\"https:\/\/dev-web.electrosuisse.ch\/wp-content\/uploads\/2024\/03\/engagement_engineering-geschaeftsbericht2023-electrosuisse_.jpg\"><img decoding=\"async\" src=\"https:\/\/dev-web.electrosuisse.ch\/wp-content\/uploads\/2024\/03\/engagement_engineering-geschaeftsbericht2023-electrosuisse_.jpg\" alt=\"Neue Kompetenzen und Ausbau im Engineering\" \/><\/picture><\/div><\/div><div class=\"col-sm-6 col-xs-12\"><h3>Neue Kompetenzen und Ausbau im Engineering<\/h3><p>Mit dem gezielten Ausbau der Dienstleistungen f\u00fcr Energieversorger und Industrie ist das Gesch\u00e4ftsfeld Engineering 2023 stark gewachsen. Auf die aktuelle Strommangellage haben wir reagiert und f\u00fcr diverse Infrastrukturbetreiber Notfallpl\u00e4ne erarbeitet. Im Umfeld \u00abData Science\u00bb konnten wir neue Kompetenzen aufbauen, erste Kundenprojekte laufen bereits.<\/p>\n<div class=\"button button--normal\"><a href=\"https:\/\/dev-web.electrosuisse.ch\/de\/engineering\/\" target=\"_blank\" rel=\"noopener\">Mehr erfahren<\/a><\/div><\/div><\/div><\/div><\/div><div class=\"wpb_text_image_column wpb_content_element \"><div class=\"wpb_wrapper\"><div class=\"row reverse middle-lg\"><div class=\"col-sm-6 col-xs-12\"><div class=\"picture_container\"><picture><source srcset=\"https:\/\/dev-web.electrosuisse.ch\/wp-content\/uploads\/2024\/03\/engagement_gotthard-geschaeftsbericht2023-electrosuisse_.jpg\"><img decoding=\"async\" src=\"https:\/\/dev-web.electrosuisse.ch\/wp-content\/uploads\/2024\/03\/engagement_gotthard-geschaeftsbericht2023-electrosuisse_.jpg\" alt=\"Leuchtturm Gotthardr\u00f6hre\" \/><\/picture><\/div><\/div><div class=\"col-sm-6 col-xs-12\"><h3>Leuchtturm Gotthardr\u00f6hre<\/h3><p>Wenn es um elektrische Sicherheit und Energieeffizienz geht, sind wir ein gefragter Partner. In einem mehrj\u00e4hrigen Projekt begleiten wir beispielsweise den Bau der zweiten Gotthardr\u00f6hre. Wir f\u00fchren Stromnetzberechnungen und Simulationen durch, optimieren das HLK-System und sorgen f\u00fcr dessen Qualit\u00e4tssicherung.<\/p>\n<div class=\"button button--normal\"><a href=\"https:\/\/dev-web.electrosuisse.ch\/de\/engineering\/\" target=\"_blank\" rel=\"noopener\">Mehr erfahren<\/a><\/div><\/div><\/div><\/div><\/div><div class=\"wpb_text_image_column wpb_content_element \"><div class=\"wpb_wrapper\"><div class=\"row middle-lg\"><div class=\"col-sm-6 col-xs-12\"><div class=\"picture_container\"><picture><source srcset=\"https:\/\/dev-web.electrosuisse.ch\/wp-content\/uploads\/2024\/03\/engagement_netzwerk-geschaeftsbericht2023-electrosuisse_.jpg\"><img decoding=\"async\" src=\"https:\/\/dev-web.electrosuisse.ch\/wp-content\/uploads\/2024\/03\/engagement_netzwerk-geschaeftsbericht2023-electrosuisse_.jpg\" alt=\"Nichts geht u\u0308ber das pers\u00f6nliche Netzwerk\" \/><\/picture><\/div><\/div><div class=\"col-sm-6 col-xs-12\"><h3>Nichts geht u\u0308ber das pers\u00f6nliche Netzwerk<\/h3><\/p>\n<p class=\"p1\">Die Digitalisierung \u00e4ndert Vieles, doch etwas bleibt: Wir bieten ein breites Netzwerk fu\u0308r den pers\u00f6nlichen Austausch. Mit dem Stromkongress bringen wir die Branche zusammen und an der Smart Energy Party bieten wir eine ideale Plattform fu\u0308r den Dialog zwischen der Energiebranche, der Geb\u00e4udetechnik, Mobilit\u00e4t und Infrastruktur in geselliger Atmosph\u00e4re. Daneben treffen sich unsere Mitglieder an zahlreichen weiteren Veranstaltungen, Fachkursen oder Tagungen.<\/p>\n<div class=\"button button--normal\"><a href=\"https:\/\/dev-web.electrosuisse.ch\/de\/alle-tagungen\/\" target=\"_blank\" rel=\"noopener\">Mehr erfahren<\/a><\/div><\/div><\/div><\/div><\/div><div class=\"wpb_text_image_column wpb_content_element \"><div class=\"wpb_wrapper\"><div class=\"row reverse middle-lg\"><div class=\"col-sm-6 col-xs-12\"><div class=\"picture_container\"><picture><source srcset=\"https:\/\/dev-web.electrosuisse.ch\/wp-content\/uploads\/2024\/04\/engagement_fachbuecher-geschaeftsbericht2023-electrosuisse.jpg\"><img decoding=\"async\" src=\"https:\/\/dev-web.electrosuisse.ch\/wp-content\/uploads\/2024\/04\/engagement_fachbuecher-geschaeftsbericht2023-electrosuisse.jpg\" alt=\"Brosch\u00fcren, Fach- und Handb\u00fccher\" \/><\/picture><\/div><\/div><div class=\"col-sm-6 col-xs-12\"><h3>Brosch\u00fcren, Fach- und Handb\u00fccher<\/h3><\/p>\n<p class=\"p1\">Bestellen Sie unsere praktischen Helfer f\u00fcr Ihren Berufs\u00adalltag bequem in unserem Shop, zum Beispiel: \u00abSicherheit in elektrischen Anlagen\u00bb oder \u00abElektrische Anlagen gem\u00e4ss Starkstromverordnung\u00bb.<\/p>\n<div class=\"button button--normal\"><a href=\"https:\/\/dev-web.electrosuisse.ch\/de\/shop\/\">zum Shop<\/a><\/div><\/div><\/div><\/div><\/div><div class=\"wpb_text_image_column wpb_content_element \"><div class=\"wpb_wrapper\"><div class=\"row middle-lg\"><div class=\"col-sm-6 col-xs-12\"><div class=\"picture_container\"><picture><source srcset=\"https:\/\/dev-web.electrosuisse.ch\/wp-content\/uploads\/2024\/03\/engagement_esti-geschaeftsbericht2023-electrosuisse_.jpg\"><img decoding=\"async\" src=\"https:\/\/dev-web.electrosuisse.ch\/wp-content\/uploads\/2024\/03\/engagement_esti-geschaeftsbericht2023-electrosuisse_.jpg\" alt=\"Ein intensives Jahr fu\u0308r das ESTI\" \/><\/picture><\/div><\/div><div class=\"col-sm-6 col-xs-12\"><h3>Ein intensives Jahr fu\u0308r das ESTI<\/h3><p>2023 koordinierte das ESTI neben einem intensiven Tagesgesch\u00e4ft Verfahren in Zusammenhang mit dem Solarexpress und bereitete in Kooperation mit OSTRAL Massnahmen f\u00fcr den Fall einer Strommangellage vor. Das ESTI wird seit 1903 als besondere Dienststelle im Auftrag des Bundes von Electrosuisse gef\u00fchrt. Den T\u00e4tigkeitsbericht ESTI finden Sie unter <strong><a href=\"https:\/\/www.esti.admin.ch\/de\/esti-startseite\" target=\"_blank\" rel=\"noopener\">www.esti.admin.ch<\/a>.<\/strong><\/p>\n<\/div><\/div><\/div><\/div>[\/vc_column][\/vc_row][vc_row el_id=&#8221;Kennzahlen&#8221;][vc_column][vc_column_text]<\/p>\n<h1 class=\"p1\">Zahlen und Fakten<\/h1>\n<p>[\/vc_column_text]<div class=\"wpb_counters_column wpb_content_element\"><div class=\"wpb_wrapper\"><div class=\"counters row\"><div class=\"counter js-counter col-lg-4 col-xs-6\"><div class=\"counter__content\"><div class=\"counter__number\" data-count=\"6600\">0<\/div><div class=\"counter__label\">Mitglieder<br \/>\n(4300 Pers\u00f6nliche und 2300 Firmen)<\/div><\/div><\/div><div class=\"counter js-counter col-lg-4 col-xs-6\"><div class=\"counter__content\"><div class=\"counter__number\" data-count=\"1100\">0<\/div><div class=\"counter__label\">Normungsexperten in u\u0308ber<br \/>\n100 technischen Komitees<\/div><\/div><\/div><div class=\"counter js-counter col-lg-4 col-xs-6\"><div class=\"counter__content\"><div class=\"counter__number\" data-count=\"20500\">0<\/div><div class=\"counter__label\">Teilnehmende an Fachtagungen und \u2011kursen (18900 vor Ort, 1600 Online)<\/div><\/div><\/div><div class=\"counter js-counter col-lg-4 col-xs-6\"><div class=\"counter__content\"><div class=\"counter__number\" data-count=\"500\">0<\/div><div class=\"counter__label\">Kunden nutzen myElectrosuisse, um die Qualit\u00e4t ihrer Elektro\u00ad\u00adinstallationen zu steuern und zu \u00fcberwachen<\/div><\/div><\/div><div class=\"counter js-counter col-lg-4 col-xs-6\"><div class=\"counter__content\"><div class=\"counter__number\" data-count=\"51.7\">0<\/div><div class=\"counter__label\">Mio. CHF Nettoerl\u00f6s aus Lieferungen und Leistungen<\/div><\/div><\/div><div class=\"counter js-counter col-lg-4 col-xs-6\"><div class=\"counter__content\"><div class=\"counter__number\" data-count=\"0.9\">0<\/div><div class=\"counter__label\">Mio. CHF Jahresgewinn<\/div><\/div><\/div><div class=\"counter js-counter col-lg-4 col-xs-6\"><div class=\"counter__content\"><div class=\"counter__number\" data-count=\"280\">0<\/div><div class=\"counter__label\">Mitarbeitende<\/div><\/div><\/div><\/div><\/div><\/div>[\/vc_column][\/vc_row][vc_row el_id=&#8221;Organisation&#8221;][vc_column][vc_column_text]<\/p>\n<h1 class=\"p1\">Organisation<\/h1>\n<p>[\/vc_column_text]<div class=\"wpb_buttons_column wpb_content_element\"><div class=\"wpb_wrapper\"><div class=\"button button--normal\"><a href=\"https:\/\/dev-web.electrosuisse.ch\/de\/portraet\/organisation\/#vorstand\" target=\"_blank\" >Vorstand<\/a><\/div><div class=\"button button--normal\"><a href=\"https:\/\/dev-web.electrosuisse.ch\/de\/portraet\/organisation\/#gl\" target=\"_blank\" >Gesch\u00e4ftsleitung<\/a><\/div><\/div><\/div>[\/vc_column][\/vc_row][vc_row el_id=&#8221;Download&#8221;][vc_column][vc_column_text]<\/p>\n<h2>Highlights 2023 herunterladen<\/h2>\n<p>[\/vc_column_text]<div class=\"wpb_document_column wpb_content_element\"><div class=\"wpb_wrapper\"><div class=\"document document--pdf\"><a href=\"https:\/\/dev-web.electrosuisse.ch\/wp-content\/uploads\/2024\/04\/Electrosuisse_Jahreshighlights_2023_20240415_D_web.pdf\" target=\"_blank\">Highlights 2023<\/a><\/div><\/div><\/div>[\/vc_column][\/vc_row]<\/p>\n<\/div>","protected":false},"excerpt":{"rendered":"<p>[vc_row el_id=&#8221;Vorwort&#8221;][vc_column][vc_column_text] Vorwort [\/vc_column_text][\/vc_column][\/vc_row][vc_row el_id=&#8221;Unser Engagement&#8221;][vc_column][vc_column_text] Unser Engagement Erstklassige Dienstleistungen und Produkte rund um Inspektion, Beratung, Engineering, Normung und \u2009Weiterbildung \u2013 daf\u00fcr steht Electrosuisse. Als Fachorganisation f\u00fcr Elektro-, Energie- und Informationstechnik engagieren wir uns mit Branchen-Events, Tagungen und Online-Formaten f\u00fcr den fachlichen Austausch. Die Fachzeitschriften \u00abBulletin\u00bb und \u00abelectra.ch\u00bb sorgen f\u00fcr den Wissenstransfer aus der Wissenschaft [&hellip;]<\/p>\n","protected":false},"author":31,"featured_media":0,"parent":0,"menu_order":6,"comment_status":"closed","ping_status":"closed","template":"","meta":{"_acf_changed":false,"footnotes":""},"class_list":["post-34597","page","type-page","status-publish","hentry"],"acf":[],"yoast_head":"<!-- This site is optimized with the Yoast SEO Premium plugin v25.1 (Yoast SEO v25.1) - https:\/\/yoast.com\/wordpress\/plugins\/seo\/ -->\n<title>Electrosuisse Bericht 2023: Einblicke in Elektrotechnologie<\/title>\n<meta name=\"description\" content=\"Erfahren Sie mehr \u00fcber den Electrosuisse Bericht 2023 mit Details zu Fortschritten in der Elektrotechnologie, Branchenereignissen und Bildungsinitiativen.\" \/>\n<meta name=\"robots\" content=\"noindex, follow, max-snippet:-1, max-image-preview:large, max-video-preview:-1\" \/>\n<meta property=\"og:locale\" content=\"de_DE\" \/>\n<meta property=\"og:type\" content=\"article\" \/>\n<meta property=\"og:title\" content=\"Electrosuisse Bericht 2023: Einblicke in Elektrotechnologie\" \/>\n<meta property=\"og:description\" content=\"Erfahren Sie mehr \u00fcber den Electrosuisse Bericht 2023 mit Details zu Fortschritten in der Elektrotechnologie, Branchenereignissen und Bildungsinitiativen.\" \/>\n<meta property=\"og:url\" content=\"https:\/\/dev-web.electrosuisse.ch\/de\/report2023\/\" \/>\n<meta property=\"og:site_name\" content=\"Electrosuisse\" \/>\n<meta property=\"article:modified_time\" content=\"2024-04-24T13:30:39+00:00\" \/>\n<meta property=\"og:image\" content=\"https:\/\/dev-web.electrosuisse.ch\/wp-content\/uploads\/2022\/12\/Electrosuisse_Ueber_uns_1578x650.jpg\" \/>\n\t<meta property=\"og:image:width\" content=\"1578\" \/>\n\t<meta property=\"og:image:height\" content=\"650\" \/>\n\t<meta property=\"og:image:type\" content=\"image\/jpeg\" \/>\n<script type=\"application\/ld+json\" class=\"yoast-schema-graph\">{\"@context\":\"https:\/\/schema.org\",\"@graph\":[{\"@type\":\"WebPage\",\"@id\":\"https:\/\/dev-web.electrosuisse.ch\/de\/report2023\/\",\"url\":\"https:\/\/dev-web.electrosuisse.ch\/de\/report2023\/\",\"name\":\"Electrosuisse Bericht 2023: Einblicke in Elektrotechnologie\",\"isPartOf\":{\"@id\":\"https:\/\/dev-web.electrosuisse.ch\/de\/#website\"},\"datePublished\":\"2024-03-26T08:41:48+00:00\",\"dateModified\":\"2024-04-24T13:30:39+00:00\",\"description\":\"Erfahren Sie mehr \u00fcber den Electrosuisse Bericht 2023 mit Details zu Fortschritten in der Elektrotechnologie, Branchenereignissen und Bildungsinitiativen.\",\"inLanguage\":\"de\",\"potentialAction\":[{\"@type\":\"ReadAction\",\"target\":[\"https:\/\/dev-web.electrosuisse.ch\/de\/report2023\/\"]}]},{\"@type\":\"WebSite\",\"@id\":\"https:\/\/dev-web.electrosuisse.ch\/de\/#website\",\"url\":\"https:\/\/dev-web.electrosuisse.ch\/de\/\",\"name\":\"Electrosuisse\",\"description\":\"\",\"publisher\":{\"@id\":\"https:\/\/dev-web.electrosuisse.ch\/de\/#organization\"},\"potentialAction\":[{\"@type\":\"SearchAction\",\"target\":{\"@type\":\"EntryPoint\",\"urlTemplate\":\"https:\/\/dev-web.electrosuisse.ch\/de\/?s={search_term_string}\"},\"query-input\":{\"@type\":\"PropertyValueSpecification\",\"valueRequired\":true,\"valueName\":\"search_term_string\"}}],\"inLanguage\":\"de\"},{\"@type\":\"Organization\",\"@id\":\"https:\/\/dev-web.electrosuisse.ch\/de\/#organization\",\"name\":\"Electrosuisse\",\"url\":\"https:\/\/dev-web.electrosuisse.ch\/de\/\",\"logo\":{\"@type\":\"ImageObject\",\"inLanguage\":\"de\",\"@id\":\"https:\/\/dev-web.electrosuisse.ch\/de\/#\/schema\/logo\/image\/\",\"url\":\"https:\/\/dev-web.electrosuisse.ch\/wp-content\/uploads\/2025\/04\/Electrosuisse_Logo_696x696.png\",\"contentUrl\":\"https:\/\/dev-web.electrosuisse.ch\/wp-content\/uploads\/2025\/04\/Electrosuisse_Logo_696x696.png\",\"width\":696,\"height\":696,\"caption\":\"Electrosuisse\"},\"image\":{\"@id\":\"https:\/\/dev-web.electrosuisse.ch\/de\/#\/schema\/logo\/image\/\"},\"sameAs\":[\"https:\/\/www.linkedin.com\/company\/electrosuisse-ag\/posts\/?feedView=all\",\"https:\/\/www.instagram.com\/electrosuisse1889\/\",\"https:\/\/www.youtube.com\/channel\/UCoOxohMiVE0Gjcdis1L09zw\"],\"description\":\"Electrosuisse ist eine anerkannte und unabh\u00e4ngige Fachorganisation, die erstklassige Dienstleistungen und Produkte in den Bereichen Inspektion, Beratung, Pr\u00fcfung, Zertifizierung, Normung und Weiterbildung anbietet. Unsere Expertise umfasst Elektrotechnik, Elektromobilit\u00e4t, Energieberatung, Geb\u00e4udeautomation und Photovoltaik in der Schweiz. Durch die Veranstaltung etablierter Branchen-Events und Fachtagungen f\u00f6rdert Electrosuisse den Wissenstransfer und den fachlichen Austausch. Im Mittelpunkt unserer T\u00e4tigkeiten steht die F\u00f6rderung der sicheren, wirtschaftlichen und umweltgerechten Anwendung der Elektrotechnik.\"}]}<\/script>\n<!-- \/ Yoast SEO Premium plugin. -->","yoast_head_json":{"title":"Electrosuisse Bericht 2023: Einblicke in Elektrotechnologie","description":"Erfahren Sie mehr \u00fcber den Electrosuisse Bericht 2023 mit Details zu Fortschritten in der Elektrotechnologie, Branchenereignissen und Bildungsinitiativen.","robots":{"index":"noindex","follow":"follow","max-snippet":"max-snippet:-1","max-image-preview":"max-image-preview:large","max-video-preview":"max-video-preview:-1"},"og_locale":"de_DE","og_type":"article","og_title":"Electrosuisse Bericht 2023: Einblicke in Elektrotechnologie","og_description":"Erfahren Sie mehr \u00fcber den Electrosuisse Bericht 2023 mit Details zu Fortschritten in der Elektrotechnologie, Branchenereignissen und Bildungsinitiativen.","og_url":"https:\/\/dev-web.electrosuisse.ch\/de\/report2023\/","og_site_name":"Electrosuisse","article_modified_time":"2024-04-24T13:30:39+00:00","og_image":[{"width":1578,"height":650,"url":"https:\/\/dev-web.electrosuisse.ch\/wp-content\/uploads\/2022\/12\/Electrosuisse_Ueber_uns_1578x650.jpg","type":"image\/jpeg"}],"schema":{"@context":"https:\/\/schema.org","@graph":[{"@type":"WebPage","@id":"https:\/\/dev-web.electrosuisse.ch\/de\/report2023\/","url":"https:\/\/dev-web.electrosuisse.ch\/de\/report2023\/","name":"Electrosuisse Bericht 2023: Einblicke in Elektrotechnologie","isPartOf":{"@id":"https:\/\/dev-web.electrosuisse.ch\/de\/#website"},"datePublished":"2024-03-26T08:41:48+00:00","dateModified":"2024-04-24T13:30:39+00:00","description":"Erfahren Sie mehr \u00fcber den Electrosuisse Bericht 2023 mit Details zu Fortschritten in der Elektrotechnologie, Branchenereignissen und Bildungsinitiativen.","inLanguage":"de","potentialAction":[{"@type":"ReadAction","target":["https:\/\/dev-web.electrosuisse.ch\/de\/report2023\/"]}]},{"@type":"WebSite","@id":"https:\/\/dev-web.electrosuisse.ch\/de\/#website","url":"https:\/\/dev-web.electrosuisse.ch\/de\/","name":"Electrosuisse","description":"","publisher":{"@id":"https:\/\/dev-web.electrosuisse.ch\/de\/#organization"},"potentialAction":[{"@type":"SearchAction","target":{"@type":"EntryPoint","urlTemplate":"https:\/\/dev-web.electrosuisse.ch\/de\/?s={search_term_string}"},"query-input":{"@type":"PropertyValueSpecification","valueRequired":true,"valueName":"search_term_string"}}],"inLanguage":"de"},{"@type":"Organization","@id":"https:\/\/dev-web.electrosuisse.ch\/de\/#organization","name":"Electrosuisse","url":"https:\/\/dev-web.electrosuisse.ch\/de\/","logo":{"@type":"ImageObject","inLanguage":"de","@id":"https:\/\/dev-web.electrosuisse.ch\/de\/#\/schema\/logo\/image\/","url":"https:\/\/dev-web.electrosuisse.ch\/wp-content\/uploads\/2025\/04\/Electrosuisse_Logo_696x696.png","contentUrl":"https:\/\/dev-web.electrosuisse.ch\/wp-content\/uploads\/2025\/04\/Electrosuisse_Logo_696x696.png","width":696,"height":696,"caption":"Electrosuisse"},"image":{"@id":"https:\/\/dev-web.electrosuisse.ch\/de\/#\/schema\/logo\/image\/"},"sameAs":["https:\/\/www.linkedin.com\/company\/electrosuisse-ag\/posts\/?feedView=all","https:\/\/www.instagram.com\/electrosuisse1889\/","https:\/\/www.youtube.com\/channel\/UCoOxohMiVE0Gjcdis1L09zw"],"description":"Electrosuisse ist eine anerkannte und unabh\u00e4ngige Fachorganisation, die erstklassige Dienstleistungen und Produkte in den Bereichen Inspektion, Beratung, Pr\u00fcfung, Zertifizierung, Normung und Weiterbildung anbietet. Unsere Expertise umfasst Elektrotechnik, Elektromobilit\u00e4t, Energieberatung, Geb\u00e4udeautomation und Photovoltaik in der Schweiz. Durch die Veranstaltung etablierter Branchen-Events und Fachtagungen f\u00f6rdert Electrosuisse den Wissenstransfer und den fachlichen Austausch. Im Mittelpunkt unserer T\u00e4tigkeiten steht die F\u00f6rderung der sicheren, wirtschaftlichen und umweltgerechten Anwendung der Elektrotechnik."}]}},"_links":{"self":[{"href":"https:\/\/dev-web.electrosuisse.ch\/de\/wp-json\/wp\/v2\/pages\/34597","targetHints":{"allow":["GET"]}}],"collection":[{"href":"https:\/\/dev-web.electrosuisse.ch\/de\/wp-json\/wp\/v2\/pages"}],"about":[{"href":"https:\/\/dev-web.electrosuisse.ch\/de\/wp-json\/wp\/v2\/types\/page"}],"author":[{"embeddable":true,"href":"https:\/\/dev-web.electrosuisse.ch\/de\/wp-json\/wp\/v2\/users\/31"}],"replies":[{"embeddable":true,"href":"https:\/\/dev-web.electrosuisse.ch\/de\/wp-json\/wp\/v2\/comments?post=34597"}],"version-history":[{"count":38,"href":"https:\/\/dev-web.electrosuisse.ch\/de\/wp-json\/wp\/v2\/pages\/34597\/revisions"}],"predecessor-version":[{"id":34988,"href":"https:\/\/dev-web.electrosuisse.ch\/de\/wp-json\/wp\/v2\/pages\/34597\/revisions\/34988"}],"wp:attachment":[{"href":"https:\/\/dev-web.electrosuisse.ch\/de\/wp-json\/wp\/v2\/media?parent=34597"}],"curies":[{"name":"wp","href":"https:\/\/api.w.org\/{rel}","templated":true}]}}