{"id":2832,"date":"2019-02-26T08:58:26","date_gmt":"2019-02-26T07:58:26","guid":{"rendered":"https:\/\/dev-web.electrosuisse.ch\/?page_id=2832"},"modified":"2025-04-03T10:55:34","modified_gmt":"2025-04-03T08:55:34","slug":"shop","status":"publish","type":"page","link":"https:\/\/dev-web.electrosuisse.ch\/de\/shop\/","title":{"rendered":"Shop"},"content":{"rendered":"<div class=\"wpb-content-wrapper\"><p>[vc_row][vc_column]<div class=\"tiles_container tiles_container--top\"><div class=\"tiles row\"><div class=\"tile tile--normal tile--one_third col-xs-12\"><div class=\"tile__inside\"><div class=\"tile__media\"><picture><source srcset=\"https:\/\/dev-web.electrosuisse.ch\/wp-content\/uploads\/2019\/03\/Kurs-Mai-2012-24-32-e1555073690463-585x500.jpg\"><img decoding=\"async\" src=\"https:\/\/dev-web.electrosuisse.ch\/wp-content\/uploads\/2019\/03\/Kurs-Mai-2012-24-32-e1555073690463-585x500.jpg\" alt=\"Kurse\" \/><\/picture><\/div><div class=\"tile__caption\"><h3>Kurse<\/h3><p>Wir vermitteln Wissen in praxisnahen Kursen, f\u00fcr Lernende bis zum Meister.<\/p><div class=\"button button--arrow\"><div><div class=\"arrow\">Mehr<\/div><\/div><\/div><\/div><a href=\"https:\/\/fo-electrosuisse-eshop-test.opacc.net\/de\/weiterbildung\/\" class=\"full\">Mehr zu Kurse<\/a><\/div><\/div><div class=\"tile tile--normal tile--one_third col-xs-12\"><div class=\"tile__inside\"><div class=\"tile__media\"><picture><source srcset=\"https:\/\/dev-web.electrosuisse.ch\/wp-content\/uploads\/2019\/03\/Electrosuisse_Tagung-585x500.jpg\"><img decoding=\"async\" src=\"https:\/\/dev-web.electrosuisse.ch\/wp-content\/uploads\/2019\/03\/Electrosuisse_Tagung-585x500.jpg\" alt=\"Veranstaltungen\" \/><\/picture><\/div><div class=\"tile__caption\"><h3>Veranstaltungen<\/h3><p>Aktuelle Themen und hochkar\u00e4tige Speaker f\u00f6rdern den Wissensaustausch unter Experten. <\/p><div class=\"button button--arrow\"><div><div class=\"arrow\">Mehr<\/div><\/div><\/div><\/div><a href=\"https:\/\/fo-electrosuisse-eshop-test.opacc.net\/\/de\/weiterbildung\/veranstaltungen-_-events\/tagungen\/\" class=\"full\">Mehr zu Veranstaltungen<\/a><\/div><\/div><div class=\"tile tile--normal tile--one_third col-xs-12\"><div class=\"tile__inside\"><div class=\"tile__media\"><picture><source srcset=\"https:\/\/dev-web.electrosuisse.ch\/wp-content\/uploads\/2019\/06\/Electrosuisse_FAQ_close-up-221164_mobile-585x400.jpg\"><img decoding=\"async\" src=\"https:\/\/dev-web.electrosuisse.ch\/wp-content\/uploads\/2019\/06\/Electrosuisse_FAQ_close-up-221164_mobile-585x400.jpg\" alt=\"FAQ\" \/><\/picture><\/div><div class=\"tile__caption\"><h3>FAQ<\/h3><p>Antworten zu den meistgestellten Fragen finden Sie hier.<\/p><div class=\"button button--arrow\"><div><div class=\"arrow\">Mehr<\/div><\/div><\/div><\/div><a href=\"https:\/\/dev-web.electrosuisse.ch\/de\/faq\/\" class=\"full\">Mehr zu FAQ<\/a><\/div><\/div><div class=\"tile tile--normal tile--one_third col-xs-12\"><div class=\"tile__inside\"><div class=\"tile__media\"><picture><source srcset=\"https:\/\/dev-web.electrosuisse.ch\/wp-content\/uploads\/2019\/01\/ces_mobile-585x400.jpg\"><img decoding=\"async\" src=\"https:\/\/dev-web.electrosuisse.ch\/wp-content\/uploads\/2019\/01\/ces_mobile-585x400.jpg\" alt=\"Normen\" \/><\/picture><\/div><div class=\"tile__caption\"><h3>Normen<\/h3><p>Ihre Wissensdatenbank als auch eine Wegleitung zu konformen und sicheren Produkten und L\u00f6sungen.<\/p><div class=\"button button--arrow\"><div><div class=\"arrow\">Mehr<\/div><\/div><\/div><\/div><a href=\"https:\/\/fo-electrosuisse-eshop-test.opacc.net\/de\/normen-und-produkte\/normen\/\" class=\"full\">Mehr zu Normen<\/a><\/div><\/div><div class=\"tile tile--normal tile--one_third col-xs-12\"><div class=\"tile__inside\"><div class=\"tile__media\"><picture><source srcset=\"https:\/\/dev-web.electrosuisse.ch\/wp-content\/uploads\/2019\/03\/Electrosuisse_Produkte-585x500.jpg\"><img decoding=\"async\" src=\"https:\/\/dev-web.electrosuisse.ch\/wp-content\/uploads\/2019\/03\/Electrosuisse_Produkte-585x500.jpg\" alt=\"Produkte \" \/><\/picture><\/div><div class=\"tile__caption\"><h3>Produkte <\/h3><p>Unsere praktischen Fachb\u00fccher, Handb\u00fccher, Brosch\u00fcren und andere Helfer unterst\u00fctzen Sie im Alltag.<\/p><div class=\"button button--arrow\"><div><div class=\"arrow\">Mehr<\/div><\/div><\/div><\/div><a href=\"https:\/\/fo-electrosuisse-eshop-test.opacc.net\/\/de\/normen-und-produkte\/produkte\/\" class=\"full\">Mehr zu Produkte <\/a><\/div><\/div><div class=\"tile tile--normal tile--one_third col-xs-12\"><div class=\"tile__inside\"><div class=\"tile__media\"><picture><source srcset=\"https:\/\/dev-web.electrosuisse.ch\/wp-content\/uploads\/2021\/06\/Toolbox-Header-News-585x500-1.jpg\"><img decoding=\"async\" src=\"https:\/\/dev-web.electrosuisse.ch\/wp-content\/uploads\/2021\/06\/Toolbox-Header-News-585x500-1.jpg\" alt=\"Toolbox\" \/><\/picture><\/div><div class=\"tile__caption\"><h3>Toolbox<\/h3><p>Verschiedene Abonnemente f\u00fcr unterschiedliche Anwendungen.<\/p><div class=\"button button--normal\"><div>mehr erfahren<\/div><\/div><\/div><a href=\"https:\/\/dev-web.electrosuisse.ch\/de\/toolbox-infoseite\/\" class=\"full\">mehr erfahren<\/a><\/div><\/div><\/div><\/div>[\/vc_column][\/vc_row]<\/p>\n<\/div>","protected":false},"excerpt":{"rendered":"<p>[vc_row][vc_column][\/vc_column][\/vc_row]<\/p>\n","protected":false},"author":33,"featured_media":0,"parent":0,"menu_order":330,"comment_status":"closed","ping_status":"closed","template":"page-shop.php","meta":{"_acf_changed":false,"footnotes":""},"class_list":["post-2832","page","type-page","status-publish","hentry"],"acf":[],"yoast_head":"<!-- This site is optimized with the Yoast SEO Premium plugin v25.1 (Yoast SEO v25.1) - https:\/\/yoast.com\/wordpress\/plugins\/seo\/ -->\n<title>Electrosuisse Shop \u2013 Entdecken Sie unsere Produkte, Normen und Kurse<\/title>\n<meta name=\"description\" content=\"Hochwertige Publikationen, Normen und Weiterbildungskurse f\u00fcr Elektrotechnik, Elektromobilit\u00e4t, Energieberatung, Geb\u00e4udeautomation &amp; Photovoltaik\" \/>\n<meta name=\"robots\" content=\"noindex, nofollow\" \/>\n<meta property=\"og:locale\" content=\"de_DE\" \/>\n<meta property=\"og:type\" content=\"article\" \/>\n<meta property=\"og:title\" content=\"Electrosuisse Shop \u2013 Entdecken Sie unsere Produkte, Normen und Kurse\" \/>\n<meta property=\"og:description\" content=\"Hochwertige Publikationen, Normen und Weiterbildungskurse f\u00fcr Elektrotechnik, Elektromobilit\u00e4t, Energieberatung, Geb\u00e4udeautomation &amp; Photovoltaik\" \/>\n<meta property=\"og:url\" content=\"https:\/\/dev-web.electrosuisse.ch\/de\/shop\/\" \/>\n<meta property=\"og:site_name\" content=\"Electrosuisse\" \/>\n<meta property=\"article:modified_time\" content=\"2025-04-03T08:55:34+00:00\" \/>\n<meta property=\"og:image\" content=\"https:\/\/dev-web.electrosuisse.ch\/wp-content\/uploads\/2022\/12\/Electrosuisse_Ueber_uns_1578x650.jpg\" \/>\n\t<meta property=\"og:image:width\" content=\"1578\" \/>\n\t<meta property=\"og:image:height\" content=\"650\" \/>\n\t<meta property=\"og:image:type\" content=\"image\/jpeg\" \/>\n<script type=\"application\/ld+json\" class=\"yoast-schema-graph\">{\"@context\":\"https:\/\/schema.org\",\"@graph\":[{\"@type\":\"WebPage\",\"@id\":\"https:\/\/dev-web.electrosuisse.ch\/de\/shop\/\",\"url\":\"https:\/\/dev-web.electrosuisse.ch\/de\/shop\/\",\"name\":\"Electrosuisse Shop \u2013 Entdecken Sie unsere Produkte, Normen und Kurse\",\"isPartOf\":{\"@id\":\"https:\/\/dev-web.electrosuisse.ch\/de\/#website\"},\"datePublished\":\"2019-02-26T07:58:26+00:00\",\"dateModified\":\"2025-04-03T08:55:34+00:00\",\"description\":\"Hochwertige Publikationen, Normen und Weiterbildungskurse f\u00fcr Elektrotechnik, Elektromobilit\u00e4t, Energieberatung, Geb\u00e4udeautomation & Photovoltaik\",\"inLanguage\":\"de\",\"potentialAction\":[{\"@type\":\"ReadAction\",\"target\":[\"https:\/\/dev-web.electrosuisse.ch\/de\/shop\/\"]}]},{\"@type\":\"WebSite\",\"@id\":\"https:\/\/dev-web.electrosuisse.ch\/de\/#website\",\"url\":\"https:\/\/dev-web.electrosuisse.ch\/de\/\",\"name\":\"Electrosuisse\",\"description\":\"\",\"publisher\":{\"@id\":\"https:\/\/dev-web.electrosuisse.ch\/de\/#organization\"},\"potentialAction\":[{\"@type\":\"SearchAction\",\"target\":{\"@type\":\"EntryPoint\",\"urlTemplate\":\"https:\/\/dev-web.electrosuisse.ch\/de\/?s={search_term_string}\"},\"query-input\":{\"@type\":\"PropertyValueSpecification\",\"valueRequired\":true,\"valueName\":\"search_term_string\"}}],\"inLanguage\":\"de\"},{\"@type\":\"Organization\",\"@id\":\"https:\/\/dev-web.electrosuisse.ch\/de\/#organization\",\"name\":\"Electrosuisse\",\"url\":\"https:\/\/dev-web.electrosuisse.ch\/de\/\",\"logo\":{\"@type\":\"ImageObject\",\"inLanguage\":\"de\",\"@id\":\"https:\/\/dev-web.electrosuisse.ch\/de\/#\/schema\/logo\/image\/\",\"url\":\"https:\/\/dev-web.electrosuisse.ch\/wp-content\/uploads\/2025\/04\/Electrosuisse_Logo_696x696.png\",\"contentUrl\":\"https:\/\/dev-web.electrosuisse.ch\/wp-content\/uploads\/2025\/04\/Electrosuisse_Logo_696x696.png\",\"width\":696,\"height\":696,\"caption\":\"Electrosuisse\"},\"image\":{\"@id\":\"https:\/\/dev-web.electrosuisse.ch\/de\/#\/schema\/logo\/image\/\"},\"sameAs\":[\"https:\/\/www.linkedin.com\/company\/electrosuisse-ag\/posts\/?feedView=all\",\"https:\/\/www.instagram.com\/electrosuisse1889\/\",\"https:\/\/www.youtube.com\/channel\/UCoOxohMiVE0Gjcdis1L09zw\"],\"description\":\"Electrosuisse ist eine anerkannte und unabh\u00e4ngige Fachorganisation, die erstklassige Dienstleistungen und Produkte in den Bereichen Inspektion, Beratung, Pr\u00fcfung, Zertifizierung, Normung und Weiterbildung anbietet. Unsere Expertise umfasst Elektrotechnik, Elektromobilit\u00e4t, Energieberatung, Geb\u00e4udeautomation und Photovoltaik in der Schweiz. Durch die Veranstaltung etablierter Branchen-Events und Fachtagungen f\u00f6rdert Electrosuisse den Wissenstransfer und den fachlichen Austausch. Im Mittelpunkt unserer T\u00e4tigkeiten steht die F\u00f6rderung der sicheren, wirtschaftlichen und umweltgerechten Anwendung der Elektrotechnik.\"}]}<\/script>\n<!-- \/ Yoast SEO Premium plugin. -->","yoast_head_json":{"title":"Electrosuisse Shop \u2013 Entdecken Sie unsere Produkte, Normen und Kurse","description":"Hochwertige Publikationen, Normen und Weiterbildungskurse f\u00fcr Elektrotechnik, Elektromobilit\u00e4t, Energieberatung, Geb\u00e4udeautomation & Photovoltaik","robots":{"index":"noindex","follow":"nofollow"},"og_locale":"de_DE","og_type":"article","og_title":"Electrosuisse Shop \u2013 Entdecken Sie unsere Produkte, Normen und Kurse","og_description":"Hochwertige Publikationen, Normen und Weiterbildungskurse f\u00fcr Elektrotechnik, Elektromobilit\u00e4t, Energieberatung, Geb\u00e4udeautomation & Photovoltaik","og_url":"https:\/\/dev-web.electrosuisse.ch\/de\/shop\/","og_site_name":"Electrosuisse","article_modified_time":"2025-04-03T08:55:34+00:00","og_image":[{"width":1578,"height":650,"url":"https:\/\/dev-web.electrosuisse.ch\/wp-content\/uploads\/2022\/12\/Electrosuisse_Ueber_uns_1578x650.jpg","type":"image\/jpeg"}],"schema":{"@context":"https:\/\/schema.org","@graph":[{"@type":"WebPage","@id":"https:\/\/dev-web.electrosuisse.ch\/de\/shop\/","url":"https:\/\/dev-web.electrosuisse.ch\/de\/shop\/","name":"Electrosuisse Shop \u2013 Entdecken Sie unsere Produkte, Normen und Kurse","isPartOf":{"@id":"https:\/\/dev-web.electrosuisse.ch\/de\/#website"},"datePublished":"2019-02-26T07:58:26+00:00","dateModified":"2025-04-03T08:55:34+00:00","description":"Hochwertige Publikationen, Normen und Weiterbildungskurse f\u00fcr Elektrotechnik, Elektromobilit\u00e4t, Energieberatung, Geb\u00e4udeautomation & Photovoltaik","inLanguage":"de","potentialAction":[{"@type":"ReadAction","target":["https:\/\/dev-web.electrosuisse.ch\/de\/shop\/"]}]},{"@type":"WebSite","@id":"https:\/\/dev-web.electrosuisse.ch\/de\/#website","url":"https:\/\/dev-web.electrosuisse.ch\/de\/","name":"Electrosuisse","description":"","publisher":{"@id":"https:\/\/dev-web.electrosuisse.ch\/de\/#organization"},"potentialAction":[{"@type":"SearchAction","target":{"@type":"EntryPoint","urlTemplate":"https:\/\/dev-web.electrosuisse.ch\/de\/?s={search_term_string}"},"query-input":{"@type":"PropertyValueSpecification","valueRequired":true,"valueName":"search_term_string"}}],"inLanguage":"de"},{"@type":"Organization","@id":"https:\/\/dev-web.electrosuisse.ch\/de\/#organization","name":"Electrosuisse","url":"https:\/\/dev-web.electrosuisse.ch\/de\/","logo":{"@type":"ImageObject","inLanguage":"de","@id":"https:\/\/dev-web.electrosuisse.ch\/de\/#\/schema\/logo\/image\/","url":"https:\/\/dev-web.electrosuisse.ch\/wp-content\/uploads\/2025\/04\/Electrosuisse_Logo_696x696.png","contentUrl":"https:\/\/dev-web.electrosuisse.ch\/wp-content\/uploads\/2025\/04\/Electrosuisse_Logo_696x696.png","width":696,"height":696,"caption":"Electrosuisse"},"image":{"@id":"https:\/\/dev-web.electrosuisse.ch\/de\/#\/schema\/logo\/image\/"},"sameAs":["https:\/\/www.linkedin.com\/company\/electrosuisse-ag\/posts\/?feedView=all","https:\/\/www.instagram.com\/electrosuisse1889\/","https:\/\/www.youtube.com\/channel\/UCoOxohMiVE0Gjcdis1L09zw"],"description":"Electrosuisse ist eine anerkannte und unabh\u00e4ngige Fachorganisation, die erstklassige Dienstleistungen und Produkte in den Bereichen Inspektion, Beratung, Pr\u00fcfung, Zertifizierung, Normung und Weiterbildung anbietet. Unsere Expertise umfasst Elektrotechnik, Elektromobilit\u00e4t, Energieberatung, Geb\u00e4udeautomation und Photovoltaik in der Schweiz. Durch die Veranstaltung etablierter Branchen-Events und Fachtagungen f\u00f6rdert Electrosuisse den Wissenstransfer und den fachlichen Austausch. Im Mittelpunkt unserer T\u00e4tigkeiten steht die F\u00f6rderung der sicheren, wirtschaftlichen und umweltgerechten Anwendung der Elektrotechnik."}]}},"_links":{"self":[{"href":"https:\/\/dev-web.electrosuisse.ch\/de\/wp-json\/wp\/v2\/pages\/2832","targetHints":{"allow":["GET"]}}],"collection":[{"href":"https:\/\/dev-web.electrosuisse.ch\/de\/wp-json\/wp\/v2\/pages"}],"about":[{"href":"https:\/\/dev-web.electrosuisse.ch\/de\/wp-json\/wp\/v2\/types\/page"}],"author":[{"embeddable":true,"href":"https:\/\/dev-web.electrosuisse.ch\/de\/wp-json\/wp\/v2\/users\/33"}],"replies":[{"embeddable":true,"href":"https:\/\/dev-web.electrosuisse.ch\/de\/wp-json\/wp\/v2\/comments?post=2832"}],"version-history":[{"count":1,"href":"https:\/\/dev-web.electrosuisse.ch\/de\/wp-json\/wp\/v2\/pages\/2832\/revisions"}],"predecessor-version":[{"id":32976,"href":"https:\/\/dev-web.electrosuisse.ch\/de\/wp-json\/wp\/v2\/pages\/2832\/revisions\/32976"}],"wp:attachment":[{"href":"https:\/\/dev-web.electrosuisse.ch\/de\/wp-json\/wp\/v2\/media?parent=2832"}],"curies":[{"name":"wp","href":"https:\/\/api.w.org\/{rel}","templated":true}]}}