{"id":28,"date":"2018-06-24T11:07:30","date_gmt":"2018-06-24T09:07:30","guid":{"rendered":"https:\/\/dev-web.electrosuisse.ch\/?page_id=28"},"modified":"2024-10-30T12:21:52","modified_gmt":"2024-10-30T11:21:52","slug":"engineering","status":"publish","type":"page","link":"https:\/\/dev-web.electrosuisse.ch\/de\/engineering\/","title":{"rendered":"Engineering"},"content":{"rendered":"<div class=\"wpb-content-wrapper\"><p>[vc_row][vc_column][vc_column_text css=&#8221;&#8221; el_class=&#8221;lead&#8221;]In unserer Engineering-Abteilung b\u00fcndeln wir Know-How aus verschiedenen Fachgebieten, um Engineering-Projekte im Bereich Energie- und Elektrotechnik schweizweit erfolgreich umzusetzen. Unsere Ingenieurinnen und Ingenieure arbeiten interdisziplin\u00e4r und zielorientiert an L\u00f6sungen f\u00fcr Ihre Herausforderungen.<\/p>\n<p>Unsere Dienstleistungen verbinden alle Aspekte des Energiesystems. F\u00fcr Ihre Bed\u00fcrfnisse kombinieren, variieren und erweitern wir unser Angebot gerne individuell auf der Basis unserer bestehenden Leistungen:<\/p>\n<ul>\n<li><a href=\"https:\/\/dev-web.electrosuisse.ch\/de\/engineering\/dekarbonisierung\/\" target=\"_blank\" rel=\"noopener\"><u>Dekarbonisierung<\/u><\/a><\/li>\n<li><a href=\"https:\/\/dev-web.electrosuisse.ch\/de\/engineering\/energieaudit\/\" target=\"_blank\" rel=\"noopener\"><u>Energieaudit<\/u><\/a><\/li>\n<li><a href=\"https:\/\/dev-web.electrosuisse.ch\/de\/engineering\/energienutzungskonzept\/\" target=\"_blank\" rel=\"noopener\"><u>Energienutzungskonzept<\/u><\/a><\/li>\n<li><a href=\"https:\/\/dev-web.electrosuisse.ch\/de\/engineering\/energieoptimierung\/\" target=\"_blank\" rel=\"noopener\"><u>Energieoptimierung<\/u><\/a><\/li>\n<li><a href=\"https:\/\/dev-web.electrosuisse.ch\/de\/engineering\/energiespeicherung\/\" target=\"_blank\" rel=\"noopener\"><u>Energiespeicherung<\/u><\/a><\/li>\n<li><a href=\"https:\/\/dev-web.electrosuisse.ch\/de\/engineering\/energieversorgungssicherheit\/\" target=\"_blank\" rel=\"noopener\"><u>Energieversorgungssicherheit<\/u><\/a><\/li>\n<li><a href=\"https:\/\/dev-web.electrosuisse.ch\/de\/engineering\/evu-support\/\" target=\"_blank\" rel=\"noopener\"><u>EVU-Support<\/u><\/a><\/li>\n<li><a href=\"https:\/\/dev-web.electrosuisse.ch\/de\/engineering\/nichtionisierende-strahlung\/\" target=\"_blank\" rel=\"noopener\"><u>Nichtionisierende Strahlung<\/u><\/a><\/li>\n<li><a href=\"https:\/\/dev-web.electrosuisse.ch\/de\/engineering\/power-quality\/\" target=\"_blank\" rel=\"noopener\"><u>Power Quality<\/u><\/a><\/li>\n<li><a href=\"https:\/\/dev-web.electrosuisse.ch\/de\/engineering\/strom-und-energieeffizienz\/\" target=\"_blank\" rel=\"noopener\"><u>Strom- und Energieeffizienz<\/u><\/a><\/li>\n<li><a href=\"https:\/\/dev-web.electrosuisse.ch\/de\/engineering\/stromnetzanalyse\/\" target=\"_blank\" rel=\"noopener\"><u>Stromnetzanalyse<\/u><\/a><\/li>\n<li><a href=\"https:\/\/dev-web.electrosuisse.ch\/de\/engineering\/zielvereinbarung-fuer-energiegrossverbraucher\/\" target=\"_blank\" rel=\"noopener\"><u>Zielvereinbarung<\/u><\/a><\/li>\n<\/ul>\n<p>[\/vc_column_text][\/vc_column][\/vc_row][vc_row el_id=&#8221;kontakt&#8221;][vc_column][vc_column_text]F\u00fcr weitere Informationen freuen wir uns \u00fcber Ihre Kontaktaufnahme![\/vc_column_text][vc_column_text]<\/p>\n<h2>Kontakt<\/h2>\n<p>[\/vc_column_text]<div class=\"wpb_contact_column wpb_content_element wpb_contact_column--container\"><div class=\"wpb_wrapper\"><div class=\"contact_container_outer\"><div class=\"contact_container\"><div class=\"contact row middle-xs\"><div class=\"contact__img col-sm-5 col-xs-12\"><img decoding=\"async\" src=\"https:\/\/dev-web.electrosuisse.ch\/wp-content\/uploads\/2023\/06\/Alain-Schwab_300x300.jpg\" alt=\"Alain Schwab - Leiter Engineering\" \/><\/div><div class=\"contact__info col-sm-7 col-xs-12\"><p><b>Alain Schwab<\/b><br>Leiter Engineering<\/p><div class=\"phone has-link\"><a href=\"tel:+41585951560\">+41 58 595 15 60<\/a><\/div><div class=\"mail has-link\"><a href=\"mailto:&#x61;&#x6c;&#97;i&#x6e;&#x2e;&#115;&#99;h&#x77;&#x61;&#98;&#64;e&#x6c;&#x65;&#99;tr&#x6f;&#x73;&#117;i&#x73;&#x73;&#101;&#46;c&#x68;\">a&#108;&#x61;&#x69;n&#46;&#115;&#x63;&#x68;w&#97;&#98;&#x40;&#x65;l&#101;&#x63;&#x74;&#x72;o&#115;&#x75;&#x69;s&#115;&#101;&#x2e;&#x63;h<\/a><\/div><\/div><\/div><\/div><\/div><div class=\"contact_container_outer\"><div class=\"contact_container\"><div class=\"contact row middle-xs\"><div class=\"contact__img col-sm-5 col-xs-12\"><img decoding=\"async\" src=\"https:\/\/dev-web.electrosuisse.ch\/wp-content\/uploads\/2024\/08\/StefanBaer_302x302.png\" alt=\"Stefan B\u00e4r - Beratung und Engineering\" \/><\/div><div class=\"contact__info col-sm-7 col-xs-12\"><p><b>Stefan B\u00e4r<\/b><br>Beratung und Engineering<\/p><div class=\"phone has-link\"><a href=\"tel:+41585951571\">+41 58 595 15 71<\/a><\/div><div class=\"mail has-link\"><a href=\"mailto:&#115;&#x74;&#x65;f&#97;&#x6e;&#46;&#98;&#x61;e&#114;&#x40;e&#108;&#x65;&#x63;&#116;&#x72;&#x6f;s&#117;&#x69;s&#115;&#x65;&#46;&#99;&#x68;\">&#115;&#x74;&#101;&#x66;&#97;&#x6e;&#46;&#x62;a&#x65;r&#64;&#x65;&#108;&#x65;&#99;&#x74;&#114;&#x6f;s&#x75;i&#x73;s&#101;&#x2e;&#99;&#x68;<\/a><\/div><\/div><\/div><\/div><\/div><div class=\"contact_container_outer\"><div class=\"contact_container\"><div class=\"contact row middle-xs\"><div class=\"contact__img col-sm-5 col-xs-12\"><img decoding=\"async\" src=\"\/wp-content\/themes\/SCHMUCKI_child\/img\/contact_placeholder.jpg\" alt=\"Beratung, Inspektion und Engineering\" \/><\/div><div class=\"contact__info col-sm-7 col-xs-12\"><p><b>Beratung, Inspektion und Engineering<\/b><br>Innendienst<\/p><div class=\"phone has-link\"><a href=\"tel:+41585951199\">+41 58 595 11 99<\/a><\/div><div class=\"mail has-link\"><a href=\"mailto:&#98;&#x65;&#114;&#x61;&#116;&#x75;n&#x67;&#64;&#x65;l&#101;&#x63;&#116;&#x72;&#111;&#x73;&#117;&#x69;s&#x73;e&#x2e;c&#104; \">&#x62;&#x65;&#x72;&#x61;&#x74;&#x75;&#110;&#103;&#64;&#101;lect&#x72;&#x6f;&#x73;&#x75;&#x69;&#x73;&#115;&#101;&#46;&#99;&#104; <\/a><\/div><\/div><\/div><\/div><\/div><\/div><\/div>[\/vc_column][\/vc_row][vc_row disable_element=&#8221;yes&#8221;][vc_column][vc_column_text]<\/p>\n<h3>Neutrale und aussagekr\u00e4ftige Expertisen<\/h3>\n<p>Dank den vielf\u00e4ltigen Erfahrungen unserer Inspektoren und Beratungsingenieure ist es uns m\u00f6glich, zur elektrischen Sicherheit sowie zu energietechnischen Themen wie Strom, Prozessenergie, W\u00e4rme und K\u00e4lte, neutrale Gutachten, Expertisen, Berichte oder Stellungsnahmen zu verfassen.[\/vc_column_text][vc_column_text]Wir erstellen spezifische Gutachten, Expertisen, Berichte oder Stellungnahmen:<\/p>\n<ul>\n<li>Bed\u00fcrfnisgerecht und entsprechend Ihren Fragestellungen<\/li>\n<li>Nach Normenkonformit\u00e4t<\/li>\n<li>F\u00fcr die Maximierung der Anlagensicherheit und \u2013verl\u00e4sslichkeit<\/li>\n<li>Bei Tests und Werksabnahmen<\/li>\n<li>sowie Abnahmen gegen\u00fcber Dritten<\/li>\n<\/ul>\n<p>Sie w\u00fcnschen ein Fachgespr\u00e4ch?[\/vc_column_text]<div class=\"wpb_button_column wpb_content_element wpb_content_element--left\"><div class=\"wpb_wrapper\"><div class=\"button button--ghost\"><a href=\"&#x6d;&#97;i&#x6c;&#116;o&#x3a;&#98;e&#x72;&#97;t&#x75;&#110;g&#x40;&#x65;l&#x65;&#x63;&#116;&#x72;&#x6f;&#115;&#x75;&#x69;&#115;s&#x65;&#46;c&#x68;\">Kontaktieren<\/a><\/div><\/div><\/div>[\/vc_column][\/vc_row]<\/p>\n<\/div>","protected":false},"excerpt":{"rendered":"<p>[vc_row][vc_column][vc_column_text css=&#8221;&#8221; el_class=&#8221;lead&#8221;]In unserer Engineering-Abteilung b\u00fcndeln wir Know-How aus verschiedenen Fachgebieten, um Engineering-Projekte im Bereich Energie- und Elektrotechnik schweizweit erfolgreich umzusetzen. Unsere Ingenieurinnen und Ingenieure arbeiten interdisziplin\u00e4r und zielorientiert an L\u00f6sungen f\u00fcr Ihre Herausforderungen. Unsere Dienstleistungen verbinden alle Aspekte des Energiesystems. F\u00fcr Ihre Bed\u00fcrfnisse kombinieren, variieren und erweitern wir unser Angebot gerne individuell auf der [&hellip;]<\/p>\n","protected":false},"author":33,"featured_media":0,"parent":0,"menu_order":198,"comment_status":"closed","ping_status":"closed","template":"","meta":{"_acf_changed":false,"footnotes":""},"class_list":["post-28","page","type-page","status-publish","hentry"],"acf":[],"yoast_head":"<!-- This site is optimized with the Yoast SEO Premium plugin v25.1 (Yoast SEO v25.1) - https:\/\/yoast.com\/wordpress\/plugins\/seo\/ -->\n<title>Engineering - Electrosuisse<\/title>\n<meta name=\"description\" content=\"Unser Engineering-Team l\u00f6st auch knifflige Fragestellungen mittels Berechnungen, Analysen und Expertisen. Wir sorgen f\u00fcr sichere Energie.\" \/>\n<meta name=\"robots\" content=\"noindex, follow, max-snippet:-1, max-image-preview:large, max-video-preview:-1\" \/>\n<meta property=\"og:locale\" content=\"de_DE\" \/>\n<meta property=\"og:type\" content=\"article\" \/>\n<meta property=\"og:title\" content=\"Engineering - Electrosuisse\" \/>\n<meta property=\"og:description\" content=\"Unser Engineering-Team l\u00f6st auch knifflige Fragestellungen mittels Berechnungen, Analysen und Expertisen. Wir sorgen f\u00fcr sichere Energie.\" \/>\n<meta property=\"og:url\" content=\"https:\/\/dev-web.electrosuisse.ch\/de\/engineering\/\" \/>\n<meta property=\"og:site_name\" content=\"Electrosuisse\" \/>\n<meta property=\"article:modified_time\" content=\"2024-10-30T11:21:52+00:00\" \/>\n<meta property=\"og:image\" content=\"https:\/\/dev-web.electrosuisse.ch\/wp-content\/uploads\/2018\/12\/bie_electrosuisse.jpg\" \/>\n\t<meta property=\"og:image:width\" content=\"1578\" \/>\n\t<meta property=\"og:image:height\" content=\"650\" \/>\n\t<meta property=\"og:image:type\" content=\"image\/jpeg\" \/>\n<script type=\"application\/ld+json\" class=\"yoast-schema-graph\">{\"@context\":\"https:\/\/schema.org\",\"@graph\":[{\"@type\":\"WebPage\",\"@id\":\"https:\/\/dev-web.electrosuisse.ch\/de\/engineering\/\",\"url\":\"https:\/\/dev-web.electrosuisse.ch\/de\/engineering\/\",\"name\":\"Engineering - Electrosuisse\",\"isPartOf\":{\"@id\":\"https:\/\/dev-web.electrosuisse.ch\/de\/#website\"},\"datePublished\":\"2018-06-24T09:07:30+00:00\",\"dateModified\":\"2024-10-30T11:21:52+00:00\",\"description\":\"Unser Engineering-Team l\u00f6st auch knifflige Fragestellungen mittels Berechnungen, Analysen und Expertisen. Wir sorgen f\u00fcr sichere Energie.\",\"inLanguage\":\"de\",\"potentialAction\":[{\"@type\":\"ReadAction\",\"target\":[\"https:\/\/dev-web.electrosuisse.ch\/de\/engineering\/\"]}]},{\"@type\":\"WebSite\",\"@id\":\"https:\/\/dev-web.electrosuisse.ch\/de\/#website\",\"url\":\"https:\/\/dev-web.electrosuisse.ch\/de\/\",\"name\":\"Electrosuisse\",\"description\":\"\",\"publisher\":{\"@id\":\"https:\/\/dev-web.electrosuisse.ch\/de\/#organization\"},\"potentialAction\":[{\"@type\":\"SearchAction\",\"target\":{\"@type\":\"EntryPoint\",\"urlTemplate\":\"https:\/\/dev-web.electrosuisse.ch\/de\/?s={search_term_string}\"},\"query-input\":{\"@type\":\"PropertyValueSpecification\",\"valueRequired\":true,\"valueName\":\"search_term_string\"}}],\"inLanguage\":\"de\"},{\"@type\":\"Organization\",\"@id\":\"https:\/\/dev-web.electrosuisse.ch\/de\/#organization\",\"name\":\"Electrosuisse\",\"url\":\"https:\/\/dev-web.electrosuisse.ch\/de\/\",\"logo\":{\"@type\":\"ImageObject\",\"inLanguage\":\"de\",\"@id\":\"https:\/\/dev-web.electrosuisse.ch\/de\/#\/schema\/logo\/image\/\",\"url\":\"https:\/\/dev-web.electrosuisse.ch\/wp-content\/uploads\/2025\/04\/Electrosuisse_Logo_696x696.png\",\"contentUrl\":\"https:\/\/dev-web.electrosuisse.ch\/wp-content\/uploads\/2025\/04\/Electrosuisse_Logo_696x696.png\",\"width\":696,\"height\":696,\"caption\":\"Electrosuisse\"},\"image\":{\"@id\":\"https:\/\/dev-web.electrosuisse.ch\/de\/#\/schema\/logo\/image\/\"},\"sameAs\":[\"https:\/\/www.linkedin.com\/company\/electrosuisse-ag\/posts\/?feedView=all\",\"https:\/\/www.instagram.com\/electrosuisse1889\/\",\"https:\/\/www.youtube.com\/channel\/UCoOxohMiVE0Gjcdis1L09zw\"],\"description\":\"Electrosuisse ist eine anerkannte und unabh\u00e4ngige Fachorganisation, die erstklassige Dienstleistungen und Produkte in den Bereichen Inspektion, Beratung, Pr\u00fcfung, Zertifizierung, Normung und Weiterbildung anbietet. Unsere Expertise umfasst Elektrotechnik, Elektromobilit\u00e4t, Energieberatung, Geb\u00e4udeautomation und Photovoltaik in der Schweiz. Durch die Veranstaltung etablierter Branchen-Events und Fachtagungen f\u00f6rdert Electrosuisse den Wissenstransfer und den fachlichen Austausch. Im Mittelpunkt unserer T\u00e4tigkeiten steht die F\u00f6rderung der sicheren, wirtschaftlichen und umweltgerechten Anwendung der Elektrotechnik.\"}]}<\/script>\n<!-- \/ Yoast SEO Premium plugin. -->","yoast_head_json":{"title":"Engineering - Electrosuisse","description":"Unser Engineering-Team l\u00f6st auch knifflige Fragestellungen mittels Berechnungen, Analysen und Expertisen. Wir sorgen f\u00fcr sichere Energie.","robots":{"index":"noindex","follow":"follow","max-snippet":"max-snippet:-1","max-image-preview":"max-image-preview:large","max-video-preview":"max-video-preview:-1"},"og_locale":"de_DE","og_type":"article","og_title":"Engineering - Electrosuisse","og_description":"Unser Engineering-Team l\u00f6st auch knifflige Fragestellungen mittels Berechnungen, Analysen und Expertisen. Wir sorgen f\u00fcr sichere Energie.","og_url":"https:\/\/dev-web.electrosuisse.ch\/de\/engineering\/","og_site_name":"Electrosuisse","article_modified_time":"2024-10-30T11:21:52+00:00","og_image":[{"width":1578,"height":650,"url":"https:\/\/dev-web.electrosuisse.ch\/wp-content\/uploads\/2018\/12\/bie_electrosuisse.jpg","type":"image\/jpeg"}],"schema":{"@context":"https:\/\/schema.org","@graph":[{"@type":"WebPage","@id":"https:\/\/dev-web.electrosuisse.ch\/de\/engineering\/","url":"https:\/\/dev-web.electrosuisse.ch\/de\/engineering\/","name":"Engineering - Electrosuisse","isPartOf":{"@id":"https:\/\/dev-web.electrosuisse.ch\/de\/#website"},"datePublished":"2018-06-24T09:07:30+00:00","dateModified":"2024-10-30T11:21:52+00:00","description":"Unser Engineering-Team l\u00f6st auch knifflige Fragestellungen mittels Berechnungen, Analysen und Expertisen. Wir sorgen f\u00fcr sichere Energie.","inLanguage":"de","potentialAction":[{"@type":"ReadAction","target":["https:\/\/dev-web.electrosuisse.ch\/de\/engineering\/"]}]},{"@type":"WebSite","@id":"https:\/\/dev-web.electrosuisse.ch\/de\/#website","url":"https:\/\/dev-web.electrosuisse.ch\/de\/","name":"Electrosuisse","description":"","publisher":{"@id":"https:\/\/dev-web.electrosuisse.ch\/de\/#organization"},"potentialAction":[{"@type":"SearchAction","target":{"@type":"EntryPoint","urlTemplate":"https:\/\/dev-web.electrosuisse.ch\/de\/?s={search_term_string}"},"query-input":{"@type":"PropertyValueSpecification","valueRequired":true,"valueName":"search_term_string"}}],"inLanguage":"de"},{"@type":"Organization","@id":"https:\/\/dev-web.electrosuisse.ch\/de\/#organization","name":"Electrosuisse","url":"https:\/\/dev-web.electrosuisse.ch\/de\/","logo":{"@type":"ImageObject","inLanguage":"de","@id":"https:\/\/dev-web.electrosuisse.ch\/de\/#\/schema\/logo\/image\/","url":"https:\/\/dev-web.electrosuisse.ch\/wp-content\/uploads\/2025\/04\/Electrosuisse_Logo_696x696.png","contentUrl":"https:\/\/dev-web.electrosuisse.ch\/wp-content\/uploads\/2025\/04\/Electrosuisse_Logo_696x696.png","width":696,"height":696,"caption":"Electrosuisse"},"image":{"@id":"https:\/\/dev-web.electrosuisse.ch\/de\/#\/schema\/logo\/image\/"},"sameAs":["https:\/\/www.linkedin.com\/company\/electrosuisse-ag\/posts\/?feedView=all","https:\/\/www.instagram.com\/electrosuisse1889\/","https:\/\/www.youtube.com\/channel\/UCoOxohMiVE0Gjcdis1L09zw"],"description":"Electrosuisse ist eine anerkannte und unabh\u00e4ngige Fachorganisation, die erstklassige Dienstleistungen und Produkte in den Bereichen Inspektion, Beratung, Pr\u00fcfung, Zertifizierung, Normung und Weiterbildung anbietet. Unsere Expertise umfasst Elektrotechnik, Elektromobilit\u00e4t, Energieberatung, Geb\u00e4udeautomation und Photovoltaik in der Schweiz. Durch die Veranstaltung etablierter Branchen-Events und Fachtagungen f\u00f6rdert Electrosuisse den Wissenstransfer und den fachlichen Austausch. Im Mittelpunkt unserer T\u00e4tigkeiten steht die F\u00f6rderung der sicheren, wirtschaftlichen und umweltgerechten Anwendung der Elektrotechnik."}]}},"_links":{"self":[{"href":"https:\/\/dev-web.electrosuisse.ch\/de\/wp-json\/wp\/v2\/pages\/28","targetHints":{"allow":["GET"]}}],"collection":[{"href":"https:\/\/dev-web.electrosuisse.ch\/de\/wp-json\/wp\/v2\/pages"}],"about":[{"href":"https:\/\/dev-web.electrosuisse.ch\/de\/wp-json\/wp\/v2\/types\/page"}],"author":[{"embeddable":true,"href":"https:\/\/dev-web.electrosuisse.ch\/de\/wp-json\/wp\/v2\/users\/33"}],"replies":[{"embeddable":true,"href":"https:\/\/dev-web.electrosuisse.ch\/de\/wp-json\/wp\/v2\/comments?post=28"}],"version-history":[{"count":17,"href":"https:\/\/dev-web.electrosuisse.ch\/de\/wp-json\/wp\/v2\/pages\/28\/revisions"}],"predecessor-version":[{"id":36772,"href":"https:\/\/dev-web.electrosuisse.ch\/de\/wp-json\/wp\/v2\/pages\/28\/revisions\/36772"}],"wp:attachment":[{"href":"https:\/\/dev-web.electrosuisse.ch\/de\/wp-json\/wp\/v2\/media?parent=28"}],"curies":[{"name":"wp","href":"https:\/\/api.w.org\/{rel}","templated":true}]}}