{"id":23610,"date":"2022-08-18T16:26:08","date_gmt":"2022-08-18T14:26:08","guid":{"rendered":"https:\/\/dev-web.electrosuisse.ch\/?page_id=23610"},"modified":"2024-01-26T09:51:12","modified_gmt":"2024-01-26T08:51:12","slug":"generalversammlung-rueckblick-2022","status":"publish","type":"page","link":"https:\/\/dev-web.electrosuisse.ch\/de\/veranstaltungen\/generalversammlung\/generalversammlung-rueckblick-2022\/","title":{"rendered":"Generalversammlung R\u00fcckblick 2022"},"content":{"rendered":"<div class=\"wpb-content-wrapper\"><p>[vc_row][vc_column][vc_column_text]<\/p>\n<h1>Generalversammlung vom 12. Mai 2022<\/h1>\n<p>[\/vc_column_text][vc_column_text]Zur 138. (ordentlichen) Generalversammlung von Electrosuisse trafen sich die Mitglieder im Congress Centre Kursaal in Interlaken<\/p>\n<h3>Erfreuliches Gesch\u00e4ftsjahr f\u00fcr Electrosuisse<\/h3>\n<p>Der Pr\u00e4sident, Reto Nauli und der Gesch\u00e4ftsf\u00fchrer, Markus Burger berichteten, dass das vergangene Gesch\u00e4ftsjahr in Anbetracht der Situation erfreulich war. Die Fachorganisation ist gut unterwegs.[\/vc_column_text]<div class=\"wpb_image_column wpb_content_element\"><div class=\"wpb_wrapper\"><div class=\"picture_container\"><picture><source media=\"(min-width: 769px)\" srcset=\"https:\/\/dev-web.electrosuisse.ch\/wp-content\/uploads\/2022\/08\/Geschaeftsjahr-MBU-Nauli.jpg\"><source media=\"(min-width: 415px)\" srcset=\"https:\/\/dev-web.electrosuisse.ch\/wp-content\/uploads\/2022\/08\/Geschaeftsjahr-MBU-Nauli-768x433.jpg\"><source media=\"(max-width: 414px)\" srcset=\"https:\/\/dev-web.electrosuisse.ch\/wp-content\/uploads\/2022\/08\/Geschaeftsjahr-MBU-Nauli-414x233.jpg 1x, https:\/\/dev-web.electrosuisse.ch\/wp-content\/uploads\/2022\/08\/Geschaeftsjahr-MBU-Nauli-768x433.jpg 2x\"><img decoding=\"async\" src=\"https:\/\/dev-web.electrosuisse.ch\/wp-content\/uploads\/2022\/08\/Geschaeftsjahr-MBU-Nauli.jpg\" alt=\"Ein positives Gesch\u00e4ftsjahr\" \/><\/picture><\/div><\/div><\/div>[vc_column_text]<\/p>\n<h3>Zum statutarischen Teil<\/h3>\n<p>Die Generalversammlung genehmigte die traktandierten Gesch\u00e4fte.<\/p>\n<h4>R\u00fccktritte und Wahlen im Vorstand Electrosuisse<\/h4>\n<p>Der abtretende Pr\u00e4sident Reto Nauli, hat nach neun Jahren im Vorstand seine Demission mitgeteilt.<\/p>\n<p>Dr. Dieter Reichelt wurde als Pr\u00e4sident gew\u00e4hlt. Er ist Vorsitzender der Gesch\u00e4ftsleitung\/Leiter Division Distribution der Axpo Grid AG.<\/p>\n<p>Neben den statutarisch vorgeschriebenen Best\u00e4tigungswahlen wurde J\u00fcrg Herzog, Country Head Smart Infrastructure bei Siemens Schweiz AG neu in den Vorstand gew\u00e4hlt.[\/vc_column_text][vc_column_text]<\/p>\n<table>\n<tbody>\n<tr>\n<td><img decoding=\"async\" class=\"alignnone size-full wp-image-22027\" src=\"https:\/\/dev-web.electrosuisse.ch\/wp-content\/uploads\/2022\/04\/Reichelt_250x250.png\" alt=\"\" width=\"250\" height=\"250\" \/><\/td>\n<td><img decoding=\"async\" class=\"alignnone size-full wp-image-22036\" src=\"https:\/\/dev-web.electrosuisse.ch\/wp-content\/uploads\/2022\/04\/Herzog_250x250.png\" alt=\"\" width=\"250\" height=\"250\" \/><\/td>\n<\/tr>\n<tr align=\"center\">\n<td>Dr. Dieter Reichelt<\/p>\n<p>neu Pr\u00e4sident<\/td>\n<td>J\u00fcrg Herzog<\/p>\n<p>neu im Vorstand<\/td>\n<\/tr>\n<\/tbody>\n<\/table>\n<p>[\/vc_column_text][vc_column_text]<\/p>\n<h4>Ehrungen<\/h4>\n<p>Die Generalversammlung hat den scheidenden Pr\u00e4sidenten Reto Nauli zum Ehrenmitglied von Electrosuisse ernannt. Dies in Anerkennung f\u00fcr sein engagiertes und erfolgreichen Wirkens als: langj\u00e4hriges Mitglied von Electrosuisse, Mitglied des Vorstandes Electrosuisse von 2013 bis 2022, ab 2016 als Vizepr\u00e4sident und ab 2019 als Pr\u00e4sident, Mitglied im Vorstand der Energietechnischen Gesellschaft von Electrosuisse (ETG) von 2004 bis 2013, ab 2010 als Pr\u00e4sident, Mitglied im Schweizerischen Nationalkomitee CIGRE\/CIRED und Gr\u00fcndungsmitglied der Powertage \u2013 Plattform f\u00fcr die Schweizer Energiewirtschaft.[\/vc_column_text]<div class=\"wpb_image_column wpb_content_element\"><div class=\"wpb_wrapper\"><div class=\"picture_container\"><picture><source media=\"(min-width: 769px)\" srcset=\"https:\/\/dev-web.electrosuisse.ch\/wp-content\/uploads\/2022\/08\/Ehrungen_Nauli.jpg\"><source media=\"(min-width: 415px)\" srcset=\"https:\/\/dev-web.electrosuisse.ch\/wp-content\/uploads\/2022\/08\/Ehrungen_Nauli-768x433.jpg\"><source media=\"(max-width: 414px)\" srcset=\"https:\/\/dev-web.electrosuisse.ch\/wp-content\/uploads\/2022\/08\/Ehrungen_Nauli-414x233.jpg 1x, https:\/\/dev-web.electrosuisse.ch\/wp-content\/uploads\/2022\/08\/Ehrungen_Nauli-768x433.jpg 2x\"><img decoding=\"async\" src=\"https:\/\/dev-web.electrosuisse.ch\/wp-content\/uploads\/2022\/08\/Ehrungen_Nauli.jpg\" alt=\"Ehrung von Pr\u00e4sident Reto Nauli\" \/><\/picture><\/div><\/div><\/div>[vc_column_text]<\/p>\n<h4>N\u00e4chste Generalversammlung<\/h4>\n<p>Diese findet am <strong>11. Mai 2023 in Baden<\/strong> statt.[\/vc_column_text][vc_column_text]<\/p>\n<h4>Referat<\/h4>\n<p>Im anschliessenden Referat ging Dr. Jo\u00ebl Luc Cachelin auf Fragen im Zusammenhang mit der Innovationskraft ein. Er fragte: Wie innovativ sind wir eigentlich? Wie k\u00f6nnen wir Innovation neu denken? Und was k\u00f6nnte nachhaltige Innovation sein? Er ging auf verschiedene Aspekte der Zukunft ein und wies auf demografische und \u00f6konomische Entwicklungen hin. Er pl\u00e4dierte f\u00fcr eine Kreislaufwirtschaft und daf\u00fcr, dass man die Nachhaltigkeit als n\u00e4chsten Megatrend erkennt.[\/vc_column_text]<div class=\"wpb_image_column wpb_content_element\"><div class=\"wpb_wrapper\"><div class=\"picture_container\"><picture><source media=\"(min-width: 769px)\" srcset=\"https:\/\/dev-web.electrosuisse.ch\/wp-content\/uploads\/2022\/08\/Referat-Cachelin.jpg\"><source media=\"(min-width: 415px)\" srcset=\"https:\/\/dev-web.electrosuisse.ch\/wp-content\/uploads\/2022\/08\/Referat-Cachelin-768x433.jpg\"><source media=\"(max-width: 414px)\" srcset=\"https:\/\/dev-web.electrosuisse.ch\/wp-content\/uploads\/2022\/08\/Referat-Cachelin-414x233.jpg 1x, https:\/\/dev-web.electrosuisse.ch\/wp-content\/uploads\/2022\/08\/Referat-Cachelin-768x433.jpg 2x\"><img decoding=\"async\" src=\"https:\/\/dev-web.electrosuisse.ch\/wp-content\/uploads\/2022\/08\/Referat-Cachelin.jpg\" alt=\"Referent Dr. Jo\u00ebl Luc Cachelin\" \/><\/picture><\/div><\/div><\/div><div class=\"wpb_links_column wpb_content_element\"><div class=\"wpb_wrapper\"><div class=\"link\"><a href=\"http:\/\/report.electrosuisse.ch\/\" target=\"_blank\" >Bericht \u00fcber das Gesch\u00e4ftsjahr 2021<\/a><\/div><\/div><\/div>[vc_column_text]Der Bericht zur Generalversammlung sowie das Protokoll wird im Bulletin SEV\/VSE im Heft Nr. 6 publiziert.[\/vc_column_text][\/vc_column][\/vc_row][vc_row][vc_column][vc_column_text]<\/p>\n<h3>Impressionen<\/h3>\n<p>[\/vc_column_text]<div class=\"wpb_text_image_column wpb_text_image_column--slider wpb_content_element slider-video-overlay-2\"><div class=\"wpb_wrapper\"><div class=\"row middle-sm top-xs\"><div class=\"col-sm-6 col-xs-12\"><div class=\"owl-carousel owl-theme owl-carousel--half\"><div class=\"slider-single slider-single--image item\"><img decoding=\"async\" src=\"https:\/\/dev-web.electrosuisse.ch\/wp-content\/uploads\/2022\/08\/electrosuisse-gv-2022-15.jpg\" class=\"owl-lazy\" alt=\"Empfang 01\" \/><\/div><div class=\"slider-single slider-single--image item\"><img decoding=\"async\" src=\"https:\/\/dev-web.electrosuisse.ch\/wp-content\/uploads\/2022\/08\/electrosuisse-gv-2022-20.jpg\" class=\"owl-lazy\" alt=\"Empfang 02\" \/><\/div><div class=\"slider-single slider-single--image item\"><img decoding=\"async\" src=\"https:\/\/dev-web.electrosuisse.ch\/wp-content\/uploads\/2022\/08\/electrosuisse-gv-2022-42.jpg\" class=\"owl-lazy\" alt=\"Empfang 03\" \/><\/div><div class=\"slider-single slider-single--image item\"><img decoding=\"async\" src=\"https:\/\/dev-web.electrosuisse.ch\/wp-content\/uploads\/2022\/08\/electrosuisse-gv-2022-52.jpg\" class=\"owl-lazy\" alt=\"Empfang 04\" \/><\/div><\/div><\/div><div class=\"col-sm-6 col-xs-12\"><h4>Empfang<\/h4><p>Die Zeit vor der GV n\u00fctzten viele Mitglieder f\u00fcr ein erstes \u00abNetworking\u00bb.<\/p><\/div><\/div><\/div><\/div><div class=\"wpb_text_image_column wpb_text_image_column--slider wpb_content_element slider-video-overlay-2\"><div class=\"wpb_wrapper\"><div class=\"row middle-sm top-xs\"><div class=\"col-sm-6 col-xs-12\"><div class=\"owl-carousel owl-theme owl-carousel--half\"><div class=\"slider-single slider-single--image item\"><img decoding=\"async\" src=\"https:\/\/dev-web.electrosuisse.ch\/wp-content\/uploads\/2022\/08\/electrosuisse-GV-2022-75.jpg\" class=\"owl-lazy\" alt=\"GV 01\" \/><\/div><div class=\"slider-single slider-single--image item\"><img decoding=\"async\" src=\"https:\/\/dev-web.electrosuisse.ch\/wp-content\/uploads\/2022\/08\/electrosuisse-gv-2022-84.jpg\" class=\"owl-lazy\" alt=\"GV 02\" \/><\/div><div class=\"slider-single slider-single--image item\"><img decoding=\"async\" src=\"https:\/\/dev-web.electrosuisse.ch\/wp-content\/uploads\/2022\/08\/electrosuisse-gv-2022-85.jpg\" class=\"owl-lazy\" alt=\"GV 03\" \/><\/div><div class=\"slider-single slider-single--image item\"><img decoding=\"async\" src=\"https:\/\/dev-web.electrosuisse.ch\/wp-content\/uploads\/2022\/08\/electrosuisse-gv-2022-111.jpg\" class=\"owl-lazy\" alt=\"GV 04\" \/><\/div><div class=\"slider-single slider-single--image item\"><img decoding=\"async\" src=\"https:\/\/dev-web.electrosuisse.ch\/wp-content\/uploads\/2022\/08\/electrosuisse-gv-2022-124.jpg\" class=\"owl-lazy\" alt=\"GV 05\" \/><\/div><div class=\"slider-single slider-single--image item\"><img decoding=\"async\" src=\"https:\/\/dev-web.electrosuisse.ch\/wp-content\/uploads\/2022\/08\/electrosuisse-gv-2022-125.jpg\" class=\"owl-lazy\" alt=\"GV 06\" \/><\/div><div class=\"slider-single slider-single--image item\"><img decoding=\"async\" src=\"https:\/\/dev-web.electrosuisse.ch\/wp-content\/uploads\/2022\/08\/electrosuisse-gv-2022-135.jpg\" class=\"owl-lazy\" alt=\"Referat 01\" \/><\/div><\/div><\/div><div class=\"col-sm-6 col-xs-12\"><h4>GV<\/h4><p>Eindr\u00fccke zur Generalversammlung von Electrosuisse.<\/p><\/div><\/div><\/div><\/div><div class=\"wpb_text_image_column wpb_text_image_column--slider wpb_content_element slider-video-overlay-2\"><div class=\"wpb_wrapper\"><div class=\"row middle-sm top-xs\"><div class=\"col-sm-6 col-xs-12\"><div class=\"owl-carousel owl-theme owl-carousel--half\"><div class=\"slider-single slider-single--image item\"><img decoding=\"async\" src=\"https:\/\/dev-web.electrosuisse.ch\/wp-content\/uploads\/2022\/08\/electrosuisse-gv-2022-169.jpg\" class=\"owl-lazy\" alt=\"Abschluss 01\" \/><\/div><div class=\"slider-single slider-single--image item\"><img decoding=\"async\" src=\"https:\/\/dev-web.electrosuisse.ch\/wp-content\/uploads\/2022\/08\/electrosuisse-gv-2022-172.jpg\" class=\"owl-lazy\" alt=\"Abschluss 02\" \/><\/div><div class=\"slider-single slider-single--image item\"><img decoding=\"async\" src=\"https:\/\/dev-web.electrosuisse.ch\/wp-content\/uploads\/2022\/08\/electrosuisse-gv-2022-181.jpg\" class=\"owl-lazy\" alt=\"Abschluss 03\" \/><\/div><div class=\"slider-single slider-single--image item\"><img decoding=\"async\" src=\"https:\/\/dev-web.electrosuisse.ch\/wp-content\/uploads\/2022\/08\/electrosuisse-gv-2022-195.jpg\" class=\"owl-lazy\" alt=\"Abschluss 04\" \/><\/div><div class=\"slider-single slider-single--image item\"><img decoding=\"async\" src=\"https:\/\/dev-web.electrosuisse.ch\/wp-content\/uploads\/2022\/08\/electrosuisse-gv-2022-196.jpg\" class=\"owl-lazy\" alt=\"Abschluss 05\" \/><\/div><\/div><\/div><div class=\"col-sm-6 col-xs-12\"><h4>Ausklang<\/h4><p>Bei einem ausgedehnten Stehlunch war ein weiterer Austausch unter den Mitgliedern m\u00f6glich.<\/p><\/div><\/div><\/div><\/div>[\/vc_column][\/vc_row][vc_row][vc_column]<div class=\"wpb_contact_column wpb_content_element wpb_contact_column--container\"><div class=\"wpb_wrapper\"><div class=\"contact_container_outer\"><div class=\"contact_container\"><div class=\"contact row middle-xs\"><div class=\"contact__img col-sm-5 col-xs-12\"><img decoding=\"async\" src=\"https:\/\/dev-web.electrosuisse.ch\/wp-content\/uploads\/2018\/12\/Electrosuisse_Christine_Andres.jpg\" alt=\"Christine Andres - Projektverantwortung\" \/><\/div><div class=\"contact__info col-sm-7 col-xs-12\"><p><b>Christine Andres<\/b><br>Projektverantwortung<\/p><div class=\"phone has-link\"><a href=\"tel:+41585951213\">+41 58 595 12 13<\/a><\/div><div class=\"mail has-link\"><a href=\"mailto:&#x63;h&#x72;&#105;&#x73;&#116;i&#x6e;e&#x2e;&#97;&#x6e;&#100;r&#x65;&#115;&#x40;&#101;l&#x65;c&#x74;&#114;&#x6f;&#115;u&#x69;s&#x73;&#101;&#x2e;&#x63;h\">christine.andres@<br>electrosuisse.ch<\/a><\/div><\/div><\/div><\/div><\/div><div class=\"contact_container_outer\"><div class=\"contact_container\"><div class=\"contact row middle-xs\"><div class=\"contact__img col-sm-5 col-xs-12\"><img decoding=\"async\" src=\"\/wp-content\/themes\/SCHMUCKI_child\/img\/contact_placeholder.jpg\" alt=\"Mitgliederdienst\" \/><\/div><div class=\"contact__info col-sm-7 col-xs-12\"><p><b>Mitgliederdienst<\/b><br><\/p><div class=\"phone has-link\"><a href=\"tel:+41585951155\">+41 58 595 11 55<\/a><\/div><div class=\"mail has-link\"><a href=\"mailto:&#x76;&#x65;&#x72;&#x62;&#x61;&#x6e;&#x64;&#x40;&#x65;&#x6c;&#x65;&#x63;&#x74;&#x72;&#111;&#115;&#117;&#105;&#115;&#115;&#101;&#46;&#99;&#104;\">&#x76;&#101;&#114;b&#x61;&#x6e;&#100;&#64;&#x65;&#x6c;&#101;c&#x74;&#x72;&#111;s&#x75;&#x69;&#115;s&#x65;&#x2e;&#99;h<\/a><\/div><\/div><\/div><\/div><\/div><\/div><\/div>[\/vc_column][\/vc_row]<\/p>\n<\/div>","protected":false},"excerpt":{"rendered":"<p>[vc_row][vc_column][vc_column_text] Generalversammlung vom 12. Mai 2022 [\/vc_column_text][vc_column_text]Zur 138. (ordentlichen) Generalversammlung von Electrosuisse trafen sich die Mitglieder im Congress Centre Kursaal in Interlaken Erfreuliches Gesch\u00e4ftsjahr f\u00fcr Electrosuisse Der Pr\u00e4sident, Reto Nauli und der Gesch\u00e4ftsf\u00fchrer, Markus Burger berichteten, dass das vergangene Gesch\u00e4ftsjahr in Anbetracht der Situation erfreulich war. Die Fachorganisation ist gut unterwegs.[\/vc_column_text][vc_column_text] Zum statutarischen Teil Die [&hellip;]<\/p>\n","protected":false},"author":6,"featured_media":0,"parent":16847,"menu_order":272,"comment_status":"closed","ping_status":"closed","template":"","meta":{"_acf_changed":false,"footnotes":""},"class_list":["post-23610","page","type-page","status-publish","hentry"],"acf":[],"yoast_head":"<!-- This site is optimized with the Yoast SEO Premium plugin v25.1 (Yoast SEO v25.1) - https:\/\/yoast.com\/wordpress\/plugins\/seo\/ -->\n<title>Generalversammlung R\u00fcckblick 2022 - Electrosuisse<\/title>\n<meta name=\"description\" content=\"Zur 138. (ordentlichen) Generalversammlung von Electrosuisse trafen sich die Mitglieder im Congress Centre Kursaal in Interlaken.\" \/>\n<meta name=\"robots\" content=\"noindex, follow, max-snippet:-1, max-image-preview:large, max-video-preview:-1\" \/>\n<meta property=\"og:locale\" content=\"de_DE\" \/>\n<meta property=\"og:type\" content=\"article\" \/>\n<meta property=\"og:title\" content=\"Generalversammlung R\u00fcckblick 2022 - Electrosuisse\" \/>\n<meta property=\"og:description\" content=\"Zur 138. (ordentlichen) Generalversammlung von Electrosuisse trafen sich die Mitglieder im Congress Centre Kursaal in Interlaken.\" \/>\n<meta property=\"og:url\" content=\"https:\/\/dev-web.electrosuisse.ch\/de\/veranstaltungen\/generalversammlung\/generalversammlung-rueckblick-2022\/\" \/>\n<meta property=\"og:site_name\" content=\"Electrosuisse\" \/>\n<meta property=\"article:modified_time\" content=\"2024-01-26T08:51:12+00:00\" \/>\n<meta property=\"og:image\" content=\"https:\/\/dev-web.electrosuisse.ch\/wp-content\/uploads\/2022\/08\/KV-GV-2022_1660x470.jpg\" \/>\n<script type=\"application\/ld+json\" class=\"yoast-schema-graph\">{\"@context\":\"https:\/\/schema.org\",\"@graph\":[{\"@type\":\"WebPage\",\"@id\":\"https:\/\/dev-web.electrosuisse.ch\/de\/veranstaltungen\/generalversammlung\/generalversammlung-rueckblick-2022\/\",\"url\":\"https:\/\/dev-web.electrosuisse.ch\/de\/veranstaltungen\/generalversammlung\/generalversammlung-rueckblick-2022\/\",\"name\":\"Generalversammlung R\u00fcckblick 2022 - Electrosuisse\",\"isPartOf\":{\"@id\":\"https:\/\/dev-web.electrosuisse.ch\/de\/#website\"},\"primaryImageOfPage\":{\"@id\":\"https:\/\/dev-web.electrosuisse.ch\/de\/veranstaltungen\/generalversammlung\/generalversammlung-rueckblick-2022\/#primaryimage\"},\"image\":{\"@id\":\"https:\/\/dev-web.electrosuisse.ch\/de\/veranstaltungen\/generalversammlung\/generalversammlung-rueckblick-2022\/#primaryimage\"},\"thumbnailUrl\":\"https:\/\/dev-web.electrosuisse.ch\/wp-content\/uploads\/2022\/04\/Reichelt_250x250.png\",\"datePublished\":\"2022-08-18T14:26:08+00:00\",\"dateModified\":\"2024-01-26T08:51:12+00:00\",\"description\":\"Zur 138. (ordentlichen) Generalversammlung von Electrosuisse trafen sich die Mitglieder im Congress Centre Kursaal in Interlaken.\",\"breadcrumb\":{\"@id\":\"https:\/\/dev-web.electrosuisse.ch\/de\/veranstaltungen\/generalversammlung\/generalversammlung-rueckblick-2022\/#breadcrumb\"},\"inLanguage\":\"de\",\"potentialAction\":[{\"@type\":\"ReadAction\",\"target\":[\"https:\/\/dev-web.electrosuisse.ch\/de\/veranstaltungen\/generalversammlung\/generalversammlung-rueckblick-2022\/\"]}]},{\"@type\":\"ImageObject\",\"inLanguage\":\"de\",\"@id\":\"https:\/\/dev-web.electrosuisse.ch\/de\/veranstaltungen\/generalversammlung\/generalversammlung-rueckblick-2022\/#primaryimage\",\"url\":\"https:\/\/dev-web.electrosuisse.ch\/wp-content\/uploads\/2022\/04\/Reichelt_250x250.png\",\"contentUrl\":\"https:\/\/dev-web.electrosuisse.ch\/wp-content\/uploads\/2022\/04\/Reichelt_250x250.png\"},{\"@type\":\"BreadcrumbList\",\"@id\":\"https:\/\/dev-web.electrosuisse.ch\/de\/veranstaltungen\/generalversammlung\/generalversammlung-rueckblick-2022\/#breadcrumb\",\"itemListElement\":[{\"@type\":\"ListItem\",\"position\":1,\"name\":\"Veranstaltungen\",\"item\":\"https:\/\/dev-web.electrosuisse.ch\/de\/veranstaltungen\/\"},{\"@type\":\"ListItem\",\"position\":2,\"name\":\"Generalversammlung\",\"item\":\"https:\/\/dev-web.electrosuisse.ch\/de\/veranstaltungen\/generalversammlung\/\"},{\"@type\":\"ListItem\",\"position\":3,\"name\":\"Generalversammlung R\u00fcckblick 2022\"}]},{\"@type\":\"WebSite\",\"@id\":\"https:\/\/dev-web.electrosuisse.ch\/de\/#website\",\"url\":\"https:\/\/dev-web.electrosuisse.ch\/de\/\",\"name\":\"Electrosuisse\",\"description\":\"\",\"publisher\":{\"@id\":\"https:\/\/dev-web.electrosuisse.ch\/de\/#organization\"},\"potentialAction\":[{\"@type\":\"SearchAction\",\"target\":{\"@type\":\"EntryPoint\",\"urlTemplate\":\"https:\/\/dev-web.electrosuisse.ch\/de\/?s={search_term_string}\"},\"query-input\":{\"@type\":\"PropertyValueSpecification\",\"valueRequired\":true,\"valueName\":\"search_term_string\"}}],\"inLanguage\":\"de\"},{\"@type\":\"Organization\",\"@id\":\"https:\/\/dev-web.electrosuisse.ch\/de\/#organization\",\"name\":\"Electrosuisse\",\"url\":\"https:\/\/dev-web.electrosuisse.ch\/de\/\",\"logo\":{\"@type\":\"ImageObject\",\"inLanguage\":\"de\",\"@id\":\"https:\/\/dev-web.electrosuisse.ch\/de\/#\/schema\/logo\/image\/\",\"url\":\"https:\/\/dev-web.electrosuisse.ch\/wp-content\/uploads\/2025\/04\/Electrosuisse_Logo_696x696.png\",\"contentUrl\":\"https:\/\/dev-web.electrosuisse.ch\/wp-content\/uploads\/2025\/04\/Electrosuisse_Logo_696x696.png\",\"width\":696,\"height\":696,\"caption\":\"Electrosuisse\"},\"image\":{\"@id\":\"https:\/\/dev-web.electrosuisse.ch\/de\/#\/schema\/logo\/image\/\"},\"sameAs\":[\"https:\/\/www.linkedin.com\/company\/electrosuisse-ag\/posts\/?feedView=all\",\"https:\/\/www.instagram.com\/electrosuisse1889\/\",\"https:\/\/www.youtube.com\/channel\/UCoOxohMiVE0Gjcdis1L09zw\"],\"description\":\"Electrosuisse ist eine anerkannte und unabh\u00e4ngige Fachorganisation, die erstklassige Dienstleistungen und Produkte in den Bereichen Inspektion, Beratung, Pr\u00fcfung, Zertifizierung, Normung und Weiterbildung anbietet. Unsere Expertise umfasst Elektrotechnik, Elektromobilit\u00e4t, Energieberatung, Geb\u00e4udeautomation und Photovoltaik in der Schweiz. Durch die Veranstaltung etablierter Branchen-Events und Fachtagungen f\u00f6rdert Electrosuisse den Wissenstransfer und den fachlichen Austausch. Im Mittelpunkt unserer T\u00e4tigkeiten steht die F\u00f6rderung der sicheren, wirtschaftlichen und umweltgerechten Anwendung der Elektrotechnik.\"}]}<\/script>\n<!-- \/ Yoast SEO Premium plugin. -->","yoast_head_json":{"title":"Generalversammlung R\u00fcckblick 2022 - Electrosuisse","description":"Zur 138. (ordentlichen) Generalversammlung von Electrosuisse trafen sich die Mitglieder im Congress Centre Kursaal in Interlaken.","robots":{"index":"noindex","follow":"follow","max-snippet":"max-snippet:-1","max-image-preview":"max-image-preview:large","max-video-preview":"max-video-preview:-1"},"og_locale":"de_DE","og_type":"article","og_title":"Generalversammlung R\u00fcckblick 2022 - Electrosuisse","og_description":"Zur 138. (ordentlichen) Generalversammlung von Electrosuisse trafen sich die Mitglieder im Congress Centre Kursaal in Interlaken.","og_url":"https:\/\/dev-web.electrosuisse.ch\/de\/veranstaltungen\/generalversammlung\/generalversammlung-rueckblick-2022\/","og_site_name":"Electrosuisse","article_modified_time":"2024-01-26T08:51:12+00:00","og_image":[{"url":"https:\/\/dev-web.electrosuisse.ch\/wp-content\/uploads\/2022\/08\/KV-GV-2022_1660x470.jpg","type":"","width":"","height":""}],"schema":{"@context":"https:\/\/schema.org","@graph":[{"@type":"WebPage","@id":"https:\/\/dev-web.electrosuisse.ch\/de\/veranstaltungen\/generalversammlung\/generalversammlung-rueckblick-2022\/","url":"https:\/\/dev-web.electrosuisse.ch\/de\/veranstaltungen\/generalversammlung\/generalversammlung-rueckblick-2022\/","name":"Generalversammlung R\u00fcckblick 2022 - Electrosuisse","isPartOf":{"@id":"https:\/\/dev-web.electrosuisse.ch\/de\/#website"},"primaryImageOfPage":{"@id":"https:\/\/dev-web.electrosuisse.ch\/de\/veranstaltungen\/generalversammlung\/generalversammlung-rueckblick-2022\/#primaryimage"},"image":{"@id":"https:\/\/dev-web.electrosuisse.ch\/de\/veranstaltungen\/generalversammlung\/generalversammlung-rueckblick-2022\/#primaryimage"},"thumbnailUrl":"https:\/\/dev-web.electrosuisse.ch\/wp-content\/uploads\/2022\/04\/Reichelt_250x250.png","datePublished":"2022-08-18T14:26:08+00:00","dateModified":"2024-01-26T08:51:12+00:00","description":"Zur 138. (ordentlichen) Generalversammlung von Electrosuisse trafen sich die Mitglieder im Congress Centre Kursaal in Interlaken.","breadcrumb":{"@id":"https:\/\/dev-web.electrosuisse.ch\/de\/veranstaltungen\/generalversammlung\/generalversammlung-rueckblick-2022\/#breadcrumb"},"inLanguage":"de","potentialAction":[{"@type":"ReadAction","target":["https:\/\/dev-web.electrosuisse.ch\/de\/veranstaltungen\/generalversammlung\/generalversammlung-rueckblick-2022\/"]}]},{"@type":"ImageObject","inLanguage":"de","@id":"https:\/\/dev-web.electrosuisse.ch\/de\/veranstaltungen\/generalversammlung\/generalversammlung-rueckblick-2022\/#primaryimage","url":"https:\/\/dev-web.electrosuisse.ch\/wp-content\/uploads\/2022\/04\/Reichelt_250x250.png","contentUrl":"https:\/\/dev-web.electrosuisse.ch\/wp-content\/uploads\/2022\/04\/Reichelt_250x250.png"},{"@type":"BreadcrumbList","@id":"https:\/\/dev-web.electrosuisse.ch\/de\/veranstaltungen\/generalversammlung\/generalversammlung-rueckblick-2022\/#breadcrumb","itemListElement":[{"@type":"ListItem","position":1,"name":"Veranstaltungen","item":"https:\/\/dev-web.electrosuisse.ch\/de\/veranstaltungen\/"},{"@type":"ListItem","position":2,"name":"Generalversammlung","item":"https:\/\/dev-web.electrosuisse.ch\/de\/veranstaltungen\/generalversammlung\/"},{"@type":"ListItem","position":3,"name":"Generalversammlung R\u00fcckblick 2022"}]},{"@type":"WebSite","@id":"https:\/\/dev-web.electrosuisse.ch\/de\/#website","url":"https:\/\/dev-web.electrosuisse.ch\/de\/","name":"Electrosuisse","description":"","publisher":{"@id":"https:\/\/dev-web.electrosuisse.ch\/de\/#organization"},"potentialAction":[{"@type":"SearchAction","target":{"@type":"EntryPoint","urlTemplate":"https:\/\/dev-web.electrosuisse.ch\/de\/?s={search_term_string}"},"query-input":{"@type":"PropertyValueSpecification","valueRequired":true,"valueName":"search_term_string"}}],"inLanguage":"de"},{"@type":"Organization","@id":"https:\/\/dev-web.electrosuisse.ch\/de\/#organization","name":"Electrosuisse","url":"https:\/\/dev-web.electrosuisse.ch\/de\/","logo":{"@type":"ImageObject","inLanguage":"de","@id":"https:\/\/dev-web.electrosuisse.ch\/de\/#\/schema\/logo\/image\/","url":"https:\/\/dev-web.electrosuisse.ch\/wp-content\/uploads\/2025\/04\/Electrosuisse_Logo_696x696.png","contentUrl":"https:\/\/dev-web.electrosuisse.ch\/wp-content\/uploads\/2025\/04\/Electrosuisse_Logo_696x696.png","width":696,"height":696,"caption":"Electrosuisse"},"image":{"@id":"https:\/\/dev-web.electrosuisse.ch\/de\/#\/schema\/logo\/image\/"},"sameAs":["https:\/\/www.linkedin.com\/company\/electrosuisse-ag\/posts\/?feedView=all","https:\/\/www.instagram.com\/electrosuisse1889\/","https:\/\/www.youtube.com\/channel\/UCoOxohMiVE0Gjcdis1L09zw"],"description":"Electrosuisse ist eine anerkannte und unabh\u00e4ngige Fachorganisation, die erstklassige Dienstleistungen und Produkte in den Bereichen Inspektion, Beratung, Pr\u00fcfung, Zertifizierung, Normung und Weiterbildung anbietet. Unsere Expertise umfasst Elektrotechnik, Elektromobilit\u00e4t, Energieberatung, Geb\u00e4udeautomation und Photovoltaik in der Schweiz. Durch die Veranstaltung etablierter Branchen-Events und Fachtagungen f\u00f6rdert Electrosuisse den Wissenstransfer und den fachlichen Austausch. Im Mittelpunkt unserer T\u00e4tigkeiten steht die F\u00f6rderung der sicheren, wirtschaftlichen und umweltgerechten Anwendung der Elektrotechnik."}]}},"_links":{"self":[{"href":"https:\/\/dev-web.electrosuisse.ch\/de\/wp-json\/wp\/v2\/pages\/23610","targetHints":{"allow":["GET"]}}],"collection":[{"href":"https:\/\/dev-web.electrosuisse.ch\/de\/wp-json\/wp\/v2\/pages"}],"about":[{"href":"https:\/\/dev-web.electrosuisse.ch\/de\/wp-json\/wp\/v2\/types\/page"}],"author":[{"embeddable":true,"href":"https:\/\/dev-web.electrosuisse.ch\/de\/wp-json\/wp\/v2\/users\/6"}],"replies":[{"embeddable":true,"href":"https:\/\/dev-web.electrosuisse.ch\/de\/wp-json\/wp\/v2\/comments?post=23610"}],"version-history":[{"count":1,"href":"https:\/\/dev-web.electrosuisse.ch\/de\/wp-json\/wp\/v2\/pages\/23610\/revisions"}],"predecessor-version":[{"id":33691,"href":"https:\/\/dev-web.electrosuisse.ch\/de\/wp-json\/wp\/v2\/pages\/23610\/revisions\/33691"}],"up":[{"embeddable":true,"href":"https:\/\/dev-web.electrosuisse.ch\/de\/wp-json\/wp\/v2\/pages\/16847"}],"wp:attachment":[{"href":"https:\/\/dev-web.electrosuisse.ch\/de\/wp-json\/wp\/v2\/media?parent=23610"}],"curies":[{"name":"wp","href":"https:\/\/api.w.org\/{rel}","templated":true}]}}