{"id":22114,"date":"2022-04-06T09:06:14","date_gmt":"2022-04-06T07:06:14","guid":{"rendered":"https:\/\/dev-web.electrosuisse.ch\/?page_id=22114"},"modified":"2024-08-06T10:47:16","modified_gmt":"2024-08-06T08:47:16","slug":"inspektion-beratung","status":"publish","type":"page","link":"https:\/\/dev-web.electrosuisse.ch\/de\/inspektion-beratung\/","title":{"rendered":"Inspektion und Beratung"},"content":{"rendered":"<div class=\"wpb-content-wrapper\"><p>[vc_row][vc_column][vc_column_text el_class=&#8221;lead&#8221;]Innerhalb der Fachorganisation Electrosuisse sind die Experten der Abteilung Inspektion f\u00fcr die Sicherheit von Elektroinstallationen besorgt. Als unabh\u00e4ngige und neutrale Stelle sorgen wir mit Personal in der ganzen Schweiz mit Inspektionen f\u00fcr Sicherheit und beantworten fachliche Fragestellungen in allen Landessprachen.<\/p>\n<h4>Wirtschaftlich und sicher<\/h4>\n<p>Unsere erfahrenen Mitarbeitenden beraten Sie vor Ort zur <a href=\"https:\/\/dev-web.electrosuisse.ch\/de\/inspektion-beratung\/sicherheitskonzepte\/\">Betriebssicherheit<\/a> im Umgang mit Elektroanlagen. Mittels periodischer Kontrollen und \u2013 bei neuen Anlagen \u2013 Abnahmekontrollen sichern wir die Qualit\u00e4t elektrischer Anlagen. So stellen wir Ihren Betrieb sicher und sorgen daf\u00fcr, dass Sie von Ihren Lieferanten erhalten, was Sie bestellt haben. Bei komplexeren Fragestellungen unterst\u00fctzt unser <a href=\"https:\/\/dev-web.electrosuisse.ch\/de\/engineering\/\">Engineering-Abteilung<\/a> und erstellt beispielsweise passende Sicherheitskonzepte.<\/p>\n<h4>Konform und effizient<\/h4>\n<p>Als <a href=\"https:\/\/www.sas.admin.ch\/sas\/de\/home\/akkreditiertestellen\/akkrstellensuchesas.exturl.html\/aHR0cHM6Ly9zYXNkYi5jbGllbnRzLmxpaXAuY2gvc2VhcmNoLm\/h0bWw=.html?csrfmiddlewaretoken=esyqt4uvBQYwLBTYvgnlsUalGUD2bbZdD0XAU0MxupyyJmycMOcfURFjI7qp3mU5&amp;lang=de&amp;search_term=NIV&amp;accreditation_type=3&amp;submit=Suche+starten\" target=\"_blank\" rel=\"noopener\">akkreditierte Inspektionsstelle<\/a> mit \u00fcber hundertj\u00e4hriger Erfahrung k\u00f6nnen wir auch in Industrie und kritischer Infrastruktur den Sicherheitsstatus der Installationen bestimmen. Wir zeigen Optimierungspotentiale auf und erstellen die notwendigen Sicherheitsnachweise.<\/p>\n<h4>Nachhaltig und zukunftsorientiert<\/h4>\n<p>Wir sind akkreditierte Auditoren und zertifizieren unter anderem die \u00f6kologische Herkunft erneuerbarer Energie. Mit umsetzbaren Massnahmenpl\u00e4nen zur Reduktion des Ressourceneinsatzes leisten wir einen wichtigen Beitrag zur Energiewende.[\/vc_column_text][\/vc_column][\/vc_row][vc_row el_id=&#8221;secure&#8221;][vc_column][vc_row_inner][vc_column_inner][vc_column_text]<\/p>\n<h2>Unser Wissen f\u00fcr Ihre Sicherheit<\/h2>\n<p>[\/vc_column_text][\/vc_column_inner][\/vc_row_inner]<div class=\"wpb_process_column wpb_content_element\"><div class=\"wpb_wrapper\"><div class=\"process_container\"><div class=\"process\"><div class=\"process__symbol process__symbol--round\"><\/div><div class=\"process__content\"><h4>Effektiver Blitzschutz<\/h4><p>Treffen Sie die richtigen Massnahmen f\u00fcr Ihre Bauten, wir unterst\u00fctzen Sie dabei.<\/p>\n<\/div><\/div><div class=\"process\"><div class=\"process__symbol process__symbol--round\"><\/div><div class=\"process__content\"><h4>Verr\u00e4terische Schwachstellen erkennen<\/h4><p>F\u00fcr die Zustands-Analyse Ihrer Anlage haben wir ausgewiesene Fachkr\u00e4fte im Bereich der Elektrothermografie<\/p>\n<\/div><\/div><div class=\"process\"><div class=\"process__symbol process__symbol--round\"><\/div><div class=\"process__content\"><h4>Sicherheit von Schaltger\u00e4tekombinationen<\/h4><p>Wir unterst\u00fctzen Sie mit unseren Dienstleistungen f\u00fcr die Sicherheit von Personal und Anlagen.<\/p>\n<\/div><\/div><div class=\"process\"><div class=\"process__symbol process__symbol--round\"><\/div><div class=\"process__content\"><h4>Sicher und organisiert arbeiten<\/h4><p>Mit einem Sicherheitskonzept definieren Sie die Verantwortlichkeiten im Betrieb und f\u00f6rdern den achtsamen Umgang mit elektrischen Anlagen. Wir unterst\u00fctzen Sie bei der Erarbeitung und Umsetzung.<\/p>\n<\/div><\/div><div class=\"process\"><div class=\"process__symbol process__symbol--round\"><\/div><div class=\"process__content\"><h4>Sicherheit auf Nationalstrassen und in Eisenbahntunnels<\/h4><p>Mit Produktpr\u00fcfungen, Qualit\u00e4tskontrollen, Abnahmekontrollen und\u00a0Sicherheitskonzepten\u00a0sorgen wir f\u00fcr Sicherheit auf Nationalstrassen und in Eisenbahntunnels.<\/p>\n<\/div><\/div>\n<\/div><\/div><\/div>[\/vc_column][\/vc_row][vc_row el_id=&#8221;rleiter&#8221;][vc_column][vc_column_text]<\/p>\n<h2>Ihre pers\u00f6nlichen Ansprechpartner<\/h2>\n<p>[\/vc_column_text][vc_column_text]Mit hundert erfahrenen Fachspezialisten verf\u00fcgt Electrosuisse \u00fcber h\u00f6chste Expertise auf dem Feld der elektrischen Sicherheit und Verf\u00fcgbarkeit. Kontaktieren Sie uns![\/vc_column_text]<div class=\"wpb_people_column wpb_content_element\"><div class=\"wpb_wrapper\"><div class=\"people_container\"><h3>Unsere Regionalleiter<\/h3><div class=\"row\"><div class=\"people col-sm-6 col-md-4\"><div class=\"people__img\"><img decoding=\"async\" src=\"https:\/\/dev-web.electrosuisse.ch\/wp-content\/uploads\/2024\/08\/DominicKuhn_320x320.png\" alt=\"Dominic Kuhn\" \/><\/div><div class=\"people__info contact__info\"><p><b>Dominic Kuhn<\/b><br>Regionalleiter Bern\/Solothurn\/Freiburg<\/p><div class=\"mail has-link\"><a href=\"mailto:&#100;&#x6f;&#109;&#x69;&#110;&#x69;&#99;&#x2e;&#107;&#x75;&#104;&#x6e;&#64;&#x65;&#108;&#x65;&#99;&#x74;&#114;&#x6f;&#115;&#x75;&#105;&#x73;&#115;&#x65;&#46;&#x63;&#104;\">&#100;&#x6f;&#109;&#x69;&#110;&#x69;&#99;&#x2e;&#107;&#x75;&#104;&#x6e;&#64;&#x65;&#108;&#x65;&#99;&#x74;&#114;&#x6f;&#115;&#x75;&#105;&#x73;&#115;&#x65;&#46;&#x63;&#104;<\/span><\/a><\/div><\/div><\/div><div class=\"people col-sm-6 col-md-4\"><div class=\"people__img\"><img decoding=\"async\" src=\"https:\/\/dev-web.electrosuisse.ch\/wp-content\/uploads\/2023\/12\/ReinerBoettcher_320x320.jpg\" alt=\"Reiner B\u00f6ttcher\" \/><\/div><div class=\"people__info contact__info\"><p><b>Reiner B\u00f6ttcher<\/b><br>Regionalleiter Nordwestschweiz<\/p><div class=\"mail has-link\"><a href=\"mailto:&#114;&#x65;&#105;&#x6e;&#101;&#x72;&#46;&#x62;&#111;&#x65;&#116;&#x74;c&#x68;e&#x72;&#64;&#x65;l&#x65;c&#x74;r&#111;&#x73;&#117;&#x69;&#115;&#x73;&#101;&#x2e;&#99;&#x68;\">&#114;&#x65;&#105;&#x6e;&#101;&#x72;&#46;&#x62;&#111;&#x65;&#116;&#x74;c&#x68;e&#x72;&#64;&#x65;l&#x65;c&#x74;r&#111;&#x73;&#117;&#x69;&#115;&#x73;&#101;&#x2e;&#99;&#x68;<\/span><\/a><\/div><\/div><\/div><div class=\"people col-sm-6 col-md-4\"><div class=\"people__img\"><img decoding=\"async\" src=\"https:\/\/dev-web.electrosuisse.ch\/wp-content\/uploads\/2022\/04\/BramatoRene_320x320.jpg\" alt=\"Ren\u00e9 Bramato\" \/><\/div><div class=\"people__info contact__info\"><p><b>Ren\u00e9 Bramato<\/b><br>Regionalleiter Aargau<\/p><div class=\"mail has-link\"><a href=\"mailto:&#114;e&#x6e;e&#x2e;b&#x72;&#97;&#x6d;&#97;&#x74;&#111;&#64;&#x65;l&#x65;c&#x74;&#114;&#x6f;&#115;&#x75;&#105;&#x73;&#115;e&#x2e;c&#x68;\">&#114;e&#x6e;e&#x2e;b&#x72;&#97;&#x6d;&#97;&#x74;&#111;&#64;&#x65;l&#x65;c&#x74;&#114;&#x6f;&#115;&#x75;&#105;&#x73;&#115;e&#x2e;c&#x68;<\/span><\/a><\/div><\/div><\/div><div class=\"people col-sm-6 col-md-4\"><div class=\"people__img\"><img decoding=\"async\" src=\"https:\/\/dev-web.electrosuisse.ch\/wp-content\/uploads\/2021\/10\/BraunschweilerSimon_320x320-1.jpg\" alt=\"Simon Braunschweiler\" \/><\/div><div class=\"people__info contact__info\"><p><b>Simon Braunschweiler<\/b><br>Regionalleiter Z\u00fcrich<\/p><div class=\"mail has-link\"><a href=\"mailto:&#x73;&#x69;&#109;o&#x6e;&#x2e;&#x62;&#114;a&#x75;&#x6e;&#x73;&#99;h&#x77;&#x65;&#x69;&#108;e&#x72;&#x40;&#x65;&#108;e&#x63;&#x74;&#x72;&#111;s&#x75;&#x69;&#x73;&#115;e&#x2e;&#x63;&#x68;\">&#x73;&#x69;&#109;o&#x6e;&#x2e;&#x62;&#114;a&#x75;&#x6e;&#x73;&#99;h&#x77;&#x65;&#x69;&#108;e&#x72;&#x40;&#x65;&#108;e&#x63;&#x74;&#x72;&#111;s&#x75;&#x69;&#x73;&#115;e&#x2e;&#x63;&#x68;<\/span><\/a><\/div><\/div><\/div><div class=\"people col-sm-6 col-md-4\"><div class=\"people__img\"><img decoding=\"async\" src=\"https:\/\/dev-web.electrosuisse.ch\/wp-content\/uploads\/2023\/12\/Jareb_Samir_320x320_.jpg\" alt=\"Samir Jareb\" \/><\/div><div class=\"people__info contact__info\"><p><b>Samir Jareb<\/b><br>Regionalleiter Wallis<\/p><div class=\"mail has-link\"><a href=\"mailto:&#x73;&#x61;&#109;&#105;&#114;&#46;&#x6a;&#x61;&#x72;&#101;&#98;&#64;e&#x6c;&#x65;&#x63;&#116;&#114;o&#x73;&#x75;&#x69;&#115;&#115;&#101;&#46;&#x63;&#x68;\">&#x73;&#x61;&#109;&#105;&#114;&#46;&#x6a;&#x61;&#x72;&#101;&#98;&#64;e&#x6c;&#x65;&#x63;&#116;&#114;o&#x73;&#x75;&#x69;&#115;&#115;&#101;&#46;&#x63;&#x68;<\/span><\/a><\/div><\/div><\/div><div class=\"people col-sm-6 col-md-4\"><div class=\"people__img\"><img decoding=\"async\" src=\"https:\/\/dev-web.electrosuisse.ch\/wp-content\/uploads\/2021\/10\/KuenzliMarkus_320x320.jpg\" alt=\"Markus K\u00fcnzli\" \/><\/div><div class=\"people__info contact__info\"><p><b>Markus K\u00fcnzli<\/b><br>Regionalleiter Zentralschweiz<\/p><div class=\"mail has-link\"><a href=\"mailto:markus&#46;k&#117;&#101;&#110;&#122;&#108;&#105;&#64;&#101;&#108;&#101;&#x63;&#x74;&#x72;&#x6f;&#x73;&#x75;&#x69;&#x73;&#x73;&#x65;&#x2e;&#x63;&#x68;\">markus&#46;k&#117;&#101;&#110;&#122;&#108;&#105;&#64;&#101;&#108;&#101;&#x63;&#x74;&#x72;&#x6f;&#x73;&#x75;&#x69;&#x73;&#x73;&#x65;&#x2e;&#x63;&#x68;<\/span><\/a><\/div><\/div><\/div><div class=\"people col-sm-6 col-md-4\"><div class=\"people__img\"><img decoding=\"async\" src=\"https:\/\/dev-web.electrosuisse.ch\/wp-content\/uploads\/2024\/12\/LucasChollet_320x320.png\" alt=\"Lucas Chollet\" \/><\/div><div class=\"people__info contact__info\"><p><b>Lucas Chollet<\/b><br>Regionalleiter Fribourg\/Neuch\u00e2tel\/Jura<\/p><div class=\"mail has-link\"><a href=\"mailto:&#x6c;&#x75;&#99;a&#x73;&#x2e;&#99;ho&#x6c;&#x6c;&#101;t&#x40;&#x65;&#108;&#101;c&#x74;&#x72;&#111;s&#x75;&#x69;&#115;&#115;e&#x2e;&#x63;&#104;\">&#x6c;&#x75;&#99;a&#x73;&#x2e;&#99;ho&#x6c;&#x6c;&#101;t&#x40;&#x65;&#108;&#101;c&#x74;&#x72;&#111;s&#x75;&#x69;&#115;&#115;e&#x2e;&#x63;&#104;<\/span><\/a><\/div><\/div><\/div><div class=\"people col-sm-6 col-md-4\"><div class=\"people__img\"><img decoding=\"async\" src=\"https:\/\/dev-web.electrosuisse.ch\/wp-content\/uploads\/2021\/09\/MoosbergerAndreas_320x320.jpg\" alt=\"Andreas Moosberger\" \/><\/div><div class=\"people__info contact__info\"><p><b>Andreas Moosberger<\/b><br>Regionalleiter Ostschweiz<\/p><div class=\"mail has-link\"><a href=\"mailto:&#x61;&#110;&#100;r&#x65;&#x61;&#115;&#46;&#x6d;&#x6f;&#111;s&#x62;&#x65;&#114;g&#x65;&#x72;&#64;e&#x6c;&#x65;&#99;t&#x72;&#x6f;&#115;&#117;i&#x73;&#x73;&#101;&#46;&#x63;&#x68;\">&#x61;&#110;&#100;r&#x65;&#x61;&#115;&#46;&#x6d;&#x6f;&#111;s&#x62;&#x65;&#114;g&#x65;&#x72;&#64;e&#x6c;&#x65;&#99;t&#x72;&#x6f;&#115;&#117;i&#x73;&#x73;&#101;&#46;&#x63;&#x68;<\/span><\/a><\/div><\/div><\/div><div class=\"people col-sm-6 col-md-4\"><div class=\"people__img\"><img decoding=\"async\" src=\"https:\/\/dev-web.electrosuisse.ch\/wp-content\/uploads\/2021\/09\/MoraJeanMarc_320x320.jpg\" alt=\"Jean-Marc Mora\" \/><\/div><div class=\"people__info contact__info\"><p><b>Jean-Marc Mora<\/b><br>Regionalleiter Genferseeregion<\/p><div class=\"mail has-link\"><a href=\"mailto:je&#97;&#110;&#x2d;&#x6d;&#x61;&#x72;c&#46;&#109;&#111;&#x72;&#x61;&#x40;&#x65;le&#99;&#116;&#114;&#x6f;&#x73;&#x75;&#x69;ss&#101;&#46;&#x63;&#x68;\">je&#97;&#110;&#x2d;&#x6d;&#x61;&#x72;c&#46;&#109;&#111;&#x72;&#x61;&#x40;&#x65;le&#99;&#116;&#114;&#x6f;&#x73;&#x75;&#x69;ss&#101;&#46;&#x63;&#x68;<\/span><\/a><\/div><\/div><\/div><div class=\"people col-sm-6 col-md-4\"><div class=\"people__img\"><img decoding=\"async\" src=\"https:\/\/dev-web.electrosuisse.ch\/wp-content\/uploads\/2021\/09\/QuinzAndreas_320x320.jpg\" alt=\"Andreas Quinz\" \/><\/div><div class=\"people__info contact__info\"><p><b>Andreas Quinz<\/b><br>Regionalleiter Nordostschweiz<\/p><div class=\"mail has-link\"><a href=\"mailto:an&#100;&#114;&#101;&#97;&#x73;&#x2e;&#x71;&#x75;&#x69;nz&#64;&#101;&#108;&#101;&#x63;&#x74;&#x72;&#x6f;&#x73;ui&#115;&#115;&#101;&#46;&#x63;&#x68;\">an&#100;&#114;&#101;&#97;&#x73;&#x2e;&#x71;&#x75;&#x69;nz&#64;&#101;&#108;&#101;&#x63;&#x74;&#x72;&#x6f;&#x73;ui&#115;&#115;&#101;&#46;&#x63;&#x68;<\/span><\/a><\/div><\/div><\/div><div class=\"people col-sm-6 col-md-4\"><div class=\"people__img\"><img decoding=\"async\" src=\"https:\/\/dev-web.electrosuisse.ch\/wp-content\/uploads\/2021\/09\/VanonciniAngelo_320x320.jpg\" alt=\"Angelo Vanoncini\" \/><\/div><div class=\"people__info contact__info\"><p><b>Angelo Vanoncini<\/b><br>Regionalleiter Tessin<\/p><div class=\"mail has-link\"><a href=\"mailto:&#97;&#x6e;g&#101;&#x6c;o&#46;&#x76;a&#110;&#x6f;n&#99;&#x69;&#110;&#x69;&#x40;&#101;&#x6c;&#x65;&#99;&#x74;r&#111;&#x73;u&#105;&#x73;s&#101;&#x2e;c&#104;\">&#97;&#x6e;g&#101;&#x6c;o&#46;&#x76;a&#110;&#x6f;n&#99;&#x69;&#110;&#x69;&#x40;&#101;&#x6c;&#x65;&#99;&#x74;r&#111;&#x73;u&#105;&#x73;s&#101;&#x2e;c&#104;<\/span><\/a><\/div><\/div><\/div><\/div><\/div><\/div><\/div>[\/vc_column][\/vc_row][vc_row disable_element=&#8221;yes&#8221;][vc_column]<div class=\"wpb_text_image_column wpb_content_element \"><div class=\"wpb_wrapper\"><div class=\"row middle-lg\"><div class=\"col-sm-6 col-xs-12\"><div class=\"picture_container\"><picture><source srcset=\"https:\/\/dev-web.electrosuisse.ch\/wp-content\/uploads\/2019\/10\/DSC3012-Bearbeitet-585x500.jpg\"><img decoding=\"async\" src=\"https:\/\/dev-web.electrosuisse.ch\/wp-content\/uploads\/2019\/10\/DSC3012-Bearbeitet-585x500.jpg\" alt=\"Sicherheitsnachweis einfach und effizient\" \/><\/picture><\/div><\/div><div class=\"col-sm-6 col-xs-12\"><h3>Sicherheitsnachweis einfach und effizient<\/h3><p>Als akkreditierte und zertifizierte Inspektionsstelle unterst\u00fctzen wir Sie bei der technischen Kontrolle Ihrer Hoch- und Niederspannungsinstallationen.<\/p>\n<div class=\"button button--normal\"><a href=\"https:\/\/dev-web.electrosuisse.ch\/de\/inspektion\/sicherheitsnachweis-einfach-und-effizient\/\">mehr erfahren<\/a><\/div><\/div><\/div><\/div><\/div><div class=\"wpb_text_image_column wpb_content_element \"><div class=\"wpb_wrapper\"><div class=\"row reverse middle-lg\"><div class=\"col-sm-6 col-xs-12\"><div class=\"picture_container\"><picture><source srcset=\"https:\/\/dev-web.electrosuisse.ch\/wp-content\/uploads\/2022\/03\/Blitzschutz_585x500-585x500.jpg\"><img decoding=\"async\" src=\"https:\/\/dev-web.electrosuisse.ch\/wp-content\/uploads\/2022\/03\/Blitzschutz_585x500-585x500.jpg\" alt=\"Effektiver Blitzschutz \u2013 eine lohnende Pr\u00e4ventiv-Investition\" \/><\/picture><\/div><\/div><div class=\"col-sm-6 col-xs-12\"><h3>Effektiver Blitzschutz \u2013 eine lohnende Pr\u00e4ventiv-Investition<\/h3><p>Lassen Sie Ihre Schutzanlage regelm\u00e4ssig von uns \u00fcberpr\u00fcfen.<\/p>\n<div class=\"button button--normal\"><a href=\"https:\/\/dev-web.electrosuisse.ch\/de\/inspektion-beratung\/blitzschutz-und-erdung\/\">mehr erfahren<\/a><\/div><\/div><\/div><\/div><\/div>[\/vc_column][\/vc_row]<\/p>\n<\/div>","protected":false},"excerpt":{"rendered":"<p>[vc_row][vc_column][vc_column_text el_class=&#8221;lead&#8221;]Innerhalb der Fachorganisation Electrosuisse sind die Experten der Abteilung Inspektion f\u00fcr die Sicherheit von Elektroinstallationen besorgt. Als unabh\u00e4ngige und neutrale Stelle sorgen wir mit Personal in der ganzen Schweiz mit Inspektionen f\u00fcr Sicherheit und beantworten fachliche Fragestellungen in allen Landessprachen. Wirtschaftlich und sicher Unsere erfahrenen Mitarbeitenden beraten Sie vor Ort zur Betriebssicherheit im Umgang [&hellip;]<\/p>\n","protected":false},"author":6,"featured_media":0,"parent":0,"menu_order":174,"comment_status":"closed","ping_status":"closed","template":"","meta":{"_acf_changed":false,"footnotes":""},"class_list":["post-22114","page","type-page","status-publish","hentry"],"acf":[],"yoast_head":"<!-- This site is optimized with the Yoast SEO Premium plugin v25.1 (Yoast SEO v25.1) - https:\/\/yoast.com\/wordpress\/plugins\/seo\/ -->\n<title>Inspektion und Beratung<\/title>\n<meta name=\"description\" content=\"Mit Inspektion und Beratung sorgen wir in der ganzen Schweiz f\u00fcr Sicherheit und beantworten fachliche Fragestellungen in allen Landessprachen.\" \/>\n<meta name=\"robots\" content=\"noindex, follow, max-snippet:-1, max-image-preview:large, max-video-preview:-1\" \/>\n<meta property=\"og:locale\" content=\"de_DE\" \/>\n<meta property=\"og:type\" content=\"article\" \/>\n<meta property=\"og:title\" content=\"Inspektion und Beratung\" \/>\n<meta property=\"og:description\" content=\"Mit Inspektion und Beratung sorgen wir in der ganzen Schweiz f\u00fcr Sicherheit und beantworten fachliche Fragestellungen in allen Landessprachen.\" \/>\n<meta property=\"og:url\" content=\"https:\/\/dev-web.electrosuisse.ch\/de\/inspektion-beratung\/\" \/>\n<meta property=\"og:site_name\" content=\"Electrosuisse\" \/>\n<meta property=\"article:modified_time\" content=\"2024-08-06T08:47:16+00:00\" \/>\n<meta property=\"og:image\" content=\"https:\/\/dev-web.electrosuisse.ch\/wp-content\/uploads\/2022\/12\/Electrosuisse_Ueber_uns_1578x650.jpg\" \/>\n\t<meta property=\"og:image:width\" content=\"1578\" \/>\n\t<meta property=\"og:image:height\" content=\"650\" \/>\n\t<meta property=\"og:image:type\" content=\"image\/jpeg\" \/>\n<script type=\"application\/ld+json\" class=\"yoast-schema-graph\">{\"@context\":\"https:\/\/schema.org\",\"@graph\":[{\"@type\":\"WebPage\",\"@id\":\"https:\/\/dev-web.electrosuisse.ch\/de\/inspektion-beratung\/\",\"url\":\"https:\/\/dev-web.electrosuisse.ch\/de\/inspektion-beratung\/\",\"name\":\"Inspektion und Beratung\",\"isPartOf\":{\"@id\":\"https:\/\/dev-web.electrosuisse.ch\/de\/#website\"},\"datePublished\":\"2022-04-06T07:06:14+00:00\",\"dateModified\":\"2024-08-06T08:47:16+00:00\",\"description\":\"Mit Inspektion und Beratung sorgen wir in der ganzen Schweiz f\u00fcr Sicherheit und beantworten fachliche Fragestellungen in allen Landessprachen.\",\"inLanguage\":\"de\",\"potentialAction\":[{\"@type\":\"ReadAction\",\"target\":[\"https:\/\/dev-web.electrosuisse.ch\/de\/inspektion-beratung\/\"]}]},{\"@type\":\"WebSite\",\"@id\":\"https:\/\/dev-web.electrosuisse.ch\/de\/#website\",\"url\":\"https:\/\/dev-web.electrosuisse.ch\/de\/\",\"name\":\"Electrosuisse\",\"description\":\"\",\"publisher\":{\"@id\":\"https:\/\/dev-web.electrosuisse.ch\/de\/#organization\"},\"potentialAction\":[{\"@type\":\"SearchAction\",\"target\":{\"@type\":\"EntryPoint\",\"urlTemplate\":\"https:\/\/dev-web.electrosuisse.ch\/de\/?s={search_term_string}\"},\"query-input\":{\"@type\":\"PropertyValueSpecification\",\"valueRequired\":true,\"valueName\":\"search_term_string\"}}],\"inLanguage\":\"de\"},{\"@type\":\"Organization\",\"@id\":\"https:\/\/dev-web.electrosuisse.ch\/de\/#organization\",\"name\":\"Electrosuisse\",\"url\":\"https:\/\/dev-web.electrosuisse.ch\/de\/\",\"logo\":{\"@type\":\"ImageObject\",\"inLanguage\":\"de\",\"@id\":\"https:\/\/dev-web.electrosuisse.ch\/de\/#\/schema\/logo\/image\/\",\"url\":\"https:\/\/dev-web.electrosuisse.ch\/wp-content\/uploads\/2025\/04\/Electrosuisse_Logo_696x696.png\",\"contentUrl\":\"https:\/\/dev-web.electrosuisse.ch\/wp-content\/uploads\/2025\/04\/Electrosuisse_Logo_696x696.png\",\"width\":696,\"height\":696,\"caption\":\"Electrosuisse\"},\"image\":{\"@id\":\"https:\/\/dev-web.electrosuisse.ch\/de\/#\/schema\/logo\/image\/\"},\"sameAs\":[\"https:\/\/www.linkedin.com\/company\/electrosuisse-ag\/posts\/?feedView=all\",\"https:\/\/www.instagram.com\/electrosuisse1889\/\",\"https:\/\/www.youtube.com\/channel\/UCoOxohMiVE0Gjcdis1L09zw\"],\"description\":\"Electrosuisse ist eine anerkannte und unabh\u00e4ngige Fachorganisation, die erstklassige Dienstleistungen und Produkte in den Bereichen Inspektion, Beratung, Pr\u00fcfung, Zertifizierung, Normung und Weiterbildung anbietet. Unsere Expertise umfasst Elektrotechnik, Elektromobilit\u00e4t, Energieberatung, Geb\u00e4udeautomation und Photovoltaik in der Schweiz. Durch die Veranstaltung etablierter Branchen-Events und Fachtagungen f\u00f6rdert Electrosuisse den Wissenstransfer und den fachlichen Austausch. Im Mittelpunkt unserer T\u00e4tigkeiten steht die F\u00f6rderung der sicheren, wirtschaftlichen und umweltgerechten Anwendung der Elektrotechnik.\"}]}<\/script>\n<!-- \/ Yoast SEO Premium plugin. -->","yoast_head_json":{"title":"Inspektion und Beratung","description":"Mit Inspektion und Beratung sorgen wir in der ganzen Schweiz f\u00fcr Sicherheit und beantworten fachliche Fragestellungen in allen Landessprachen.","robots":{"index":"noindex","follow":"follow","max-snippet":"max-snippet:-1","max-image-preview":"max-image-preview:large","max-video-preview":"max-video-preview:-1"},"og_locale":"de_DE","og_type":"article","og_title":"Inspektion und Beratung","og_description":"Mit Inspektion und Beratung sorgen wir in der ganzen Schweiz f\u00fcr Sicherheit und beantworten fachliche Fragestellungen in allen Landessprachen.","og_url":"https:\/\/dev-web.electrosuisse.ch\/de\/inspektion-beratung\/","og_site_name":"Electrosuisse","article_modified_time":"2024-08-06T08:47:16+00:00","og_image":[{"width":1578,"height":650,"url":"https:\/\/dev-web.electrosuisse.ch\/wp-content\/uploads\/2022\/12\/Electrosuisse_Ueber_uns_1578x650.jpg","type":"image\/jpeg"}],"schema":{"@context":"https:\/\/schema.org","@graph":[{"@type":"WebPage","@id":"https:\/\/dev-web.electrosuisse.ch\/de\/inspektion-beratung\/","url":"https:\/\/dev-web.electrosuisse.ch\/de\/inspektion-beratung\/","name":"Inspektion und Beratung","isPartOf":{"@id":"https:\/\/dev-web.electrosuisse.ch\/de\/#website"},"datePublished":"2022-04-06T07:06:14+00:00","dateModified":"2024-08-06T08:47:16+00:00","description":"Mit Inspektion und Beratung sorgen wir in der ganzen Schweiz f\u00fcr Sicherheit und beantworten fachliche Fragestellungen in allen Landessprachen.","inLanguage":"de","potentialAction":[{"@type":"ReadAction","target":["https:\/\/dev-web.electrosuisse.ch\/de\/inspektion-beratung\/"]}]},{"@type":"WebSite","@id":"https:\/\/dev-web.electrosuisse.ch\/de\/#website","url":"https:\/\/dev-web.electrosuisse.ch\/de\/","name":"Electrosuisse","description":"","publisher":{"@id":"https:\/\/dev-web.electrosuisse.ch\/de\/#organization"},"potentialAction":[{"@type":"SearchAction","target":{"@type":"EntryPoint","urlTemplate":"https:\/\/dev-web.electrosuisse.ch\/de\/?s={search_term_string}"},"query-input":{"@type":"PropertyValueSpecification","valueRequired":true,"valueName":"search_term_string"}}],"inLanguage":"de"},{"@type":"Organization","@id":"https:\/\/dev-web.electrosuisse.ch\/de\/#organization","name":"Electrosuisse","url":"https:\/\/dev-web.electrosuisse.ch\/de\/","logo":{"@type":"ImageObject","inLanguage":"de","@id":"https:\/\/dev-web.electrosuisse.ch\/de\/#\/schema\/logo\/image\/","url":"https:\/\/dev-web.electrosuisse.ch\/wp-content\/uploads\/2025\/04\/Electrosuisse_Logo_696x696.png","contentUrl":"https:\/\/dev-web.electrosuisse.ch\/wp-content\/uploads\/2025\/04\/Electrosuisse_Logo_696x696.png","width":696,"height":696,"caption":"Electrosuisse"},"image":{"@id":"https:\/\/dev-web.electrosuisse.ch\/de\/#\/schema\/logo\/image\/"},"sameAs":["https:\/\/www.linkedin.com\/company\/electrosuisse-ag\/posts\/?feedView=all","https:\/\/www.instagram.com\/electrosuisse1889\/","https:\/\/www.youtube.com\/channel\/UCoOxohMiVE0Gjcdis1L09zw"],"description":"Electrosuisse ist eine anerkannte und unabh\u00e4ngige Fachorganisation, die erstklassige Dienstleistungen und Produkte in den Bereichen Inspektion, Beratung, Pr\u00fcfung, Zertifizierung, Normung und Weiterbildung anbietet. Unsere Expertise umfasst Elektrotechnik, Elektromobilit\u00e4t, Energieberatung, Geb\u00e4udeautomation und Photovoltaik in der Schweiz. Durch die Veranstaltung etablierter Branchen-Events und Fachtagungen f\u00f6rdert Electrosuisse den Wissenstransfer und den fachlichen Austausch. Im Mittelpunkt unserer T\u00e4tigkeiten steht die F\u00f6rderung der sicheren, wirtschaftlichen und umweltgerechten Anwendung der Elektrotechnik."}]}},"_links":{"self":[{"href":"https:\/\/dev-web.electrosuisse.ch\/de\/wp-json\/wp\/v2\/pages\/22114","targetHints":{"allow":["GET"]}}],"collection":[{"href":"https:\/\/dev-web.electrosuisse.ch\/de\/wp-json\/wp\/v2\/pages"}],"about":[{"href":"https:\/\/dev-web.electrosuisse.ch\/de\/wp-json\/wp\/v2\/types\/page"}],"author":[{"embeddable":true,"href":"https:\/\/dev-web.electrosuisse.ch\/de\/wp-json\/wp\/v2\/users\/6"}],"replies":[{"embeddable":true,"href":"https:\/\/dev-web.electrosuisse.ch\/de\/wp-json\/wp\/v2\/comments?post=22114"}],"version-history":[{"count":9,"href":"https:\/\/dev-web.electrosuisse.ch\/de\/wp-json\/wp\/v2\/pages\/22114\/revisions"}],"predecessor-version":[{"id":27883,"href":"https:\/\/dev-web.electrosuisse.ch\/de\/wp-json\/wp\/v2\/pages\/22114\/revisions\/27883"}],"wp:attachment":[{"href":"https:\/\/dev-web.electrosuisse.ch\/de\/wp-json\/wp\/v2\/media?parent=22114"}],"curies":[{"name":"wp","href":"https:\/\/api.w.org\/{rel}","templated":true}]}}