{"id":15932,"date":"2021-03-12T07:40:32","date_gmt":"2021-03-12T06:40:32","guid":{"rendered":"https:\/\/dev-web.electrosuisse.ch\/?page_id=15932"},"modified":"2025-04-30T13:36:03","modified_gmt":"2025-04-30T11:36:03","slug":"toolbox-infoseite","status":"publish","type":"page","link":"https:\/\/dev-web.electrosuisse.ch\/de\/elektroinstallation\/toolbox-infoseite\/","title":{"rendered":"Toolbox Infoseite"},"content":{"rendered":"<div class=\"wpb-content-wrapper\"><p>[vc_row][vc_column][vc_column_text]Mit der neuen Toolbox stehen Ihnen verschiedene Tools kostenlos wie auch kostenpflichtig zur Verf\u00fcgung. Die einzelnen Abonnemente unterscheiden sich je nach Anwendung:[\/vc_column_text][vc_row_inner][vc_column_inner width=&#8221;1\/3&#8243;][vc_column_text]<\/p>\n<h3>F\u00fcr Lehrlinge<\/h3>\n<p>Nebst den kostenlosen Tools wie NIN History, Technik Forum, Infodossier, enth\u00e4lt das Abonnement folgende Tools:<\/p>\n<ul>\n<li>Belvoto<\/li>\n<li>E-Learning (Lernkarteien, Online-Test, Messwerkstatt u.a.)<\/li>\n<\/ul>\n<p>[\/vc_column_text][vc_column_text]<strong>CHF 35.20 \/ Jahr, exkl. MwSt.<\/strong>[\/vc_column_text]<div class=\"wpb_button_column wpb_content_element wpb_content_element--left\"><div class=\"wpb_wrapper\"><div class=\"button button--normal\"><a href=\"https:\/\/shop.electrosuisse.ch\/de\/DV-TOOLBOXAS-55262.html\" target=\"_blank\" >Jetzt kaufen<\/a><\/div><\/div><\/div><div class=\"wpb_document_column wpb_content_element\"><div class=\"wpb_wrapper\"><div class=\"document document--pdf\"><a href=\"https:\/\/dev-web.electrosuisse.ch\/wp-content\/uploads\/2021\/05\/Flyer-Anleitung_Lehrling.pdf\" target=\"_blank\" rel=\"noopener\">Flyer Anleitung Toolbox Sch\u00fcler<\/a><\/div><\/div><\/div>[\/vc_column_inner][vc_column_inner width=&#8221;1\/3&#8243;][vc_column_text]<\/p>\n<h3>F\u00fcr Lehrpersonen<\/h3>\n<p>Nebst den kostenlosen Tools wie NIN History, Technik Forum, Infodossier, enth\u00e4lt das Abonnement folgende Tools:<\/p>\n<ul>\n<li>Belvoto<\/li>\n<li>Anlagenplanung<\/li>\n<li>Pr\u00fcfungsgenerator<\/li>\n<li>Klassenverwaltung<\/li>\n<li>E-Learning<\/li>\n<\/ul>\n<p>[\/vc_column_text][vc_column_text]<strong>CHF 106.00 \/ Jahr, exkl. MwSt.<\/strong>[\/vc_column_text]<div class=\"wpb_button_column wpb_content_element wpb_content_element--left\"><div class=\"wpb_wrapper\"><div class=\"button button--normal\"><a href=\"https:\/\/shop.electrosuisse.ch\/de\/DV-TOOLBOXAK-55261.html\" target=\"_blank\" >Jetzt kaufen<\/a><\/div><\/div><\/div><div class=\"wpb_document_column wpb_content_element\"><div class=\"wpb_wrapper\"><div class=\"document document--pdf\"><a href=\"https:\/\/dev-web.electrosuisse.ch\/wp-content\/uploads\/2021\/05\/Flyer-Anleitung_Lehrer.pdf\" target=\"_blank\" rel=\"noopener\">Flyer Anleitung Toolbox Lehrer<\/a><\/div><\/div><\/div>[\/vc_column_inner][vc_column_inner width=&#8221;1\/3&#8243;][vc_column_text]<\/p>\n<h3>F\u00fcr Fachpersonen<\/h3>\n<p>Nebst den kostenlosen Tools wie NIN History, Technik Forum, Infodossier, enth\u00e4lt das Abonnement folgende Tools:<\/p>\n<ul>\n<li>Anlageplanung<\/li>\n<li>Belvoto<\/li>\n<\/ul>\n<p>[\/vc_column_text][vc_column_text]<strong>CHF 72.00 \/ Jahr, exkl. MwSt.<\/strong>[\/vc_column_text]<div class=\"wpb_button_column wpb_content_element wpb_content_element--left\"><div class=\"wpb_wrapper\"><div class=\"button button--normal\"><a href=\"https:\/\/shop.electrosuisse.ch\/de\/DV-TOOLBOXAP-55259.html\" target=\"_blank\" >Jetzt kaufen<\/a><\/div><\/div><\/div>[\/vc_column_inner][\/vc_row_inner][\/vc_column][\/vc_row][vc_row el_id=&#8221;kontakt&#8221;][vc_column][vc_column_text]<\/p>\n<h2>Kontakt<\/h2>\n<p>[\/vc_column_text]<div class=\"wpb_contact_column wpb_content_element wpb_contact_column--container\"><div class=\"wpb_wrapper\"><div class=\"contact_container_outer\"><div class=\"contact_container\"><div class=\"contact row middle-xs\"><div class=\"contact__img col-sm-5 col-xs-12\"><img decoding=\"async\" src=\"https:\/\/dev-web.electrosuisse.ch\/wp-content\/uploads\/2021\/05\/PeterBryner-300x300-1.jpg\" alt=\"Peter Bryner - Technische Fragen zu Belvoto und Anlagenplanung\" \/><\/div><div class=\"contact__info col-sm-7 col-xs-12\"><p><b>Peter Bryner<\/b><br>Technische Fragen zu Belvoto und Anlagenplanung<\/p><div class=\"phone has-link\"><a href=\"tel:+41585951530\">+41 58 595 15 30<\/a><\/div><div class=\"mail has-link\"><a href=\"mailto:&#x74;&#x6f;&#111;&#108;bo&#x78;&#x40;&#x65;&#108;ec&#x74;&#x72;&#x6f;&#115;&#117;i&#x73;&#x73;&#x65;&#46;&#99;h\">&#x74;&#x6f;&#x6f;&#x6c;&#x62;&#x6f;&#x78;&#x40;&#101;&#108;&#101;&#99;&#116;&#114;&#111;suis&#x73;&#x65;&#x2e;&#x63;&#x68;<\/a><\/div><\/div><\/div><\/div><\/div><div class=\"contact_container_outer\"><div class=\"contact_container\"><div class=\"contact row middle-xs\"><div class=\"contact__img col-sm-5 col-xs-12\"><img decoding=\"async\" src=\"https:\/\/dev-web.electrosuisse.ch\/wp-content\/uploads\/2022\/05\/RidhaBelhadj_300x300.jpg\" alt=\"Ridha Belhadj - Verkauf\" \/><\/div><div class=\"contact__info col-sm-7 col-xs-12\"><p><b>Ridha Belhadj<\/b><br>Verkauf<\/p><div class=\"phone has-link\"><a href=\"tel:+41585951273\">+41 58 595 12 73<\/a><\/div><div class=\"mail has-link\"><a href=\"mailto:&#x74;&#x6f;&#x6f;&#x6c;&#x62;&#x6f;&#120;&#64;&#101;&#108;ectr&#x6f;&#x73;&#x75;&#x69;&#x73;&#x73;&#101;&#46;&#99;&#104;\">&#116;&#x6f;&#x6f;l&#98;&#x6f;x&#64;&#x65;l&#101;&#x63;t&#114;&#x6f;&#x73;&#117;&#x69;&#x73;s&#101;&#x2e;c&#104;<\/a><\/div><\/div><\/div><\/div><\/div><\/div><\/div>[\/vc_column][\/vc_row]<\/p>\n<\/div>","protected":false},"excerpt":{"rendered":"<p>[vc_row][vc_column][vc_column_text]Mit der neuen Toolbox stehen Ihnen verschiedene Tools kostenlos wie auch kostenpflichtig zur Verf\u00fcgung. Die einzelnen Abonnemente unterscheiden sich je nach Anwendung:[\/vc_column_text][vc_row_inner][vc_column_inner width=&#8221;1\/3&#8243;][vc_column_text] F\u00fcr Lehrlinge Nebst den kostenlosen Tools wie NIN History, Technik Forum, Infodossier, enth\u00e4lt das Abonnement folgende Tools: Belvoto E-Learning (Lernkarteien, Online-Test, Messwerkstatt u.a.) [\/vc_column_text][vc_column_text]CHF 35.20 \/ Jahr, exkl. MwSt.[\/vc_column_text][\/vc_column_inner][vc_column_inner width=&#8221;1\/3&#8243;][vc_column_text] F\u00fcr Lehrpersonen [&hellip;]<\/p>\n","protected":false},"author":6,"featured_media":0,"parent":21733,"menu_order":88,"comment_status":"closed","ping_status":"closed","template":"","meta":{"_acf_changed":false,"footnotes":""},"class_list":["post-15932","page","type-page","status-publish","hentry"],"acf":[],"yoast_head":"<!-- This site is optimized with the Yoast SEO Premium plugin v25.1 (Yoast SEO v25.1) - https:\/\/yoast.com\/wordpress\/plugins\/seo\/ -->\n<title>Toolbox Infoseite - Electrosuisse<\/title>\n<meta name=\"description\" content=\"Nutzen Sie die Toolbox Infoseite, um auf eine Vielzahl an Tools zuzugreifen, die Ihnen kostenlos oder gegen Geb\u00fchr zur Verf\u00fcgung stehen.\" \/>\n<meta name=\"robots\" content=\"noindex, follow, max-snippet:-1, max-image-preview:large, max-video-preview:-1\" \/>\n<meta property=\"og:locale\" content=\"de_DE\" \/>\n<meta property=\"og:type\" content=\"article\" \/>\n<meta property=\"og:title\" content=\"Toolbox Infoseite - Electrosuisse\" \/>\n<meta property=\"og:description\" content=\"Nutzen Sie die Toolbox Infoseite, um auf eine Vielzahl an Tools zuzugreifen, die Ihnen kostenlos oder gegen Geb\u00fchr zur Verf\u00fcgung stehen.\" \/>\n<meta property=\"og:url\" content=\"https:\/\/dev-web.electrosuisse.ch\/de\/elektroinstallation\/toolbox-infoseite\/\" \/>\n<meta property=\"og:site_name\" content=\"Electrosuisse\" \/>\n<meta property=\"article:modified_time\" content=\"2025-04-30T11:36:03+00:00\" \/>\n<meta property=\"og:image\" content=\"https:\/\/dev-web.electrosuisse.ch\/wp-content\/uploads\/2022\/12\/Electrosuisse_Ueber_uns_1578x650.jpg\" \/>\n\t<meta property=\"og:image:width\" content=\"1578\" \/>\n\t<meta property=\"og:image:height\" content=\"650\" \/>\n\t<meta property=\"og:image:type\" content=\"image\/jpeg\" \/>\n<script type=\"application\/ld+json\" class=\"yoast-schema-graph\">{\"@context\":\"https:\/\/schema.org\",\"@graph\":[{\"@type\":\"WebPage\",\"@id\":\"https:\/\/dev-web.electrosuisse.ch\/de\/elektroinstallation\/toolbox-infoseite\/\",\"url\":\"https:\/\/dev-web.electrosuisse.ch\/de\/elektroinstallation\/toolbox-infoseite\/\",\"name\":\"Toolbox Infoseite - Electrosuisse\",\"isPartOf\":{\"@id\":\"https:\/\/dev-web.electrosuisse.ch\/de\/#website\"},\"datePublished\":\"2021-03-12T06:40:32+00:00\",\"dateModified\":\"2025-04-30T11:36:03+00:00\",\"description\":\"Nutzen Sie die Toolbox Infoseite, um auf eine Vielzahl an Tools zuzugreifen, die Ihnen kostenlos oder gegen Geb\u00fchr zur Verf\u00fcgung stehen.\",\"breadcrumb\":{\"@id\":\"https:\/\/dev-web.electrosuisse.ch\/de\/elektroinstallation\/toolbox-infoseite\/#breadcrumb\"},\"inLanguage\":\"de\",\"potentialAction\":[{\"@type\":\"ReadAction\",\"target\":[\"https:\/\/dev-web.electrosuisse.ch\/de\/elektroinstallation\/toolbox-infoseite\/\"]}]},{\"@type\":\"BreadcrumbList\",\"@id\":\"https:\/\/dev-web.electrosuisse.ch\/de\/elektroinstallation\/toolbox-infoseite\/#breadcrumb\",\"itemListElement\":[{\"@type\":\"ListItem\",\"position\":1,\"name\":\"Elektroinstallation\",\"item\":\"https:\/\/dev-web.electrosuisse.ch\/de\/elektroinstallation\/\"},{\"@type\":\"ListItem\",\"position\":2,\"name\":\"Toolbox Infoseite\"}]},{\"@type\":\"WebSite\",\"@id\":\"https:\/\/dev-web.electrosuisse.ch\/de\/#website\",\"url\":\"https:\/\/dev-web.electrosuisse.ch\/de\/\",\"name\":\"Electrosuisse\",\"description\":\"\",\"publisher\":{\"@id\":\"https:\/\/dev-web.electrosuisse.ch\/de\/#organization\"},\"potentialAction\":[{\"@type\":\"SearchAction\",\"target\":{\"@type\":\"EntryPoint\",\"urlTemplate\":\"https:\/\/dev-web.electrosuisse.ch\/de\/?s={search_term_string}\"},\"query-input\":{\"@type\":\"PropertyValueSpecification\",\"valueRequired\":true,\"valueName\":\"search_term_string\"}}],\"inLanguage\":\"de\"},{\"@type\":\"Organization\",\"@id\":\"https:\/\/dev-web.electrosuisse.ch\/de\/#organization\",\"name\":\"Electrosuisse\",\"url\":\"https:\/\/dev-web.electrosuisse.ch\/de\/\",\"logo\":{\"@type\":\"ImageObject\",\"inLanguage\":\"de\",\"@id\":\"https:\/\/dev-web.electrosuisse.ch\/de\/#\/schema\/logo\/image\/\",\"url\":\"https:\/\/dev-web.electrosuisse.ch\/wp-content\/uploads\/2025\/04\/Electrosuisse_Logo_696x696.png\",\"contentUrl\":\"https:\/\/dev-web.electrosuisse.ch\/wp-content\/uploads\/2025\/04\/Electrosuisse_Logo_696x696.png\",\"width\":696,\"height\":696,\"caption\":\"Electrosuisse\"},\"image\":{\"@id\":\"https:\/\/dev-web.electrosuisse.ch\/de\/#\/schema\/logo\/image\/\"},\"sameAs\":[\"https:\/\/www.linkedin.com\/company\/electrosuisse-ag\/posts\/?feedView=all\",\"https:\/\/www.instagram.com\/electrosuisse1889\/\",\"https:\/\/www.youtube.com\/channel\/UCoOxohMiVE0Gjcdis1L09zw\"],\"description\":\"Electrosuisse ist eine anerkannte und unabh\u00e4ngige Fachorganisation, die erstklassige Dienstleistungen und Produkte in den Bereichen Inspektion, Beratung, Pr\u00fcfung, Zertifizierung, Normung und Weiterbildung anbietet. Unsere Expertise umfasst Elektrotechnik, Elektromobilit\u00e4t, Energieberatung, Geb\u00e4udeautomation und Photovoltaik in der Schweiz. Durch die Veranstaltung etablierter Branchen-Events und Fachtagungen f\u00f6rdert Electrosuisse den Wissenstransfer und den fachlichen Austausch. Im Mittelpunkt unserer T\u00e4tigkeiten steht die F\u00f6rderung der sicheren, wirtschaftlichen und umweltgerechten Anwendung der Elektrotechnik.\"}]}<\/script>\n<!-- \/ Yoast SEO Premium plugin. -->","yoast_head_json":{"title":"Toolbox Infoseite - Electrosuisse","description":"Nutzen Sie die Toolbox Infoseite, um auf eine Vielzahl an Tools zuzugreifen, die Ihnen kostenlos oder gegen Geb\u00fchr zur Verf\u00fcgung stehen.","robots":{"index":"noindex","follow":"follow","max-snippet":"max-snippet:-1","max-image-preview":"max-image-preview:large","max-video-preview":"max-video-preview:-1"},"og_locale":"de_DE","og_type":"article","og_title":"Toolbox Infoseite - Electrosuisse","og_description":"Nutzen Sie die Toolbox Infoseite, um auf eine Vielzahl an Tools zuzugreifen, die Ihnen kostenlos oder gegen Geb\u00fchr zur Verf\u00fcgung stehen.","og_url":"https:\/\/dev-web.electrosuisse.ch\/de\/elektroinstallation\/toolbox-infoseite\/","og_site_name":"Electrosuisse","article_modified_time":"2025-04-30T11:36:03+00:00","og_image":[{"width":1578,"height":650,"url":"https:\/\/dev-web.electrosuisse.ch\/wp-content\/uploads\/2022\/12\/Electrosuisse_Ueber_uns_1578x650.jpg","type":"image\/jpeg"}],"schema":{"@context":"https:\/\/schema.org","@graph":[{"@type":"WebPage","@id":"https:\/\/dev-web.electrosuisse.ch\/de\/elektroinstallation\/toolbox-infoseite\/","url":"https:\/\/dev-web.electrosuisse.ch\/de\/elektroinstallation\/toolbox-infoseite\/","name":"Toolbox Infoseite - Electrosuisse","isPartOf":{"@id":"https:\/\/dev-web.electrosuisse.ch\/de\/#website"},"datePublished":"2021-03-12T06:40:32+00:00","dateModified":"2025-04-30T11:36:03+00:00","description":"Nutzen Sie die Toolbox Infoseite, um auf eine Vielzahl an Tools zuzugreifen, die Ihnen kostenlos oder gegen Geb\u00fchr zur Verf\u00fcgung stehen.","breadcrumb":{"@id":"https:\/\/dev-web.electrosuisse.ch\/de\/elektroinstallation\/toolbox-infoseite\/#breadcrumb"},"inLanguage":"de","potentialAction":[{"@type":"ReadAction","target":["https:\/\/dev-web.electrosuisse.ch\/de\/elektroinstallation\/toolbox-infoseite\/"]}]},{"@type":"BreadcrumbList","@id":"https:\/\/dev-web.electrosuisse.ch\/de\/elektroinstallation\/toolbox-infoseite\/#breadcrumb","itemListElement":[{"@type":"ListItem","position":1,"name":"Elektroinstallation","item":"https:\/\/dev-web.electrosuisse.ch\/de\/elektroinstallation\/"},{"@type":"ListItem","position":2,"name":"Toolbox Infoseite"}]},{"@type":"WebSite","@id":"https:\/\/dev-web.electrosuisse.ch\/de\/#website","url":"https:\/\/dev-web.electrosuisse.ch\/de\/","name":"Electrosuisse","description":"","publisher":{"@id":"https:\/\/dev-web.electrosuisse.ch\/de\/#organization"},"potentialAction":[{"@type":"SearchAction","target":{"@type":"EntryPoint","urlTemplate":"https:\/\/dev-web.electrosuisse.ch\/de\/?s={search_term_string}"},"query-input":{"@type":"PropertyValueSpecification","valueRequired":true,"valueName":"search_term_string"}}],"inLanguage":"de"},{"@type":"Organization","@id":"https:\/\/dev-web.electrosuisse.ch\/de\/#organization","name":"Electrosuisse","url":"https:\/\/dev-web.electrosuisse.ch\/de\/","logo":{"@type":"ImageObject","inLanguage":"de","@id":"https:\/\/dev-web.electrosuisse.ch\/de\/#\/schema\/logo\/image\/","url":"https:\/\/dev-web.electrosuisse.ch\/wp-content\/uploads\/2025\/04\/Electrosuisse_Logo_696x696.png","contentUrl":"https:\/\/dev-web.electrosuisse.ch\/wp-content\/uploads\/2025\/04\/Electrosuisse_Logo_696x696.png","width":696,"height":696,"caption":"Electrosuisse"},"image":{"@id":"https:\/\/dev-web.electrosuisse.ch\/de\/#\/schema\/logo\/image\/"},"sameAs":["https:\/\/www.linkedin.com\/company\/electrosuisse-ag\/posts\/?feedView=all","https:\/\/www.instagram.com\/electrosuisse1889\/","https:\/\/www.youtube.com\/channel\/UCoOxohMiVE0Gjcdis1L09zw"],"description":"Electrosuisse ist eine anerkannte und unabh\u00e4ngige Fachorganisation, die erstklassige Dienstleistungen und Produkte in den Bereichen Inspektion, Beratung, Pr\u00fcfung, Zertifizierung, Normung und Weiterbildung anbietet. Unsere Expertise umfasst Elektrotechnik, Elektromobilit\u00e4t, Energieberatung, Geb\u00e4udeautomation und Photovoltaik in der Schweiz. Durch die Veranstaltung etablierter Branchen-Events und Fachtagungen f\u00f6rdert Electrosuisse den Wissenstransfer und den fachlichen Austausch. Im Mittelpunkt unserer T\u00e4tigkeiten steht die F\u00f6rderung der sicheren, wirtschaftlichen und umweltgerechten Anwendung der Elektrotechnik."}]}},"_links":{"self":[{"href":"https:\/\/dev-web.electrosuisse.ch\/de\/wp-json\/wp\/v2\/pages\/15932","targetHints":{"allow":["GET"]}}],"collection":[{"href":"https:\/\/dev-web.electrosuisse.ch\/de\/wp-json\/wp\/v2\/pages"}],"about":[{"href":"https:\/\/dev-web.electrosuisse.ch\/de\/wp-json\/wp\/v2\/types\/page"}],"author":[{"embeddable":true,"href":"https:\/\/dev-web.electrosuisse.ch\/de\/wp-json\/wp\/v2\/users\/6"}],"replies":[{"embeddable":true,"href":"https:\/\/dev-web.electrosuisse.ch\/de\/wp-json\/wp\/v2\/comments?post=15932"}],"version-history":[{"count":6,"href":"https:\/\/dev-web.electrosuisse.ch\/de\/wp-json\/wp\/v2\/pages\/15932\/revisions"}],"predecessor-version":[{"id":29214,"href":"https:\/\/dev-web.electrosuisse.ch\/de\/wp-json\/wp\/v2\/pages\/15932\/revisions\/29214"}],"up":[{"embeddable":true,"href":"https:\/\/dev-web.electrosuisse.ch\/de\/wp-json\/wp\/v2\/pages\/21733"}],"wp:attachment":[{"href":"https:\/\/dev-web.electrosuisse.ch\/de\/wp-json\/wp\/v2\/media?parent=15932"}],"curies":[{"name":"wp","href":"https:\/\/api.w.org\/{rel}","templated":true}]}}