{"id":12124,"date":"2020-05-19T11:27:25","date_gmt":"2020-05-19T09:27:25","guid":{"rendered":"https:\/\/dev-web.electrosuisse.ch\/?page_id=12124"},"modified":"2025-07-04T08:15:07","modified_gmt":"2025-07-04T06:15:07","slug":"alle-tagungen","status":"publish","type":"page","link":"https:\/\/dev-web.electrosuisse.ch\/de\/alle-tagungen\/","title":{"rendered":"Alle Tagungen"},"content":{"rendered":"<div class=\"wpb-content-wrapper\"><p>[vc_row][vc_column][vc_column_text el_class=&#8221;lead&#8221;]Referenten aus der Elektrobranche sowie Fachexperten aus dem Forschungsumfeld vermitteln an den Electrosuisse Tagungen fundierte Fachinformationen und regen zu spannenden Diskussionen an.<\/p>\n<p>Unsere Fachtagungen sind die geeignete Plattform f\u00fcr Meinungsbildung und Erfahrungsaustausch.[\/vc_column_text][vc_column_text el_class=&#8221;lead&#8221;]<a href=\"https:\/\/dev-web.electrosuisse.ch\/de\/persoenliche-mitgliedschaft\/\" rel=\"noopener noreferrer\">Werden Sie Mitglied und profitieren Sie von einer verg\u00fcnstigten Anmeldegeb\u00fchr.<\/a>[\/vc_column_text]<div class=\"wpb_document_column wpb_content_element\"><div class=\"wpb_wrapper\"><div class=\"document document--pdf\"><a href=\"https:\/\/dev-web.electrosuisse.ch\/wp-content\/uploads\/2025\/07\/Flyer_Veranstaltungen_2025_DE_A5_low.pdf\" target=\"_blank\">Fachveranstaltungen 2025<\/a><\/div><\/div><\/div><div class=\"wpb_document_column wpb_content_element\"><div class=\"wpb_wrapper\"><div class=\"document document--pdf\"><a href=\"https:\/\/dev-web.electrosuisse.ch\/wp-content\/uploads\/2025\/02\/Bildungsangebot_2025_WEB.pdf\" target=\"_blank\">Bildungsangebot 2025<\/a><\/div><\/div><\/div><div class=\"wpb_document_column wpb_content_element\"><div class=\"wpb_wrapper\"><div class=\"document document--pdf\"><a href=\"https:\/\/dev-web.electrosuisse.ch\/wp-content\/uploads\/2025\/07\/Flyer_Veranstaltungen_2026_DE_A5_low.pdf\" target=\"_blank\">Fachveranstaltungen 2026<\/a><\/div><\/div><\/div><div class=\"wpb_document_column wpb_content_element\"><div class=\"wpb_wrapper\"><div class=\"document document--pdf\"><a href=\"https:\/\/dev-web.electrosuisse.ch\/wp-content\/uploads\/2025\/06\/Partnerbroschuere_Portfolio_2026pdf.pdf\" target=\"_blank\">Partner- und Ausstellerbrosch\u00fcre 2026<\/a><\/div><\/div><\/div><div class=\"wpb_events_column wpb_events_column--tagung wpb_content_element\"><div class=\"wpb_wrapper\"><div class=\"fake_accordion\"><div class=\"row\"><div class=\"col-sm-5\"><img decoding=\"async\" src=\"https:\/\/dev-web.electrosuisse.ch\/wp-content\/uploads\/2024\/10\/Betriebselektriker_KeyVisual_585x345.png\" alt=\"Informationstagung f\u00fcr Betriebselektriker\" \/><\/div><div class=\"col-sm-7\"><h3>Informationstagung f\u00fcr Betriebselektriker<\/h3><div class=\"event_details\"><div class=\"event_date\">21. Mai 2026<\/div><div class=\"event_place\">Online<\/div><\/div><div class=\"button button--normal button--no-margin\"><a href=\"https:\/\/shop.electrosuisse.ch\/de\/Informationstagung-fuer-Betriebselektriker-466359.html?courseNo=466381\">Zur Anmeldung<\/a><\/div><div class=\"button button--ghost\"><a href=\"https:\/\/dev-web.electrosuisse.ch\/de\/tagung\/informationstagung-fuer-betriebselektriker\/\">Weitere Infos<\/a><\/div><\/div><\/div><\/div><div class=\"fake_accordion\"><div class=\"row\"><div class=\"col-sm-5\"><img decoding=\"async\" src=\"https:\/\/dev-web.electrosuisse.ch\/wp-content\/uploads\/2025\/06\/netzelektriker_2_585x345.png\" alt=\"Netzelektrikertag 2026\" \/><\/div><div class=\"col-sm-7\"><h3>Netzelektrikertag 2026<\/h3><div class=\"event_details\"><div class=\"event_date\">2. Juni 2026<\/div><div class=\"event_place\">Altes Spital - Solothurn<\/div><\/div><div class=\"button button--normal button--no-margin\"><a href=\"https:\/\/shop.electrosuisse.ch\/de\/Netzelektrikertag-466386.html?courseNo=466387\">Zur Anmeldung<\/a><\/div><div class=\"button button--ghost\"><a href=\"https:\/\/dev-web.electrosuisse.ch\/de\/tagung\/netzelektrikertag\/\">Weitere Infos<\/a><\/div><\/div><\/div><\/div><div class=\"fake_accordion\"><div class=\"row\"><div class=\"col-sm-5\"><img decoding=\"async\" src=\"https:\/\/dev-web.electrosuisse.ch\/wp-content\/uploads\/2025\/02\/elektroplanertag-2025-585x345-1.png\" alt=\"ELEKTROPLANERTAG 2026\" \/><\/div><div class=\"col-sm-7\"><h3>ELEKTROPLANERTAG 2026<\/h3><div class=\"event_details\"><div class=\"event_date\">25. Juni 2026<\/div><div class=\"event_place\">Baden - Trafo<\/div><\/div><div class=\"button button--normal button--no-margin\"><a href=\"https:\/\/shop.electrosuisse.ch\/de\/ELEKTROPLANERTAG---2026-461876.html\">Zur Anmeldung<\/a><\/div><div class=\"button button--ghost\"><a href=\"https:\/\/dev-web.electrosuisse.ch\/de\/tagung\/elektroplanertag\/\">Weitere Infos<\/a><\/div><\/div><\/div><\/div><div class=\"fake_accordion\"><div class=\"row\"><div class=\"col-sm-5\"><img decoding=\"async\" src=\"https:\/\/dev-web.electrosuisse.ch\/wp-content\/uploads\/2021\/07\/IHAT_585x345px-585x345.jpg\" alt=\"Instandhaltungstagung\" \/><\/div><div class=\"col-sm-7\"><h3>Instandhaltungstagung<\/h3><div class=\"event_details\"><div class=\"event_date\">ab 3. September 2026<\/div><div class=\"event_place\">Bern - Kreuz, Pratteln - Courtyard by Marriott Basel, Regensdorf - M\u00f6venpick<\/div><\/div><div class=\"button button--normal button--no-margin\"><a href=\"https:\/\/shop.electrosuisse.ch\/de\/Instandhaltungstagung-467117.html?courseNo=467129\">Zur Anmeldung<\/a><\/div><div class=\"button button--ghost\"><a href=\"https:\/\/dev-web.electrosuisse.ch\/de\/tagung\/instandhaltungstagung\/\">Weitere Infos<\/a><\/div><\/div><\/div><\/div><div class=\"fake_accordion\"><div class=\"row\"><div class=\"col-sm-5\"><img decoding=\"async\" src=\"https:\/\/dev-web.electrosuisse.ch\/wp-content\/uploads\/2025\/06\/schaltanlagen-praktikertag-585x345-1.png\" alt=\"Schaltanlagen-Praktikertag\" \/><\/div><div class=\"col-sm-7\"><h3>Schaltanlagen-Praktikertag<\/h3><div class=\"event_details\"><div class=\"event_date\">16. September 2026<\/div><div class=\"event_place\">Aarau \u2013 Kultur- und Kongresshaus<\/div><\/div><div class=\"button button--normal button--no-margin\"><a href=\"https:\/\/shop.electrosuisse.ch\/de\/Schaltanlagen-Praktikertag-468284.html?courseNo=468285\">Zur Anmeldung<\/a><\/div><div class=\"button button--ghost\"><a href=\"https:\/\/dev-web.electrosuisse.ch\/de\/tagung\/schaltanlagen-praktikertag\/\">Weitere Infos<\/a><\/div><\/div><\/div><\/div><\/div><\/div>[\/vc_column][\/vc_row]<\/p>\n<\/div>","protected":false},"excerpt":{"rendered":"<p>[vc_row][vc_column][vc_column_text el_class=&#8221;lead&#8221;]Referenten aus der Elektrobranche sowie Fachexperten aus dem Forschungsumfeld vermitteln an den Electrosuisse Tagungen fundierte Fachinformationen und regen zu spannenden Diskussionen an. Unsere Fachtagungen sind die geeignete Plattform f\u00fcr Meinungsbildung und Erfahrungsaustausch.[\/vc_column_text][vc_column_text el_class=&#8221;lead&#8221;]Werden Sie Mitglied und profitieren Sie von einer verg\u00fcnstigten Anmeldegeb\u00fchr.[\/vc_column_text][\/vc_column][\/vc_row]<\/p>\n","protected":false},"author":6,"featured_media":0,"parent":0,"menu_order":339,"comment_status":"closed","ping_status":"closed","template":"","meta":{"_acf_changed":false,"footnotes":""},"class_list":["post-12124","page","type-page","status-publish","hentry"],"acf":[],"yoast_head":"<!-- This site is optimized with the Yoast SEO Premium plugin v25.1 (Yoast SEO v25.1) - https:\/\/yoast.com\/wordpress\/plugins\/seo\/ -->\n<title>Electrosuisse Tagungen: Wissen und Austausch f\u00f6rdern<\/title>\n<meta name=\"description\" content=\"Erfahren Sie mehr \u00fcber die Electrosuisse Tagungen und den Austausch von Fachinformationen in der Elektrobranche.\" \/>\n<meta name=\"robots\" content=\"noindex, follow, max-snippet:-1, max-image-preview:large, max-video-preview:-1\" \/>\n<meta property=\"og:locale\" content=\"de_DE\" \/>\n<meta property=\"og:type\" content=\"article\" \/>\n<meta property=\"og:title\" content=\"Electrosuisse Tagungen: Wissen und Austausch f\u00f6rdern\" \/>\n<meta property=\"og:description\" content=\"Erfahren Sie mehr \u00fcber die Electrosuisse Tagungen und den Austausch von Fachinformationen in der Elektrobranche.\" \/>\n<meta property=\"og:url\" content=\"https:\/\/dev-web.electrosuisse.ch\/de\/alle-tagungen\/\" \/>\n<meta property=\"og:site_name\" content=\"Electrosuisse\" \/>\n<meta property=\"article:modified_time\" content=\"2025-07-04T06:15:07+00:00\" \/>\n<meta property=\"og:image\" content=\"https:\/\/dev-web.electrosuisse.ch\/wp-content\/uploads\/2020\/03\/SwissLightingForum_1660x585-1.jpg\" \/>\n\t<meta property=\"og:image:width\" content=\"1578\" \/>\n\t<meta property=\"og:image:height\" content=\"650\" \/>\n\t<meta property=\"og:image:type\" content=\"image\/jpeg\" \/>\n<script type=\"application\/ld+json\" class=\"yoast-schema-graph\">{\"@context\":\"https:\/\/schema.org\",\"@graph\":[{\"@type\":\"WebPage\",\"@id\":\"https:\/\/dev-web.electrosuisse.ch\/de\/alle-tagungen\/\",\"url\":\"https:\/\/dev-web.electrosuisse.ch\/de\/alle-tagungen\/\",\"name\":\"Electrosuisse Tagungen: Wissen und Austausch f\u00f6rdern\",\"isPartOf\":{\"@id\":\"https:\/\/dev-web.electrosuisse.ch\/de\/#website\"},\"datePublished\":\"2020-05-19T09:27:25+00:00\",\"dateModified\":\"2025-07-04T06:15:07+00:00\",\"description\":\"Erfahren Sie mehr \u00fcber die Electrosuisse Tagungen und den Austausch von Fachinformationen in der Elektrobranche.\",\"inLanguage\":\"de\",\"potentialAction\":[{\"@type\":\"ReadAction\",\"target\":[\"https:\/\/dev-web.electrosuisse.ch\/de\/alle-tagungen\/\"]}]},{\"@type\":\"WebSite\",\"@id\":\"https:\/\/dev-web.electrosuisse.ch\/de\/#website\",\"url\":\"https:\/\/dev-web.electrosuisse.ch\/de\/\",\"name\":\"Electrosuisse\",\"description\":\"\",\"publisher\":{\"@id\":\"https:\/\/dev-web.electrosuisse.ch\/de\/#organization\"},\"potentialAction\":[{\"@type\":\"SearchAction\",\"target\":{\"@type\":\"EntryPoint\",\"urlTemplate\":\"https:\/\/dev-web.electrosuisse.ch\/de\/?s={search_term_string}\"},\"query-input\":{\"@type\":\"PropertyValueSpecification\",\"valueRequired\":true,\"valueName\":\"search_term_string\"}}],\"inLanguage\":\"de\"},{\"@type\":\"Organization\",\"@id\":\"https:\/\/dev-web.electrosuisse.ch\/de\/#organization\",\"name\":\"Electrosuisse\",\"url\":\"https:\/\/dev-web.electrosuisse.ch\/de\/\",\"logo\":{\"@type\":\"ImageObject\",\"inLanguage\":\"de\",\"@id\":\"https:\/\/dev-web.electrosuisse.ch\/de\/#\/schema\/logo\/image\/\",\"url\":\"https:\/\/dev-web.electrosuisse.ch\/wp-content\/uploads\/2025\/04\/Electrosuisse_Logo_696x696.png\",\"contentUrl\":\"https:\/\/dev-web.electrosuisse.ch\/wp-content\/uploads\/2025\/04\/Electrosuisse_Logo_696x696.png\",\"width\":696,\"height\":696,\"caption\":\"Electrosuisse\"},\"image\":{\"@id\":\"https:\/\/dev-web.electrosuisse.ch\/de\/#\/schema\/logo\/image\/\"},\"sameAs\":[\"https:\/\/www.linkedin.com\/company\/electrosuisse-ag\/posts\/?feedView=all\",\"https:\/\/www.instagram.com\/electrosuisse1889\/\",\"https:\/\/www.youtube.com\/channel\/UCoOxohMiVE0Gjcdis1L09zw\"],\"description\":\"Electrosuisse ist eine anerkannte und unabh\u00e4ngige Fachorganisation, die erstklassige Dienstleistungen und Produkte in den Bereichen Inspektion, Beratung, Pr\u00fcfung, Zertifizierung, Normung und Weiterbildung anbietet. Unsere Expertise umfasst Elektrotechnik, Elektromobilit\u00e4t, Energieberatung, Geb\u00e4udeautomation und Photovoltaik in der Schweiz. Durch die Veranstaltung etablierter Branchen-Events und Fachtagungen f\u00f6rdert Electrosuisse den Wissenstransfer und den fachlichen Austausch. Im Mittelpunkt unserer T\u00e4tigkeiten steht die F\u00f6rderung der sicheren, wirtschaftlichen und umweltgerechten Anwendung der Elektrotechnik.\"}]}<\/script>\n<!-- \/ Yoast SEO Premium plugin. -->","yoast_head_json":{"title":"Electrosuisse Tagungen: Wissen und Austausch f\u00f6rdern","description":"Erfahren Sie mehr \u00fcber die Electrosuisse Tagungen und den Austausch von Fachinformationen in der Elektrobranche.","robots":{"index":"noindex","follow":"follow","max-snippet":"max-snippet:-1","max-image-preview":"max-image-preview:large","max-video-preview":"max-video-preview:-1"},"og_locale":"de_DE","og_type":"article","og_title":"Electrosuisse Tagungen: Wissen und Austausch f\u00f6rdern","og_description":"Erfahren Sie mehr \u00fcber die Electrosuisse Tagungen und den Austausch von Fachinformationen in der Elektrobranche.","og_url":"https:\/\/dev-web.electrosuisse.ch\/de\/alle-tagungen\/","og_site_name":"Electrosuisse","article_modified_time":"2025-07-04T06:15:07+00:00","og_image":[{"width":1578,"height":650,"url":"https:\/\/dev-web.electrosuisse.ch\/wp-content\/uploads\/2020\/03\/SwissLightingForum_1660x585-1.jpg","type":"image\/jpeg"}],"schema":{"@context":"https:\/\/schema.org","@graph":[{"@type":"WebPage","@id":"https:\/\/dev-web.electrosuisse.ch\/de\/alle-tagungen\/","url":"https:\/\/dev-web.electrosuisse.ch\/de\/alle-tagungen\/","name":"Electrosuisse Tagungen: Wissen und Austausch f\u00f6rdern","isPartOf":{"@id":"https:\/\/dev-web.electrosuisse.ch\/de\/#website"},"datePublished":"2020-05-19T09:27:25+00:00","dateModified":"2025-07-04T06:15:07+00:00","description":"Erfahren Sie mehr \u00fcber die Electrosuisse Tagungen und den Austausch von Fachinformationen in der Elektrobranche.","inLanguage":"de","potentialAction":[{"@type":"ReadAction","target":["https:\/\/dev-web.electrosuisse.ch\/de\/alle-tagungen\/"]}]},{"@type":"WebSite","@id":"https:\/\/dev-web.electrosuisse.ch\/de\/#website","url":"https:\/\/dev-web.electrosuisse.ch\/de\/","name":"Electrosuisse","description":"","publisher":{"@id":"https:\/\/dev-web.electrosuisse.ch\/de\/#organization"},"potentialAction":[{"@type":"SearchAction","target":{"@type":"EntryPoint","urlTemplate":"https:\/\/dev-web.electrosuisse.ch\/de\/?s={search_term_string}"},"query-input":{"@type":"PropertyValueSpecification","valueRequired":true,"valueName":"search_term_string"}}],"inLanguage":"de"},{"@type":"Organization","@id":"https:\/\/dev-web.electrosuisse.ch\/de\/#organization","name":"Electrosuisse","url":"https:\/\/dev-web.electrosuisse.ch\/de\/","logo":{"@type":"ImageObject","inLanguage":"de","@id":"https:\/\/dev-web.electrosuisse.ch\/de\/#\/schema\/logo\/image\/","url":"https:\/\/dev-web.electrosuisse.ch\/wp-content\/uploads\/2025\/04\/Electrosuisse_Logo_696x696.png","contentUrl":"https:\/\/dev-web.electrosuisse.ch\/wp-content\/uploads\/2025\/04\/Electrosuisse_Logo_696x696.png","width":696,"height":696,"caption":"Electrosuisse"},"image":{"@id":"https:\/\/dev-web.electrosuisse.ch\/de\/#\/schema\/logo\/image\/"},"sameAs":["https:\/\/www.linkedin.com\/company\/electrosuisse-ag\/posts\/?feedView=all","https:\/\/www.instagram.com\/electrosuisse1889\/","https:\/\/www.youtube.com\/channel\/UCoOxohMiVE0Gjcdis1L09zw"],"description":"Electrosuisse ist eine anerkannte und unabh\u00e4ngige Fachorganisation, die erstklassige Dienstleistungen und Produkte in den Bereichen Inspektion, Beratung, Pr\u00fcfung, Zertifizierung, Normung und Weiterbildung anbietet. Unsere Expertise umfasst Elektrotechnik, Elektromobilit\u00e4t, Energieberatung, Geb\u00e4udeautomation und Photovoltaik in der Schweiz. Durch die Veranstaltung etablierter Branchen-Events und Fachtagungen f\u00f6rdert Electrosuisse den Wissenstransfer und den fachlichen Austausch. Im Mittelpunkt unserer T\u00e4tigkeiten steht die F\u00f6rderung der sicheren, wirtschaftlichen und umweltgerechten Anwendung der Elektrotechnik."}]}},"_links":{"self":[{"href":"https:\/\/dev-web.electrosuisse.ch\/de\/wp-json\/wp\/v2\/pages\/12124","targetHints":{"allow":["GET"]}}],"collection":[{"href":"https:\/\/dev-web.electrosuisse.ch\/de\/wp-json\/wp\/v2\/pages"}],"about":[{"href":"https:\/\/dev-web.electrosuisse.ch\/de\/wp-json\/wp\/v2\/types\/page"}],"author":[{"embeddable":true,"href":"https:\/\/dev-web.electrosuisse.ch\/de\/wp-json\/wp\/v2\/users\/6"}],"replies":[{"embeddable":true,"href":"https:\/\/dev-web.electrosuisse.ch\/de\/wp-json\/wp\/v2\/comments?post=12124"}],"version-history":[{"count":22,"href":"https:\/\/dev-web.electrosuisse.ch\/de\/wp-json\/wp\/v2\/pages\/12124\/revisions"}],"predecessor-version":[{"id":39448,"href":"https:\/\/dev-web.electrosuisse.ch\/de\/wp-json\/wp\/v2\/pages\/12124\/revisions\/39448"}],"wp:attachment":[{"href":"https:\/\/dev-web.electrosuisse.ch\/de\/wp-json\/wp\/v2\/media?parent=12124"}],"curies":[{"name":"wp","href":"https:\/\/api.w.org\/{rel}","templated":true}]}}